{"id":5649,"date":"2021-10-08T14:31:00","date_gmt":"2021-10-08T12:31:00","guid":{"rendered":"https:\/\/rotary.fi\/d1385\/?page_id=5649"},"modified":"2021-10-15T06:29:58","modified_gmt":"2021-10-15T04:29:58","slug":"nytt-fran-guvernoren-2","status":"publish","type":"page","link":"https:\/\/rotary.fi\/d1385\/ajankohtaista\/nytt-fran-guvernoren-2\/","title":{"rendered":"Nytt fr\u00e5n guvern\u00f6ren"},"content":{"rendered":"<p>[et_pb_section fb_built=&#8221;1&#8243; module_class=&#8221;jumbotron-page&#8221; _builder_version=&#8221;4.9.10&#8243; background_image=&#8221;https:\/\/rotary.fi\/d1385\/wp-content\/uploads\/sites\/193\/2021\/10\/kuvernoorin-uutiset-3.jpg&#8221; background_position=&#8221;center_right&#8221; custom_padding=&#8221;79px|||||&#8221;][et_pb_row module_class=&#8221; et_pb_row_fullwidth&#8221; _builder_version=&#8221;3.25&#8243; width=&#8221;89%&#8221; width_tablet=&#8221;80%&#8221; width_phone=&#8221;&#8221; width_last_edited=&#8221;on|desktop&#8221; max_width=&#8221;89%&#8221; max_width_tablet=&#8221;80%&#8221; max_width_phone=&#8221;&#8221; max_width_last_edited=&#8221;on|desktop&#8221; make_fullwidth=&#8221;on&#8221;][et_pb_column type=&#8221;4_4&#8243; _builder_version=&#8221;3.25&#8243; custom_padding=&#8221;|||&#8221; custom_padding__hover=&#8221;|||&#8221;][et_pb_text admin_label=&#8221;Kuvern\u00f6\u00f6rin uutiset -otsikko&#8221; _builder_version=&#8221;4.9.10&#8243; text_orientation=&#8221;center&#8221; background_layout=&#8221;dark&#8221;]<\/p>\n<h1 style=\"text-align: center\">Nytt fr\u00e5n guvern\u00f6ren<\/h1>\n<p>[\/et_pb_text][\/et_pb_column][\/et_pb_row][\/et_pb_section][et_pb_section fb_built=&#8221;1&#8243; module_class=&#8221;sisaltoalue_perus&#8221; _builder_version=&#8221;3.22&#8243; background_size=&#8221;initial&#8221; background_position=&#8221;top_left&#8221; background_repeat=&#8221;repeat&#8221; min_height=&#8221;888px&#8221;][et_pb_row _builder_version=&#8221;4.4.8&#8243; custom_padding=&#8221;||0px|||&#8221;][et_pb_column type=&#8221;4_4&#8243; _builder_version=&#8221;4.4.8&#8243;][\/et_pb_column][\/et_pb_row][et_pb_row custom_padding_last_edited=&#8221;on|phone&#8221; _builder_version=&#8221;4.4.8&#8243; min_height=&#8221;466px&#8221; custom_padding=&#8221;0px|0px|7px|0px||&#8221; custom_padding_tablet=&#8221;&#8221; custom_padding_phone=&#8221;&#8221;][et_pb_column type=&#8221;4_4&#8243; _builder_version=&#8221;3.25&#8243; custom_padding=&#8221;|||&#8221; custom_padding__hover=&#8221;|||&#8221;][et_pb_text _builder_version=&#8221;4.9.10&#8243; custom_padding=&#8221;0px||0px|||&#8221; inline_fonts=&#8221;Archivo,Acme,Syne Mono,Bitter,Cairo&#8221;]<\/p>\n<h5><a href=\"https:\/\/sites.google.com\/rotaryd1385.org\/dg-kirjeet-brev\/kirjeet-brev\" target=\"_blank\" rel=\"noopener\">Guvern\u00f6rens m\u00e5nadsbrev\u00a0 2021-2022 p\u00e5 distriktets intran\u00e4t<\/a><\/h5>\n<p>&nbsp;<\/p>\n<p>&nbsp;<\/p>\n<ul>\n<li>\n<h5><a href=\"https:\/\/sites.google.com\/rotaryd1385.org\/dg-kirjeet-brev\/kirjeet-brev\/q1-syyskuu-september\" target=\"_blank\" rel=\"noopener\">\u00a0Guvern\u00f6rens m\u00e5nadsbrev September 2021<\/a><\/h5>\n<\/li>\n<li>\n<h5><a href=\"https:\/\/sites.google.com\/rotaryd1385.org\/dg-kirjeet-brev\/kirjeet-brev\/10-lokakuu-oktober\" target=\"_blank\" rel=\"noopener\">\u00a0Guvern\u00f6rens m\u00e5nadsbrev Oktober 2021<\/a><\/h5>\n<\/li>\n<\/ul>\n<p>[\/et_pb_text][et_pb_text _builder_version=&#8221;4.9.10&#8243; _module_preset=&#8221;default&#8221; custom_margin=&#8221;50px||60px||false|false&#8221; hover_enabled=&#8221;0&#8243; sticky_enabled=&#8221;0&#8243;]<\/p>\n<h5>Guvern\u00f6rens m\u00e5nadsbrev s\u00e4song 2020 &#8211; 2021<\/h5>\n<p>[\/et_pb_text][et_pb_text _builder_version=&#8221;4.9.10&#8243; _module_preset=&#8221;default&#8221; hover_enabled=&#8221;0&#8243; sticky_enabled=&#8221;0&#8243;]<\/p>\n<p><strong>Om du inte f\u00e5tt m\u00e5nadsbrevet till din e-post<\/strong> kan det bero p\u00e5 att din adress<br \/>saknas p\u00e5 v\u00e5r postningslista, eller att adressen \u00e4r felaktig.<br \/>Ibland kan det ocks\u00e5 h\u00e4nda, att meddelanden av olika orsaker styrs till din<br \/>skr\u00e4pkorg. Kolla allts\u00e5 den mappen f\u00f6rst. N\u00e4r du flyttar meddelandet till<br \/>\u201dNormalt\u201d, \u201dAlla meddelanden\u201d eller \u201dInkorg\u201d (namnet beror p\u00e5 vilket system du<br \/>har) borde meddelandet komma in utan problem n\u00e4sta g\u00e5ng.<br \/>Problemet kan ocks\u00e5 bero p\u00e5 att servern f\u00f6r din jobbadress blockerar dylika<br \/>meddelanden eller att din inbox \u00e4r full. Av den orsaken \u00e4r det sk\u00e4l att skaffa<br \/>ocks\u00e5 en privat e-postadress, t.ex. gmail. H\u00e4r <a href=\"https:\/\/support.google.com\/mail\/answer\/56256?hl=sv\" target=\"_blank\" rel=\"noopener\">instruktionerna.<\/a><\/p>\n<p>[\/et_pb_text][\/et_pb_column][\/et_pb_row][\/et_pb_section]<\/p>\n","protected":false},"excerpt":{"rendered":"<p>Nytt fr\u00e5n guvern\u00f6renGuvern\u00f6rens m\u00e5nadsbrev\u00a0 2021-2022 p\u00e5 distriktets intran\u00e4t &nbsp; &nbsp; \u00a0Guvern\u00f6rens m\u00e5nadsbrev September 2021 \u00a0Guvern\u00f6rens m\u00e5nadsbrev Oktober 2021 Guvern\u00f6rens m\u00e5nadsbrev s\u00e4song 2020 &#8211; 2021Om du inte f\u00e5tt m\u00e5nadsbrevet till din e-post kan det bero p\u00e5 att din adresssaknas p\u00e5 v\u00e5r postningslista, eller att adressen \u00e4r felaktig.Ibland kan det ocks\u00e5 h\u00e4nda, att meddelanden av olika orsaker [&hellip;]<\/p>\n","protected":false},"author":16,"featured_media":0,"parent":676,"menu_order":1,"comment_status":"closed","ping_status":"closed","template":"","meta":{"_acf_changed":false,"_et_pb_use_builder":"on","_et_pb_old_content":"","_et_gb_content_width":"","footnotes":""},"class_list":["post-5649","page","type-page","status-publish","hentry"],"acf":[],"yoast_head":"<!-- This site is optimized with the Yoast SEO plugin v27.4 - https:\/\/yoast.com\/product\/yoast-seo-wordpress\/ -->\n<title>Nytt fr\u00e5n guvern\u00f6ren - Piiri 1385<\/title>\n<meta name=\"robots\" content=\"index, follow, max-snippet:-1, max-image-preview:large, max-video-preview:-1\" \/>\n<link rel=\"canonical\" href=\"https:\/\/rotary.fi\/d1385\/ajankohtaista\/nytt-fran-guvernoren-2\/\" \/>\n<meta property=\"og:locale\" content=\"fi_FI\" \/>\n<meta property=\"og:type\" content=\"article\" \/>\n<meta property=\"og:title\" content=\"Nytt fr\u00e5n guvern\u00f6ren - Piiri 1385\" \/>\n<meta property=\"og:description\" content=\"Nytt fr\u00e5n guvern\u00f6renGuvern\u00f6rens m\u00e5nadsbrev\u00a0 2021-2022 p\u00e5 distriktets intran\u00e4t &nbsp; &nbsp; \u00a0Guvern\u00f6rens m\u00e5nadsbrev September 2021 \u00a0Guvern\u00f6rens m\u00e5nadsbrev Oktober 2021 Guvern\u00f6rens m\u00e5nadsbrev s\u00e4song 2020 - 2021Om du inte f\u00e5tt m\u00e5nadsbrevet till din e-post kan det bero p\u00e5 att din adresssaknas p\u00e5 v\u00e5r postningslista, eller att adressen \u00e4r felaktig.Ibland kan det ocks\u00e5 h\u00e4nda, att meddelanden av olika orsaker [&hellip;]\" \/>\n<meta property=\"og:url\" content=\"https:\/\/rotary.fi\/d1385\/ajankohtaista\/nytt-fran-guvernoren-2\/\" \/>\n<meta property=\"og:site_name\" content=\"Piiri 1385\" \/>\n<meta property=\"article:publisher\" content=\"https:\/\/www.facebook.com\/rotary\/\" \/>\n<meta property=\"article:modified_time\" content=\"2021-10-15T04:29:58+00:00\" \/>\n<meta name=\"twitter:card\" content=\"summary_large_image\" \/>\n<meta name=\"twitter:label1\" content=\"Arvioitu lukuaika\" \/>\n\t<meta name=\"twitter:data1\" content=\"1 minuutti\" \/>\n<script type=\"application\/ld+json\" class=\"yoast-schema-graph\">{\"@context\":\"https:\\\/\\\/schema.org\",\"@graph\":[{\"@type\":\"WebPage\",\"@id\":\"https:\\\/\\\/rotary.fi\\\/d1385\\\/ajankohtaista\\\/nytt-fran-guvernoren-2\\\/\",\"url\":\"https:\\\/\\\/rotary.fi\\\/d1385\\\/ajankohtaista\\\/nytt-fran-guvernoren-2\\\/\",\"name\":\"Nytt fr\u00e5n guvern\u00f6ren - Piiri 1385\",\"isPartOf\":{\"@id\":\"https:\\\/\\\/rotary.fi\\\/d1385\\\/#website\"},\"datePublished\":\"2021-10-08T12:31:00+00:00\",\"dateModified\":\"2021-10-15T04:29:58+00:00\",\"breadcrumb\":{\"@id\":\"https:\\\/\\\/rotary.fi\\\/d1385\\\/ajankohtaista\\\/nytt-fran-guvernoren-2\\\/#breadcrumb\"},\"inLanguage\":\"fi\",\"potentialAction\":[{\"@type\":\"ReadAction\",\"target\":[\"https:\\\/\\\/rotary.fi\\\/d1385\\\/ajankohtaista\\\/nytt-fran-guvernoren-2\\\/\"]}]},{\"@type\":\"BreadcrumbList\",\"@id\":\"https:\\\/\\\/rotary.fi\\\/d1385\\\/ajankohtaista\\\/nytt-fran-guvernoren-2\\\/#breadcrumb\",\"itemListElement\":[{\"@type\":\"ListItem\",\"position\":1,\"name\":\"Home\",\"item\":\"https:\\\/\\\/rotary.fi\\\/d1385\\\/\"},{\"@type\":\"ListItem\",\"position\":2,\"name\":\"Ajankohtaista\",\"item\":\"https:\\\/\\\/rotary.fi\\\/d1385\\\/ajankohtaista\\\/\"},{\"@type\":\"ListItem\",\"position\":3,\"name\":\"Nytt fr\u00e5n guvern\u00f6ren\"}]},{\"@type\":\"WebSite\",\"@id\":\"https:\\\/\\\/rotary.fi\\\/d1385\\\/#website\",\"url\":\"https:\\\/\\\/rotary.fi\\\/d1385\\\/\",\"name\":\"Piiri 1385\",\"description\":\"Suomen Rotary\",\"potentialAction\":[{\"@type\":\"SearchAction\",\"target\":{\"@type\":\"EntryPoint\",\"urlTemplate\":\"https:\\\/\\\/rotary.fi\\\/d1385\\\/?s={search_term_string}\"},\"query-input\":{\"@type\":\"PropertyValueSpecification\",\"valueRequired\":true,\"valueName\":\"search_term_string\"}}],\"inLanguage\":\"fi\"}]}<\/script>\n<!-- \/ Yoast SEO plugin. -->","yoast_head_json":{"title":"Nytt fr\u00e5n guvern\u00f6ren - Piiri 1385","robots":{"index":"index","follow":"follow","max-snippet":"max-snippet:-1","max-image-preview":"max-image-preview:large","max-video-preview":"max-video-preview:-1"},"canonical":"https:\/\/rotary.fi\/d1385\/ajankohtaista\/nytt-fran-guvernoren-2\/","og_locale":"fi_FI","og_type":"article","og_title":"Nytt fr\u00e5n guvern\u00f6ren - Piiri 1385","og_description":"Nytt fr\u00e5n guvern\u00f6renGuvern\u00f6rens m\u00e5nadsbrev\u00a0 2021-2022 p\u00e5 distriktets intran\u00e4t &nbsp; &nbsp; \u00a0Guvern\u00f6rens m\u00e5nadsbrev September 2021 \u00a0Guvern\u00f6rens m\u00e5nadsbrev Oktober 2021 Guvern\u00f6rens m\u00e5nadsbrev s\u00e4song 2020 - 2021Om du inte f\u00e5tt m\u00e5nadsbrevet till din e-post kan det bero p\u00e5 att din adresssaknas p\u00e5 v\u00e5r postningslista, eller att adressen \u00e4r felaktig.Ibland kan det ocks\u00e5 h\u00e4nda, att meddelanden av olika orsaker [&hellip;]","og_url":"https:\/\/rotary.fi\/d1385\/ajankohtaista\/nytt-fran-guvernoren-2\/","og_site_name":"Piiri 1385","article_publisher":"https:\/\/www.facebook.com\/rotary\/","article_modified_time":"2021-10-15T04:29:58+00:00","twitter_card":"summary_large_image","twitter_misc":{"Arvioitu lukuaika":"1 minuutti"},"schema":{"@context":"https:\/\/schema.org","@graph":[{"@type":"WebPage","@id":"https:\/\/rotary.fi\/d1385\/ajankohtaista\/nytt-fran-guvernoren-2\/","url":"https:\/\/rotary.fi\/d1385\/ajankohtaista\/nytt-fran-guvernoren-2\/","name":"Nytt fr\u00e5n guvern\u00f6ren - Piiri 1385","isPartOf":{"@id":"https:\/\/rotary.fi\/d1385\/#website"},"datePublished":"2021-10-08T12:31:00+00:00","dateModified":"2021-10-15T04:29:58+00:00","breadcrumb":{"@id":"https:\/\/rotary.fi\/d1385\/ajankohtaista\/nytt-fran-guvernoren-2\/#breadcrumb"},"inLanguage":"fi","potentialAction":[{"@type":"ReadAction","target":["https:\/\/rotary.fi\/d1385\/ajankohtaista\/nytt-fran-guvernoren-2\/"]}]},{"@type":"BreadcrumbList","@id":"https:\/\/rotary.fi\/d1385\/ajankohtaista\/nytt-fran-guvernoren-2\/#breadcrumb","itemListElement":[{"@type":"ListItem","position":1,"name":"Home","item":"https:\/\/rotary.fi\/d1385\/"},{"@type":"ListItem","position":2,"name":"Ajankohtaista","item":"https:\/\/rotary.fi\/d1385\/ajankohtaista\/"},{"@type":"ListItem","position":3,"name":"Nytt fr\u00e5n guvern\u00f6ren"}]},{"@type":"WebSite","@id":"https:\/\/rotary.fi\/d1385\/#website","url":"https:\/\/rotary.fi\/d1385\/","name":"Piiri 1385","description":"Suomen Rotary","potentialAction":[{"@type":"SearchAction","target":{"@type":"EntryPoint","urlTemplate":"https:\/\/rotary.fi\/d1385\/?s={search_term_string}"},"query-input":{"@type":"PropertyValueSpecification","valueRequired":true,"valueName":"search_term_string"}}],"inLanguage":"fi"}]}},"lang":"fi","translations":{"fi":5649},"pll_sync_post":[],"_links":{"self":[{"href":"https:\/\/rotary.fi\/d1385\/wp-json\/wp\/v2\/pages\/5649","targetHints":{"allow":["GET"]}}],"collection":[{"href":"https:\/\/rotary.fi\/d1385\/wp-json\/wp\/v2\/pages"}],"about":[{"href":"https:\/\/rotary.fi\/d1385\/wp-json\/wp\/v2\/types\/page"}],"author":[{"embeddable":true,"href":"https:\/\/rotary.fi\/d1385\/wp-json\/wp\/v2\/users\/16"}],"replies":[{"embeddable":true,"href":"https:\/\/rotary.fi\/d1385\/wp-json\/wp\/v2\/comments?post=5649"}],"version-history":[{"count":8,"href":"https:\/\/rotary.fi\/d1385\/wp-json\/wp\/v2\/pages\/5649\/revisions"}],"predecessor-version":[{"id":5688,"href":"https:\/\/rotary.fi\/d1385\/wp-json\/wp\/v2\/pages\/5649\/revisions\/5688"}],"up":[{"embeddable":true,"href":"https:\/\/rotary.fi\/d1385\/wp-json\/wp\/v2\/pages\/676"}],"wp:attachment":[{"href":"https:\/\/rotary.fi\/d1385\/wp-json\/wp\/v2\/media?parent=5649"}],"curies":[{"name":"wp","href":"https:\/\/api.w.org\/{rel}","templated":true}]}}