{"id":5546,"date":"2021-10-07T21:27:57","date_gmt":"2021-10-07T19:27:57","guid":{"rendered":"https:\/\/rotary.fi\/d1385\/?page_id=5546"},"modified":"2021-10-09T11:03:09","modified_gmt":"2021-10-09T09:03:09","slug":"edellisten-kausien-kuvernoorikirjeet","status":"publish","type":"page","link":"https:\/\/rotary.fi\/d1385\/edellisten-kausien-kuvernoorikirjeet\/","title":{"rendered":"Kauden 2020-21 Kuvern\u00f6\u00f6rikirjeet"},"content":{"rendered":"<p>[et_pb_section fb_built=&#8221;1&#8243; module_class=&#8221;jumbotron-page&#8221; _builder_version=&#8221;4.9.10&#8243; background_image=&#8221;https:\/\/rotary.fi\/d1385\/wp-content\/uploads\/sites\/193\/2021\/10\/rattaat.jpg&#8221;][et_pb_row module_class=&#8221; et_pb_row_fullwidth&#8221; _builder_version=&#8221;3.25&#8243; width=&#8221;89%&#8221; width_tablet=&#8221;80%&#8221; width_phone=&#8221;&#8221; width_last_edited=&#8221;on|desktop&#8221; max_width=&#8221;89%&#8221; max_width_tablet=&#8221;80%&#8221; max_width_phone=&#8221;&#8221; max_width_last_edited=&#8221;on|desktop&#8221; make_fullwidth=&#8221;on&#8221;][et_pb_column type=&#8221;4_4&#8243; _builder_version=&#8221;3.25&#8243; custom_padding=&#8221;|||&#8221; custom_padding__hover=&#8221;|||&#8221;][et_pb_text admin_label=&#8221;Edellisten kausien kuvern\u00f6\u00f6rikirjeet -otsikko&#8221; _builder_version=&#8221;4.9.10&#8243; text_orientation=&#8221;center&#8221; background_layout=&#8221;dark&#8221; min_height=&#8221;31px&#8221;]<\/p>\n<h1>Edellisten kausien kuvern\u00f6\u00f6rikirjeet<\/h1>\n<p>[\/et_pb_text][\/et_pb_column][\/et_pb_row][\/et_pb_section][et_pb_section fb_built=&#8221;1&#8243; module_class=&#8221;sisaltoalue_perus&#8221; _builder_version=&#8221;3.22.3&#8243; custom_margin=&#8221;||40px|&#8221;][et_pb_row custom_padding_last_edited=&#8221;on|phone&#8221; _builder_version=&#8221;4.9.10&#8243; custom_padding_tablet=&#8221;&#8221; custom_padding_phone=&#8221;&#8221;][et_pb_column type=&#8221;4_4&#8243; _builder_version=&#8221;3.25&#8243; custom_padding=&#8221;|||&#8221; custom_padding__hover=&#8221;|||&#8221;][et_pb_text admin_label=&#8221;2020-21 kuvern\u00f6\u00f6rikirjeet otsikko&#8221; _builder_version=&#8221;4.9.10&#8243; text_orientation=&#8221;center&#8221;]<\/p>\n<h2 style=\"text-align: center\">Kuvern\u00f6\u00f6rikirjeet Kaudella 2020 &#8211; 2021<\/h2>\n<p>&nbsp;<\/p>\n<p><img loading=\"lazy\" decoding=\"async\" class=\"wp-image-5626 size-full aligncenter\" src=\"https:\/\/rotary.fi\/d1385\/wp-content\/uploads\/sites\/193\/2021\/10\/vena-kuukausikirje-logo-2.jpg\" alt=\"\" width=\"657\" height=\"229\" srcset=\"https:\/\/rotary.fi\/d1385\/wp-content\/uploads\/sites\/193\/2021\/10\/vena-kuukausikirje-logo-2.jpg 657w, https:\/\/rotary.fi\/d1385\/wp-content\/uploads\/sites\/193\/2021\/10\/vena-kuukausikirje-logo-2-480x167.jpg 480w\" sizes=\"(min-width: 0px) and (max-width: 480px) 480px, (min-width: 481px) 657px, 100vw\" \/><\/p>\n<p>[\/et_pb_text][\/et_pb_column][\/et_pb_row][et_pb_row column_structure=&#8221;1_2,1_2&#8243; custom_padding_last_edited=&#8221;on|phone&#8221; _builder_version=&#8221;4.9.10&#8243; custom_padding_tablet=&#8221;&#8221; custom_padding_phone=&#8221;&#8221;][et_pb_column type=&#8221;1_2&#8243; _builder_version=&#8221;3.25&#8243; custom_padding=&#8221;|||&#8221; custom_padding__hover=&#8221;|||&#8221;][et_pb_text admin_label=&#8221;Teksti&#8221; _builder_version=&#8221;4.9.10&#8243; custom_padding=&#8221;||0px|||&#8221; z_index_tablet=&#8221;500&#8243; text_text_shadow_horizontal_length_tablet=&#8221;0px&#8221; text_text_shadow_vertical_length_tablet=&#8221;0px&#8221; text_text_shadow_blur_strength_tablet=&#8221;1px&#8221; link_text_shadow_horizontal_length_tablet=&#8221;0px&#8221; link_text_shadow_vertical_length_tablet=&#8221;0px&#8221; link_text_shadow_blur_strength_tablet=&#8221;1px&#8221; ul_text_shadow_horizontal_length_tablet=&#8221;0px&#8221; ul_text_shadow_vertical_length_tablet=&#8221;0px&#8221; ul_text_shadow_blur_strength_tablet=&#8221;1px&#8221; ol_text_shadow_horizontal_length_tablet=&#8221;0px&#8221; ol_text_shadow_vertical_length_tablet=&#8221;0px&#8221; ol_text_shadow_blur_strength_tablet=&#8221;1px&#8221; quote_text_shadow_horizontal_length_tablet=&#8221;0px&#8221; quote_text_shadow_vertical_length_tablet=&#8221;0px&#8221; quote_text_shadow_blur_strength_tablet=&#8221;1px&#8221; header_text_shadow_horizontal_length_tablet=&#8221;0px&#8221; header_text_shadow_vertical_length_tablet=&#8221;0px&#8221; header_text_shadow_blur_strength_tablet=&#8221;1px&#8221; header_2_text_shadow_horizontal_length_tablet=&#8221;0px&#8221; header_2_text_shadow_vertical_length_tablet=&#8221;0px&#8221; header_2_text_shadow_blur_strength_tablet=&#8221;1px&#8221; header_3_text_shadow_horizontal_length_tablet=&#8221;0px&#8221; header_3_text_shadow_vertical_length_tablet=&#8221;0px&#8221; header_3_text_shadow_blur_strength_tablet=&#8221;1px&#8221; header_4_text_shadow_horizontal_length_tablet=&#8221;0px&#8221; header_4_text_shadow_vertical_length_tablet=&#8221;0px&#8221; header_4_text_shadow_blur_strength_tablet=&#8221;1px&#8221; header_5_text_shadow_horizontal_length_tablet=&#8221;0px&#8221; header_5_text_shadow_vertical_length_tablet=&#8221;0px&#8221; header_5_text_shadow_blur_strength_tablet=&#8221;1px&#8221; header_6_text_shadow_horizontal_length_tablet=&#8221;0px&#8221; header_6_text_shadow_vertical_length_tablet=&#8221;0px&#8221; header_6_text_shadow_blur_strength_tablet=&#8221;1px&#8221; box_shadow_horizontal_tablet=&#8221;0px&#8221; box_shadow_vertical_tablet=&#8221;0px&#8221; box_shadow_blur_tablet=&#8221;40px&#8221; box_shadow_spread_tablet=&#8221;0px&#8221;]<\/p>\n<ul>\n<li>\n<h5><a href=\"https:\/\/turbiiniryhmoy.cmail19.com\/t\/ViewEmail\/j\/0BAB2E783F3DBF712540EF23F30FEDED\/A84B2432EACB079CA4A88C2FAEAC43DE\" target=\"_blank\" rel=\"noopener\">Hein\u00e4kuu 2020<\/a><\/h5>\n<\/li>\n<li>\n<h5><a href=\"https:\/\/turbiiniryhmoy.cmail20.com\/t\/ViewEmail\/j\/2B99764B8A5C87732540EF23F30FEDED\/2A779F346FDCC486D3AB5F5EEC5F0895\" target=\"_blank\" rel=\"noopener\">Elokuu 2020<\/a><\/h5>\n<\/li>\n<li>\n<h5><a href=\"https:\/\/turbiiniryhmoy.cmail20.com\/t\/ViewEmail\/j\/9816F53B50C5EA902540EF23F30FEDED\/2A779F346FDCC486D3AB5F5EEC5F0895\" target=\"_blank\" rel=\"noopener\">Syyskuu 2020<\/a><\/h5>\n<\/li>\n<li>\n<h5><a href=\"https:\/\/turbiiniryhmoy.cmail20.com\/t\/ViewEmail\/j\/B45DF532E5A4A3AF2540EF23F30FEDED\/A84B2432EACB079CA4A88C2FAEAC43DE\" target=\"_blank\" rel=\"noopener\">Lokakuu 2020\u00a0<\/a><\/h5>\n<\/li>\n<li>\n<h5><a href=\"https:\/\/turbiiniryhmoy.createsend1.com\/t\/ViewEmail\/j\/878FC4DB362268B02540EF23F30FEDED\" target=\"_blank\" rel=\"noopener\">Marraskuu 2020<\/a><\/h5>\n<\/li>\n<li>\n<h5><a href=\"https:\/\/turbiiniryhmoy.createsend1.com\/t\/ViewEmail\/j\/878FC4DB362268B02540EF23F30FEDED\" target=\"_blank\" rel=\"noopener\">Joulukuu 2020<\/a><\/h5>\n<\/li>\n<\/ul>\n<p>[\/et_pb_text][\/et_pb_column][et_pb_column type=&#8221;1_2&#8243; _builder_version=&#8221;3.25&#8243; custom_padding=&#8221;|||&#8221; custom_padding__hover=&#8221;|||&#8221;][et_pb_text _builder_version=&#8221;4.9.10&#8243; _module_preset=&#8221;default&#8221;]<\/p>\n<ul>\n<li>\n<h5><a href=\"https:\/\/turbiiniryhmoy.createsend1.com\/t\/ViewEmail\/j\/1371F680706FFAA92540EF23F30FEDED\" target=\"_blank\" rel=\"noopener\">Tammikuu 2021<\/a><\/h5>\n<\/li>\n<li>\n<h5><a href=\"https:\/\/turbiiniryhmoy.cmail19.com\/t\/ViewEmail\/j\/E982C39DB259A09D2540EF23F30FEDED\/4E7A2EFB2DE2B923A29558A201773426\" target=\"_blank\" rel=\"noopener\">Helmikuu 2021<\/a><\/h5>\n<\/li>\n<li>\n<h5><a href=\"https:\/\/turbiiniryhmoy.createsend1.com\/t\/ViewEmail\/j\/ADCD7949CF636AE82540EF23F30FEDED\/4E7A2EFB2DE2B923A29558A201773426\" target=\"_blank\" rel=\"noopener\">Maalikuu 2021<\/a><\/h5>\n<\/li>\n<li>\n<h5><a href=\"https:\/\/turbiiniryhmoy.createsend1.com\/t\/ViewEmail\/j\/81EEBAAC4BDC317B2540EF23F30FEDED\" target=\"_blank\" rel=\"noopener\">Huhtikuu 2021<\/a><\/h5>\n<\/li>\n<li>\n<h5><a href=\"https:\/\/turbiiniryhmoy.cmail20.com\/t\/ViewEmail\/j\/CC8B619F85DDA0432540EF23F30FEDED\/55C9AFDD25A4EE5C20B193FBA00ED1DB\" target=\"_blank\" rel=\"noopener\">Toukokuu 2021<\/a><\/h5>\n<\/li>\n<li>\n<h5><a href=\"https:\/\/turbiiniryhmoy.createsend1.com\/t\/ViewEmail\/j\/2458913CAB7B67CC2540EF23F30FEDED\" target=\"_blank\" rel=\"noopener\">Kes\u00e4kuu 2021<\/a><\/h5>\n<\/li>\n<\/ul>\n<p>[\/et_pb_text][\/et_pb_column][\/et_pb_row][et_pb_row _builder_version=&#8221;4.9.10&#8243; _module_preset=&#8221;default&#8221;][et_pb_column type=&#8221;4_4&#8243; _builder_version=&#8221;4.9.10&#8243; _module_preset=&#8221;default&#8221;][et_pb_button button_url=&#8221;https:\/\/rotary.fi\/d1385\/ajankohtaista\/kuvernoorin-uutiset\/&#8221; button_text=&#8221;Takaisin&#8221; button_alignment=&#8221;center&#8221; admin_label=&#8221;Takaisin Painike&#8221; _builder_version=&#8221;4.9.10&#8243; _module_preset=&#8221;default&#8221; hover_enabled=&#8221;0&#8243; sticky_enabled=&#8221;0&#8243;][\/et_pb_button][\/et_pb_column][\/et_pb_row][\/et_pb_section]<\/p>\n","protected":false},"excerpt":{"rendered":"<p>Edellisten kausien kuvern\u00f6\u00f6rikirjeetKuvern\u00f6\u00f6rikirjeet Kaudella 2020 &#8211; 2021 &nbsp; Hein\u00e4kuu 2020 Elokuu 2020 Syyskuu 2020 Lokakuu 2020\u00a0 Marraskuu 2020 Joulukuu 2020 Tammikuu 2021 Helmikuu 2021 Maalikuu 2021 Huhtikuu 2021 Toukokuu 2021 Kes\u00e4kuu 2021<\/p>\n","protected":false},"author":16,"featured_media":0,"parent":0,"menu_order":0,"comment_status":"closed","ping_status":"closed","template":"","meta":{"_acf_changed":false,"_et_pb_use_builder":"on","_et_pb_old_content":"","_et_gb_content_width":"","footnotes":""},"class_list":["post-5546","page","type-page","status-publish","hentry"],"acf":[],"yoast_head":"<!-- This site is optimized with the Yoast SEO plugin v27.4 - https:\/\/yoast.com\/product\/yoast-seo-wordpress\/ -->\n<title>Kauden 2020-21 Kuvern\u00f6\u00f6rikirjeet - Piiri 1385<\/title>\n<meta name=\"robots\" content=\"index, follow, max-snippet:-1, max-image-preview:large, max-video-preview:-1\" \/>\n<link rel=\"canonical\" href=\"https:\/\/rotary.fi\/d1385\/edellisten-kausien-kuvernoorikirjeet\/\" \/>\n<meta property=\"og:locale\" content=\"fi_FI\" \/>\n<meta property=\"og:type\" content=\"article\" \/>\n<meta property=\"og:title\" content=\"Kauden 2020-21 Kuvern\u00f6\u00f6rikirjeet - Piiri 1385\" \/>\n<meta property=\"og:description\" content=\"Edellisten kausien kuvern\u00f6\u00f6rikirjeetKuvern\u00f6\u00f6rikirjeet Kaudella 2020 - 2021 &nbsp; Hein\u00e4kuu 2020 Elokuu 2020 Syyskuu 2020 Lokakuu 2020\u00a0 Marraskuu 2020 Joulukuu 2020 Tammikuu 2021 Helmikuu 2021 Maalikuu 2021 Huhtikuu 2021 Toukokuu 2021 Kes\u00e4kuu 2021\" \/>\n<meta property=\"og:url\" content=\"https:\/\/rotary.fi\/d1385\/edellisten-kausien-kuvernoorikirjeet\/\" \/>\n<meta property=\"og:site_name\" content=\"Piiri 1385\" \/>\n<meta property=\"article:publisher\" content=\"https:\/\/www.facebook.com\/rotary\/\" \/>\n<meta property=\"article:modified_time\" content=\"2021-10-09T09:03:09+00:00\" \/>\n<meta property=\"og:image\" content=\"https:\/\/rotary.fi\/d1385\/wp-content\/uploads\/sites\/193\/2021\/10\/vena-kuukausikirje-logo-2.jpg\" \/>\n<meta name=\"twitter:card\" content=\"summary_large_image\" \/>\n<script type=\"application\/ld+json\" class=\"yoast-schema-graph\">{\"@context\":\"https:\\\/\\\/schema.org\",\"@graph\":[{\"@type\":\"WebPage\",\"@id\":\"https:\\\/\\\/rotary.fi\\\/d1385\\\/edellisten-kausien-kuvernoorikirjeet\\\/\",\"url\":\"https:\\\/\\\/rotary.fi\\\/d1385\\\/edellisten-kausien-kuvernoorikirjeet\\\/\",\"name\":\"Kauden 2020-21 Kuvern\u00f6\u00f6rikirjeet - Piiri 1385\",\"isPartOf\":{\"@id\":\"https:\\\/\\\/rotary.fi\\\/d1385\\\/#website\"},\"primaryImageOfPage\":{\"@id\":\"https:\\\/\\\/rotary.fi\\\/d1385\\\/edellisten-kausien-kuvernoorikirjeet\\\/#primaryimage\"},\"image\":{\"@id\":\"https:\\\/\\\/rotary.fi\\\/d1385\\\/edellisten-kausien-kuvernoorikirjeet\\\/#primaryimage\"},\"thumbnailUrl\":\"https:\\\/\\\/rotary.fi\\\/d1385\\\/wp-content\\\/uploads\\\/sites\\\/193\\\/2021\\\/10\\\/vena-kuukausikirje-logo-2.jpg\",\"datePublished\":\"2021-10-07T19:27:57+00:00\",\"dateModified\":\"2021-10-09T09:03:09+00:00\",\"breadcrumb\":{\"@id\":\"https:\\\/\\\/rotary.fi\\\/d1385\\\/edellisten-kausien-kuvernoorikirjeet\\\/#breadcrumb\"},\"inLanguage\":\"fi\",\"potentialAction\":[{\"@type\":\"ReadAction\",\"target\":[\"https:\\\/\\\/rotary.fi\\\/d1385\\\/edellisten-kausien-kuvernoorikirjeet\\\/\"]}]},{\"@type\":\"ImageObject\",\"inLanguage\":\"fi\",\"@id\":\"https:\\\/\\\/rotary.fi\\\/d1385\\\/edellisten-kausien-kuvernoorikirjeet\\\/#primaryimage\",\"url\":\"https:\\\/\\\/rotary.fi\\\/d1385\\\/wp-content\\\/uploads\\\/sites\\\/193\\\/2021\\\/10\\\/vena-kuukausikirje-logo-2.jpg\",\"contentUrl\":\"https:\\\/\\\/rotary.fi\\\/d1385\\\/wp-content\\\/uploads\\\/sites\\\/193\\\/2021\\\/10\\\/vena-kuukausikirje-logo-2.jpg\",\"width\":657,\"height\":229},{\"@type\":\"BreadcrumbList\",\"@id\":\"https:\\\/\\\/rotary.fi\\\/d1385\\\/edellisten-kausien-kuvernoorikirjeet\\\/#breadcrumb\",\"itemListElement\":[{\"@type\":\"ListItem\",\"position\":1,\"name\":\"Home\",\"item\":\"https:\\\/\\\/rotary.fi\\\/d1385\\\/\"},{\"@type\":\"ListItem\",\"position\":2,\"name\":\"Kauden 2020-21 Kuvern\u00f6\u00f6rikirjeet\"}]},{\"@type\":\"WebSite\",\"@id\":\"https:\\\/\\\/rotary.fi\\\/d1385\\\/#website\",\"url\":\"https:\\\/\\\/rotary.fi\\\/d1385\\\/\",\"name\":\"Piiri 1385\",\"description\":\"Suomen Rotary\",\"potentialAction\":[{\"@type\":\"SearchAction\",\"target\":{\"@type\":\"EntryPoint\",\"urlTemplate\":\"https:\\\/\\\/rotary.fi\\\/d1385\\\/?s={search_term_string}\"},\"query-input\":{\"@type\":\"PropertyValueSpecification\",\"valueRequired\":true,\"valueName\":\"search_term_string\"}}],\"inLanguage\":\"fi\"}]}<\/script>\n<!-- \/ Yoast SEO plugin. -->","yoast_head_json":{"title":"Kauden 2020-21 Kuvern\u00f6\u00f6rikirjeet - Piiri 1385","robots":{"index":"index","follow":"follow","max-snippet":"max-snippet:-1","max-image-preview":"max-image-preview:large","max-video-preview":"max-video-preview:-1"},"canonical":"https:\/\/rotary.fi\/d1385\/edellisten-kausien-kuvernoorikirjeet\/","og_locale":"fi_FI","og_type":"article","og_title":"Kauden 2020-21 Kuvern\u00f6\u00f6rikirjeet - Piiri 1385","og_description":"Edellisten kausien kuvern\u00f6\u00f6rikirjeetKuvern\u00f6\u00f6rikirjeet Kaudella 2020 - 2021 &nbsp; Hein\u00e4kuu 2020 Elokuu 2020 Syyskuu 2020 Lokakuu 2020\u00a0 Marraskuu 2020 Joulukuu 2020 Tammikuu 2021 Helmikuu 2021 Maalikuu 2021 Huhtikuu 2021 Toukokuu 2021 Kes\u00e4kuu 2021","og_url":"https:\/\/rotary.fi\/d1385\/edellisten-kausien-kuvernoorikirjeet\/","og_site_name":"Piiri 1385","article_publisher":"https:\/\/www.facebook.com\/rotary\/","article_modified_time":"2021-10-09T09:03:09+00:00","og_image":[{"url":"https:\/\/rotary.fi\/d1385\/wp-content\/uploads\/sites\/193\/2021\/10\/vena-kuukausikirje-logo-2.jpg","type":"","width":"","height":""}],"twitter_card":"summary_large_image","schema":{"@context":"https:\/\/schema.org","@graph":[{"@type":"WebPage","@id":"https:\/\/rotary.fi\/d1385\/edellisten-kausien-kuvernoorikirjeet\/","url":"https:\/\/rotary.fi\/d1385\/edellisten-kausien-kuvernoorikirjeet\/","name":"Kauden 2020-21 Kuvern\u00f6\u00f6rikirjeet - Piiri 1385","isPartOf":{"@id":"https:\/\/rotary.fi\/d1385\/#website"},"primaryImageOfPage":{"@id":"https:\/\/rotary.fi\/d1385\/edellisten-kausien-kuvernoorikirjeet\/#primaryimage"},"image":{"@id":"https:\/\/rotary.fi\/d1385\/edellisten-kausien-kuvernoorikirjeet\/#primaryimage"},"thumbnailUrl":"https:\/\/rotary.fi\/d1385\/wp-content\/uploads\/sites\/193\/2021\/10\/vena-kuukausikirje-logo-2.jpg","datePublished":"2021-10-07T19:27:57+00:00","dateModified":"2021-10-09T09:03:09+00:00","breadcrumb":{"@id":"https:\/\/rotary.fi\/d1385\/edellisten-kausien-kuvernoorikirjeet\/#breadcrumb"},"inLanguage":"fi","potentialAction":[{"@type":"ReadAction","target":["https:\/\/rotary.fi\/d1385\/edellisten-kausien-kuvernoorikirjeet\/"]}]},{"@type":"ImageObject","inLanguage":"fi","@id":"https:\/\/rotary.fi\/d1385\/edellisten-kausien-kuvernoorikirjeet\/#primaryimage","url":"https:\/\/rotary.fi\/d1385\/wp-content\/uploads\/sites\/193\/2021\/10\/vena-kuukausikirje-logo-2.jpg","contentUrl":"https:\/\/rotary.fi\/d1385\/wp-content\/uploads\/sites\/193\/2021\/10\/vena-kuukausikirje-logo-2.jpg","width":657,"height":229},{"@type":"BreadcrumbList","@id":"https:\/\/rotary.fi\/d1385\/edellisten-kausien-kuvernoorikirjeet\/#breadcrumb","itemListElement":[{"@type":"ListItem","position":1,"name":"Home","item":"https:\/\/rotary.fi\/d1385\/"},{"@type":"ListItem","position":2,"name":"Kauden 2020-21 Kuvern\u00f6\u00f6rikirjeet"}]},{"@type":"WebSite","@id":"https:\/\/rotary.fi\/d1385\/#website","url":"https:\/\/rotary.fi\/d1385\/","name":"Piiri 1385","description":"Suomen Rotary","potentialAction":[{"@type":"SearchAction","target":{"@type":"EntryPoint","urlTemplate":"https:\/\/rotary.fi\/d1385\/?s={search_term_string}"},"query-input":{"@type":"PropertyValueSpecification","valueRequired":true,"valueName":"search_term_string"}}],"inLanguage":"fi"}]}},"lang":"fi","translations":{"fi":5546},"pll_sync_post":[],"_links":{"self":[{"href":"https:\/\/rotary.fi\/d1385\/wp-json\/wp\/v2\/pages\/5546","targetHints":{"allow":["GET"]}}],"collection":[{"href":"https:\/\/rotary.fi\/d1385\/wp-json\/wp\/v2\/pages"}],"about":[{"href":"https:\/\/rotary.fi\/d1385\/wp-json\/wp\/v2\/types\/page"}],"author":[{"embeddable":true,"href":"https:\/\/rotary.fi\/d1385\/wp-json\/wp\/v2\/users\/16"}],"replies":[{"embeddable":true,"href":"https:\/\/rotary.fi\/d1385\/wp-json\/wp\/v2\/comments?post=5546"}],"version-history":[{"count":16,"href":"https:\/\/rotary.fi\/d1385\/wp-json\/wp\/v2\/pages\/5546\/revisions"}],"predecessor-version":[{"id":5668,"href":"https:\/\/rotary.fi\/d1385\/wp-json\/wp\/v2\/pages\/5546\/revisions\/5668"}],"wp:attachment":[{"href":"https:\/\/rotary.fi\/d1385\/wp-json\/wp\/v2\/media?parent=5546"}],"curies":[{"name":"wp","href":"https:\/\/api.w.org\/{rel}","templated":true}]}}