{"id":5279,"date":"2021-08-02T09:12:47","date_gmt":"2021-08-02T07:12:47","guid":{"rendered":"https:\/\/rotary.fi\/d1385\/?page_id=5279"},"modified":"2021-08-15T13:55:45","modified_gmt":"2021-08-15T11:55:45","slug":"intranet","status":"publish","type":"page","link":"https:\/\/rotary.fi\/d1385\/intranet\/","title":{"rendered":"D 1385 Intranet"},"content":{"rendered":"<p>[et_pb_section fb_built=&#8221;1&#8243; admin_label=&#8221;Landing Hero&#8221; _builder_version=&#8221;4.9.10&#8243; use_background_color_gradient=&#8221;on&#8221; background_color_gradient_start=&#8221;#474ab6&#8243; background_color_gradient_end=&#8221;#9271f6&#8243; background_image=&#8221;https:\/\/rotary.fi\/d1385\/wp-content\/uploads\/sites\/193\/2019\/09\/coding-background-texture.jpg&#8221; background_blend=&#8221;overlay&#8221; custom_padding=&#8221;100px|0px|100px|0px&#8221; animation_style=&#8221;slide&#8221; animation_direction=&#8221;top&#8221; animation_intensity_slide=&#8221;2%&#8221; locked=&#8221;off&#8221;][et_pb_row column_structure=&#8221;1_2,1_2&#8243; _builder_version=&#8221;4.9.10&#8243; custom_margin=&#8221;|||&#8221; custom_width_px=&#8221;1280px&#8221;][et_pb_column type=&#8221;1_2&#8243; _builder_version=&#8221;3.25&#8243; custom_padding=&#8221;|||&#8221; custom_padding__hover=&#8221;|||&#8221;][et_pb_text _builder_version=&#8221;4.9.10&#8243; header_font=&#8221;|on|||&#8221; header_font_size=&#8221;42px&#8221; header_line_height=&#8221;1.3em&#8221; background_layout=&#8221;dark&#8221; custom_padding=&#8221;|||&#8221; header_font_size_last_edited=&#8221;off|desktop&#8221; locked=&#8221;off&#8221;]<\/p>\n<h1 style=\"text-align: center\">D 1385 INTRANET<\/h1>\n<p>[\/et_pb_text][et_pb_text _builder_version=&#8221;4.9.10&#8243; text_text_color=&#8221;#d4ccff&#8221; text_line_height=&#8221;1.9em&#8221; hover_enabled=&#8221;0&#8243; locked=&#8221;off&#8221; sticky_enabled=&#8221;0&#8243;]<\/p>\n<h4 style=\"text-align: center\"><a href=\"https:\/\/sites.google.com\/RotaryD1385.org\/intranet\" target=\"_blank\" rel=\"noopener\">Piirin 1385 rotareiden, klubien ja toimihenkil\u00f6iden sis\u00e4isille INTRANET-sivuille p\u00e4\u00e4set t\u00e4st\u00e4.<\/a><\/h4>\n<p>[\/et_pb_text][\/et_pb_column][et_pb_column type=&#8221;1_2&#8243; _builder_version=&#8221;3.25&#8243; custom_padding=&#8221;|||&#8221; custom_padding__hover=&#8221;|||&#8221;][et_pb_image src=&#8221;https:\/\/rotary.fi\/d1385\/wp-content\/uploads\/sites\/193\/2019\/09\/coding-isometric-01.png&#8221; align_tablet=&#8221;center&#8221; align_phone=&#8221;&#8221; align_last_edited=&#8221;on|desktop&#8221; _builder_version=&#8221;4.9.10&#8243; custom_margin=&#8221;|||&#8221; custom_padding=&#8221;|||&#8221; animation_style=&#8221;zoom&#8221; animation_direction=&#8221;left&#8221; animation_delay=&#8221;100ms&#8221; animation_intensity_zoom=&#8221;20%&#8221; hover_enabled=&#8221;0&#8243; sticky_enabled=&#8221;0&#8243;][\/et_pb_image][\/et_pb_column][\/et_pb_row][\/et_pb_section]<\/p>\n","protected":false},"excerpt":{"rendered":"<p>D 1385 INTRANETPiirin 1385 rotareiden, klubien ja toimihenkil\u00f6iden sis\u00e4isille INTRANET-sivuille p\u00e4\u00e4set t\u00e4st\u00e4.<\/p>\n","protected":false},"author":90,"featured_media":0,"parent":0,"menu_order":0,"comment_status":"closed","ping_status":"closed","template":"","meta":{"_acf_changed":false,"_et_pb_use_builder":"on","_et_pb_old_content":"<h6 style=\"text-align: center\"><em>D 1385 otetaan k\u00e4ytt\u00f6\u00f6n lokakuun 2021 alussa<\/em><\/h6>\r\n\u00a0\r\n<h6 style=\"text-align: center\"><strong><a href=\"https:\/\/sites.google.com\/rotaryd1385.org\/intranet\/etusivu\" target=\"_blank\" rel=\"noopener\">D 1385 ROTAREILLE - ROTARIANER - ROTARIANS<\/a><\/strong><\/h6>\r\n\u00a0\r\n<h6 style=\"text-align: center\"><strong><a href=\"https:\/\/sites.google.com\/rotaryd1385.org\/intranet\/etusivu\" target=\"_blank\" rel=\"noopener\">https:\/\/sites.google.com\/rotaryd1385.org\/intranet\/etusivu<\/a><\/strong><\/h6>\r\n<h6><\/h6>","_et_gb_content_width":"","footnotes":""},"class_list":["post-5279","page","type-page","status-publish","hentry"],"acf":[],"yoast_head":"<!-- This site is optimized with the Yoast SEO plugin v27.4 - https:\/\/yoast.com\/product\/yoast-seo-wordpress\/ -->\n<title>D 1385 Intranet - Piiri 1385<\/title>\n<meta name=\"robots\" content=\"index, follow, max-snippet:-1, max-image-preview:large, max-video-preview:-1\" \/>\n<link rel=\"canonical\" href=\"https:\/\/rotary.fi\/d1385\/intranet\/\" \/>\n<meta property=\"og:locale\" content=\"fi_FI\" \/>\n<meta property=\"og:type\" content=\"article\" \/>\n<meta property=\"og:title\" content=\"D 1385 Intranet - Piiri 1385\" \/>\n<meta property=\"og:description\" content=\"D 1385 INTRANETPiirin 1385 rotareiden, klubien ja toimihenkil\u00f6iden sis\u00e4isille INTRANET-sivuille p\u00e4\u00e4set t\u00e4st\u00e4.\" \/>\n<meta property=\"og:url\" content=\"https:\/\/rotary.fi\/d1385\/intranet\/\" \/>\n<meta property=\"og:site_name\" content=\"Piiri 1385\" \/>\n<meta property=\"article:publisher\" content=\"https:\/\/www.facebook.com\/rotary\/\" \/>\n<meta property=\"article:modified_time\" content=\"2021-08-15T11:55:45+00:00\" \/>\n<meta name=\"twitter:card\" content=\"summary_large_image\" \/>\n<meta name=\"twitter:label1\" content=\"Arvioitu lukuaika\" \/>\n\t<meta name=\"twitter:data1\" content=\"1 minuutti\" \/>\n<script type=\"application\/ld+json\" class=\"yoast-schema-graph\">{\"@context\":\"https:\\\/\\\/schema.org\",\"@graph\":[{\"@type\":\"WebPage\",\"@id\":\"https:\\\/\\\/rotary.fi\\\/d1385\\\/intranet\\\/\",\"url\":\"https:\\\/\\\/rotary.fi\\\/d1385\\\/intranet\\\/\",\"name\":\"D 1385 Intranet - Piiri 1385\",\"isPartOf\":{\"@id\":\"https:\\\/\\\/rotary.fi\\\/d1385\\\/#website\"},\"datePublished\":\"2021-08-02T07:12:47+00:00\",\"dateModified\":\"2021-08-15T11:55:45+00:00\",\"breadcrumb\":{\"@id\":\"https:\\\/\\\/rotary.fi\\\/d1385\\\/intranet\\\/#breadcrumb\"},\"inLanguage\":\"fi\",\"potentialAction\":[{\"@type\":\"ReadAction\",\"target\":[\"https:\\\/\\\/rotary.fi\\\/d1385\\\/intranet\\\/\"]}]},{\"@type\":\"BreadcrumbList\",\"@id\":\"https:\\\/\\\/rotary.fi\\\/d1385\\\/intranet\\\/#breadcrumb\",\"itemListElement\":[{\"@type\":\"ListItem\",\"position\":1,\"name\":\"Home\",\"item\":\"https:\\\/\\\/rotary.fi\\\/d1385\\\/\"},{\"@type\":\"ListItem\",\"position\":2,\"name\":\"D 1385 Intranet\"}]},{\"@type\":\"WebSite\",\"@id\":\"https:\\\/\\\/rotary.fi\\\/d1385\\\/#website\",\"url\":\"https:\\\/\\\/rotary.fi\\\/d1385\\\/\",\"name\":\"Piiri 1385\",\"description\":\"Suomen Rotary\",\"potentialAction\":[{\"@type\":\"SearchAction\",\"target\":{\"@type\":\"EntryPoint\",\"urlTemplate\":\"https:\\\/\\\/rotary.fi\\\/d1385\\\/?s={search_term_string}\"},\"query-input\":{\"@type\":\"PropertyValueSpecification\",\"valueRequired\":true,\"valueName\":\"search_term_string\"}}],\"inLanguage\":\"fi\"}]}<\/script>\n<!-- \/ Yoast SEO plugin. -->","yoast_head_json":{"title":"D 1385 Intranet - Piiri 1385","robots":{"index":"index","follow":"follow","max-snippet":"max-snippet:-1","max-image-preview":"max-image-preview:large","max-video-preview":"max-video-preview:-1"},"canonical":"https:\/\/rotary.fi\/d1385\/intranet\/","og_locale":"fi_FI","og_type":"article","og_title":"D 1385 Intranet - Piiri 1385","og_description":"D 1385 INTRANETPiirin 1385 rotareiden, klubien ja toimihenkil\u00f6iden sis\u00e4isille INTRANET-sivuille p\u00e4\u00e4set t\u00e4st\u00e4.","og_url":"https:\/\/rotary.fi\/d1385\/intranet\/","og_site_name":"Piiri 1385","article_publisher":"https:\/\/www.facebook.com\/rotary\/","article_modified_time":"2021-08-15T11:55:45+00:00","twitter_card":"summary_large_image","twitter_misc":{"Arvioitu lukuaika":"1 minuutti"},"schema":{"@context":"https:\/\/schema.org","@graph":[{"@type":"WebPage","@id":"https:\/\/rotary.fi\/d1385\/intranet\/","url":"https:\/\/rotary.fi\/d1385\/intranet\/","name":"D 1385 Intranet - Piiri 1385","isPartOf":{"@id":"https:\/\/rotary.fi\/d1385\/#website"},"datePublished":"2021-08-02T07:12:47+00:00","dateModified":"2021-08-15T11:55:45+00:00","breadcrumb":{"@id":"https:\/\/rotary.fi\/d1385\/intranet\/#breadcrumb"},"inLanguage":"fi","potentialAction":[{"@type":"ReadAction","target":["https:\/\/rotary.fi\/d1385\/intranet\/"]}]},{"@type":"BreadcrumbList","@id":"https:\/\/rotary.fi\/d1385\/intranet\/#breadcrumb","itemListElement":[{"@type":"ListItem","position":1,"name":"Home","item":"https:\/\/rotary.fi\/d1385\/"},{"@type":"ListItem","position":2,"name":"D 1385 Intranet"}]},{"@type":"WebSite","@id":"https:\/\/rotary.fi\/d1385\/#website","url":"https:\/\/rotary.fi\/d1385\/","name":"Piiri 1385","description":"Suomen Rotary","potentialAction":[{"@type":"SearchAction","target":{"@type":"EntryPoint","urlTemplate":"https:\/\/rotary.fi\/d1385\/?s={search_term_string}"},"query-input":{"@type":"PropertyValueSpecification","valueRequired":true,"valueName":"search_term_string"}}],"inLanguage":"fi"}]}},"lang":"fi","translations":{"fi":5279},"pll_sync_post":[],"_links":{"self":[{"href":"https:\/\/rotary.fi\/d1385\/wp-json\/wp\/v2\/pages\/5279","targetHints":{"allow":["GET"]}}],"collection":[{"href":"https:\/\/rotary.fi\/d1385\/wp-json\/wp\/v2\/pages"}],"about":[{"href":"https:\/\/rotary.fi\/d1385\/wp-json\/wp\/v2\/types\/page"}],"author":[{"embeddable":true,"href":"https:\/\/rotary.fi\/d1385\/wp-json\/wp\/v2\/users\/90"}],"replies":[{"embeddable":true,"href":"https:\/\/rotary.fi\/d1385\/wp-json\/wp\/v2\/comments?post=5279"}],"version-history":[{"count":6,"href":"https:\/\/rotary.fi\/d1385\/wp-json\/wp\/v2\/pages\/5279\/revisions"}],"predecessor-version":[{"id":5298,"href":"https:\/\/rotary.fi\/d1385\/wp-json\/wp\/v2\/pages\/5279\/revisions\/5298"}],"wp:attachment":[{"href":"https:\/\/rotary.fi\/d1385\/wp-json\/wp\/v2\/media?parent=5279"}],"curies":[{"name":"wp","href":"https:\/\/api.w.org\/{rel}","templated":true}]}}