{"id":508,"date":"2018-04-06T14:54:27","date_gmt":"2018-04-06T12:54:27","guid":{"rendered":"http:\/\/rotary.fi\/piirisivusto\/?page_id=508"},"modified":"2024-07-08T15:37:20","modified_gmt":"2024-07-08T13:37:20","slug":"ryla","status":"publish","type":"page","link":"https:\/\/rotary.fi\/d1385\/kiinnostaako-jasenyys\/ryla\/","title":{"rendered":"RYLA"},"content":{"rendered":"<p>[et_pb_section fb_built=&#8221;1&#8243; module_class=&#8221;jumbotron-page&#8221; _builder_version=&#8221;4.16&#8243; background_image=&#8221;http:\/\/rotary.fi\/piirisivusto\/wp-content\/uploads\/sites\/193\/2018\/04\/paakuva_ryla.jpg&#8221; global_colors_info=&#8221;{}&#8221;][et_pb_row module_class=&#8221; et_pb_row_fullwidth et_pb_row_fullwidth&#8221; _builder_version=&#8221;4.16&#8243; width=&#8221;89%&#8221; width_tablet=&#8221;80%&#8221; width_phone=&#8221;&#8221; width_last_edited=&#8221;on|desktop&#8221; max_width=&#8221;89%&#8221; max_width_tablet=&#8221;80%&#8221; max_width_phone=&#8221;&#8221; max_width_last_edited=&#8221;on|desktop&#8221; make_fullwidth=&#8221;on&#8221; global_colors_info=&#8221;{}&#8221;][et_pb_column type=&#8221;4_4&#8243; _builder_version=&#8221;4.16&#8243; custom_padding=&#8221;|||&#8221; global_colors_info=&#8221;{}&#8221; custom_padding__hover=&#8221;|||&#8221;][et_pb_text admin_label=&#8221;Rotary Youth Leadership Awards -otsikko&#8221; _builder_version=&#8221;4.16&#8243; text_orientation=&#8221;center&#8221; background_layout=&#8221;dark&#8221; global_colors_info=&#8221;{}&#8221;]<\/p>\n<h1>Rotary Youth Leadership Awards<\/h1>\n<p>[\/et_pb_text][\/et_pb_column][\/et_pb_row][\/et_pb_section][et_pb_section fb_built=&#8221;1&#8243; _builder_version=&#8221;4.16&#8243; inner_width_tablet=&#8221;50px&#8221; inner_max_width_tablet=&#8221;50px&#8221; custom_margin=&#8221;||40px|&#8221; z_index_tablet=&#8221;500&#8243; global_colors_info=&#8221;{}&#8221;][et_pb_row custom_padding_last_edited=&#8221;on|phone&#8221; _builder_version=&#8221;4.16&#8243; custom_padding_tablet=&#8221;&#8221; custom_padding_phone=&#8221;&#8221; global_colors_info=&#8221;{}&#8221;][et_pb_column type=&#8221;4_4&#8243; _builder_version=&#8221;4.16&#8243; custom_padding=&#8221;|||&#8221; global_colors_info=&#8221;{}&#8221; custom_padding__hover=&#8221;|||&#8221;][et_pb_text admin_label=&#8221;Nuorista eettisi\u00e4 johtajia ja aktiivisia kansalaisia -otsikko&#8221; _builder_version=&#8221;4.16&#8243; text_orientation=&#8221;center&#8221; global_colors_info=&#8221;{}&#8221;]<\/p>\n<h1>Nuorista eettisi\u00e4 johtajia ja aktiivisia kansalaisia<\/h1>\n<p>[\/et_pb_text][et_pb_text _builder_version=&#8221;4.16&#8243; global_colors_info=&#8221;{}&#8221;]<\/p>\n<p>Inspiroivia puheenvuoroja, kokemusasiantuntijuutta, henkil\u00f6kohtaisen kasvun tukemista, sosiaalista toimintaa, kaikkea t\u00e4t\u00e4 tai paljon muuta voi sis\u00e4lty\u00e4 rotareiden RYLA \u2013 Rotary Youth Leadership Awards \u2013 koulutukseen.<\/p>\n<p>Koulutus on tarkoitettu 14\u201330-vuotiaille aktiivisille nuorille, jotka haluavat tutustua johtajuuteen: kehitt\u00e4\u00e4 p\u00e4\u00e4t\u00f6ksentekokyky\u00e4\u00e4n, aloitteellisuuttaan, vuorovaikutuskyky\u00e4\u00e4n sek\u00e4 taitoa esitt\u00e4\u00e4 oma n\u00e4k\u00f6kantansa selke\u00e4sti ja vakuuttavasti. RYLA-seminaareissa eri alojen edustajat kertovat nuorille johtajuuteen liittyvist\u00e4 kokemuksistaan ja ajatuksistaan. RYLA-koulutuksen tarkoituksena on rohkaista nuoria johtajuuteen ja kasvattaa heit\u00e4 aktiiviseen kansalaisuuteen ja eettiseen toimintatapaan.<\/p>\n<p>RYLA-johtajuuskoulutuksia j\u00e4rjest\u00e4v\u00e4t yksitt\u00e4iset klubit tai useat klubit yhteisty\u00f6ss\u00e4, j\u00e4rjest\u00e4j\u00e4n\u00e4 voi olla my\u00f6s rotarypiiri. RYLAn yhteisty\u00f6tahona voi olla koulu tai muu yhteis\u00f6. Osallistujat valitaan hakemusten perusteella tai yhdess\u00e4 yhteisty\u00f6kumppanin kanssa.<\/p>\n<p>Ota rohkeasti yhteytt\u00e4 alueesi rotaryklubeihin ja kysy lis\u00e4tietoa alueellasi j\u00e4rjestett\u00e4vist\u00e4 RYLA-koulutuksista.<\/p>\n<h4>Ota yhteytt\u00e4:<\/h4>\n<p><strong>RYLA vastaava<br \/><\/strong><strong>Kerttu R\u00f6nkk\u00f6<\/strong>, Pyh\u00e4j\u00e4rvi<br \/><span>+358-44-9768676<br \/>kerttu.ronkko@kotinet.com<br \/><\/span><\/p>\n<p>&nbsp;<\/p>\n<p>[\/et_pb_text][\/et_pb_column][\/et_pb_row][\/et_pb_section]<\/p>\n","protected":false},"excerpt":{"rendered":"<p>Rotary Youth Leadership Awards Nuorista eettisi\u00e4 johtajia ja aktiivisia kansalaisia Inspiroivia puheenvuoroja, kokemusasiantuntijuutta, henkil\u00f6kohtaisen kasvun tukemista, sosiaalista toimintaa, kaikkea t\u00e4t\u00e4 tai paljon muuta voi sis\u00e4lty\u00e4 rotareiden RYLA \u2013 Rotary Youth Leadership Awards \u2013 koulutukseen. Koulutus on tarkoitettu 14\u201330-vuotiaille aktiivisille nuorille, jotka haluavat tutustua johtajuuteen: kehitt\u00e4\u00e4 p\u00e4\u00e4t\u00f6ksentekokyky\u00e4\u00e4n, aloitteellisuuttaan, vuorovaikutuskyky\u00e4\u00e4n sek\u00e4 taitoa esitt\u00e4\u00e4 oma n\u00e4k\u00f6kantansa selke\u00e4sti ja [&hellip;]<\/p>\n","protected":false},"author":1,"featured_media":0,"parent":658,"menu_order":1,"comment_status":"closed","ping_status":"closed","template":"","meta":{"_acf_changed":false,"_et_pb_use_builder":"on","_et_pb_old_content":"","_et_gb_content_width":"","footnotes":""},"class_list":["post-508","page","type-page","status-publish","hentry"],"acf":[],"yoast_head":"<!-- This site is optimized with the Yoast SEO plugin v27.0 - https:\/\/yoast.com\/product\/yoast-seo-wordpress\/ -->\n<title>RYLA - Piiri 1385<\/title>\n<meta name=\"robots\" content=\"index, follow, max-snippet:-1, max-image-preview:large, max-video-preview:-1\" \/>\n<link rel=\"canonical\" href=\"https:\/\/rotary.fi\/d1385\/kiinnostaako-jasenyys\/ryla\/\" \/>\n<meta property=\"og:locale\" content=\"fi_FI\" \/>\n<meta property=\"og:type\" content=\"article\" \/>\n<meta property=\"og:title\" content=\"RYLA - Piiri 1385\" \/>\n<meta property=\"og:description\" content=\"Rotary Youth Leadership Awards Nuorista eettisi\u00e4 johtajia ja aktiivisia kansalaisia Inspiroivia puheenvuoroja, kokemusasiantuntijuutta, henkil\u00f6kohtaisen kasvun tukemista, sosiaalista toimintaa, kaikkea t\u00e4t\u00e4 tai paljon muuta voi sis\u00e4lty\u00e4 rotareiden RYLA \u2013 Rotary Youth Leadership Awards \u2013 koulutukseen. Koulutus on tarkoitettu 14\u201330-vuotiaille aktiivisille nuorille, jotka haluavat tutustua johtajuuteen: kehitt\u00e4\u00e4 p\u00e4\u00e4t\u00f6ksentekokyky\u00e4\u00e4n, aloitteellisuuttaan, vuorovaikutuskyky\u00e4\u00e4n sek\u00e4 taitoa esitt\u00e4\u00e4 oma n\u00e4k\u00f6kantansa selke\u00e4sti ja [&hellip;]\" \/>\n<meta property=\"og:url\" content=\"https:\/\/rotary.fi\/d1385\/kiinnostaako-jasenyys\/ryla\/\" \/>\n<meta property=\"og:site_name\" content=\"Piiri 1385\" \/>\n<meta property=\"article:publisher\" content=\"https:\/\/www.facebook.com\/rotary\/\" \/>\n<meta property=\"article:modified_time\" content=\"2024-07-08T13:37:20+00:00\" \/>\n<meta name=\"twitter:card\" content=\"summary_large_image\" \/>\n<meta name=\"twitter:label1\" content=\"Arvioitu lukuaika\" \/>\n\t<meta name=\"twitter:data1\" content=\"2 minuuttia\" \/>\n<script type=\"application\/ld+json\" class=\"yoast-schema-graph\">{\"@context\":\"https:\/\/schema.org\",\"@graph\":[{\"@type\":\"WebPage\",\"@id\":\"https:\/\/rotary.fi\/d1385\/kiinnostaako-jasenyys\/ryla\/\",\"url\":\"https:\/\/rotary.fi\/d1385\/kiinnostaako-jasenyys\/ryla\/\",\"name\":\"RYLA - Piiri 1385\",\"isPartOf\":{\"@id\":\"https:\/\/rotary.fi\/d1385\/#website\"},\"datePublished\":\"2018-04-06T12:54:27+00:00\",\"dateModified\":\"2024-07-08T13:37:20+00:00\",\"breadcrumb\":{\"@id\":\"https:\/\/rotary.fi\/d1385\/kiinnostaako-jasenyys\/ryla\/#breadcrumb\"},\"inLanguage\":\"fi\",\"potentialAction\":[{\"@type\":\"ReadAction\",\"target\":[\"https:\/\/rotary.fi\/d1385\/kiinnostaako-jasenyys\/ryla\/\"]}]},{\"@type\":\"BreadcrumbList\",\"@id\":\"https:\/\/rotary.fi\/d1385\/kiinnostaako-jasenyys\/ryla\/#breadcrumb\",\"itemListElement\":[{\"@type\":\"ListItem\",\"position\":1,\"name\":\"Home\",\"item\":\"https:\/\/rotary.fi\/d1385\/\"},{\"@type\":\"ListItem\",\"position\":2,\"name\":\"Kiinnostaako j\u00e4senyys?\",\"item\":\"https:\/\/rotary.fi\/d1385\/kiinnostaako-jasenyys\/\"},{\"@type\":\"ListItem\",\"position\":3,\"name\":\"RYLA\"}]},{\"@type\":\"WebSite\",\"@id\":\"https:\/\/rotary.fi\/d1385\/#website\",\"url\":\"https:\/\/rotary.fi\/d1385\/\",\"name\":\"Piiri 1385\",\"description\":\"Suomen Rotary\",\"potentialAction\":[{\"@type\":\"SearchAction\",\"target\":{\"@type\":\"EntryPoint\",\"urlTemplate\":\"https:\/\/rotary.fi\/d1385\/?s={search_term_string}\"},\"query-input\":{\"@type\":\"PropertyValueSpecification\",\"valueRequired\":true,\"valueName\":\"search_term_string\"}}],\"inLanguage\":\"fi\"}]}<\/script>\n<!-- \/ Yoast SEO plugin. -->","yoast_head_json":{"title":"RYLA - Piiri 1385","robots":{"index":"index","follow":"follow","max-snippet":"max-snippet:-1","max-image-preview":"max-image-preview:large","max-video-preview":"max-video-preview:-1"},"canonical":"https:\/\/rotary.fi\/d1385\/kiinnostaako-jasenyys\/ryla\/","og_locale":"fi_FI","og_type":"article","og_title":"RYLA - Piiri 1385","og_description":"Rotary Youth Leadership Awards Nuorista eettisi\u00e4 johtajia ja aktiivisia kansalaisia Inspiroivia puheenvuoroja, kokemusasiantuntijuutta, henkil\u00f6kohtaisen kasvun tukemista, sosiaalista toimintaa, kaikkea t\u00e4t\u00e4 tai paljon muuta voi sis\u00e4lty\u00e4 rotareiden RYLA \u2013 Rotary Youth Leadership Awards \u2013 koulutukseen. Koulutus on tarkoitettu 14\u201330-vuotiaille aktiivisille nuorille, jotka haluavat tutustua johtajuuteen: kehitt\u00e4\u00e4 p\u00e4\u00e4t\u00f6ksentekokyky\u00e4\u00e4n, aloitteellisuuttaan, vuorovaikutuskyky\u00e4\u00e4n sek\u00e4 taitoa esitt\u00e4\u00e4 oma n\u00e4k\u00f6kantansa selke\u00e4sti ja [&hellip;]","og_url":"https:\/\/rotary.fi\/d1385\/kiinnostaako-jasenyys\/ryla\/","og_site_name":"Piiri 1385","article_publisher":"https:\/\/www.facebook.com\/rotary\/","article_modified_time":"2024-07-08T13:37:20+00:00","twitter_card":"summary_large_image","twitter_misc":{"Arvioitu lukuaika":"2 minuuttia"},"schema":{"@context":"https:\/\/schema.org","@graph":[{"@type":"WebPage","@id":"https:\/\/rotary.fi\/d1385\/kiinnostaako-jasenyys\/ryla\/","url":"https:\/\/rotary.fi\/d1385\/kiinnostaako-jasenyys\/ryla\/","name":"RYLA - Piiri 1385","isPartOf":{"@id":"https:\/\/rotary.fi\/d1385\/#website"},"datePublished":"2018-04-06T12:54:27+00:00","dateModified":"2024-07-08T13:37:20+00:00","breadcrumb":{"@id":"https:\/\/rotary.fi\/d1385\/kiinnostaako-jasenyys\/ryla\/#breadcrumb"},"inLanguage":"fi","potentialAction":[{"@type":"ReadAction","target":["https:\/\/rotary.fi\/d1385\/kiinnostaako-jasenyys\/ryla\/"]}]},{"@type":"BreadcrumbList","@id":"https:\/\/rotary.fi\/d1385\/kiinnostaako-jasenyys\/ryla\/#breadcrumb","itemListElement":[{"@type":"ListItem","position":1,"name":"Home","item":"https:\/\/rotary.fi\/d1385\/"},{"@type":"ListItem","position":2,"name":"Kiinnostaako j\u00e4senyys?","item":"https:\/\/rotary.fi\/d1385\/kiinnostaako-jasenyys\/"},{"@type":"ListItem","position":3,"name":"RYLA"}]},{"@type":"WebSite","@id":"https:\/\/rotary.fi\/d1385\/#website","url":"https:\/\/rotary.fi\/d1385\/","name":"Piiri 1385","description":"Suomen Rotary","potentialAction":[{"@type":"SearchAction","target":{"@type":"EntryPoint","urlTemplate":"https:\/\/rotary.fi\/d1385\/?s={search_term_string}"},"query-input":{"@type":"PropertyValueSpecification","valueRequired":true,"valueName":"search_term_string"}}],"inLanguage":"fi"}]}},"lang":"fi","translations":{"fi":508,"sv":2730,"en":2997},"pll_sync_post":[],"_links":{"self":[{"href":"https:\/\/rotary.fi\/d1385\/wp-json\/wp\/v2\/pages\/508","targetHints":{"allow":["GET"]}}],"collection":[{"href":"https:\/\/rotary.fi\/d1385\/wp-json\/wp\/v2\/pages"}],"about":[{"href":"https:\/\/rotary.fi\/d1385\/wp-json\/wp\/v2\/types\/page"}],"author":[{"embeddable":true,"href":"https:\/\/rotary.fi\/d1385\/wp-json\/wp\/v2\/users\/1"}],"replies":[{"embeddable":true,"href":"https:\/\/rotary.fi\/d1385\/wp-json\/wp\/v2\/comments?post=508"}],"version-history":[{"count":10,"href":"https:\/\/rotary.fi\/d1385\/wp-json\/wp\/v2\/pages\/508\/revisions"}],"predecessor-version":[{"id":6666,"href":"https:\/\/rotary.fi\/d1385\/wp-json\/wp\/v2\/pages\/508\/revisions\/6666"}],"up":[{"embeddable":true,"href":"https:\/\/rotary.fi\/d1385\/wp-json\/wp\/v2\/pages\/658"}],"wp:attachment":[{"href":"https:\/\/rotary.fi\/d1385\/wp-json\/wp\/v2\/media?parent=508"}],"curies":[{"name":"wp","href":"https:\/\/api.w.org\/{rel}","templated":true}]}}