{"id":497,"date":"2018-04-06T14:48:45","date_gmt":"2018-04-06T12:48:45","guid":{"rendered":"http:\/\/rotary.fi\/piirisivusto\/?page_id=497"},"modified":"2025-06-02T20:54:39","modified_gmt":"2025-06-02T18:54:39","slug":"nuorisovaihto","status":"publish","type":"page","link":"https:\/\/rotary.fi\/d1385\/mita-teemme\/nuorisovaihto\/","title":{"rendered":"Nuorisovaihto"},"content":{"rendered":"<p>[et_pb_section fb_built=&#8221;1&#8243; module_class=&#8221;jumbotron-page&#8221; _builder_version=&#8221;4.27.4&#8243; background_color=&#8221;#F8F9FA&#8221; background_image=&#8221;https:\/\/rotary.fi\/d1385\/wp-content\/uploads\/sites\/193\/2021\/12\/nuorisovaihto-banneri.jpg&#8221; hover_enabled=&#8221;0&#8243; global_colors_info=&#8221;{}&#8221; sticky_enabled=&#8221;0&#8243;][et_pb_row module_class=&#8221; et_pb_row_fullwidth&#8221; _builder_version=&#8221;4.27.4&#8243; background_color=&#8221;RGBA(255,255,255,0)&#8221; width=&#8221;100%&#8221; width_tablet=&#8221;80%&#8221; width_last_edited=&#8221;off|desktop&#8221; max_width=&#8221;89%&#8221; max_width_tablet=&#8221;80%&#8221; max_width_phone=&#8221;&#8221; max_width_last_edited=&#8221;on|phone&#8221; module_alignment=&#8221;center&#8221; make_fullwidth=&#8221;on&#8221; global_colors_info=&#8221;{}&#8221;][et_pb_column type=&#8221;4_4&#8243; _builder_version=&#8221;4.16&#8243; custom_padding=&#8221;|||&#8221; global_colors_info=&#8221;{}&#8221; custom_padding__hover=&#8221;|||&#8221;][et_pb_text admin_label=&#8221;Nuorisovaihto -otsikko&#8221; _builder_version=&#8221;4.27.4&#8243; text_font=&#8221;||||||||&#8221; text_orientation=&#8221;center&#8221; background_layout=&#8221;dark&#8221; width=&#8221;80%&#8221; max_width_tablet=&#8221;&#8221; max_width_phone=&#8221;80%&#8221; max_width_last_edited=&#8221;on|phone&#8221; custom_margin=&#8221;0px||||false|false&#8221; custom_padding=&#8221;96px||||false|false&#8221; global_colors_info=&#8221;{}&#8221;][\/et_pb_text][et_pb_image align=&#8221;center&#8221; admin_label=&#8221;Kuva&#8221; _builder_version=&#8221;4.27.4&#8243; custom_margin=&#8221;||42px|||&#8221; global_colors_info=&#8221;{}&#8221;][\/et_pb_image][\/et_pb_column][\/et_pb_row][\/et_pb_section][et_pb_section fb_built=&#8221;1&#8243; module_class=&#8221;sisaltoalue_perus&#8221; _builder_version=&#8221;4.27.4&#8243; background_color=&#8221;RGBA(255,255,255,0)&#8221; width=&#8221;80%&#8221; max_width=&#8221;80%&#8221; module_alignment=&#8221;center&#8221; custom_margin=&#8221;||40px|&#8221; module_alignment_tablet=&#8221;center&#8221; module_alignment_phone=&#8221;center&#8221; module_alignment_last_edited=&#8221;on|phone&#8221; global_colors_info=&#8221;{}&#8221;][et_pb_row custom_padding_last_edited=&#8221;on|phone&#8221; admin_label=&#8221;Rivi&#8221; _builder_version=&#8221;4.27.4&#8243; module_alignment=&#8221;center&#8221; min_height=&#8221;553px&#8221; custom_margin=&#8221;1px|auto|-53px|278px||&#8221; custom_padding=&#8221;8px|||||&#8221; custom_padding_tablet=&#8221;&#8221; custom_padding_phone=&#8221;&#8221; global_colors_info=&#8221;{}&#8221;][et_pb_column type=&#8221;4_4&#8243; _builder_version=&#8221;4.16&#8243; custom_padding=&#8221;|||&#8221; global_colors_info=&#8221;{}&#8221; custom_padding__hover=&#8221;|||&#8221;][et_pb_text _builder_version=&#8221;4.27.4&#8243; custom_margin=&#8221;|||-46px|false|false&#8221; global_colors_info=&#8221;{}&#8221;]<\/p>\n<h3 style=\"text-align: left\">Luotettava ja arvostettu nuorisovaihto<\/h3>\n<p>&nbsp;<\/p>\n<div style=\"text-align: left\"><strong><img decoding=\"async\" class=\"alignleft\" src=\"https:\/\/rotary.fi\/d1385\/wp-content\/uploads\/sites\/193\/2020\/06\/rotary-youth-exchange-products-logo-150x150.jpeg\" \/>Rotaryn nuorisovaihto on turvallinen ja varsin edullinen tapa<\/strong> l\u00e4hte\u00e4 ulkomaille vaihto-oppilaaksi.\u00a0 Toiminta\u00a0on sertifioitua ja valvottua. Nuorta sitovat rotareiden ohjeet ja s\u00e4\u00e4nn\u00f6t, mik\u00e4 on olennainen osa turvallisuutta. Nuori ja h\u00e4nen perheens\u00e4 koulutetaan vaihtovuoden vaatimuksiin ennen nuoren l\u00e4ht\u00f6\u00e4.<\/div>\n<div style=\"text-align: left\">\u00a0<\/div>\n<div style=\"text-align: left\">Vastaanottava perhe ottaa nuoren perheenj\u00e4senekseen. Vastaanottava rotaryklubi huolehtii mm. saapuvan vaihto-oppilaan koulukustannuksista. Nuori saarotaryklubiltaan my\u00f6s pient\u00e4 kuukausirahaa. Perhe ei saa rahallista korvausta nuoren yll\u00e4pidosta<\/div>\n<div style=\"text-align: left\">\u00a0<\/div>\n<p style=\"text-align: left\"><b>Suomeen saapuville vaihto-oppilaille tarvitaan lis\u00e4\u00e4 is\u00e4nt\u00e4perheit\u00e4.<\/b><br \/>Nuori on vaihtovuoden aikana yleens\u00e4 kolmessa perheess\u00e4, noin nelj\u00e4 kuukautta jokaisessa. Kun haluat tarjota turvallisen kodin Suomeen saapuvalle nuorelle, ota yhteytt\u00e4 klubimme nuorisovaihtoasiamieheen.<\/p>\n<p style=\"text-align: left\"><strong>Vastavuoroisuus.\u00a0<\/strong><span style=\"font-size: 16px\">Kun rotaryklubi ottaa vastaan ulkomaisen vaihto-oppilaan, se tarkoittaa samalla, ett\u00e4 meilt\u00e4 p\u00e4\u00e4see nuori ulkomaille. Ulkomailla koulunk\u00e4ynti ei suinkaan aina ole oppilaalle ilmaista, mutta nuoren vastaanottava rotaryklubi vastaa n\u00e4ist\u00e4kin kustannuksista. Nuori saa my\u00f6s samat edut ja huolenpidon kuin maahamme saapuva nuori.<\/span><\/p>\n<p style=\"text-align: left\"><strong>Nuorisovaihto\u00a0on monen klubin palvelutoiminnan t\u00e4rkeimpia ja n\u00e4kyvimpi\u00e4 toimintamuotoja.<\/strong> Piirist\u00e4mme l\u00e4htee vuosittain lukuisia nuoria vaihtoon ja vastaavasti nuoria saapuu maahamme eri puolilta maapalloa. Suosituimpien kohteiden Yhdysvaltojen, Kanadan ja Australian rinnalle on noussut vahvasti Eurooppa.\u00a0 My\u00f6s Latinalainen Amerikka ja Kauko-It\u00e4 kiinnostavat.<\/p>\n<p style=\"text-align: left\"><strong>Piiriss\u00e4mme j\u00e4rjestet\u00e4\u00e4n my\u00f6s\u00a0eri teemoihin keskittyvi\u00e4 leirej\u00e4.\u00a0<\/strong>Kes\u00e4leirill\u00e4 ulkomailta Suomeen tulevat nuoret asuvat ensimm\u00e4iset p\u00e4iv\u00e4t perhemajoituksessa tutustuen suomalaiseen arkeen. T\u00e4m\u00e4n j\u00e4lkeen he kokoontuvat teemaleirilleen. N\u00e4in nuoret tutustuvat luontevasti Rotaryn kansainv\u00e4liseen henkeen.<\/p>\n<p style=\"text-align: left\">Lue lis\u00e4\u00e4 nuorisopalvelusta ja Rotaryn <a href=\"https:\/\/rotary.fi\/mita-teemme\/nuorisopalvelut\/nuorisovaihto\" target=\"_blank\" rel=\"noopener noreferrer\"><strong>nuorisovaihdosta.<\/strong><\/a><\/p>\n<h4 style=\"text-align: left\"><span style=\"font-size: large\"><strong><span style=\"font-family: inherit\">Rotex-toiminta yhdist\u00e4\u00e4 entisi\u00e4 vuosivaihto-oppilaita<\/span><\/strong><\/span><\/h4>\n<p style=\"text-align: left\">Rotexit auttavat monipiiri\u00e4 ja piirej\u00e4 l\u00e4htevien vaihto-oppilaiden opastamisessa ja saapuvien tukihenkil\u00f6in\u00e4. He voivat toimia my\u00f6s tutoreina kes\u00e4leireill\u00e4, nuorisovaihdon j\u00e4rjest\u00e4mill\u00e4 matkoilla ja saapuvien oppilaiden orientaatioleireill\u00e4. Rotex toimii Suomen Rotarypalvelun nuorisovaihdon monipiiriorganisaation alaisuudessa ja rotexit noudattavat Rotaryn s\u00e4\u00e4nt\u00f6j\u00e4.<\/p>\n<h4 style=\"text-align: left\">Kiinnostuitko nuorisovaihdosta?<\/h4>\n<p style=\"text-align: left\">Rotaryn kautta voit p\u00e4\u00e4st\u00e4 vuosivaihtoon, kes\u00e4vaihtoon tai leirivaihtoon. N\u00e4ist\u00e4 eri vaihtomuodoista voit\u00a0\u00a0lukea lis\u00e4\u00e4 Suomen Rotaryn\u00a0<strong><a href=\"https:\/\/rotary.fi\/mita-teemme\/nuorisopalvelut\/nuorisovaihto\/\">nuorisovaihdon<\/a><\/strong>\u00a0sivuilta.\u00a0Hakuaika seuraavan vuoden vaihtoihin on hakuvuotta edelt\u00e4v\u00e4n\u00e4 syksyn\u00e4. Jos kiinnostuit, ota yhteytt\u00e4 klubimme toimihenkil\u00f6ihin ja kysy l\u00e4het\u00e4mmek\u00f6 vaihto-oppilaan tulevana vuonna.<\/p>\n<p style=\"text-align: left\">Kysy rohkeasti lis\u00e4\u00e4 Rotaryn nuorisovaihdosta.<\/p>\n<h4 style=\"text-align: left\">Ota yhteytt\u00e4<\/h4>\n<p><strong>Puheenjohtaja<br \/><\/strong><br \/><b>Anne Pudas, Oulu City<\/b><br \/>Mobile\u00a0+358-40-9369608<br \/>E-mail: anne.pudas55@gmail.com<\/p>\n<p>&nbsp;<\/p>\n<p>[\/et_pb_text][et_pb_gallery gallery_ids=&#8221;224,759,4006&#8243; posts_number=&#8221;3&#8243; show_title_and_caption=&#8221;off&#8221; show_pagination=&#8221;off&#8221; _builder_version=&#8221;4.16&#8243; global_colors_info=&#8221;{}&#8221;][\/et_pb_gallery][\/et_pb_column][\/et_pb_row][\/et_pb_section]<\/p>\n","protected":false},"excerpt":{"rendered":"<p>Luotettava ja arvostettu nuorisovaihto &nbsp; Rotaryn nuorisovaihto on turvallinen ja varsin edullinen tapa l\u00e4hte\u00e4 ulkomaille vaihto-oppilaaksi.\u00a0 Toiminta\u00a0on sertifioitua ja valvottua. Nuorta sitovat rotareiden ohjeet ja s\u00e4\u00e4nn\u00f6t, mik\u00e4 on olennainen osa turvallisuutta. Nuori ja h\u00e4nen perheens\u00e4 koulutetaan vaihtovuoden vaatimuksiin ennen nuoren l\u00e4ht\u00f6\u00e4. \u00a0 Vastaanottava perhe ottaa nuoren perheenj\u00e4senekseen. Vastaanottava rotaryklubi huolehtii mm. saapuvan vaihto-oppilaan koulukustannuksista. Nuori [&hellip;]<\/p>\n","protected":false},"author":1,"featured_media":0,"parent":656,"menu_order":2,"comment_status":"closed","ping_status":"closed","template":"","meta":{"_acf_changed":false,"_et_pb_use_builder":"on","_et_pb_old_content":"","_et_gb_content_width":"","footnotes":""},"class_list":["post-497","page","type-page","status-publish","hentry"],"acf":[],"yoast_head":"<!-- This site is optimized with the Yoast SEO plugin v27.0 - https:\/\/yoast.com\/product\/yoast-seo-wordpress\/ -->\n<title>Nuorisovaihto - Piiri 1385<\/title>\n<meta name=\"robots\" content=\"index, follow, max-snippet:-1, max-image-preview:large, max-video-preview:-1\" \/>\n<link rel=\"canonical\" href=\"https:\/\/rotary.fi\/d1385\/mita-teemme\/nuorisovaihto\/\" \/>\n<meta property=\"og:locale\" content=\"fi_FI\" \/>\n<meta property=\"og:type\" content=\"article\" \/>\n<meta property=\"og:title\" content=\"Nuorisovaihto - Piiri 1385\" \/>\n<meta property=\"og:description\" content=\"Luotettava ja arvostettu nuorisovaihto &nbsp; Rotaryn nuorisovaihto on turvallinen ja varsin edullinen tapa l\u00e4hte\u00e4 ulkomaille vaihto-oppilaaksi.\u00a0 Toiminta\u00a0on sertifioitua ja valvottua. Nuorta sitovat rotareiden ohjeet ja s\u00e4\u00e4nn\u00f6t, mik\u00e4 on olennainen osa turvallisuutta. Nuori ja h\u00e4nen perheens\u00e4 koulutetaan vaihtovuoden vaatimuksiin ennen nuoren l\u00e4ht\u00f6\u00e4. \u00a0 Vastaanottava perhe ottaa nuoren perheenj\u00e4senekseen. Vastaanottava rotaryklubi huolehtii mm. saapuvan vaihto-oppilaan koulukustannuksista. Nuori [&hellip;]\" \/>\n<meta property=\"og:url\" content=\"https:\/\/rotary.fi\/d1385\/mita-teemme\/nuorisovaihto\/\" \/>\n<meta property=\"og:site_name\" content=\"Piiri 1385\" \/>\n<meta property=\"article:publisher\" content=\"https:\/\/www.facebook.com\/rotary\/\" \/>\n<meta property=\"article:modified_time\" content=\"2025-06-02T18:54:39+00:00\" \/>\n<meta property=\"og:image\" content=\"https:\/\/rotary.fi\/d1385\/wp-content\/uploads\/sites\/193\/2020\/06\/rotary-youth-exchange-products-logo-150x150.jpeg\" \/>\n<meta name=\"twitter:card\" content=\"summary_large_image\" \/>\n<meta name=\"twitter:label1\" content=\"Arvioitu lukuaika\" \/>\n\t<meta name=\"twitter:data1\" content=\"3 minuuttia\" \/>\n<script type=\"application\/ld+json\" class=\"yoast-schema-graph\">{\"@context\":\"https:\/\/schema.org\",\"@graph\":[{\"@type\":\"WebPage\",\"@id\":\"https:\/\/rotary.fi\/d1385\/mita-teemme\/nuorisovaihto\/\",\"url\":\"https:\/\/rotary.fi\/d1385\/mita-teemme\/nuorisovaihto\/\",\"name\":\"Nuorisovaihto - Piiri 1385\",\"isPartOf\":{\"@id\":\"https:\/\/rotary.fi\/d1385\/#website\"},\"primaryImageOfPage\":{\"@id\":\"https:\/\/rotary.fi\/d1385\/mita-teemme\/nuorisovaihto\/#primaryimage\"},\"image\":{\"@id\":\"https:\/\/rotary.fi\/d1385\/mita-teemme\/nuorisovaihto\/#primaryimage\"},\"thumbnailUrl\":\"https:\/\/rotary.fi\/d1385\/wp-content\/uploads\/sites\/193\/2020\/06\/rotary-youth-exchange-products-logo-150x150.jpeg\",\"datePublished\":\"2018-04-06T12:48:45+00:00\",\"dateModified\":\"2025-06-02T18:54:39+00:00\",\"breadcrumb\":{\"@id\":\"https:\/\/rotary.fi\/d1385\/mita-teemme\/nuorisovaihto\/#breadcrumb\"},\"inLanguage\":\"fi\",\"potentialAction\":[{\"@type\":\"ReadAction\",\"target\":[\"https:\/\/rotary.fi\/d1385\/mita-teemme\/nuorisovaihto\/\"]}]},{\"@type\":\"ImageObject\",\"inLanguage\":\"fi\",\"@id\":\"https:\/\/rotary.fi\/d1385\/mita-teemme\/nuorisovaihto\/#primaryimage\",\"url\":\"https:\/\/rotary.fi\/d1385\/wp-content\/uploads\/sites\/193\/2020\/06\/rotary-youth-exchange-products-logo-150x150.jpeg\",\"contentUrl\":\"https:\/\/rotary.fi\/d1385\/wp-content\/uploads\/sites\/193\/2020\/06\/rotary-youth-exchange-products-logo-150x150.jpeg\"},{\"@type\":\"BreadcrumbList\",\"@id\":\"https:\/\/rotary.fi\/d1385\/mita-teemme\/nuorisovaihto\/#breadcrumb\",\"itemListElement\":[{\"@type\":\"ListItem\",\"position\":1,\"name\":\"Home\",\"item\":\"https:\/\/rotary.fi\/d1385\/\"},{\"@type\":\"ListItem\",\"position\":2,\"name\":\"Mit\u00e4 teemme\",\"item\":\"https:\/\/rotary.fi\/d1385\/mita-teemme\/\"},{\"@type\":\"ListItem\",\"position\":3,\"name\":\"Nuorisovaihto\"}]},{\"@type\":\"WebSite\",\"@id\":\"https:\/\/rotary.fi\/d1385\/#website\",\"url\":\"https:\/\/rotary.fi\/d1385\/\",\"name\":\"Piiri 1385\",\"description\":\"Suomen Rotary\",\"potentialAction\":[{\"@type\":\"SearchAction\",\"target\":{\"@type\":\"EntryPoint\",\"urlTemplate\":\"https:\/\/rotary.fi\/d1385\/?s={search_term_string}\"},\"query-input\":{\"@type\":\"PropertyValueSpecification\",\"valueRequired\":true,\"valueName\":\"search_term_string\"}}],\"inLanguage\":\"fi\"}]}<\/script>\n<!-- \/ Yoast SEO plugin. -->","yoast_head_json":{"title":"Nuorisovaihto - Piiri 1385","robots":{"index":"index","follow":"follow","max-snippet":"max-snippet:-1","max-image-preview":"max-image-preview:large","max-video-preview":"max-video-preview:-1"},"canonical":"https:\/\/rotary.fi\/d1385\/mita-teemme\/nuorisovaihto\/","og_locale":"fi_FI","og_type":"article","og_title":"Nuorisovaihto - Piiri 1385","og_description":"Luotettava ja arvostettu nuorisovaihto &nbsp; Rotaryn nuorisovaihto on turvallinen ja varsin edullinen tapa l\u00e4hte\u00e4 ulkomaille vaihto-oppilaaksi.\u00a0 Toiminta\u00a0on sertifioitua ja valvottua. Nuorta sitovat rotareiden ohjeet ja s\u00e4\u00e4nn\u00f6t, mik\u00e4 on olennainen osa turvallisuutta. Nuori ja h\u00e4nen perheens\u00e4 koulutetaan vaihtovuoden vaatimuksiin ennen nuoren l\u00e4ht\u00f6\u00e4. \u00a0 Vastaanottava perhe ottaa nuoren perheenj\u00e4senekseen. Vastaanottava rotaryklubi huolehtii mm. saapuvan vaihto-oppilaan koulukustannuksista. Nuori [&hellip;]","og_url":"https:\/\/rotary.fi\/d1385\/mita-teemme\/nuorisovaihto\/","og_site_name":"Piiri 1385","article_publisher":"https:\/\/www.facebook.com\/rotary\/","article_modified_time":"2025-06-02T18:54:39+00:00","og_image":[{"url":"https:\/\/rotary.fi\/d1385\/wp-content\/uploads\/sites\/193\/2020\/06\/rotary-youth-exchange-products-logo-150x150.jpeg","type":"","width":"","height":""}],"twitter_card":"summary_large_image","twitter_misc":{"Arvioitu lukuaika":"3 minuuttia"},"schema":{"@context":"https:\/\/schema.org","@graph":[{"@type":"WebPage","@id":"https:\/\/rotary.fi\/d1385\/mita-teemme\/nuorisovaihto\/","url":"https:\/\/rotary.fi\/d1385\/mita-teemme\/nuorisovaihto\/","name":"Nuorisovaihto - Piiri 1385","isPartOf":{"@id":"https:\/\/rotary.fi\/d1385\/#website"},"primaryImageOfPage":{"@id":"https:\/\/rotary.fi\/d1385\/mita-teemme\/nuorisovaihto\/#primaryimage"},"image":{"@id":"https:\/\/rotary.fi\/d1385\/mita-teemme\/nuorisovaihto\/#primaryimage"},"thumbnailUrl":"https:\/\/rotary.fi\/d1385\/wp-content\/uploads\/sites\/193\/2020\/06\/rotary-youth-exchange-products-logo-150x150.jpeg","datePublished":"2018-04-06T12:48:45+00:00","dateModified":"2025-06-02T18:54:39+00:00","breadcrumb":{"@id":"https:\/\/rotary.fi\/d1385\/mita-teemme\/nuorisovaihto\/#breadcrumb"},"inLanguage":"fi","potentialAction":[{"@type":"ReadAction","target":["https:\/\/rotary.fi\/d1385\/mita-teemme\/nuorisovaihto\/"]}]},{"@type":"ImageObject","inLanguage":"fi","@id":"https:\/\/rotary.fi\/d1385\/mita-teemme\/nuorisovaihto\/#primaryimage","url":"https:\/\/rotary.fi\/d1385\/wp-content\/uploads\/sites\/193\/2020\/06\/rotary-youth-exchange-products-logo-150x150.jpeg","contentUrl":"https:\/\/rotary.fi\/d1385\/wp-content\/uploads\/sites\/193\/2020\/06\/rotary-youth-exchange-products-logo-150x150.jpeg"},{"@type":"BreadcrumbList","@id":"https:\/\/rotary.fi\/d1385\/mita-teemme\/nuorisovaihto\/#breadcrumb","itemListElement":[{"@type":"ListItem","position":1,"name":"Home","item":"https:\/\/rotary.fi\/d1385\/"},{"@type":"ListItem","position":2,"name":"Mit\u00e4 teemme","item":"https:\/\/rotary.fi\/d1385\/mita-teemme\/"},{"@type":"ListItem","position":3,"name":"Nuorisovaihto"}]},{"@type":"WebSite","@id":"https:\/\/rotary.fi\/d1385\/#website","url":"https:\/\/rotary.fi\/d1385\/","name":"Piiri 1385","description":"Suomen Rotary","potentialAction":[{"@type":"SearchAction","target":{"@type":"EntryPoint","urlTemplate":"https:\/\/rotary.fi\/d1385\/?s={search_term_string}"},"query-input":{"@type":"PropertyValueSpecification","valueRequired":true,"valueName":"search_term_string"}}],"inLanguage":"fi"}]}},"lang":"fi","translations":{"fi":497,"sv":2665,"en":2921},"pll_sync_post":[],"_links":{"self":[{"href":"https:\/\/rotary.fi\/d1385\/wp-json\/wp\/v2\/pages\/497","targetHints":{"allow":["GET"]}}],"collection":[{"href":"https:\/\/rotary.fi\/d1385\/wp-json\/wp\/v2\/pages"}],"about":[{"href":"https:\/\/rotary.fi\/d1385\/wp-json\/wp\/v2\/types\/page"}],"author":[{"embeddable":true,"href":"https:\/\/rotary.fi\/d1385\/wp-json\/wp\/v2\/users\/1"}],"replies":[{"embeddable":true,"href":"https:\/\/rotary.fi\/d1385\/wp-json\/wp\/v2\/comments?post=497"}],"version-history":[{"count":11,"href":"https:\/\/rotary.fi\/d1385\/wp-json\/wp\/v2\/pages\/497\/revisions"}],"predecessor-version":[{"id":6754,"href":"https:\/\/rotary.fi\/d1385\/wp-json\/wp\/v2\/pages\/497\/revisions\/6754"}],"up":[{"embeddable":true,"href":"https:\/\/rotary.fi\/d1385\/wp-json\/wp\/v2\/pages\/656"}],"wp:attachment":[{"href":"https:\/\/rotary.fi\/d1385\/wp-json\/wp\/v2\/media?parent=497"}],"curies":[{"name":"wp","href":"https:\/\/api.w.org\/{rel}","templated":true}]}}