{"id":489,"date":"2018-04-06T14:39:30","date_gmt":"2018-04-06T12:39:30","guid":{"rendered":"http:\/\/rotary.fi\/piirisivusto\/?page_id=489"},"modified":"2022-08-17T13:51:47","modified_gmt":"2022-08-17T11:51:47","slug":"kansainvaliset-projektit","status":"publish","type":"page","link":"https:\/\/rotary.fi\/d1385\/mita-teemme\/kansainvaliset-projektit\/","title":{"rendered":"Kansainv\u00e4liset projektit"},"content":{"rendered":"<p>[et_pb_section fb_built=&#8221;1&#8243; module_class=&#8221;jumbotron-page&#8221; _builder_version=&#8221;4.16&#8243; background_image=&#8221;http:\/\/rotary.fi\/piirisivusto\/wp-content\/uploads\/sites\/193\/2018\/04\/paakuva_kansainvaliset_projektit_mita_teemme.jpg&#8221; global_colors_info=&#8221;{}&#8221;][et_pb_row module_class=&#8221; et_pb_row_fullwidth&#8221; _builder_version=&#8221;4.16&#8243; width=&#8221;89%&#8221; width_tablet=&#8221;80%&#8221; width_phone=&#8221;&#8221; width_last_edited=&#8221;on|desktop&#8221; max_width=&#8221;89%&#8221; max_width_tablet=&#8221;80%&#8221; max_width_phone=&#8221;&#8221; max_width_last_edited=&#8221;on|desktop&#8221; make_fullwidth=&#8221;on&#8221; global_colors_info=&#8221;{}&#8221;][et_pb_column type=&#8221;4_4&#8243; _builder_version=&#8221;4.16&#8243; custom_padding=&#8221;|||&#8221; global_colors_info=&#8221;{}&#8221; custom_padding__hover=&#8221;|||&#8221;][et_pb_text admin_label=&#8221;Kansainv\u00e4liset projektit -otsikko&#8221; _builder_version=&#8221;4.16&#8243; text_orientation=&#8221;center&#8221; background_layout=&#8221;dark&#8221; global_colors_info=&#8221;{}&#8221;]<\/p>\n<h1>Kansainv\u00e4liset projektit<\/h1>\n<p>[\/et_pb_text][\/et_pb_column][\/et_pb_row][\/et_pb_section][et_pb_section fb_built=&#8221;1&#8243; module_class=&#8221;sisaltoalue_perus&#8221; _builder_version=&#8221;4.16&#8243; custom_margin=&#8221;||40px|&#8221; global_colors_info=&#8221;{}&#8221;][et_pb_row custom_padding_last_edited=&#8221;on|phone&#8221; _builder_version=&#8221;4.16&#8243; custom_padding_tablet=&#8221;&#8221; custom_padding_phone=&#8221;&#8221; global_colors_info=&#8221;{}&#8221;][et_pb_column type=&#8221;4_4&#8243; _builder_version=&#8221;4.16&#8243; custom_padding=&#8221;|||&#8221; global_colors_info=&#8221;{}&#8221; custom_padding__hover=&#8221;|||&#8221;][et_pb_text admin_label=&#8221;Kansainv\u00e4liset projektit -otsikko&#8221; _builder_version=&#8221;4.16&#8243; text_orientation=&#8221;center&#8221; global_colors_info=&#8221;{}&#8221;]<\/p>\n<h1>Kansainv\u00e4liset projektit<\/h1>\n<p>[\/et_pb_text][et_pb_text _builder_version=&#8221;4.17.4&#8243; custom_padding=&#8221;||0px|||&#8221; hover_enabled=&#8221;0&#8243; z_index_tablet=&#8221;500&#8243; text_text_shadow_horizontal_length_tablet=&#8221;0px&#8221; text_text_shadow_vertical_length_tablet=&#8221;0px&#8221; text_text_shadow_blur_strength_tablet=&#8221;1px&#8221; link_text_shadow_horizontal_length_tablet=&#8221;0px&#8221; link_text_shadow_vertical_length_tablet=&#8221;0px&#8221; link_text_shadow_blur_strength_tablet=&#8221;1px&#8221; ul_text_shadow_horizontal_length_tablet=&#8221;0px&#8221; ul_text_shadow_vertical_length_tablet=&#8221;0px&#8221; ul_text_shadow_blur_strength_tablet=&#8221;1px&#8221; ol_text_shadow_horizontal_length_tablet=&#8221;0px&#8221; ol_text_shadow_vertical_length_tablet=&#8221;0px&#8221; ol_text_shadow_blur_strength_tablet=&#8221;1px&#8221; quote_text_shadow_horizontal_length_tablet=&#8221;0px&#8221; quote_text_shadow_vertical_length_tablet=&#8221;0px&#8221; quote_text_shadow_blur_strength_tablet=&#8221;1px&#8221; header_text_shadow_horizontal_length_tablet=&#8221;0px&#8221; header_text_shadow_vertical_length_tablet=&#8221;0px&#8221; header_text_shadow_blur_strength_tablet=&#8221;1px&#8221; header_2_text_shadow_horizontal_length_tablet=&#8221;0px&#8221; header_2_text_shadow_vertical_length_tablet=&#8221;0px&#8221; header_2_text_shadow_blur_strength_tablet=&#8221;1px&#8221; header_3_text_shadow_horizontal_length_tablet=&#8221;0px&#8221; header_3_text_shadow_vertical_length_tablet=&#8221;0px&#8221; header_3_text_shadow_blur_strength_tablet=&#8221;1px&#8221; header_4_text_shadow_horizontal_length_tablet=&#8221;0px&#8221; header_4_text_shadow_vertical_length_tablet=&#8221;0px&#8221; header_4_text_shadow_blur_strength_tablet=&#8221;1px&#8221; header_5_text_shadow_horizontal_length_tablet=&#8221;0px&#8221; header_5_text_shadow_vertical_length_tablet=&#8221;0px&#8221; header_5_text_shadow_blur_strength_tablet=&#8221;1px&#8221; header_6_text_shadow_horizontal_length_tablet=&#8221;0px&#8221; header_6_text_shadow_vertical_length_tablet=&#8221;0px&#8221; header_6_text_shadow_blur_strength_tablet=&#8221;1px&#8221; box_shadow_horizontal_tablet=&#8221;0px&#8221; box_shadow_vertical_tablet=&#8221;0px&#8221; box_shadow_blur_tablet=&#8221;40px&#8221; box_shadow_spread_tablet=&#8221;0px&#8221; global_colors_info=&#8221;{}&#8221; sticky_enabled=&#8221;0&#8243;]<\/p>\n<p>Maailmanlaajuinen Rotary on merkityksellisempi kuin koskaan ennen, ja sen mahdollisuudet tehd\u00e4 hyv\u00e4\u00e4 ovat mittavat. Rotarys\u00e4\u00e4ti\u00f6 tukee kansainv\u00e4lisi\u00e4 projekteja mm. Global Grant -apurahoin.<\/p>\n<p>Kaikkien Global Grant -apurahalla rahoitettavien hankkeiden ja projektien tulee liitty\u00e4 yhteen tai useampaan Rotaryn keskittymisalueista. N\u00e4it\u00e4 ovat:<\/p>\n<ol>\n<li>Rauhantutkimus sek\u00e4 konfliktien ehk\u00e4isy ja sovittelu<\/li>\n<li>Sairauksien ehk\u00e4isy ja hoito<\/li>\n<li>Vesi ja sanitaatio<\/li>\n<li>\u00c4idin ja lapsen terveys<\/li>\n<li>Peruskoulutus sek\u00e4 luku- ja kirjoitustaito<\/li>\n<li>Taloudellinen ja yhteiskunnallinen kehitt\u00e4minen<\/li>\n<li>Ymp\u00e4rist\u00f6<\/li>\n<\/ol>\n<p>Global Grant -apurahaprojektin budjetin tulee olla v\u00e4hint\u00e4\u00e4n 30\u00a0000 USD. Jokaisen Global Grant -apurahan sponsorina tulee olla kaksi klubia tai piiri\u00e4: is\u00e4nt\u00e4partneri siit\u00e4 maasta, jossa aktiviteetti tapahtuu, ja kansainv\u00e4linen partneri t\u00e4m\u00e4n maan ulkopuolelta. Global Grant -apurahoilla Rotary tavoittelee aikaisempaa suurempia projekteja, joilla on kest\u00e4vi\u00e4 vaikutuksia ja pysyvi\u00e4 muutoksia.<br \/>My\u00f6s ty\u00f6 polion poistamiseksi maailmasta on osa Rotaryn kansainv\u00e4list\u00e4 toimintaa.<\/p>\n<h4>Ota yhteytt\u00e4:<\/h4>\n<p>Piirin 1385 Rotarys\u00e4\u00e4ti\u00f6n puheenjohtajat<\/p>\n<p><strong>Puheenjohtaja<br \/>Mari Numminen,<\/strong>\u00a0Kemi<br \/>Mobile +358-40-589 6476<br \/>E-mail:\u00a0<a href=\"mailto:pt.team.mari@gmail.com\">pt.team.mari@gmail.com<\/a><\/p>\n<p><strong>Varapuheenjohtaja<br \/>Juha<\/strong>\u00a0<strong>Risteli,<\/strong>\u00a0Oulun Tulli<br \/>Mobile +358-40-590 9512<br \/>E-mail:\u00a0<a href=\"mailto:juha.risteli@oulu.fi\">juha.risteli@oulu.fi<\/a><\/p>\n<p>[\/et_pb_text][\/et_pb_column][\/et_pb_row][\/et_pb_section]<\/p>\n","protected":false},"excerpt":{"rendered":"<p>Kansainv\u00e4liset projektit Kansainv\u00e4liset projektit Maailmanlaajuinen Rotary on merkityksellisempi kuin koskaan ennen, ja sen mahdollisuudet tehd\u00e4 hyv\u00e4\u00e4 ovat mittavat. Rotarys\u00e4\u00e4ti\u00f6 tukee kansainv\u00e4lisi\u00e4 projekteja mm. Global Grant -apurahoin. Kaikkien Global Grant -apurahalla rahoitettavien hankkeiden ja projektien tulee liitty\u00e4 yhteen tai useampaan Rotaryn keskittymisalueista. N\u00e4it\u00e4 ovat: Rauhantutkimus sek\u00e4 konfliktien ehk\u00e4isy ja sovittelu Sairauksien ehk\u00e4isy ja hoito Vesi ja [&hellip;]<\/p>\n","protected":false},"author":1,"featured_media":0,"parent":656,"menu_order":4,"comment_status":"closed","ping_status":"closed","template":"","meta":{"_acf_changed":false,"_et_pb_use_builder":"on","_et_pb_old_content":"","_et_gb_content_width":"","footnotes":""},"class_list":["post-489","page","type-page","status-publish","hentry"],"acf":[],"yoast_head":"<!-- This site is optimized with the Yoast SEO plugin v27.0 - https:\/\/yoast.com\/product\/yoast-seo-wordpress\/ -->\n<title>Kansainv\u00e4liset projektit - Piiri 1385<\/title>\n<meta name=\"robots\" content=\"index, follow, max-snippet:-1, max-image-preview:large, max-video-preview:-1\" \/>\n<link rel=\"canonical\" href=\"https:\/\/rotary.fi\/d1385\/mita-teemme\/kansainvaliset-projektit\/\" \/>\n<meta property=\"og:locale\" content=\"fi_FI\" \/>\n<meta property=\"og:type\" content=\"article\" \/>\n<meta property=\"og:title\" content=\"Kansainv\u00e4liset projektit - Piiri 1385\" \/>\n<meta property=\"og:description\" content=\"Kansainv\u00e4liset projektit Kansainv\u00e4liset projektit Maailmanlaajuinen Rotary on merkityksellisempi kuin koskaan ennen, ja sen mahdollisuudet tehd\u00e4 hyv\u00e4\u00e4 ovat mittavat. Rotarys\u00e4\u00e4ti\u00f6 tukee kansainv\u00e4lisi\u00e4 projekteja mm. Global Grant -apurahoin. Kaikkien Global Grant -apurahalla rahoitettavien hankkeiden ja projektien tulee liitty\u00e4 yhteen tai useampaan Rotaryn keskittymisalueista. N\u00e4it\u00e4 ovat: Rauhantutkimus sek\u00e4 konfliktien ehk\u00e4isy ja sovittelu Sairauksien ehk\u00e4isy ja hoito Vesi ja [&hellip;]\" \/>\n<meta property=\"og:url\" content=\"https:\/\/rotary.fi\/d1385\/mita-teemme\/kansainvaliset-projektit\/\" \/>\n<meta property=\"og:site_name\" content=\"Piiri 1385\" \/>\n<meta property=\"article:publisher\" content=\"https:\/\/www.facebook.com\/rotary\/\" \/>\n<meta property=\"article:modified_time\" content=\"2022-08-17T11:51:47+00:00\" \/>\n<meta name=\"twitter:card\" content=\"summary_large_image\" \/>\n<meta name=\"twitter:label1\" content=\"Arvioitu lukuaika\" \/>\n\t<meta name=\"twitter:data1\" content=\"2 minuuttia\" \/>\n<script type=\"application\/ld+json\" class=\"yoast-schema-graph\">{\"@context\":\"https:\/\/schema.org\",\"@graph\":[{\"@type\":\"WebPage\",\"@id\":\"https:\/\/rotary.fi\/d1385\/mita-teemme\/kansainvaliset-projektit\/\",\"url\":\"https:\/\/rotary.fi\/d1385\/mita-teemme\/kansainvaliset-projektit\/\",\"name\":\"Kansainv\u00e4liset projektit - Piiri 1385\",\"isPartOf\":{\"@id\":\"https:\/\/rotary.fi\/d1385\/#website\"},\"datePublished\":\"2018-04-06T12:39:30+00:00\",\"dateModified\":\"2022-08-17T11:51:47+00:00\",\"breadcrumb\":{\"@id\":\"https:\/\/rotary.fi\/d1385\/mita-teemme\/kansainvaliset-projektit\/#breadcrumb\"},\"inLanguage\":\"fi\",\"potentialAction\":[{\"@type\":\"ReadAction\",\"target\":[\"https:\/\/rotary.fi\/d1385\/mita-teemme\/kansainvaliset-projektit\/\"]}]},{\"@type\":\"BreadcrumbList\",\"@id\":\"https:\/\/rotary.fi\/d1385\/mita-teemme\/kansainvaliset-projektit\/#breadcrumb\",\"itemListElement\":[{\"@type\":\"ListItem\",\"position\":1,\"name\":\"Home\",\"item\":\"https:\/\/rotary.fi\/d1385\/\"},{\"@type\":\"ListItem\",\"position\":2,\"name\":\"Mit\u00e4 teemme\",\"item\":\"https:\/\/rotary.fi\/d1385\/mita-teemme\/\"},{\"@type\":\"ListItem\",\"position\":3,\"name\":\"Kansainv\u00e4liset projektit\"}]},{\"@type\":\"WebSite\",\"@id\":\"https:\/\/rotary.fi\/d1385\/#website\",\"url\":\"https:\/\/rotary.fi\/d1385\/\",\"name\":\"Piiri 1385\",\"description\":\"Suomen Rotary\",\"potentialAction\":[{\"@type\":\"SearchAction\",\"target\":{\"@type\":\"EntryPoint\",\"urlTemplate\":\"https:\/\/rotary.fi\/d1385\/?s={search_term_string}\"},\"query-input\":{\"@type\":\"PropertyValueSpecification\",\"valueRequired\":true,\"valueName\":\"search_term_string\"}}],\"inLanguage\":\"fi\"}]}<\/script>\n<!-- \/ Yoast SEO plugin. -->","yoast_head_json":{"title":"Kansainv\u00e4liset projektit - Piiri 1385","robots":{"index":"index","follow":"follow","max-snippet":"max-snippet:-1","max-image-preview":"max-image-preview:large","max-video-preview":"max-video-preview:-1"},"canonical":"https:\/\/rotary.fi\/d1385\/mita-teemme\/kansainvaliset-projektit\/","og_locale":"fi_FI","og_type":"article","og_title":"Kansainv\u00e4liset projektit - Piiri 1385","og_description":"Kansainv\u00e4liset projektit Kansainv\u00e4liset projektit Maailmanlaajuinen Rotary on merkityksellisempi kuin koskaan ennen, ja sen mahdollisuudet tehd\u00e4 hyv\u00e4\u00e4 ovat mittavat. Rotarys\u00e4\u00e4ti\u00f6 tukee kansainv\u00e4lisi\u00e4 projekteja mm. Global Grant -apurahoin. Kaikkien Global Grant -apurahalla rahoitettavien hankkeiden ja projektien tulee liitty\u00e4 yhteen tai useampaan Rotaryn keskittymisalueista. N\u00e4it\u00e4 ovat: Rauhantutkimus sek\u00e4 konfliktien ehk\u00e4isy ja sovittelu Sairauksien ehk\u00e4isy ja hoito Vesi ja [&hellip;]","og_url":"https:\/\/rotary.fi\/d1385\/mita-teemme\/kansainvaliset-projektit\/","og_site_name":"Piiri 1385","article_publisher":"https:\/\/www.facebook.com\/rotary\/","article_modified_time":"2022-08-17T11:51:47+00:00","twitter_card":"summary_large_image","twitter_misc":{"Arvioitu lukuaika":"2 minuuttia"},"schema":{"@context":"https:\/\/schema.org","@graph":[{"@type":"WebPage","@id":"https:\/\/rotary.fi\/d1385\/mita-teemme\/kansainvaliset-projektit\/","url":"https:\/\/rotary.fi\/d1385\/mita-teemme\/kansainvaliset-projektit\/","name":"Kansainv\u00e4liset projektit - Piiri 1385","isPartOf":{"@id":"https:\/\/rotary.fi\/d1385\/#website"},"datePublished":"2018-04-06T12:39:30+00:00","dateModified":"2022-08-17T11:51:47+00:00","breadcrumb":{"@id":"https:\/\/rotary.fi\/d1385\/mita-teemme\/kansainvaliset-projektit\/#breadcrumb"},"inLanguage":"fi","potentialAction":[{"@type":"ReadAction","target":["https:\/\/rotary.fi\/d1385\/mita-teemme\/kansainvaliset-projektit\/"]}]},{"@type":"BreadcrumbList","@id":"https:\/\/rotary.fi\/d1385\/mita-teemme\/kansainvaliset-projektit\/#breadcrumb","itemListElement":[{"@type":"ListItem","position":1,"name":"Home","item":"https:\/\/rotary.fi\/d1385\/"},{"@type":"ListItem","position":2,"name":"Mit\u00e4 teemme","item":"https:\/\/rotary.fi\/d1385\/mita-teemme\/"},{"@type":"ListItem","position":3,"name":"Kansainv\u00e4liset projektit"}]},{"@type":"WebSite","@id":"https:\/\/rotary.fi\/d1385\/#website","url":"https:\/\/rotary.fi\/d1385\/","name":"Piiri 1385","description":"Suomen Rotary","potentialAction":[{"@type":"SearchAction","target":{"@type":"EntryPoint","urlTemplate":"https:\/\/rotary.fi\/d1385\/?s={search_term_string}"},"query-input":{"@type":"PropertyValueSpecification","valueRequired":true,"valueName":"search_term_string"}}],"inLanguage":"fi"}]}},"lang":"fi","translations":{"fi":489,"sv":2671,"en":2927},"pll_sync_post":[],"_links":{"self":[{"href":"https:\/\/rotary.fi\/d1385\/wp-json\/wp\/v2\/pages\/489","targetHints":{"allow":["GET"]}}],"collection":[{"href":"https:\/\/rotary.fi\/d1385\/wp-json\/wp\/v2\/pages"}],"about":[{"href":"https:\/\/rotary.fi\/d1385\/wp-json\/wp\/v2\/types\/page"}],"author":[{"embeddable":true,"href":"https:\/\/rotary.fi\/d1385\/wp-json\/wp\/v2\/users\/1"}],"replies":[{"embeddable":true,"href":"https:\/\/rotary.fi\/d1385\/wp-json\/wp\/v2\/comments?post=489"}],"version-history":[{"count":9,"href":"https:\/\/rotary.fi\/d1385\/wp-json\/wp\/v2\/pages\/489\/revisions"}],"predecessor-version":[{"id":6242,"href":"https:\/\/rotary.fi\/d1385\/wp-json\/wp\/v2\/pages\/489\/revisions\/6242"}],"up":[{"embeddable":true,"href":"https:\/\/rotary.fi\/d1385\/wp-json\/wp\/v2\/pages\/656"}],"wp:attachment":[{"href":"https:\/\/rotary.fi\/d1385\/wp-json\/wp\/v2\/media?parent=489"}],"curies":[{"name":"wp","href":"https:\/\/api.w.org\/{rel}","templated":true}]}}