{"id":4848,"date":"2020-10-16T18:20:29","date_gmt":"2020-10-16T16:20:29","guid":{"rendered":"https:\/\/rotary.fi\/d1385\/?page_id=4848"},"modified":"2020-12-09T07:44:49","modified_gmt":"2020-12-09T05:44:49","slug":"rotarysaatio","status":"publish","type":"page","link":"https:\/\/rotary.fi\/d1385\/rotarysaatio\/","title":{"rendered":"Rotarysaatio"},"content":{"rendered":"<p>[et_pb_section fb_built=&#8221;1&#8243; admin_label=&#8221;section&#8221; _builder_version=&#8221;3.22&#8243;][et_pb_row admin_label=&#8221;row&#8221; _builder_version=&#8221;3.25&#8243; background_size=&#8221;initial&#8221; background_position=&#8221;top_left&#8221; background_repeat=&#8221;repeat&#8221;][et_pb_column type=&#8221;4_4&#8243; _builder_version=&#8221;3.25&#8243; custom_padding=&#8221;|||&#8221; custom_padding__hover=&#8221;|||&#8221;][et_pb_text admin_label=&#8221;Text&#8221; _builder_version=&#8221;4.4.8&#8243; background_size=&#8221;initial&#8221; background_position=&#8221;top_left&#8221; background_repeat=&#8221;repeat&#8221; hover_enabled=&#8221;0&#8243;]<\/p>\n<h4>D 1385<\/h4>\n<ul>\n<li><b><\/b><b>Kaikki Rotarypiirin 1385 Rotarys\u00e4\u00e4ti\u00f6 -asiakirjat (hakulomakkeet ym.)\u00a0\u2013 TRF \u2013 The Rotary Foundation<\/b>\n<ul>\n<li><em>Klubi:<\/em> <a href=\"https:\/\/drive.google.com\/file\/d\/1Cas3zycSo4XQeK0jVaoRot3h0bAFrbYe\/view?usp=sharing\" target=\"_blank\" rel=\"noopener noreferrer\"><b>Piiriapurahan hakemuslomake vuodelle 2021<\/b><\/a><\/li>\n<li><em>Opiskelija:<\/em><strong><a href=\"https:\/\/drive.google.com\/file\/d\/1BYW_JPe3v42UxQdYaLARoVwAtudEV2so\/view?usp=sharing\" target=\"_blank\" rel=\"noopener noreferrer\"> Stipendihakemuslomake vuodelle 2021-11<\/a><\/strong><\/li>\n<li><a href=\"https:\/\/drive.google.com\/drive\/folders\/1_Re6esKdg7If6evh8YCr1T4idLeyAINR?usp=sharing\" target=\"_blank\" rel=\"noopener noreferrer\"><strong>Muut 1385 Rotarys\u00e4\u00e4ti\u00f6asiakirjat<\/strong><\/a><\/li>\n<\/ul>\n<\/li>\n<li><a href=\"https:\/\/drive.google.com\/drive\/folders\/1GkUogI4xWmzkgASkXO-wTcon0xsM97Tl\" target=\"_blank\" rel=\"noopener noreferrer\"><strong>PHF-hakulomakkeet suomeksi ja ruotsiksi<\/strong><\/a>\n<ul>\n<li>\n<div><a href=\"-%20PHF-hakuohjeet - 123_contribution form - 123_contribution form esimerkki\" target=\"_blank\" rel=\"noopener noreferrer\"><\/a><a href=\"https:\/\/drive.google.com\/drive\/folders\/1GkUogI4xWmzkgASkXO-wTcon0xsM97Tl\" target=\"_blank\" rel=\"noopener noreferrer\">PHF-hakuohjeet<\/a><\/div>\n<\/li>\n<li>\n<div><a href=\"https:\/\/drive.google.com\/drive\/folders\/1GkUogI4xWmzkgASkXO-wTcon0xsM97Tl\" target=\"_blank\" rel=\"noopener noreferrer\">123_contribution form<\/a><\/div>\n<\/li>\n<li>\n<div><a href=\"https:\/\/drive.google.com\/drive\/folders\/1GkUogI4xWmzkgASkXO-wTcon0xsM97Tl\" target=\"_blank\" rel=\"noopener noreferrer\">123_contribution form esimerkki<\/a><\/div>\n<div><a href=\"-%20PHF-hakuohjeet - 123_contribution form - 123_contribution form esimerkki\" target=\"_blank\" rel=\"noopener noreferrer\"><\/a><\/div>\n<p><b>HUOM! Lataa lomake ensin koneellesi ja talleta se.\u00a0Sen j\u00e4lkeen voit avata lomakkeen, t\u00e4ytt\u00e4\u00e4, tallentaa, tulostaa ja l\u00e4hett\u00e4\u00e4.<\/b><\/p>\n<\/li>\n<\/ul>\n<\/li>\n<li><a href=\"https:\/\/drive.google.com\/drive\/folders\/12S-VLfE0VlhZkWWoWTYfl9Tyo_b5X7Yo?usp=sharing\" target=\"_blank\" rel=\"noopener noreferrer\"><strong>Katso t\u00e4st\u00e4 monia muita Rotarys\u00e4\u00e4ti\u00f6n &#8211; The Rotary Foundation -lomakkeita<\/strong><\/a><\/li>\n<\/ul>\n<p><a href=\"https:\/\/drive.google.com\/drive\/folders\/1kmea4LXxjwizPCrQNAfe9NEElJyMKNje?usp=sharing\" target=\"_blank\" rel=\"noopener noreferrer\"><strong>S\u00e4\u00e4ti\u00f6seminaarin esitykset 24.10.2020<\/strong><\/a><\/p>\n<ul>\n<li><a href=\"https:\/\/drive.google.com\/file\/d\/13dujg5aU1ez2-854Sowi9QKD_fYYZtDl\/view?usp=sharing\" target=\"_blank\" rel=\"noopener noreferrer\"><strong>Miten saamme klubillemme piiriapurahan<\/strong><\/a><\/li>\n<li><a href=\"https:\/\/drive.google.com\/file\/d\/1v4t8z8iijeZQZ1cnHgTB_WPr03H7OKP-\/view?usp=sharing\" target=\"_blank\" rel=\"noopener noreferrer\"><strong>Rotarys\u00e4\u00e4ti\u00f6n erilaiset tukimahdollisuudet<\/strong><\/a><\/li>\n<li><a href=\"https:\/\/drive.google.com\/file\/d\/1lrd1_g0sRw2prOP3lbA8D93rsymFkmJt\/view?usp=sharing\" target=\"_blank\" rel=\"noopener noreferrer\"><strong>Mist\u00e4 Rotarys\u00e4\u00e4ti\u00f6 saa rahansa<\/strong><\/a><a href=\"https:\/\/drive.google.com\/drive\/folders\/1kmea4LXxjwizPCrQNAfe9NEElJyMKNje?usp=sharing\" target=\"_blank\" rel=\"noopener noreferrer\"><strong><\/strong><\/a><\/li>\n<\/ul>\n<p>&nbsp;<\/p>\n<pre><strong><a href=\"https:\/\/drive.google.com\/drive\/u\/0\/folders\/1uBr_3eW1ouizYn0n1MVMje67LG0yNUoZ\" target=\"_blank\" rel=\"noopener noreferrer\">Vanhempi D1380-GoogleDrive<\/a><\/strong><\/pre>\n<ul>\n<li>\n<pre><strong><a href=\"https:\/\/drive.google.com\/drive\/u\/0\/folders\/1bvyTxFqJw5ZwfNGISCdiewZh8mlH4Bfr\" target=\"_blank\" rel=\"noopener noreferrer\">Kuvern\u00f6\u00f6rin kuukausikirjeet 2019-20<\/a><\/strong><\/pre>\n<\/li>\n<li>\n<pre><strong><a href=\"https:\/\/drive.google.com\/drive\/u\/0\/folders\/1uBr_3eW1ouizYn0n1MVMje67LG0yNUoZ\" target=\"_blank\" rel=\"noopener noreferrer\">Muut tiedostot (2018-19 ja 2019-20)<\/a><\/strong><\/pre>\n<\/li>\n<\/ul>\n<p>[\/et_pb_text][\/et_pb_column][\/et_pb_row][\/et_pb_section][et_pb_section fb_built=&#8221;1&#8243; module_class=&#8221;jumbotron-page&#8221; _builder_version=&#8221;3.22.3&#8243; background_image=&#8221;https:\/\/rotary.fi\/piirisivusto\/wp-content\/uploads\/sites\/193\/2019\/03\/rotary_klubit_alasivu_paakuva_12.jpg&#8221;][et_pb_row module_class=&#8221; et_pb_row_fullwidth&#8221; _builder_version=&#8221;3.25&#8243; width=&#8221;89%&#8221; width_tablet=&#8221;80%&#8221; width_phone=&#8221;&#8221; width_last_edited=&#8221;on|desktop&#8221; max_width=&#8221;89%&#8221; max_width_tablet=&#8221;80%&#8221; max_width_phone=&#8221;&#8221; max_width_last_edited=&#8221;on|desktop&#8221; make_fullwidth=&#8221;on&#8221;][et_pb_column type=&#8221;4_4&#8243; _builder_version=&#8221;3.25&#8243; custom_padding=&#8221;|||&#8221; custom_padding__hover=&#8221;|||&#8221;][et_pb_text admin_label=&#8221;P\u00e4\u00e4otsikko kuvan p\u00e4\u00e4ll\u00e4&#8221; _builder_version=&#8221;3.27.4&#8243; text_orientation=&#8221;center&#8221; background_layout=&#8221;dark&#8221; locked=&#8221;off&#8221; collapsed=&#8221;off&#8221;]<\/p>\n<h1>Rotarys\u00e4\u00e4ti\u00f6<\/h1>\n<p>[\/et_pb_text][\/et_pb_column][\/et_pb_row][\/et_pb_section][et_pb_section fb_built=&#8221;1&#8243; module_class=&#8221;sisaltoalue_perus&#8221; _builder_version=&#8221;3.22.3&#8243; custom_margin=&#8221;||40px|&#8221;][et_pb_row custom_padding_last_edited=&#8221;on|phone&#8221; _builder_version=&#8221;3.25&#8243; custom_padding_tablet=&#8221;&#8221; custom_padding_phone=&#8221;&#8221;][et_pb_column type=&#8221;4_4&#8243; _builder_version=&#8221;3.25&#8243; custom_padding=&#8221;|||&#8221; custom_padding__hover=&#8221;|||&#8221;][et_pb_text admin_label=&#8221;P\u00e4\u00e4otsikko ennen sis\u00e4lt\u00f6\u00e4&#8221; _builder_version=&#8221;3.27.4&#8243; text_orientation=&#8221;center&#8221;]<\/p>\n<h1>Rotarys\u00e4\u00e4ti\u00f6<\/h1>\n<p>[\/et_pb_text][et_pb_text _builder_version=&#8221;3.27.4&#8243; z_index_tablet=&#8221;500&#8243; text_text_shadow_horizontal_length_tablet=&#8221;0px&#8221; text_text_shadow_vertical_length_tablet=&#8221;0px&#8221; text_text_shadow_blur_strength_tablet=&#8221;1px&#8221; link_text_shadow_horizontal_length_tablet=&#8221;0px&#8221; link_text_shadow_vertical_length_tablet=&#8221;0px&#8221; link_text_shadow_blur_strength_tablet=&#8221;1px&#8221; ul_text_shadow_horizontal_length_tablet=&#8221;0px&#8221; ul_text_shadow_vertical_length_tablet=&#8221;0px&#8221; ul_text_shadow_blur_strength_tablet=&#8221;1px&#8221; ol_text_shadow_horizontal_length_tablet=&#8221;0px&#8221; ol_text_shadow_vertical_length_tablet=&#8221;0px&#8221; ol_text_shadow_blur_strength_tablet=&#8221;1px&#8221; quote_text_shadow_horizontal_length_tablet=&#8221;0px&#8221; quote_text_shadow_vertical_length_tablet=&#8221;0px&#8221; quote_text_shadow_blur_strength_tablet=&#8221;1px&#8221; header_text_shadow_horizontal_length_tablet=&#8221;0px&#8221; header_text_shadow_vertical_length_tablet=&#8221;0px&#8221; header_text_shadow_blur_strength_tablet=&#8221;1px&#8221; header_2_text_shadow_horizontal_length_tablet=&#8221;0px&#8221; header_2_text_shadow_vertical_length_tablet=&#8221;0px&#8221; header_2_text_shadow_blur_strength_tablet=&#8221;1px&#8221; header_3_text_shadow_horizontal_length_tablet=&#8221;0px&#8221; header_3_text_shadow_vertical_length_tablet=&#8221;0px&#8221; header_3_text_shadow_blur_strength_tablet=&#8221;1px&#8221; header_4_text_shadow_horizontal_length_tablet=&#8221;0px&#8221; header_4_text_shadow_vertical_length_tablet=&#8221;0px&#8221; header_4_text_shadow_blur_strength_tablet=&#8221;1px&#8221; header_5_text_shadow_horizontal_length_tablet=&#8221;0px&#8221; header_5_text_shadow_vertical_length_tablet=&#8221;0px&#8221; header_5_text_shadow_blur_strength_tablet=&#8221;1px&#8221; header_6_text_shadow_horizontal_length_tablet=&#8221;0px&#8221; header_6_text_shadow_vertical_length_tablet=&#8221;0px&#8221; header_6_text_shadow_blur_strength_tablet=&#8221;1px&#8221; box_shadow_horizontal_tablet=&#8221;0px&#8221; box_shadow_vertical_tablet=&#8221;0px&#8221; box_shadow_blur_tablet=&#8221;40px&#8221; box_shadow_spread_tablet=&#8221;0px&#8221;]<\/p>\n<p>Rotarien ja rotaryklubien lahjoitukset hyv\u00e4ntekemiseen ohjataan Rotarys\u00e4\u00e4ti\u00f6n kautta apua tarvitseville niin l\u00e4helle kuin kauaskin. S\u00e4\u00e4ti\u00f6n apurahamallien avulla rotarit voivat auttaa ihmisi\u00e4 omassa elinpiiriss\u00e4\u00e4n ja maailmanlaajuisesti \u2013 vied\u00e4 apunsa sinne, miss\u00e4 h\u00e4t\u00e4 ja tarve on suurin.<\/p>\n<p>Rotarypiirin avustustoimintaa koordinoi rotarys\u00e4\u00e4ti\u00f6komitea. S\u00e4\u00e4ti\u00f6komitea kannustaa, kouluttaa ja avustaa rotareita piirins\u00e4 alueella tapahtuvassa varainhankinnassa ja avustustoiminnassa. Keskeisimm\u00e4t rotarys\u00e4\u00e4ti\u00f6n avustustoiminnan muodot ovat piiriapurahojen vuosittainen valmistelu, avustettavien klubihankkeiden valinnat ja maksatusten raportointi Rotarys\u00e4\u00e4ti\u00f6lle. <br \/>Piiriapurahaprosessin lis\u00e4ksi rotarys\u00e4\u00e4ti\u00f6komitea avustaa klubeja ja rotareita Poliorahaston avustusten ker\u00e4\u00e4misess\u00e4. Lahjarahastoon teht\u00e4v\u00e4t suuremmat lahjoitukset ja testamentit vaativat usein s\u00e4\u00e4ti\u00f6komitean asiantuntemusta.<\/p>\n<p>Rotarys\u00e4\u00e4ti\u00f6lle teht\u00e4vist\u00e4 lahjoituksista jaetaan rotareille my\u00f6s tunnustuksia. Tunnetuin tunnustuksista on Paul Harris Fellow -mitali. Piirin rotarys\u00e4\u00e4ti\u00f6komitea tilaa n\u00e4m\u00e4 tunnustukset aluetoimistosta Z\u00fcrichiss\u00e4.<\/p>\n<p>Suuremmista kansainv\u00e4lisist\u00e4 avustuksista \u2013 Global Grant -hankkeista \u2013 kerrotaan kansainv\u00e4listen projektien osiossa.<\/p>\n<h4>Ota yhteytt\u00e4:<\/h4>\n<p><strong>Puheenjohtaja<br \/><\/strong><strong>Arja Saarento<\/strong><span>, Kemi<br \/><\/span>Mobile +358-40-562 4954<strong><br \/><\/strong>E-mail:<span>\u00a0<\/span><a href=\"mailto:arja.saarento@outlook.com\">arja.saarento@outlook.com<\/a><\/p>\n<p><strong>Varapuheenjohtaja<br \/><\/strong><strong>Leif Saarela<\/strong><span>, Sein\u00e4joki\u00a0<br \/><\/span><span>Mobile +358-500-627\u00a0343<br \/><\/span><span>E-mail:\u00a0<\/span><a href=\"mailto:leif.saarela@satelcom.fi\">leif.saarela@satelcom.fi<\/a><\/p>\n<p>[\/et_pb_text][\/et_pb_column][\/et_pb_row][\/et_pb_section]<\/p>\n","protected":false},"excerpt":{"rendered":"<p>D 1385 Kaikki Rotarypiirin 1385 Rotarys\u00e4\u00e4ti\u00f6 -asiakirjat (hakulomakkeet ym.)\u00a0\u2013 TRF \u2013 The Rotary Foundation Klubi: Piiriapurahan hakemuslomake vuodelle 2021 Opiskelija: Stipendihakemuslomake vuodelle 2021-11 Muut 1385 Rotarys\u00e4\u00e4ti\u00f6asiakirjat PHF-hakulomakkeet suomeksi ja ruotsiksi PHF-hakuohjeet 123_contribution form 123_contribution form esimerkki HUOM! Lataa lomake ensin koneellesi ja talleta se.\u00a0Sen j\u00e4lkeen voit avata lomakkeen, t\u00e4ytt\u00e4\u00e4, tallentaa, tulostaa ja l\u00e4hett\u00e4\u00e4. Katso t\u00e4st\u00e4 [&hellip;]<\/p>\n","protected":false},"author":90,"featured_media":0,"parent":0,"menu_order":0,"comment_status":"closed","ping_status":"closed","template":"","meta":{"_acf_changed":false,"_et_pb_use_builder":"on","_et_pb_old_content":"<h4>D 1385<\/h4>\r\n<ul>\r\n \t<li><b><\/b><b><a href=\"https:\/\/drive.google.com\/drive\/folders\/1_Re6esKdg7If6evh8YCr1T4idLeyAINR?usp=sharing\" target=\"_blank\" rel=\"noopener noreferrer\">Piirin Rotarys\u00e4\u00e4ti\u00f6 -asiakirjat (hakulomakkeet ym.)<\/a>\u00a0\u2013 TRF \u2013 The Rotary Foundation<\/b>\r\n<ul>\r\n \t<li><b>HUOM! Lataa lomake ensin koneellesi ja talleta se.\u00a0Sen j\u00e4lkeen voit avata lomakkeen, t\u00e4ytt\u00e4\u00e4, tallentaa, tulostaa ja l\u00e4hett\u00e4\u00e4.<\/b><\/li>\r\n<\/ul>\r\n<\/li>\r\n \t<li><a href=\"https:\/\/drive.google.com\/drive\/folders\/12S-VLfE0VlhZkWWoWTYfl9Tyo_b5X7Yo?usp=sharing\" target=\"_blank\" rel=\"noopener noreferrer\"><strong>Katso t\u00e4st\u00e4 monia muita Rotarys\u00e4\u00e4ti\u00f6n - The Rotary Foundation -lomakkeita<\/strong><\/a><\/li>\r\n<\/ul>\r\n\u00a0\r\n\r\n\u00a0\r\n<pre><strong><a href=\"https:\/\/drive.google.com\/drive\/u\/0\/folders\/1uBr_3eW1ouizYn0n1MVMje67LG0yNUoZ\" target=\"_blank\" rel=\"noopener noreferrer\">Vanhempi D1380-GoogleDrive<\/a><\/strong><\/pre>\r\n<ul>\r\n \t<li>\r\n<pre><strong><a href=\"https:\/\/drive.google.com\/drive\/u\/0\/folders\/1bvyTxFqJw5ZwfNGISCdiewZh8mlH4Bfr\" target=\"_blank\" rel=\"noopener noreferrer\">Kuvern\u00f6\u00f6rin kuukausikirjeet 2019-20<\/a><\/strong><\/pre>\r\n<\/li>\r\n \t<li>\r\n<pre><strong><a href=\"https:\/\/drive.google.com\/drive\/u\/0\/folders\/1uBr_3eW1ouizYn0n1MVMje67LG0yNUoZ\" target=\"_blank\" rel=\"noopener noreferrer\">Muut tiedostot (2018-19 ja 2019-20)<\/a><\/strong><\/pre>\r\n<\/li>\r\n<\/ul>","_et_gb_content_width":"","footnotes":""},"class_list":["post-4848","page","type-page","status-publish","hentry"],"acf":[],"yoast_head":"<!-- This site is optimized with the Yoast SEO plugin v27.4 - https:\/\/yoast.com\/product\/yoast-seo-wordpress\/ -->\n<title>Rotarysaatio - Piiri 1385<\/title>\n<meta name=\"robots\" content=\"index, follow, max-snippet:-1, max-image-preview:large, max-video-preview:-1\" \/>\n<link rel=\"canonical\" href=\"https:\/\/rotary.fi\/d1385\/rotarysaatio\/\" \/>\n<meta property=\"og:locale\" content=\"fi_FI\" \/>\n<meta property=\"og:type\" content=\"article\" \/>\n<meta property=\"og:title\" content=\"Rotarysaatio - Piiri 1385\" \/>\n<meta property=\"og:description\" content=\"D 1385 Kaikki Rotarypiirin 1385 Rotarys\u00e4\u00e4ti\u00f6 -asiakirjat (hakulomakkeet ym.)\u00a0\u2013 TRF \u2013 The Rotary Foundation Klubi: Piiriapurahan hakemuslomake vuodelle 2021 Opiskelija: Stipendihakemuslomake vuodelle 2021-11 Muut 1385 Rotarys\u00e4\u00e4ti\u00f6asiakirjat PHF-hakulomakkeet suomeksi ja ruotsiksi PHF-hakuohjeet 123_contribution form 123_contribution form esimerkki HUOM! Lataa lomake ensin koneellesi ja talleta se.\u00a0Sen j\u00e4lkeen voit avata lomakkeen, t\u00e4ytt\u00e4\u00e4, tallentaa, tulostaa ja l\u00e4hett\u00e4\u00e4. Katso t\u00e4st\u00e4 [&hellip;]\" \/>\n<meta property=\"og:url\" content=\"https:\/\/rotary.fi\/d1385\/rotarysaatio\/\" \/>\n<meta property=\"og:site_name\" content=\"Piiri 1385\" \/>\n<meta property=\"article:publisher\" content=\"https:\/\/www.facebook.com\/rotary\/\" \/>\n<meta property=\"article:modified_time\" content=\"2020-12-09T05:44:49+00:00\" \/>\n<meta name=\"twitter:card\" content=\"summary_large_image\" \/>\n<meta name=\"twitter:label1\" content=\"Arvioitu lukuaika\" \/>\n\t<meta name=\"twitter:data1\" content=\"4 minuuttia\" \/>\n<script type=\"application\/ld+json\" class=\"yoast-schema-graph\">{\"@context\":\"https:\\\/\\\/schema.org\",\"@graph\":[{\"@type\":\"WebPage\",\"@id\":\"https:\\\/\\\/rotary.fi\\\/d1385\\\/rotarysaatio\\\/\",\"url\":\"https:\\\/\\\/rotary.fi\\\/d1385\\\/rotarysaatio\\\/\",\"name\":\"Rotarysaatio - Piiri 1385\",\"isPartOf\":{\"@id\":\"https:\\\/\\\/rotary.fi\\\/d1385\\\/#website\"},\"datePublished\":\"2020-10-16T16:20:29+00:00\",\"dateModified\":\"2020-12-09T05:44:49+00:00\",\"breadcrumb\":{\"@id\":\"https:\\\/\\\/rotary.fi\\\/d1385\\\/rotarysaatio\\\/#breadcrumb\"},\"inLanguage\":\"fi\",\"potentialAction\":[{\"@type\":\"ReadAction\",\"target\":[\"https:\\\/\\\/rotary.fi\\\/d1385\\\/rotarysaatio\\\/\"]}]},{\"@type\":\"BreadcrumbList\",\"@id\":\"https:\\\/\\\/rotary.fi\\\/d1385\\\/rotarysaatio\\\/#breadcrumb\",\"itemListElement\":[{\"@type\":\"ListItem\",\"position\":1,\"name\":\"Home\",\"item\":\"https:\\\/\\\/rotary.fi\\\/d1385\\\/\"},{\"@type\":\"ListItem\",\"position\":2,\"name\":\"Rotarysaatio\"}]},{\"@type\":\"WebSite\",\"@id\":\"https:\\\/\\\/rotary.fi\\\/d1385\\\/#website\",\"url\":\"https:\\\/\\\/rotary.fi\\\/d1385\\\/\",\"name\":\"Piiri 1385\",\"description\":\"Suomen Rotary\",\"potentialAction\":[{\"@type\":\"SearchAction\",\"target\":{\"@type\":\"EntryPoint\",\"urlTemplate\":\"https:\\\/\\\/rotary.fi\\\/d1385\\\/?s={search_term_string}\"},\"query-input\":{\"@type\":\"PropertyValueSpecification\",\"valueRequired\":true,\"valueName\":\"search_term_string\"}}],\"inLanguage\":\"fi\"}]}<\/script>\n<!-- \/ Yoast SEO plugin. -->","yoast_head_json":{"title":"Rotarysaatio - Piiri 1385","robots":{"index":"index","follow":"follow","max-snippet":"max-snippet:-1","max-image-preview":"max-image-preview:large","max-video-preview":"max-video-preview:-1"},"canonical":"https:\/\/rotary.fi\/d1385\/rotarysaatio\/","og_locale":"fi_FI","og_type":"article","og_title":"Rotarysaatio - Piiri 1385","og_description":"D 1385 Kaikki Rotarypiirin 1385 Rotarys\u00e4\u00e4ti\u00f6 -asiakirjat (hakulomakkeet ym.)\u00a0\u2013 TRF \u2013 The Rotary Foundation Klubi: Piiriapurahan hakemuslomake vuodelle 2021 Opiskelija: Stipendihakemuslomake vuodelle 2021-11 Muut 1385 Rotarys\u00e4\u00e4ti\u00f6asiakirjat PHF-hakulomakkeet suomeksi ja ruotsiksi PHF-hakuohjeet 123_contribution form 123_contribution form esimerkki HUOM! Lataa lomake ensin koneellesi ja talleta se.\u00a0Sen j\u00e4lkeen voit avata lomakkeen, t\u00e4ytt\u00e4\u00e4, tallentaa, tulostaa ja l\u00e4hett\u00e4\u00e4. Katso t\u00e4st\u00e4 [&hellip;]","og_url":"https:\/\/rotary.fi\/d1385\/rotarysaatio\/","og_site_name":"Piiri 1385","article_publisher":"https:\/\/www.facebook.com\/rotary\/","article_modified_time":"2020-12-09T05:44:49+00:00","twitter_card":"summary_large_image","twitter_misc":{"Arvioitu lukuaika":"4 minuuttia"},"schema":{"@context":"https:\/\/schema.org","@graph":[{"@type":"WebPage","@id":"https:\/\/rotary.fi\/d1385\/rotarysaatio\/","url":"https:\/\/rotary.fi\/d1385\/rotarysaatio\/","name":"Rotarysaatio - Piiri 1385","isPartOf":{"@id":"https:\/\/rotary.fi\/d1385\/#website"},"datePublished":"2020-10-16T16:20:29+00:00","dateModified":"2020-12-09T05:44:49+00:00","breadcrumb":{"@id":"https:\/\/rotary.fi\/d1385\/rotarysaatio\/#breadcrumb"},"inLanguage":"fi","potentialAction":[{"@type":"ReadAction","target":["https:\/\/rotary.fi\/d1385\/rotarysaatio\/"]}]},{"@type":"BreadcrumbList","@id":"https:\/\/rotary.fi\/d1385\/rotarysaatio\/#breadcrumb","itemListElement":[{"@type":"ListItem","position":1,"name":"Home","item":"https:\/\/rotary.fi\/d1385\/"},{"@type":"ListItem","position":2,"name":"Rotarysaatio"}]},{"@type":"WebSite","@id":"https:\/\/rotary.fi\/d1385\/#website","url":"https:\/\/rotary.fi\/d1385\/","name":"Piiri 1385","description":"Suomen Rotary","potentialAction":[{"@type":"SearchAction","target":{"@type":"EntryPoint","urlTemplate":"https:\/\/rotary.fi\/d1385\/?s={search_term_string}"},"query-input":{"@type":"PropertyValueSpecification","valueRequired":true,"valueName":"search_term_string"}}],"inLanguage":"fi"}]}},"lang":"fi","translations":{"fi":4848},"pll_sync_post":[],"_links":{"self":[{"href":"https:\/\/rotary.fi\/d1385\/wp-json\/wp\/v2\/pages\/4848","targetHints":{"allow":["GET"]}}],"collection":[{"href":"https:\/\/rotary.fi\/d1385\/wp-json\/wp\/v2\/pages"}],"about":[{"href":"https:\/\/rotary.fi\/d1385\/wp-json\/wp\/v2\/types\/page"}],"author":[{"embeddable":true,"href":"https:\/\/rotary.fi\/d1385\/wp-json\/wp\/v2\/users\/90"}],"replies":[{"embeddable":true,"href":"https:\/\/rotary.fi\/d1385\/wp-json\/wp\/v2\/comments?post=4848"}],"version-history":[{"count":13,"href":"https:\/\/rotary.fi\/d1385\/wp-json\/wp\/v2\/pages\/4848\/revisions"}],"predecessor-version":[{"id":4991,"href":"https:\/\/rotary.fi\/d1385\/wp-json\/wp\/v2\/pages\/4848\/revisions\/4991"}],"wp:attachment":[{"href":"https:\/\/rotary.fi\/d1385\/wp-json\/wp\/v2\/media?parent=4848"}],"curies":[{"name":"wp","href":"https:\/\/api.w.org\/{rel}","templated":true}]}}