{"id":4755,"date":"2020-08-31T13:00:29","date_gmt":"2020-08-31T11:00:29","guid":{"rendered":"https:\/\/rotary.fi\/d1385\/?page_id=4755"},"modified":"2021-08-15T19:23:33","modified_gmt":"2021-08-15T17:23:33","slug":"rli","status":"publish","type":"page","link":"https:\/\/rotary.fi\/d1385\/rli\/","title":{"rendered":"RLI, Rotary Leadership Institute eli Syvent\u00e4v\u00e4 Rotaryvalmennus"},"content":{"rendered":"<p>[et_pb_section fb_built=&#8221;1&#8243; admin_label=&#8221;section&#8221; _builder_version=&#8221;3.22&#8243;][et_pb_row admin_label=&#8221;row&#8221; _builder_version=&#8221;3.25&#8243; background_size=&#8221;initial&#8221; background_position=&#8221;top_left&#8221; background_repeat=&#8221;repeat&#8221;][et_pb_column type=&#8221;4_4&#8243; _builder_version=&#8221;3.25&#8243; custom_padding=&#8221;|||&#8221; custom_padding__hover=&#8221;|||&#8221;][et_pb_text admin_label=&#8221;Text&#8221; _builder_version=&#8221;4.9.10&#8243; background_size=&#8221;initial&#8221; background_position=&#8221;top_left&#8221; background_repeat=&#8221;repeat&#8221; hover_enabled=&#8221;0&#8243; sticky_enabled=&#8221;0&#8243;]<\/p>\n<h1 style=\"text-align: center\"><b>Tule avaamaan uusia ovia Rotaryn monipuoliseen maailmaan!<\/b><a href=\"https:\/\/docs.google.com\/document\/d\/11LdS69jzu6VIb6ja1UNgb0AJQndhXs82cKtu9NFHMvI\/edit?usp=sharing\" target=\"_blank\" rel=\"noopener noreferrer\"><\/a><\/h1>\n<p>Seuraavat RLI-koulutukset piiriss\u00e4 1385 pidet\u00e4\u00e4n Limingan Luontokeskuksessa:<\/p>\n<p><strong><a href=\"https:\/\/sites.google.com\/rotaryd1385.org\/rli\/etusivu\" target=\"_blank\" rel=\"noopener\">Klikkaa alta RLI-sivustoon ja esitteeseen!<\/a><\/strong><\/p>\n<p><a href=\"https:\/\/forms.gle\/kmojsaXUiUh7E6dc6\" target=\"_blank\" rel=\"noopener noreferrer\"><b>1<\/b><\/a><a href=\"https:\/\/sites.google.com\/rotaryd1385.org\/rli\" target=\"_blank\" rel=\"noopener\"><b><\/b><b>\/3\u00a0 jakso 26.9.2021, Liminka<\/b><\/a><\/p>\n<p><a href=\"https:\/\/sites.google.com\/rotaryd1385.org\/rli\" target=\"_blank\" rel=\"noopener noreferrer\"><b>2\/3\u00a0 jakso 2.10.2021, Liminka<\/b><\/a><\/p>\n<p><a href=\"https:\/\/sites.google.com\/rotaryd1385.org\/rli\" target=\"_blank\" rel=\"noopener noreferrer\"><b>3\/3\u00a0 jakso 10.10.2021,\u00a0 Liminka<\/b><\/a><\/p>\n<h4><a href=\"https:\/\/sites.google.com\/rotaryd1385.org\/rli\" target=\"_blank\" rel=\"noopener noreferrer\"><strong>ESITTELY JA ILMOITTAUTUMISLOMAKE T\u00c4ST\u00c4<\/strong><\/a><\/h4>\n<p>&nbsp;<\/p>\n<p>[\/et_pb_text][\/et_pb_column][\/et_pb_row][\/et_pb_section]<\/p>\n","protected":false},"excerpt":{"rendered":"<p>Tule avaamaan uusia ovia Rotaryn monipuoliseen maailmaan! Seuraavat RLI-koulutukset piiriss\u00e4 1385 pidet\u00e4\u00e4n Limingan Luontokeskuksessa: Klikkaa alta RLI-sivustoon ja esitteeseen! 1\/3\u00a0 jakso 26.9.2021, Liminka 2\/3\u00a0 jakso 2.10.2021, Liminka 3\/3\u00a0 jakso 10.10.2021,\u00a0 Liminka ESITTELY JA ILMOITTAUTUMISLOMAKE T\u00c4ST\u00c4 &nbsp;<\/p>\n","protected":false},"author":90,"featured_media":0,"parent":0,"menu_order":0,"comment_status":"closed","ping_status":"closed","template":"","meta":{"_acf_changed":false,"_et_pb_use_builder":"on","_et_pb_old_content":"<h1 style=\"text-align: center\"><b>Tule avaamaan uusia ovia Rotaryn monipuoliseen maailmaan!<\/b><\/h1>\r\n&nbsp;\r\n\r\nhttps:\/\/rotary.fi\/d1385\/events\/rli\/\r\n\r\n&nbsp;\r\n\r\n&nbsp;","_et_gb_content_width":"","footnotes":""},"class_list":["post-4755","page","type-page","status-publish","hentry"],"acf":[],"yoast_head":"<!-- This site is optimized with the Yoast SEO plugin v27.4 - https:\/\/yoast.com\/product\/yoast-seo-wordpress\/ -->\n<title>RLI, Rotary Leadership Institute eli Syvent\u00e4v\u00e4 Rotaryvalmennus - Piiri 1385<\/title>\n<meta name=\"robots\" content=\"index, follow, max-snippet:-1, max-image-preview:large, max-video-preview:-1\" \/>\n<link rel=\"canonical\" href=\"https:\/\/rotary.fi\/d1385\/rli\/\" \/>\n<meta property=\"og:locale\" content=\"fi_FI\" \/>\n<meta property=\"og:type\" content=\"article\" \/>\n<meta property=\"og:title\" content=\"RLI, Rotary Leadership Institute eli Syvent\u00e4v\u00e4 Rotaryvalmennus - Piiri 1385\" \/>\n<meta property=\"og:description\" content=\"Tule avaamaan uusia ovia Rotaryn monipuoliseen maailmaan! Seuraavat RLI-koulutukset piiriss\u00e4 1385 pidet\u00e4\u00e4n Limingan Luontokeskuksessa: Klikkaa alta RLI-sivustoon ja esitteeseen! 1\/3\u00a0 jakso 26.9.2021, Liminka 2\/3\u00a0 jakso 2.10.2021, Liminka 3\/3\u00a0 jakso 10.10.2021,\u00a0 Liminka ESITTELY JA ILMOITTAUTUMISLOMAKE T\u00c4ST\u00c4 &nbsp;\" \/>\n<meta property=\"og:url\" content=\"https:\/\/rotary.fi\/d1385\/rli\/\" \/>\n<meta property=\"og:site_name\" content=\"Piiri 1385\" \/>\n<meta property=\"article:publisher\" content=\"https:\/\/www.facebook.com\/rotary\/\" \/>\n<meta property=\"article:modified_time\" content=\"2021-08-15T17:23:33+00:00\" \/>\n<meta name=\"twitter:card\" content=\"summary_large_image\" \/>\n<meta name=\"twitter:label1\" content=\"Arvioitu lukuaika\" \/>\n\t<meta name=\"twitter:data1\" content=\"1 minuutti\" \/>\n<script type=\"application\/ld+json\" class=\"yoast-schema-graph\">{\"@context\":\"https:\\\/\\\/schema.org\",\"@graph\":[{\"@type\":\"WebPage\",\"@id\":\"https:\\\/\\\/rotary.fi\\\/d1385\\\/rli\\\/\",\"url\":\"https:\\\/\\\/rotary.fi\\\/d1385\\\/rli\\\/\",\"name\":\"RLI, Rotary Leadership Institute eli Syvent\u00e4v\u00e4 Rotaryvalmennus - Piiri 1385\",\"isPartOf\":{\"@id\":\"https:\\\/\\\/rotary.fi\\\/d1385\\\/#website\"},\"datePublished\":\"2020-08-31T11:00:29+00:00\",\"dateModified\":\"2021-08-15T17:23:33+00:00\",\"breadcrumb\":{\"@id\":\"https:\\\/\\\/rotary.fi\\\/d1385\\\/rli\\\/#breadcrumb\"},\"inLanguage\":\"fi\",\"potentialAction\":[{\"@type\":\"ReadAction\",\"target\":[\"https:\\\/\\\/rotary.fi\\\/d1385\\\/rli\\\/\"]}]},{\"@type\":\"BreadcrumbList\",\"@id\":\"https:\\\/\\\/rotary.fi\\\/d1385\\\/rli\\\/#breadcrumb\",\"itemListElement\":[{\"@type\":\"ListItem\",\"position\":1,\"name\":\"Home\",\"item\":\"https:\\\/\\\/rotary.fi\\\/d1385\\\/\"},{\"@type\":\"ListItem\",\"position\":2,\"name\":\"RLI, Rotary Leadership Institute eli Syvent\u00e4v\u00e4 Rotaryvalmennus\"}]},{\"@type\":\"WebSite\",\"@id\":\"https:\\\/\\\/rotary.fi\\\/d1385\\\/#website\",\"url\":\"https:\\\/\\\/rotary.fi\\\/d1385\\\/\",\"name\":\"Piiri 1385\",\"description\":\"Suomen Rotary\",\"potentialAction\":[{\"@type\":\"SearchAction\",\"target\":{\"@type\":\"EntryPoint\",\"urlTemplate\":\"https:\\\/\\\/rotary.fi\\\/d1385\\\/?s={search_term_string}\"},\"query-input\":{\"@type\":\"PropertyValueSpecification\",\"valueRequired\":true,\"valueName\":\"search_term_string\"}}],\"inLanguage\":\"fi\"}]}<\/script>\n<!-- \/ Yoast SEO plugin. -->","yoast_head_json":{"title":"RLI, Rotary Leadership Institute eli Syvent\u00e4v\u00e4 Rotaryvalmennus - Piiri 1385","robots":{"index":"index","follow":"follow","max-snippet":"max-snippet:-1","max-image-preview":"max-image-preview:large","max-video-preview":"max-video-preview:-1"},"canonical":"https:\/\/rotary.fi\/d1385\/rli\/","og_locale":"fi_FI","og_type":"article","og_title":"RLI, Rotary Leadership Institute eli Syvent\u00e4v\u00e4 Rotaryvalmennus - Piiri 1385","og_description":"Tule avaamaan uusia ovia Rotaryn monipuoliseen maailmaan! Seuraavat RLI-koulutukset piiriss\u00e4 1385 pidet\u00e4\u00e4n Limingan Luontokeskuksessa: Klikkaa alta RLI-sivustoon ja esitteeseen! 1\/3\u00a0 jakso 26.9.2021, Liminka 2\/3\u00a0 jakso 2.10.2021, Liminka 3\/3\u00a0 jakso 10.10.2021,\u00a0 Liminka ESITTELY JA ILMOITTAUTUMISLOMAKE T\u00c4ST\u00c4 &nbsp;","og_url":"https:\/\/rotary.fi\/d1385\/rli\/","og_site_name":"Piiri 1385","article_publisher":"https:\/\/www.facebook.com\/rotary\/","article_modified_time":"2021-08-15T17:23:33+00:00","twitter_card":"summary_large_image","twitter_misc":{"Arvioitu lukuaika":"1 minuutti"},"schema":{"@context":"https:\/\/schema.org","@graph":[{"@type":"WebPage","@id":"https:\/\/rotary.fi\/d1385\/rli\/","url":"https:\/\/rotary.fi\/d1385\/rli\/","name":"RLI, Rotary Leadership Institute eli Syvent\u00e4v\u00e4 Rotaryvalmennus - Piiri 1385","isPartOf":{"@id":"https:\/\/rotary.fi\/d1385\/#website"},"datePublished":"2020-08-31T11:00:29+00:00","dateModified":"2021-08-15T17:23:33+00:00","breadcrumb":{"@id":"https:\/\/rotary.fi\/d1385\/rli\/#breadcrumb"},"inLanguage":"fi","potentialAction":[{"@type":"ReadAction","target":["https:\/\/rotary.fi\/d1385\/rli\/"]}]},{"@type":"BreadcrumbList","@id":"https:\/\/rotary.fi\/d1385\/rli\/#breadcrumb","itemListElement":[{"@type":"ListItem","position":1,"name":"Home","item":"https:\/\/rotary.fi\/d1385\/"},{"@type":"ListItem","position":2,"name":"RLI, Rotary Leadership Institute eli Syvent\u00e4v\u00e4 Rotaryvalmennus"}]},{"@type":"WebSite","@id":"https:\/\/rotary.fi\/d1385\/#website","url":"https:\/\/rotary.fi\/d1385\/","name":"Piiri 1385","description":"Suomen Rotary","potentialAction":[{"@type":"SearchAction","target":{"@type":"EntryPoint","urlTemplate":"https:\/\/rotary.fi\/d1385\/?s={search_term_string}"},"query-input":{"@type":"PropertyValueSpecification","valueRequired":true,"valueName":"search_term_string"}}],"inLanguage":"fi"}]}},"lang":"fi","translations":{"fi":4755},"pll_sync_post":[],"_links":{"self":[{"href":"https:\/\/rotary.fi\/d1385\/wp-json\/wp\/v2\/pages\/4755","targetHints":{"allow":["GET"]}}],"collection":[{"href":"https:\/\/rotary.fi\/d1385\/wp-json\/wp\/v2\/pages"}],"about":[{"href":"https:\/\/rotary.fi\/d1385\/wp-json\/wp\/v2\/types\/page"}],"author":[{"embeddable":true,"href":"https:\/\/rotary.fi\/d1385\/wp-json\/wp\/v2\/users\/90"}],"replies":[{"embeddable":true,"href":"https:\/\/rotary.fi\/d1385\/wp-json\/wp\/v2\/comments?post=4755"}],"version-history":[{"count":13,"href":"https:\/\/rotary.fi\/d1385\/wp-json\/wp\/v2\/pages\/4755\/revisions"}],"predecessor-version":[{"id":5302,"href":"https:\/\/rotary.fi\/d1385\/wp-json\/wp\/v2\/pages\/4755\/revisions\/5302"}],"wp:attachment":[{"href":"https:\/\/rotary.fi\/d1385\/wp-json\/wp\/v2\/media?parent=4755"}],"curies":[{"name":"wp","href":"https:\/\/api.w.org\/{rel}","templated":true}]}}