{"id":3738,"date":"2020-06-15T08:21:20","date_gmt":"2020-06-15T06:21:20","guid":{"rendered":"https:\/\/rotary.fi\/d1385\/?page_id=3738"},"modified":"2020-08-17T13:13:17","modified_gmt":"2020-08-17T11:13:17","slug":"pets-2020","status":"publish","type":"page","link":"https:\/\/rotary.fi\/d1385\/pets-2020\/","title":{"rendered":"PETS 2020"},"content":{"rendered":"<p>[et_pb_section fb_built=&#8221;1&#8243; module_class=&#8221;jumbotron-page&#8221; _builder_version=&#8221;4.4.8&#8243; background_image=&#8221;https:\/\/rotary.fi\/d1385\/wp-content\/uploads\/sites\/193\/2018\/04\/paakuva_liity_mukaan.jpg&#8221;][et_pb_row module_class=&#8221; et_pb_row_fullwidth et_pb_row_fullwidth&#8221; _builder_version=&#8221;3.25&#8243; width=&#8221;89%&#8221; width_tablet=&#8221;80%&#8221; width_phone=&#8221;&#8221; width_last_edited=&#8221;on|desktop&#8221; max_width=&#8221;89%&#8221; max_width_tablet=&#8221;80%&#8221; max_width_phone=&#8221;&#8221; max_width_last_edited=&#8221;on|desktop&#8221; make_fullwidth=&#8221;on&#8221;][et_pb_column type=&#8221;4_4&#8243; _builder_version=&#8221;3.25&#8243; custom_padding=&#8221;|||&#8221; custom_padding__hover=&#8221;|||&#8221;][et_pb_text admin_label=&#8221;PETS 2020&#8243; _builder_version=&#8221;4.4.8&#8243; text_orientation=&#8221;center&#8221; background_layout=&#8221;dark&#8221; z_index_tablet=&#8221;500&#8243;]<\/p>\n<h1 style=\"text-align: left\">PETS 2020<br \/> koulutus klubien tuleville presidenteille ja muille klubivirkailijoille<\/h1>\n<p>[\/et_pb_text][\/et_pb_column][\/et_pb_row][\/et_pb_section][et_pb_section fb_built=&#8221;1&#8243; module_class=&#8221;sisaltoalue_perus&#8221; _builder_version=&#8221;3.22&#8243; background_size=&#8221;initial&#8221; background_position=&#8221;top_left&#8221; background_repeat=&#8221;repeat&#8221;][et_pb_row custom_padding_last_edited=&#8221;on|phone&#8221; _builder_version=&#8221;4.4.8&#8243; custom_padding=&#8221;46.6875px|0px|63px|0px&#8221; custom_padding_tablet=&#8221;&#8221; custom_padding_phone=&#8221;&#8221; hover_enabled=&#8221;0&#8243;][et_pb_column type=&#8221;4_4&#8243; _builder_version=&#8221;3.25&#8243; custom_padding=&#8221;|||&#8221; custom_padding__hover=&#8221;|||&#8221;][et_pb_text admin_label=&#8221;Rotarypiirin 1385 PETS-koulutukset vuonna 2020&#8243; _builder_version=&#8221;4.4.8&#8243; text_orientation=&#8221;center&#8221; z_index_tablet=&#8221;500&#8243;]<\/p>\n<h2 style=\"text-align: left\">Rotarypiirin 1385 PETS-koulutukset 2020<\/h2>\n<p>[\/et_pb_text][et_pb_image src=&#8221;https:\/\/rotary.fi\/d1385\/wp-content\/uploads\/sites\/193\/2020\/06\/pets-kalajoki-kuva.jpg&#8221; _builder_version=&#8221;4.4.8&#8243;][\/et_pb_image][et_pb_text _builder_version=&#8221;4.4.8&#8243; custom_margin=&#8221;||60px|&#8221; hover_enabled=&#8221;0&#8243;]<\/p>\n<p><span style=\"font-size: 16px\">Piirimme klubien tuleville presidenteille ja muille klubivirkailijoille j\u00e4rjestettiin\u00a0<strong><a href=\"https:\/\/sites.google.com\/view\/d1385-digipets-2020\" target=\"_blank\" rel=\"noopener noreferrer\">koulutusseminaari (PETS)<\/a><\/strong>.<\/span><\/p>\n<p><strong>T\u00e4n\u00e4 vuonna 2020 <span style=\"text-decoration: underline\"><a href=\"https:\/\/sites.google.com\/view\/d1385-digipets-2020\" target=\"_blank\" rel=\"noopener noreferrer\">PETS<\/a><\/span> j\u00e4rjestettiin Kalajoella 15. &#8211; 16.8.2020<\/strong><\/p>\n<h6><strong><\/strong>Olemme laatineet\u00a0<a href=\"https:\/\/sites.google.com\/view\/d1385-pets-2020\" target=\"_blank\" rel=\"noopener noreferrer\"><strong><span style=\"text-decoration: underline\">erillisen PETS-nettisivuston<\/span><\/strong><\/a>, joka sis\u00e4lt\u00e4\u00e4 nyt my\u00f6s esitetyn\u00a0<a href=\"https:\/\/sites.google.com\/view\/d1385-pets-2020\" target=\"_blank\" rel=\"noopener noreferrer\">koulutusmateriaalin ja kaikkien toimihenkil\u00f6iden<\/a>\u00a0<a href=\"https:\/\/sites.google.com\/view\/d1385-pets-2020\/etusivu\" target=\"_blank\" rel=\"noopener noreferrer\">digiPETS-materiaalin ja tallennetun nettikokouksen<\/a>, jne..<\/h6>\n<p><strong><\/strong><\/p>\n<p>&nbsp;<\/p>\n<h3>Piiri j\u00e4rjest\u00e4\u00e4 klubeille my\u00f6s useita muita tapahtumia.<\/h3>\n<p><strong>Piirikokous<\/strong> j\u00e4rjestet\u00e4\u00e4n yleens\u00e4 syksyisin ja juhlava <strong>piirikonferenssi<\/strong> kev\u00e4isin.<\/p>\n<p>[\/et_pb_text][\/et_pb_column][\/et_pb_row][\/et_pb_section][et_pb_section fb_built=&#8221;1&#8243; _builder_version=&#8221;4.4.8&#8243;][\/et_pb_section]<\/p>\n","protected":false},"excerpt":{"rendered":"<p>PETS 2020 koulutus klubien tuleville presidenteille ja muille klubivirkailijoilleRotarypiirin 1385 PETS-koulutukset 2020Piirimme klubien tuleville presidenteille ja muille klubivirkailijoille j\u00e4rjestettiin\u00a0koulutusseminaari (PETS). T\u00e4n\u00e4 vuonna 2020 PETS j\u00e4rjestettiin Kalajoella 15. &#8211; 16.8.2020 Olemme laatineet\u00a0erillisen PETS-nettisivuston, joka sis\u00e4lt\u00e4\u00e4 nyt my\u00f6s esitetyn\u00a0koulutusmateriaalin ja kaikkien toimihenkil\u00f6iden\u00a0digiPETS-materiaalin ja tallennetun nettikokouksen, jne.. &nbsp; Piiri j\u00e4rjest\u00e4\u00e4 klubeille my\u00f6s useita muita tapahtumia. Piirikokous j\u00e4rjestet\u00e4\u00e4n yleens\u00e4 [&hellip;]<\/p>\n","protected":false},"author":1,"featured_media":0,"parent":0,"menu_order":5,"comment_status":"closed","ping_status":"closed","template":"","meta":{"_acf_changed":false,"_et_pb_use_builder":"on","_et_pb_old_content":"","_et_gb_content_width":"","footnotes":""},"class_list":["post-3738","page","type-page","status-publish","hentry"],"acf":[],"yoast_head":"<!-- This site is optimized with the Yoast SEO plugin v27.0 - https:\/\/yoast.com\/product\/yoast-seo-wordpress\/ -->\n<title>PETS 2020 - Piiri 1385<\/title>\n<meta name=\"robots\" content=\"index, follow, max-snippet:-1, max-image-preview:large, max-video-preview:-1\" \/>\n<link rel=\"canonical\" href=\"https:\/\/rotary.fi\/d1385\/pets-2020\/\" \/>\n<meta property=\"og:locale\" content=\"fi_FI\" \/>\n<meta property=\"og:type\" content=\"article\" \/>\n<meta property=\"og:title\" content=\"PETS 2020 - Piiri 1385\" \/>\n<meta property=\"og:description\" content=\"PETS 2020 koulutus klubien tuleville presidenteille ja muille klubivirkailijoilleRotarypiirin 1385 PETS-koulutukset 2020Piirimme klubien tuleville presidenteille ja muille klubivirkailijoille j\u00e4rjestettiin\u00a0koulutusseminaari (PETS). T\u00e4n\u00e4 vuonna 2020 PETS j\u00e4rjestettiin Kalajoella 15. - 16.8.2020 Olemme laatineet\u00a0erillisen PETS-nettisivuston, joka sis\u00e4lt\u00e4\u00e4 nyt my\u00f6s esitetyn\u00a0koulutusmateriaalin ja kaikkien toimihenkil\u00f6iden\u00a0digiPETS-materiaalin ja tallennetun nettikokouksen, jne.. &nbsp; Piiri j\u00e4rjest\u00e4\u00e4 klubeille my\u00f6s useita muita tapahtumia. Piirikokous j\u00e4rjestet\u00e4\u00e4n yleens\u00e4 [&hellip;]\" \/>\n<meta property=\"og:url\" content=\"https:\/\/rotary.fi\/d1385\/pets-2020\/\" \/>\n<meta property=\"og:site_name\" content=\"Piiri 1385\" \/>\n<meta property=\"article:publisher\" content=\"https:\/\/www.facebook.com\/rotary\/\" \/>\n<meta property=\"article:modified_time\" content=\"2020-08-17T11:13:17+00:00\" \/>\n<meta name=\"twitter:card\" content=\"summary_large_image\" \/>\n<meta name=\"twitter:label1\" content=\"Arvioitu lukuaika\" \/>\n\t<meta name=\"twitter:data1\" content=\"2 minuuttia\" \/>\n<script type=\"application\/ld+json\" class=\"yoast-schema-graph\">{\"@context\":\"https:\/\/schema.org\",\"@graph\":[{\"@type\":\"WebPage\",\"@id\":\"https:\/\/rotary.fi\/d1385\/pets-2020\/\",\"url\":\"https:\/\/rotary.fi\/d1385\/pets-2020\/\",\"name\":\"PETS 2020 - Piiri 1385\",\"isPartOf\":{\"@id\":\"https:\/\/rotary.fi\/d1385\/#website\"},\"datePublished\":\"2020-06-15T06:21:20+00:00\",\"dateModified\":\"2020-08-17T11:13:17+00:00\",\"breadcrumb\":{\"@id\":\"https:\/\/rotary.fi\/d1385\/pets-2020\/#breadcrumb\"},\"inLanguage\":\"fi\",\"potentialAction\":[{\"@type\":\"ReadAction\",\"target\":[\"https:\/\/rotary.fi\/d1385\/pets-2020\/\"]}]},{\"@type\":\"BreadcrumbList\",\"@id\":\"https:\/\/rotary.fi\/d1385\/pets-2020\/#breadcrumb\",\"itemListElement\":[{\"@type\":\"ListItem\",\"position\":1,\"name\":\"Home\",\"item\":\"https:\/\/rotary.fi\/d1385\/\"},{\"@type\":\"ListItem\",\"position\":2,\"name\":\"PETS 2020\"}]},{\"@type\":\"WebSite\",\"@id\":\"https:\/\/rotary.fi\/d1385\/#website\",\"url\":\"https:\/\/rotary.fi\/d1385\/\",\"name\":\"Piiri 1385\",\"description\":\"Suomen Rotary\",\"potentialAction\":[{\"@type\":\"SearchAction\",\"target\":{\"@type\":\"EntryPoint\",\"urlTemplate\":\"https:\/\/rotary.fi\/d1385\/?s={search_term_string}\"},\"query-input\":{\"@type\":\"PropertyValueSpecification\",\"valueRequired\":true,\"valueName\":\"search_term_string\"}}],\"inLanguage\":\"fi\"}]}<\/script>\n<!-- \/ Yoast SEO plugin. -->","yoast_head_json":{"title":"PETS 2020 - Piiri 1385","robots":{"index":"index","follow":"follow","max-snippet":"max-snippet:-1","max-image-preview":"max-image-preview:large","max-video-preview":"max-video-preview:-1"},"canonical":"https:\/\/rotary.fi\/d1385\/pets-2020\/","og_locale":"fi_FI","og_type":"article","og_title":"PETS 2020 - Piiri 1385","og_description":"PETS 2020 koulutus klubien tuleville presidenteille ja muille klubivirkailijoilleRotarypiirin 1385 PETS-koulutukset 2020Piirimme klubien tuleville presidenteille ja muille klubivirkailijoille j\u00e4rjestettiin\u00a0koulutusseminaari (PETS). T\u00e4n\u00e4 vuonna 2020 PETS j\u00e4rjestettiin Kalajoella 15. - 16.8.2020 Olemme laatineet\u00a0erillisen PETS-nettisivuston, joka sis\u00e4lt\u00e4\u00e4 nyt my\u00f6s esitetyn\u00a0koulutusmateriaalin ja kaikkien toimihenkil\u00f6iden\u00a0digiPETS-materiaalin ja tallennetun nettikokouksen, jne.. &nbsp; Piiri j\u00e4rjest\u00e4\u00e4 klubeille my\u00f6s useita muita tapahtumia. Piirikokous j\u00e4rjestet\u00e4\u00e4n yleens\u00e4 [&hellip;]","og_url":"https:\/\/rotary.fi\/d1385\/pets-2020\/","og_site_name":"Piiri 1385","article_publisher":"https:\/\/www.facebook.com\/rotary\/","article_modified_time":"2020-08-17T11:13:17+00:00","twitter_card":"summary_large_image","twitter_misc":{"Arvioitu lukuaika":"2 minuuttia"},"schema":{"@context":"https:\/\/schema.org","@graph":[{"@type":"WebPage","@id":"https:\/\/rotary.fi\/d1385\/pets-2020\/","url":"https:\/\/rotary.fi\/d1385\/pets-2020\/","name":"PETS 2020 - Piiri 1385","isPartOf":{"@id":"https:\/\/rotary.fi\/d1385\/#website"},"datePublished":"2020-06-15T06:21:20+00:00","dateModified":"2020-08-17T11:13:17+00:00","breadcrumb":{"@id":"https:\/\/rotary.fi\/d1385\/pets-2020\/#breadcrumb"},"inLanguage":"fi","potentialAction":[{"@type":"ReadAction","target":["https:\/\/rotary.fi\/d1385\/pets-2020\/"]}]},{"@type":"BreadcrumbList","@id":"https:\/\/rotary.fi\/d1385\/pets-2020\/#breadcrumb","itemListElement":[{"@type":"ListItem","position":1,"name":"Home","item":"https:\/\/rotary.fi\/d1385\/"},{"@type":"ListItem","position":2,"name":"PETS 2020"}]},{"@type":"WebSite","@id":"https:\/\/rotary.fi\/d1385\/#website","url":"https:\/\/rotary.fi\/d1385\/","name":"Piiri 1385","description":"Suomen Rotary","potentialAction":[{"@type":"SearchAction","target":{"@type":"EntryPoint","urlTemplate":"https:\/\/rotary.fi\/d1385\/?s={search_term_string}"},"query-input":{"@type":"PropertyValueSpecification","valueRequired":true,"valueName":"search_term_string"}}],"inLanguage":"fi"}]}},"lang":"fi","translations":{"fi":3738,"sv":3746},"pll_sync_post":[],"_links":{"self":[{"href":"https:\/\/rotary.fi\/d1385\/wp-json\/wp\/v2\/pages\/3738","targetHints":{"allow":["GET"]}}],"collection":[{"href":"https:\/\/rotary.fi\/d1385\/wp-json\/wp\/v2\/pages"}],"about":[{"href":"https:\/\/rotary.fi\/d1385\/wp-json\/wp\/v2\/types\/page"}],"author":[{"embeddable":true,"href":"https:\/\/rotary.fi\/d1385\/wp-json\/wp\/v2\/users\/1"}],"replies":[{"embeddable":true,"href":"https:\/\/rotary.fi\/d1385\/wp-json\/wp\/v2\/comments?post=3738"}],"version-history":[{"count":18,"href":"https:\/\/rotary.fi\/d1385\/wp-json\/wp\/v2\/pages\/3738\/revisions"}],"predecessor-version":[{"id":4705,"href":"https:\/\/rotary.fi\/d1385\/wp-json\/wp\/v2\/pages\/3738\/revisions\/4705"}],"wp:attachment":[{"href":"https:\/\/rotary.fi\/d1385\/wp-json\/wp\/v2\/media?parent=3738"}],"curies":[{"name":"wp","href":"https:\/\/api.w.org\/{rel}","templated":true}]}}