{"id":3048,"date":"2019-08-28T09:26:54","date_gmt":"2019-08-28T07:26:54","guid":{"rendered":"https:\/\/rotary.fi\/d1385\/?page_id=3048"},"modified":"2023-03-17T12:24:00","modified_gmt":"2023-03-17T10:24:00","slug":"upcoming-events","status":"publish","type":"page","link":"https:\/\/rotary.fi\/d1385\/en\/news-and-features\/upcoming-events\/","title":{"rendered":"Upcoming Events"},"content":{"rendered":"<p>[et_pb_section fb_built=&#8221;1&#8243; module_class=&#8221;jumbotron-page&#8221; _builder_version=&#8221;4.16&#8243; background_image=&#8221;https:\/\/rotary.fi\/piirisivusto\/wp-content\/uploads\/sites\/193\/2019\/03\/rotary_klubit_alasivu_paakuva_6.jpg&#8221; global_colors_info=&#8221;{}&#8221;][et_pb_row module_class=&#8221; et_pb_row_fullwidth et_pb_row_fullwidth et_pb_row_fullwidth et_pb_row_fullwidth et_pb_row_fullwidth et_pb_row_fullwidth et_pb_row_fullwidth&#8221; _builder_version=&#8221;4.16&#8243; width=&#8221;89%&#8221; width_tablet=&#8221;80%&#8221; width_phone=&#8221;&#8221; width_last_edited=&#8221;on|desktop&#8221; max_width=&#8221;89%&#8221; max_width_tablet=&#8221;80%&#8221; max_width_phone=&#8221;&#8221; max_width_last_edited=&#8221;on|desktop&#8221; make_fullwidth=&#8221;on&#8221; global_colors_info=&#8221;{}&#8221;][et_pb_column type=&#8221;4_4&#8243; _builder_version=&#8221;4.16&#8243; custom_padding=&#8221;|||&#8221; global_colors_info=&#8221;{}&#8221; custom_padding__hover=&#8221;|||&#8221;][et_pb_text admin_label=&#8221;Upcoming Events&#8221; _builder_version=&#8221;4.16&#8243; text_orientation=&#8221;center&#8221; background_layout=&#8221;dark&#8221; z_index_tablet=&#8221;500&#8243; text_text_shadow_horizontal_length_tablet=&#8221;0px&#8221; text_text_shadow_vertical_length_tablet=&#8221;0px&#8221; text_text_shadow_blur_strength_tablet=&#8221;1px&#8221; link_text_shadow_horizontal_length_tablet=&#8221;0px&#8221; link_text_shadow_vertical_length_tablet=&#8221;0px&#8221; link_text_shadow_blur_strength_tablet=&#8221;1px&#8221; ul_text_shadow_horizontal_length_tablet=&#8221;0px&#8221; ul_text_shadow_vertical_length_tablet=&#8221;0px&#8221; ul_text_shadow_blur_strength_tablet=&#8221;1px&#8221; ol_text_shadow_horizontal_length_tablet=&#8221;0px&#8221; ol_text_shadow_vertical_length_tablet=&#8221;0px&#8221; ol_text_shadow_blur_strength_tablet=&#8221;1px&#8221; quote_text_shadow_horizontal_length_tablet=&#8221;0px&#8221; quote_text_shadow_vertical_length_tablet=&#8221;0px&#8221; quote_text_shadow_blur_strength_tablet=&#8221;1px&#8221; header_text_shadow_horizontal_length_tablet=&#8221;0px&#8221; header_text_shadow_vertical_length_tablet=&#8221;0px&#8221; header_text_shadow_blur_strength_tablet=&#8221;1px&#8221; header_2_text_shadow_horizontal_length_tablet=&#8221;0px&#8221; header_2_text_shadow_vertical_length_tablet=&#8221;0px&#8221; header_2_text_shadow_blur_strength_tablet=&#8221;1px&#8221; header_3_text_shadow_horizontal_length_tablet=&#8221;0px&#8221; header_3_text_shadow_vertical_length_tablet=&#8221;0px&#8221; header_3_text_shadow_blur_strength_tablet=&#8221;1px&#8221; header_4_text_shadow_horizontal_length_tablet=&#8221;0px&#8221; header_4_text_shadow_vertical_length_tablet=&#8221;0px&#8221; header_4_text_shadow_blur_strength_tablet=&#8221;1px&#8221; header_5_text_shadow_horizontal_length_tablet=&#8221;0px&#8221; header_5_text_shadow_vertical_length_tablet=&#8221;0px&#8221; header_5_text_shadow_blur_strength_tablet=&#8221;1px&#8221; header_6_text_shadow_horizontal_length_tablet=&#8221;0px&#8221; header_6_text_shadow_vertical_length_tablet=&#8221;0px&#8221; header_6_text_shadow_blur_strength_tablet=&#8221;1px&#8221; box_shadow_horizontal_tablet=&#8221;0px&#8221; box_shadow_vertical_tablet=&#8221;0px&#8221; box_shadow_blur_tablet=&#8221;40px&#8221; box_shadow_spread_tablet=&#8221;0px&#8221; global_colors_info=&#8221;{}&#8221;]<\/p>\n<h1>Upcoming Events<\/h1>\n<p>[\/et_pb_text][\/et_pb_column][\/et_pb_row][\/et_pb_section][et_pb_section fb_built=&#8221;1&#8243; module_class=&#8221;sisaltoalue_perus&#8221; _builder_version=&#8221;4.16&#8243; background_size=&#8221;initial&#8221; background_position=&#8221;top_left&#8221; background_repeat=&#8221;repeat&#8221; locked=&#8221;on&#8221; global_colors_info=&#8221;{}&#8221;][et_pb_row custom_padding_last_edited=&#8221;on|phone&#8221; _builder_version=&#8221;4.16&#8243; custom_padding=&#8221;46.6875px|0px|63px|0px&#8221; custom_padding_tablet=&#8221;&#8221; custom_padding_phone=&#8221;&#8221; global_colors_info=&#8221;{}&#8221;][et_pb_column type=&#8221;4_4&#8243; _builder_version=&#8221;4.16&#8243; custom_padding=&#8221;|||&#8221; global_colors_info=&#8221;{}&#8221; custom_padding__hover=&#8221;|||&#8221;][et_pb_text admin_label=&#8221;Upcoming Events&#8221; _builder_version=&#8221;4.16&#8243; text_orientation=&#8221;center&#8221; z_index_tablet=&#8221;500&#8243; text_text_shadow_horizontal_length_tablet=&#8221;0px&#8221; text_text_shadow_vertical_length_tablet=&#8221;0px&#8221; text_text_shadow_blur_strength_tablet=&#8221;1px&#8221; link_text_shadow_horizontal_length_tablet=&#8221;0px&#8221; link_text_shadow_vertical_length_tablet=&#8221;0px&#8221; link_text_shadow_blur_strength_tablet=&#8221;1px&#8221; ul_text_shadow_horizontal_length_tablet=&#8221;0px&#8221; ul_text_shadow_vertical_length_tablet=&#8221;0px&#8221; ul_text_shadow_blur_strength_tablet=&#8221;1px&#8221; ol_text_shadow_horizontal_length_tablet=&#8221;0px&#8221; ol_text_shadow_vertical_length_tablet=&#8221;0px&#8221; ol_text_shadow_blur_strength_tablet=&#8221;1px&#8221; quote_text_shadow_horizontal_length_tablet=&#8221;0px&#8221; quote_text_shadow_vertical_length_tablet=&#8221;0px&#8221; quote_text_shadow_blur_strength_tablet=&#8221;1px&#8221; header_text_shadow_horizontal_length_tablet=&#8221;0px&#8221; header_text_shadow_vertical_length_tablet=&#8221;0px&#8221; header_text_shadow_blur_strength_tablet=&#8221;1px&#8221; header_2_text_shadow_horizontal_length_tablet=&#8221;0px&#8221; header_2_text_shadow_vertical_length_tablet=&#8221;0px&#8221; header_2_text_shadow_blur_strength_tablet=&#8221;1px&#8221; header_3_text_shadow_horizontal_length_tablet=&#8221;0px&#8221; header_3_text_shadow_vertical_length_tablet=&#8221;0px&#8221; header_3_text_shadow_blur_strength_tablet=&#8221;1px&#8221; header_4_text_shadow_horizontal_length_tablet=&#8221;0px&#8221; header_4_text_shadow_vertical_length_tablet=&#8221;0px&#8221; header_4_text_shadow_blur_strength_tablet=&#8221;1px&#8221; header_5_text_shadow_horizontal_length_tablet=&#8221;0px&#8221; header_5_text_shadow_vertical_length_tablet=&#8221;0px&#8221; header_5_text_shadow_blur_strength_tablet=&#8221;1px&#8221; header_6_text_shadow_horizontal_length_tablet=&#8221;0px&#8221; header_6_text_shadow_vertical_length_tablet=&#8221;0px&#8221; header_6_text_shadow_blur_strength_tablet=&#8221;1px&#8221; box_shadow_horizontal_tablet=&#8221;0px&#8221; box_shadow_vertical_tablet=&#8221;0px&#8221; box_shadow_blur_tablet=&#8221;40px&#8221; box_shadow_spread_tablet=&#8221;0px&#8221; global_colors_info=&#8221;{}&#8221;]<\/p>\n<h1>Upcoming Events<\/h1>\n<p>[\/et_pb_text][et_pb_code admin_label=&#8221;Tulevat tapahtumat listattuna&#8221; module_class=&#8221;kaikki_ajankohtaiset&#8221; _builder_version=&#8221;4.20.0&#8243; hover_enabled=&#8221;0&#8243; z_index_tablet=&#8221;500&#8243; locked=&#8221;off&#8221; global_colors_info=&#8221;{}&#8221; sticky_enabled=&#8221;0&#8243;]<div class=\"em em-view-container\" id=\"em-view-881207014\" data-view=\"list\">\r\n\t<div class=\"em pixelbones em-list em-events-list\" id=\"em-events-list-881207014\" data-view-id=\"881207014\">\r\n\t<div class=\"no_events\">Ei tapahtumia.<\/div>\t<\/div>\r\n<\/div>[\/et_pb_code][\/et_pb_column][\/et_pb_row][\/et_pb_section][et_pb_section fb_built=&#8221;1&#8243; module_class=&#8221;sisaltoalue_sininen&#8221; _builder_version=&#8221;4.16&#8243; background_size=&#8221;initial&#8221; background_position=&#8221;top_left&#8221; background_repeat=&#8221;repeat&#8221; locked=&#8221;on&#8221; global_colors_info=&#8221;{}&#8221;][et_pb_row custom_padding_last_edited=&#8221;on|phone&#8221; _builder_version=&#8221;4.16&#8243; custom_padding=&#8221;46.6875px|0px|63px|0px&#8221; custom_padding_tablet=&#8221;&#8221; custom_padding_phone=&#8221;&#8221; global_colors_info=&#8221;{}&#8221;][et_pb_column type=&#8221;4_4&#8243; _builder_version=&#8221;4.16&#8243; custom_padding=&#8221;|||&#8221; global_colors_info=&#8221;{}&#8221; custom_padding__hover=&#8221;|||&#8221;][et_pb_text admin_label=&#8221;Past Events&#8221; _builder_version=&#8221;4.16&#8243; text_orientation=&#8221;center&#8221; z_index_tablet=&#8221;500&#8243; text_text_shadow_horizontal_length_tablet=&#8221;0px&#8221; text_text_shadow_vertical_length_tablet=&#8221;0px&#8221; text_text_shadow_blur_strength_tablet=&#8221;1px&#8221; link_text_shadow_horizontal_length_tablet=&#8221;0px&#8221; link_text_shadow_vertical_length_tablet=&#8221;0px&#8221; link_text_shadow_blur_strength_tablet=&#8221;1px&#8221; ul_text_shadow_horizontal_length_tablet=&#8221;0px&#8221; ul_text_shadow_vertical_length_tablet=&#8221;0px&#8221; ul_text_shadow_blur_strength_tablet=&#8221;1px&#8221; ol_text_shadow_horizontal_length_tablet=&#8221;0px&#8221; ol_text_shadow_vertical_length_tablet=&#8221;0px&#8221; ol_text_shadow_blur_strength_tablet=&#8221;1px&#8221; quote_text_shadow_horizontal_length_tablet=&#8221;0px&#8221; quote_text_shadow_vertical_length_tablet=&#8221;0px&#8221; quote_text_shadow_blur_strength_tablet=&#8221;1px&#8221; header_text_shadow_horizontal_length_tablet=&#8221;0px&#8221; header_text_shadow_vertical_length_tablet=&#8221;0px&#8221; header_text_shadow_blur_strength_tablet=&#8221;1px&#8221; header_2_text_shadow_horizontal_length_tablet=&#8221;0px&#8221; header_2_text_shadow_vertical_length_tablet=&#8221;0px&#8221; header_2_text_shadow_blur_strength_tablet=&#8221;1px&#8221; header_3_text_shadow_horizontal_length_tablet=&#8221;0px&#8221; header_3_text_shadow_vertical_length_tablet=&#8221;0px&#8221; header_3_text_shadow_blur_strength_tablet=&#8221;1px&#8221; header_4_text_shadow_horizontal_length_tablet=&#8221;0px&#8221; header_4_text_shadow_vertical_length_tablet=&#8221;0px&#8221; header_4_text_shadow_blur_strength_tablet=&#8221;1px&#8221; header_5_text_shadow_horizontal_length_tablet=&#8221;0px&#8221; header_5_text_shadow_vertical_length_tablet=&#8221;0px&#8221; header_5_text_shadow_blur_strength_tablet=&#8221;1px&#8221; header_6_text_shadow_horizontal_length_tablet=&#8221;0px&#8221; header_6_text_shadow_vertical_length_tablet=&#8221;0px&#8221; header_6_text_shadow_blur_strength_tablet=&#8221;1px&#8221; box_shadow_horizontal_tablet=&#8221;0px&#8221; box_shadow_vertical_tablet=&#8221;0px&#8221; box_shadow_blur_tablet=&#8221;40px&#8221; box_shadow_spread_tablet=&#8221;0px&#8221; global_colors_info=&#8221;{}&#8221;]<\/p>\n<h1>Past Events<\/h1>\n<p>[\/et_pb_text][et_pb_code admin_label=&#8221;Menneet tapahtumat listattuna&#8221; module_class=&#8221;kaikki_ajankohtaiset&#8221; _builder_version=&#8221;4.20.0&#8243; hover_enabled=&#8221;0&#8243; z_index_tablet=&#8221;500&#8243; locked=&#8221;off&#8221; global_colors_info=&#8221;{}&#8221; sticky_enabled=&#8221;0&#8243;]<div class=\"em em-view-container\" id=\"em-view-905572588\" data-view=\"list\">\r\n\t<div class=\"em pixelbones em-list em-events-list\" id=\"em-events-list-905572588\" data-view-id=\"905572588\">\r\n\t<div class=\"no_events\">Ei tapahtumia.<\/div>\t<\/div>\r\n<\/div>[\/et_pb_code][\/et_pb_column][\/et_pb_row][\/et_pb_section]<\/p>\n","protected":false},"excerpt":{"rendered":"<p>Upcoming Events Upcoming Events <div class=\"em em-view-container\" id=\"em-view-1833817386\" data-view=\"list\">\r\n\t<div class=\"em pixelbones em-list em-events-list\" id=\"em-events-list-1833817386\" data-view-id=\"1833817386\">\r\n\t<div class=\"no_events\">Ei tapahtumia.<\/div>\t<\/div>\r\n<\/div>Past Events <div class=\"em em-view-container\" id=\"em-view-1249634063\" data-view=\"list\">\r\n\t<div class=\"em pixelbones em-list em-events-list\" id=\"em-events-list-1249634063\" data-view-id=\"1249634063\">\r\n\t21.3.2026  - 22.3.2026<a href=\"https:\/\/rotary.fi\/d1385\/events\/pels-2026-koulutus-seka-piirikonferessi-ja-piirikokous-oulussa-22-23-3-2026\/\">PELS 2026 koulutus sek\u00e4 piirikonferenssi ja piirikokous Oulussa 21 - 22.3.2026<\/a>Oulun kirjasto4.10.2025 <a href=\"https:\/\/rotary.fi\/d1385\/events\/d1385-piirikonferenssi-ja-syyskokous-seka-vaasan-klubin-90v-juhla\/\">D1385 Piirikonferenssi ja Syyskokous sek\u00e4 Vaasan klubin 90v. juhla<\/a>Academill26.9.2025  - 28.9.2025<a href=\"https:\/\/rotary.fi\/d1385\/events\/d1385-ib-vaihto-oppilaiden-piirileiri\/\">D1385 IB vaihto-oppilaiden piirileiri<\/a>Ojutj\u00e4rven leirikeskus9.9.2025 <a href=\"https:\/\/rotary.fi\/d1385\/events\/nuorisovaihto-nva-koulutus\/\">Nuorisovaihto - NVA koulutus<\/a>16.11.2024  - 17.11.2024<a href=\"https:\/\/rotary.fi\/d1385\/events\/syksyn-rli-koulutus-lapualla\/\">Syksyn RLI-koulutus Lapualla<\/a>Lapuan kampus5.10.2024  - 6.10.2024<a href=\"https:\/\/rotary.fi\/d1385\/events\/piirin-1385-syysseminaari-ja-syyskokous-kajaanissa-5-6-10-2024\/\">Piirin 1385 syysseminaari ja syyskokous Kajaanissa 5 - 6.10.2024<\/a>Hotelli Valjus20.9.2024  - 22.9.2024<a href=\"https:\/\/rotary.fi\/d1385\/events\/piirin-1385-vuosivaihto-oppilaiden-piirileiri\/\">Piirin 1385 vuosivaihto-oppilaiden syysleiri<\/a>Ojutj\u00e4rven leirikeskus9.8.2024  - 11.8.2024<a href=\"https:\/\/rotary.fi\/d1385\/events\/rotary-on-the-road-2024-moottoripyorailijoiden-kokoontuminen\/\">ROTARY ON THE ROAD 2024 moottoripy\u00f6r\u00e4ilij\u00f6iden kokoontuminen<\/a>Hotelli K\u00e4enpes\u00e46.7.2024 <a href=\"https:\/\/rotary.fi\/d1385\/events\/d1385-kuvernoorin-kaatyjenvaihto\/\">D1385 kuvern\u00f6\u00f6rin k\u00e4\u00e4tyjenvaihto<\/a>Hotelli-Ravintola Alma25.5.2024  - 29.5.2024<a href=\"https:\/\/rotary.fi\/d1385\/events\/rotary-international-convention-singapore\/\">Rotary International Convention Singapore<\/a>3.5.2024  - 5.5.2024<a href=\"https:\/\/rotary.fi\/d1385\/events\/d1385-piirikonferenssi-3-5-5-2024\/\">D1385 Piirikonferenssi 3.-5.5.2024<\/a>Hotelli Lasaretti14.10.2023 <a href=\"https:\/\/rotary.fi\/d1385\/events\/7-10-2023-d-1385-piirikokous\/\">D 1385 Piirikokous (syyskokous) Luostolla<\/a>12.8.2023 <a href=\"https:\/\/rotary.fi\/d1385\/events\/rotaryvuoden-avaus-ja-kuvernoorin-kaatyjen-vaihto-oulussa-la-12-8-2023\/\">Rotaryvuoden avaus ja kuvern\u00f6\u00f6rin k\u00e4\u00e4tyjen vaihto Oulussa la 12.8.2023<\/a>L\u00e4\u00e4ninhallituksentalo22.5.2023 <a href=\"https:\/\/rotary.fi\/d1385\/events\/d1385-postpets\/\">D1385-PostPETS webinaari 22.5.2023 klo 19.00-21.00<\/a>5.5.2023  - 7.5.2023<a href=\"https:\/\/rotary.fi\/d1385\/events\/piirikonferenssi-rovaniemella-5-7-5-2023\/\">D 1385 Piirikonferenssi Rovaniemell\u00e4<\/a>2.4.2023  - 3.4.2023<a href=\"https:\/\/rotary.fi\/d1385\/events\/tervetuloa-rotarien-digi-akatemiaan\/\">&quot;DIGI-AKATEMIA&quot; ROTAREILLE !<\/a>25.3.2023  - 26.3.2023<a href=\"https:\/\/rotary.fi\/d1385\/events\/pets-2023-koulutus-kalajoella\/\">PETS-2023-koulutus Kalajoella 25.-26.3.2023<\/a>16.2.2023 <a href=\"https:\/\/rotary.fi\/d1385\/events\/prepets-etakokouksena-16-2-2023-uusille-klubitoimihenkiloille\/\">prePETS et\u00e4kokouksena 16.2.2023 uusille klubitoimihenkil\u00f6ille<\/a>3.2.2023  - 5.2.2023<a href=\"https:\/\/rotary.fi\/d1385\/events\/rotary-forum-turussa-tarkoitettu-kaikille-rotareille-partnereineen\/\">Rotary Forum Turussa (tarkoitettu kaikille rotareille partnereineen)<\/a>15.1.2023  - 2.4.2023<a href=\"https:\/\/rotary.fi\/d1385\/events\/tule-mukaan-rotarien-ict-it-koulutuksiin\/\">Tule mukaan rotarien ICT\/IT-koulutuksiin!<\/a>29.10.2022 <a href=\"https:\/\/rotary.fi\/d1385\/events\/rli-osa-3-rotary-leadership-institute-3-koulutus-limingan-luontokeskuksessa\/\">RLI osa 3 =Rotary Leadership Institute\/3 -koulutus Limingan luontokeskuksessa<\/a>15.10.2022 <a href=\"https:\/\/rotary.fi\/d1385\/events\/d-1385-piirikokous-kalajoella-ja-samalla-viestinta-seka-saatiokoulutus\/\">ILMOITTAUDU -&gt; D 1385-Piirikokous, koulutukset ja iltajuhla Kalajoella 15.10.<\/a>2.10.2022 <a href=\"https:\/\/rotary.fi\/d1385\/events\/rli-osa-2-rotary-leadership-institute-2-koulutus-limingan-luontokeskuksessa\/\">RLI osa 2 =Rotary Leadership Institute\/2 -koulutus Limingan luontokeskuksessa<\/a>1.10.2022 <a href=\"https:\/\/rotary.fi\/d1385\/events\/rli-1-2022-23\/\">RLI osa 1 =Rotary Leadership Institute\/1 -koulutus Limingan luontokeskuksessa<\/a>2.7.2022 <a href=\"https:\/\/rotary.fi\/d1385\/events\/5881\/\">Kuvern\u00f6\u00f6rin K\u00e4\u00e4tyjen vaihtotapahtuma<\/a>Kemin  Lumilinna4.6.2022  - 8.6.2022<a href=\"https:\/\/rotary.fi\/d1385\/events\/rotary-international-convention-4-8-june-2022-houston-texas\/\">Rotary International Convention 4-8 June, 2022, Houston Texas<\/a>14.5.2022  - 15.5.2022<a href=\"https:\/\/rotary.fi\/d1385\/events\/d1385-piirikonferenssi-2022\/\">Tervetuloa D 1385 Piirikonferenssiin Sein\u00e4joella<\/a>26.3.2022  - 27.3.2022<a href=\"https:\/\/rotary.fi\/d1385\/events\/pets\/\">D 1385 PETS Kokkolassa, Hotelli Kaarle<\/a>22.3.2022 <a href=\"https:\/\/rotary.fi\/d1385\/events\/shekhar-ja-rashi-oulun-poliogaalassa\/\">RIP Shekhar ja Rashi Oulun Poliogaalassa, tervetuloa!<\/a>Radisson Blu Oulu18.2.2022  - 20.2.2022<a href=\"https:\/\/rotary.fi\/d1385\/events\/rotakids-viikonloppu-kaustisilla-18-20-2-2022\/\">RotaKids-viikonloppu Kaustisilla 18.-20.2.2022<\/a>30.10.2021 <a href=\"https:\/\/rotary.fi\/d1385\/events\/piirin-1385-syyskokous-ja-syysseminaari-oulussa\/\">Piirin 1385 Syyskokous ja Syysseminaari Oulussa<\/a>Hotelli Lasaretti10.10.2021 <a href=\"https:\/\/rotary.fi\/d1385\/events\/rli-syksy-2021-3\/\">RLI 3\/3 SYVENT\u00c4V\u00c4 ROTARYKOULUTUS (Rotary Leadership Institute)<\/a>Liminganlahti2.10.2021 <a href=\"https:\/\/rotary.fi\/d1385\/events\/rli-syksy-2021-2\/\">RLI 2\/3 SYVENT\u00c4V\u00c4 ROTARYKOULUTUS (Rotary Leadership Institute)<\/a>Liminganlahti26.9.2021 <a href=\"https:\/\/rotary.fi\/d1385\/events\/rli-syksy-2021-1\/\">RLI 1\/3 SYVENT\u00c4V\u00c4 ROTARYKOULUTUS (Rotary Leadership Institute)<\/a>Liminganlahti3.7.2021 <a href=\"https:\/\/rotary.fi\/d1385\/events\/piirikuvernoorin-ja-lapuan-klubien-kaatyjenvaihto-3-7-2021\/\">Piirikuvern\u00f6\u00f6rin ja Lapuan klubien k\u00e4\u00e4tyjenvaihto 3.7.2021<\/a>Kulttuurikeskus Vanha  Paukku, Lapua27.3.2021  - 30.6.2021<a href=\"https:\/\/rotary.fi\/d1385\/events\/katso-rotarien-koulutuskalenteri-paivittyva\/\">Katso Rotarien KOULUTUSKALENTERI (p\u00e4ivittyv\u00e4)!<\/a>4.11.2020 <a href=\"https:\/\/rotary.fi\/d1385\/events\/d1385-jasenhuoltokoulutus-2020\/\">D1385 j\u00e4senhuoltokoulutus 4.11.2020 klo 18.30 Zoomilla<\/a>24.10.2020 <a href=\"https:\/\/rotary.fi\/d1385\/events\/end-polio-seminaari-livena-helsingista\/\">End Polio -seminaari liven\u00e4 Helsingist\u00e4<\/a>9.9.2020  - 13.9.2020<a href=\"https:\/\/rotary.fi\/d1385\/events\/ryla-september-2020\/\">Invitation to Rotary Youth Leadership Training in September 2020!<\/a>Nallikari Holiday Village\t<\/div>\r\n<\/div><\/p>\n","protected":false},"author":1,"featured_media":0,"parent":3044,"menu_order":1,"comment_status":"closed","ping_status":"closed","template":"","meta":{"_acf_changed":false,"_et_pb_use_builder":"on","_et_pb_old_content":"","_et_gb_content_width":"","footnotes":""},"class_list":["post-3048","page","type-page","status-publish","hentry"],"acf":[],"yoast_head":"<!-- This site is optimized with the Yoast SEO plugin v27.0 - https:\/\/yoast.com\/product\/yoast-seo-wordpress\/ -->\n<title>Upcoming Events - Piiri 1385<\/title>\n<meta name=\"robots\" content=\"index, follow, max-snippet:-1, max-image-preview:large, max-video-preview:-1\" \/>\n<link rel=\"canonical\" href=\"https:\/\/rotary.fi\/d1385\/en\/news-and-features\/upcoming-events\/\" \/>\n<meta property=\"og:locale\" content=\"fi_FI\" \/>\n<meta property=\"og:type\" content=\"article\" \/>\n<meta property=\"og:title\" content=\"Upcoming Events - Piiri 1385\" \/>\n<meta property=\"og:description\" content=\"Upcoming Events Upcoming Events Past Events\" \/>\n<meta property=\"og:url\" content=\"https:\/\/rotary.fi\/d1385\/en\/news-and-features\/upcoming-events\/\" \/>\n<meta property=\"og:site_name\" content=\"Piiri 1385\" \/>\n<meta property=\"article:publisher\" content=\"https:\/\/www.facebook.com\/rotary\/\" \/>\n<meta property=\"article:modified_time\" content=\"2023-03-17T10:24:00+00:00\" \/>\n<meta name=\"twitter:card\" content=\"summary_large_image\" \/>\n<meta name=\"twitter:label1\" content=\"Arvioitu lukuaika\" \/>\n\t<meta name=\"twitter:data1\" content=\"2 minuuttia\" \/>\n<script type=\"application\/ld+json\" class=\"yoast-schema-graph\">{\"@context\":\"https:\/\/schema.org\",\"@graph\":[{\"@type\":\"WebPage\",\"@id\":\"https:\/\/rotary.fi\/d1385\/en\/news-and-features\/upcoming-events\/\",\"url\":\"https:\/\/rotary.fi\/d1385\/en\/news-and-features\/upcoming-events\/\",\"name\":\"Upcoming Events - Piiri 1385\",\"isPartOf\":{\"@id\":\"https:\/\/rotary.fi\/d1385\/#website\"},\"datePublished\":\"2019-08-28T07:26:54+00:00\",\"dateModified\":\"2023-03-17T10:24:00+00:00\",\"breadcrumb\":{\"@id\":\"https:\/\/rotary.fi\/d1385\/en\/news-and-features\/upcoming-events\/#breadcrumb\"},\"inLanguage\":\"fi\",\"potentialAction\":[{\"@type\":\"ReadAction\",\"target\":[\"https:\/\/rotary.fi\/d1385\/en\/news-and-features\/upcoming-events\/\"]}]},{\"@type\":\"BreadcrumbList\",\"@id\":\"https:\/\/rotary.fi\/d1385\/en\/news-and-features\/upcoming-events\/#breadcrumb\",\"itemListElement\":[{\"@type\":\"ListItem\",\"position\":1,\"name\":\"Home\",\"item\":\"https:\/\/rotary.fi\/d1385\/\"},{\"@type\":\"ListItem\",\"position\":2,\"name\":\"News and Features\",\"item\":\"https:\/\/rotary.fi\/d1385\/en\/news-and-features\/\"},{\"@type\":\"ListItem\",\"position\":3,\"name\":\"Upcoming Events\"}]},{\"@type\":\"WebSite\",\"@id\":\"https:\/\/rotary.fi\/d1385\/#website\",\"url\":\"https:\/\/rotary.fi\/d1385\/\",\"name\":\"Piiri 1385\",\"description\":\"Suomen Rotary\",\"potentialAction\":[{\"@type\":\"SearchAction\",\"target\":{\"@type\":\"EntryPoint\",\"urlTemplate\":\"https:\/\/rotary.fi\/d1385\/?s={search_term_string}\"},\"query-input\":{\"@type\":\"PropertyValueSpecification\",\"valueRequired\":true,\"valueName\":\"search_term_string\"}}],\"inLanguage\":\"fi\"}]}<\/script>\n<!-- \/ Yoast SEO plugin. -->","yoast_head_json":{"title":"Upcoming Events - Piiri 1385","robots":{"index":"index","follow":"follow","max-snippet":"max-snippet:-1","max-image-preview":"max-image-preview:large","max-video-preview":"max-video-preview:-1"},"canonical":"https:\/\/rotary.fi\/d1385\/en\/news-and-features\/upcoming-events\/","og_locale":"fi_FI","og_type":"article","og_title":"Upcoming Events - Piiri 1385","og_description":"Upcoming Events Upcoming Events Past Events","og_url":"https:\/\/rotary.fi\/d1385\/en\/news-and-features\/upcoming-events\/","og_site_name":"Piiri 1385","article_publisher":"https:\/\/www.facebook.com\/rotary\/","article_modified_time":"2023-03-17T10:24:00+00:00","twitter_card":"summary_large_image","twitter_misc":{"Arvioitu lukuaika":"2 minuuttia"},"schema":{"@context":"https:\/\/schema.org","@graph":[{"@type":"WebPage","@id":"https:\/\/rotary.fi\/d1385\/en\/news-and-features\/upcoming-events\/","url":"https:\/\/rotary.fi\/d1385\/en\/news-and-features\/upcoming-events\/","name":"Upcoming Events - Piiri 1385","isPartOf":{"@id":"https:\/\/rotary.fi\/d1385\/#website"},"datePublished":"2019-08-28T07:26:54+00:00","dateModified":"2023-03-17T10:24:00+00:00","breadcrumb":{"@id":"https:\/\/rotary.fi\/d1385\/en\/news-and-features\/upcoming-events\/#breadcrumb"},"inLanguage":"fi","potentialAction":[{"@type":"ReadAction","target":["https:\/\/rotary.fi\/d1385\/en\/news-and-features\/upcoming-events\/"]}]},{"@type":"BreadcrumbList","@id":"https:\/\/rotary.fi\/d1385\/en\/news-and-features\/upcoming-events\/#breadcrumb","itemListElement":[{"@type":"ListItem","position":1,"name":"Home","item":"https:\/\/rotary.fi\/d1385\/"},{"@type":"ListItem","position":2,"name":"News and Features","item":"https:\/\/rotary.fi\/d1385\/en\/news-and-features\/"},{"@type":"ListItem","position":3,"name":"Upcoming Events"}]},{"@type":"WebSite","@id":"https:\/\/rotary.fi\/d1385\/#website","url":"https:\/\/rotary.fi\/d1385\/","name":"Piiri 1385","description":"Suomen Rotary","potentialAction":[{"@type":"SearchAction","target":{"@type":"EntryPoint","urlTemplate":"https:\/\/rotary.fi\/d1385\/?s={search_term_string}"},"query-input":{"@type":"PropertyValueSpecification","valueRequired":true,"valueName":"search_term_string"}}],"inLanguage":"fi"}]}},"lang":"en","translations":{"en":3048,"fi":822,"sv":2788},"pll_sync_post":[],"_links":{"self":[{"href":"https:\/\/rotary.fi\/d1385\/wp-json\/wp\/v2\/pages\/3048","targetHints":{"allow":["GET"]}}],"collection":[{"href":"https:\/\/rotary.fi\/d1385\/wp-json\/wp\/v2\/pages"}],"about":[{"href":"https:\/\/rotary.fi\/d1385\/wp-json\/wp\/v2\/types\/page"}],"author":[{"embeddable":true,"href":"https:\/\/rotary.fi\/d1385\/wp-json\/wp\/v2\/users\/1"}],"replies":[{"embeddable":true,"href":"https:\/\/rotary.fi\/d1385\/wp-json\/wp\/v2\/comments?post=3048"}],"version-history":[{"count":8,"href":"https:\/\/rotary.fi\/d1385\/wp-json\/wp\/v2\/pages\/3048\/revisions"}],"predecessor-version":[{"id":6356,"href":"https:\/\/rotary.fi\/d1385\/wp-json\/wp\/v2\/pages\/3048\/revisions\/6356"}],"up":[{"embeddable":true,"href":"https:\/\/rotary.fi\/d1385\/wp-json\/wp\/v2\/pages\/3044"}],"wp:attachment":[{"href":"https:\/\/rotary.fi\/d1385\/wp-json\/wp\/v2\/media?parent=3048"}],"curies":[{"name":"wp","href":"https:\/\/api.w.org\/{rel}","templated":true}]}}