{"id":2665,"date":"2019-08-13T12:31:35","date_gmt":"2019-08-13T10:31:35","guid":{"rendered":"https:\/\/rotary.fi\/d1385\/?page_id=2665"},"modified":"2025-08-13T09:41:42","modified_gmt":"2025-08-13T07:41:42","slug":"ungdomsutbytet","status":"publish","type":"page","link":"https:\/\/rotary.fi\/d1385\/sv\/det-har-gor-vi\/ungdomsutbytet\/","title":{"rendered":"Ungdomsutbytet"},"content":{"rendered":"<p>[et_pb_section fb_built=&#8221;1&#8243; module_class=&#8221;jumbotron-page&#8221; _builder_version=&#8221;4.27.4&#8243; background_color=&#8221;#F8F9FA&#8221; background_image=&#8221;https:\/\/rotary.fi\/d1385\/wp-content\/uploads\/sites\/193\/2021\/12\/nuorisovaihto-banneri.jpg&#8221; global_colors_info=&#8221;{}&#8221;][et_pb_row module_class=&#8221; et_pb_row_fullwidth&#8221; _builder_version=&#8221;4.27.4&#8243; background_color=&#8221;RGBA(255,255,255,0)&#8221; width=&#8221;100%&#8221; width_tablet=&#8221;80%&#8221; width_last_edited=&#8221;off|desktop&#8221; max_width=&#8221;89%&#8221; max_width_tablet=&#8221;80%&#8221; max_width_phone=&#8221;&#8221; max_width_last_edited=&#8221;on|phone&#8221; module_alignment=&#8221;center&#8221; make_fullwidth=&#8221;on&#8221; global_colors_info=&#8221;{}&#8221;][et_pb_column type=&#8221;4_4&#8243; _builder_version=&#8221;4.16&#8243; custom_padding=&#8221;|||&#8221; global_colors_info=&#8221;{}&#8221; custom_padding__hover=&#8221;|||&#8221;][et_pb_text admin_label=&#8221;Nuorisovaihto -otsikko&#8221; _builder_version=&#8221;4.27.4&#8243; text_font=&#8221;||||||||&#8221; text_orientation=&#8221;center&#8221; background_layout=&#8221;dark&#8221; width=&#8221;80%&#8221; max_width_tablet=&#8221;&#8221; max_width_phone=&#8221;80%&#8221; max_width_last_edited=&#8221;on|phone&#8221; custom_margin=&#8221;0px||||false|false&#8221; custom_padding=&#8221;96px||||false|false&#8221; global_colors_info=&#8221;{}&#8221;][\/et_pb_text][et_pb_image align=&#8221;center&#8221; admin_label=&#8221;Kuva&#8221; _builder_version=&#8221;4.27.4&#8243; custom_margin=&#8221;||42px|||&#8221; global_colors_info=&#8221;{}&#8221;][\/et_pb_image][\/et_pb_column][\/et_pb_row][\/et_pb_section][et_pb_section fb_built=&#8221;1&#8243; module_class=&#8221;sisaltoalue_perus&#8221; _builder_version=&#8221;4.27.4&#8243; background_color=&#8221;RGBA(255,255,255,0)&#8221; width=&#8221;80%&#8221; max_width=&#8221;80%&#8221; module_alignment=&#8221;center&#8221; custom_margin=&#8221;||40px|&#8221; module_alignment_tablet=&#8221;center&#8221; module_alignment_phone=&#8221;center&#8221; module_alignment_last_edited=&#8221;on|phone&#8221; global_colors_info=&#8221;{}&#8221;][et_pb_row custom_padding_last_edited=&#8221;on|phone&#8221; admin_label=&#8221;Rivi&#8221; _builder_version=&#8221;4.27.4&#8243; module_alignment=&#8221;center&#8221; min_height=&#8221;553px&#8221; custom_margin=&#8221;1px|auto|-53px|278px||&#8221; custom_padding=&#8221;8px|||||&#8221; custom_padding_tablet=&#8221;&#8221; custom_padding_phone=&#8221;&#8221; global_colors_info=&#8221;{}&#8221;][et_pb_column type=&#8221;4_4&#8243; _builder_version=&#8221;4.16&#8243; custom_padding=&#8221;|||&#8221; global_colors_info=&#8221;{}&#8221; custom_padding__hover=&#8221;|||&#8221;][et_pb_text _builder_version=&#8221;4.27.4&#8243; custom_margin=&#8221;|||-46px|false|false&#8221; global_colors_info=&#8221;{}&#8221;]<\/p>\n<h3 style=\"text-align: left\">P\u00e5litligt och respekterat ungdomsutbyte<\/h3>\n<p>&nbsp;<\/p>\n<div style=\"text-align: left\">\n<p><strong><strong><img decoding=\"async\" class=\"alignleft\" src=\"https:\/\/rotary.fi\/d1385\/wp-content\/uploads\/sites\/193\/2025\/08\/rotary-youth-exchange-products-logo-150x150-1.jpeg\" \/><\/strong><\/strong><\/p>\n<p><strong>Rotary Youth Exchange \u00e4r ett s\u00e4kert och relativt billigt s\u00e4tt att \u00e5ka utomlands som utbytesstudent<\/strong>. Aktiviteten \u00e4r certifierad och \u00f6vervakad. Den unge personen \u00e4r bunden av rotarianernas instruktioner och regler, vilket \u00e4r en viktig del av s\u00e4kerheten. Den unge personen och dennes familj utbildas i kraven f\u00f6r utbytes\u00e5ret innan den unge personen \u00e5ker.<\/p>\n<p>V\u00e4rdfamiljen tar emot den unge personen som en medlem av familjen.<br \/>V\u00e4rdklubben f\u00f6r Rotary tar bland annat hand om den inkommande utbytesstudentens skolkostnader. Den unge personen f\u00e5r ocks\u00e5 ett litet m\u00e5natligt bidrag fr\u00e5n sin v\u00e4rdklubb. Familjen f\u00e5r ingen ekonomisk ers\u00e4ttning f\u00f6r den unge personens uppeh\u00e4lle.<\/p>\n<p>&nbsp;<\/p>\n<p><strong>Fler v\u00e4rdfamiljer beh\u00f6vs f\u00f6r utbytesstudenter som anl\u00e4nder till Finland.<\/strong><br \/>Under utbytes\u00e5ret bor den unge personen vanligtvis hos tre familjer, cirka fyra m\u00e5nader i varje. Om du vill erbjuda ett tryggt hem till en ung person som anl\u00e4nder till Finland, kontakta v\u00e5r klubbs ungdomsutbytesrepresentant.<\/p>\n<p><strong>\u00d6msesidighet. <\/strong><\/p>\n<p>N\u00e4r en Rotaryklubb tar emot en utl\u00e4ndsk utbytesstudent inneb\u00e4r det ocks\u00e5 att vi kan skicka den unge personen utomlands. Att studera utomlands \u00e4r inte alltid gratis f\u00f6r studenter, men Rotaryklubben som \u00e4r v\u00e4rd f\u00f6r den unga personen ansvarar ocks\u00e5 f\u00f6r dessa kostnader. Den unga personen f\u00e5r ocks\u00e5 samma f\u00f6rm\u00e5ner och omsorg som en ung person som anl\u00e4nder till v\u00e5rt land.<\/p>\n<p><strong>Ungdomsutbyte \u00e4r en av de viktigaste och mest synliga formerna av serviceverksamhet f\u00f6r m\u00e5nga klubbar<\/strong>. Varje \u00e5r l\u00e4mnar m\u00e5nga unga m\u00e4nniskor v\u00e5rt distrikt f\u00f6r utbyte, och motsvarande anl\u00e4nder unga m\u00e4nniskor till v\u00e5rt land fr\u00e5n olika delar av v\u00e4rlden. Vid sidan av de mest popul\u00e4ra destinationerna, USA, Kanada och Australien, har Europa framst\u00e5tt starkt. Latinamerika och Fj\u00e4rran \u00d6stern \u00e4r ocks\u00e5 av intresse.<\/p>\n<p><strong>V\u00e5rt distrikt organiserar ocks\u00e5 l\u00e4ger med fokus p\u00e5 olika teman<\/strong>. P\u00e5 sommarl\u00e4gren bor unga m\u00e4nniskor som kommer till Finland fr\u00e5n utlandet i familjeboende de f\u00f6rsta dagarna och l\u00e4r k\u00e4nna den finska vardagen. D\u00e4refter samlas de f\u00f6r sitt temal\u00e4ger. P\u00e5 s\u00e5 s\u00e4tt l\u00e4r unga m\u00e4nniskor naturligtvis k\u00e4nna Rotarys internationella anda.<\/p>\n<p>L\u00e4s mer om ungdomstj\u00e4nst och Rotarys ungdomsutbyte.<\/p>\n<p><strong>Rotex-aktiviteter sammanf\u00f6r tidigare \u00e5rliga utbytesstudenter<\/strong><\/p>\n<p>Rotex hj\u00e4lper flera distrikt och distrikt att v\u00e4gleda utresande utbytesstudenter och som st\u00f6dpersoner f\u00f6r inkommande utbytesstudenter. De kan ocks\u00e5 fungera som handledare p\u00e5 sommarl\u00e4ger, resor som organiseras av ungdomsutbyte och introduktionsl\u00e4ger f\u00f6r inkommande studenter. Rotex verkar under den flerdistriktsorganisation som Finlands Rotary Service Youth Exchange har, och Rotex f\u00f6ljer Rotarys regler.<\/p>\n<p><strong>\u00c4r du intresserad av ungdomsutbyte?<\/strong><\/p>\n<p>Genom Rotary kan du f\u00e5 tillg\u00e5ng till \u00e5rligt utbyte, sommarutbyte eller l\u00e4gerutbyte. Du kan l\u00e4sa mer om dessa olika former av utbyte p\u00e5 Finlands Rotary Youth Exchanges webbplats. Ans\u00f6kningsperioden f\u00f6r f\u00f6ljande \u00e5rs utbyten \u00e4r h\u00f6sten f\u00f6re ans\u00f6knings\u00e5ret. Om du \u00e4r intresserad, kontakta v\u00e5ra klubbfunktion\u00e4rer och fr\u00e5ga om vi skickar en utbytesstudent n\u00e4sta \u00e5r.<\/p>\n<p>Fr\u00e5ga g\u00e4rna mer om Rotary Youth Exchange.<\/p>\n<p><strong>Kontakta oss<\/strong><br \/>Ordf\u00f6rande<\/p>\n<\/div>\n<p><b>Anne Pudas, Oulu City<\/b><br \/>Mobile\u00a0+358-40-9369608<br \/>E-mail: anne.pudas55@gmail.com<\/p>\n<p>&nbsp;<\/p>\n<p>[\/et_pb_text][et_pb_gallery gallery_ids=&#8221;224,759,4006&#8243; posts_number=&#8221;3&#8243; show_title_and_caption=&#8221;off&#8221; show_pagination=&#8221;off&#8221; _builder_version=&#8221;4.16&#8243; global_colors_info=&#8221;{}&#8221;][\/et_pb_gallery][\/et_pb_column][\/et_pb_row][\/et_pb_section]<\/p>\n","protected":false},"excerpt":{"rendered":"<p>P\u00e5litligt och respekterat ungdomsutbyte &nbsp; Rotary Youth Exchange \u00e4r ett s\u00e4kert och relativt billigt s\u00e4tt att \u00e5ka utomlands som utbytesstudent. Aktiviteten \u00e4r certifierad och \u00f6vervakad. Den unge personen \u00e4r bunden av rotarianernas instruktioner och regler, vilket \u00e4r en viktig del av s\u00e4kerheten. Den unge personen och dennes familj utbildas i kraven f\u00f6r utbytes\u00e5ret innan den [&hellip;]<\/p>\n","protected":false},"author":1,"featured_media":0,"parent":2663,"menu_order":2,"comment_status":"closed","ping_status":"closed","template":"","meta":{"_acf_changed":false,"_et_pb_use_builder":"on","_et_pb_old_content":"","_et_gb_content_width":"","footnotes":""},"class_list":["post-2665","page","type-page","status-publish","hentry"],"acf":[],"yoast_head":"<!-- This site is optimized with the Yoast SEO plugin v27.0 - https:\/\/yoast.com\/product\/yoast-seo-wordpress\/ -->\n<title>Ungdomsutbytet - Piiri 1385<\/title>\n<meta name=\"robots\" content=\"index, follow, max-snippet:-1, max-image-preview:large, max-video-preview:-1\" \/>\n<link rel=\"canonical\" href=\"https:\/\/rotary.fi\/d1385\/sv\/det-har-gor-vi\/ungdomsutbytet\/\" \/>\n<meta property=\"og:locale\" content=\"fi_FI\" \/>\n<meta property=\"og:type\" content=\"article\" \/>\n<meta property=\"og:title\" content=\"Ungdomsutbytet - Piiri 1385\" \/>\n<meta property=\"og:description\" content=\"P\u00e5litligt och respekterat ungdomsutbyte &nbsp; Rotary Youth Exchange \u00e4r ett s\u00e4kert och relativt billigt s\u00e4tt att \u00e5ka utomlands som utbytesstudent. Aktiviteten \u00e4r certifierad och \u00f6vervakad. Den unge personen \u00e4r bunden av rotarianernas instruktioner och regler, vilket \u00e4r en viktig del av s\u00e4kerheten. Den unge personen och dennes familj utbildas i kraven f\u00f6r utbytes\u00e5ret innan den [&hellip;]\" \/>\n<meta property=\"og:url\" content=\"https:\/\/rotary.fi\/d1385\/sv\/det-har-gor-vi\/ungdomsutbytet\/\" \/>\n<meta property=\"og:site_name\" content=\"Piiri 1385\" \/>\n<meta property=\"article:publisher\" content=\"https:\/\/www.facebook.com\/rotary\/\" \/>\n<meta property=\"article:modified_time\" content=\"2025-08-13T07:41:42+00:00\" \/>\n<meta property=\"og:image\" content=\"https:\/\/rotary.fi\/d1385\/wp-content\/uploads\/sites\/193\/2025\/08\/rotary-youth-exchange-products-logo-150x150-1.jpeg\" \/>\n<meta name=\"twitter:card\" content=\"summary_large_image\" \/>\n<meta name=\"twitter:label1\" content=\"Arvioitu lukuaika\" \/>\n\t<meta name=\"twitter:data1\" content=\"3 minuuttia\" \/>\n<script type=\"application\/ld+json\" class=\"yoast-schema-graph\">{\"@context\":\"https:\/\/schema.org\",\"@graph\":[{\"@type\":\"WebPage\",\"@id\":\"https:\/\/rotary.fi\/d1385\/sv\/det-har-gor-vi\/ungdomsutbytet\/\",\"url\":\"https:\/\/rotary.fi\/d1385\/sv\/det-har-gor-vi\/ungdomsutbytet\/\",\"name\":\"Ungdomsutbytet - Piiri 1385\",\"isPartOf\":{\"@id\":\"https:\/\/rotary.fi\/d1385\/#website\"},\"primaryImageOfPage\":{\"@id\":\"https:\/\/rotary.fi\/d1385\/sv\/det-har-gor-vi\/ungdomsutbytet\/#primaryimage\"},\"image\":{\"@id\":\"https:\/\/rotary.fi\/d1385\/sv\/det-har-gor-vi\/ungdomsutbytet\/#primaryimage\"},\"thumbnailUrl\":\"https:\/\/rotary.fi\/d1385\/wp-content\/uploads\/sites\/193\/2025\/08\/rotary-youth-exchange-products-logo-150x150-1.jpeg\",\"datePublished\":\"2019-08-13T10:31:35+00:00\",\"dateModified\":\"2025-08-13T07:41:42+00:00\",\"breadcrumb\":{\"@id\":\"https:\/\/rotary.fi\/d1385\/sv\/det-har-gor-vi\/ungdomsutbytet\/#breadcrumb\"},\"inLanguage\":\"fi\",\"potentialAction\":[{\"@type\":\"ReadAction\",\"target\":[\"https:\/\/rotary.fi\/d1385\/sv\/det-har-gor-vi\/ungdomsutbytet\/\"]}]},{\"@type\":\"ImageObject\",\"inLanguage\":\"fi\",\"@id\":\"https:\/\/rotary.fi\/d1385\/sv\/det-har-gor-vi\/ungdomsutbytet\/#primaryimage\",\"url\":\"https:\/\/rotary.fi\/d1385\/wp-content\/uploads\/sites\/193\/2025\/08\/rotary-youth-exchange-products-logo-150x150-1.jpeg\",\"contentUrl\":\"https:\/\/rotary.fi\/d1385\/wp-content\/uploads\/sites\/193\/2025\/08\/rotary-youth-exchange-products-logo-150x150-1.jpeg\",\"width\":240,\"height\":240},{\"@type\":\"BreadcrumbList\",\"@id\":\"https:\/\/rotary.fi\/d1385\/sv\/det-har-gor-vi\/ungdomsutbytet\/#breadcrumb\",\"itemListElement\":[{\"@type\":\"ListItem\",\"position\":1,\"name\":\"Home\",\"item\":\"https:\/\/rotary.fi\/d1385\/\"},{\"@type\":\"ListItem\",\"position\":2,\"name\":\"Det h\u00e4r g\u00f6r vi\",\"item\":\"https:\/\/rotary.fi\/d1385\/sv\/det-har-gor-vi\/\"},{\"@type\":\"ListItem\",\"position\":3,\"name\":\"Ungdomsutbytet\"}]},{\"@type\":\"WebSite\",\"@id\":\"https:\/\/rotary.fi\/d1385\/#website\",\"url\":\"https:\/\/rotary.fi\/d1385\/\",\"name\":\"Piiri 1385\",\"description\":\"Suomen Rotary\",\"potentialAction\":[{\"@type\":\"SearchAction\",\"target\":{\"@type\":\"EntryPoint\",\"urlTemplate\":\"https:\/\/rotary.fi\/d1385\/?s={search_term_string}\"},\"query-input\":{\"@type\":\"PropertyValueSpecification\",\"valueRequired\":true,\"valueName\":\"search_term_string\"}}],\"inLanguage\":\"fi\"}]}<\/script>\n<!-- \/ Yoast SEO plugin. -->","yoast_head_json":{"title":"Ungdomsutbytet - Piiri 1385","robots":{"index":"index","follow":"follow","max-snippet":"max-snippet:-1","max-image-preview":"max-image-preview:large","max-video-preview":"max-video-preview:-1"},"canonical":"https:\/\/rotary.fi\/d1385\/sv\/det-har-gor-vi\/ungdomsutbytet\/","og_locale":"fi_FI","og_type":"article","og_title":"Ungdomsutbytet - Piiri 1385","og_description":"P\u00e5litligt och respekterat ungdomsutbyte &nbsp; Rotary Youth Exchange \u00e4r ett s\u00e4kert och relativt billigt s\u00e4tt att \u00e5ka utomlands som utbytesstudent. Aktiviteten \u00e4r certifierad och \u00f6vervakad. Den unge personen \u00e4r bunden av rotarianernas instruktioner och regler, vilket \u00e4r en viktig del av s\u00e4kerheten. Den unge personen och dennes familj utbildas i kraven f\u00f6r utbytes\u00e5ret innan den [&hellip;]","og_url":"https:\/\/rotary.fi\/d1385\/sv\/det-har-gor-vi\/ungdomsutbytet\/","og_site_name":"Piiri 1385","article_publisher":"https:\/\/www.facebook.com\/rotary\/","article_modified_time":"2025-08-13T07:41:42+00:00","og_image":[{"url":"https:\/\/rotary.fi\/d1385\/wp-content\/uploads\/sites\/193\/2025\/08\/rotary-youth-exchange-products-logo-150x150-1.jpeg","type":"","width":"","height":""}],"twitter_card":"summary_large_image","twitter_misc":{"Arvioitu lukuaika":"3 minuuttia"},"schema":{"@context":"https:\/\/schema.org","@graph":[{"@type":"WebPage","@id":"https:\/\/rotary.fi\/d1385\/sv\/det-har-gor-vi\/ungdomsutbytet\/","url":"https:\/\/rotary.fi\/d1385\/sv\/det-har-gor-vi\/ungdomsutbytet\/","name":"Ungdomsutbytet - Piiri 1385","isPartOf":{"@id":"https:\/\/rotary.fi\/d1385\/#website"},"primaryImageOfPage":{"@id":"https:\/\/rotary.fi\/d1385\/sv\/det-har-gor-vi\/ungdomsutbytet\/#primaryimage"},"image":{"@id":"https:\/\/rotary.fi\/d1385\/sv\/det-har-gor-vi\/ungdomsutbytet\/#primaryimage"},"thumbnailUrl":"https:\/\/rotary.fi\/d1385\/wp-content\/uploads\/sites\/193\/2025\/08\/rotary-youth-exchange-products-logo-150x150-1.jpeg","datePublished":"2019-08-13T10:31:35+00:00","dateModified":"2025-08-13T07:41:42+00:00","breadcrumb":{"@id":"https:\/\/rotary.fi\/d1385\/sv\/det-har-gor-vi\/ungdomsutbytet\/#breadcrumb"},"inLanguage":"fi","potentialAction":[{"@type":"ReadAction","target":["https:\/\/rotary.fi\/d1385\/sv\/det-har-gor-vi\/ungdomsutbytet\/"]}]},{"@type":"ImageObject","inLanguage":"fi","@id":"https:\/\/rotary.fi\/d1385\/sv\/det-har-gor-vi\/ungdomsutbytet\/#primaryimage","url":"https:\/\/rotary.fi\/d1385\/wp-content\/uploads\/sites\/193\/2025\/08\/rotary-youth-exchange-products-logo-150x150-1.jpeg","contentUrl":"https:\/\/rotary.fi\/d1385\/wp-content\/uploads\/sites\/193\/2025\/08\/rotary-youth-exchange-products-logo-150x150-1.jpeg","width":240,"height":240},{"@type":"BreadcrumbList","@id":"https:\/\/rotary.fi\/d1385\/sv\/det-har-gor-vi\/ungdomsutbytet\/#breadcrumb","itemListElement":[{"@type":"ListItem","position":1,"name":"Home","item":"https:\/\/rotary.fi\/d1385\/"},{"@type":"ListItem","position":2,"name":"Det h\u00e4r g\u00f6r vi","item":"https:\/\/rotary.fi\/d1385\/sv\/det-har-gor-vi\/"},{"@type":"ListItem","position":3,"name":"Ungdomsutbytet"}]},{"@type":"WebSite","@id":"https:\/\/rotary.fi\/d1385\/#website","url":"https:\/\/rotary.fi\/d1385\/","name":"Piiri 1385","description":"Suomen Rotary","potentialAction":[{"@type":"SearchAction","target":{"@type":"EntryPoint","urlTemplate":"https:\/\/rotary.fi\/d1385\/?s={search_term_string}"},"query-input":{"@type":"PropertyValueSpecification","valueRequired":true,"valueName":"search_term_string"}}],"inLanguage":"fi"}]}},"lang":"sv","translations":{"sv":2665,"fi":497,"en":2921},"pll_sync_post":[],"_links":{"self":[{"href":"https:\/\/rotary.fi\/d1385\/wp-json\/wp\/v2\/pages\/2665","targetHints":{"allow":["GET"]}}],"collection":[{"href":"https:\/\/rotary.fi\/d1385\/wp-json\/wp\/v2\/pages"}],"about":[{"href":"https:\/\/rotary.fi\/d1385\/wp-json\/wp\/v2\/types\/page"}],"author":[{"embeddable":true,"href":"https:\/\/rotary.fi\/d1385\/wp-json\/wp\/v2\/users\/1"}],"replies":[{"embeddable":true,"href":"https:\/\/rotary.fi\/d1385\/wp-json\/wp\/v2\/comments?post=2665"}],"version-history":[{"count":10,"href":"https:\/\/rotary.fi\/d1385\/wp-json\/wp\/v2\/pages\/2665\/revisions"}],"predecessor-version":[{"id":6909,"href":"https:\/\/rotary.fi\/d1385\/wp-json\/wp\/v2\/pages\/2665\/revisions\/6909"}],"up":[{"embeddable":true,"href":"https:\/\/rotary.fi\/d1385\/wp-json\/wp\/v2\/pages\/2663"}],"wp:attachment":[{"href":"https:\/\/rotary.fi\/d1385\/wp-json\/wp\/v2\/media?parent=2665"}],"curies":[{"name":"wp","href":"https:\/\/api.w.org\/{rel}","templated":true}]}}