{"id":2634,"date":"2018-08-27T10:03:33","date_gmt":"2018-08-27T08:03:33","guid":{"rendered":"https:\/\/rotary.fi\/d1385\/?page_id=2634"},"modified":"2025-08-18T10:56:58","modified_gmt":"2025-08-18T08:56:58","slug":"kuvernoori","status":"publish","type":"page","link":"https:\/\/rotary.fi\/d1385\/sv\/rotarydistrikt-1380\/kuvernoori\/","title":{"rendered":"Kuvern\u00f6\u00f6ri"},"content":{"rendered":"<p>[et_pb_section fb_built=&#8221;1&#8243; module_class=&#8221;jumbotron-page&#8221; _builder_version=&#8221;4.21.0&#8243; background_image=&#8221;https:\/\/rotary.fi\/d1385\/wp-content\/uploads\/sites\/193\/2023\/07\/taustakuva-petri-1.jpg&#8221; global_colors_info=&#8221;{}&#8221;][et_pb_row module_class=&#8221; et_pb_row_fullwidth et_pb_row_fullwidth et_pb_row_fullwidth et_pb_row_fullwidth et_pb_row_fullwidth&#8221; _builder_version=&#8221;4.17.4&#8243; width=&#8221;89%&#8221; width_tablet=&#8221;80%&#8221; width_phone=&#8221;&#8221; width_last_edited=&#8221;on|desktop&#8221; max_width=&#8221;89%&#8221; max_width_tablet=&#8221;80%&#8221; max_width_phone=&#8221;&#8221; max_width_last_edited=&#8221;on|desktop&#8221; make_fullwidth=&#8221;on&#8221; global_colors_info=&#8221;{}&#8221;][et_pb_column type=&#8221;4_4&#8243; _builder_version=&#8221;4.16&#8243; custom_padding=&#8221;|||&#8221; global_colors_info=&#8221;{}&#8221; custom_padding__hover=&#8221;|||&#8221;][et_pb_text admin_label=&#8221;P\u00e4\u00e4otsikko kuvan p\u00e4\u00e4ll\u00e4&#8221; _builder_version=&#8221;4.27.4&#8243; text_orientation=&#8221;center&#8221; background_layout=&#8221;dark&#8221; custom_margin=&#8221;||60px||false|false&#8221; locked=&#8221;off&#8221; collapsed=&#8221;off&#8221; global_colors_info=&#8221;{}&#8221;]<\/p>\n<h1>Govern\u00f6r<\/h1>\n<p>[\/et_pb_text][\/et_pb_column][\/et_pb_row][\/et_pb_section][et_pb_section fb_built=&#8221;1&#8243; module_class=&#8221;sisaltoalue_perus&#8221; _builder_version=&#8221;4.17.4&#8243; custom_margin=&#8221;||||false|false&#8221; global_colors_info=&#8221;{}&#8221;][et_pb_row column_structure=&#8221;1_3,1_3,1_3&#8243; module_class=&#8221;henkilosto-listaus&#8221; _builder_version=&#8221;4.17.4&#8243; global_colors_info=&#8221;{}&#8221;][et_pb_column type=&#8221;1_3&#8243; _builder_version=&#8221;4.16&#8243; custom_padding=&#8221;|||&#8221; global_colors_info=&#8221;{}&#8221; custom_padding__hover=&#8221;|||&#8221;][et_pb_team_member image_url=&#8221;https:\/\/rotary.fi\/d1385\/wp-content\/uploads\/sites\/193\/2023\/07\/piirikonferenssi-2023-rovaniemi-220-tarmo-kokkola.jpg&#8221; admin_label=&#8221;Henkil\u00f6 DG Tarmo&#8221; _builder_version=&#8221;4.27.4&#8243; _module_preset=&#8221;default&#8221; min_height=&#8221;698.7px&#8221; border_color_all=&#8221;RGBA(0,0,0,0)&#8221; box_shadow_style=&#8221;preset1&#8243; global_colors_info=&#8221;{}&#8221;]<\/p>\n<h4>\u00a0<\/h4>\n<h4><span style=\"color: #333333;font-size: 18px\"><span style=\"color: #019fcb\"><br \/>\u00a0DG Tarmo Kokkola<\/span><\/span><\/h4>\n<p class=\"et_pb_member_position\">\u00a0 \u00a0<span style=\"color: #070707\">Kuvern\u00f6\u00f6ri &#8211; Govern\u00f6r<\/span><span style=\"color: #070707\">\u00a0\u00a0<\/span><\/p>\n<p class=\"et_pb_member_position\"><span style=\"color: #070707\">\u00a0 \u00a0Pietari Brahe Rotaryklubi<\/span><\/p>\n<p><span style=\"font-size: 13.6px;color: #263b4c\">\u00a0 \u00a0V\u00e4hitt\u00e4iskauppa<\/span><\/p>\n<div>\n<p>\u00a0 \u00a0Mobile +358-44-788 5693<br \/>\u00a0 E-mail: <a href=\"mailto:tarmo.kokkola@sok.fi\">tarmo.kokkola@sok.fi<\/a><\/p>\n<\/div>\n<p>[\/et_pb_team_member][\/et_pb_column][et_pb_column type=&#8221;1_3&#8243; _builder_version=&#8221;4.16&#8243; custom_padding=&#8221;|||&#8221; global_colors_info=&#8221;{}&#8221; custom_padding__hover=&#8221;|||&#8221;][et_pb_team_member image_url=&#8221;https:\/\/rotary.fi\/d1385\/wp-content\/uploads\/sites\/193\/2024\/07\/suvi-1.jpg&#8221; admin_label=&#8221;Henkil\u00f6 DGE Suvi&#8221; _builder_version=&#8221;4.25.2&#8243; _module_preset=&#8221;default&#8221; custom_padding=&#8221;||17px|||&#8221; border_color_all=&#8221;RGBA(0,0,0,0)&#8221; box_shadow_style=&#8221;preset1&#8243; global_colors_info=&#8221;{}&#8221;]<\/p>\n<h4>\u00a0<\/h4>\n<h4>\u00a0 DGE Suvi Linden<\/h4>\n<p class=\"et_pb_member_position\">\u00a0 <span style=\"color: #070707\">Tuleva kuvern\u00f6\u00f6ri\u00a0 &#8211; Governor Elected<\/span><\/p>\n<div>\n<p>\u00a0 \u00a0Merikoski\u00a0 Rotarykubi<\/p>\n<p>\u00a0 \u00a0Julkinen hallinto\/ATK-suunnittelu\u00a0<\/p>\n<p>\u00a0 \u00a0Mobile +358-50-5113179<br \/>\u00a0 \u00a0E-mail: suvi.linden@iki.fi<\/p>\n<\/div>\n<p>&nbsp;<\/p>\n<p>[\/et_pb_team_member][\/et_pb_column][et_pb_column type=&#8221;1_3&#8243; _builder_version=&#8221;4.16&#8243; custom_padding=&#8221;|||&#8221; global_colors_info=&#8221;{}&#8221; custom_padding__hover=&#8221;|||&#8221;][et_pb_team_member image_url=&#8221;https:\/\/rotary.fi\/d1385\/wp-content\/uploads\/sites\/193\/2025\/08\/ylipiessa-matti.jpg&#8221; admin_label=&#8221;Henkil\u00f6 DGN Matti&#8221; _builder_version=&#8221;4.27.4&#8243; _module_preset=&#8221;default&#8221; custom_padding=&#8221;||17px|||&#8221; border_color_all=&#8221;RGBA(0,0,0,0)&#8221; box_shadow_style=&#8221;preset1&#8243; global_colors_info=&#8221;{}&#8221;]<\/p>\n<h4>\u00a0\u00a0<\/h4>\n<h4>\u00a0 DGN\u00a0 Matti Ylipiesa<\/h4>\n<p>\u00a0 K<span style=\"color: #070707\">uvern\u00f6\u00f6ri ehdokas\u00a0 &#8211; Governor Nominee<\/span><\/p>\n<div>\n<p>\u00a0 Meri-Kemin\u00a0 Rotarykubi<\/p>\n<p>\u00a0 Mobile +358-45-1346090<br \/>\u00a0 E-mail: matti.ylipiessa@aries.fi<\/p>\n<\/div>\n<p>&nbsp;<\/p>\n<p>[\/et_pb_team_member][\/et_pb_column][\/et_pb_row][et_pb_row _builder_version=&#8221;4.16&#8243; global_colors_info=&#8221;{}&#8221;][et_pb_column type=&#8221;4_4&#8243; _builder_version=&#8221;4.16&#8243; global_colors_info=&#8221;{}&#8221;][et_pb_text _builder_version=&#8221;4.27.4&#8243; link_option_url=&#8221;https:\/\/sites.google.com\/rotaryd1385.org\/governor&#8221; link_option_url_new_window=&#8221;on&#8221; hover_enabled=&#8221;0&#8243; global_colors_info=&#8221;{}&#8221; sticky_enabled=&#8221;0&#8243;]<\/p>\n<ol>\n<li><img loading=\"lazy\" decoding=\"async\" class=\"wp-image-6822 size-full aligncenter\" src=\"https:\/\/rotary.fi\/d1385\/wp-content\/uploads\/sites\/193\/2025\/08\/logo-unite.jpg\" alt=\"\" width=\"980\" height=\"188\" srcset=\"https:\/\/rotary.fi\/d1385\/wp-content\/uploads\/sites\/193\/2025\/08\/logo-unite.jpg 980w, https:\/\/rotary.fi\/d1385\/wp-content\/uploads\/sites\/193\/2025\/08\/logo-unite-480x92.jpg 480w\" sizes=\"(min-width: 0px) and (max-width: 480px) 480px, (min-width: 481px) 980px, 100vw\" \/><\/li>\n<\/ol>\n<p>&nbsp;<\/p>\n<h4 style=\"font-weight: 400;text-align: center\">\u00a0<\/h4>\n<h4 style=\"text-align: center\">K\u00e4ra Rotarianer, Rotaract, Interact, Rotex och Rotarianers v\u00e4nner<\/h4>\n<h4 style=\"text-align: center\">Rotary Internationals tema &#8221;F\u00f6renas f\u00f6r det goda \u2013 tillv\u00e4xt, hj\u00e4lpinsats och kontakt&#8221; leder oss mot ett betydelsefullt och konstruktivt \u00e5r f\u00f6r det gemensamma b\u00e4sta.<\/h4>\n<h4 style=\"text-align: center\">Jag \u00f6nskar alla ett inspirerande och aktivt Rotary\u00e5r!<\/h4>\n<h4 style=\"text-align: center\"><span style=\"font-weight: 400\"><br \/>Tarmo<br \/><\/span><\/h4>\n<p>[\/et_pb_text][et_pb_button button_url=&#8221;https:\/\/rotary.fi\/d1385\/rotarypiiri1385\/kuvernoori\/edelliset-kuvernoorit\/&#8221; button_text=&#8221;D1385 edelliset kuvern\u00f6\u00f6rit&#8221; button_alignment=&#8221;center&#8221; _builder_version=&#8221;4.16&#8243; _module_preset=&#8221;default&#8221; global_colors_info=&#8221;{}&#8221;][\/et_pb_button][\/et_pb_column][\/et_pb_row][\/et_pb_section]<\/p>\n","protected":false},"excerpt":{"rendered":"<p>Govern\u00f6r\u00a0 \u00a0DG Tarmo Kokkola \u00a0 \u00a0Kuvern\u00f6\u00f6ri &#8211; Govern\u00f6r\u00a0\u00a0 \u00a0 \u00a0Pietari Brahe Rotaryklubi \u00a0 \u00a0V\u00e4hitt\u00e4iskauppa \u00a0 \u00a0Mobile +358-44-788 5693\u00a0 E-mail: tarmo.kokkola@sok.fi \u00a0 \u00a0 DGE Suvi Linden \u00a0 Tuleva kuvern\u00f6\u00f6ri\u00a0 &#8211; Governor Elected \u00a0 \u00a0Merikoski\u00a0 Rotarykubi \u00a0 \u00a0Julkinen hallinto\/ATK-suunnittelu\u00a0 \u00a0 \u00a0Mobile +358-50-5113179\u00a0 \u00a0E-mail: suvi.linden@iki.fi &nbsp;\u00a0\u00a0 \u00a0 DGN\u00a0 Matti Ylipiesa \u00a0 Kuvern\u00f6\u00f6ri ehdokas\u00a0 &#8211; Governor Nominee \u00a0 Meri-Kemin\u00a0 [&hellip;]<\/p>\n","protected":false},"author":1,"featured_media":0,"parent":2629,"menu_order":3,"comment_status":"closed","ping_status":"closed","template":"","meta":{"_acf_changed":false,"_et_pb_use_builder":"on","_et_pb_old_content":"","_et_gb_content_width":"","footnotes":""},"class_list":["post-2634","page","type-page","status-publish","hentry"],"acf":[],"yoast_head":"<!-- This site is optimized with the Yoast SEO plugin v27.0 - https:\/\/yoast.com\/product\/yoast-seo-wordpress\/ -->\n<title>Kuvern\u00f6\u00f6ri - Piiri 1385<\/title>\n<meta name=\"robots\" content=\"index, follow, max-snippet:-1, max-image-preview:large, max-video-preview:-1\" \/>\n<link rel=\"canonical\" href=\"https:\/\/rotary.fi\/d1385\/sv\/rotarydistrikt-1380\/kuvernoori\/\" \/>\n<meta property=\"og:locale\" content=\"fi_FI\" \/>\n<meta property=\"og:type\" content=\"article\" \/>\n<meta property=\"og:title\" content=\"Kuvern\u00f6\u00f6ri - Piiri 1385\" \/>\n<meta property=\"og:description\" content=\"Govern\u00f6r\u00a0 \u00a0DG Tarmo Kokkola \u00a0 \u00a0Kuvern\u00f6\u00f6ri - Govern\u00f6r\u00a0\u00a0 \u00a0 \u00a0Pietari Brahe Rotaryklubi \u00a0 \u00a0V\u00e4hitt\u00e4iskauppa \u00a0 \u00a0Mobile +358-44-788 5693\u00a0 E-mail: tarmo.kokkola@sok.fi \u00a0 \u00a0 DGE Suvi Linden \u00a0 Tuleva kuvern\u00f6\u00f6ri\u00a0 - Governor Elected \u00a0 \u00a0Merikoski\u00a0 Rotarykubi \u00a0 \u00a0Julkinen hallinto\/ATK-suunnittelu\u00a0 \u00a0 \u00a0Mobile +358-50-5113179\u00a0 \u00a0E-mail: suvi.linden@iki.fi &nbsp;\u00a0\u00a0 \u00a0 DGN\u00a0 Matti Ylipiesa \u00a0 Kuvern\u00f6\u00f6ri ehdokas\u00a0 - Governor Nominee \u00a0 Meri-Kemin\u00a0 [&hellip;]\" \/>\n<meta property=\"og:url\" content=\"https:\/\/rotary.fi\/d1385\/sv\/rotarydistrikt-1380\/kuvernoori\/\" \/>\n<meta property=\"og:site_name\" content=\"Piiri 1385\" \/>\n<meta property=\"article:publisher\" content=\"https:\/\/www.facebook.com\/rotary\/\" \/>\n<meta property=\"article:modified_time\" content=\"2025-08-18T08:56:58+00:00\" \/>\n<meta property=\"og:image\" content=\"https:\/\/rotary.fi\/d1385\/wp-content\/uploads\/sites\/193\/2025\/08\/logo-unite.jpg\" \/>\n<meta name=\"twitter:card\" content=\"summary_large_image\" \/>\n<meta name=\"twitter:label1\" content=\"Arvioitu lukuaika\" \/>\n\t<meta name=\"twitter:data1\" content=\"2 minuuttia\" \/>\n<script type=\"application\/ld+json\" class=\"yoast-schema-graph\">{\"@context\":\"https:\/\/schema.org\",\"@graph\":[{\"@type\":\"WebPage\",\"@id\":\"https:\/\/rotary.fi\/d1385\/sv\/rotarydistrikt-1380\/kuvernoori\/\",\"url\":\"https:\/\/rotary.fi\/d1385\/sv\/rotarydistrikt-1380\/kuvernoori\/\",\"name\":\"Kuvern\u00f6\u00f6ri - Piiri 1385\",\"isPartOf\":{\"@id\":\"https:\/\/rotary.fi\/d1385\/#website\"},\"primaryImageOfPage\":{\"@id\":\"https:\/\/rotary.fi\/d1385\/sv\/rotarydistrikt-1380\/kuvernoori\/#primaryimage\"},\"image\":{\"@id\":\"https:\/\/rotary.fi\/d1385\/sv\/rotarydistrikt-1380\/kuvernoori\/#primaryimage\"},\"thumbnailUrl\":\"https:\/\/rotary.fi\/d1385\/wp-content\/uploads\/sites\/193\/2025\/08\/logo-unite.jpg\",\"datePublished\":\"2018-08-27T08:03:33+00:00\",\"dateModified\":\"2025-08-18T08:56:58+00:00\",\"breadcrumb\":{\"@id\":\"https:\/\/rotary.fi\/d1385\/sv\/rotarydistrikt-1380\/kuvernoori\/#breadcrumb\"},\"inLanguage\":\"fi\",\"potentialAction\":[{\"@type\":\"ReadAction\",\"target\":[\"https:\/\/rotary.fi\/d1385\/sv\/rotarydistrikt-1380\/kuvernoori\/\"]}]},{\"@type\":\"ImageObject\",\"inLanguage\":\"fi\",\"@id\":\"https:\/\/rotary.fi\/d1385\/sv\/rotarydistrikt-1380\/kuvernoori\/#primaryimage\",\"url\":\"https:\/\/rotary.fi\/d1385\/wp-content\/uploads\/sites\/193\/2025\/08\/logo-unite.jpg\",\"contentUrl\":\"https:\/\/rotary.fi\/d1385\/wp-content\/uploads\/sites\/193\/2025\/08\/logo-unite.jpg\",\"width\":980,\"height\":188},{\"@type\":\"BreadcrumbList\",\"@id\":\"https:\/\/rotary.fi\/d1385\/sv\/rotarydistrikt-1380\/kuvernoori\/#breadcrumb\",\"itemListElement\":[{\"@type\":\"ListItem\",\"position\":1,\"name\":\"Home\",\"item\":\"https:\/\/rotary.fi\/d1385\/\"},{\"@type\":\"ListItem\",\"position\":2,\"name\":\"Rotarydistrikt 1385\",\"item\":\"https:\/\/rotary.fi\/d1385\/sv\/rotarydistrikt-1380\/\"},{\"@type\":\"ListItem\",\"position\":3,\"name\":\"Kuvern\u00f6\u00f6ri\"}]},{\"@type\":\"WebSite\",\"@id\":\"https:\/\/rotary.fi\/d1385\/#website\",\"url\":\"https:\/\/rotary.fi\/d1385\/\",\"name\":\"Piiri 1385\",\"description\":\"Suomen Rotary\",\"potentialAction\":[{\"@type\":\"SearchAction\",\"target\":{\"@type\":\"EntryPoint\",\"urlTemplate\":\"https:\/\/rotary.fi\/d1385\/?s={search_term_string}\"},\"query-input\":{\"@type\":\"PropertyValueSpecification\",\"valueRequired\":true,\"valueName\":\"search_term_string\"}}],\"inLanguage\":\"fi\"}]}<\/script>\n<!-- \/ Yoast SEO plugin. -->","yoast_head_json":{"title":"Kuvern\u00f6\u00f6ri - Piiri 1385","robots":{"index":"index","follow":"follow","max-snippet":"max-snippet:-1","max-image-preview":"max-image-preview:large","max-video-preview":"max-video-preview:-1"},"canonical":"https:\/\/rotary.fi\/d1385\/sv\/rotarydistrikt-1380\/kuvernoori\/","og_locale":"fi_FI","og_type":"article","og_title":"Kuvern\u00f6\u00f6ri - Piiri 1385","og_description":"Govern\u00f6r\u00a0 \u00a0DG Tarmo Kokkola \u00a0 \u00a0Kuvern\u00f6\u00f6ri - Govern\u00f6r\u00a0\u00a0 \u00a0 \u00a0Pietari Brahe Rotaryklubi \u00a0 \u00a0V\u00e4hitt\u00e4iskauppa \u00a0 \u00a0Mobile +358-44-788 5693\u00a0 E-mail: tarmo.kokkola@sok.fi \u00a0 \u00a0 DGE Suvi Linden \u00a0 Tuleva kuvern\u00f6\u00f6ri\u00a0 - Governor Elected \u00a0 \u00a0Merikoski\u00a0 Rotarykubi \u00a0 \u00a0Julkinen hallinto\/ATK-suunnittelu\u00a0 \u00a0 \u00a0Mobile +358-50-5113179\u00a0 \u00a0E-mail: suvi.linden@iki.fi &nbsp;\u00a0\u00a0 \u00a0 DGN\u00a0 Matti Ylipiesa \u00a0 Kuvern\u00f6\u00f6ri ehdokas\u00a0 - Governor Nominee \u00a0 Meri-Kemin\u00a0 [&hellip;]","og_url":"https:\/\/rotary.fi\/d1385\/sv\/rotarydistrikt-1380\/kuvernoori\/","og_site_name":"Piiri 1385","article_publisher":"https:\/\/www.facebook.com\/rotary\/","article_modified_time":"2025-08-18T08:56:58+00:00","og_image":[{"url":"https:\/\/rotary.fi\/d1385\/wp-content\/uploads\/sites\/193\/2025\/08\/logo-unite.jpg","type":"","width":"","height":""}],"twitter_card":"summary_large_image","twitter_misc":{"Arvioitu lukuaika":"2 minuuttia"},"schema":{"@context":"https:\/\/schema.org","@graph":[{"@type":"WebPage","@id":"https:\/\/rotary.fi\/d1385\/sv\/rotarydistrikt-1380\/kuvernoori\/","url":"https:\/\/rotary.fi\/d1385\/sv\/rotarydistrikt-1380\/kuvernoori\/","name":"Kuvern\u00f6\u00f6ri - Piiri 1385","isPartOf":{"@id":"https:\/\/rotary.fi\/d1385\/#website"},"primaryImageOfPage":{"@id":"https:\/\/rotary.fi\/d1385\/sv\/rotarydistrikt-1380\/kuvernoori\/#primaryimage"},"image":{"@id":"https:\/\/rotary.fi\/d1385\/sv\/rotarydistrikt-1380\/kuvernoori\/#primaryimage"},"thumbnailUrl":"https:\/\/rotary.fi\/d1385\/wp-content\/uploads\/sites\/193\/2025\/08\/logo-unite.jpg","datePublished":"2018-08-27T08:03:33+00:00","dateModified":"2025-08-18T08:56:58+00:00","breadcrumb":{"@id":"https:\/\/rotary.fi\/d1385\/sv\/rotarydistrikt-1380\/kuvernoori\/#breadcrumb"},"inLanguage":"fi","potentialAction":[{"@type":"ReadAction","target":["https:\/\/rotary.fi\/d1385\/sv\/rotarydistrikt-1380\/kuvernoori\/"]}]},{"@type":"ImageObject","inLanguage":"fi","@id":"https:\/\/rotary.fi\/d1385\/sv\/rotarydistrikt-1380\/kuvernoori\/#primaryimage","url":"https:\/\/rotary.fi\/d1385\/wp-content\/uploads\/sites\/193\/2025\/08\/logo-unite.jpg","contentUrl":"https:\/\/rotary.fi\/d1385\/wp-content\/uploads\/sites\/193\/2025\/08\/logo-unite.jpg","width":980,"height":188},{"@type":"BreadcrumbList","@id":"https:\/\/rotary.fi\/d1385\/sv\/rotarydistrikt-1380\/kuvernoori\/#breadcrumb","itemListElement":[{"@type":"ListItem","position":1,"name":"Home","item":"https:\/\/rotary.fi\/d1385\/"},{"@type":"ListItem","position":2,"name":"Rotarydistrikt 1385","item":"https:\/\/rotary.fi\/d1385\/sv\/rotarydistrikt-1380\/"},{"@type":"ListItem","position":3,"name":"Kuvern\u00f6\u00f6ri"}]},{"@type":"WebSite","@id":"https:\/\/rotary.fi\/d1385\/#website","url":"https:\/\/rotary.fi\/d1385\/","name":"Piiri 1385","description":"Suomen Rotary","potentialAction":[{"@type":"SearchAction","target":{"@type":"EntryPoint","urlTemplate":"https:\/\/rotary.fi\/d1385\/?s={search_term_string}"},"query-input":{"@type":"PropertyValueSpecification","valueRequired":true,"valueName":"search_term_string"}}],"inLanguage":"fi"}]}},"lang":"sv","translations":{"sv":2634,"fi":2026,"en":2885},"pll_sync_post":[],"_links":{"self":[{"href":"https:\/\/rotary.fi\/d1385\/wp-json\/wp\/v2\/pages\/2634","targetHints":{"allow":["GET"]}}],"collection":[{"href":"https:\/\/rotary.fi\/d1385\/wp-json\/wp\/v2\/pages"}],"about":[{"href":"https:\/\/rotary.fi\/d1385\/wp-json\/wp\/v2\/types\/page"}],"author":[{"embeddable":true,"href":"https:\/\/rotary.fi\/d1385\/wp-json\/wp\/v2\/users\/1"}],"replies":[{"embeddable":true,"href":"https:\/\/rotary.fi\/d1385\/wp-json\/wp\/v2\/comments?post=2634"}],"version-history":[{"count":11,"href":"https:\/\/rotary.fi\/d1385\/wp-json\/wp\/v2\/pages\/2634\/revisions"}],"predecessor-version":[{"id":6927,"href":"https:\/\/rotary.fi\/d1385\/wp-json\/wp\/v2\/pages\/2634\/revisions\/6927"}],"up":[{"embeddable":true,"href":"https:\/\/rotary.fi\/d1385\/wp-json\/wp\/v2\/pages\/2629"}],"wp:attachment":[{"href":"https:\/\/rotary.fi\/d1385\/wp-json\/wp\/v2\/media?parent=2634"}],"curies":[{"name":"wp","href":"https:\/\/api.w.org\/{rel}","templated":true}]}}