{"id":2145,"date":"2019-03-15T12:37:44","date_gmt":"2019-03-15T10:37:44","guid":{"rendered":"https:\/\/rotary.fi\/piirisivusto\/?page_id=2145"},"modified":"2021-03-25T17:14:35","modified_gmt":"2021-03-25T15:14:35","slug":"global-grants-maailmanlaajuiset-apurahat","status":"publish","type":"page","link":"https:\/\/rotary.fi\/d1385\/mita-teemme\/kansainvaliset-projektit\/global-grants-maailmanlaajuiset-apurahat\/","title":{"rendered":"Global Grants \u2013 maailmanlaajuiset apurahat"},"content":{"rendered":"<p>[et_pb_section fb_built=&#8221;1&#8243; module_class=&#8221;jumbotron-page&#8221; _builder_version=&#8221;3.22&#8243; background_image=&#8221;http:\/\/rotary.fi\/piirisivusto\/wp-content\/uploads\/sites\/193\/2018\/04\/paakuva_kansainvaliset_projektit_mita_teemme.jpg&#8221;][et_pb_row module_class=&#8221; et_pb_row_fullwidth&#8221; _builder_version=&#8221;3.25&#8243; width=&#8221;89%&#8221; width_tablet=&#8221;80%&#8221; width_last_edited=&#8221;on|desktop&#8221; max_width=&#8221;89%&#8221; max_width_tablet=&#8221;80%&#8221; max_width_last_edited=&#8221;on|desktop&#8221; make_fullwidth=&#8221;on&#8221;][et_pb_column type=&#8221;4_4&#8243; _builder_version=&#8221;3.25&#8243; custom_padding=&#8221;|||&#8221; custom_padding__hover=&#8221;|||&#8221;][et_pb_text admin_label=&#8221;Otsikko:  Global Grants&#8221; _builder_version=&#8221;3.27.4&#8243; text_orientation=&#8221;center&#8221; background_layout=&#8221;dark&#8221;]<\/p>\n<h1>Global Grants<\/h1>\n<p>[\/et_pb_text][\/et_pb_column][\/et_pb_row][\/et_pb_section][et_pb_section fb_built=&#8221;1&#8243; module_class=&#8221;sisaltoalue_perus&#8221; _builder_version=&#8221;3.22&#8243; custom_margin=&#8221;||40px|&#8221;][et_pb_row custom_padding_last_edited=&#8221;on|phone&#8221; _builder_version=&#8221;3.25&#8243; custom_padding_tablet=&#8221;&#8221; custom_padding_phone=&#8221;&#8221;][et_pb_column type=&#8221;4_4&#8243; _builder_version=&#8221;3.25&#8243; custom_padding=&#8221;|||&#8221; custom_padding__hover=&#8221;|||&#8221;][et_pb_text admin_label=&#8221;Otsikko: Global Grants \u2013 maailmanlaajuiset apurahat &#8221; _builder_version=&#8221;3.27.4&#8243; text_orientation=&#8221;center&#8221;]<\/p>\n<h1>Global Grants \u2013 maailmanlaajuiset apurahat<\/h1>\n<p>[\/et_pb_text][et_pb_text _builder_version=&#8221;4.4.8&#8243; hover_enabled=&#8221;0&#8243;]<\/p>\n<p>Maailmanlaajuisilla apurahoilla rahoitetaan mittavia kansainv\u00e4lisi\u00e4 humanitaarisia projekteja, ammattikoulutustiimej\u00e4 ja opiskelustipendej\u00e4, joilla kaikilla on oltava kest\u00e4vi\u00e4 ja mitattavissa olevia vaikutuksia yhdell\u00e4 tai useammalla Rotarys\u00e4\u00e4ti\u00f6n keskitt\u00e4misalueella. N\u00e4it\u00e4 klubien apurahoja tuetaan rotarys\u00e4\u00e4ti\u00f6n ja piirien DDF-varoista.<\/p>\n<p>Global Grant -apurahat ovat ainutlaatuisia maailmassa. Tuskin mik\u00e4\u00e4n muu organisaatio pystyy samanlaisella tarkkuudella ohjaamaan apua h\u00e4d\u00e4ss\u00e4 oleville ihmisille kuin Rotarys\u00e4\u00e4ti\u00f6 Global Grant -apurahoineen. Rotaryklubin j\u00e4senet miss\u00e4 tahansa maailmassa paikantavat avuntarpeessa olevan yhteis\u00f6n. He hakevat rotarys\u00e4\u00e4ti\u00f6lt\u00e4 apurahaa, ja t\u00e4h\u00e4n hankkeeseen rotaryklubit ja -piirit kaikkialla maailmassa voivat kohdentaa varoja. Global Grant -apurahan k\u00e4ytt\u00f6\u00e4 valvoo koko projektin ajan Rotarys\u00e4\u00e4ti\u00f6. Projektin edetess\u00e4 suunnitelmien mukaisesti ker\u00e4tyt varat ohjataan paikallisen rotarypiirin kautta kohteeseen.<\/p>\n<p>Piirimme 1385 on ollut mukana hankkeissa, joissa on mm. rahoitettu dialyysilaitteita sairaaloille ja perustettu \u00e4idinmaitopankki kehittyviin maihin.<\/p>\n<p>[\/et_pb_text][\/et_pb_column][\/et_pb_row][\/et_pb_section]<\/p>\n","protected":false},"excerpt":{"rendered":"<p>Global Grants Global Grants \u2013 maailmanlaajuiset apurahat Maailmanlaajuisilla apurahoilla rahoitetaan mittavia kansainv\u00e4lisi\u00e4 humanitaarisia projekteja, ammattikoulutustiimej\u00e4 ja opiskelustipendej\u00e4, joilla kaikilla on oltava kest\u00e4vi\u00e4 ja mitattavissa olevia vaikutuksia yhdell\u00e4 tai useammalla Rotarys\u00e4\u00e4ti\u00f6n keskitt\u00e4misalueella. N\u00e4it\u00e4 klubien apurahoja tuetaan rotarys\u00e4\u00e4ti\u00f6n ja piirien DDF-varoista. Global Grant -apurahat ovat ainutlaatuisia maailmassa. Tuskin mik\u00e4\u00e4n muu organisaatio pystyy samanlaisella tarkkuudella ohjaamaan apua h\u00e4d\u00e4ss\u00e4 [&hellip;]<\/p>\n","protected":false},"author":1,"featured_media":0,"parent":489,"menu_order":1,"comment_status":"closed","ping_status":"closed","template":"","meta":{"_acf_changed":false,"_et_pb_use_builder":"on","_et_pb_old_content":"","_et_gb_content_width":"","footnotes":""},"class_list":["post-2145","page","type-page","status-publish","hentry"],"acf":[],"yoast_head":"<!-- This site is optimized with the Yoast SEO plugin v27.0 - https:\/\/yoast.com\/product\/yoast-seo-wordpress\/ -->\n<title>Global Grants \u2013 maailmanlaajuiset apurahat - Piiri 1385<\/title>\n<meta name=\"robots\" content=\"index, follow, max-snippet:-1, max-image-preview:large, max-video-preview:-1\" \/>\n<link rel=\"canonical\" href=\"https:\/\/rotary.fi\/d1385\/mita-teemme\/kansainvaliset-projektit\/global-grants-maailmanlaajuiset-apurahat\/\" \/>\n<meta property=\"og:locale\" content=\"fi_FI\" \/>\n<meta property=\"og:type\" content=\"article\" \/>\n<meta property=\"og:title\" content=\"Global Grants \u2013 maailmanlaajuiset apurahat - Piiri 1385\" \/>\n<meta property=\"og:description\" content=\"Global Grants Global Grants \u2013 maailmanlaajuiset apurahat Maailmanlaajuisilla apurahoilla rahoitetaan mittavia kansainv\u00e4lisi\u00e4 humanitaarisia projekteja, ammattikoulutustiimej\u00e4 ja opiskelustipendej\u00e4, joilla kaikilla on oltava kest\u00e4vi\u00e4 ja mitattavissa olevia vaikutuksia yhdell\u00e4 tai useammalla Rotarys\u00e4\u00e4ti\u00f6n keskitt\u00e4misalueella. N\u00e4it\u00e4 klubien apurahoja tuetaan rotarys\u00e4\u00e4ti\u00f6n ja piirien DDF-varoista. Global Grant -apurahat ovat ainutlaatuisia maailmassa. Tuskin mik\u00e4\u00e4n muu organisaatio pystyy samanlaisella tarkkuudella ohjaamaan apua h\u00e4d\u00e4ss\u00e4 [&hellip;]\" \/>\n<meta property=\"og:url\" content=\"https:\/\/rotary.fi\/d1385\/mita-teemme\/kansainvaliset-projektit\/global-grants-maailmanlaajuiset-apurahat\/\" \/>\n<meta property=\"og:site_name\" content=\"Piiri 1385\" \/>\n<meta property=\"article:publisher\" content=\"https:\/\/www.facebook.com\/rotary\/\" \/>\n<meta property=\"article:modified_time\" content=\"2021-03-25T15:14:35+00:00\" \/>\n<meta name=\"twitter:card\" content=\"summary_large_image\" \/>\n<meta name=\"twitter:label1\" content=\"Arvioitu lukuaika\" \/>\n\t<meta name=\"twitter:data1\" content=\"2 minuuttia\" \/>\n<script type=\"application\/ld+json\" class=\"yoast-schema-graph\">{\"@context\":\"https:\/\/schema.org\",\"@graph\":[{\"@type\":\"WebPage\",\"@id\":\"https:\/\/rotary.fi\/d1385\/mita-teemme\/kansainvaliset-projektit\/global-grants-maailmanlaajuiset-apurahat\/\",\"url\":\"https:\/\/rotary.fi\/d1385\/mita-teemme\/kansainvaliset-projektit\/global-grants-maailmanlaajuiset-apurahat\/\",\"name\":\"Global Grants \u2013 maailmanlaajuiset apurahat - Piiri 1385\",\"isPartOf\":{\"@id\":\"https:\/\/rotary.fi\/d1385\/#website\"},\"datePublished\":\"2019-03-15T10:37:44+00:00\",\"dateModified\":\"2021-03-25T15:14:35+00:00\",\"breadcrumb\":{\"@id\":\"https:\/\/rotary.fi\/d1385\/mita-teemme\/kansainvaliset-projektit\/global-grants-maailmanlaajuiset-apurahat\/#breadcrumb\"},\"inLanguage\":\"fi\",\"potentialAction\":[{\"@type\":\"ReadAction\",\"target\":[\"https:\/\/rotary.fi\/d1385\/mita-teemme\/kansainvaliset-projektit\/global-grants-maailmanlaajuiset-apurahat\/\"]}]},{\"@type\":\"BreadcrumbList\",\"@id\":\"https:\/\/rotary.fi\/d1385\/mita-teemme\/kansainvaliset-projektit\/global-grants-maailmanlaajuiset-apurahat\/#breadcrumb\",\"itemListElement\":[{\"@type\":\"ListItem\",\"position\":1,\"name\":\"Home\",\"item\":\"https:\/\/rotary.fi\/d1385\/\"},{\"@type\":\"ListItem\",\"position\":2,\"name\":\"Mit\u00e4 teemme\",\"item\":\"https:\/\/rotary.fi\/d1385\/mita-teemme\/\"},{\"@type\":\"ListItem\",\"position\":3,\"name\":\"Kansainv\u00e4liset projektit\",\"item\":\"https:\/\/rotary.fi\/d1385\/mita-teemme\/kansainvaliset-projektit\/\"},{\"@type\":\"ListItem\",\"position\":4,\"name\":\"Global Grants \u2013 maailmanlaajuiset apurahat\"}]},{\"@type\":\"WebSite\",\"@id\":\"https:\/\/rotary.fi\/d1385\/#website\",\"url\":\"https:\/\/rotary.fi\/d1385\/\",\"name\":\"Piiri 1385\",\"description\":\"Suomen Rotary\",\"potentialAction\":[{\"@type\":\"SearchAction\",\"target\":{\"@type\":\"EntryPoint\",\"urlTemplate\":\"https:\/\/rotary.fi\/d1385\/?s={search_term_string}\"},\"query-input\":{\"@type\":\"PropertyValueSpecification\",\"valueRequired\":true,\"valueName\":\"search_term_string\"}}],\"inLanguage\":\"fi\"}]}<\/script>\n<!-- \/ Yoast SEO plugin. -->","yoast_head_json":{"title":"Global Grants \u2013 maailmanlaajuiset apurahat - Piiri 1385","robots":{"index":"index","follow":"follow","max-snippet":"max-snippet:-1","max-image-preview":"max-image-preview:large","max-video-preview":"max-video-preview:-1"},"canonical":"https:\/\/rotary.fi\/d1385\/mita-teemme\/kansainvaliset-projektit\/global-grants-maailmanlaajuiset-apurahat\/","og_locale":"fi_FI","og_type":"article","og_title":"Global Grants \u2013 maailmanlaajuiset apurahat - Piiri 1385","og_description":"Global Grants Global Grants \u2013 maailmanlaajuiset apurahat Maailmanlaajuisilla apurahoilla rahoitetaan mittavia kansainv\u00e4lisi\u00e4 humanitaarisia projekteja, ammattikoulutustiimej\u00e4 ja opiskelustipendej\u00e4, joilla kaikilla on oltava kest\u00e4vi\u00e4 ja mitattavissa olevia vaikutuksia yhdell\u00e4 tai useammalla Rotarys\u00e4\u00e4ti\u00f6n keskitt\u00e4misalueella. N\u00e4it\u00e4 klubien apurahoja tuetaan rotarys\u00e4\u00e4ti\u00f6n ja piirien DDF-varoista. Global Grant -apurahat ovat ainutlaatuisia maailmassa. Tuskin mik\u00e4\u00e4n muu organisaatio pystyy samanlaisella tarkkuudella ohjaamaan apua h\u00e4d\u00e4ss\u00e4 [&hellip;]","og_url":"https:\/\/rotary.fi\/d1385\/mita-teemme\/kansainvaliset-projektit\/global-grants-maailmanlaajuiset-apurahat\/","og_site_name":"Piiri 1385","article_publisher":"https:\/\/www.facebook.com\/rotary\/","article_modified_time":"2021-03-25T15:14:35+00:00","twitter_card":"summary_large_image","twitter_misc":{"Arvioitu lukuaika":"2 minuuttia"},"schema":{"@context":"https:\/\/schema.org","@graph":[{"@type":"WebPage","@id":"https:\/\/rotary.fi\/d1385\/mita-teemme\/kansainvaliset-projektit\/global-grants-maailmanlaajuiset-apurahat\/","url":"https:\/\/rotary.fi\/d1385\/mita-teemme\/kansainvaliset-projektit\/global-grants-maailmanlaajuiset-apurahat\/","name":"Global Grants \u2013 maailmanlaajuiset apurahat - Piiri 1385","isPartOf":{"@id":"https:\/\/rotary.fi\/d1385\/#website"},"datePublished":"2019-03-15T10:37:44+00:00","dateModified":"2021-03-25T15:14:35+00:00","breadcrumb":{"@id":"https:\/\/rotary.fi\/d1385\/mita-teemme\/kansainvaliset-projektit\/global-grants-maailmanlaajuiset-apurahat\/#breadcrumb"},"inLanguage":"fi","potentialAction":[{"@type":"ReadAction","target":["https:\/\/rotary.fi\/d1385\/mita-teemme\/kansainvaliset-projektit\/global-grants-maailmanlaajuiset-apurahat\/"]}]},{"@type":"BreadcrumbList","@id":"https:\/\/rotary.fi\/d1385\/mita-teemme\/kansainvaliset-projektit\/global-grants-maailmanlaajuiset-apurahat\/#breadcrumb","itemListElement":[{"@type":"ListItem","position":1,"name":"Home","item":"https:\/\/rotary.fi\/d1385\/"},{"@type":"ListItem","position":2,"name":"Mit\u00e4 teemme","item":"https:\/\/rotary.fi\/d1385\/mita-teemme\/"},{"@type":"ListItem","position":3,"name":"Kansainv\u00e4liset projektit","item":"https:\/\/rotary.fi\/d1385\/mita-teemme\/kansainvaliset-projektit\/"},{"@type":"ListItem","position":4,"name":"Global Grants \u2013 maailmanlaajuiset apurahat"}]},{"@type":"WebSite","@id":"https:\/\/rotary.fi\/d1385\/#website","url":"https:\/\/rotary.fi\/d1385\/","name":"Piiri 1385","description":"Suomen Rotary","potentialAction":[{"@type":"SearchAction","target":{"@type":"EntryPoint","urlTemplate":"https:\/\/rotary.fi\/d1385\/?s={search_term_string}"},"query-input":{"@type":"PropertyValueSpecification","valueRequired":true,"valueName":"search_term_string"}}],"inLanguage":"fi"}]}},"lang":"fi","translations":{"fi":2145,"sv":2674,"en":2930},"pll_sync_post":[],"_links":{"self":[{"href":"https:\/\/rotary.fi\/d1385\/wp-json\/wp\/v2\/pages\/2145","targetHints":{"allow":["GET"]}}],"collection":[{"href":"https:\/\/rotary.fi\/d1385\/wp-json\/wp\/v2\/pages"}],"about":[{"href":"https:\/\/rotary.fi\/d1385\/wp-json\/wp\/v2\/types\/page"}],"author":[{"embeddable":true,"href":"https:\/\/rotary.fi\/d1385\/wp-json\/wp\/v2\/users\/1"}],"replies":[{"embeddable":true,"href":"https:\/\/rotary.fi\/d1385\/wp-json\/wp\/v2\/comments?post=2145"}],"version-history":[{"count":3,"href":"https:\/\/rotary.fi\/d1385\/wp-json\/wp\/v2\/pages\/2145\/revisions"}],"predecessor-version":[{"id":5106,"href":"https:\/\/rotary.fi\/d1385\/wp-json\/wp\/v2\/pages\/2145\/revisions\/5106"}],"up":[{"embeddable":true,"href":"https:\/\/rotary.fi\/d1385\/wp-json\/wp\/v2\/pages\/489"}],"wp:attachment":[{"href":"https:\/\/rotary.fi\/d1385\/wp-json\/wp\/v2\/media?parent=2145"}],"curies":[{"name":"wp","href":"https:\/\/api.w.org\/{rel}","templated":true}]}}