{"id":2054,"date":"2018-08-27T11:41:54","date_gmt":"2018-08-27T09:41:54","guid":{"rendered":"https:\/\/rotary.fi\/piirisivusto\/?page_id=2054"},"modified":"2025-08-18T11:01:21","modified_gmt":"2025-08-18T09:01:21","slug":"kuvernoorin-uutiset","status":"publish","type":"page","link":"https:\/\/rotary.fi\/d1385\/ajankohtaista\/kuvernoorin-uutiset\/","title":{"rendered":"Kuvern\u00f6\u00f6rin uutiset"},"content":{"rendered":"<p>[et_pb_section fb_built=&#8221;1&#8243; module_class=&#8221;jumbotron-page&#8221; _builder_version=&#8221;4.18.0&#8243; background_image=&#8221;https:\/\/rotary.fi\/d1385\/wp-content\/uploads\/sites\/193\/2021\/10\/kuvernoorin-uutiset-3.jpg&#8221; background_position=&#8221;center_right&#8221; custom_padding=&#8221;79px|||||&#8221; global_colors_info=&#8221;{}&#8221;][et_pb_row module_class=&#8221; et_pb_row_fullwidth&#8221; _builder_version=&#8221;4.16&#8243; width=&#8221;89%&#8221; width_tablet=&#8221;80%&#8221; width_phone=&#8221;&#8221; width_last_edited=&#8221;on|desktop&#8221; max_width=&#8221;89%&#8221; max_width_tablet=&#8221;80%&#8221; max_width_phone=&#8221;&#8221; max_width_last_edited=&#8221;on|desktop&#8221; make_fullwidth=&#8221;on&#8221; global_colors_info=&#8221;{}&#8221;][et_pb_column type=&#8221;4_4&#8243; _builder_version=&#8221;4.16&#8243; custom_padding=&#8221;|||&#8221; global_colors_info=&#8221;{}&#8221; custom_padding__hover=&#8221;|||&#8221;][et_pb_text admin_label=&#8221;Kuvern\u00f6\u00f6rin uutiset -otsikko&#8221; _builder_version=&#8221;4.18.0&#8243; text_orientation=&#8221;center&#8221; background_layout=&#8221;dark&#8221; global_colors_info=&#8221;{}&#8221;]<\/p>\n<h1 style=\"text-align: center\">Kuvern\u00f6\u00f6rin uutiset<\/h1>\n<h1 style=\"text-align: center\">\u00a0<\/h1>\n<p>[\/et_pb_text][et_pb_text admin_label=&#8221;Teksti&#8221; _builder_version=&#8221;4.27.4&#8243; _module_preset=&#8221;default&#8221; hover_enabled=&#8221;0&#8243; global_colors_info=&#8221;{}&#8221; sticky_enabled=&#8221;0&#8243;]<\/p>\n<h5>\u00a0<\/h5>\n<h3 style=\"text-align: center\"><a href=\"https:\/\/sites.google.com\/rotaryd1385.org\/governor\/dg-2025-26\" target=\"_blank\" rel=\"noopener\">DG Tarmo Kokkolan kuvern\u00f6\u00f6rikirjeet , kausi 2025 &#8211; 2026<\/a><\/h3>\n<h3 style=\"text-align: center\">\u00a0<\/h3>\n<h3 style=\"text-align: center\">\u00a0<\/h3>\n<h3 style=\"text-align: center\"><a href=\"https:\/\/sites.google.com\/rotaryd1385.org\/governor\/dg-2024-25\" target=\"_blank\" rel=\"noopener\">Kauden 2024 &#8211; 2025 Kuvern\u00f6\u00f6rin kuukausikirjeet<\/a><\/p>\n<\/h3>\n<h3 style=\"text-align: center\"><a href=\"https:\/\/sites.google.com\/rotaryd1385.org\/governor\/dg-2023-24\" target=\"_blank\" rel=\"noopener\">Kauden 2023 &#8211; 2024 Kuvern\u00f6\u00f6rin kuukausikirjeet<\/a><\/p>\n<\/h3>\n<h3 style=\"text-align: center\"><a href=\"https:\/\/sites.google.com\/rotaryd1385.org\/governor\/dg-2022-23\" target=\"_blank\" rel=\"noopener\">Kauden 2022 &#8211; 2023 Kuvern\u00f6\u00f6rin kuukausikirjeet<\/a><\/p>\n<\/h3>\n<h3 style=\"text-align: center\"><a href=\"https:\/\/sites.google.com\/rotaryd1385.org\/governor\/dg-2021-22\" target=\"_blank\" rel=\"noopener\">Kauden 2021 &#8211; 2022 Kuvern\u00f6\u00f6rin kuukausikirjeet<\/a><\/p>\n<\/h3>\n<h3 style=\"text-align: center\"><a style=\"font-size: 25px\" href=\"https:\/\/rotary.fi\/d1385\/edellisten-kausien-kuvernoorikirjeet\/\">Kauden 2020 &#8211; 2021 Kuvern\u00f6\u00f6rin kuukausikirjeet<\/a><\/h3>\n<h3 style=\"text-align: center\">\u00a0<\/h3>\n<p>&nbsp;<\/p>\n<p>&nbsp;<\/p>\n<p>[\/et_pb_text][\/et_pb_column][\/et_pb_row][\/et_pb_section][et_pb_section fb_built=&#8221;1&#8243; module_class=&#8221;sisaltoalue_perus&#8221; _builder_version=&#8221;4.16&#8243; background_size=&#8221;initial&#8221; background_position=&#8221;top_left&#8221; background_repeat=&#8221;repeat&#8221; min_height=&#8221;888px&#8221; global_colors_info=&#8221;{}&#8221;][et_pb_row _builder_version=&#8221;4.16&#8243; custom_padding=&#8221;||0px|||&#8221; global_colors_info=&#8221;{}&#8221;][et_pb_column type=&#8221;4_4&#8243; _builder_version=&#8221;4.16&#8243; global_colors_info=&#8221;{}&#8221;][\/et_pb_column][\/et_pb_row][et_pb_row custom_padding_last_edited=&#8221;on|phone&#8221; _builder_version=&#8221;4.16&#8243; min_height=&#8221;466px&#8221; custom_padding=&#8221;0px|0px|7px|0px||&#8221; custom_padding_tablet=&#8221;&#8221; custom_padding_phone=&#8221;&#8221; global_colors_info=&#8221;{}&#8221;][et_pb_column type=&#8221;4_4&#8243; _builder_version=&#8221;4.16&#8243; custom_padding=&#8221;|||&#8221; global_colors_info=&#8221;{}&#8221; custom_padding__hover=&#8221;|||&#8221;][et_pb_text _builder_version=&#8221;4.27.4&#8243; custom_padding=&#8221;0px||0px|||&#8221; hover_enabled=&#8221;0&#8243; inline_fonts=&#8221;Archivo,Acme,Syne Mono,Bitter,Cairo&#8221; global_colors_info=&#8221;{}&#8221; sticky_enabled=&#8221;0&#8243;]<\/p>\n<h5>\u00a0<\/h5>\n<p>&nbsp;<\/p>\n<p>&nbsp;<\/p>\n<p>[\/et_pb_text][et_pb_button button_url=&#8221;https:\/\/sites.google.com\/rotaryd1385.org\/intranet\/etusivu&#8221; url_new_window=&#8221;on&#8221; button_text=&#8221;Siirry D1385 Intranetin etusivulle&#8221; button_alignment=&#8221;center&#8221; admin_label=&#8221;Intranettiin painike&#8221; _builder_version=&#8221;4.21.0&#8243; _module_preset=&#8221;default&#8221; global_colors_info=&#8221;{}&#8221;][\/et_pb_button][et_pb_text _builder_version=&#8221;4.16&#8243; _module_preset=&#8221;default&#8221; global_colors_info=&#8221;{}&#8221;]<\/p>\n<p><strong><\/strong><\/p>\n<p><strong>Mik\u00e4li et saanut kuukausikirjett\u00e4 s\u00e4hk\u00f6postissa<\/strong>, se johtunee siit\u00e4, ett\u00e4 s\u00e4hk\u00f6postiosoitteesi ei ole tiedossa tai se on postituslistallamme v\u00e4\u00e4rin.<strong>\u00a0Joskus vaan k\u00e4y eri syist\u00e4 johtuen niin, ett\u00e4 l\u00e4hetys joutuu roskapostikansioosi.<\/strong> Tarkista se siis ensin. Kun palautat sen sielt\u00e4 &#8221;Normaaliin tai &#8221;Kaikki viestit&#8221; -kansioon (sen nimi riippuu ohjelmastasi) seuraavien postitusten vastaanoton pit\u00e4isi sujua ongelmitta.<\/p>\n<p><span style=\"font-size: 16px\">Ongelma voi johtua my\u00f6s siit\u00e4, ett\u00e4 ty\u00f6s\u00e4hk\u00f6postisi palvelin blokkaa t\u00e4m\u00e4nkaltaiset viestit tai postilaatikkosi on t\u00e4ynn\u00e4. T\u00e4m\u00e4n vuoksi on suositeltavaa, ett\u00e4 hankit itsellesi my\u00f6s yksityiss\u00e4hk\u00f6postin esimerkiksi gmailin. <a href=\"https:\/\/support.google.com\/mail\/answer\/56256?hl=fi\">T\u00e4ss\u00e4 ohje.<\/a><\/span><\/p>\n<p>&nbsp;<\/p>\n<p><strong>Jotta saisit varmasti kuukausikirjeen jatkossa<\/strong>, <strong>pyyd\u00e4 rotaryklubisi sihteeri\u00e4 p\u00e4ivitt\u00e4m\u00e4\u00e4n klubinne j\u00e4senten tiedot <a href=\"https:\/\/rekisteri.rotary.fi\/\" target=\"_blank\" rel=\"noopener\">Suomen rotarien j\u00e4senrekisteriin<\/a>.<\/strong><\/p>\n<p>[\/et_pb_text][\/et_pb_column][\/et_pb_row][\/et_pb_section]<\/p>\n","protected":false},"excerpt":{"rendered":"<p>Kuvern\u00f6\u00f6rin uutiset \u00a0\u00a0 DG Tarmo Kokkolan kuvern\u00f6\u00f6rikirjeet , kausi 2025 &#8211; 2026 \u00a0 \u00a0 Kauden 2024 &#8211; 2025 Kuvern\u00f6\u00f6rin kuukausikirjeet Kauden 2023 &#8211; 2024 Kuvern\u00f6\u00f6rin kuukausikirjeet Kauden 2022 &#8211; 2023 Kuvern\u00f6\u00f6rin kuukausikirjeet Kauden 2021 &#8211; 2022 Kuvern\u00f6\u00f6rin kuukausikirjeet Kauden 2020 &#8211; 2021 Kuvern\u00f6\u00f6rin kuukausikirjeet \u00a0 &nbsp; &nbsp;\u00a0 &nbsp; &nbsp; Mik\u00e4li et saanut kuukausikirjett\u00e4 s\u00e4hk\u00f6postissa, se [&hellip;]<\/p>\n","protected":false},"author":1,"featured_media":0,"parent":676,"menu_order":1,"comment_status":"closed","ping_status":"closed","template":"","meta":{"_acf_changed":false,"_et_pb_use_builder":"on","_et_pb_old_content":"","_et_gb_content_width":"","footnotes":""},"class_list":["post-2054","page","type-page","status-publish","hentry"],"acf":[],"yoast_head":"<!-- This site is optimized with the Yoast SEO plugin v27.0 - https:\/\/yoast.com\/product\/yoast-seo-wordpress\/ -->\n<title>Kuvern\u00f6\u00f6rin uutiset - Piiri 1385<\/title>\n<meta name=\"robots\" content=\"index, follow, max-snippet:-1, max-image-preview:large, max-video-preview:-1\" \/>\n<link rel=\"canonical\" href=\"https:\/\/rotary.fi\/d1385\/ajankohtaista\/kuvernoorin-uutiset\/\" \/>\n<meta property=\"og:locale\" content=\"fi_FI\" \/>\n<meta property=\"og:type\" content=\"article\" \/>\n<meta property=\"og:title\" content=\"Kuvern\u00f6\u00f6rin uutiset - Piiri 1385\" \/>\n<meta property=\"og:description\" content=\"Kuvern\u00f6\u00f6rin uutiset \u00a0\u00a0 DG Tarmo Kokkolan kuvern\u00f6\u00f6rikirjeet , kausi 2025 - 2026 \u00a0 \u00a0 Kauden 2024 - 2025 Kuvern\u00f6\u00f6rin kuukausikirjeet Kauden 2023 - 2024 Kuvern\u00f6\u00f6rin kuukausikirjeet Kauden 2022 - 2023 Kuvern\u00f6\u00f6rin kuukausikirjeet Kauden 2021 - 2022 Kuvern\u00f6\u00f6rin kuukausikirjeet Kauden 2020 - 2021 Kuvern\u00f6\u00f6rin kuukausikirjeet \u00a0 &nbsp; &nbsp;\u00a0 &nbsp; &nbsp; Mik\u00e4li et saanut kuukausikirjett\u00e4 s\u00e4hk\u00f6postissa, se [&hellip;]\" \/>\n<meta property=\"og:url\" content=\"https:\/\/rotary.fi\/d1385\/ajankohtaista\/kuvernoorin-uutiset\/\" \/>\n<meta property=\"og:site_name\" content=\"Piiri 1385\" \/>\n<meta property=\"article:publisher\" content=\"https:\/\/www.facebook.com\/rotary\/\" \/>\n<meta property=\"article:modified_time\" content=\"2025-08-18T09:01:21+00:00\" \/>\n<meta name=\"twitter:card\" content=\"summary_large_image\" \/>\n<meta name=\"twitter:label1\" content=\"Arvioitu lukuaika\" \/>\n\t<meta name=\"twitter:data1\" content=\"1 minuutti\" \/>\n<script type=\"application\/ld+json\" class=\"yoast-schema-graph\">{\"@context\":\"https:\/\/schema.org\",\"@graph\":[{\"@type\":\"WebPage\",\"@id\":\"https:\/\/rotary.fi\/d1385\/ajankohtaista\/kuvernoorin-uutiset\/\",\"url\":\"https:\/\/rotary.fi\/d1385\/ajankohtaista\/kuvernoorin-uutiset\/\",\"name\":\"Kuvern\u00f6\u00f6rin uutiset - Piiri 1385\",\"isPartOf\":{\"@id\":\"https:\/\/rotary.fi\/d1385\/#website\"},\"datePublished\":\"2018-08-27T09:41:54+00:00\",\"dateModified\":\"2025-08-18T09:01:21+00:00\",\"breadcrumb\":{\"@id\":\"https:\/\/rotary.fi\/d1385\/ajankohtaista\/kuvernoorin-uutiset\/#breadcrumb\"},\"inLanguage\":\"fi\",\"potentialAction\":[{\"@type\":\"ReadAction\",\"target\":[\"https:\/\/rotary.fi\/d1385\/ajankohtaista\/kuvernoorin-uutiset\/\"]}]},{\"@type\":\"BreadcrumbList\",\"@id\":\"https:\/\/rotary.fi\/d1385\/ajankohtaista\/kuvernoorin-uutiset\/#breadcrumb\",\"itemListElement\":[{\"@type\":\"ListItem\",\"position\":1,\"name\":\"Home\",\"item\":\"https:\/\/rotary.fi\/d1385\/\"},{\"@type\":\"ListItem\",\"position\":2,\"name\":\"Ajankohtaista\",\"item\":\"https:\/\/rotary.fi\/d1385\/ajankohtaista\/\"},{\"@type\":\"ListItem\",\"position\":3,\"name\":\"Kuvern\u00f6\u00f6rin uutiset\"}]},{\"@type\":\"WebSite\",\"@id\":\"https:\/\/rotary.fi\/d1385\/#website\",\"url\":\"https:\/\/rotary.fi\/d1385\/\",\"name\":\"Piiri 1385\",\"description\":\"Suomen Rotary\",\"potentialAction\":[{\"@type\":\"SearchAction\",\"target\":{\"@type\":\"EntryPoint\",\"urlTemplate\":\"https:\/\/rotary.fi\/d1385\/?s={search_term_string}\"},\"query-input\":{\"@type\":\"PropertyValueSpecification\",\"valueRequired\":true,\"valueName\":\"search_term_string\"}}],\"inLanguage\":\"fi\"}]}<\/script>\n<!-- \/ Yoast SEO plugin. -->","yoast_head_json":{"title":"Kuvern\u00f6\u00f6rin uutiset - Piiri 1385","robots":{"index":"index","follow":"follow","max-snippet":"max-snippet:-1","max-image-preview":"max-image-preview:large","max-video-preview":"max-video-preview:-1"},"canonical":"https:\/\/rotary.fi\/d1385\/ajankohtaista\/kuvernoorin-uutiset\/","og_locale":"fi_FI","og_type":"article","og_title":"Kuvern\u00f6\u00f6rin uutiset - Piiri 1385","og_description":"Kuvern\u00f6\u00f6rin uutiset \u00a0\u00a0 DG Tarmo Kokkolan kuvern\u00f6\u00f6rikirjeet , kausi 2025 - 2026 \u00a0 \u00a0 Kauden 2024 - 2025 Kuvern\u00f6\u00f6rin kuukausikirjeet Kauden 2023 - 2024 Kuvern\u00f6\u00f6rin kuukausikirjeet Kauden 2022 - 2023 Kuvern\u00f6\u00f6rin kuukausikirjeet Kauden 2021 - 2022 Kuvern\u00f6\u00f6rin kuukausikirjeet Kauden 2020 - 2021 Kuvern\u00f6\u00f6rin kuukausikirjeet \u00a0 &nbsp; &nbsp;\u00a0 &nbsp; &nbsp; Mik\u00e4li et saanut kuukausikirjett\u00e4 s\u00e4hk\u00f6postissa, se [&hellip;]","og_url":"https:\/\/rotary.fi\/d1385\/ajankohtaista\/kuvernoorin-uutiset\/","og_site_name":"Piiri 1385","article_publisher":"https:\/\/www.facebook.com\/rotary\/","article_modified_time":"2025-08-18T09:01:21+00:00","twitter_card":"summary_large_image","twitter_misc":{"Arvioitu lukuaika":"1 minuutti"},"schema":{"@context":"https:\/\/schema.org","@graph":[{"@type":"WebPage","@id":"https:\/\/rotary.fi\/d1385\/ajankohtaista\/kuvernoorin-uutiset\/","url":"https:\/\/rotary.fi\/d1385\/ajankohtaista\/kuvernoorin-uutiset\/","name":"Kuvern\u00f6\u00f6rin uutiset - Piiri 1385","isPartOf":{"@id":"https:\/\/rotary.fi\/d1385\/#website"},"datePublished":"2018-08-27T09:41:54+00:00","dateModified":"2025-08-18T09:01:21+00:00","breadcrumb":{"@id":"https:\/\/rotary.fi\/d1385\/ajankohtaista\/kuvernoorin-uutiset\/#breadcrumb"},"inLanguage":"fi","potentialAction":[{"@type":"ReadAction","target":["https:\/\/rotary.fi\/d1385\/ajankohtaista\/kuvernoorin-uutiset\/"]}]},{"@type":"BreadcrumbList","@id":"https:\/\/rotary.fi\/d1385\/ajankohtaista\/kuvernoorin-uutiset\/#breadcrumb","itemListElement":[{"@type":"ListItem","position":1,"name":"Home","item":"https:\/\/rotary.fi\/d1385\/"},{"@type":"ListItem","position":2,"name":"Ajankohtaista","item":"https:\/\/rotary.fi\/d1385\/ajankohtaista\/"},{"@type":"ListItem","position":3,"name":"Kuvern\u00f6\u00f6rin uutiset"}]},{"@type":"WebSite","@id":"https:\/\/rotary.fi\/d1385\/#website","url":"https:\/\/rotary.fi\/d1385\/","name":"Piiri 1385","description":"Suomen Rotary","potentialAction":[{"@type":"SearchAction","target":{"@type":"EntryPoint","urlTemplate":"https:\/\/rotary.fi\/d1385\/?s={search_term_string}"},"query-input":{"@type":"PropertyValueSpecification","valueRequired":true,"valueName":"search_term_string"}}],"inLanguage":"fi"}]}},"lang":"fi","translations":{"fi":2054,"sv":2758,"en":3069},"pll_sync_post":[],"_links":{"self":[{"href":"https:\/\/rotary.fi\/d1385\/wp-json\/wp\/v2\/pages\/2054","targetHints":{"allow":["GET"]}}],"collection":[{"href":"https:\/\/rotary.fi\/d1385\/wp-json\/wp\/v2\/pages"}],"about":[{"href":"https:\/\/rotary.fi\/d1385\/wp-json\/wp\/v2\/types\/page"}],"author":[{"embeddable":true,"href":"https:\/\/rotary.fi\/d1385\/wp-json\/wp\/v2\/users\/1"}],"replies":[{"embeddable":true,"href":"https:\/\/rotary.fi\/d1385\/wp-json\/wp\/v2\/comments?post=2054"}],"version-history":[{"count":12,"href":"https:\/\/rotary.fi\/d1385\/wp-json\/wp\/v2\/pages\/2054\/revisions"}],"predecessor-version":[{"id":6929,"href":"https:\/\/rotary.fi\/d1385\/wp-json\/wp\/v2\/pages\/2054\/revisions\/6929"}],"up":[{"embeddable":true,"href":"https:\/\/rotary.fi\/d1385\/wp-json\/wp\/v2\/pages\/676"}],"wp:attachment":[{"href":"https:\/\/rotary.fi\/d1385\/wp-json\/wp\/v2\/media?parent=2054"}],"curies":[{"name":"wp","href":"https:\/\/api.w.org\/{rel}","templated":true}]}}