{"id":822,"date":"2018-04-16T13:17:25","date_gmt":"2018-04-16T11:17:25","guid":{"rendered":"http:\/\/rotary.fi\/piirisivusto\/?page_id=822"},"modified":"2024-04-18T10:46:25","modified_gmt":"2024-04-18T08:46:25","slug":"tapahtumakalenteri","status":"publish","type":"page","link":"https:\/\/rotary.fi\/d1380\/ajankohtaista\/tapahtumakalenteri\/","title":{"rendered":"Tapahtumakalenteri"},"content":{"rendered":"<p>[et_pb_section fb_built=&#8221;1&#8243; module_class=&#8221;jumbotron-page&#8221; _builder_version=&#8221;4.16&#8243; background_image=&#8221;https:\/\/rotary.fi\/d1380\/wp-content\/uploads\/sites\/12\/2018\/04\/paakuva_liity_mukaan.jpg&#8221; global_colors_info=&#8221;{}&#8221;][et_pb_row module_class=&#8221; et_pb_row_fullwidth et_pb_row_fullwidth et_pb_row_fullwidth et_pb_row_fullwidth et_pb_row_fullwidth&#8221; _builder_version=&#8221;4.16&#8243; width=&#8221;89%&#8221; width_tablet=&#8221;80%&#8221; width_phone=&#8221;&#8221; width_last_edited=&#8221;on|desktop&#8221; max_width=&#8221;89%&#8221; max_width_tablet=&#8221;80%&#8221; max_width_phone=&#8221;&#8221; max_width_last_edited=&#8221;on|desktop&#8221; make_fullwidth=&#8221;on&#8221; global_colors_info=&#8221;{}&#8221;][et_pb_column type=&#8221;4_4&#8243; _builder_version=&#8221;4.16&#8243; custom_padding=&#8221;|||&#8221; global_colors_info=&#8221;{}&#8221; custom_padding__hover=&#8221;|||&#8221;][et_pb_text admin_label=&#8221;Tapahtumat -otsikko&#8221; _builder_version=&#8221;4.16&#8243; text_orientation=&#8221;center&#8221; background_layout=&#8221;dark&#8221; global_colors_info=&#8221;{}&#8221;]<\/p>\n<h1>Tapahtumat<\/h1>\n<p>[\/et_pb_text][\/et_pb_column][\/et_pb_row][\/et_pb_section][et_pb_section fb_built=&#8221;1&#8243; module_class=&#8221;sisaltoalue_perus&#8221; _builder_version=&#8221;4.16&#8243; background_size=&#8221;initial&#8221; background_position=&#8221;top_left&#8221; background_repeat=&#8221;repeat&#8221; locked=&#8221;on&#8221; global_colors_info=&#8221;{}&#8221;][et_pb_row custom_padding_last_edited=&#8221;on|phone&#8221; _builder_version=&#8221;4.16&#8243; custom_padding=&#8221;46.6875px|0px|63px|0px&#8221; custom_padding_tablet=&#8221;&#8221; custom_padding_phone=&#8221;&#8221; global_colors_info=&#8221;{}&#8221;][et_pb_column type=&#8221;4_4&#8243; _builder_version=&#8221;4.16&#8243; custom_padding=&#8221;|||&#8221; global_colors_info=&#8221;{}&#8221; custom_padding__hover=&#8221;|||&#8221;][et_pb_text admin_label=&#8221;Tulevia tapahtumia -otsikko&#8221; _builder_version=&#8221;4.16&#8243; text_orientation=&#8221;center&#8221; global_colors_info=&#8221;{}&#8221;]<\/p>\n<h1>Tulevia tapahtumia<\/h1>\n<p>[\/et_pb_text][et_pb_code admin_label=&#8221;Tulevat tapahtumat listattuna&#8221; module_class=&#8221;kaikki_ajankohtaiset&#8221; _builder_version=&#8221;4.16&#8243; z_index_tablet=&#8221;500&#8243; locked=&#8221;off&#8221; global_colors_info=&#8221;{}&#8221;]<div class=\"em em-view-container\" id=\"em-view-1003668583\" data-view=\"list\">\r\n\t<div class=\"em pixelbones em-list em-events-list\" id=\"em-events-list-1003668583\" data-view-id=\"1003668583\">\r\n\t<div class=\"no_events\">Ei tapahtumia.<\/div>\t<\/div>\r\n<\/div>[\/et_pb_code][\/et_pb_column][\/et_pb_row][\/et_pb_section][et_pb_section fb_built=&#8221;1&#8243; module_class=&#8221;sisaltoalue_sininen&#8221; _builder_version=&#8221;4.16&#8243; background_size=&#8221;initial&#8221; background_position=&#8221;top_left&#8221; background_repeat=&#8221;repeat&#8221; locked=&#8221;on&#8221; global_colors_info=&#8221;{}&#8221;][et_pb_row custom_padding_last_edited=&#8221;on|phone&#8221; _builder_version=&#8221;4.16&#8243; custom_padding=&#8221;46.6875px|0px|63px|0px&#8221; custom_padding_tablet=&#8221;&#8221; custom_padding_phone=&#8221;&#8221; global_colors_info=&#8221;{}&#8221;][et_pb_column type=&#8221;4_4&#8243; _builder_version=&#8221;4.16&#8243; custom_padding=&#8221;|||&#8221; global_colors_info=&#8221;{}&#8221; custom_padding__hover=&#8221;|||&#8221;][et_pb_text admin_label=&#8221;Menneit\u00e4 tapahtumia -otsikko&#8221; _builder_version=&#8221;4.16&#8243; text_orientation=&#8221;center&#8221; global_colors_info=&#8221;{}&#8221;]<\/p>\n<h1>Menneit\u00e4 tapahtumia<\/h1>\n<p>[\/et_pb_text][et_pb_code admin_label=&#8221;Menneet tapahtumat listattuna&#8221; module_class=&#8221;kaikki_ajankohtaiset&#8221; _builder_version=&#8221;4.16&#8243; z_index_tablet=&#8221;500&#8243; locked=&#8221;off&#8221; global_colors_info=&#8221;{}&#8221;]<div class=\"em em-view-container\" id=\"em-view-1079147269\" data-view=\"list\">\r\n\t<div class=\"em pixelbones em-list em-events-list\" id=\"em-events-list-1079147269\" data-view-id=\"1079147269\">\r\n\t<div class=\"no_events\">Ei tapahtumia.<\/div>\t<\/div>\r\n<\/div>[\/et_pb_code][\/et_pb_column][\/et_pb_row][\/et_pb_section]<\/p>\n","protected":false},"excerpt":{"rendered":"<p>Tapahtumat Tulevia tapahtumia <div class=\"em em-view-container\" id=\"em-view-246599750\" data-view=\"list\">\r\n\t<div class=\"em pixelbones em-list em-events-list\" id=\"em-events-list-246599750\" data-view-id=\"246599750\">\r\n\t<div class=\"no_events\">Ei tapahtumia.<\/div>\t<\/div>\r\n<\/div>Menneit\u00e4 tapahtumia <div class=\"em em-view-container\" id=\"em-view-1389293864\" data-view=\"list\">\r\n\t<div class=\"em pixelbones em-list em-events-list\" id=\"em-events-list-1389293864\" data-view-id=\"1389293864\">\r\n\t12.12.2025 <a href=\"https:\/\/rotary.fi\/kauhavarc\/events\/viiden-klubin-yhteinen-pikkujoulu\/\">Viiden klubin yhteinen pikkujoulu<\/a>Hotelli Alma15.2.2025 <a href=\"https:\/\/rotary.fi\/kauhajoki\/events\/70-vuotisjuhla-kauhajoen-rotaryklubi\/\">70-vuotisjuhla \/ Kauhajoen Rotaryklubi<\/a>IKH-Areenan VIP-tilat22.8.2024 <a href=\"https:\/\/rotary.fi\/kauhajoki\/events\/vaihto-oppilaamme-esittaytyvat-mariana-ja-jonah\/\">Vaihto-oppilaamme esitt\u00e4ytyv\u00e4t: Mariana ja Jonah<\/a>15.8.2024 <a href=\"https:\/\/rotary.fi\/kauhajoki\/events\/klubien-yhteiset-olympialaiset\/\">Klubien yhteiset Olympialaiset<\/a>22.5.2024 <a href=\"https:\/\/rotary.fi\/kauhavarc\/events\/neljan-klubin-ic-vierailu-lapualla\/\">Nelj\u00e4n klubin IC-vierailu Lapualla<\/a>Lapuan kaupungintalo4.4.2024 <a href=\"https:\/\/rotary.fi\/kauhavarc\/events\/kauhavan-ja-lapuan-klubien-ic-tapaaminen\/\">Kauhavan ja Lapuan klubien IC-tapaaminen<\/a>Lankava Oy14.2.2024 <a href=\"https:\/\/rotary.fi\/kauhavaharmat\/events\/neljan-klubin-ic-kokoontuminen\/\">Nelj\u00e4n klubin IC-kokoontuminen<\/a>27.7.2023  - 30.6.2024<a href=\"https:\/\/rotary.fi\/kauhajoki\/events\/klubin-tapahtumat-google-kalenterissa-2\/\">Klubin tapahtumat Google-kalenterissa<\/a>20.7.2023  - 30.6.2024<a href=\"https:\/\/rotary.fi\/kauhajoki\/events\/klubin-tapahtumat-google-kalenterissa\/\">Klubin tapahtumat Google-kalenterissa<\/a>20.7.2023 <a href=\"https:\/\/rotary.fi\/kauhajoki\/events\/piknik-tapahtuma-to-20-7-2023-jyllinkosken-sahkopuistossa\/\">PIKNIK-tapahtuma to 20.7.2023 Jyllinkosken s\u00e4hk\u00f6puistossa<\/a>11.5.2023 <a href=\"https:\/\/rotary.fi\/kauhajoki\/events\/vierailu-kometos-oyssa\/\">Vierailu yrityksess\u00e4<\/a>4.5.2023 <a href=\"https:\/\/rotary.fi\/kauhajoki\/events\/kevatkokous\/\">Kev\u00e4tkokous<\/a>27.4.2023 <a href=\"https:\/\/rotary.fi\/kauhajoki\/events\/retki-pietarinkoskelle-avec\/\">Retki Pietarinkoskelle (avec)<\/a>30.3.2023 <a href=\"https:\/\/rotary.fi\/kauhajoki\/events\/klubikokous-30-3-2023\/\">Vain zoomilla: Terveiset klubilaisille koulutuksista!<\/a>23.3.2023 <a href=\"https:\/\/rotary.fi\/kauhajoki\/events\/forsfood-oy\/\">Forsfood Oy<\/a>16.3.2023 <a href=\"https:\/\/rotary.fi\/kauhajoki\/events\/vesirepun-luovutus-vieraina-simo-tolvanen-ja-heli-vuorenmaa\/\">Vesirepun luovutus: Vieraina Simo Tolvanen ja Heli Vuorenmaa<\/a>9.3.2023 <a href=\"https:\/\/rotary.fi\/kauhajoki\/events\/yritysvierailu-rotola-pukkila-oyssa\/\">Yritysvierailu Rotola-Pukkila Oy:ss\u00e4<\/a>11.8.2022 <a href=\"https:\/\/rotary.fi\/kauhajoki\/events\/olympialaiset-kuvernoorin-vierailu\/\">Rotary-Olympialaiset ja Kuvern\u00f6\u00f6rin vierailu<\/a>17.5.2021 <a href=\"https:\/\/rotary.fi\/seinajokitornava\/events\/hybridi-viikkokous-17-5-vierailijana-pasi-kivisaari\/\">Hybridi viikkokous 17.5 Vierailijana kansanedustaja Pasi Kivisaari<\/a>Alma28.11.2020 <a href=\"https:\/\/rotary.fi\/seinajokitornava\/events\/rotarit-seinajoen-joulunavausmarkkinoilla\/\">Rotaryt Sein\u00e4joen Torilla, Joulunavausmarkkinoilla<\/a>Keskustori22.11.2020 <a href=\"https:\/\/rotary.fi\/kauhajoki\/events\/kuvernoori-venanzia-rizzi-klubivierailulla-kauhajoella\/\">Kuvern\u00f6\u00f6ri Venanzia Rizzi klubivierailulla Kauhajoella<\/a>Sanssinkartano20.8.2020 <a href=\"https:\/\/rotary.fi\/kauhajoki\/events\/rotary-olympialaiset-kauhajoen-erahovilla\/\">Rotary-olympialaiset Kauhajoen Er\u00e4hovilla<\/a>ER\u00c4HOVI15.8.2020  - 16.8.2020<a href=\"https:\/\/rotary.fi\/d1380\/events\/d1385-pets-koulutus-kalajoella-15-16-8-2020\/\">D1385 PETS-koulutus Kalajoella 15.-16.8.2020<\/a>KALAJOEN HIEKKAS\u00c4RK\u00c4T18.6.2020  - 25.6.2020<a href=\"https:\/\/rotary.fi\/d1380\/events\/tervetuloa-zoom-webinaariin-northern-lights-rotary-instituutin-esittely-ja-keskustelu\/\">Tervetuloa Zoom-webinaareihin: Northern Lights Rotary Instituutin esittely ja keskustelu<\/a>28.5.2020  - 31.8.2020<a href=\"https:\/\/rotary.fi\/d1380\/events\/pets2020\/\">PETS 2020 \u2013 Kalajoen kokous 15.-16.8.2020 + Koulutusmateriaali + nettikokous 10.6.2020<\/a>18.4.2020 <a href=\"https:\/\/rotary.fi\/d1380\/events\/piirikonferenssi-d-1380-vaasassa\/\">Piirikonferenssi\/Distriktkonferens D 1380 peruutettu - annullerad<\/a>28.3.2020  - 29.3.2020<a href=\"https:\/\/rotary.fi\/d1380\/events\/pets-eli-klubitoimihenkiloiden-koulutus-ja-piirin-kevatkokous-kalajoella\/\">Siirretty - flyttad: PETS, klubien toimihenkil\u00f6iden koulutus ja piirin kev\u00e4tkokous - PETS-utbildning\u00a0och v\u00e5rm\u00f6te i v\u00e5rt nya Rotarydistrikt 1385<\/a>Kylpyl\u00e4hotelli Sani2.3.2020 <a href=\"https:\/\/rotary.fi\/seinajokitornava\/events\/tornavan-rotaryklubin-viikkokokous-tanelinrannan-avannolla\/\">T\u00f6rn\u00e4v\u00e4n Rotaryklubin viikkokokous Tanelinrannan avannolla<\/a>Tanelinranta20.2.2020 <a href=\"https:\/\/rotary.fi\/d1380\/events\/ungdomsombudsutbildning-i-harma-20-2-2020\/\">D1380 NUORISOVAIHDON KOULUTUSTILAISUUS - UNGDOMSOMBUDSUTBILDNING<\/a>H\u00e4rm\u00e4n Kuntokeskus14.2.2020 <a href=\"https:\/\/rotary.fi\/kauhajoki\/events\/huikea-ystavanpaivan-gaala-ilta\/\">Huikea Yst\u00e4v\u00e4np\u00e4iv\u00e4n Gaala-ilta<\/a>Yst\u00e4v\u00e4np\u00e4iv\u00e4n Areena (Kauhajoen yhteiskoulun liikuntasali)31.1.2020  - 2.2.2020<a href=\"https:\/\/rotary.fi\/d1380\/events\/rotary-forum-2020-31-1-2-2-2020-helsinki-pasila\/\">ROTARY FORUM 2020 31.1. - 2.2.2020 HELSINKI \/ PASILA<\/a>Tripla15.1.2020  - 16.1.2020<a href=\"https:\/\/rotary.fi\/seinajokitornava\/events\/opinlakeus-messut-seinajoella-15-16-1-2020\/\">Opinlakeus-messut Sein\u00e4joella 15.-16.1.2020<\/a>Sein\u00e4joki Areena26.11.2019 <a href=\"https:\/\/rotary.fi\/d1380\/events\/d1380-klubien-saatioasiamiesten-koulutus-kokkolan-seutu\/\">D1380 Klubien s\u00e4\u00e4ti\u00f6asiamiesten koulutus \/ Kokkolan seutu<\/a>S\u00e4llskapsklubben20.11.2019 <a href=\"https:\/\/rotary.fi\/d1380\/events\/d1380-klubien-saatioasiamiesten-koulutus-pietarsaaren-seutu\/\">D1380 Klubien s\u00e4\u00e4ti\u00f6asiamiesten koulutus \/ Pietarsaaren seutu<\/a>Pietarsaaren Kaupunginhotelli19.11.2019 <a href=\"https:\/\/rotary.fi\/d1380\/events\/d1380-klubien-saatioasiamiesten-koulutus-vaasan-seutu\/\">D1380 Klubien s\u00e4\u00e4ti\u00f6asiamiesten koulutus \/ Vaasan seutu<\/a>Svenska Klubben, Vaasa16.11.2019 <a href=\"https:\/\/rotary.fi\/d1380\/events\/rli-osa-3-3-rotary-leadership-institute-vaasassa\/\">RLI osa 3\/3: Rotary Leadership Institute (Sein\u00e4joella)<\/a>14.11.2019 <a href=\"https:\/\/rotary.fi\/d1380\/events\/d1380-klubien-saatioasiamiesten-koulutus-seinajoen-seutu\/\">D1380 Klubien s\u00e4\u00e4ti\u00f6asiamiesten koulutus \/ Sein\u00e4joen seutu<\/a>Ilmajoen Puhelinmuseo7.11.2019 <a href=\"https:\/\/rotary.fi\/d1380\/events\/d1380-klubien-saatioasiamiesten-koulutus-2019\/\">D1380 Klubien s\u00e4\u00e4ti\u00f6asiamiesten koulutus 2019 \/ Lapuanjokivarren AG-alue<\/a>Hotelli Lapuanhovi29.10.2019 <a href=\"https:\/\/rotary.fi\/kristiinankaupunki\/sv\/events\/viikkokokous-alustus-lasse-v-ja-10-min-rotarya\/\">Viikkokokous, Rotary s\u00e4\u00e4ti\u00f6 koulutus; Leif Saarela. Vieraana Suupohjan AG alueen rotarys\u00e4\u00e4ti\u00f6asiamiehet, presidentit ja sihteerit.<\/a>Hotelli Kristiina29.10.2019 <a href=\"https:\/\/rotary.fi\/kristiinankaupunki\/events\/rotary-saatio-koulutus-kristiinankaupungissa-leif-saarela-suupohjan-ag-alue\/\">Rotary s\u00e4\u00e4ti\u00f6 koulutus, Kristiinankaupungissa, Leif Saarela, Suupohjan AG-alue<\/a>Hotelli Kristiina24.10.2019 <a href=\"https:\/\/rotary.fi\/kauhajoki\/events\/world-polio-day\/\">World Polio Day<\/a>S-Market Kauhajoki24.10.2019 <a href=\"https:\/\/rotary.fi\/d1380\/events\/maailman-poliopaiva-world-polio-day\/\">Maailman Poliop\u00e4iv\u00e4<\/a>S-MARKET KAUHAJOKI19.10.2019 <a href=\"https:\/\/rotary.fi\/d1380\/events\/piirin-1380-syyskokous-vaasassa\/\">Piirin 1380 syyskokous Vaasassa 19.10.2019<\/a>Svenska Klubben, Vaasa28.9.2019 <a href=\"https:\/\/rotary.fi\/kristiinankaupunki\/events\/intercity-kokous-mikkelin-markkinat\/\">Intercity kokous - Mikkelin markkinat<\/a>Hotelli Kristiina\t<\/div>\r\n<\/div><\/p>\n","protected":false},"author":1,"featured_media":0,"parent":676,"menu_order":1,"comment_status":"closed","ping_status":"closed","template":"","meta":{"_acf_changed":false,"_et_pb_use_builder":"on","_et_pb_old_content":"","_et_gb_content_width":"","footnotes":""},"class_list":["post-822","page","type-page","status-publish","hentry"],"acf":[],"yoast_head":"<!-- This site is optimized with the Yoast SEO plugin v27.4 - https:\/\/yoast.com\/product\/yoast-seo-wordpress\/ -->\n<title>Tapahtumakalenteri - Piiri 1380<\/title>\n<meta name=\"robots\" content=\"index, follow, max-snippet:-1, max-image-preview:large, max-video-preview:-1\" \/>\n<link rel=\"canonical\" href=\"https:\/\/rotary.fi\/d1380\/ajankohtaista\/tapahtumakalenteri\/\" \/>\n<meta property=\"og:locale\" content=\"fi_FI\" \/>\n<meta property=\"og:type\" content=\"article\" \/>\n<meta property=\"og:title\" content=\"Tapahtumakalenteri - Piiri 1380\" \/>\n<meta property=\"og:description\" content=\"Tapahtumat Tulevia tapahtumia Menneit\u00e4 tapahtumia\" \/>\n<meta property=\"og:url\" content=\"https:\/\/rotary.fi\/d1380\/ajankohtaista\/tapahtumakalenteri\/\" \/>\n<meta property=\"og:site_name\" content=\"Piiri 1380\" \/>\n<meta property=\"article:publisher\" content=\"https:\/\/www.facebook.com\/rotary\/\" \/>\n<meta property=\"article:modified_time\" content=\"2024-04-18T08:46:25+00:00\" \/>\n<meta name=\"twitter:card\" content=\"summary_large_image\" \/>\n<meta name=\"twitter:label1\" content=\"Arvioitu lukuaika\" \/>\n\t<meta name=\"twitter:data1\" content=\"2 minuuttia\" \/>\n<script type=\"application\/ld+json\" class=\"yoast-schema-graph\">{\"@context\":\"https:\\\/\\\/schema.org\",\"@graph\":[{\"@type\":\"WebPage\",\"@id\":\"https:\\\/\\\/rotary.fi\\\/d1380\\\/ajankohtaista\\\/tapahtumakalenteri\\\/\",\"url\":\"https:\\\/\\\/rotary.fi\\\/d1380\\\/ajankohtaista\\\/tapahtumakalenteri\\\/\",\"name\":\"Tapahtumakalenteri - Piiri 1380\",\"isPartOf\":{\"@id\":\"https:\\\/\\\/rotary.fi\\\/d1380\\\/#website\"},\"datePublished\":\"2018-04-16T11:17:25+00:00\",\"dateModified\":\"2024-04-18T08:46:25+00:00\",\"breadcrumb\":{\"@id\":\"https:\\\/\\\/rotary.fi\\\/d1380\\\/ajankohtaista\\\/tapahtumakalenteri\\\/#breadcrumb\"},\"inLanguage\":\"fi\",\"potentialAction\":[{\"@type\":\"ReadAction\",\"target\":[\"https:\\\/\\\/rotary.fi\\\/d1380\\\/ajankohtaista\\\/tapahtumakalenteri\\\/\"]}]},{\"@type\":\"BreadcrumbList\",\"@id\":\"https:\\\/\\\/rotary.fi\\\/d1380\\\/ajankohtaista\\\/tapahtumakalenteri\\\/#breadcrumb\",\"itemListElement\":[{\"@type\":\"ListItem\",\"position\":1,\"name\":\"Home\",\"item\":\"https:\\\/\\\/rotary.fi\\\/d1380\\\/\"},{\"@type\":\"ListItem\",\"position\":2,\"name\":\"Ajankohtaista\",\"item\":\"https:\\\/\\\/rotary.fi\\\/d1380\\\/ajankohtaista\\\/\"},{\"@type\":\"ListItem\",\"position\":3,\"name\":\"Tapahtumakalenteri\"}]},{\"@type\":\"WebSite\",\"@id\":\"https:\\\/\\\/rotary.fi\\\/d1380\\\/#website\",\"url\":\"https:\\\/\\\/rotary.fi\\\/d1380\\\/\",\"name\":\"Piiri 1380\",\"description\":\"Suomen Rotary\",\"potentialAction\":[{\"@type\":\"SearchAction\",\"target\":{\"@type\":\"EntryPoint\",\"urlTemplate\":\"https:\\\/\\\/rotary.fi\\\/d1380\\\/?s={search_term_string}\"},\"query-input\":{\"@type\":\"PropertyValueSpecification\",\"valueRequired\":true,\"valueName\":\"search_term_string\"}}],\"inLanguage\":\"fi\"}]}<\/script>\n<!-- \/ Yoast SEO plugin. -->","yoast_head_json":{"title":"Tapahtumakalenteri - Piiri 1380","robots":{"index":"index","follow":"follow","max-snippet":"max-snippet:-1","max-image-preview":"max-image-preview:large","max-video-preview":"max-video-preview:-1"},"canonical":"https:\/\/rotary.fi\/d1380\/ajankohtaista\/tapahtumakalenteri\/","og_locale":"fi_FI","og_type":"article","og_title":"Tapahtumakalenteri - Piiri 1380","og_description":"Tapahtumat Tulevia tapahtumia Menneit\u00e4 tapahtumia","og_url":"https:\/\/rotary.fi\/d1380\/ajankohtaista\/tapahtumakalenteri\/","og_site_name":"Piiri 1380","article_publisher":"https:\/\/www.facebook.com\/rotary\/","article_modified_time":"2024-04-18T08:46:25+00:00","twitter_card":"summary_large_image","twitter_misc":{"Arvioitu lukuaika":"2 minuuttia"},"schema":{"@context":"https:\/\/schema.org","@graph":[{"@type":"WebPage","@id":"https:\/\/rotary.fi\/d1380\/ajankohtaista\/tapahtumakalenteri\/","url":"https:\/\/rotary.fi\/d1380\/ajankohtaista\/tapahtumakalenteri\/","name":"Tapahtumakalenteri - Piiri 1380","isPartOf":{"@id":"https:\/\/rotary.fi\/d1380\/#website"},"datePublished":"2018-04-16T11:17:25+00:00","dateModified":"2024-04-18T08:46:25+00:00","breadcrumb":{"@id":"https:\/\/rotary.fi\/d1380\/ajankohtaista\/tapahtumakalenteri\/#breadcrumb"},"inLanguage":"fi","potentialAction":[{"@type":"ReadAction","target":["https:\/\/rotary.fi\/d1380\/ajankohtaista\/tapahtumakalenteri\/"]}]},{"@type":"BreadcrumbList","@id":"https:\/\/rotary.fi\/d1380\/ajankohtaista\/tapahtumakalenteri\/#breadcrumb","itemListElement":[{"@type":"ListItem","position":1,"name":"Home","item":"https:\/\/rotary.fi\/d1380\/"},{"@type":"ListItem","position":2,"name":"Ajankohtaista","item":"https:\/\/rotary.fi\/d1380\/ajankohtaista\/"},{"@type":"ListItem","position":3,"name":"Tapahtumakalenteri"}]},{"@type":"WebSite","@id":"https:\/\/rotary.fi\/d1380\/#website","url":"https:\/\/rotary.fi\/d1380\/","name":"Piiri 1380","description":"Suomen Rotary","potentialAction":[{"@type":"SearchAction","target":{"@type":"EntryPoint","urlTemplate":"https:\/\/rotary.fi\/d1380\/?s={search_term_string}"},"query-input":{"@type":"PropertyValueSpecification","valueRequired":true,"valueName":"search_term_string"}}],"inLanguage":"fi"}]}},"lang":"fi","translations":{"fi":822,"sv":2788,"en":3048},"pll_sync_post":[],"_links":{"self":[{"href":"https:\/\/rotary.fi\/d1380\/wp-json\/wp\/v2\/pages\/822","targetHints":{"allow":["GET"]}}],"collection":[{"href":"https:\/\/rotary.fi\/d1380\/wp-json\/wp\/v2\/pages"}],"about":[{"href":"https:\/\/rotary.fi\/d1380\/wp-json\/wp\/v2\/types\/page"}],"author":[{"embeddable":true,"href":"https:\/\/rotary.fi\/d1380\/wp-json\/wp\/v2\/users\/1"}],"replies":[{"embeddable":true,"href":"https:\/\/rotary.fi\/d1380\/wp-json\/wp\/v2\/comments?post=822"}],"version-history":[{"count":9,"href":"https:\/\/rotary.fi\/d1380\/wp-json\/wp\/v2\/pages\/822\/revisions"}],"predecessor-version":[{"id":3856,"href":"https:\/\/rotary.fi\/d1380\/wp-json\/wp\/v2\/pages\/822\/revisions\/3856"}],"up":[{"embeddable":true,"href":"https:\/\/rotary.fi\/d1380\/wp-json\/wp\/v2\/pages\/676"}],"wp:attachment":[{"href":"https:\/\/rotary.fi\/d1380\/wp-json\/wp\/v2\/media?parent=822"}],"curies":[{"name":"wp","href":"https:\/\/api.w.org\/{rel}","templated":true}]}}