{"id":497,"date":"2018-04-06T14:48:45","date_gmt":"2018-04-06T12:48:45","guid":{"rendered":"http:\/\/rotary.fi\/piirisivusto\/?page_id=497"},"modified":"2024-04-18T08:45:42","modified_gmt":"2024-04-18T06:45:42","slug":"nuorisovaihto","status":"publish","type":"page","link":"https:\/\/rotary.fi\/d1380\/mita-teemme\/nuorisovaihto\/","title":{"rendered":"Nuorisovaihto"},"content":{"rendered":"<p>[et_pb_section fb_built=&#8221;1&#8243; module_class=&#8221;jumbotron-page&#8221; _builder_version=&#8221;4.16&#8243; background_image=&#8221;https:\/\/rotary.fi\/piirisivusto\/wp-content\/uploads\/sites\/12\/2019\/03\/rotary_klubit_alasivu_paakuva_8.jpg&#8221; global_colors_info=&#8221;{}&#8221;][et_pb_row module_class=&#8221; et_pb_row_fullwidth&#8221; _builder_version=&#8221;4.16&#8243; width=&#8221;89%&#8221; width_tablet=&#8221;80%&#8221; width_phone=&#8221;&#8221; width_last_edited=&#8221;on|desktop&#8221; max_width=&#8221;89%&#8221; max_width_tablet=&#8221;80%&#8221; max_width_phone=&#8221;&#8221; max_width_last_edited=&#8221;on|desktop&#8221; make_fullwidth=&#8221;on&#8221; global_colors_info=&#8221;{}&#8221;][et_pb_column type=&#8221;4_4&#8243; _builder_version=&#8221;4.16&#8243; custom_padding=&#8221;|||&#8221; global_colors_info=&#8221;{}&#8221; custom_padding__hover=&#8221;|||&#8221;][et_pb_text admin_label=&#8221;Nuorisovaihto -otsikko&#8221; _builder_version=&#8221;4.16&#8243; text_orientation=&#8221;center&#8221; background_layout=&#8221;dark&#8221; global_colors_info=&#8221;{}&#8221;]<\/p>\n<h1>Nuorisovaihto<\/h1>\n<p>[\/et_pb_text][\/et_pb_column][\/et_pb_row][\/et_pb_section][et_pb_section fb_built=&#8221;1&#8243; module_class=&#8221;sisaltoalue_perus&#8221; _builder_version=&#8221;4.16&#8243; custom_margin=&#8221;||40px|&#8221; global_colors_info=&#8221;{}&#8221;][et_pb_row custom_padding_last_edited=&#8221;on|phone&#8221; _builder_version=&#8221;4.16&#8243; custom_padding_tablet=&#8221;&#8221; custom_padding_phone=&#8221;&#8221; global_colors_info=&#8221;{}&#8221;][et_pb_column type=&#8221;4_4&#8243; _builder_version=&#8221;4.16&#8243; custom_padding=&#8221;|||&#8221; global_colors_info=&#8221;{}&#8221; custom_padding__hover=&#8221;|||&#8221;][et_pb_text admin_label=&#8221;Ulkomaille kouluvuodeksi, kes\u00e4ksi vai muutaman viikon teemaleirille? -otsikko&#8221; _builder_version=&#8221;4.16&#8243; text_orientation=&#8221;center&#8221; global_colors_info=&#8221;{}&#8221;]<\/p>\n<h1>Nuorisovaihto<\/h1>\n<p>[\/et_pb_text][et_pb_text _builder_version=&#8221;4.16&#8243; global_colors_info=&#8221;{}&#8221;]<\/p>\n<p>Suomen Rotarypalvelun nuorisovaihdon monipiiriorganisaatio j\u00e4rjest\u00e4\u00e4 Suomen Rotaryn nuorisovaihtotoiminnan. Vuosittain piirist\u00e4mme l\u00e4htee lukuisia nuoria vaihtoon ja vastaavasti nuoria saapuu maahamme eri puolilta maapalloa. Nuorisovaihto on palvelutoimintamme n\u00e4kyvin toimintamuoto.<\/p>\n<p>Kaudelle 2019 \u2013 2020 piirist\u00e4mme on hakeutunut vuosivaihtoon 6 nuorta, kes\u00e4vaihtoon 7 nuorta ja kansainv\u00e4liseen leirivaihtoon 2 nuorta. Suosittujen Yhdysvaltojen, Kanadan ja Australian rinnalle on vahvasti noussut Eurooppa eri maineen, my\u00f6s Latinalainen Amerikka ja Kaukoit\u00e4 kiinnostavat.<\/p>\n<p>Piiriss\u00e4mme j\u00e4rjestet\u00e4\u00e4n my\u00f6s\u00a0<span style=\"font-size: 16px\">eri teemoihin keskittyvi\u00e4 leirej\u00e4. Kes\u00e4leirill\u00e4 ulkomailta Suomeen tulevat nuoret asuvat ensimm\u00e4iset p\u00e4iv\u00e4t perhemajoituksessa tutustuen suomalaiseen arkeen. T\u00e4m\u00e4n j\u00e4lkeen he kokoontuvat teemaleirilleen. N\u00e4in nuoret tutustuvat luontevasti Rotaryn kansainv\u00e4liseen henkeen. Kes\u00e4ll\u00e4 2019 nuorille j\u00e4rjestettiin \u00c4ht\u00e4riss\u00e4 <strong><a href=\"https:\/\/rotary.fi\/piiri-1380\/wp-content\/uploads\/sites\/12\/2019\/07\/D1380-Ahtari-Panda-Culture-and-Nature-Camp-2019.pdf\">PANDA Culture and Nature Summer Camp<\/a><\/strong>.<\/span><\/p>\n<p>Lue lis\u00e4\u00e4 nuorisopalvelusta ja Rotaryn <a href=\"https:\/\/rotary.fi\/mita-teemme\/nuorisopalvelut\/nuorisovaihto\" target=\"_blank\" rel=\"noopener noreferrer\"><strong>nuorisovaihdosta<\/strong><\/a><\/p>\n<p>Rotex-toiminta yhdist\u00e4\u00e4 entisi\u00e4 vuosivaihto-oppilaita. Rotexit auttavat monipiiri\u00e4 ja piirej\u00e4 l\u00e4htevien vaihto-oppilaiden opastamisessa ja saapuvien tukihenkil\u00f6in\u00e4. He voivat toimia my\u00f6s tutoreina kes\u00e4leireill\u00e4, nuorisovaihdon j\u00e4rjest\u00e4mill\u00e4 matkoilla ja saapuvien oppilaiden orientaatioleireill\u00e4. Rotex toimii Suomen Rotarypalvelun nuorisovaihdon monipiiriorganisaation alaisuudessa ja rotexit noudattavat Rotaryn s\u00e4\u00e4nt\u00f6j\u00e4.<\/p>\n<h4>Ota yhteytt\u00e4<\/h4>\n<p>Piirin 1380 nuorisovaihtotoimintaa koordinoi<br \/><strong>Matias Granvik<\/strong> (Sein\u00e4joki T\u00f6rn\u00e4v\u00e4)<\/p>\n<p>[\/et_pb_text][\/et_pb_column][\/et_pb_row][\/et_pb_section]<\/p>\n","protected":false},"excerpt":{"rendered":"<p>Nuorisovaihto Nuorisovaihto Suomen Rotarypalvelun nuorisovaihdon monipiiriorganisaatio j\u00e4rjest\u00e4\u00e4 Suomen Rotaryn nuorisovaihtotoiminnan. Vuosittain piirist\u00e4mme l\u00e4htee lukuisia nuoria vaihtoon ja vastaavasti nuoria saapuu maahamme eri puolilta maapalloa. Nuorisovaihto on palvelutoimintamme n\u00e4kyvin toimintamuoto. Kaudelle 2019 \u2013 2020 piirist\u00e4mme on hakeutunut vuosivaihtoon 6 nuorta, kes\u00e4vaihtoon 7 nuorta ja kansainv\u00e4liseen leirivaihtoon 2 nuorta. Suosittujen Yhdysvaltojen, Kanadan ja Australian rinnalle on vahvasti [&hellip;]<\/p>\n","protected":false},"author":1,"featured_media":0,"parent":656,"menu_order":2,"comment_status":"closed","ping_status":"closed","template":"","meta":{"_acf_changed":false,"_et_pb_use_builder":"on","_et_pb_old_content":"","_et_gb_content_width":"","footnotes":""},"class_list":["post-497","page","type-page","status-publish","hentry"],"acf":[],"yoast_head":"<!-- This site is optimized with the Yoast SEO plugin v27.4 - https:\/\/yoast.com\/product\/yoast-seo-wordpress\/ -->\n<title>Nuorisovaihto - Piiri 1380<\/title>\n<meta name=\"robots\" content=\"index, follow, max-snippet:-1, max-image-preview:large, max-video-preview:-1\" \/>\n<link rel=\"canonical\" href=\"https:\/\/rotary.fi\/d1380\/mita-teemme\/nuorisovaihto\/\" \/>\n<meta property=\"og:locale\" content=\"fi_FI\" \/>\n<meta property=\"og:type\" content=\"article\" \/>\n<meta property=\"og:title\" content=\"Nuorisovaihto - Piiri 1380\" \/>\n<meta property=\"og:description\" content=\"Nuorisovaihto Nuorisovaihto Suomen Rotarypalvelun nuorisovaihdon monipiiriorganisaatio j\u00e4rjest\u00e4\u00e4 Suomen Rotaryn nuorisovaihtotoiminnan. Vuosittain piirist\u00e4mme l\u00e4htee lukuisia nuoria vaihtoon ja vastaavasti nuoria saapuu maahamme eri puolilta maapalloa. Nuorisovaihto on palvelutoimintamme n\u00e4kyvin toimintamuoto. Kaudelle 2019 \u2013 2020 piirist\u00e4mme on hakeutunut vuosivaihtoon 6 nuorta, kes\u00e4vaihtoon 7 nuorta ja kansainv\u00e4liseen leirivaihtoon 2 nuorta. Suosittujen Yhdysvaltojen, Kanadan ja Australian rinnalle on vahvasti [&hellip;]\" \/>\n<meta property=\"og:url\" content=\"https:\/\/rotary.fi\/d1380\/mita-teemme\/nuorisovaihto\/\" \/>\n<meta property=\"og:site_name\" content=\"Piiri 1380\" \/>\n<meta property=\"article:publisher\" content=\"https:\/\/www.facebook.com\/rotary\/\" \/>\n<meta property=\"article:modified_time\" content=\"2024-04-18T06:45:42+00:00\" \/>\n<meta name=\"twitter:card\" content=\"summary_large_image\" \/>\n<meta name=\"twitter:label1\" content=\"Arvioitu lukuaika\" \/>\n\t<meta name=\"twitter:data1\" content=\"2 minuuttia\" \/>\n<script type=\"application\/ld+json\" class=\"yoast-schema-graph\">{\"@context\":\"https:\\\/\\\/schema.org\",\"@graph\":[{\"@type\":\"WebPage\",\"@id\":\"https:\\\/\\\/rotary.fi\\\/d1380\\\/mita-teemme\\\/nuorisovaihto\\\/\",\"url\":\"https:\\\/\\\/rotary.fi\\\/d1380\\\/mita-teemme\\\/nuorisovaihto\\\/\",\"name\":\"Nuorisovaihto - Piiri 1380\",\"isPartOf\":{\"@id\":\"https:\\\/\\\/rotary.fi\\\/d1380\\\/#website\"},\"datePublished\":\"2018-04-06T12:48:45+00:00\",\"dateModified\":\"2024-04-18T06:45:42+00:00\",\"breadcrumb\":{\"@id\":\"https:\\\/\\\/rotary.fi\\\/d1380\\\/mita-teemme\\\/nuorisovaihto\\\/#breadcrumb\"},\"inLanguage\":\"fi\",\"potentialAction\":[{\"@type\":\"ReadAction\",\"target\":[\"https:\\\/\\\/rotary.fi\\\/d1380\\\/mita-teemme\\\/nuorisovaihto\\\/\"]}]},{\"@type\":\"BreadcrumbList\",\"@id\":\"https:\\\/\\\/rotary.fi\\\/d1380\\\/mita-teemme\\\/nuorisovaihto\\\/#breadcrumb\",\"itemListElement\":[{\"@type\":\"ListItem\",\"position\":1,\"name\":\"Home\",\"item\":\"https:\\\/\\\/rotary.fi\\\/d1380\\\/\"},{\"@type\":\"ListItem\",\"position\":2,\"name\":\"Mit\u00e4 teemme\",\"item\":\"https:\\\/\\\/rotary.fi\\\/d1380\\\/mita-teemme\\\/\"},{\"@type\":\"ListItem\",\"position\":3,\"name\":\"Nuorisovaihto\"}]},{\"@type\":\"WebSite\",\"@id\":\"https:\\\/\\\/rotary.fi\\\/d1380\\\/#website\",\"url\":\"https:\\\/\\\/rotary.fi\\\/d1380\\\/\",\"name\":\"Piiri 1380\",\"description\":\"Suomen Rotary\",\"potentialAction\":[{\"@type\":\"SearchAction\",\"target\":{\"@type\":\"EntryPoint\",\"urlTemplate\":\"https:\\\/\\\/rotary.fi\\\/d1380\\\/?s={search_term_string}\"},\"query-input\":{\"@type\":\"PropertyValueSpecification\",\"valueRequired\":true,\"valueName\":\"search_term_string\"}}],\"inLanguage\":\"fi\"}]}<\/script>\n<!-- \/ Yoast SEO plugin. -->","yoast_head_json":{"title":"Nuorisovaihto - Piiri 1380","robots":{"index":"index","follow":"follow","max-snippet":"max-snippet:-1","max-image-preview":"max-image-preview:large","max-video-preview":"max-video-preview:-1"},"canonical":"https:\/\/rotary.fi\/d1380\/mita-teemme\/nuorisovaihto\/","og_locale":"fi_FI","og_type":"article","og_title":"Nuorisovaihto - Piiri 1380","og_description":"Nuorisovaihto Nuorisovaihto Suomen Rotarypalvelun nuorisovaihdon monipiiriorganisaatio j\u00e4rjest\u00e4\u00e4 Suomen Rotaryn nuorisovaihtotoiminnan. Vuosittain piirist\u00e4mme l\u00e4htee lukuisia nuoria vaihtoon ja vastaavasti nuoria saapuu maahamme eri puolilta maapalloa. Nuorisovaihto on palvelutoimintamme n\u00e4kyvin toimintamuoto. Kaudelle 2019 \u2013 2020 piirist\u00e4mme on hakeutunut vuosivaihtoon 6 nuorta, kes\u00e4vaihtoon 7 nuorta ja kansainv\u00e4liseen leirivaihtoon 2 nuorta. Suosittujen Yhdysvaltojen, Kanadan ja Australian rinnalle on vahvasti [&hellip;]","og_url":"https:\/\/rotary.fi\/d1380\/mita-teemme\/nuorisovaihto\/","og_site_name":"Piiri 1380","article_publisher":"https:\/\/www.facebook.com\/rotary\/","article_modified_time":"2024-04-18T06:45:42+00:00","twitter_card":"summary_large_image","twitter_misc":{"Arvioitu lukuaika":"2 minuuttia"},"schema":{"@context":"https:\/\/schema.org","@graph":[{"@type":"WebPage","@id":"https:\/\/rotary.fi\/d1380\/mita-teemme\/nuorisovaihto\/","url":"https:\/\/rotary.fi\/d1380\/mita-teemme\/nuorisovaihto\/","name":"Nuorisovaihto - Piiri 1380","isPartOf":{"@id":"https:\/\/rotary.fi\/d1380\/#website"},"datePublished":"2018-04-06T12:48:45+00:00","dateModified":"2024-04-18T06:45:42+00:00","breadcrumb":{"@id":"https:\/\/rotary.fi\/d1380\/mita-teemme\/nuorisovaihto\/#breadcrumb"},"inLanguage":"fi","potentialAction":[{"@type":"ReadAction","target":["https:\/\/rotary.fi\/d1380\/mita-teemme\/nuorisovaihto\/"]}]},{"@type":"BreadcrumbList","@id":"https:\/\/rotary.fi\/d1380\/mita-teemme\/nuorisovaihto\/#breadcrumb","itemListElement":[{"@type":"ListItem","position":1,"name":"Home","item":"https:\/\/rotary.fi\/d1380\/"},{"@type":"ListItem","position":2,"name":"Mit\u00e4 teemme","item":"https:\/\/rotary.fi\/d1380\/mita-teemme\/"},{"@type":"ListItem","position":3,"name":"Nuorisovaihto"}]},{"@type":"WebSite","@id":"https:\/\/rotary.fi\/d1380\/#website","url":"https:\/\/rotary.fi\/d1380\/","name":"Piiri 1380","description":"Suomen Rotary","potentialAction":[{"@type":"SearchAction","target":{"@type":"EntryPoint","urlTemplate":"https:\/\/rotary.fi\/d1380\/?s={search_term_string}"},"query-input":{"@type":"PropertyValueSpecification","valueRequired":true,"valueName":"search_term_string"}}],"inLanguage":"fi"}]}},"lang":"fi","translations":{"fi":497,"sv":2665,"en":2921},"pll_sync_post":[],"_links":{"self":[{"href":"https:\/\/rotary.fi\/d1380\/wp-json\/wp\/v2\/pages\/497","targetHints":{"allow":["GET"]}}],"collection":[{"href":"https:\/\/rotary.fi\/d1380\/wp-json\/wp\/v2\/pages"}],"about":[{"href":"https:\/\/rotary.fi\/d1380\/wp-json\/wp\/v2\/types\/page"}],"author":[{"embeddable":true,"href":"https:\/\/rotary.fi\/d1380\/wp-json\/wp\/v2\/users\/1"}],"replies":[{"embeddable":true,"href":"https:\/\/rotary.fi\/d1380\/wp-json\/wp\/v2\/comments?post=497"}],"version-history":[{"count":11,"href":"https:\/\/rotary.fi\/d1380\/wp-json\/wp\/v2\/pages\/497\/revisions"}],"predecessor-version":[{"id":3840,"href":"https:\/\/rotary.fi\/d1380\/wp-json\/wp\/v2\/pages\/497\/revisions\/3840"}],"up":[{"embeddable":true,"href":"https:\/\/rotary.fi\/d1380\/wp-json\/wp\/v2\/pages\/656"}],"wp:attachment":[{"href":"https:\/\/rotary.fi\/d1380\/wp-json\/wp\/v2\/media?parent=497"}],"curies":[{"name":"wp","href":"https:\/\/api.w.org\/{rel}","templated":true}]}}