{"id":3446,"date":"2019-10-21T11:29:05","date_gmt":"2019-10-21T09:29:05","guid":{"rendered":"https:\/\/rotary.fi\/d1380\/?page_id=3446"},"modified":"2019-10-30T13:38:53","modified_gmt":"2019-10-30T11:38:53","slug":"piirin-aineisto","status":"publish","type":"page","link":"https:\/\/rotary.fi\/d1380\/piirin-aineisto\/","title":{"rendered":"Piirin-aineisto"},"content":{"rendered":"<p>[et_pb_section fb_built=&#8221;1&#8243; admin_label=&#8221;section&#8221; _builder_version=&#8221;3.22&#8243; fb_built=&#8221;1&#8243; _i=&#8221;0&#8243; _address=&#8221;0&#8243; custom_padding=&#8221;|0px||||&#8221;][et_pb_row admin_label=&#8221;row&#8221; _builder_version=&#8221;3.25&#8243; background_size=&#8221;initial&#8221; background_position=&#8221;top_left&#8221; background_repeat=&#8221;repeat&#8221; _i=&#8221;0&#8243; _address=&#8221;0.0&#8243;][et_pb_column type=&#8221;4_4&#8243; _builder_version=&#8221;3.25&#8243; custom_padding=&#8221;|||&#8221; _i=&#8221;0&#8243; _address=&#8221;0.0.0&#8243; custom_padding__hover=&#8221;|||&#8221;][et_pb_text admin_label=&#8221;Text&#8221; _builder_version=&#8221;3.29.3&#8243; background_size=&#8221;initial&#8221; background_position=&#8221;top_left&#8221; background_repeat=&#8221;repeat&#8221; hover_enabled=&#8221;0&#8243; _i=&#8221;0&#8243; _address=&#8221;0.0.0.0&#8243;]<\/p>\n<h3><strong><a href=\"https:\/\/rotary.fi\/d1380\/koulutus\/\">D1380-KOULUTUKSET ROTAREILLE<\/a><\/strong><\/h3>\n<p><strong>\u00a0<\/strong><\/p>\n<h3><a href=\"https:\/\/drive.google.com\/drive\/u\/0\/folders\/1uBr_3eW1ouizYn0n1MVMje67LG0yNUoZ\" target=\"_blank\" rel=\"noopener noreferrer\"><strong>D1380-GoogleDrive<\/strong><\/a><\/h3>\n<ul>\n<li style=\"padding-left: 30px\"><a href=\"https:\/\/drive.google.com\/drive\/u\/0\/folders\/1bvyTxFqJw5ZwfNGISCdiewZh8mlH4Bfr\" target=\"_blank\" rel=\"noopener noreferrer\"><strong>Kuvern\u00f6\u00f6rin kuukausikirjeet 2019-20<\/strong><\/a><\/li>\n<li style=\"padding-left: 30px\"><a href=\"https:\/\/drive.google.com\/drive\/folders\/1GkUogI4xWmzkgASkXO-wTcon0xsM97Tl?usp=sharing\" target=\"_blank\" rel=\"noopener noreferrer\"><b>TRF &#8211; Piirin Rotarys\u00e4\u00e4ti\u00f6 -asiakirjat (hakulomakkeet ym.)<\/b><\/a>\n<ul>\n<li style=\"padding-left: 30px\"><b><span>HUOM! Lataa lomake ensin koneellesi ja talleta se.\u00a0<\/span><span>Sen j\u00e4lkeen voit avata lomakkeen, t\u00e4ytt\u00e4\u00e4, tallentaa, tulostaa ja l\u00e4hett\u00e4\u00e4.<\/span><\/b><\/li>\n<\/ul>\n<\/li>\n<li style=\"padding-left: 30px\"><a href=\"https:\/\/drive.google.com\/drive\/u\/0\/folders\/1uBr_3eW1ouizYn0n1MVMje67LG0yNUoZ\" target=\"_blank\" rel=\"noopener noreferrer\"><strong>Muut tiedostot (2018-19 ja 2019-20)<\/strong><\/a><\/li>\n<\/ul>\n<h3><\/h3>\n<h3><a href=\"https:\/\/www.dropbox.com\/sh\/4x9isc2j83b3bxu\/AACRx-CSDMn5fAdeXBWQj9Bxa?dl=0\" target=\"_blank\" rel=\"noopener noreferrer\"><strong>D1380-DropBox<\/strong><\/a><\/h3>\n<p>[\/et_pb_text][\/et_pb_column][\/et_pb_row][\/et_pb_section]<\/p>\n","protected":false},"excerpt":{"rendered":"<p>D1380-KOULUTUKSET ROTAREILLE \u00a0 D1380-GoogleDrive Kuvern\u00f6\u00f6rin kuukausikirjeet 2019-20 TRF &#8211; Piirin Rotarys\u00e4\u00e4ti\u00f6 -asiakirjat (hakulomakkeet ym.) HUOM! Lataa lomake ensin koneellesi ja talleta se.\u00a0Sen j\u00e4lkeen voit avata lomakkeen, t\u00e4ytt\u00e4\u00e4, tallentaa, tulostaa ja l\u00e4hett\u00e4\u00e4. Muut tiedostot (2018-19 ja 2019-20) D1380-DropBox<\/p>\n","protected":false},"author":90,"featured_media":0,"parent":0,"menu_order":0,"comment_status":"closed","ping_status":"closed","template":"","meta":{"_acf_changed":false,"_et_pb_use_builder":"on","_et_pb_old_content":"<h3><strong><a href=\"https:\/\/rotary.fi\/d1380\/koulutus\/\">D1380-KOULUTUKSET<\/a><\/strong><\/h3>\r\n<h3><a href=\"https:\/\/drive.google.com\/drive\/u\/0\/folders\/1uBr_3eW1ouizYn0n1MVMje67LG0yNUoZ\" target=\"_blank\" rel=\"noopener noreferrer\"><strong>D1380-GoogleDrive<\/strong><\/a><\/h3>\r\n<h3><a href=\"https:\/\/www.dropbox.com\/sh\/4x9isc2j83b3bxu\/AACRx-CSDMn5fAdeXBWQj9Bxa?dl=0\" target=\"_blank\" rel=\"noopener noreferrer\"><strong>D1380-DropBox<\/strong><\/a><\/h3>","_et_gb_content_width":"","footnotes":""},"class_list":["post-3446","page","type-page","status-publish","hentry"],"acf":[],"yoast_head":"<!-- This site is optimized with the Yoast SEO plugin v27.4 - https:\/\/yoast.com\/product\/yoast-seo-wordpress\/ -->\n<title>Piirin-aineisto - Piiri 1380<\/title>\n<meta name=\"robots\" content=\"index, follow, max-snippet:-1, max-image-preview:large, max-video-preview:-1\" \/>\n<link rel=\"canonical\" href=\"https:\/\/rotary.fi\/d1380\/piirin-aineisto\/\" \/>\n<meta property=\"og:locale\" content=\"fi_FI\" \/>\n<meta property=\"og:type\" content=\"article\" \/>\n<meta property=\"og:title\" content=\"Piirin-aineisto - Piiri 1380\" \/>\n<meta property=\"og:description\" content=\"D1380-KOULUTUKSET ROTAREILLE \u00a0 D1380-GoogleDrive Kuvern\u00f6\u00f6rin kuukausikirjeet 2019-20 TRF - Piirin Rotarys\u00e4\u00e4ti\u00f6 -asiakirjat (hakulomakkeet ym.) HUOM! Lataa lomake ensin koneellesi ja talleta se.\u00a0Sen j\u00e4lkeen voit avata lomakkeen, t\u00e4ytt\u00e4\u00e4, tallentaa, tulostaa ja l\u00e4hett\u00e4\u00e4. Muut tiedostot (2018-19 ja 2019-20) D1380-DropBox\" \/>\n<meta property=\"og:url\" content=\"https:\/\/rotary.fi\/d1380\/piirin-aineisto\/\" \/>\n<meta property=\"og:site_name\" content=\"Piiri 1380\" \/>\n<meta property=\"article:publisher\" content=\"https:\/\/www.facebook.com\/rotary\/\" \/>\n<meta property=\"article:modified_time\" content=\"2019-10-30T11:38:53+00:00\" \/>\n<meta name=\"twitter:card\" content=\"summary_large_image\" \/>\n<meta name=\"twitter:label1\" content=\"Arvioitu lukuaika\" \/>\n\t<meta name=\"twitter:data1\" content=\"1 minuutti\" \/>\n<script type=\"application\/ld+json\" class=\"yoast-schema-graph\">{\"@context\":\"https:\\\/\\\/schema.org\",\"@graph\":[{\"@type\":\"WebPage\",\"@id\":\"https:\\\/\\\/rotary.fi\\\/d1380\\\/piirin-aineisto\\\/\",\"url\":\"https:\\\/\\\/rotary.fi\\\/d1380\\\/piirin-aineisto\\\/\",\"name\":\"Piirin-aineisto - Piiri 1380\",\"isPartOf\":{\"@id\":\"https:\\\/\\\/rotary.fi\\\/d1380\\\/#website\"},\"datePublished\":\"2019-10-21T09:29:05+00:00\",\"dateModified\":\"2019-10-30T11:38:53+00:00\",\"breadcrumb\":{\"@id\":\"https:\\\/\\\/rotary.fi\\\/d1380\\\/piirin-aineisto\\\/#breadcrumb\"},\"inLanguage\":\"fi\",\"potentialAction\":[{\"@type\":\"ReadAction\",\"target\":[\"https:\\\/\\\/rotary.fi\\\/d1380\\\/piirin-aineisto\\\/\"]}]},{\"@type\":\"BreadcrumbList\",\"@id\":\"https:\\\/\\\/rotary.fi\\\/d1380\\\/piirin-aineisto\\\/#breadcrumb\",\"itemListElement\":[{\"@type\":\"ListItem\",\"position\":1,\"name\":\"Home\",\"item\":\"https:\\\/\\\/rotary.fi\\\/d1380\\\/\"},{\"@type\":\"ListItem\",\"position\":2,\"name\":\"Piirin-aineisto\"}]},{\"@type\":\"WebSite\",\"@id\":\"https:\\\/\\\/rotary.fi\\\/d1380\\\/#website\",\"url\":\"https:\\\/\\\/rotary.fi\\\/d1380\\\/\",\"name\":\"Piiri 1380\",\"description\":\"Suomen Rotary\",\"potentialAction\":[{\"@type\":\"SearchAction\",\"target\":{\"@type\":\"EntryPoint\",\"urlTemplate\":\"https:\\\/\\\/rotary.fi\\\/d1380\\\/?s={search_term_string}\"},\"query-input\":{\"@type\":\"PropertyValueSpecification\",\"valueRequired\":true,\"valueName\":\"search_term_string\"}}],\"inLanguage\":\"fi\"}]}<\/script>\n<!-- \/ Yoast SEO plugin. -->","yoast_head_json":{"title":"Piirin-aineisto - Piiri 1380","robots":{"index":"index","follow":"follow","max-snippet":"max-snippet:-1","max-image-preview":"max-image-preview:large","max-video-preview":"max-video-preview:-1"},"canonical":"https:\/\/rotary.fi\/d1380\/piirin-aineisto\/","og_locale":"fi_FI","og_type":"article","og_title":"Piirin-aineisto - Piiri 1380","og_description":"D1380-KOULUTUKSET ROTAREILLE \u00a0 D1380-GoogleDrive Kuvern\u00f6\u00f6rin kuukausikirjeet 2019-20 TRF - Piirin Rotarys\u00e4\u00e4ti\u00f6 -asiakirjat (hakulomakkeet ym.) HUOM! Lataa lomake ensin koneellesi ja talleta se.\u00a0Sen j\u00e4lkeen voit avata lomakkeen, t\u00e4ytt\u00e4\u00e4, tallentaa, tulostaa ja l\u00e4hett\u00e4\u00e4. Muut tiedostot (2018-19 ja 2019-20) D1380-DropBox","og_url":"https:\/\/rotary.fi\/d1380\/piirin-aineisto\/","og_site_name":"Piiri 1380","article_publisher":"https:\/\/www.facebook.com\/rotary\/","article_modified_time":"2019-10-30T11:38:53+00:00","twitter_card":"summary_large_image","twitter_misc":{"Arvioitu lukuaika":"1 minuutti"},"schema":{"@context":"https:\/\/schema.org","@graph":[{"@type":"WebPage","@id":"https:\/\/rotary.fi\/d1380\/piirin-aineisto\/","url":"https:\/\/rotary.fi\/d1380\/piirin-aineisto\/","name":"Piirin-aineisto - Piiri 1380","isPartOf":{"@id":"https:\/\/rotary.fi\/d1380\/#website"},"datePublished":"2019-10-21T09:29:05+00:00","dateModified":"2019-10-30T11:38:53+00:00","breadcrumb":{"@id":"https:\/\/rotary.fi\/d1380\/piirin-aineisto\/#breadcrumb"},"inLanguage":"fi","potentialAction":[{"@type":"ReadAction","target":["https:\/\/rotary.fi\/d1380\/piirin-aineisto\/"]}]},{"@type":"BreadcrumbList","@id":"https:\/\/rotary.fi\/d1380\/piirin-aineisto\/#breadcrumb","itemListElement":[{"@type":"ListItem","position":1,"name":"Home","item":"https:\/\/rotary.fi\/d1380\/"},{"@type":"ListItem","position":2,"name":"Piirin-aineisto"}]},{"@type":"WebSite","@id":"https:\/\/rotary.fi\/d1380\/#website","url":"https:\/\/rotary.fi\/d1380\/","name":"Piiri 1380","description":"Suomen Rotary","potentialAction":[{"@type":"SearchAction","target":{"@type":"EntryPoint","urlTemplate":"https:\/\/rotary.fi\/d1380\/?s={search_term_string}"},"query-input":{"@type":"PropertyValueSpecification","valueRequired":true,"valueName":"search_term_string"}}],"inLanguage":"fi"}]}},"lang":"fi","translations":{"fi":3446},"pll_sync_post":[],"_links":{"self":[{"href":"https:\/\/rotary.fi\/d1380\/wp-json\/wp\/v2\/pages\/3446","targetHints":{"allow":["GET"]}}],"collection":[{"href":"https:\/\/rotary.fi\/d1380\/wp-json\/wp\/v2\/pages"}],"about":[{"href":"https:\/\/rotary.fi\/d1380\/wp-json\/wp\/v2\/types\/page"}],"author":[{"embeddable":true,"href":"https:\/\/rotary.fi\/d1380\/wp-json\/wp\/v2\/users\/90"}],"replies":[{"embeddable":true,"href":"https:\/\/rotary.fi\/d1380\/wp-json\/wp\/v2\/comments?post=3446"}],"version-history":[{"count":11,"href":"https:\/\/rotary.fi\/d1380\/wp-json\/wp\/v2\/pages\/3446\/revisions"}],"predecessor-version":[{"id":3480,"href":"https:\/\/rotary.fi\/d1380\/wp-json\/wp\/v2\/pages\/3446\/revisions\/3480"}],"wp:attachment":[{"href":"https:\/\/rotary.fi\/d1380\/wp-json\/wp\/v2\/media?parent=3446"}],"curies":[{"name":"wp","href":"https:\/\/api.w.org\/{rel}","templated":true}]}}