{"id":3248,"date":"2019-09-16T20:52:28","date_gmt":"2019-09-16T18:52:28","guid":{"rendered":"https:\/\/rotary.fi\/d1380\/?page_id=3248"},"modified":"2019-11-21T21:19:39","modified_gmt":"2019-11-21T19:19:39","slug":"koulutus","status":"publish","type":"page","link":"https:\/\/rotary.fi\/d1380\/koulutus\/","title":{"rendered":"Koulutus"},"content":{"rendered":"<p>[et_pb_section fb_built=&#8221;1&#8243; admin_label=&#8221;Landing Hero&#8221; _builder_version=&#8221;3.27.4&#8243; custom_padding=&#8221;100px|0px|100px|0px&#8221; animation_style=&#8221;slide&#8221; animation_direction=&#8221;top&#8221; animation_intensity_slide=&#8221;2%&#8221; locked=&#8221;off&#8221;][et_pb_row column_structure=&#8221;1_2,1_2&#8243; _builder_version=&#8221;4.0.5&#8243; background_color=&#8221;#f8f9fa&#8221; background_enable_image=&#8221;off&#8221; background_size=&#8221;contain&#8221; custom_margin=&#8221;|||&#8221; custom_width_px=&#8221;1280px&#8221;][et_pb_column type=&#8221;1_2&#8243; _builder_version=&#8221;3.25&#8243; custom_padding=&#8221;|||&#8221; custom_padding__hover=&#8221;|||&#8221;][et_pb_text _builder_version=&#8221;4.0.6&#8243; text_text_color=&#8221;#d4ccff&#8221; text_line_height=&#8221;1.9em&#8221; hover_enabled=&#8221;0&#8243; locked=&#8221;off&#8221;]<\/p>\n<div class=\"et_post_meta_wrapper\">\n<h2 class=\"post-meta\"><span style=\"color: #000000\"><strong>TERVETULOA KOULUTUKSIIN!<\/strong><\/span><\/h2>\n<\/div>\n<p><span style=\"color: #000000\">Piirimme kaikille rotareille tarkoitettuja ilmaisia koulutuksia syksyn 2019 aikana.<\/span><\/p>\n<p><span style=\"font-size: 16px;color: #872175\">(Kahvit ja ruokailu pit\u00e4\u00e4 osallistujan itse tai klubin maksaa)<\/span><span><br class=\"Apple-interchange-newline\" \/><img loading=\"lazy\" decoding=\"async\" src=\"https:\/\/rotary.fi\/d1380\/wp-content\/uploads\/sites\/12\/2019\/11\/therotaryfoundation-doinggoodintheworld-300x111.jpg\" width=\"351\" height=\"130\" alt=\"\" class=\"wp-image-3630 aligncenter size-medium\" style=\"float: right\" \/><\/span><\/p>\n<p>&nbsp;<\/p>\n<h4><span style=\"font-size: 16px\"><a href=\"https:\/\/rotary.fi\/d1380\/ajankohtaista\/tapahtumakalenteri\/\"><strong><span style=\"color: #000080\">ROTARYKLUBIEN S\u00c4\u00c4TI\u00d6ASIAMIESTEN KOULUTUKSET<\/span><\/strong><\/a><\/span><\/h4>\n<ul>\n<li>\n<pre><span style=\"color: #000000\"><strong>(Lapuanjokivarren AG-alue 7.11.2019 17:00 Lapua Kiviristin rk, Hotelli Lapuanhovi.)<\/strong><\/span><\/pre>\n<\/li>\n<li>\n<pre><span style=\"color: #000000\"><strong>(Sein\u00e4joen seutu 14.11.2019 17:30 Ilmajoen rk, Ilmajoen puhelinmuseo)<\/strong><\/span><\/pre>\n<\/li>\n<li>\n<pre><span style=\"color: #000000\"><strong>(Vaasan seutu 19.11.2019 11:45 Vaasa-Vasa rk, Svenska Klubben,\u00a0 Rantakatu 4.)<\/strong><\/span><\/pre>\n<\/li>\n<li>\n<pre><span style=\"color: #000000\"><strong>(Pietarsaaren seutu 20.11.2019 klo 17:00, Pietarsaari-M\u00e4ssk\u00e4r rk, <\/strong><strong>Kaupunginhotelli.)<\/strong><\/span><\/pre>\n<\/li>\n<li>\n<pre><span style=\"color: #000000\"><strong>Kokkolan seutu 26.11.2019 11:45 Kokkola-Gamlagarleby rk, S\u00e4llskapsklubben.<\/strong><\/span><\/pre>\n<\/li>\n<\/ul>\n<h4><span style=\"color: #000080\"><b>ROTARYKLUBIEN UUSIEN NETTISIVUJEN TY\u00d6PAJAKOULUTUS<\/b><\/span><\/h4>\n<ul>\n<li><span style=\"color: #000080\"><b>Seuraavat klubien nettisivukoulutukset kev\u00e4tkaudella 2020<\/b><\/span><\/li>\n<\/ul>\n<div class=\"entry-content\">\n<h3><span style=\"color: #000000\">Koulutukset ovat my\u00f6s\u00a0<a href=\"https:\/\/rotary.fi\/d1380\/ajankohtaista\/tapahtumakalenteri\/\" style=\"color: #000000\">tapahtumakalenterissa.<\/a><\/span><\/h3>\n<h3><span style=\"color: #000000\">Tutustu niihin ja ilmoittaudu ohjeen mukaan.<\/span><\/h3>\n<h3><span style=\"color: #000000\">\u00a0<\/span><\/h3>\n<h3><\/h3>\n<h3><img loading=\"lazy\" decoding=\"async\" class=\"size-medium wp-image-3204 aligncenter\" src=\"https:\/\/rotary.fi\/d1380\/wp-content\/uploads\/sites\/12\/2019\/09\/rotaryconnectstheworld-r-19-20-300x225.png\" alt=\"\" width=\"441\" height=\"331\" srcset=\"https:\/\/rotary.fi\/d1380\/wp-content\/uploads\/sites\/12\/2019\/09\/rotaryconnectstheworld-r-19-20-300x225.png 300w, https:\/\/rotary.fi\/d1380\/wp-content\/uploads\/sites\/12\/2019\/09\/rotaryconnectstheworld-r-19-20.png 325w\" sizes=\"(max-width: 441px) 100vw, 441px\" \/><\/h3>\n<p><strong><a href=\"https:\/\/rotary.fi\/d1380\/events\/d1380-nuorisovaihdon-koulutus-skolning-av-ungdomsbyte\/\" target=\"_blank\" rel=\"noopener noreferrer\"><span style=\"color: #000000\"><span style=\"color: #0c3c7c\">NUORISOVAIHDON KOULUTUKSET<\/span><\/span><\/a><\/strong><\/p>\n<\/div>\n<p>&nbsp;<\/p>\n<p>[\/et_pb_text][\/et_pb_column][et_pb_column type=&#8221;1_2&#8243; _builder_version=&#8221;3.25&#8243; custom_padding=&#8221;|||&#8221; custom_padding__hover=&#8221;|||&#8221;][et_pb_image src=&#8221;https:\/\/rotary.fi\/d1380\/wp-content\/uploads\/sites\/12\/2019\/09\/coding-isometric-01.png&#8221; align_tablet=&#8221;center&#8221; align_phone=&#8221;&#8221; align_last_edited=&#8221;on|desktop&#8221; _builder_version=&#8221;3.27.4&#8243; background_image=&#8221;https:\/\/rotary.fi\/d1380\/wp-content\/uploads\/sites\/12\/2019\/09\/rli-logo.jpg&#8221; parallax=&#8221;on&#8221; custom_margin=&#8221;|||&#8221; custom_padding=&#8221;|||&#8221; animation_style=&#8221;zoom&#8221; animation_direction=&#8221;left&#8221; animation_delay=&#8221;100ms&#8221; animation_intensity_zoom=&#8221;20%&#8221;][\/et_pb_image][\/et_pb_column][\/et_pb_row][\/et_pb_section]<\/p>\n","protected":false},"excerpt":{"rendered":"<p>TERVETULOA KOULUTUKSIIN! Piirimme kaikille rotareille tarkoitettuja ilmaisia koulutuksia syksyn 2019 aikana. (Kahvit ja ruokailu pit\u00e4\u00e4 osallistujan itse tai klubin maksaa) &nbsp; ROTARYKLUBIEN S\u00c4\u00c4TI\u00d6ASIAMIESTEN KOULUTUKSET (Lapuanjokivarren AG-alue 7.11.2019 17:00 Lapua Kiviristin rk, Hotelli Lapuanhovi.) (Sein\u00e4joen seutu 14.11.2019 17:30 Ilmajoen rk, Ilmajoen puhelinmuseo) (Vaasan seutu 19.11.2019 11:45 Vaasa-Vasa rk, Svenska Klubben,\u00a0 Rantakatu 4.) (Pietarsaaren seutu 20.11.2019 klo [&hellip;]<\/p>\n","protected":false},"author":90,"featured_media":0,"parent":0,"menu_order":0,"comment_status":"closed","ping_status":"closed","template":"","meta":{"_acf_changed":false,"_et_pb_use_builder":"on","_et_pb_old_content":"ROTARYPIIRIN 1380 KOULUTUKSIA\r\n\r\n\u00a0","_et_gb_content_width":"","footnotes":""},"class_list":["post-3248","page","type-page","status-publish","hentry"],"acf":[],"yoast_head":"<!-- This site is optimized with the Yoast SEO plugin v27.0 - https:\/\/yoast.com\/product\/yoast-seo-wordpress\/ -->\n<title>Koulutus - Piiri 1380<\/title>\n<meta name=\"robots\" content=\"index, follow, max-snippet:-1, max-image-preview:large, max-video-preview:-1\" \/>\n<link rel=\"canonical\" href=\"https:\/\/rotary.fi\/d1380\/koulutus\/\" \/>\n<meta property=\"og:locale\" content=\"fi_FI\" \/>\n<meta property=\"og:type\" content=\"article\" \/>\n<meta property=\"og:title\" content=\"Koulutus - Piiri 1380\" \/>\n<meta property=\"og:description\" content=\"TERVETULOA KOULUTUKSIIN! Piirimme kaikille rotareille tarkoitettuja ilmaisia koulutuksia syksyn 2019 aikana. (Kahvit ja ruokailu pit\u00e4\u00e4 osallistujan itse tai klubin maksaa) &nbsp; ROTARYKLUBIEN S\u00c4\u00c4TI\u00d6ASIAMIESTEN KOULUTUKSET (Lapuanjokivarren AG-alue 7.11.2019 17:00 Lapua Kiviristin rk, Hotelli Lapuanhovi.) (Sein\u00e4joen seutu 14.11.2019 17:30 Ilmajoen rk, Ilmajoen puhelinmuseo) (Vaasan seutu 19.11.2019 11:45 Vaasa-Vasa rk, Svenska Klubben,\u00a0 Rantakatu 4.) (Pietarsaaren seutu 20.11.2019 klo [&hellip;]\" \/>\n<meta property=\"og:url\" content=\"https:\/\/rotary.fi\/d1380\/koulutus\/\" \/>\n<meta property=\"og:site_name\" content=\"Piiri 1380\" \/>\n<meta property=\"article:publisher\" content=\"https:\/\/www.facebook.com\/rotary\/\" \/>\n<meta property=\"article:modified_time\" content=\"2019-11-21T19:19:39+00:00\" \/>\n<meta property=\"og:image\" content=\"https:\/\/rotary.fi\/d1380\/wp-content\/uploads\/sites\/12\/2019\/11\/therotaryfoundation-doinggoodintheworld-300x111.jpg\" \/>\n<meta name=\"twitter:card\" content=\"summary_large_image\" \/>\n<meta name=\"twitter:label1\" content=\"Arvioitu lukuaika\" \/>\n\t<meta name=\"twitter:data1\" content=\"1 minuutti\" \/>\n<script type=\"application\/ld+json\" class=\"yoast-schema-graph\">{\"@context\":\"https:\/\/schema.org\",\"@graph\":[{\"@type\":\"WebPage\",\"@id\":\"https:\/\/rotary.fi\/d1380\/koulutus\/\",\"url\":\"https:\/\/rotary.fi\/d1380\/koulutus\/\",\"name\":\"Koulutus - Piiri 1380\",\"isPartOf\":{\"@id\":\"https:\/\/rotary.fi\/d1380\/#website\"},\"primaryImageOfPage\":{\"@id\":\"https:\/\/rotary.fi\/d1380\/koulutus\/#primaryimage\"},\"image\":{\"@id\":\"https:\/\/rotary.fi\/d1380\/koulutus\/#primaryimage\"},\"thumbnailUrl\":\"https:\/\/rotary.fi\/d1380\/wp-content\/uploads\/sites\/12\/2019\/11\/therotaryfoundation-doinggoodintheworld-300x111.jpg\",\"datePublished\":\"2019-09-16T18:52:28+00:00\",\"dateModified\":\"2019-11-21T19:19:39+00:00\",\"breadcrumb\":{\"@id\":\"https:\/\/rotary.fi\/d1380\/koulutus\/#breadcrumb\"},\"inLanguage\":\"fi\",\"potentialAction\":[{\"@type\":\"ReadAction\",\"target\":[\"https:\/\/rotary.fi\/d1380\/koulutus\/\"]}]},{\"@type\":\"ImageObject\",\"inLanguage\":\"fi\",\"@id\":\"https:\/\/rotary.fi\/d1380\/koulutus\/#primaryimage\",\"url\":\"https:\/\/rotary.fi\/d1380\/wp-content\/uploads\/sites\/12\/2019\/11\/therotaryfoundation-doinggoodintheworld.jpg\",\"contentUrl\":\"https:\/\/rotary.fi\/d1380\/wp-content\/uploads\/sites\/12\/2019\/11\/therotaryfoundation-doinggoodintheworld.jpg\",\"width\":1333,\"height\":494},{\"@type\":\"BreadcrumbList\",\"@id\":\"https:\/\/rotary.fi\/d1380\/koulutus\/#breadcrumb\",\"itemListElement\":[{\"@type\":\"ListItem\",\"position\":1,\"name\":\"Home\",\"item\":\"https:\/\/rotary.fi\/d1380\/\"},{\"@type\":\"ListItem\",\"position\":2,\"name\":\"Koulutus\"}]},{\"@type\":\"WebSite\",\"@id\":\"https:\/\/rotary.fi\/d1380\/#website\",\"url\":\"https:\/\/rotary.fi\/d1380\/\",\"name\":\"Piiri 1380\",\"description\":\"Suomen Rotary\",\"potentialAction\":[{\"@type\":\"SearchAction\",\"target\":{\"@type\":\"EntryPoint\",\"urlTemplate\":\"https:\/\/rotary.fi\/d1380\/?s={search_term_string}\"},\"query-input\":{\"@type\":\"PropertyValueSpecification\",\"valueRequired\":true,\"valueName\":\"search_term_string\"}}],\"inLanguage\":\"fi\"}]}<\/script>\n<!-- \/ Yoast SEO plugin. -->","yoast_head_json":{"title":"Koulutus - Piiri 1380","robots":{"index":"index","follow":"follow","max-snippet":"max-snippet:-1","max-image-preview":"max-image-preview:large","max-video-preview":"max-video-preview:-1"},"canonical":"https:\/\/rotary.fi\/d1380\/koulutus\/","og_locale":"fi_FI","og_type":"article","og_title":"Koulutus - Piiri 1380","og_description":"TERVETULOA KOULUTUKSIIN! Piirimme kaikille rotareille tarkoitettuja ilmaisia koulutuksia syksyn 2019 aikana. (Kahvit ja ruokailu pit\u00e4\u00e4 osallistujan itse tai klubin maksaa) &nbsp; ROTARYKLUBIEN S\u00c4\u00c4TI\u00d6ASIAMIESTEN KOULUTUKSET (Lapuanjokivarren AG-alue 7.11.2019 17:00 Lapua Kiviristin rk, Hotelli Lapuanhovi.) (Sein\u00e4joen seutu 14.11.2019 17:30 Ilmajoen rk, Ilmajoen puhelinmuseo) (Vaasan seutu 19.11.2019 11:45 Vaasa-Vasa rk, Svenska Klubben,\u00a0 Rantakatu 4.) (Pietarsaaren seutu 20.11.2019 klo [&hellip;]","og_url":"https:\/\/rotary.fi\/d1380\/koulutus\/","og_site_name":"Piiri 1380","article_publisher":"https:\/\/www.facebook.com\/rotary\/","article_modified_time":"2019-11-21T19:19:39+00:00","og_image":[{"url":"https:\/\/rotary.fi\/d1380\/wp-content\/uploads\/sites\/12\/2019\/11\/therotaryfoundation-doinggoodintheworld-300x111.jpg","type":"","width":"","height":""}],"twitter_card":"summary_large_image","twitter_misc":{"Arvioitu lukuaika":"1 minuutti"},"schema":{"@context":"https:\/\/schema.org","@graph":[{"@type":"WebPage","@id":"https:\/\/rotary.fi\/d1380\/koulutus\/","url":"https:\/\/rotary.fi\/d1380\/koulutus\/","name":"Koulutus - Piiri 1380","isPartOf":{"@id":"https:\/\/rotary.fi\/d1380\/#website"},"primaryImageOfPage":{"@id":"https:\/\/rotary.fi\/d1380\/koulutus\/#primaryimage"},"image":{"@id":"https:\/\/rotary.fi\/d1380\/koulutus\/#primaryimage"},"thumbnailUrl":"https:\/\/rotary.fi\/d1380\/wp-content\/uploads\/sites\/12\/2019\/11\/therotaryfoundation-doinggoodintheworld-300x111.jpg","datePublished":"2019-09-16T18:52:28+00:00","dateModified":"2019-11-21T19:19:39+00:00","breadcrumb":{"@id":"https:\/\/rotary.fi\/d1380\/koulutus\/#breadcrumb"},"inLanguage":"fi","potentialAction":[{"@type":"ReadAction","target":["https:\/\/rotary.fi\/d1380\/koulutus\/"]}]},{"@type":"ImageObject","inLanguage":"fi","@id":"https:\/\/rotary.fi\/d1380\/koulutus\/#primaryimage","url":"https:\/\/rotary.fi\/d1380\/wp-content\/uploads\/sites\/12\/2019\/11\/therotaryfoundation-doinggoodintheworld.jpg","contentUrl":"https:\/\/rotary.fi\/d1380\/wp-content\/uploads\/sites\/12\/2019\/11\/therotaryfoundation-doinggoodintheworld.jpg","width":1333,"height":494},{"@type":"BreadcrumbList","@id":"https:\/\/rotary.fi\/d1380\/koulutus\/#breadcrumb","itemListElement":[{"@type":"ListItem","position":1,"name":"Home","item":"https:\/\/rotary.fi\/d1380\/"},{"@type":"ListItem","position":2,"name":"Koulutus"}]},{"@type":"WebSite","@id":"https:\/\/rotary.fi\/d1380\/#website","url":"https:\/\/rotary.fi\/d1380\/","name":"Piiri 1380","description":"Suomen Rotary","potentialAction":[{"@type":"SearchAction","target":{"@type":"EntryPoint","urlTemplate":"https:\/\/rotary.fi\/d1380\/?s={search_term_string}"},"query-input":{"@type":"PropertyValueSpecification","valueRequired":true,"valueName":"search_term_string"}}],"inLanguage":"fi"}]}},"lang":"fi","translations":{"fi":3248},"pll_sync_post":[],"_links":{"self":[{"href":"https:\/\/rotary.fi\/d1380\/wp-json\/wp\/v2\/pages\/3248","targetHints":{"allow":["GET"]}}],"collection":[{"href":"https:\/\/rotary.fi\/d1380\/wp-json\/wp\/v2\/pages"}],"about":[{"href":"https:\/\/rotary.fi\/d1380\/wp-json\/wp\/v2\/types\/page"}],"author":[{"embeddable":true,"href":"https:\/\/rotary.fi\/d1380\/wp-json\/wp\/v2\/users\/90"}],"replies":[{"embeddable":true,"href":"https:\/\/rotary.fi\/d1380\/wp-json\/wp\/v2\/comments?post=3248"}],"version-history":[{"count":49,"href":"https:\/\/rotary.fi\/d1380\/wp-json\/wp\/v2\/pages\/3248\/revisions"}],"predecessor-version":[{"id":3632,"href":"https:\/\/rotary.fi\/d1380\/wp-json\/wp\/v2\/pages\/3248\/revisions\/3632"}],"wp:attachment":[{"href":"https:\/\/rotary.fi\/d1380\/wp-json\/wp\/v2\/media?parent=3248"}],"curies":[{"name":"wp","href":"https:\/\/api.w.org\/{rel}","templated":true}]}}