{"id":2900,"date":"2019-08-21T09:18:21","date_gmt":"2019-08-21T07:18:21","guid":{"rendered":"https:\/\/rotary.fi\/d1380\/?page_id=2900"},"modified":"2019-08-21T09:22:58","modified_gmt":"2019-08-21T07:22:58","slug":"we-are-part-of-rotary-international","status":"publish","type":"page","link":"https:\/\/rotary.fi\/d1380\/en\/rotary-district-xxxx\/we-are-part-of-rotary-international\/","title":{"rendered":"We are part of Rotary International"},"content":{"rendered":"<p>[et_pb_section fb_built=&#8221;1&#8243; module_class=&#8221;jumbotron-page&#8221; _builder_version=&#8221;3.22.3&#8243; background_image=&#8221;https:\/\/rotary.fi\/piirisivusto\/wp-content\/uploads\/sites\/12\/2018\/04\/paakuva_liity_mukaan.jpg&#8221;][et_pb_row module_class=&#8221; et_pb_row_fullwidth&#8221; _builder_version=&#8221;3.25&#8243; width=&#8221;89%&#8221; width_tablet=&#8221;80%&#8221; width_last_edited=&#8221;on|desktop&#8221; max_width=&#8221;89%&#8221; max_width_tablet=&#8221;80%&#8221; max_width_last_edited=&#8221;on|desktop&#8221; make_fullwidth=&#8221;on&#8221;][et_pb_column type=&#8221;4_4&#8243; _builder_version=&#8221;3.25&#8243; custom_padding=&#8221;|||&#8221; custom_padding__hover=&#8221;|||&#8221;][et_pb_text admin_label=&#8221;P\u00e4\u00e4otsikko kuvan p\u00e4\u00e4ll\u00e4: Olemme osa kansainv\u00e4list\u00e4 Rotarya&#8221; _builder_version=&#8221;3.19.5&#8243; text_orientation=&#8221;center&#8221; background_layout=&#8221;dark&#8221; locked=&#8221;off&#8221; collapsed=&#8221;off&#8221;]<\/p>\n<h1>We are part of Rotary International<\/h1>\n<p>[\/et_pb_text][\/et_pb_column][\/et_pb_row][\/et_pb_section][et_pb_section fb_built=&#8221;1&#8243; module_class=&#8221;sisaltoalue_perus&#8221; _builder_version=&#8221;3.22.3&#8243; background_size=&#8221;initial&#8221; background_position=&#8221;top_left&#8221; background_repeat=&#8221;repeat&#8221; box_shadow_style=&#8221;preset6&#8243; box_shadow_blur=&#8221;5px&#8221; custom_padding=&#8221;||40px|&#8221;][et_pb_row custom_padding=&#8221;||40px|&#8221; custom_padding_last_edited=&#8221;on|desktop&#8221; _builder_version=&#8221;3.25&#8243;][et_pb_column type=&#8221;4_4&#8243; _builder_version=&#8221;3.25&#8243; custom_padding=&#8221;|||&#8221; custom_padding__hover=&#8221;|||&#8221;][et_pb_text admin_label=&#8221;P\u00e4\u00e4otsikko ennen sis\u00e4lt\u00f6\u00e4: Rotary International&#8221; _builder_version=&#8221;3.19.5&#8243; text_orientation=&#8221;center&#8221;]<\/p>\n<h1>Rotary International<\/h1>\n<p>[\/et_pb_text][et_pb_text _builder_version=&#8221;3.19.5&#8243;]<\/p>\n<p>Rotary International supports and guides Rotarians and clubs in achieving Rotary ideals and goals. The highest governing body of Rotary International is the Convention, where every club has the right to send an official representative and where every Rotarian has the right to participate. The spokesperson of Rotary International is the president, whose term is one year.<\/p>\n<p>The headquarters of Rotary International are located in Evanston, Illinois, near Chicago. Around 530 people work under the leadership of the Secretary at the Headquarters.<\/p>\n<p>In addition to the World Headquarters, Rotary International has seven international offices in various parts of the globe. The Europe\/Africa office (EAO) in Zurich serves Finnish Rotarians.<\/p>\n<p>[\/et_pb_text][et_pb_button button_url=&#8221;https:\/\/www.rotary.org\/en&#8221; url_new_window=&#8221;on&#8221; button_text=&#8221;Rotary International website&#8221; _builder_version=&#8221;3.25.3&#8243;][\/et_pb_button][\/et_pb_column][\/et_pb_row][\/et_pb_section][et_pb_section fb_built=&#8221;1&#8243; module_class=&#8221;sisaltoalue_valkoinen&#8221; _builder_version=&#8221;3.22.3&#8243; background_size=&#8221;initial&#8221; background_position=&#8221;top_left&#8221; background_repeat=&#8221;repeat&#8221; background_blend=&#8221;overlay&#8221; box_shadow_style=&#8221;preset6&#8243; box_shadow_blur=&#8221;5px&#8221; custom_padding=&#8221;||40px|&#8221;][et_pb_row custom_padding_last_edited=&#8221;on|phone&#8221; _builder_version=&#8221;3.25&#8243;][et_pb_column type=&#8221;4_4&#8243; _builder_version=&#8221;3.25&#8243; custom_padding=&#8221;|||&#8221; custom_padding__hover=&#8221;|||&#8221;][et_pb_text admin_label=&#8221;P\u00e4\u00e4otsikko ennen sis\u00e4lt\u00f6\u00e4: Rotarys\u00e4\u00e4ti\u00f6&#8221; _builder_version=&#8221;3.19.5&#8243; text_orientation=&#8221;center&#8221;]<\/p>\n<h1>The Rotary Foundation<\/h1>\n<p>[\/et_pb_text][et_pb_text _builder_version=&#8221;3.19.5&#8243;]<\/p>\n<p>The Rotary Foundation (TRF) is one of the biggest private charity actors in the world, and is repeatedly ranked high regarding transparency and reliability.<\/p>\n<p>TRF coordinates and finances the global service activities of Rotarians. The work of TRF is based on voluntary donations and capital revenue, which are channelled to training and education projects and humanitarian aid.<\/p>\n<p>An important incentive is the granting of Paul Harris Fellow Awards, one for each donation of one thousand dollars. Globally, over one million PHF Awards have been granted. Paul Harris was the founder of Rotary.<\/p>\n<p>[\/et_pb_text][et_pb_button button_url=&#8221;https:\/\/www.rotary.org\/en\/about-rotary\/rotary-foundation&#8221; url_new_window=&#8221;on&#8221; button_text=&#8221;International Rotary Foundation website&#8221; _builder_version=&#8221;3.25.3&#8243;][\/et_pb_button][\/et_pb_column][\/et_pb_row][\/et_pb_section]<\/p>\n","protected":false},"excerpt":{"rendered":"<p>We are part of Rotary InternationalRotary International Rotary International supports and guides Rotarians and clubs in achieving Rotary ideals and goals. The highest governing body of Rotary International is the Convention, where every club has the right to send an official representative and where every Rotarian has the right to participate. The spokesperson of Rotary [&hellip;]<\/p>\n","protected":false},"author":1,"featured_media":0,"parent":2881,"menu_order":6,"comment_status":"closed","ping_status":"closed","template":"","meta":{"_acf_changed":false,"_et_pb_use_builder":"on","_et_pb_old_content":"","_et_gb_content_width":"","footnotes":""},"class_list":["post-2900","page","type-page","status-publish","hentry"],"acf":[],"yoast_head":"<!-- This site is optimized with the Yoast SEO plugin v27.0 - https:\/\/yoast.com\/product\/yoast-seo-wordpress\/ -->\n<title>We are part of Rotary International - Piiri 1380<\/title>\n<meta name=\"robots\" content=\"index, follow, max-snippet:-1, max-image-preview:large, max-video-preview:-1\" \/>\n<link rel=\"canonical\" href=\"https:\/\/rotary.fi\/d1380\/en\/rotary-district-xxxx\/we-are-part-of-rotary-international\/\" \/>\n<meta property=\"og:locale\" content=\"fi_FI\" \/>\n<meta property=\"og:type\" content=\"article\" \/>\n<meta property=\"og:title\" content=\"We are part of Rotary International - Piiri 1380\" \/>\n<meta property=\"og:description\" content=\"We are part of Rotary InternationalRotary International Rotary International supports and guides Rotarians and clubs in achieving Rotary ideals and goals. The highest governing body of Rotary International is the Convention, where every club has the right to send an official representative and where every Rotarian has the right to participate. The spokesperson of Rotary [&hellip;]\" \/>\n<meta property=\"og:url\" content=\"https:\/\/rotary.fi\/d1380\/en\/rotary-district-xxxx\/we-are-part-of-rotary-international\/\" \/>\n<meta property=\"og:site_name\" content=\"Piiri 1380\" \/>\n<meta property=\"article:publisher\" content=\"https:\/\/www.facebook.com\/rotary\/\" \/>\n<meta property=\"article:modified_time\" content=\"2019-08-21T07:22:58+00:00\" \/>\n<meta name=\"twitter:card\" content=\"summary_large_image\" \/>\n<meta name=\"twitter:label1\" content=\"Arvioitu lukuaika\" \/>\n\t<meta name=\"twitter:data1\" content=\"3 minuuttia\" \/>\n<script type=\"application\/ld+json\" class=\"yoast-schema-graph\">{\"@context\":\"https:\/\/schema.org\",\"@graph\":[{\"@type\":\"WebPage\",\"@id\":\"https:\/\/rotary.fi\/d1380\/en\/rotary-district-xxxx\/we-are-part-of-rotary-international\/\",\"url\":\"https:\/\/rotary.fi\/d1380\/en\/rotary-district-xxxx\/we-are-part-of-rotary-international\/\",\"name\":\"We are part of Rotary International - Piiri 1380\",\"isPartOf\":{\"@id\":\"https:\/\/rotary.fi\/d1380\/#website\"},\"datePublished\":\"2019-08-21T07:18:21+00:00\",\"dateModified\":\"2019-08-21T07:22:58+00:00\",\"breadcrumb\":{\"@id\":\"https:\/\/rotary.fi\/d1380\/en\/rotary-district-xxxx\/we-are-part-of-rotary-international\/#breadcrumb\"},\"inLanguage\":\"fi\",\"potentialAction\":[{\"@type\":\"ReadAction\",\"target\":[\"https:\/\/rotary.fi\/d1380\/en\/rotary-district-xxxx\/we-are-part-of-rotary-international\/\"]}]},{\"@type\":\"BreadcrumbList\",\"@id\":\"https:\/\/rotary.fi\/d1380\/en\/rotary-district-xxxx\/we-are-part-of-rotary-international\/#breadcrumb\",\"itemListElement\":[{\"@type\":\"ListItem\",\"position\":1,\"name\":\"Home\",\"item\":\"https:\/\/rotary.fi\/d1380\/\"},{\"@type\":\"ListItem\",\"position\":2,\"name\":\"Rotary District 1380\",\"item\":\"https:\/\/rotary.fi\/d1380\/en\/rotary-district-xxxx\/\"},{\"@type\":\"ListItem\",\"position\":3,\"name\":\"We are part of Rotary International\"}]},{\"@type\":\"WebSite\",\"@id\":\"https:\/\/rotary.fi\/d1380\/#website\",\"url\":\"https:\/\/rotary.fi\/d1380\/\",\"name\":\"Piiri 1380\",\"description\":\"Suomen Rotary\",\"potentialAction\":[{\"@type\":\"SearchAction\",\"target\":{\"@type\":\"EntryPoint\",\"urlTemplate\":\"https:\/\/rotary.fi\/d1380\/?s={search_term_string}\"},\"query-input\":{\"@type\":\"PropertyValueSpecification\",\"valueRequired\":true,\"valueName\":\"search_term_string\"}}],\"inLanguage\":\"fi\"}]}<\/script>\n<!-- \/ Yoast SEO plugin. -->","yoast_head_json":{"title":"We are part of Rotary International - Piiri 1380","robots":{"index":"index","follow":"follow","max-snippet":"max-snippet:-1","max-image-preview":"max-image-preview:large","max-video-preview":"max-video-preview:-1"},"canonical":"https:\/\/rotary.fi\/d1380\/en\/rotary-district-xxxx\/we-are-part-of-rotary-international\/","og_locale":"fi_FI","og_type":"article","og_title":"We are part of Rotary International - Piiri 1380","og_description":"We are part of Rotary InternationalRotary International Rotary International supports and guides Rotarians and clubs in achieving Rotary ideals and goals. The highest governing body of Rotary International is the Convention, where every club has the right to send an official representative and where every Rotarian has the right to participate. The spokesperson of Rotary [&hellip;]","og_url":"https:\/\/rotary.fi\/d1380\/en\/rotary-district-xxxx\/we-are-part-of-rotary-international\/","og_site_name":"Piiri 1380","article_publisher":"https:\/\/www.facebook.com\/rotary\/","article_modified_time":"2019-08-21T07:22:58+00:00","twitter_card":"summary_large_image","twitter_misc":{"Arvioitu lukuaika":"3 minuuttia"},"schema":{"@context":"https:\/\/schema.org","@graph":[{"@type":"WebPage","@id":"https:\/\/rotary.fi\/d1380\/en\/rotary-district-xxxx\/we-are-part-of-rotary-international\/","url":"https:\/\/rotary.fi\/d1380\/en\/rotary-district-xxxx\/we-are-part-of-rotary-international\/","name":"We are part of Rotary International - Piiri 1380","isPartOf":{"@id":"https:\/\/rotary.fi\/d1380\/#website"},"datePublished":"2019-08-21T07:18:21+00:00","dateModified":"2019-08-21T07:22:58+00:00","breadcrumb":{"@id":"https:\/\/rotary.fi\/d1380\/en\/rotary-district-xxxx\/we-are-part-of-rotary-international\/#breadcrumb"},"inLanguage":"fi","potentialAction":[{"@type":"ReadAction","target":["https:\/\/rotary.fi\/d1380\/en\/rotary-district-xxxx\/we-are-part-of-rotary-international\/"]}]},{"@type":"BreadcrumbList","@id":"https:\/\/rotary.fi\/d1380\/en\/rotary-district-xxxx\/we-are-part-of-rotary-international\/#breadcrumb","itemListElement":[{"@type":"ListItem","position":1,"name":"Home","item":"https:\/\/rotary.fi\/d1380\/"},{"@type":"ListItem","position":2,"name":"Rotary District 1380","item":"https:\/\/rotary.fi\/d1380\/en\/rotary-district-xxxx\/"},{"@type":"ListItem","position":3,"name":"We are part of Rotary International"}]},{"@type":"WebSite","@id":"https:\/\/rotary.fi\/d1380\/#website","url":"https:\/\/rotary.fi\/d1380\/","name":"Piiri 1380","description":"Suomen Rotary","potentialAction":[{"@type":"SearchAction","target":{"@type":"EntryPoint","urlTemplate":"https:\/\/rotary.fi\/d1380\/?s={search_term_string}"},"query-input":{"@type":"PropertyValueSpecification","valueRequired":true,"valueName":"search_term_string"}}],"inLanguage":"fi"}]}},"lang":"en","translations":{"en":2900,"sv":2653,"fi":2102},"pll_sync_post":[],"_links":{"self":[{"href":"https:\/\/rotary.fi\/d1380\/wp-json\/wp\/v2\/pages\/2900","targetHints":{"allow":["GET"]}}],"collection":[{"href":"https:\/\/rotary.fi\/d1380\/wp-json\/wp\/v2\/pages"}],"about":[{"href":"https:\/\/rotary.fi\/d1380\/wp-json\/wp\/v2\/types\/page"}],"author":[{"embeddable":true,"href":"https:\/\/rotary.fi\/d1380\/wp-json\/wp\/v2\/users\/1"}],"replies":[{"embeddable":true,"href":"https:\/\/rotary.fi\/d1380\/wp-json\/wp\/v2\/comments?post=2900"}],"version-history":[{"count":2,"href":"https:\/\/rotary.fi\/d1380\/wp-json\/wp\/v2\/pages\/2900\/revisions"}],"predecessor-version":[{"id":2903,"href":"https:\/\/rotary.fi\/d1380\/wp-json\/wp\/v2\/pages\/2900\/revisions\/2903"}],"up":[{"embeddable":true,"href":"https:\/\/rotary.fi\/d1380\/wp-json\/wp\/v2\/pages\/2881"}],"wp:attachment":[{"href":"https:\/\/rotary.fi\/d1380\/wp-json\/wp\/v2\/media?parent=2900"}],"curies":[{"name":"wp","href":"https:\/\/api.w.org\/{rel}","templated":true}]}}