{"id":2730,"date":"2019-08-13T14:41:07","date_gmt":"2019-08-13T12:41:07","guid":{"rendered":"https:\/\/rotary.fi\/d1380\/?page_id=2730"},"modified":"2019-11-21T13:51:46","modified_gmt":"2019-11-21T11:51:46","slug":"ryla-2","status":"publish","type":"page","link":"https:\/\/rotary.fi\/d1380\/sv\/intresserad-av-att-bli-medlem\/ryla-2\/","title":{"rendered":"Rotary Youth Leadership Awards"},"content":{"rendered":"<p>[et_pb_section fb_built=&#8221;1&#8243; module_class=&#8221;jumbotron-page&#8221; _builder_version=&#8221;3.22.3&#8243; background_image=&#8221;http:\/\/rotary.fi\/piirisivusto\/wp-content\/uploads\/sites\/12\/2018\/04\/paakuva_ryla.jpg&#8221;][et_pb_row module_class=&#8221; et_pb_row_fullwidth et_pb_row_fullwidth&#8221; _builder_version=&#8221;3.25&#8243; width=&#8221;89%&#8221; width_tablet=&#8221;80%&#8221; width_phone=&#8221;&#8221; width_last_edited=&#8221;on|desktop&#8221; max_width=&#8221;89%&#8221; max_width_tablet=&#8221;80%&#8221; max_width_phone=&#8221;&#8221; max_width_last_edited=&#8221;on|desktop&#8221; make_fullwidth=&#8221;on&#8221;][et_pb_column type=&#8221;4_4&#8243; _builder_version=&#8221;3.25&#8243; custom_padding=&#8221;|||&#8221; custom_padding__hover=&#8221;|||&#8221;][et_pb_text admin_label=&#8221;Rotary Youth Leadership Awards&#8221; _builder_version=&#8221;3.27.4&#8243; text_orientation=&#8221;center&#8221; background_layout=&#8221;dark&#8221; z_index_tablet=&#8221;500&#8243; text_text_shadow_horizontal_length_tablet=&#8221;0px&#8221; text_text_shadow_vertical_length_tablet=&#8221;0px&#8221; text_text_shadow_blur_strength_tablet=&#8221;1px&#8221; link_text_shadow_horizontal_length_tablet=&#8221;0px&#8221; link_text_shadow_vertical_length_tablet=&#8221;0px&#8221; link_text_shadow_blur_strength_tablet=&#8221;1px&#8221; ul_text_shadow_horizontal_length_tablet=&#8221;0px&#8221; ul_text_shadow_vertical_length_tablet=&#8221;0px&#8221; ul_text_shadow_blur_strength_tablet=&#8221;1px&#8221; ol_text_shadow_horizontal_length_tablet=&#8221;0px&#8221; ol_text_shadow_vertical_length_tablet=&#8221;0px&#8221; ol_text_shadow_blur_strength_tablet=&#8221;1px&#8221; quote_text_shadow_horizontal_length_tablet=&#8221;0px&#8221; quote_text_shadow_vertical_length_tablet=&#8221;0px&#8221; quote_text_shadow_blur_strength_tablet=&#8221;1px&#8221; header_text_shadow_horizontal_length_tablet=&#8221;0px&#8221; header_text_shadow_vertical_length_tablet=&#8221;0px&#8221; header_text_shadow_blur_strength_tablet=&#8221;1px&#8221; header_2_text_shadow_horizontal_length_tablet=&#8221;0px&#8221; header_2_text_shadow_vertical_length_tablet=&#8221;0px&#8221; header_2_text_shadow_blur_strength_tablet=&#8221;1px&#8221; header_3_text_shadow_horizontal_length_tablet=&#8221;0px&#8221; header_3_text_shadow_vertical_length_tablet=&#8221;0px&#8221; header_3_text_shadow_blur_strength_tablet=&#8221;1px&#8221; header_4_text_shadow_horizontal_length_tablet=&#8221;0px&#8221; header_4_text_shadow_vertical_length_tablet=&#8221;0px&#8221; header_4_text_shadow_blur_strength_tablet=&#8221;1px&#8221; header_5_text_shadow_horizontal_length_tablet=&#8221;0px&#8221; header_5_text_shadow_vertical_length_tablet=&#8221;0px&#8221; header_5_text_shadow_blur_strength_tablet=&#8221;1px&#8221; header_6_text_shadow_horizontal_length_tablet=&#8221;0px&#8221; header_6_text_shadow_vertical_length_tablet=&#8221;0px&#8221; header_6_text_shadow_blur_strength_tablet=&#8221;1px&#8221; box_shadow_horizontal_tablet=&#8221;0px&#8221; box_shadow_vertical_tablet=&#8221;0px&#8221; box_shadow_blur_tablet=&#8221;40px&#8221; box_shadow_spread_tablet=&#8221;0px&#8221;]<\/p>\n<h1>Rotary Youth Leadership Awards<\/h1>\n<p>[\/et_pb_text][\/et_pb_column][\/et_pb_row][\/et_pb_section][et_pb_section fb_built=&#8221;1&#8243; _builder_version=&#8221;3.22.3&#8243; inner_width_tablet=&#8221;50px&#8221; inner_max_width_tablet=&#8221;50px&#8221; custom_margin=&#8221;||40px|&#8221; z_index_tablet=&#8221;500&#8243;][et_pb_row custom_padding_last_edited=&#8221;on|phone&#8221; _builder_version=&#8221;3.25&#8243; custom_padding_tablet=&#8221;&#8221; custom_padding_phone=&#8221;&#8221;][et_pb_column type=&#8221;4_4&#8243; _builder_version=&#8221;3.25&#8243; custom_padding=&#8221;|||&#8221; custom_padding__hover=&#8221;|||&#8221;][et_pb_text admin_label=&#8221;Unga blir etiska ledare ock aktiva medborgare&#8221; _builder_version=&#8221;3.27.4&#8243; text_orientation=&#8221;center&#8221; z_index_tablet=&#8221;500&#8243; text_text_shadow_horizontal_length_tablet=&#8221;0px&#8221; text_text_shadow_vertical_length_tablet=&#8221;0px&#8221; text_text_shadow_blur_strength_tablet=&#8221;1px&#8221; link_text_shadow_horizontal_length_tablet=&#8221;0px&#8221; link_text_shadow_vertical_length_tablet=&#8221;0px&#8221; link_text_shadow_blur_strength_tablet=&#8221;1px&#8221; ul_text_shadow_horizontal_length_tablet=&#8221;0px&#8221; ul_text_shadow_vertical_length_tablet=&#8221;0px&#8221; ul_text_shadow_blur_strength_tablet=&#8221;1px&#8221; ol_text_shadow_horizontal_length_tablet=&#8221;0px&#8221; ol_text_shadow_vertical_length_tablet=&#8221;0px&#8221; ol_text_shadow_blur_strength_tablet=&#8221;1px&#8221; quote_text_shadow_horizontal_length_tablet=&#8221;0px&#8221; quote_text_shadow_vertical_length_tablet=&#8221;0px&#8221; quote_text_shadow_blur_strength_tablet=&#8221;1px&#8221; header_text_shadow_horizontal_length_tablet=&#8221;0px&#8221; header_text_shadow_vertical_length_tablet=&#8221;0px&#8221; header_text_shadow_blur_strength_tablet=&#8221;1px&#8221; header_2_text_shadow_horizontal_length_tablet=&#8221;0px&#8221; header_2_text_shadow_vertical_length_tablet=&#8221;0px&#8221; header_2_text_shadow_blur_strength_tablet=&#8221;1px&#8221; header_3_text_shadow_horizontal_length_tablet=&#8221;0px&#8221; header_3_text_shadow_vertical_length_tablet=&#8221;0px&#8221; header_3_text_shadow_blur_strength_tablet=&#8221;1px&#8221; header_4_text_shadow_horizontal_length_tablet=&#8221;0px&#8221; header_4_text_shadow_vertical_length_tablet=&#8221;0px&#8221; header_4_text_shadow_blur_strength_tablet=&#8221;1px&#8221; header_5_text_shadow_horizontal_length_tablet=&#8221;0px&#8221; header_5_text_shadow_vertical_length_tablet=&#8221;0px&#8221; header_5_text_shadow_blur_strength_tablet=&#8221;1px&#8221; header_6_text_shadow_horizontal_length_tablet=&#8221;0px&#8221; header_6_text_shadow_vertical_length_tablet=&#8221;0px&#8221; header_6_text_shadow_blur_strength_tablet=&#8221;1px&#8221; box_shadow_horizontal_tablet=&#8221;0px&#8221; box_shadow_vertical_tablet=&#8221;0px&#8221; box_shadow_blur_tablet=&#8221;40px&#8221; box_shadow_spread_tablet=&#8221;0px&#8221;]<\/p>\n<h1>Unga blir etiska ledare ock aktiva medborgare<\/h1>\n<p>[\/et_pb_text][et_pb_text _builder_version=&#8221;3.27.4&#8243; z_index_tablet=&#8221;500&#8243; text_text_shadow_horizontal_length_tablet=&#8221;0px&#8221; text_text_shadow_vertical_length_tablet=&#8221;0px&#8221; text_text_shadow_blur_strength_tablet=&#8221;1px&#8221; link_text_shadow_horizontal_length_tablet=&#8221;0px&#8221; link_text_shadow_vertical_length_tablet=&#8221;0px&#8221; link_text_shadow_blur_strength_tablet=&#8221;1px&#8221; ul_text_shadow_horizontal_length_tablet=&#8221;0px&#8221; ul_text_shadow_vertical_length_tablet=&#8221;0px&#8221; ul_text_shadow_blur_strength_tablet=&#8221;1px&#8221; ol_text_shadow_horizontal_length_tablet=&#8221;0px&#8221; ol_text_shadow_vertical_length_tablet=&#8221;0px&#8221; ol_text_shadow_blur_strength_tablet=&#8221;1px&#8221; quote_text_shadow_horizontal_length_tablet=&#8221;0px&#8221; quote_text_shadow_vertical_length_tablet=&#8221;0px&#8221; quote_text_shadow_blur_strength_tablet=&#8221;1px&#8221; header_text_shadow_horizontal_length_tablet=&#8221;0px&#8221; header_text_shadow_vertical_length_tablet=&#8221;0px&#8221; header_text_shadow_blur_strength_tablet=&#8221;1px&#8221; header_2_text_shadow_horizontal_length_tablet=&#8221;0px&#8221; header_2_text_shadow_vertical_length_tablet=&#8221;0px&#8221; header_2_text_shadow_blur_strength_tablet=&#8221;1px&#8221; header_3_text_shadow_horizontal_length_tablet=&#8221;0px&#8221; header_3_text_shadow_vertical_length_tablet=&#8221;0px&#8221; header_3_text_shadow_blur_strength_tablet=&#8221;1px&#8221; header_4_text_shadow_horizontal_length_tablet=&#8221;0px&#8221; header_4_text_shadow_vertical_length_tablet=&#8221;0px&#8221; header_4_text_shadow_blur_strength_tablet=&#8221;1px&#8221; header_5_text_shadow_horizontal_length_tablet=&#8221;0px&#8221; header_5_text_shadow_vertical_length_tablet=&#8221;0px&#8221; header_5_text_shadow_blur_strength_tablet=&#8221;1px&#8221; header_6_text_shadow_horizontal_length_tablet=&#8221;0px&#8221; header_6_text_shadow_vertical_length_tablet=&#8221;0px&#8221; header_6_text_shadow_blur_strength_tablet=&#8221;1px&#8221; box_shadow_horizontal_tablet=&#8221;0px&#8221; box_shadow_vertical_tablet=&#8221;0px&#8221; box_shadow_blur_tablet=&#8221;40px&#8221; box_shadow_spread_tablet=&#8221;0px&#8221;]<\/p>\n<p>Inspirerande f\u00f6redrag, sakkunskap, st\u00f6d f\u00f6r personlig utveckling, social verksamhet: allt detta och mer d\u00e4rtill kan Rotarys utbildning inom RYLA (Rotary Youth Leadership Awards) inneb\u00e4ra.<\/p>\n<p>Utbildningen \u00e4r avsedd f\u00f6r aktiva unga i \u00e5ldern 14-30, som vill bekanta sig med ledarskap: utveckla sin f\u00f6rm\u00e5ga att fatta beslut, ta initiativ och samverka interaktivt, samt f\u00f6rm\u00e5gan att presentera sina synpunkter klart och effektfullt. P\u00e5 RYLA-seminarierna ber\u00e4ttar sakkunniga inom olika omr\u00e5den om sina erfarenheter av och tankar om ledarskap. Avsikten med RYLA-utbildningen \u00e4r att uppmuntra unga till att ta rollen som ledare och skola dem till att bli aktiva medborgare som agerar etiskt.<\/p>\n<p>RYLA-utbildningen ordnas av enskilda klubbar eller flera klubbar tillsammans, eller av ett rotarydistrikt. RYLA:s samarbetspartner kan vara en skola eller en annan organisation. Deltagarna utses efter ans\u00f6kan eller i samr\u00e5d med samarbetspartnern.<\/p>\n<p>Tveka inte att ta kontakt med rotaryklubbarna i ditt omr\u00e5de f\u00f6r att fr\u00e5ga om RYLA-utbildningar d\u00e4r.<\/p>\n<h4>Ta kontakt:<\/h4>\n<p>Distrikt 1380 RYLA\u00a0<span>Ordf\u00f6randen<\/span><br \/><b>Jyrki Oksanen <\/b>(Ilmajoki)<br \/>Tel. 0400 100 773<br \/>jyrki.oksanen (at) netikka.fi<\/p>\n<p>[\/et_pb_text][\/et_pb_column][\/et_pb_row][\/et_pb_section]<\/p>\n","protected":false},"excerpt":{"rendered":"<p>Rotary Youth Leadership Awards Unga blir etiska ledare ock aktiva medborgare Inspirerande f\u00f6redrag, sakkunskap, st\u00f6d f\u00f6r personlig utveckling, social verksamhet: allt detta och mer d\u00e4rtill kan Rotarys utbildning inom RYLA (Rotary Youth Leadership Awards) inneb\u00e4ra. Utbildningen \u00e4r avsedd f\u00f6r aktiva unga i \u00e5ldern 14-30, som vill bekanta sig med ledarskap: utveckla sin f\u00f6rm\u00e5ga att fatta [&hellip;]<\/p>\n","protected":false},"author":1,"featured_media":0,"parent":2710,"menu_order":1,"comment_status":"closed","ping_status":"closed","template":"","meta":{"_acf_changed":false,"_et_pb_use_builder":"on","_et_pb_old_content":"","_et_gb_content_width":"","footnotes":""},"class_list":["post-2730","page","type-page","status-publish","hentry"],"acf":[],"yoast_head":"<!-- This site is optimized with the Yoast SEO plugin v27.0 - https:\/\/yoast.com\/product\/yoast-seo-wordpress\/ -->\n<title>Rotary Youth Leadership Awards - Piiri 1380<\/title>\n<meta name=\"robots\" content=\"index, follow, max-snippet:-1, max-image-preview:large, max-video-preview:-1\" \/>\n<link rel=\"canonical\" href=\"https:\/\/rotary.fi\/d1380\/sv\/intresserad-av-att-bli-medlem\/ryla-2\/\" \/>\n<meta property=\"og:locale\" content=\"fi_FI\" \/>\n<meta property=\"og:type\" content=\"article\" \/>\n<meta property=\"og:title\" content=\"Rotary Youth Leadership Awards - Piiri 1380\" \/>\n<meta property=\"og:description\" content=\"Rotary Youth Leadership Awards Unga blir etiska ledare ock aktiva medborgare Inspirerande f\u00f6redrag, sakkunskap, st\u00f6d f\u00f6r personlig utveckling, social verksamhet: allt detta och mer d\u00e4rtill kan Rotarys utbildning inom RYLA (Rotary Youth Leadership Awards) inneb\u00e4ra. Utbildningen \u00e4r avsedd f\u00f6r aktiva unga i \u00e5ldern 14-30, som vill bekanta sig med ledarskap: utveckla sin f\u00f6rm\u00e5ga att fatta [&hellip;]\" \/>\n<meta property=\"og:url\" content=\"https:\/\/rotary.fi\/d1380\/sv\/intresserad-av-att-bli-medlem\/ryla-2\/\" \/>\n<meta property=\"og:site_name\" content=\"Piiri 1380\" \/>\n<meta property=\"article:publisher\" content=\"https:\/\/www.facebook.com\/rotary\/\" \/>\n<meta property=\"article:modified_time\" content=\"2019-11-21T11:51:46+00:00\" \/>\n<meta name=\"twitter:card\" content=\"summary_large_image\" \/>\n<meta name=\"twitter:label1\" content=\"Arvioitu lukuaika\" \/>\n\t<meta name=\"twitter:data1\" content=\"6 minuuttia\" \/>\n<script type=\"application\/ld+json\" class=\"yoast-schema-graph\">{\"@context\":\"https:\/\/schema.org\",\"@graph\":[{\"@type\":\"WebPage\",\"@id\":\"https:\/\/rotary.fi\/d1380\/sv\/intresserad-av-att-bli-medlem\/ryla-2\/\",\"url\":\"https:\/\/rotary.fi\/d1380\/sv\/intresserad-av-att-bli-medlem\/ryla-2\/\",\"name\":\"Rotary Youth Leadership Awards - Piiri 1380\",\"isPartOf\":{\"@id\":\"https:\/\/rotary.fi\/d1380\/#website\"},\"datePublished\":\"2019-08-13T12:41:07+00:00\",\"dateModified\":\"2019-11-21T11:51:46+00:00\",\"breadcrumb\":{\"@id\":\"https:\/\/rotary.fi\/d1380\/sv\/intresserad-av-att-bli-medlem\/ryla-2\/#breadcrumb\"},\"inLanguage\":\"fi\",\"potentialAction\":[{\"@type\":\"ReadAction\",\"target\":[\"https:\/\/rotary.fi\/d1380\/sv\/intresserad-av-att-bli-medlem\/ryla-2\/\"]}]},{\"@type\":\"BreadcrumbList\",\"@id\":\"https:\/\/rotary.fi\/d1380\/sv\/intresserad-av-att-bli-medlem\/ryla-2\/#breadcrumb\",\"itemListElement\":[{\"@type\":\"ListItem\",\"position\":1,\"name\":\"Home\",\"item\":\"https:\/\/rotary.fi\/d1380\/\"},{\"@type\":\"ListItem\",\"position\":2,\"name\":\"Intresserad av att bli medlem?\",\"item\":\"https:\/\/rotary.fi\/d1380\/sv\/intresserad-av-att-bli-medlem\/\"},{\"@type\":\"ListItem\",\"position\":3,\"name\":\"Rotary Youth Leadership Awards\"}]},{\"@type\":\"WebSite\",\"@id\":\"https:\/\/rotary.fi\/d1380\/#website\",\"url\":\"https:\/\/rotary.fi\/d1380\/\",\"name\":\"Piiri 1380\",\"description\":\"Suomen Rotary\",\"potentialAction\":[{\"@type\":\"SearchAction\",\"target\":{\"@type\":\"EntryPoint\",\"urlTemplate\":\"https:\/\/rotary.fi\/d1380\/?s={search_term_string}\"},\"query-input\":{\"@type\":\"PropertyValueSpecification\",\"valueRequired\":true,\"valueName\":\"search_term_string\"}}],\"inLanguage\":\"fi\"}]}<\/script>\n<!-- \/ Yoast SEO plugin. -->","yoast_head_json":{"title":"Rotary Youth Leadership Awards - Piiri 1380","robots":{"index":"index","follow":"follow","max-snippet":"max-snippet:-1","max-image-preview":"max-image-preview:large","max-video-preview":"max-video-preview:-1"},"canonical":"https:\/\/rotary.fi\/d1380\/sv\/intresserad-av-att-bli-medlem\/ryla-2\/","og_locale":"fi_FI","og_type":"article","og_title":"Rotary Youth Leadership Awards - Piiri 1380","og_description":"Rotary Youth Leadership Awards Unga blir etiska ledare ock aktiva medborgare Inspirerande f\u00f6redrag, sakkunskap, st\u00f6d f\u00f6r personlig utveckling, social verksamhet: allt detta och mer d\u00e4rtill kan Rotarys utbildning inom RYLA (Rotary Youth Leadership Awards) inneb\u00e4ra. Utbildningen \u00e4r avsedd f\u00f6r aktiva unga i \u00e5ldern 14-30, som vill bekanta sig med ledarskap: utveckla sin f\u00f6rm\u00e5ga att fatta [&hellip;]","og_url":"https:\/\/rotary.fi\/d1380\/sv\/intresserad-av-att-bli-medlem\/ryla-2\/","og_site_name":"Piiri 1380","article_publisher":"https:\/\/www.facebook.com\/rotary\/","article_modified_time":"2019-11-21T11:51:46+00:00","twitter_card":"summary_large_image","twitter_misc":{"Arvioitu lukuaika":"6 minuuttia"},"schema":{"@context":"https:\/\/schema.org","@graph":[{"@type":"WebPage","@id":"https:\/\/rotary.fi\/d1380\/sv\/intresserad-av-att-bli-medlem\/ryla-2\/","url":"https:\/\/rotary.fi\/d1380\/sv\/intresserad-av-att-bli-medlem\/ryla-2\/","name":"Rotary Youth Leadership Awards - Piiri 1380","isPartOf":{"@id":"https:\/\/rotary.fi\/d1380\/#website"},"datePublished":"2019-08-13T12:41:07+00:00","dateModified":"2019-11-21T11:51:46+00:00","breadcrumb":{"@id":"https:\/\/rotary.fi\/d1380\/sv\/intresserad-av-att-bli-medlem\/ryla-2\/#breadcrumb"},"inLanguage":"fi","potentialAction":[{"@type":"ReadAction","target":["https:\/\/rotary.fi\/d1380\/sv\/intresserad-av-att-bli-medlem\/ryla-2\/"]}]},{"@type":"BreadcrumbList","@id":"https:\/\/rotary.fi\/d1380\/sv\/intresserad-av-att-bli-medlem\/ryla-2\/#breadcrumb","itemListElement":[{"@type":"ListItem","position":1,"name":"Home","item":"https:\/\/rotary.fi\/d1380\/"},{"@type":"ListItem","position":2,"name":"Intresserad av att bli medlem?","item":"https:\/\/rotary.fi\/d1380\/sv\/intresserad-av-att-bli-medlem\/"},{"@type":"ListItem","position":3,"name":"Rotary Youth Leadership Awards"}]},{"@type":"WebSite","@id":"https:\/\/rotary.fi\/d1380\/#website","url":"https:\/\/rotary.fi\/d1380\/","name":"Piiri 1380","description":"Suomen Rotary","potentialAction":[{"@type":"SearchAction","target":{"@type":"EntryPoint","urlTemplate":"https:\/\/rotary.fi\/d1380\/?s={search_term_string}"},"query-input":{"@type":"PropertyValueSpecification","valueRequired":true,"valueName":"search_term_string"}}],"inLanguage":"fi"}]}},"lang":"sv","translations":{"sv":2730,"fi":508,"en":2997},"pll_sync_post":[],"_links":{"self":[{"href":"https:\/\/rotary.fi\/d1380\/wp-json\/wp\/v2\/pages\/2730","targetHints":{"allow":["GET"]}}],"collection":[{"href":"https:\/\/rotary.fi\/d1380\/wp-json\/wp\/v2\/pages"}],"about":[{"href":"https:\/\/rotary.fi\/d1380\/wp-json\/wp\/v2\/types\/page"}],"author":[{"embeddable":true,"href":"https:\/\/rotary.fi\/d1380\/wp-json\/wp\/v2\/users\/1"}],"replies":[{"embeddable":true,"href":"https:\/\/rotary.fi\/d1380\/wp-json\/wp\/v2\/comments?post=2730"}],"version-history":[{"count":3,"href":"https:\/\/rotary.fi\/d1380\/wp-json\/wp\/v2\/pages\/2730\/revisions"}],"predecessor-version":[{"id":3619,"href":"https:\/\/rotary.fi\/d1380\/wp-json\/wp\/v2\/pages\/2730\/revisions\/3619"}],"up":[{"embeddable":true,"href":"https:\/\/rotary.fi\/d1380\/wp-json\/wp\/v2\/pages\/2710"}],"wp:attachment":[{"href":"https:\/\/rotary.fi\/d1380\/wp-json\/wp\/v2\/media?parent=2730"}],"curies":[{"name":"wp","href":"https:\/\/api.w.org\/{rel}","templated":true}]}}