{"id":2287,"date":"2019-05-02T12:02:11","date_gmt":"2019-05-02T10:02:11","guid":{"rendered":"https:\/\/rotary.fi\/piirisivusto\/?page_id=2287"},"modified":"2024-04-18T08:44:20","modified_gmt":"2024-04-18T06:44:20","slug":"pohjois-euroopan-rotaryvyohyke","status":"publish","type":"page","link":"https:\/\/rotary.fi\/d1380\/rotarypiiri1380\/pohjois-euroopan-rotaryvyohyke\/","title":{"rendered":"Pohjois-Euroopan rotaryvy\u00f6hyke"},"content":{"rendered":"<p>[et_pb_section fb_built=&#8221;1&#8243; module_class=&#8221;jumbotron-page&#8221; _builder_version=&#8221;4.16&#8243; background_image=&#8221;https:\/\/rotary.fi\/piirisivusto\/wp-content\/uploads\/sites\/12\/2018\/02\/paakuva-sisasivu1.jpg&#8221; global_colors_info=&#8221;{}&#8221;][et_pb_row module_class=&#8221; et_pb_row_fullwidth et_pb_row_fullwidth et_pb_row_fullwidth et_pb_row_fullwidth et_pb_row_fullwidth et_pb_row_fullwidth&#8221; _builder_version=&#8221;4.16&#8243; width=&#8221;89%&#8221; width_tablet=&#8221;80%&#8221; width_phone=&#8221;&#8221; width_last_edited=&#8221;on|desktop&#8221; max_width=&#8221;89%&#8221; max_width_tablet=&#8221;80%&#8221; max_width_phone=&#8221;&#8221; max_width_last_edited=&#8221;on|desktop&#8221; make_fullwidth=&#8221;on&#8221; global_colors_info=&#8221;{}&#8221;][et_pb_column type=&#8221;4_4&#8243; _builder_version=&#8221;4.16&#8243; custom_padding=&#8221;|||&#8221; global_colors_info=&#8221;{}&#8221; custom_padding__hover=&#8221;|||&#8221;][et_pb_text admin_label=&#8221;P\u00e4\u00e4otsikko kuvan p\u00e4\u00e4ll\u00e4: Pohjois-Euroopan rotaryvy\u00f6hyke&#8221; _builder_version=&#8221;4.16&#8243; text_orientation=&#8221;center&#8221; background_layout=&#8221;dark&#8221; z_index_tablet=&#8221;500&#8243; locked=&#8221;off&#8221; collapsed=&#8221;off&#8221; global_colors_info=&#8221;{}&#8221;]<\/p>\n<h1>Pohjois-Euroopan rotaryvy\u00f6hyke<\/h1>\n<p>[\/et_pb_text][\/et_pb_column][\/et_pb_row][\/et_pb_section][et_pb_section fb_built=&#8221;1&#8243; module_class=&#8221;sisaltoalue_perus&#8221; _builder_version=&#8221;4.16&#8243; custom_margin=&#8221;||40px|&#8221; global_colors_info=&#8221;{}&#8221;][et_pb_row column_structure=&#8221;1_2,1_2&#8243; custom_padding_last_edited=&#8221;on|phone&#8221; _builder_version=&#8221;4.16&#8243; custom_padding_tablet=&#8221;&#8221; custom_padding_phone=&#8221;&#8221; global_colors_info=&#8221;{}&#8221;][et_pb_column type=&#8221;1_2&#8243; _builder_version=&#8221;4.16&#8243; custom_padding=&#8221;|||&#8221; global_colors_info=&#8221;{}&#8221; custom_padding__hover=&#8221;|||&#8221;][et_pb_text admin_label=&#8221;P\u00e4\u00e4otsikko ennen sis\u00e4lt\u00f6\u00e4: Pohjois-Euroopan rotaryvy\u00f6hyke&#8221; _builder_version=&#8221;4.16&#8243; text_orientation=&#8221;center&#8221; z_index_tablet=&#8221;500&#8243; global_colors_info=&#8221;{}&#8221;]<\/p>\n<h1>Pohjois-Euroopan rotaryvy\u00f6hyke<\/h1>\n<p>[\/et_pb_text][et_pb_text _builder_version=&#8221;4.16&#8243; z_index_tablet=&#8221;500&#8243; box_shadow_horizontal_tablet=&#8221;0px&#8221; box_shadow_vertical_tablet=&#8221;0px&#8221; box_shadow_blur_tablet=&#8221;40px&#8221; box_shadow_spread_tablet=&#8221;0px&#8221; global_colors_info=&#8221;{}&#8221;]<\/p>\n<p>Rotary on jaettu maailmanlaajuisesti 34 vy\u00f6hykkeeseen (Zone). Suomi kuuluu Pohjois-Euroopan rotaryvy\u00f6hykkeeseen numero 17.<\/p>\n<p><strong><a href=\"http:\/\/ROTARYZONES17-18.ORG\">ROTARYZONES17-18.ORG<\/a><\/strong><\/p>\n<p>Z\u00fcrichissa sijaitseva Rotary Internationalin alainen Euroopan ja Afrikan aluetoimisto (EAO) palvelee suomalaisia ja virolaisia rotareita. Z\u00fcrichin toimistossa ty\u00f6skentelev\u00e4 Sari Miettinen palvelee klubeja ja piirej\u00e4 suomeksi, ruotsiksi, saksaksi ja englanniksi.<\/p>\n<p>Z\u00fcrichin aluetoimiston <a href=\"https:\/\/rotary.fi\/ota-yhteytta\/zurichin-toimisto\/\" target=\"_blank\" rel=\"noopener noreferrer\">yhteystiedot<\/a><\/p>\n<p>[\/et_pb_text][\/et_pb_column][et_pb_column type=&#8221;1_2&#8243; _builder_version=&#8221;4.16&#8243; custom_padding=&#8221;|||&#8221; global_colors_info=&#8221;{}&#8221; custom_padding__hover=&#8221;|||&#8221;][et_pb_image src=&#8221;https:\/\/rotary.fi\/piirisivusto\/wp-content\/uploads\/sites\/12\/2019\/05\/rotary_pohjois-eurooppa.jpg&#8221; align_tablet=&#8221;center&#8221; align_phone=&#8221;&#8221; align_last_edited=&#8221;on|desktop&#8221; _builder_version=&#8221;4.16&#8243; z_index_tablet=&#8221;500&#8243; border_width_all=&#8221;10px&#8221; border_color_all=&#8221;#ffffff&#8221; box_shadow_style=&#8221;preset1&#8243; box_shadow_blur=&#8221;5px&#8221; global_colors_info=&#8221;{}&#8221;][\/et_pb_image][\/et_pb_column][\/et_pb_row][\/et_pb_section]<\/p>\n","protected":false},"excerpt":{"rendered":"<p>Pohjois-Euroopan rotaryvy\u00f6hyke Pohjois-Euroopan rotaryvy\u00f6hyke Rotary on jaettu maailmanlaajuisesti 34 vy\u00f6hykkeeseen (Zone). Suomi kuuluu Pohjois-Euroopan rotaryvy\u00f6hykkeeseen numero 17. ROTARYZONES17-18.ORG Z\u00fcrichissa sijaitseva Rotary Internationalin alainen Euroopan ja Afrikan aluetoimisto (EAO) palvelee suomalaisia ja virolaisia rotareita. Z\u00fcrichin toimistossa ty\u00f6skentelev\u00e4 Sari Miettinen palvelee klubeja ja piirej\u00e4 suomeksi, ruotsiksi, saksaksi ja englanniksi. Z\u00fcrichin aluetoimiston yhteystiedot<\/p>\n","protected":false},"author":1,"featured_media":0,"parent":2017,"menu_order":5,"comment_status":"closed","ping_status":"closed","template":"","meta":{"_acf_changed":false,"_et_pb_use_builder":"on","_et_pb_old_content":"","_et_gb_content_width":"","footnotes":""},"class_list":["post-2287","page","type-page","status-publish","hentry"],"acf":[],"yoast_head":"<!-- This site is optimized with the Yoast SEO plugin v27.0 - https:\/\/yoast.com\/product\/yoast-seo-wordpress\/ -->\n<title>Pohjois-Euroopan rotaryvy\u00f6hyke - Piiri 1380<\/title>\n<meta name=\"robots\" content=\"index, follow, max-snippet:-1, max-image-preview:large, max-video-preview:-1\" \/>\n<link rel=\"canonical\" href=\"https:\/\/rotary.fi\/d1380\/rotarypiiri1380\/pohjois-euroopan-rotaryvyohyke\/\" \/>\n<meta property=\"og:locale\" content=\"fi_FI\" \/>\n<meta property=\"og:type\" content=\"article\" \/>\n<meta property=\"og:title\" content=\"Pohjois-Euroopan rotaryvy\u00f6hyke - Piiri 1380\" \/>\n<meta property=\"og:description\" content=\"Pohjois-Euroopan rotaryvy\u00f6hyke Pohjois-Euroopan rotaryvy\u00f6hyke Rotary on jaettu maailmanlaajuisesti 34 vy\u00f6hykkeeseen (Zone). Suomi kuuluu Pohjois-Euroopan rotaryvy\u00f6hykkeeseen numero 17. ROTARYZONES17-18.ORG Z\u00fcrichissa sijaitseva Rotary Internationalin alainen Euroopan ja Afrikan aluetoimisto (EAO) palvelee suomalaisia ja virolaisia rotareita. Z\u00fcrichin toimistossa ty\u00f6skentelev\u00e4 Sari Miettinen palvelee klubeja ja piirej\u00e4 suomeksi, ruotsiksi, saksaksi ja englanniksi. Z\u00fcrichin aluetoimiston yhteystiedot\" \/>\n<meta property=\"og:url\" content=\"https:\/\/rotary.fi\/d1380\/rotarypiiri1380\/pohjois-euroopan-rotaryvyohyke\/\" \/>\n<meta property=\"og:site_name\" content=\"Piiri 1380\" \/>\n<meta property=\"article:publisher\" content=\"https:\/\/www.facebook.com\/rotary\/\" \/>\n<meta property=\"article:modified_time\" content=\"2024-04-18T06:44:20+00:00\" \/>\n<meta name=\"twitter:card\" content=\"summary_large_image\" \/>\n<meta name=\"twitter:label1\" content=\"Arvioitu lukuaika\" \/>\n\t<meta name=\"twitter:data1\" content=\"1 minuutti\" \/>\n<script type=\"application\/ld+json\" class=\"yoast-schema-graph\">{\"@context\":\"https:\/\/schema.org\",\"@graph\":[{\"@type\":\"WebPage\",\"@id\":\"https:\/\/rotary.fi\/d1380\/rotarypiiri1380\/pohjois-euroopan-rotaryvyohyke\/\",\"url\":\"https:\/\/rotary.fi\/d1380\/rotarypiiri1380\/pohjois-euroopan-rotaryvyohyke\/\",\"name\":\"Pohjois-Euroopan rotaryvy\u00f6hyke - Piiri 1380\",\"isPartOf\":{\"@id\":\"https:\/\/rotary.fi\/d1380\/#website\"},\"datePublished\":\"2019-05-02T10:02:11+00:00\",\"dateModified\":\"2024-04-18T06:44:20+00:00\",\"breadcrumb\":{\"@id\":\"https:\/\/rotary.fi\/d1380\/rotarypiiri1380\/pohjois-euroopan-rotaryvyohyke\/#breadcrumb\"},\"inLanguage\":\"fi\",\"potentialAction\":[{\"@type\":\"ReadAction\",\"target\":[\"https:\/\/rotary.fi\/d1380\/rotarypiiri1380\/pohjois-euroopan-rotaryvyohyke\/\"]}]},{\"@type\":\"BreadcrumbList\",\"@id\":\"https:\/\/rotary.fi\/d1380\/rotarypiiri1380\/pohjois-euroopan-rotaryvyohyke\/#breadcrumb\",\"itemListElement\":[{\"@type\":\"ListItem\",\"position\":1,\"name\":\"Home\",\"item\":\"https:\/\/rotary.fi\/d1380\/\"},{\"@type\":\"ListItem\",\"position\":2,\"name\":\"Rotarypiiri 1380\",\"item\":\"https:\/\/rotary.fi\/d1380\/rotarypiiri1380\/\"},{\"@type\":\"ListItem\",\"position\":3,\"name\":\"Pohjois-Euroopan rotaryvy\u00f6hyke\"}]},{\"@type\":\"WebSite\",\"@id\":\"https:\/\/rotary.fi\/d1380\/#website\",\"url\":\"https:\/\/rotary.fi\/d1380\/\",\"name\":\"Piiri 1380\",\"description\":\"Suomen Rotary\",\"potentialAction\":[{\"@type\":\"SearchAction\",\"target\":{\"@type\":\"EntryPoint\",\"urlTemplate\":\"https:\/\/rotary.fi\/d1380\/?s={search_term_string}\"},\"query-input\":{\"@type\":\"PropertyValueSpecification\",\"valueRequired\":true,\"valueName\":\"search_term_string\"}}],\"inLanguage\":\"fi\"}]}<\/script>\n<!-- \/ Yoast SEO plugin. -->","yoast_head_json":{"title":"Pohjois-Euroopan rotaryvy\u00f6hyke - Piiri 1380","robots":{"index":"index","follow":"follow","max-snippet":"max-snippet:-1","max-image-preview":"max-image-preview:large","max-video-preview":"max-video-preview:-1"},"canonical":"https:\/\/rotary.fi\/d1380\/rotarypiiri1380\/pohjois-euroopan-rotaryvyohyke\/","og_locale":"fi_FI","og_type":"article","og_title":"Pohjois-Euroopan rotaryvy\u00f6hyke - Piiri 1380","og_description":"Pohjois-Euroopan rotaryvy\u00f6hyke Pohjois-Euroopan rotaryvy\u00f6hyke Rotary on jaettu maailmanlaajuisesti 34 vy\u00f6hykkeeseen (Zone). Suomi kuuluu Pohjois-Euroopan rotaryvy\u00f6hykkeeseen numero 17. ROTARYZONES17-18.ORG Z\u00fcrichissa sijaitseva Rotary Internationalin alainen Euroopan ja Afrikan aluetoimisto (EAO) palvelee suomalaisia ja virolaisia rotareita. Z\u00fcrichin toimistossa ty\u00f6skentelev\u00e4 Sari Miettinen palvelee klubeja ja piirej\u00e4 suomeksi, ruotsiksi, saksaksi ja englanniksi. Z\u00fcrichin aluetoimiston yhteystiedot","og_url":"https:\/\/rotary.fi\/d1380\/rotarypiiri1380\/pohjois-euroopan-rotaryvyohyke\/","og_site_name":"Piiri 1380","article_publisher":"https:\/\/www.facebook.com\/rotary\/","article_modified_time":"2024-04-18T06:44:20+00:00","twitter_card":"summary_large_image","twitter_misc":{"Arvioitu lukuaika":"1 minuutti"},"schema":{"@context":"https:\/\/schema.org","@graph":[{"@type":"WebPage","@id":"https:\/\/rotary.fi\/d1380\/rotarypiiri1380\/pohjois-euroopan-rotaryvyohyke\/","url":"https:\/\/rotary.fi\/d1380\/rotarypiiri1380\/pohjois-euroopan-rotaryvyohyke\/","name":"Pohjois-Euroopan rotaryvy\u00f6hyke - Piiri 1380","isPartOf":{"@id":"https:\/\/rotary.fi\/d1380\/#website"},"datePublished":"2019-05-02T10:02:11+00:00","dateModified":"2024-04-18T06:44:20+00:00","breadcrumb":{"@id":"https:\/\/rotary.fi\/d1380\/rotarypiiri1380\/pohjois-euroopan-rotaryvyohyke\/#breadcrumb"},"inLanguage":"fi","potentialAction":[{"@type":"ReadAction","target":["https:\/\/rotary.fi\/d1380\/rotarypiiri1380\/pohjois-euroopan-rotaryvyohyke\/"]}]},{"@type":"BreadcrumbList","@id":"https:\/\/rotary.fi\/d1380\/rotarypiiri1380\/pohjois-euroopan-rotaryvyohyke\/#breadcrumb","itemListElement":[{"@type":"ListItem","position":1,"name":"Home","item":"https:\/\/rotary.fi\/d1380\/"},{"@type":"ListItem","position":2,"name":"Rotarypiiri 1380","item":"https:\/\/rotary.fi\/d1380\/rotarypiiri1380\/"},{"@type":"ListItem","position":3,"name":"Pohjois-Euroopan rotaryvy\u00f6hyke"}]},{"@type":"WebSite","@id":"https:\/\/rotary.fi\/d1380\/#website","url":"https:\/\/rotary.fi\/d1380\/","name":"Piiri 1380","description":"Suomen Rotary","potentialAction":[{"@type":"SearchAction","target":{"@type":"EntryPoint","urlTemplate":"https:\/\/rotary.fi\/d1380\/?s={search_term_string}"},"query-input":{"@type":"PropertyValueSpecification","valueRequired":true,"valueName":"search_term_string"}}],"inLanguage":"fi"}]}},"lang":"fi","translations":{"fi":2287,"sv":2650,"en":2895},"pll_sync_post":[],"_links":{"self":[{"href":"https:\/\/rotary.fi\/d1380\/wp-json\/wp\/v2\/pages\/2287","targetHints":{"allow":["GET"]}}],"collection":[{"href":"https:\/\/rotary.fi\/d1380\/wp-json\/wp\/v2\/pages"}],"about":[{"href":"https:\/\/rotary.fi\/d1380\/wp-json\/wp\/v2\/types\/page"}],"author":[{"embeddable":true,"href":"https:\/\/rotary.fi\/d1380\/wp-json\/wp\/v2\/users\/1"}],"replies":[{"embeddable":true,"href":"https:\/\/rotary.fi\/d1380\/wp-json\/wp\/v2\/comments?post=2287"}],"version-history":[{"count":8,"href":"https:\/\/rotary.fi\/d1380\/wp-json\/wp\/v2\/pages\/2287\/revisions"}],"predecessor-version":[{"id":3838,"href":"https:\/\/rotary.fi\/d1380\/wp-json\/wp\/v2\/pages\/2287\/revisions\/3838"}],"up":[{"embeddable":true,"href":"https:\/\/rotary.fi\/d1380\/wp-json\/wp\/v2\/pages\/2017"}],"wp:attachment":[{"href":"https:\/\/rotary.fi\/d1380\/wp-json\/wp\/v2\/media?parent=2287"}],"curies":[{"name":"wp","href":"https:\/\/api.w.org\/{rel}","templated":true}]}}