{"id":2154,"date":"2019-03-15T13:04:07","date_gmt":"2019-03-15T11:04:07","guid":{"rendered":"https:\/\/rotary.fi\/piirisivusto\/?page_id=2154"},"modified":"2019-08-13T08:35:34","modified_gmt":"2019-08-13T06:35:34","slug":"end-polio-now","status":"publish","type":"page","link":"https:\/\/rotary.fi\/d1380\/mita-teemme\/end-polio-now\/","title":{"rendered":"End Polio Now"},"content":{"rendered":"<p>[et_pb_section fb_built=&#8221;1&#8243; module_class=&#8221;jumbotron-page&#8221; _builder_version=&#8221;3.22.3&#8243; background_image=&#8221;https:\/\/rotary.fi\/piirisivusto\/wp-content\/uploads\/sites\/12\/2018\/04\/paakuva_bill_melinda_gates_foundation.jpg&#8221;][et_pb_row module_class=&#8221; et_pb_row_fullwidth et_pb_row_fullwidth&#8221; _builder_version=&#8221;3.25&#8243; width=&#8221;89%&#8221; width_tablet=&#8221;80%&#8221; width_last_edited=&#8221;on|desktop&#8221; max_width=&#8221;89%&#8221; max_width_tablet=&#8221;80%&#8221; max_width_last_edited=&#8221;on|desktop&#8221; make_fullwidth=&#8221;on&#8221;][et_pb_column type=&#8221;4_4&#8243; _builder_version=&#8221;3.25&#8243; custom_padding=&#8221;|||&#8221; custom_padding__hover=&#8221;|||&#8221;][et_pb_text admin_label=&#8221;End Polio Now -otsikko&#8221; _builder_version=&#8221;3.21&#8243; text_orientation=&#8221;center&#8221; background_layout=&#8221;dark&#8221;]<\/p>\n<h1>End Polio Now<\/h1>\n<p>[\/et_pb_text][\/et_pb_column][\/et_pb_row][\/et_pb_section][et_pb_section fb_built=&#8221;1&#8243; module_class=&#8221;sisaltoalue_perus&#8221; _builder_version=&#8221;3.22.3&#8243; background_size=&#8221;initial&#8221; background_position=&#8221;top_left&#8221; background_repeat=&#8221;repeat&#8221;][et_pb_row custom_padding_last_edited=&#8221;on|phone&#8221; _builder_version=&#8221;3.25&#8243;][et_pb_column type=&#8221;4_4&#8243; _builder_version=&#8221;3.25&#8243; custom_padding=&#8221;|||&#8221; custom_padding__hover=&#8221;|||&#8221;][et_pb_text admin_label=&#8221;End Polio Now -otsikko&#8221; _builder_version=&#8221;3.21&#8243; text_orientation=&#8221;center&#8221;]<\/p>\n<h1>End Polio Now<\/h1>\n<p>[\/et_pb_text][et_pb_text _builder_version=&#8221;3.21&#8243;]<\/p>\n<p>Rotaryn kampanja polion poistamiseksi maailmasta alkoi vuonna 1985. Tuohon aikaan noin 1 000 ihmist\u00e4 sairastui p\u00e4ivitt\u00e4in polioviruksen aiheuttamaan tautiin, eli noin 350\u00a0000 usein alle 5-vuotiasta lasta halvaantui tai kuoli vuosittain polion vuoksi. 1980-luvulla poliota oli 125 maassa. Nyky\u00e4\u00e4n on en\u00e4\u00e4 kolme maata, joista kotoper\u00e4ist\u00e4 poliota ei ole saatu poistettua: Afganistan, Nigeria ja Pakistan. Vuonna 2018 villin polioviruksen aiheuttamia tartuntoja todettiin yhteens\u00e4 31 kappaletta. Maailmassa todettiin lis\u00e4ksi 102 rokoteper\u00e4ist\u00e4 tartuntaa. Rokoteper\u00e4iset tartunnat ovat ik\u00e4vi\u00e4, mutta n\u00e4m\u00e4 tapaukset eiv\u00e4t aiheuta epidemiaa. Villi poliovirus levitt\u00e4\u00e4 tartuntaa, joten sen taltuttaminen on ensiarvoisen t\u00e4rke\u00e4\u00e4.<\/p>\n<p>Rotareiden ty\u00f6 polion poistamiseksi p\u00e4\u00e4ttyy siin\u00e4 vaiheessa, kun yhdell\u00e4k\u00e4\u00e4n lapsella ei ole vaaraa sairastua villin polioviruksen vuoksi. Rotarit ovat sen lupauksen antaneet.<\/p>\n<p>Polio ei ole t\u00e4ysin h\u00e4vinnyt my\u00f6sk\u00e4\u00e4n suomalaisesta yhteiskunnasta, sill\u00e4 keskuudessamme on viel\u00e4 ihmisi\u00e4, jotka polio on vammauttanut lapsena. Uusia tapauksia ei kuitenkaan en\u00e4\u00e4 ole Suomessa odotettavissa kattavien rokotusohjelmien vuoksi. Ainoa uhka t\u00e4lle tilanteelle on rokotuskattavuuden v\u00e4heneminen.<\/p>\n<p>Piirin klubit tuovat eri tavoin esiin Rotaryn ty\u00f6t\u00e4 polion poistamiseksi. Osa klubeista ja rotareista tukee Rotaryn ty\u00f6t\u00e4 lahjoittamalla varoja Rotarys\u00e4\u00e4ti\u00f6n poliorahastoon.<\/p>\n<p>[\/et_pb_text][\/et_pb_column][\/et_pb_row][\/et_pb_section][et_pb_section fb_built=&#8221;1&#8243; module_class=&#8221;sisaltoalue_sininen&#8221; _builder_version=&#8221;3.22.3&#8243; background_size=&#8221;initial&#8221; background_position=&#8221;top_left&#8221; background_repeat=&#8221;repeat&#8221; background_blend=&#8221;overlay&#8221;][et_pb_row _builder_version=&#8221;3.25&#8243; background_size=&#8221;initial&#8221; background_position=&#8221;top_left&#8221; background_repeat=&#8221;repeat&#8221; column_structure=&#8221;1_2,1_2&#8243;][et_pb_column type=&#8221;1_2&#8243; _builder_version=&#8221;3.25&#8243; custom_padding=&#8221;|||&#8221; custom_padding__hover=&#8221;|||&#8221;][et_pb_video src=&#8221;https:\/\/youtu.be\/2S5qzsPrahY&#8221; _builder_version=&#8221;3.21&#8243;][\/et_pb_video][\/et_pb_column][et_pb_column type=&#8221;1_2&#8243; _builder_version=&#8221;3.25&#8243; custom_padding=&#8221;|||&#8221; custom_padding__hover=&#8221;|||&#8221;][et_pb_video src=&#8221;https:\/\/youtu.be\/m774hxN6B2Y&#8221; _builder_version=&#8221;3.21&#8243;][\/et_pb_video][\/et_pb_column][\/et_pb_row][et_pb_row _builder_version=&#8221;3.25&#8243; background_size=&#8221;initial&#8221; background_position=&#8221;top_left&#8221; background_repeat=&#8221;repeat&#8221;][et_pb_column type=&#8221;4_4&#8243; _builder_version=&#8221;3.25&#8243; custom_padding=&#8221;|||&#8221; custom_padding__hover=&#8221;|||&#8221;][et_pb_button button_url=&#8221;https:\/\/rotary.fi\/mita-teemme\/rotaryn-karkiteemat\/sairauksien-torjunta\/#endpolio&#8221; url_new_window=&#8221;on&#8221; button_text=&#8221;Lue lis\u00e4\u00e4 rotareiden ty\u00f6st\u00e4 polion poistamiseksi&#8221; _builder_version=&#8221;3.21&#8243;][\/et_pb_button][et_pb_button button_url=&#8221;https:\/\/www.endpolio.org\/&#8221; url_new_window=&#8221;on&#8221; button_text=&#8221;Lue lis\u00e4\u00e4 kansainv\u00e4lisilt\u00e4 sivuilta&#8221; _builder_version=&#8221;3.21&#8243;][\/et_pb_button][\/et_pb_column][\/et_pb_row][\/et_pb_section]<\/p>\n","protected":false},"excerpt":{"rendered":"<p>End Polio Now End Polio Now Rotaryn kampanja polion poistamiseksi maailmasta alkoi vuonna 1985. Tuohon aikaan noin 1 000 ihmist\u00e4 sairastui p\u00e4ivitt\u00e4in polioviruksen aiheuttamaan tautiin, eli noin 350\u00a0000 usein alle 5-vuotiasta lasta halvaantui tai kuoli vuosittain polion vuoksi. 1980-luvulla poliota oli 125 maassa. Nyky\u00e4\u00e4n on en\u00e4\u00e4 kolme maata, joista kotoper\u00e4ist\u00e4 poliota ei ole saatu poistettua: [&hellip;]<\/p>\n","protected":false},"author":1,"featured_media":0,"parent":656,"menu_order":6,"comment_status":"closed","ping_status":"closed","template":"","meta":{"_acf_changed":false,"_et_pb_use_builder":"on","_et_pb_old_content":"","_et_gb_content_width":"","footnotes":""},"class_list":["post-2154","page","type-page","status-publish","hentry"],"acf":[],"yoast_head":"<!-- This site is optimized with the Yoast SEO plugin v27.0 - https:\/\/yoast.com\/product\/yoast-seo-wordpress\/ -->\n<title>End Polio Now - Piiri 1380<\/title>\n<meta name=\"robots\" content=\"index, follow, max-snippet:-1, max-image-preview:large, max-video-preview:-1\" \/>\n<link rel=\"canonical\" href=\"https:\/\/rotary.fi\/d1380\/mita-teemme\/end-polio-now\/\" \/>\n<meta property=\"og:locale\" content=\"fi_FI\" \/>\n<meta property=\"og:type\" content=\"article\" \/>\n<meta property=\"og:title\" content=\"End Polio Now - Piiri 1380\" \/>\n<meta property=\"og:description\" content=\"End Polio Now End Polio Now Rotaryn kampanja polion poistamiseksi maailmasta alkoi vuonna 1985. Tuohon aikaan noin 1 000 ihmist\u00e4 sairastui p\u00e4ivitt\u00e4in polioviruksen aiheuttamaan tautiin, eli noin 350\u00a0000 usein alle 5-vuotiasta lasta halvaantui tai kuoli vuosittain polion vuoksi. 1980-luvulla poliota oli 125 maassa. Nyky\u00e4\u00e4n on en\u00e4\u00e4 kolme maata, joista kotoper\u00e4ist\u00e4 poliota ei ole saatu poistettua: [&hellip;]\" \/>\n<meta property=\"og:url\" content=\"https:\/\/rotary.fi\/d1380\/mita-teemme\/end-polio-now\/\" \/>\n<meta property=\"og:site_name\" content=\"Piiri 1380\" \/>\n<meta property=\"article:publisher\" content=\"https:\/\/www.facebook.com\/rotary\/\" \/>\n<meta property=\"article:modified_time\" content=\"2019-08-13T06:35:34+00:00\" \/>\n<meta name=\"twitter:card\" content=\"summary_large_image\" \/>\n<meta name=\"twitter:label1\" content=\"Arvioitu lukuaika\" \/>\n\t<meta name=\"twitter:data1\" content=\"3 minuuttia\" \/>\n<script type=\"application\/ld+json\" class=\"yoast-schema-graph\">{\"@context\":\"https:\/\/schema.org\",\"@graph\":[{\"@type\":\"WebPage\",\"@id\":\"https:\/\/rotary.fi\/d1380\/mita-teemme\/end-polio-now\/\",\"url\":\"https:\/\/rotary.fi\/d1380\/mita-teemme\/end-polio-now\/\",\"name\":\"End Polio Now - Piiri 1380\",\"isPartOf\":{\"@id\":\"https:\/\/rotary.fi\/d1380\/#website\"},\"datePublished\":\"2019-03-15T11:04:07+00:00\",\"dateModified\":\"2019-08-13T06:35:34+00:00\",\"breadcrumb\":{\"@id\":\"https:\/\/rotary.fi\/d1380\/mita-teemme\/end-polio-now\/#breadcrumb\"},\"inLanguage\":\"fi\",\"potentialAction\":[{\"@type\":\"ReadAction\",\"target\":[\"https:\/\/rotary.fi\/d1380\/mita-teemme\/end-polio-now\/\"]}]},{\"@type\":\"BreadcrumbList\",\"@id\":\"https:\/\/rotary.fi\/d1380\/mita-teemme\/end-polio-now\/#breadcrumb\",\"itemListElement\":[{\"@type\":\"ListItem\",\"position\":1,\"name\":\"Home\",\"item\":\"https:\/\/rotary.fi\/d1380\/\"},{\"@type\":\"ListItem\",\"position\":2,\"name\":\"Mit\u00e4 teemme\",\"item\":\"https:\/\/rotary.fi\/d1380\/mita-teemme\/\"},{\"@type\":\"ListItem\",\"position\":3,\"name\":\"End Polio Now\"}]},{\"@type\":\"WebSite\",\"@id\":\"https:\/\/rotary.fi\/d1380\/#website\",\"url\":\"https:\/\/rotary.fi\/d1380\/\",\"name\":\"Piiri 1380\",\"description\":\"Suomen Rotary\",\"potentialAction\":[{\"@type\":\"SearchAction\",\"target\":{\"@type\":\"EntryPoint\",\"urlTemplate\":\"https:\/\/rotary.fi\/d1380\/?s={search_term_string}\"},\"query-input\":{\"@type\":\"PropertyValueSpecification\",\"valueRequired\":true,\"valueName\":\"search_term_string\"}}],\"inLanguage\":\"fi\"}]}<\/script>\n<!-- \/ Yoast SEO plugin. -->","yoast_head_json":{"title":"End Polio Now - Piiri 1380","robots":{"index":"index","follow":"follow","max-snippet":"max-snippet:-1","max-image-preview":"max-image-preview:large","max-video-preview":"max-video-preview:-1"},"canonical":"https:\/\/rotary.fi\/d1380\/mita-teemme\/end-polio-now\/","og_locale":"fi_FI","og_type":"article","og_title":"End Polio Now - Piiri 1380","og_description":"End Polio Now End Polio Now Rotaryn kampanja polion poistamiseksi maailmasta alkoi vuonna 1985. Tuohon aikaan noin 1 000 ihmist\u00e4 sairastui p\u00e4ivitt\u00e4in polioviruksen aiheuttamaan tautiin, eli noin 350\u00a0000 usein alle 5-vuotiasta lasta halvaantui tai kuoli vuosittain polion vuoksi. 1980-luvulla poliota oli 125 maassa. Nyky\u00e4\u00e4n on en\u00e4\u00e4 kolme maata, joista kotoper\u00e4ist\u00e4 poliota ei ole saatu poistettua: [&hellip;]","og_url":"https:\/\/rotary.fi\/d1380\/mita-teemme\/end-polio-now\/","og_site_name":"Piiri 1380","article_publisher":"https:\/\/www.facebook.com\/rotary\/","article_modified_time":"2019-08-13T06:35:34+00:00","twitter_card":"summary_large_image","twitter_misc":{"Arvioitu lukuaika":"3 minuuttia"},"schema":{"@context":"https:\/\/schema.org","@graph":[{"@type":"WebPage","@id":"https:\/\/rotary.fi\/d1380\/mita-teemme\/end-polio-now\/","url":"https:\/\/rotary.fi\/d1380\/mita-teemme\/end-polio-now\/","name":"End Polio Now - Piiri 1380","isPartOf":{"@id":"https:\/\/rotary.fi\/d1380\/#website"},"datePublished":"2019-03-15T11:04:07+00:00","dateModified":"2019-08-13T06:35:34+00:00","breadcrumb":{"@id":"https:\/\/rotary.fi\/d1380\/mita-teemme\/end-polio-now\/#breadcrumb"},"inLanguage":"fi","potentialAction":[{"@type":"ReadAction","target":["https:\/\/rotary.fi\/d1380\/mita-teemme\/end-polio-now\/"]}]},{"@type":"BreadcrumbList","@id":"https:\/\/rotary.fi\/d1380\/mita-teemme\/end-polio-now\/#breadcrumb","itemListElement":[{"@type":"ListItem","position":1,"name":"Home","item":"https:\/\/rotary.fi\/d1380\/"},{"@type":"ListItem","position":2,"name":"Mit\u00e4 teemme","item":"https:\/\/rotary.fi\/d1380\/mita-teemme\/"},{"@type":"ListItem","position":3,"name":"End Polio Now"}]},{"@type":"WebSite","@id":"https:\/\/rotary.fi\/d1380\/#website","url":"https:\/\/rotary.fi\/d1380\/","name":"Piiri 1380","description":"Suomen Rotary","potentialAction":[{"@type":"SearchAction","target":{"@type":"EntryPoint","urlTemplate":"https:\/\/rotary.fi\/d1380\/?s={search_term_string}"},"query-input":{"@type":"PropertyValueSpecification","valueRequired":true,"valueName":"search_term_string"}}],"inLanguage":"fi"}]}},"lang":"fi","translations":{"fi":2154,"sv":2676,"en":2932},"pll_sync_post":[],"_links":{"self":[{"href":"https:\/\/rotary.fi\/d1380\/wp-json\/wp\/v2\/pages\/2154","targetHints":{"allow":["GET"]}}],"collection":[{"href":"https:\/\/rotary.fi\/d1380\/wp-json\/wp\/v2\/pages"}],"about":[{"href":"https:\/\/rotary.fi\/d1380\/wp-json\/wp\/v2\/types\/page"}],"author":[{"embeddable":true,"href":"https:\/\/rotary.fi\/d1380\/wp-json\/wp\/v2\/users\/1"}],"replies":[{"embeddable":true,"href":"https:\/\/rotary.fi\/d1380\/wp-json\/wp\/v2\/comments?post=2154"}],"version-history":[{"count":9,"href":"https:\/\/rotary.fi\/d1380\/wp-json\/wp\/v2\/pages\/2154\/revisions"}],"predecessor-version":[{"id":2447,"href":"https:\/\/rotary.fi\/d1380\/wp-json\/wp\/v2\/pages\/2154\/revisions\/2447"}],"up":[{"embeddable":true,"href":"https:\/\/rotary.fi\/d1380\/wp-json\/wp\/v2\/pages\/656"}],"wp:attachment":[{"href":"https:\/\/rotary.fi\/d1380\/wp-json\/wp\/v2\/media?parent=2154"}],"curies":[{"name":"wp","href":"https:\/\/api.w.org\/{rel}","templated":true}]}}