{"id":2048,"date":"2018-08-27T11:31:34","date_gmt":"2018-08-27T09:31:34","guid":{"rendered":"https:\/\/rotary.fi\/piirisivusto\/?page_id=2048"},"modified":"2019-07-04T18:32:54","modified_gmt":"2019-07-04T16:32:54","slug":"rotaract-klubit","status":"publish","type":"page","link":"https:\/\/rotary.fi\/d1380\/kiinnostaako-jasenyys\/rotaract-klubit\/","title":{"rendered":"Rotaract-klubit"},"content":{"rendered":"<p>[et_pb_section fb_built=&#8221;1&#8243; module_class=&#8221;jumbotron-page&#8221; _builder_version=&#8221;3.22.3&#8243; background_image=&#8221;https:\/\/rotary.fi\/piirisivusto\/wp-content\/uploads\/sites\/12\/2019\/03\/rotary_klubit_alasivu_paakuva_9.jpg&#8221;][et_pb_row module_class=&#8221; et_pb_row_fullwidth et_pb_row_fullwidth et_pb_row_fullwidth&#8221; _builder_version=&#8221;3.25&#8243; width=&#8221;89%&#8221; width_tablet=&#8221;80%&#8221; width_last_edited=&#8221;on|desktop&#8221; max_width=&#8221;89%&#8221; max_width_tablet=&#8221;80%&#8221; max_width_last_edited=&#8221;on|desktop&#8221; make_fullwidth=&#8221;on&#8221;][et_pb_column type=&#8221;4_4&#8243; _builder_version=&#8221;3.25&#8243; custom_padding=&#8221;|||&#8221; custom_padding__hover=&#8221;|||&#8221;][et_pb_text admin_label=&#8221;P\u00e4\u00e4otsikko kuvan p\u00e4\u00e4ll\u00e4&#8221; _builder_version=&#8221;3.12.2&#8243; text_orientation=&#8221;center&#8221; background_layout=&#8221;dark&#8221; locked=&#8221;off&#8221; collapsed=&#8221;off&#8221;]<\/p>\n<h1>Rotaract-klubit<\/h1>\n<p>[\/et_pb_text][\/et_pb_column][\/et_pb_row][\/et_pb_section][et_pb_section fb_built=&#8221;1&#8243; module_class=&#8221;sisaltoalue_perus&#8221; _builder_version=&#8221;3.22.3&#8243; custom_margin=&#8221;||40px|&#8221;][et_pb_row custom_padding_last_edited=&#8221;on|phone&#8221; _builder_version=&#8221;3.25&#8243;][et_pb_column type=&#8221;4_4&#8243; _builder_version=&#8221;3.25&#8243; custom_padding=&#8221;|||&#8221; custom_padding__hover=&#8221;|||&#8221;][et_pb_text admin_label=&#8221;P\u00e4\u00e4otsikko ennen sis\u00e4lt\u00f6\u00e4&#8221; _builder_version=&#8221;3.21&#8243; text_orientation=&#8221;center&#8221;]<\/p>\n<h1>Nuoret tekev\u00e4t hyv\u00e4\u00e4<\/h1>\n<p>[\/et_pb_text][et_pb_text _builder_version=&#8221;3.22.3&#8243; z_index_tablet=&#8221;500&#8243;]<\/p>\n<p>Rotaract on Rotaryn alainen j\u00e4rjest\u00f6 nuorille 18\u201330 -vuotiaille aikuisille, jotka ovat valmiita lahjoittamaan aikaa ja osaamista yhteis\u00f6ns\u00e4 hyv\u00e4ksi. Rotaractoreiden motto on sama kuin rotareiden: palvelu itsekkyyden edelle. Heit\u00e4 on ymp\u00e4ri maailman jo yli 200 000.<\/p>\n<p>Klubit kokoontuvat yleens\u00e4 kahdesti kuukaudessa. Ne toimivat itsen\u00e4isesti ja saavat itse p\u00e4\u00e4tt\u00e4\u00e4 toimintansa j\u00e4rjest\u00e4misest\u00e4. Klubin apuna on klubia sponsoroiva kummirotaryklubi. Kummiklubin rotarit tarjoavat kulloinkin tarvittavaa tietoa ja tukea sek\u00e4 ty\u00f6skentelev\u00e4t rotaractoreiden kanssa yhteisty\u00f6ss\u00e4 eri palveluprojekteissa. Klubit voivat esimerkiksi tehd\u00e4 yritysvierailuja sek\u00e4 kutsua kokouksiinsa eri alojen asiantuntijoita kertomaan ty\u00f6st\u00e4\u00e4n tai ajankohtaisista aiheista.<\/p>\n<p>Hyv\u00e4ntekev\u00e4isyys on erottamaton osa Rotaract-klubien \ufb01loso\ufb01aa. Klubit toteuttavat vuosittain v\u00e4hint\u00e4\u00e4n kaksi palveluprojektia: toisen tavoitteena on auttaa paikallista yhteis\u00f6\u00e4, toisen yhteis\u00f6\u00e4 eri maassa.<\/p>\n<p>Rotaract pyrkii edist\u00e4m\u00e4\u00e4n j\u00e4sentens\u00e4 verkostoitumista, kansainv\u00e4lisyytt\u00e4 sek\u00e4 kehitt\u00e4\u00e4 heit\u00e4 oman alansa ammattilaisina ja tulevaisuuden johtajina. Rotaract on suuria ja pieni\u00e4 tekoja paremman maailman puolesta.<\/p>\n<p>Piirin alueella toimivat Rotaract-klubit:<br \/><strong><a href=\"\/\/www.facebook.com\/rotaractvaasa\/\" target=\"_blank\" rel=\"noopener noreferrer\">Linkki klubin Facebook-sivulle<\/a><\/strong><\/p>\n<p>[\/et_pb_text][\/et_pb_column][\/et_pb_row][\/et_pb_section]<\/p>\n","protected":false},"excerpt":{"rendered":"<p>Rotaract-klubit Nuoret tekev\u00e4t hyv\u00e4\u00e4 Rotaract on Rotaryn alainen j\u00e4rjest\u00f6 nuorille 18\u201330 -vuotiaille aikuisille, jotka ovat valmiita lahjoittamaan aikaa ja osaamista yhteis\u00f6ns\u00e4 hyv\u00e4ksi. Rotaractoreiden motto on sama kuin rotareiden: palvelu itsekkyyden edelle. Heit\u00e4 on ymp\u00e4ri maailman jo yli 200 000. Klubit kokoontuvat yleens\u00e4 kahdesti kuukaudessa. Ne toimivat itsen\u00e4isesti ja saavat itse p\u00e4\u00e4tt\u00e4\u00e4 toimintansa j\u00e4rjest\u00e4misest\u00e4. Klubin apuna [&hellip;]<\/p>\n","protected":false},"author":1,"featured_media":0,"parent":658,"menu_order":1,"comment_status":"closed","ping_status":"closed","template":"","meta":{"_acf_changed":false,"_et_pb_use_builder":"on","_et_pb_old_content":"","_et_gb_content_width":"","footnotes":""},"class_list":["post-2048","page","type-page","status-publish","hentry"],"acf":[],"yoast_head":"<!-- This site is optimized with the Yoast SEO plugin v27.0 - https:\/\/yoast.com\/product\/yoast-seo-wordpress\/ -->\n<title>Rotaract-klubit - Piiri 1380<\/title>\n<meta name=\"robots\" content=\"index, follow, max-snippet:-1, max-image-preview:large, max-video-preview:-1\" \/>\n<link rel=\"canonical\" href=\"https:\/\/rotary.fi\/d1380\/kiinnostaako-jasenyys\/rotaract-klubit\/\" \/>\n<meta property=\"og:locale\" content=\"fi_FI\" \/>\n<meta property=\"og:type\" content=\"article\" \/>\n<meta property=\"og:title\" content=\"Rotaract-klubit - Piiri 1380\" \/>\n<meta property=\"og:description\" content=\"Rotaract-klubit Nuoret tekev\u00e4t hyv\u00e4\u00e4 Rotaract on Rotaryn alainen j\u00e4rjest\u00f6 nuorille 18\u201330 -vuotiaille aikuisille, jotka ovat valmiita lahjoittamaan aikaa ja osaamista yhteis\u00f6ns\u00e4 hyv\u00e4ksi. Rotaractoreiden motto on sama kuin rotareiden: palvelu itsekkyyden edelle. Heit\u00e4 on ymp\u00e4ri maailman jo yli 200 000. Klubit kokoontuvat yleens\u00e4 kahdesti kuukaudessa. Ne toimivat itsen\u00e4isesti ja saavat itse p\u00e4\u00e4tt\u00e4\u00e4 toimintansa j\u00e4rjest\u00e4misest\u00e4. Klubin apuna [&hellip;]\" \/>\n<meta property=\"og:url\" content=\"https:\/\/rotary.fi\/d1380\/kiinnostaako-jasenyys\/rotaract-klubit\/\" \/>\n<meta property=\"og:site_name\" content=\"Piiri 1380\" \/>\n<meta property=\"article:publisher\" content=\"https:\/\/www.facebook.com\/rotary\/\" \/>\n<meta property=\"article:modified_time\" content=\"2019-07-04T16:32:54+00:00\" \/>\n<meta name=\"twitter:card\" content=\"summary_large_image\" \/>\n<meta name=\"twitter:label1\" content=\"Arvioitu lukuaika\" \/>\n\t<meta name=\"twitter:data1\" content=\"2 minuuttia\" \/>\n<script type=\"application\/ld+json\" class=\"yoast-schema-graph\">{\"@context\":\"https:\/\/schema.org\",\"@graph\":[{\"@type\":\"WebPage\",\"@id\":\"https:\/\/rotary.fi\/d1380\/kiinnostaako-jasenyys\/rotaract-klubit\/\",\"url\":\"https:\/\/rotary.fi\/d1380\/kiinnostaako-jasenyys\/rotaract-klubit\/\",\"name\":\"Rotaract-klubit - Piiri 1380\",\"isPartOf\":{\"@id\":\"https:\/\/rotary.fi\/d1380\/#website\"},\"datePublished\":\"2018-08-27T09:31:34+00:00\",\"dateModified\":\"2019-07-04T16:32:54+00:00\",\"breadcrumb\":{\"@id\":\"https:\/\/rotary.fi\/d1380\/kiinnostaako-jasenyys\/rotaract-klubit\/#breadcrumb\"},\"inLanguage\":\"fi\",\"potentialAction\":[{\"@type\":\"ReadAction\",\"target\":[\"https:\/\/rotary.fi\/d1380\/kiinnostaako-jasenyys\/rotaract-klubit\/\"]}]},{\"@type\":\"BreadcrumbList\",\"@id\":\"https:\/\/rotary.fi\/d1380\/kiinnostaako-jasenyys\/rotaract-klubit\/#breadcrumb\",\"itemListElement\":[{\"@type\":\"ListItem\",\"position\":1,\"name\":\"Home\",\"item\":\"https:\/\/rotary.fi\/d1380\/\"},{\"@type\":\"ListItem\",\"position\":2,\"name\":\"Kiinnostaako j\u00e4senyys?\",\"item\":\"https:\/\/rotary.fi\/d1380\/kiinnostaako-jasenyys\/\"},{\"@type\":\"ListItem\",\"position\":3,\"name\":\"Rotaract-klubit\"}]},{\"@type\":\"WebSite\",\"@id\":\"https:\/\/rotary.fi\/d1380\/#website\",\"url\":\"https:\/\/rotary.fi\/d1380\/\",\"name\":\"Piiri 1380\",\"description\":\"Suomen Rotary\",\"potentialAction\":[{\"@type\":\"SearchAction\",\"target\":{\"@type\":\"EntryPoint\",\"urlTemplate\":\"https:\/\/rotary.fi\/d1380\/?s={search_term_string}\"},\"query-input\":{\"@type\":\"PropertyValueSpecification\",\"valueRequired\":true,\"valueName\":\"search_term_string\"}}],\"inLanguage\":\"fi\"}]}<\/script>\n<!-- \/ Yoast SEO plugin. -->","yoast_head_json":{"title":"Rotaract-klubit - Piiri 1380","robots":{"index":"index","follow":"follow","max-snippet":"max-snippet:-1","max-image-preview":"max-image-preview:large","max-video-preview":"max-video-preview:-1"},"canonical":"https:\/\/rotary.fi\/d1380\/kiinnostaako-jasenyys\/rotaract-klubit\/","og_locale":"fi_FI","og_type":"article","og_title":"Rotaract-klubit - Piiri 1380","og_description":"Rotaract-klubit Nuoret tekev\u00e4t hyv\u00e4\u00e4 Rotaract on Rotaryn alainen j\u00e4rjest\u00f6 nuorille 18\u201330 -vuotiaille aikuisille, jotka ovat valmiita lahjoittamaan aikaa ja osaamista yhteis\u00f6ns\u00e4 hyv\u00e4ksi. Rotaractoreiden motto on sama kuin rotareiden: palvelu itsekkyyden edelle. Heit\u00e4 on ymp\u00e4ri maailman jo yli 200 000. Klubit kokoontuvat yleens\u00e4 kahdesti kuukaudessa. Ne toimivat itsen\u00e4isesti ja saavat itse p\u00e4\u00e4tt\u00e4\u00e4 toimintansa j\u00e4rjest\u00e4misest\u00e4. Klubin apuna [&hellip;]","og_url":"https:\/\/rotary.fi\/d1380\/kiinnostaako-jasenyys\/rotaract-klubit\/","og_site_name":"Piiri 1380","article_publisher":"https:\/\/www.facebook.com\/rotary\/","article_modified_time":"2019-07-04T16:32:54+00:00","twitter_card":"summary_large_image","twitter_misc":{"Arvioitu lukuaika":"2 minuuttia"},"schema":{"@context":"https:\/\/schema.org","@graph":[{"@type":"WebPage","@id":"https:\/\/rotary.fi\/d1380\/kiinnostaako-jasenyys\/rotaract-klubit\/","url":"https:\/\/rotary.fi\/d1380\/kiinnostaako-jasenyys\/rotaract-klubit\/","name":"Rotaract-klubit - Piiri 1380","isPartOf":{"@id":"https:\/\/rotary.fi\/d1380\/#website"},"datePublished":"2018-08-27T09:31:34+00:00","dateModified":"2019-07-04T16:32:54+00:00","breadcrumb":{"@id":"https:\/\/rotary.fi\/d1380\/kiinnostaako-jasenyys\/rotaract-klubit\/#breadcrumb"},"inLanguage":"fi","potentialAction":[{"@type":"ReadAction","target":["https:\/\/rotary.fi\/d1380\/kiinnostaako-jasenyys\/rotaract-klubit\/"]}]},{"@type":"BreadcrumbList","@id":"https:\/\/rotary.fi\/d1380\/kiinnostaako-jasenyys\/rotaract-klubit\/#breadcrumb","itemListElement":[{"@type":"ListItem","position":1,"name":"Home","item":"https:\/\/rotary.fi\/d1380\/"},{"@type":"ListItem","position":2,"name":"Kiinnostaako j\u00e4senyys?","item":"https:\/\/rotary.fi\/d1380\/kiinnostaako-jasenyys\/"},{"@type":"ListItem","position":3,"name":"Rotaract-klubit"}]},{"@type":"WebSite","@id":"https:\/\/rotary.fi\/d1380\/#website","url":"https:\/\/rotary.fi\/d1380\/","name":"Piiri 1380","description":"Suomen Rotary","potentialAction":[{"@type":"SearchAction","target":{"@type":"EntryPoint","urlTemplate":"https:\/\/rotary.fi\/d1380\/?s={search_term_string}"},"query-input":{"@type":"PropertyValueSpecification","valueRequired":true,"valueName":"search_term_string"}}],"inLanguage":"fi"}]}},"lang":"fi","translations":{"fi":2048,"sv":2716,"en":2993},"pll_sync_post":[],"_links":{"self":[{"href":"https:\/\/rotary.fi\/d1380\/wp-json\/wp\/v2\/pages\/2048","targetHints":{"allow":["GET"]}}],"collection":[{"href":"https:\/\/rotary.fi\/d1380\/wp-json\/wp\/v2\/pages"}],"about":[{"href":"https:\/\/rotary.fi\/d1380\/wp-json\/wp\/v2\/types\/page"}],"author":[{"embeddable":true,"href":"https:\/\/rotary.fi\/d1380\/wp-json\/wp\/v2\/users\/1"}],"replies":[{"embeddable":true,"href":"https:\/\/rotary.fi\/d1380\/wp-json\/wp\/v2\/comments?post=2048"}],"version-history":[{"count":9,"href":"https:\/\/rotary.fi\/d1380\/wp-json\/wp\/v2\/pages\/2048\/revisions"}],"predecessor-version":[{"id":2460,"href":"https:\/\/rotary.fi\/d1380\/wp-json\/wp\/v2\/pages\/2048\/revisions\/2460"}],"up":[{"embeddable":true,"href":"https:\/\/rotary.fi\/d1380\/wp-json\/wp\/v2\/pages\/658"}],"wp:attachment":[{"href":"https:\/\/rotary.fi\/d1380\/wp-json\/wp\/v2\/media?parent=2048"}],"curies":[{"name":"wp","href":"https:\/\/api.w.org\/{rel}","templated":true}]}}