{"id":2044,"date":"2018-08-27T10:24:51","date_gmt":"2018-08-27T08:24:51","guid":{"rendered":"https:\/\/rotary.fi\/piirisivusto\/?page_id=2044"},"modified":"2024-04-18T08:50:28","modified_gmt":"2024-04-18T06:50:28","slug":"yhteistyo","status":"publish","type":"page","link":"https:\/\/rotary.fi\/d1380\/mita-teemme\/yhteistyo\/","title":{"rendered":"Yhteisty\u00f6"},"content":{"rendered":"<p>[et_pb_section fb_built=&#8221;1&#8243; module_class=&#8221;jumbotron-page&#8221; _builder_version=&#8221;4.16&#8243; background_image=&#8221;https:\/\/rotary.fi\/piirisivusto\/wp-content\/uploads\/sites\/12\/2018\/02\/paakuva-sisasivu1.jpg&#8221; global_colors_info=&#8221;{}&#8221;][et_pb_row module_class=&#8221; et_pb_row_fullwidth&#8221; _builder_version=&#8221;4.16&#8243; width=&#8221;89%&#8221; width_tablet=&#8221;80%&#8221; width_phone=&#8221;80%&#8221; width_last_edited=&#8221;on|desktop&#8221; max_width=&#8221;89%&#8221; max_width_tablet=&#8221;80%&#8221; max_width_phone=&#8221;80%&#8221; max_width_last_edited=&#8221;on|desktop&#8221; make_fullwidth=&#8221;on&#8221; global_colors_info=&#8221;{}&#8221;][et_pb_column type=&#8221;4_4&#8243; _builder_version=&#8221;4.16&#8243; custom_padding=&#8221;|||&#8221; global_colors_info=&#8221;{}&#8221; custom_padding__hover=&#8221;|||&#8221;][et_pb_text admin_label=&#8221;P\u00e4\u00e4otsikko kuvan p\u00e4\u00e4ll\u00e4&#8221; _builder_version=&#8221;4.16&#8243; text_orientation=&#8221;center&#8221; background_layout=&#8221;dark&#8221; locked=&#8221;off&#8221; collapsed=&#8221;off&#8221; global_colors_info=&#8221;{}&#8221;]<\/p>\n<h1>Yhteisty\u00f6<\/h1>\n<p>[\/et_pb_text][\/et_pb_column][\/et_pb_row][\/et_pb_section][et_pb_section fb_built=&#8221;1&#8243; _builder_version=&#8221;4.16&#8243; custom_margin=&#8221;||40px|&#8221; global_colors_info=&#8221;{}&#8221;][et_pb_row custom_padding_last_edited=&#8221;on|phone&#8221; _builder_version=&#8221;4.16&#8243; custom_padding_tablet=&#8221;&#8221; custom_padding_phone=&#8221;&#8221; global_colors_info=&#8221;{}&#8221;][et_pb_column type=&#8221;4_4&#8243; _builder_version=&#8221;4.16&#8243; custom_padding=&#8221;|||&#8221; global_colors_info=&#8221;{}&#8221; custom_padding__hover=&#8221;|||&#8221;][et_pb_text admin_label=&#8221;P\u00e4\u00e4otsikko ennen sis\u00e4lt\u00f6\u00e4&#8221; _builder_version=&#8221;4.16&#8243; text_orientation=&#8221;center&#8221; global_colors_info=&#8221;{}&#8221;]<\/p>\n<h1>Yhteisty\u00f6<\/h1>\n<p>[\/et_pb_text][et_pb_text _builder_version=&#8221;4.16&#8243; global_colors_info=&#8221;{}&#8221;]<\/p>\n<p>Piiri 1390 on tehnyt monivuotista yhteisty\u00f6t\u00e4 S\u00e4rk\u00e4nniemen el\u00e4myspuiston kanssa Rotary Fun Day -tapahtumassa. Elokuinen Rotary Day on piiriss\u00e4mme jo perinne. Tilaisuudessa esitell\u00e4\u00e4n yleis\u00f6lle Rotarya ja rotaryklubien toimintaa. Vuosittain on jaettu sadoittain ilmapalloja lasten iloksi. Nuorisovaihto ja Rotaract ovat olleet n\u00e4kyv\u00e4sti esill\u00e4 tapahtumassa. Lis\u00e4ksi ShelterBox-telttaa ja varusteita on esitelty jokaisessa Rotary Day -tapahtumassa.<\/p>\n<p>Rotary Fun Day tapahtumaa koordinoi tuleva kuvern\u00f6\u00f6ri. <br \/>Ota yhteytt\u00e4<br \/><strong>Ilkka Nikmo<\/strong> (M\u00e4ntt\u00e4) <\/p>\n<p>Piirimme on tukenut ShelterBox-toimintaa. Vuonna 2018 piirimme lahjoitti viisi ShelterBox -telttaa varusteineen ja innosti my\u00f6s muita piirej\u00e4 lahjoittamaan telttoja katastrofien uhrien auttamiseksi.<\/p>\n<p><a href=\"https:\/\/rotary.fi\/mita-teemme\/kumppanitoiminta\/shelterbox\/\" target=\"_blank\" rel=\"noopener noreferrer\">Lue lis\u00e4\u00e4 ShelterBoxista<\/a><\/p>\n<p>[\/et_pb_text][\/et_pb_column][\/et_pb_row][\/et_pb_section]<\/p>\n","protected":false},"excerpt":{"rendered":"<p>Yhteisty\u00f6 Yhteisty\u00f6 Piiri 1390 on tehnyt monivuotista yhteisty\u00f6t\u00e4 S\u00e4rk\u00e4nniemen el\u00e4myspuiston kanssa Rotary Fun Day -tapahtumassa. Elokuinen Rotary Day on piiriss\u00e4mme jo perinne. Tilaisuudessa esitell\u00e4\u00e4n yleis\u00f6lle Rotarya ja rotaryklubien toimintaa. Vuosittain on jaettu sadoittain ilmapalloja lasten iloksi. Nuorisovaihto ja Rotaract ovat olleet n\u00e4kyv\u00e4sti esill\u00e4 tapahtumassa. Lis\u00e4ksi ShelterBox-telttaa ja varusteita on esitelty jokaisessa Rotary Day -tapahtumassa. Rotary [&hellip;]<\/p>\n","protected":false},"author":1,"featured_media":0,"parent":656,"menu_order":8,"comment_status":"closed","ping_status":"closed","template":"","meta":{"_acf_changed":false,"_et_pb_use_builder":"on","_et_pb_old_content":"","_et_gb_content_width":"","footnotes":""},"class_list":["post-2044","page","type-page","status-publish","hentry"],"acf":[],"yoast_head":"<!-- This site is optimized with the Yoast SEO plugin v27.4 - https:\/\/yoast.com\/product\/yoast-seo-wordpress\/ -->\n<title>Yhteisty\u00f6 - Piiri 1380<\/title>\n<meta name=\"robots\" content=\"index, follow, max-snippet:-1, max-image-preview:large, max-video-preview:-1\" \/>\n<link rel=\"canonical\" href=\"https:\/\/rotary.fi\/d1380\/mita-teemme\/yhteistyo\/\" \/>\n<meta property=\"og:locale\" content=\"fi_FI\" \/>\n<meta property=\"og:type\" content=\"article\" \/>\n<meta property=\"og:title\" content=\"Yhteisty\u00f6 - Piiri 1380\" \/>\n<meta property=\"og:description\" content=\"Yhteisty\u00f6 Yhteisty\u00f6 Piiri 1390 on tehnyt monivuotista yhteisty\u00f6t\u00e4 S\u00e4rk\u00e4nniemen el\u00e4myspuiston kanssa Rotary Fun Day -tapahtumassa. Elokuinen Rotary Day on piiriss\u00e4mme jo perinne. Tilaisuudessa esitell\u00e4\u00e4n yleis\u00f6lle Rotarya ja rotaryklubien toimintaa. Vuosittain on jaettu sadoittain ilmapalloja lasten iloksi. Nuorisovaihto ja Rotaract ovat olleet n\u00e4kyv\u00e4sti esill\u00e4 tapahtumassa. Lis\u00e4ksi ShelterBox-telttaa ja varusteita on esitelty jokaisessa Rotary Day -tapahtumassa. Rotary [&hellip;]\" \/>\n<meta property=\"og:url\" content=\"https:\/\/rotary.fi\/d1380\/mita-teemme\/yhteistyo\/\" \/>\n<meta property=\"og:site_name\" content=\"Piiri 1380\" \/>\n<meta property=\"article:publisher\" content=\"https:\/\/www.facebook.com\/rotary\/\" \/>\n<meta property=\"article:modified_time\" content=\"2024-04-18T06:50:28+00:00\" \/>\n<meta name=\"twitter:card\" content=\"summary_large_image\" \/>\n<meta name=\"twitter:label1\" content=\"Arvioitu lukuaika\" \/>\n\t<meta name=\"twitter:data1\" content=\"1 minuutti\" \/>\n<script type=\"application\/ld+json\" class=\"yoast-schema-graph\">{\"@context\":\"https:\\\/\\\/schema.org\",\"@graph\":[{\"@type\":\"WebPage\",\"@id\":\"https:\\\/\\\/rotary.fi\\\/d1380\\\/mita-teemme\\\/yhteistyo\\\/\",\"url\":\"https:\\\/\\\/rotary.fi\\\/d1380\\\/mita-teemme\\\/yhteistyo\\\/\",\"name\":\"Yhteisty\u00f6 - Piiri 1380\",\"isPartOf\":{\"@id\":\"https:\\\/\\\/rotary.fi\\\/d1380\\\/#website\"},\"datePublished\":\"2018-08-27T08:24:51+00:00\",\"dateModified\":\"2024-04-18T06:50:28+00:00\",\"breadcrumb\":{\"@id\":\"https:\\\/\\\/rotary.fi\\\/d1380\\\/mita-teemme\\\/yhteistyo\\\/#breadcrumb\"},\"inLanguage\":\"fi\",\"potentialAction\":[{\"@type\":\"ReadAction\",\"target\":[\"https:\\\/\\\/rotary.fi\\\/d1380\\\/mita-teemme\\\/yhteistyo\\\/\"]}]},{\"@type\":\"BreadcrumbList\",\"@id\":\"https:\\\/\\\/rotary.fi\\\/d1380\\\/mita-teemme\\\/yhteistyo\\\/#breadcrumb\",\"itemListElement\":[{\"@type\":\"ListItem\",\"position\":1,\"name\":\"Home\",\"item\":\"https:\\\/\\\/rotary.fi\\\/d1380\\\/\"},{\"@type\":\"ListItem\",\"position\":2,\"name\":\"Mit\u00e4 teemme\",\"item\":\"https:\\\/\\\/rotary.fi\\\/d1380\\\/mita-teemme\\\/\"},{\"@type\":\"ListItem\",\"position\":3,\"name\":\"Yhteisty\u00f6\"}]},{\"@type\":\"WebSite\",\"@id\":\"https:\\\/\\\/rotary.fi\\\/d1380\\\/#website\",\"url\":\"https:\\\/\\\/rotary.fi\\\/d1380\\\/\",\"name\":\"Piiri 1380\",\"description\":\"Suomen Rotary\",\"potentialAction\":[{\"@type\":\"SearchAction\",\"target\":{\"@type\":\"EntryPoint\",\"urlTemplate\":\"https:\\\/\\\/rotary.fi\\\/d1380\\\/?s={search_term_string}\"},\"query-input\":{\"@type\":\"PropertyValueSpecification\",\"valueRequired\":true,\"valueName\":\"search_term_string\"}}],\"inLanguage\":\"fi\"}]}<\/script>\n<!-- \/ Yoast SEO plugin. -->","yoast_head_json":{"title":"Yhteisty\u00f6 - Piiri 1380","robots":{"index":"index","follow":"follow","max-snippet":"max-snippet:-1","max-image-preview":"max-image-preview:large","max-video-preview":"max-video-preview:-1"},"canonical":"https:\/\/rotary.fi\/d1380\/mita-teemme\/yhteistyo\/","og_locale":"fi_FI","og_type":"article","og_title":"Yhteisty\u00f6 - Piiri 1380","og_description":"Yhteisty\u00f6 Yhteisty\u00f6 Piiri 1390 on tehnyt monivuotista yhteisty\u00f6t\u00e4 S\u00e4rk\u00e4nniemen el\u00e4myspuiston kanssa Rotary Fun Day -tapahtumassa. Elokuinen Rotary Day on piiriss\u00e4mme jo perinne. Tilaisuudessa esitell\u00e4\u00e4n yleis\u00f6lle Rotarya ja rotaryklubien toimintaa. Vuosittain on jaettu sadoittain ilmapalloja lasten iloksi. Nuorisovaihto ja Rotaract ovat olleet n\u00e4kyv\u00e4sti esill\u00e4 tapahtumassa. Lis\u00e4ksi ShelterBox-telttaa ja varusteita on esitelty jokaisessa Rotary Day -tapahtumassa. Rotary [&hellip;]","og_url":"https:\/\/rotary.fi\/d1380\/mita-teemme\/yhteistyo\/","og_site_name":"Piiri 1380","article_publisher":"https:\/\/www.facebook.com\/rotary\/","article_modified_time":"2024-04-18T06:50:28+00:00","twitter_card":"summary_large_image","twitter_misc":{"Arvioitu lukuaika":"1 minuutti"},"schema":{"@context":"https:\/\/schema.org","@graph":[{"@type":"WebPage","@id":"https:\/\/rotary.fi\/d1380\/mita-teemme\/yhteistyo\/","url":"https:\/\/rotary.fi\/d1380\/mita-teemme\/yhteistyo\/","name":"Yhteisty\u00f6 - Piiri 1380","isPartOf":{"@id":"https:\/\/rotary.fi\/d1380\/#website"},"datePublished":"2018-08-27T08:24:51+00:00","dateModified":"2024-04-18T06:50:28+00:00","breadcrumb":{"@id":"https:\/\/rotary.fi\/d1380\/mita-teemme\/yhteistyo\/#breadcrumb"},"inLanguage":"fi","potentialAction":[{"@type":"ReadAction","target":["https:\/\/rotary.fi\/d1380\/mita-teemme\/yhteistyo\/"]}]},{"@type":"BreadcrumbList","@id":"https:\/\/rotary.fi\/d1380\/mita-teemme\/yhteistyo\/#breadcrumb","itemListElement":[{"@type":"ListItem","position":1,"name":"Home","item":"https:\/\/rotary.fi\/d1380\/"},{"@type":"ListItem","position":2,"name":"Mit\u00e4 teemme","item":"https:\/\/rotary.fi\/d1380\/mita-teemme\/"},{"@type":"ListItem","position":3,"name":"Yhteisty\u00f6"}]},{"@type":"WebSite","@id":"https:\/\/rotary.fi\/d1380\/#website","url":"https:\/\/rotary.fi\/d1380\/","name":"Piiri 1380","description":"Suomen Rotary","potentialAction":[{"@type":"SearchAction","target":{"@type":"EntryPoint","urlTemplate":"https:\/\/rotary.fi\/d1380\/?s={search_term_string}"},"query-input":{"@type":"PropertyValueSpecification","valueRequired":true,"valueName":"search_term_string"}}],"inLanguage":"fi"}]}},"lang":"fi","translations":{"fi":2044,"sv":2684,"en":2936},"pll_sync_post":[],"_links":{"self":[{"href":"https:\/\/rotary.fi\/d1380\/wp-json\/wp\/v2\/pages\/2044","targetHints":{"allow":["GET"]}}],"collection":[{"href":"https:\/\/rotary.fi\/d1380\/wp-json\/wp\/v2\/pages"}],"about":[{"href":"https:\/\/rotary.fi\/d1380\/wp-json\/wp\/v2\/types\/page"}],"author":[{"embeddable":true,"href":"https:\/\/rotary.fi\/d1380\/wp-json\/wp\/v2\/users\/1"}],"replies":[{"embeddable":true,"href":"https:\/\/rotary.fi\/d1380\/wp-json\/wp\/v2\/comments?post=2044"}],"version-history":[{"count":6,"href":"https:\/\/rotary.fi\/d1380\/wp-json\/wp\/v2\/pages\/2044\/revisions"}],"predecessor-version":[{"id":3849,"href":"https:\/\/rotary.fi\/d1380\/wp-json\/wp\/v2\/pages\/2044\/revisions\/3849"}],"up":[{"embeddable":true,"href":"https:\/\/rotary.fi\/d1380\/wp-json\/wp\/v2\/pages\/656"}],"wp:attachment":[{"href":"https:\/\/rotary.fi\/d1380\/wp-json\/wp\/v2\/media?parent=2044"}],"curies":[{"name":"wp","href":"https:\/\/api.w.org\/{rel}","templated":true}]}}