{"id":2024,"date":"2018-08-27T09:48:38","date_gmt":"2018-08-27T07:48:38","guid":{"rendered":"https:\/\/rotary.fi\/piirisivusto\/?page_id=2024"},"modified":"2020-07-02T10:48:56","modified_gmt":"2020-07-02T08:48:56","slug":"piirin-klubit","status":"publish","type":"page","link":"https:\/\/rotary.fi\/d1380\/rotarypiiri1380\/piirin-klubit\/","title":{"rendered":"Piirin klubit"},"content":{"rendered":"<p>[et_pb_section fb_built=&#8221;1&#8243; module_class=&#8221;jumbotron-page&#8221; _builder_version=&#8221;3.22.3&#8243; background_image=&#8221;https:\/\/rotary.fi\/piirisivusto\/wp-content\/uploads\/sites\/12\/2019\/03\/rotary_piiri_alasivu_paakuva1.jpg&#8221;][et_pb_row module_class=&#8221; et_pb_row_fullwidth et_pb_row_fullwidth et_pb_row_fullwidth et_pb_row_fullwidth et_pb_row_fullwidth et_pb_row_fullwidth&#8221; _builder_version=&#8221;3.25&#8243; width=&#8221;89%&#8221; width_tablet=&#8221;80%&#8221; width_phone=&#8221;&#8221; width_last_edited=&#8221;on|desktop&#8221; max_width=&#8221;89%&#8221; max_width_tablet=&#8221;80%&#8221; max_width_phone=&#8221;&#8221; max_width_last_edited=&#8221;on|desktop&#8221; make_fullwidth=&#8221;on&#8221;][et_pb_column type=&#8221;4_4&#8243; _builder_version=&#8221;3.25&#8243; custom_padding=&#8221;|||&#8221; custom_padding__hover=&#8221;|||&#8221;][et_pb_text admin_label=&#8221;P\u00e4\u00e4otsikko kuvan p\u00e4\u00e4ll\u00e4&#8221; _builder_version=&#8221;4.1&#8243; text_orientation=&#8221;center&#8221; background_layout=&#8221;dark&#8221; locked=&#8221;off&#8221; collapsed=&#8221;off&#8221;]<\/p>\n<h1>Piirin klubit<\/h1>\n<p>[\/et_pb_text][\/et_pb_column][\/et_pb_row][\/et_pb_section][et_pb_section fb_built=&#8221;1&#8243; module_class=&#8221;sisaltoalue_perus&#8221; _builder_version=&#8221;3.22.3&#8243; custom_margin=&#8221;||40px|&#8221;][et_pb_row custom_padding_last_edited=&#8221;on|phone&#8221; _builder_version=&#8221;3.29.3&#8243; custom_padding_tablet=&#8221;&#8221; custom_padding_phone=&#8221;&#8221;][et_pb_column type=&#8221;4_4&#8243; _builder_version=&#8221;3.25&#8243; custom_padding=&#8221;|||&#8221; custom_padding__hover=&#8221;|||&#8221;][et_pb_text admin_label=&#8221;P\u00e4\u00e4otsikko ennen sis\u00e4lt\u00f6\u00e4&#8221; _builder_version=&#8221;4.4.8&#8243; text_orientation=&#8221;center&#8221; hover_enabled=&#8221;0&#8243;]<\/p>\n<h1>Kaikki entisen piirin 1380 klubit kuuluvat nyt piiriin 1385<\/h1>\n<p>[\/et_pb_text][et_pb_text _builder_version=&#8221;4.4.8&#8243; hover_enabled=&#8221;0&#8243; z_index_tablet=&#8221;500&#8243; text_text_shadow_horizontal_length_tablet=&#8221;0px&#8221; text_text_shadow_vertical_length_tablet=&#8221;0px&#8221; text_text_shadow_blur_strength_tablet=&#8221;1px&#8221; link_text_shadow_horizontal_length_tablet=&#8221;0px&#8221; link_text_shadow_vertical_length_tablet=&#8221;0px&#8221; link_text_shadow_blur_strength_tablet=&#8221;1px&#8221; ul_text_shadow_horizontal_length_tablet=&#8221;0px&#8221; ul_text_shadow_vertical_length_tablet=&#8221;0px&#8221; ul_text_shadow_blur_strength_tablet=&#8221;1px&#8221; ol_text_shadow_horizontal_length_tablet=&#8221;0px&#8221; ol_text_shadow_vertical_length_tablet=&#8221;0px&#8221; ol_text_shadow_blur_strength_tablet=&#8221;1px&#8221; quote_text_shadow_horizontal_length_tablet=&#8221;0px&#8221; quote_text_shadow_vertical_length_tablet=&#8221;0px&#8221; quote_text_shadow_blur_strength_tablet=&#8221;1px&#8221; header_text_shadow_horizontal_length_tablet=&#8221;0px&#8221; header_text_shadow_vertical_length_tablet=&#8221;0px&#8221; header_text_shadow_blur_strength_tablet=&#8221;1px&#8221; header_2_text_shadow_horizontal_length_tablet=&#8221;0px&#8221; header_2_text_shadow_vertical_length_tablet=&#8221;0px&#8221; header_2_text_shadow_blur_strength_tablet=&#8221;1px&#8221; header_3_text_shadow_horizontal_length_tablet=&#8221;0px&#8221; header_3_text_shadow_vertical_length_tablet=&#8221;0px&#8221; header_3_text_shadow_blur_strength_tablet=&#8221;1px&#8221; header_4_text_shadow_horizontal_length_tablet=&#8221;0px&#8221; header_4_text_shadow_vertical_length_tablet=&#8221;0px&#8221; header_4_text_shadow_blur_strength_tablet=&#8221;1px&#8221; header_5_text_shadow_horizontal_length_tablet=&#8221;0px&#8221; header_5_text_shadow_vertical_length_tablet=&#8221;0px&#8221; header_5_text_shadow_blur_strength_tablet=&#8221;1px&#8221; header_6_text_shadow_horizontal_length_tablet=&#8221;0px&#8221; header_6_text_shadow_vertical_length_tablet=&#8221;0px&#8221; header_6_text_shadow_blur_strength_tablet=&#8221;1px&#8221; box_shadow_horizontal_tablet=&#8221;0px&#8221; box_shadow_vertical_tablet=&#8221;0px&#8221; box_shadow_blur_tablet=&#8221;40px&#8221; box_shadow_spread_tablet=&#8221;0px&#8221;]<\/p>\n<p><strong>Piirist\u00e4 1380 piiriin 1385 liittyneet rotaryklubit:<\/strong><\/p>\n<ol>\n<li><strong><a href=\"https:\/\/rotary.fi\/alajarvi\/\" target=\"_blank\" rel=\"noopener noreferrer\">Alaj\u00e4rvi<\/a><\/strong><\/li>\n<li>Alavus<\/li>\n<li><a href=\"https:\/\/rotary.fi\/Ilmajoki\" target=\"_blank\" rel=\"noopener noreferrer\">Ilmajoki<\/a><\/li>\n<li>Jakobstad-Pietarsaari<\/li>\n<li>Jalasj\u00e4rvi<\/li>\n<li>Jurva<\/li>\n<li><strong style=\"font-size: 16px\"><a href=\"https:\/\/rotary.fi\/kannus\/\"><\/a><\/strong><strong style=\"font-size: 16px\"><a href=\"https:\/\/rotary.fi\/kannus\/\" target=\"_blank\" rel=\"noopener noreferrer\">Kannus<\/a><\/strong><\/li>\n<li><a href=\"https:\/\/rotary.fi\/Kauhajoki\" target=\"_blank\" rel=\"noopener noreferrer\">Kauhajoki<\/a><\/li>\n<li>Kauhajoki Aro<\/li>\n<li><strong style=\"font-size: 16px\"><a href=\"https:\/\/rotary.fi\/kauhavarc\/\" target=\"_blank\" rel=\"noopener noreferrer\">Kauhava<\/a><\/strong><strong style=\"font-size: 16px\"><\/strong><\/li>\n<li><strong style=\"font-size: 16px\"><a href=\"https:\/\/rotary.fi\/kauhavaharmat\/\" target=\"_blank\" rel=\"noopener noreferrer\">Kauhava H\u00e4rm\u00e4t<\/a><\/strong><\/li>\n<li>Kokkola-Gamlakarleby<\/li>\n<li>Kokkola-Hakalax<\/li>\n<li>Kristinestad-Kristiinankaupunki<\/li>\n<li>Kurikka<\/li>\n<li><strong style=\"font-size: 16px\"><a href=\"https:\/\/rotary.fi\/laihia\/\" target=\"_blank\" rel=\"noopener noreferrer\">Laihia<\/a><\/strong><\/li>\n<li>Lapua<\/li>\n<li>Lapua Kiviristi<\/li>\n<li><a href=\"https:\/\/rotary.fi\/nykarleby\/\" target=\"_blank\" rel=\"noopener noreferrer\">Nykarleby<\/a><\/li>\n<li>N\u00e4rpes<\/li>\n<li>Oravais<\/li>\n<li>Peders\u00f6re<\/li>\n<li>Pietarsaari-M\u00e4ssk\u00e4r<\/li>\n<li><strong style=\"font-size: 16px\"><a href=\"https:\/\/rotary.fi\/seinajokilakeus\/\" target=\"_blank\" rel=\"noopener noreferrer\">Sein\u00e4joki Lakeus<\/a><\/strong><\/li>\n<li><a href=\"https:\/\/rotary.fi\/seinajokitornava\/\" target=\"_blank\" rel=\"noopener noreferrer\"><strong>Sein\u00e4joki T\u00f6rn\u00e4v\u00e4<\/strong><\/a><\/li>\n<li>Vaasa Etel\u00e4inen-Vasa S\u00f6dra<\/li>\n<li>Vaasa-Botnia-Vasa<\/li>\n<li>Vaasa-Vasa<\/li>\n<li>V\u00f6r\u00e5<\/li>\n<\/ol>\n<p><strong><\/strong><\/p>\n<p><strong>Suomen Rotarypalvelu (SRP ry)<\/strong><\/p>\n<p style=\"padding-left: 30px\"><a href=\"https:\/\/rotary.fi\/\" target=\"_blank\" rel=\"noopener noreferrer\"><b>Rotary.fi<\/b><\/a><\/p>\n<p><strong>Muut Suomen rotarypiirit<\/strong><\/p>\n<p style=\"padding-left: 30px\"><strong><a href=\"https:\/\/rotary.fi\/D1390\" target=\"_blank\" rel=\"noopener noreferrer\">Piiri 1390<\/a><\/strong><br \/> <strong> <a href=\"https:\/\/rotary.fi\/\" target=\"_blank\" rel=\"noopener noreferrer\">Piiri 1400<\/a><\/strong><br \/> <strong> <a href=\"https:\/\/rotary.fi\/\" target=\"_blank\" rel=\"noopener noreferrer\"> Piiri 1410<\/a><\/strong><br \/> <strong> <a href=\"https:\/\/rotary.fi\/\" target=\"_blank\" rel=\"noopener noreferrer\"> Piiri 1420<\/a><\/strong><br \/> <strong> <a href=\"https:\/\/rotary.fi\/\" target=\"_blank\" rel=\"noopener noreferrer\"> Piiri 1430<\/a><\/strong><\/p>\n<p>[\/et_pb_text][\/et_pb_column][\/et_pb_row][\/et_pb_section]<\/p>\n","protected":false},"excerpt":{"rendered":"<p>Piirin klubit Kaikki entisen piirin 1380 klubit kuuluvat nyt piiriin 1385 Piirist\u00e4 1380 piiriin 1385 liittyneet rotaryklubit: Alaj\u00e4rvi Alavus Ilmajoki Jakobstad-Pietarsaari Jalasj\u00e4rvi Jurva Kannus Kauhajoki Kauhajoki Aro Kauhava Kauhava H\u00e4rm\u00e4t Kokkola-Gamlakarleby Kokkola-Hakalax Kristinestad-Kristiinankaupunki Kurikka Laihia Lapua Lapua Kiviristi Nykarleby N\u00e4rpes Oravais Peders\u00f6re Pietarsaari-M\u00e4ssk\u00e4r Sein\u00e4joki Lakeus Sein\u00e4joki T\u00f6rn\u00e4v\u00e4 Vaasa Etel\u00e4inen-Vasa S\u00f6dra Vaasa-Botnia-Vasa Vaasa-Vasa V\u00f6r\u00e5 Suomen Rotarypalvelu [&hellip;]<\/p>\n","protected":false},"author":1,"featured_media":0,"parent":2017,"menu_order":2,"comment_status":"closed","ping_status":"closed","template":"","meta":{"_acf_changed":false,"_et_pb_use_builder":"on","_et_pb_old_content":"","_et_gb_content_width":"","footnotes":""},"class_list":["post-2024","page","type-page","status-publish","hentry"],"acf":[],"yoast_head":"<!-- This site is optimized with the Yoast SEO plugin v27.0 - https:\/\/yoast.com\/product\/yoast-seo-wordpress\/ -->\n<title>Piirin klubit - Piiri 1380<\/title>\n<meta name=\"robots\" content=\"index, follow, max-snippet:-1, max-image-preview:large, max-video-preview:-1\" \/>\n<link rel=\"canonical\" href=\"https:\/\/rotary.fi\/d1380\/rotarypiiri1380\/piirin-klubit\/\" \/>\n<meta property=\"og:locale\" content=\"fi_FI\" \/>\n<meta property=\"og:type\" content=\"article\" \/>\n<meta property=\"og:title\" content=\"Piirin klubit - Piiri 1380\" \/>\n<meta property=\"og:description\" content=\"Piirin klubit Kaikki entisen piirin 1380 klubit kuuluvat nyt piiriin 1385 Piirist\u00e4 1380 piiriin 1385 liittyneet rotaryklubit: Alaj\u00e4rvi Alavus Ilmajoki Jakobstad-Pietarsaari Jalasj\u00e4rvi Jurva Kannus Kauhajoki Kauhajoki Aro Kauhava Kauhava H\u00e4rm\u00e4t Kokkola-Gamlakarleby Kokkola-Hakalax Kristinestad-Kristiinankaupunki Kurikka Laihia Lapua Lapua Kiviristi Nykarleby N\u00e4rpes Oravais Peders\u00f6re Pietarsaari-M\u00e4ssk\u00e4r Sein\u00e4joki Lakeus Sein\u00e4joki T\u00f6rn\u00e4v\u00e4 Vaasa Etel\u00e4inen-Vasa S\u00f6dra Vaasa-Botnia-Vasa Vaasa-Vasa V\u00f6r\u00e5 Suomen Rotarypalvelu [&hellip;]\" \/>\n<meta property=\"og:url\" content=\"https:\/\/rotary.fi\/d1380\/rotarypiiri1380\/piirin-klubit\/\" \/>\n<meta property=\"og:site_name\" content=\"Piiri 1380\" \/>\n<meta property=\"article:publisher\" content=\"https:\/\/www.facebook.com\/rotary\/\" \/>\n<meta property=\"article:modified_time\" content=\"2020-07-02T08:48:56+00:00\" \/>\n<meta name=\"twitter:card\" content=\"summary_large_image\" \/>\n<meta name=\"twitter:label1\" content=\"Arvioitu lukuaika\" \/>\n\t<meta name=\"twitter:data1\" content=\"3 minuuttia\" \/>\n<script type=\"application\/ld+json\" class=\"yoast-schema-graph\">{\"@context\":\"https:\/\/schema.org\",\"@graph\":[{\"@type\":\"WebPage\",\"@id\":\"https:\/\/rotary.fi\/d1380\/rotarypiiri1380\/piirin-klubit\/\",\"url\":\"https:\/\/rotary.fi\/d1380\/rotarypiiri1380\/piirin-klubit\/\",\"name\":\"Piirin klubit - Piiri 1380\",\"isPartOf\":{\"@id\":\"https:\/\/rotary.fi\/d1380\/#website\"},\"datePublished\":\"2018-08-27T07:48:38+00:00\",\"dateModified\":\"2020-07-02T08:48:56+00:00\",\"breadcrumb\":{\"@id\":\"https:\/\/rotary.fi\/d1380\/rotarypiiri1380\/piirin-klubit\/#breadcrumb\"},\"inLanguage\":\"fi\",\"potentialAction\":[{\"@type\":\"ReadAction\",\"target\":[\"https:\/\/rotary.fi\/d1380\/rotarypiiri1380\/piirin-klubit\/\"]}]},{\"@type\":\"BreadcrumbList\",\"@id\":\"https:\/\/rotary.fi\/d1380\/rotarypiiri1380\/piirin-klubit\/#breadcrumb\",\"itemListElement\":[{\"@type\":\"ListItem\",\"position\":1,\"name\":\"Home\",\"item\":\"https:\/\/rotary.fi\/d1380\/\"},{\"@type\":\"ListItem\",\"position\":2,\"name\":\"Rotarypiiri 1380\",\"item\":\"https:\/\/rotary.fi\/d1380\/rotarypiiri1380\/\"},{\"@type\":\"ListItem\",\"position\":3,\"name\":\"Piirin klubit\"}]},{\"@type\":\"WebSite\",\"@id\":\"https:\/\/rotary.fi\/d1380\/#website\",\"url\":\"https:\/\/rotary.fi\/d1380\/\",\"name\":\"Piiri 1380\",\"description\":\"Suomen Rotary\",\"potentialAction\":[{\"@type\":\"SearchAction\",\"target\":{\"@type\":\"EntryPoint\",\"urlTemplate\":\"https:\/\/rotary.fi\/d1380\/?s={search_term_string}\"},\"query-input\":{\"@type\":\"PropertyValueSpecification\",\"valueRequired\":true,\"valueName\":\"search_term_string\"}}],\"inLanguage\":\"fi\"}]}<\/script>\n<!-- \/ Yoast SEO plugin. -->","yoast_head_json":{"title":"Piirin klubit - Piiri 1380","robots":{"index":"index","follow":"follow","max-snippet":"max-snippet:-1","max-image-preview":"max-image-preview:large","max-video-preview":"max-video-preview:-1"},"canonical":"https:\/\/rotary.fi\/d1380\/rotarypiiri1380\/piirin-klubit\/","og_locale":"fi_FI","og_type":"article","og_title":"Piirin klubit - Piiri 1380","og_description":"Piirin klubit Kaikki entisen piirin 1380 klubit kuuluvat nyt piiriin 1385 Piirist\u00e4 1380 piiriin 1385 liittyneet rotaryklubit: Alaj\u00e4rvi Alavus Ilmajoki Jakobstad-Pietarsaari Jalasj\u00e4rvi Jurva Kannus Kauhajoki Kauhajoki Aro Kauhava Kauhava H\u00e4rm\u00e4t Kokkola-Gamlakarleby Kokkola-Hakalax Kristinestad-Kristiinankaupunki Kurikka Laihia Lapua Lapua Kiviristi Nykarleby N\u00e4rpes Oravais Peders\u00f6re Pietarsaari-M\u00e4ssk\u00e4r Sein\u00e4joki Lakeus Sein\u00e4joki T\u00f6rn\u00e4v\u00e4 Vaasa Etel\u00e4inen-Vasa S\u00f6dra Vaasa-Botnia-Vasa Vaasa-Vasa V\u00f6r\u00e5 Suomen Rotarypalvelu [&hellip;]","og_url":"https:\/\/rotary.fi\/d1380\/rotarypiiri1380\/piirin-klubit\/","og_site_name":"Piiri 1380","article_publisher":"https:\/\/www.facebook.com\/rotary\/","article_modified_time":"2020-07-02T08:48:56+00:00","twitter_card":"summary_large_image","twitter_misc":{"Arvioitu lukuaika":"3 minuuttia"},"schema":{"@context":"https:\/\/schema.org","@graph":[{"@type":"WebPage","@id":"https:\/\/rotary.fi\/d1380\/rotarypiiri1380\/piirin-klubit\/","url":"https:\/\/rotary.fi\/d1380\/rotarypiiri1380\/piirin-klubit\/","name":"Piirin klubit - Piiri 1380","isPartOf":{"@id":"https:\/\/rotary.fi\/d1380\/#website"},"datePublished":"2018-08-27T07:48:38+00:00","dateModified":"2020-07-02T08:48:56+00:00","breadcrumb":{"@id":"https:\/\/rotary.fi\/d1380\/rotarypiiri1380\/piirin-klubit\/#breadcrumb"},"inLanguage":"fi","potentialAction":[{"@type":"ReadAction","target":["https:\/\/rotary.fi\/d1380\/rotarypiiri1380\/piirin-klubit\/"]}]},{"@type":"BreadcrumbList","@id":"https:\/\/rotary.fi\/d1380\/rotarypiiri1380\/piirin-klubit\/#breadcrumb","itemListElement":[{"@type":"ListItem","position":1,"name":"Home","item":"https:\/\/rotary.fi\/d1380\/"},{"@type":"ListItem","position":2,"name":"Rotarypiiri 1380","item":"https:\/\/rotary.fi\/d1380\/rotarypiiri1380\/"},{"@type":"ListItem","position":3,"name":"Piirin klubit"}]},{"@type":"WebSite","@id":"https:\/\/rotary.fi\/d1380\/#website","url":"https:\/\/rotary.fi\/d1380\/","name":"Piiri 1380","description":"Suomen Rotary","potentialAction":[{"@type":"SearchAction","target":{"@type":"EntryPoint","urlTemplate":"https:\/\/rotary.fi\/d1380\/?s={search_term_string}"},"query-input":{"@type":"PropertyValueSpecification","valueRequired":true,"valueName":"search_term_string"}}],"inLanguage":"fi"}]}},"lang":"fi","translations":{"fi":2024,"sv":2631,"en":2883},"pll_sync_post":[],"_links":{"self":[{"href":"https:\/\/rotary.fi\/d1380\/wp-json\/wp\/v2\/pages\/2024","targetHints":{"allow":["GET"]}}],"collection":[{"href":"https:\/\/rotary.fi\/d1380\/wp-json\/wp\/v2\/pages"}],"about":[{"href":"https:\/\/rotary.fi\/d1380\/wp-json\/wp\/v2\/types\/page"}],"author":[{"embeddable":true,"href":"https:\/\/rotary.fi\/d1380\/wp-json\/wp\/v2\/users\/1"}],"replies":[{"embeddable":true,"href":"https:\/\/rotary.fi\/d1380\/wp-json\/wp\/v2\/comments?post=2024"}],"version-history":[{"count":30,"href":"https:\/\/rotary.fi\/d1380\/wp-json\/wp\/v2\/pages\/2024\/revisions"}],"predecessor-version":[{"id":3803,"href":"https:\/\/rotary.fi\/d1380\/wp-json\/wp\/v2\/pages\/2024\/revisions\/3803"}],"up":[{"embeddable":true,"href":"https:\/\/rotary.fi\/d1380\/wp-json\/wp\/v2\/pages\/2017"}],"wp:attachment":[{"href":"https:\/\/rotary.fi\/d1380\/wp-json\/wp\/v2\/media?parent=2024"}],"curies":[{"name":"wp","href":"https:\/\/api.w.org\/{rel}","templated":true}]}}