{"id":98,"date":"2018-08-09T15:17:32","date_gmt":"2018-08-09T12:17:32","guid":{"rendered":"https:\/\/rotary.fi\/klubi2\/?page_id=98"},"modified":"2024-09-07T10:10:29","modified_gmt":"2024-09-07T07:10:29","slug":"yhteystiedot","status":"publish","type":"page","link":"https:\/\/rotary.fi\/aulangonrotaryklubi\/yhteystiedot\/","title":{"rendered":"Yhteystiedot"},"content":{"rendered":"<p>[et_pb_section fb_built=&#8221;1&#8243; module_class=&#8221;jumbotron-page&#8221; _builder_version=&#8221;4.16&#8243; background_image=&#8221;https:\/\/rotary.fi\/aulangonrotaryklubi\/wp-content\/uploads\/sites\/196\/2018\/10\/rotary_klubit_alasivu_paakuva_15.jpg&#8221; global_colors_info=&#8221;{}&#8221;][et_pb_row _builder_version=&#8221;4.16&#8243; background_size=&#8221;initial&#8221; background_position=&#8221;top_left&#8221; background_repeat=&#8221;repeat&#8221; global_colors_info=&#8221;{}&#8221;][et_pb_column type=&#8221;4_4&#8243; _builder_version=&#8221;4.16&#8243; custom_padding=&#8221;|||&#8221; global_colors_info=&#8221;{}&#8221; custom_padding__hover=&#8221;|||&#8221;][et_pb_text admin_label=&#8221;P\u00e4\u00e4otsikko&#8221; _builder_version=&#8221;4.16&#8243; text_orientation=&#8221;center&#8221; background_layout=&#8221;dark&#8221; global_colors_info=&#8221;{}&#8221;]<\/p>\n<h1>Yhteystiedot<\/h1>\n<p>[\/et_pb_text][\/et_pb_column][\/et_pb_row][\/et_pb_section][et_pb_section fb_built=&#8221;1&#8243; specialty=&#8221;on&#8221; module_class_2=&#8221;sivupalkki&#8221; _builder_version=&#8221;4.16&#8243; global_colors_info=&#8221;{}&#8221;][et_pb_column type=&#8221;2_3&#8243; specialty_columns=&#8221;2&#8243; _builder_version=&#8221;4.16&#8243; custom_padding=&#8221;|||&#8221; global_colors_info=&#8221;{}&#8221; custom_padding__hover=&#8221;|||&#8221;][et_pb_row_inner admin_label=&#8221;Rivi&#8221; _builder_version=&#8221;4.16&#8243; global_colors_info=&#8221;{}&#8221;][et_pb_column_inner saved_specialty_column_type=&#8221;2_3&#8243; _builder_version=&#8221;4.16&#8243; custom_padding=&#8221;|||&#8221; global_colors_info=&#8221;{}&#8221; custom_padding__hover=&#8221;|||&#8221;][et_pb_text admin_label=&#8221;Otsikko ennen teksti\u00e4 &#8211; Yhteystiedot&#8221; _builder_version=&#8221;4.16&#8243; text_orientation=&#8221;center&#8221; global_colors_info=&#8221;{}&#8221;]<\/p>\n<h1>Yhteystiedot<\/h1>\n<p>[\/et_pb_text][\/et_pb_column_inner][\/et_pb_row_inner][et_pb_row_inner column_structure=&#8221;1_2,1_2&#8243; admin_label=&#8221;Rivi&#8221; _builder_version=&#8221;4.16&#8243; custom_margin=&#8221;||20px|&#8221; custom_padding=&#8221;||20px|&#8221; border_width_bottom=&#8221;1px&#8221; border_color_bottom=&#8221;#d8d8d8&#8243; global_colors_info=&#8221;{}&#8221;][et_pb_column_inner type=&#8221;1_2&#8243; saved_specialty_column_type=&#8221;2_3&#8243; _builder_version=&#8221;4.16&#8243; custom_padding=&#8221;||20px|&#8221; global_colors_info=&#8221;{}&#8221; custom_padding__hover=&#8221;|||&#8221;][et_pb_text admin_label=&#8221;Kokoontumispaikka&#8221; _builder_version=&#8221;4.16&#8243; global_colors_info=&#8221;{}&#8221;]<\/p>\n<p><strong>Kokoontumispaikka:<\/strong><\/p>\n<p><span style=\"font-size: 16px\">Linnan Bistro<\/span><\/p>\n<p>Kaivokatu 9<br \/>13100 H\u00e4meenlinna<\/p>\n<p><strong>Kokoontumisaika:<\/strong><br \/>P\u00e4\u00e4s\u00e4\u00e4nt\u00f6isesti tiistaisin kello 11.30.<\/p>\n<p>Varmista kokoontumisaika ja -paikka tapahtumakalenterista!<\/p>\n<p>[\/et_pb_text][\/et_pb_column_inner][et_pb_column_inner type=&#8221;1_2&#8243; saved_specialty_column_type=&#8221;2_3&#8243; _builder_version=&#8221;4.16&#8243; custom_padding=&#8221;||20px|&#8221; global_colors_info=&#8221;{}&#8221; custom_padding__hover=&#8221;|||&#8221;][et_pb_map address=&#8221;Kaivokatu 9, 13100 H\u00e4meenlinna, Finland&#8221; zoom_level=&#8221;16&#8243; address_lat=&#8221;60.9945672&#8243; address_lng=&#8221;24.4567884&#8243; admin_label=&#8221;Kokoontumispaikka &#8211; Kartta&#8221; _builder_version=&#8221;4.18.0&#8243; global_colors_info=&#8221;{}&#8221;][et_pb_map_pin title=&#8221;Cantina Pannuhuone&#8221; pin_address=&#8221;Kaivokatu 9, 13100 H\u00e4meenlinna, Finland&#8221; pin_address_lat=&#8221;60.9945672&#8243; pin_address_lng=&#8221;24.4567884&#8243; _builder_version=&#8221;4.18.0&#8243; _module_preset=&#8221;default&#8221; global_colors_info=&#8221;{}&#8221;][\/et_pb_map_pin][\/et_pb_map][\/et_pb_column_inner][\/et_pb_row_inner][et_pb_row_inner column_structure=&#8221;1_2,1_2&#8243; admin_label=&#8221;Rivi&#8221; _builder_version=&#8221;4.16&#8243; custom_margin=&#8221;20px||20px|&#8221; custom_padding=&#8221;20px||20px|&#8221; global_colors_info=&#8221;{}&#8221;][et_pb_column_inner type=&#8221;1_2&#8243; saved_specialty_column_type=&#8221;2_3&#8243; _builder_version=&#8221;4.16&#8243; custom_padding=&#8221;||20px|&#8221; global_colors_info=&#8221;{}&#8221; custom_padding__hover=&#8221;|||&#8221;][et_pb_text admin_label=&#8221;Presidentti&#8221; _builder_version=&#8221;4.16&#8243; global_colors_info=&#8221;{}&#8221;]<\/p>\n<h3>Presidentti<\/h3>\n<p>Jukka Lepist\u00f6<\/p>\n<p>p. 044-544 4318<\/p>\n<p><a href=\"mailto:freelanceryear@gmail.com\">jukka.lepisto@pp2.inet.fi<\/a><\/p>\n<p>[\/et_pb_text][\/et_pb_column_inner][et_pb_column_inner type=&#8221;1_2&#8243; saved_specialty_column_type=&#8221;2_3&#8243; _builder_version=&#8221;4.16&#8243; custom_padding=&#8221;||20px|&#8221; global_colors_info=&#8221;{}&#8221; custom_padding__hover=&#8221;|||&#8221;][et_pb_text admin_label=&#8221;Sihteeri&#8221; _builder_version=&#8221;4.16&#8243; global_colors_info=&#8221;{}&#8221;]<\/p>\n<h3>Sihteeri<\/h3>\n<p>Helena Rantanen<\/p>\n<p>p. 0500-61 1150<\/p>\n<p><a href=\"mailto:risto.vatanen01@gmail.com\">helena.rantanen@elisanet.fi<\/a><\/p>\n<p>[\/et_pb_text][\/et_pb_column_inner][\/et_pb_row_inner][et_pb_row_inner column_structure=&#8221;1_2,1_2&#8243; _builder_version=&#8221;4.16&#8243; global_colors_info=&#8221;{}&#8221;][et_pb_column_inner type=&#8221;1_2&#8243; saved_specialty_column_type=&#8221;2_3&#8243; _builder_version=&#8221;4.16&#8243; global_colors_info=&#8221;{}&#8221;][et_pb_text _builder_version=&#8221;4.16&#8243; global_colors_info=&#8221;{}&#8221;]<\/p>\n<h3>Nettisivun sis\u00e4lt\u00f6<\/h3>\n<p>Esko Kauppinen<\/p>\n<p>p.\u00a0<\/p>\n<p>ark.arkisto@gmail.com<\/p>\n<p>[\/et_pb_text][\/et_pb_column_inner][et_pb_column_inner type=&#8221;1_2&#8243; saved_specialty_column_type=&#8221;2_3&#8243; _builder_version=&#8221;4.16&#8243; global_colors_info=&#8221;{}&#8221;][et_pb_text _builder_version=&#8221;4.16&#8243; global_colors_info=&#8221;{}&#8221;]<\/p>\n<h3>Nuorisovaihto<\/h3>\n<p>Arja Weeraratne<\/p>\n<p>p. +358 50 548 9049<\/p>\n<p>arja.weeraratne@remax.fi<\/p>\n<p>[\/et_pb_text][\/et_pb_column_inner][\/et_pb_row_inner][\/et_pb_column][et_pb_column type=&#8221;1_3&#8243; _builder_version=&#8221;4.16&#8243; custom_padding=&#8221;|||&#8221; global_colors_info=&#8221;{}&#8221; custom_padding__hover=&#8221;|||&#8221;][et_pb_sidebar area=&#8221;sidebar-1&#8243; module_class=&#8221;sivupalkki_sisalto&#8221; _builder_version=&#8221;4.16&#8243; global_colors_info=&#8221;{}&#8221;]<\/p>\n<p>&nbsp;<\/p>\n<p>[\/et_pb_sidebar][\/et_pb_column][\/et_pb_section]<\/p>\n","protected":false},"excerpt":{"rendered":"<p>Yhteystiedot Yhteystiedot Kokoontumispaikka: Linnan Bistro Kaivokatu 913100 H\u00e4meenlinna Kokoontumisaika:P\u00e4\u00e4s\u00e4\u00e4nt\u00f6isesti tiistaisin kello 11.30. Varmista kokoontumisaika ja -paikka tapahtumakalenterista!Presidentti Jukka Lepist\u00f6 p. 044-544 4318 jukka.lepisto@pp2.inet.fiSihteeri Helena Rantanen p. 0500-61 1150 helena.rantanen@elisanet.fiNettisivun sis\u00e4lt\u00f6 Esko Kauppinen p.\u00a0 ark.arkisto@gmail.comNuorisovaihto Arja Weeraratne p. +358 50 548 9049 arja.weeraratne@remax.fi&nbsp;<\/p>\n","protected":false},"author":1,"featured_media":0,"parent":0,"menu_order":0,"comment_status":"closed","ping_status":"closed","template":"","meta":{"_acf_changed":false,"_et_pb_use_builder":"on","_et_pb_old_content":"","_et_gb_content_width":"","footnotes":""},"class_list":["post-98","page","type-page","status-publish","hentry"],"acf":[],"yoast_head":"<!-- This site is optimized with the Yoast SEO plugin v27.0 - https:\/\/yoast.com\/product\/yoast-seo-wordpress\/ -->\n<title>Yhteystiedot - Aulangon Rotaryklubi<\/title>\n<meta name=\"robots\" content=\"index, follow, max-snippet:-1, max-image-preview:large, max-video-preview:-1\" \/>\n<link rel=\"canonical\" href=\"https:\/\/rotary.fi\/aulangonrotaryklubi\/yhteystiedot\/\" \/>\n<meta property=\"og:locale\" content=\"fi_FI\" \/>\n<meta property=\"og:type\" content=\"article\" \/>\n<meta property=\"og:title\" content=\"Yhteystiedot - Aulangon Rotaryklubi\" \/>\n<meta property=\"og:description\" content=\"Yhteystiedot Yhteystiedot Kokoontumispaikka: Linnan Bistro Kaivokatu 913100 H\u00e4meenlinna Kokoontumisaika:P\u00e4\u00e4s\u00e4\u00e4nt\u00f6isesti tiistaisin kello 11.30. Varmista kokoontumisaika ja -paikka tapahtumakalenterista!Presidentti Jukka Lepist\u00f6 p. 044-544 4318 jukka.lepisto@pp2.inet.fiSihteeri Helena Rantanen p. 0500-61 1150 helena.rantanen@elisanet.fiNettisivun sis\u00e4lt\u00f6 Esko Kauppinen p.\u00a0 ark.arkisto@gmail.comNuorisovaihto Arja Weeraratne p. +358 50 548 9049 arja.weeraratne@remax.fi&nbsp;\" \/>\n<meta property=\"og:url\" content=\"https:\/\/rotary.fi\/aulangonrotaryklubi\/yhteystiedot\/\" \/>\n<meta property=\"og:site_name\" content=\"Aulangon Rotaryklubi\" \/>\n<meta property=\"article:modified_time\" content=\"2024-09-07T07:10:29+00:00\" \/>\n<meta name=\"twitter:card\" content=\"summary_large_image\" \/>\n<meta name=\"twitter:label1\" content=\"Arvioitu lukuaika\" \/>\n\t<meta name=\"twitter:data1\" content=\"3 minuuttia\" \/>\n<script type=\"application\/ld+json\" class=\"yoast-schema-graph\">{\"@context\":\"https:\/\/schema.org\",\"@graph\":[{\"@type\":\"WebPage\",\"@id\":\"https:\/\/rotary.fi\/aulangonrotaryklubi\/yhteystiedot\/\",\"url\":\"https:\/\/rotary.fi\/aulangonrotaryklubi\/yhteystiedot\/\",\"name\":\"Yhteystiedot - Aulangon Rotaryklubi\",\"isPartOf\":{\"@id\":\"https:\/\/rotary.fi\/aulangonrotaryklubi\/#website\"},\"datePublished\":\"2018-08-09T12:17:32+00:00\",\"dateModified\":\"2024-09-07T07:10:29+00:00\",\"breadcrumb\":{\"@id\":\"https:\/\/rotary.fi\/aulangonrotaryklubi\/yhteystiedot\/#breadcrumb\"},\"inLanguage\":\"fi\",\"potentialAction\":[{\"@type\":\"ReadAction\",\"target\":[\"https:\/\/rotary.fi\/aulangonrotaryklubi\/yhteystiedot\/\"]}]},{\"@type\":\"BreadcrumbList\",\"@id\":\"https:\/\/rotary.fi\/aulangonrotaryklubi\/yhteystiedot\/#breadcrumb\",\"itemListElement\":[{\"@type\":\"ListItem\",\"position\":1,\"name\":\"Home\",\"item\":\"https:\/\/rotary.fi\/aulangonrotaryklubi\/\"},{\"@type\":\"ListItem\",\"position\":2,\"name\":\"Yhteystiedot\"}]},{\"@type\":\"WebSite\",\"@id\":\"https:\/\/rotary.fi\/aulangonrotaryklubi\/#website\",\"url\":\"https:\/\/rotary.fi\/aulangonrotaryklubi\/\",\"name\":\"Aulangon Rotaryklubi\",\"description\":\"Uusi Rotary klubisivusto\",\"potentialAction\":[{\"@type\":\"SearchAction\",\"target\":{\"@type\":\"EntryPoint\",\"urlTemplate\":\"https:\/\/rotary.fi\/aulangonrotaryklubi\/?s={search_term_string}\"},\"query-input\":{\"@type\":\"PropertyValueSpecification\",\"valueRequired\":true,\"valueName\":\"search_term_string\"}}],\"inLanguage\":\"fi\"}]}<\/script>\n<!-- \/ Yoast SEO plugin. -->","yoast_head_json":{"title":"Yhteystiedot - Aulangon Rotaryklubi","robots":{"index":"index","follow":"follow","max-snippet":"max-snippet:-1","max-image-preview":"max-image-preview:large","max-video-preview":"max-video-preview:-1"},"canonical":"https:\/\/rotary.fi\/aulangonrotaryklubi\/yhteystiedot\/","og_locale":"fi_FI","og_type":"article","og_title":"Yhteystiedot - Aulangon Rotaryklubi","og_description":"Yhteystiedot Yhteystiedot Kokoontumispaikka: Linnan Bistro Kaivokatu 913100 H\u00e4meenlinna Kokoontumisaika:P\u00e4\u00e4s\u00e4\u00e4nt\u00f6isesti tiistaisin kello 11.30. Varmista kokoontumisaika ja -paikka tapahtumakalenterista!Presidentti Jukka Lepist\u00f6 p. 044-544 4318 jukka.lepisto@pp2.inet.fiSihteeri Helena Rantanen p. 0500-61 1150 helena.rantanen@elisanet.fiNettisivun sis\u00e4lt\u00f6 Esko Kauppinen p.\u00a0 ark.arkisto@gmail.comNuorisovaihto Arja Weeraratne p. +358 50 548 9049 arja.weeraratne@remax.fi&nbsp;","og_url":"https:\/\/rotary.fi\/aulangonrotaryklubi\/yhteystiedot\/","og_site_name":"Aulangon Rotaryklubi","article_modified_time":"2024-09-07T07:10:29+00:00","twitter_card":"summary_large_image","twitter_misc":{"Arvioitu lukuaika":"3 minuuttia"},"schema":{"@context":"https:\/\/schema.org","@graph":[{"@type":"WebPage","@id":"https:\/\/rotary.fi\/aulangonrotaryklubi\/yhteystiedot\/","url":"https:\/\/rotary.fi\/aulangonrotaryklubi\/yhteystiedot\/","name":"Yhteystiedot - Aulangon Rotaryklubi","isPartOf":{"@id":"https:\/\/rotary.fi\/aulangonrotaryklubi\/#website"},"datePublished":"2018-08-09T12:17:32+00:00","dateModified":"2024-09-07T07:10:29+00:00","breadcrumb":{"@id":"https:\/\/rotary.fi\/aulangonrotaryklubi\/yhteystiedot\/#breadcrumb"},"inLanguage":"fi","potentialAction":[{"@type":"ReadAction","target":["https:\/\/rotary.fi\/aulangonrotaryklubi\/yhteystiedot\/"]}]},{"@type":"BreadcrumbList","@id":"https:\/\/rotary.fi\/aulangonrotaryklubi\/yhteystiedot\/#breadcrumb","itemListElement":[{"@type":"ListItem","position":1,"name":"Home","item":"https:\/\/rotary.fi\/aulangonrotaryklubi\/"},{"@type":"ListItem","position":2,"name":"Yhteystiedot"}]},{"@type":"WebSite","@id":"https:\/\/rotary.fi\/aulangonrotaryklubi\/#website","url":"https:\/\/rotary.fi\/aulangonrotaryklubi\/","name":"Aulangon Rotaryklubi","description":"Uusi Rotary klubisivusto","potentialAction":[{"@type":"SearchAction","target":{"@type":"EntryPoint","urlTemplate":"https:\/\/rotary.fi\/aulangonrotaryklubi\/?s={search_term_string}"},"query-input":{"@type":"PropertyValueSpecification","valueRequired":true,"valueName":"search_term_string"}}],"inLanguage":"fi"}]}},"lang":"fi","translations":{"fi":98},"pll_sync_post":[],"_links":{"self":[{"href":"https:\/\/rotary.fi\/aulangonrotaryklubi\/wp-json\/wp\/v2\/pages\/98","targetHints":{"allow":["GET"]}}],"collection":[{"href":"https:\/\/rotary.fi\/aulangonrotaryklubi\/wp-json\/wp\/v2\/pages"}],"about":[{"href":"https:\/\/rotary.fi\/aulangonrotaryklubi\/wp-json\/wp\/v2\/types\/page"}],"author":[{"embeddable":true,"href":"https:\/\/rotary.fi\/aulangonrotaryklubi\/wp-json\/wp\/v2\/users\/1"}],"replies":[{"embeddable":true,"href":"https:\/\/rotary.fi\/aulangonrotaryklubi\/wp-json\/wp\/v2\/comments?post=98"}],"version-history":[{"count":11,"href":"https:\/\/rotary.fi\/aulangonrotaryklubi\/wp-json\/wp\/v2\/pages\/98\/revisions"}],"predecessor-version":[{"id":1700,"href":"https:\/\/rotary.fi\/aulangonrotaryklubi\/wp-json\/wp\/v2\/pages\/98\/revisions\/1700"}],"wp:attachment":[{"href":"https:\/\/rotary.fi\/aulangonrotaryklubi\/wp-json\/wp\/v2\/media?parent=98"}],"curies":[{"name":"wp","href":"https:\/\/api.w.org\/{rel}","templated":true}]}}