{"id":1617,"date":"2020-09-06T16:06:40","date_gmt":"2020-09-06T13:06:40","guid":{"rendered":"https:\/\/rotary.fi\/aulangonrotaryklubi\/?page_id=1617"},"modified":"2020-09-06T16:20:10","modified_gmt":"2020-09-06T13:20:10","slug":"aulangon-rotaryklubin-saannot","status":"publish","type":"page","link":"https:\/\/rotary.fi\/aulangonrotaryklubi\/aulangon-rotaryklubin-saannot\/","title":{"rendered":"Aulangon Rotaryklubin s\u00e4\u00e4nn\u00f6t"},"content":{"rendered":"<p>[et_pb_section][et_pb_row][et_pb_column type=&#8221;4_4&#8243;][et_pb_text]<\/p>\n<p>Lataa t\u00e4st\u00e4:<\/p>\n<p><a href=\"https:\/\/rotary.fi\/aulangonrotaryklubi\/wp-content\/uploads\/sites\/196\/2020\/09\/Aulangon-Rotaryklubi-s\u00e4\u00e4nn\u00f6t-2019.doc\">Aulangon Rotaryklubi s\u00e4\u00e4nn\u00f6t<\/a><\/p>\n<p>&nbsp;<\/p>\n<p>[\/et_pb_text][\/et_pb_column][\/et_pb_row][\/et_pb_section]<\/p>\n","protected":false},"excerpt":{"rendered":"<p><div class=\"et_pb_section et_pb_section_0 et_section_regular\" >\n\t\t\t\t\n\t\t\t\t\n\t\t\t\t\n\t\t\t\t\n\t\t\t\t\n\t\t\t\t\n\t\t\t\t\n\t\t\t\t\n\t\t\t\t\n\t\t\t<\/div><div class=\"et_pb_row et_pb_row_0 et_pb_row_empty\">\n\t\t\t\t\n\t\t\t\t\n\t\t\t\t\n\t\t\t\t\n\t\t\t\t\n\t\t\t<\/div><div class=\"et_pb_module et_pb_text et_pb_text_0  et_pb_text_align_left et_pb_bg_layout_light\">\n\t\t\t\t\n\t\t\t\t\n\t\t\t\t\n\t\t\t\t\n\t\t\t\t\n\t\t\t<\/div> Lataa t\u00e4st\u00e4: Aulangon Rotaryklubi s\u00e4\u00e4nn\u00f6t &nbsp;<\/p>\n","protected":false},"author":403,"featured_media":0,"parent":0,"menu_order":0,"comment_status":"closed","ping_status":"closed","template":"","meta":{"_acf_changed":false,"_et_pb_use_builder":"on","_et_pb_old_content":"<p>Lataa t\u00e4st\u00e4:<\/p><p><a href=\"https:\/\/rotary.fi\/aulangonrotaryklubi\/wp-content\/uploads\/sites\/196\/2020\/09\/Aulangon-Rotaryklubi-s\u00e4\u00e4nn\u00f6t-2019.doc\">Aulangon Rotaryklubi s\u00e4\u00e4nn\u00f6t<\/a><\/p><p>\u00a0<\/p>","_et_gb_content_width":"","footnotes":""},"class_list":["post-1617","page","type-page","status-publish","hentry"],"acf":[],"yoast_head":"<!-- This site is optimized with the Yoast SEO plugin v27.0 - https:\/\/yoast.com\/product\/yoast-seo-wordpress\/ -->\n<title>Aulangon Rotaryklubin s\u00e4\u00e4nn\u00f6t - Aulangon Rotaryklubi<\/title>\n<meta name=\"robots\" content=\"index, follow, max-snippet:-1, max-image-preview:large, max-video-preview:-1\" \/>\n<link rel=\"canonical\" href=\"https:\/\/rotary.fi\/aulangonrotaryklubi\/aulangon-rotaryklubin-saannot\/\" \/>\n<meta property=\"og:locale\" content=\"fi_FI\" \/>\n<meta property=\"og:type\" content=\"article\" \/>\n<meta property=\"og:title\" content=\"Aulangon Rotaryklubin s\u00e4\u00e4nn\u00f6t - Aulangon Rotaryklubi\" \/>\n<meta property=\"og:description\" content=\"Lataa t\u00e4st\u00e4: Aulangon Rotaryklubi s\u00e4\u00e4nn\u00f6t &nbsp;\" \/>\n<meta property=\"og:url\" content=\"https:\/\/rotary.fi\/aulangonrotaryklubi\/aulangon-rotaryklubin-saannot\/\" \/>\n<meta property=\"og:site_name\" content=\"Aulangon Rotaryklubi\" \/>\n<meta property=\"article:modified_time\" content=\"2020-09-06T13:20:10+00:00\" \/>\n<meta name=\"twitter:card\" content=\"summary_large_image\" \/>\n<script type=\"application\/ld+json\" class=\"yoast-schema-graph\">{\"@context\":\"https:\/\/schema.org\",\"@graph\":[{\"@type\":\"WebPage\",\"@id\":\"https:\/\/rotary.fi\/aulangonrotaryklubi\/aulangon-rotaryklubin-saannot\/\",\"url\":\"https:\/\/rotary.fi\/aulangonrotaryklubi\/aulangon-rotaryklubin-saannot\/\",\"name\":\"Aulangon Rotaryklubin s\u00e4\u00e4nn\u00f6t - Aulangon Rotaryklubi\",\"isPartOf\":{\"@id\":\"https:\/\/rotary.fi\/aulangonrotaryklubi\/#website\"},\"datePublished\":\"2020-09-06T13:06:40+00:00\",\"dateModified\":\"2020-09-06T13:20:10+00:00\",\"breadcrumb\":{\"@id\":\"https:\/\/rotary.fi\/aulangonrotaryklubi\/aulangon-rotaryklubin-saannot\/#breadcrumb\"},\"inLanguage\":\"fi\",\"potentialAction\":[{\"@type\":\"ReadAction\",\"target\":[\"https:\/\/rotary.fi\/aulangonrotaryklubi\/aulangon-rotaryklubin-saannot\/\"]}]},{\"@type\":\"BreadcrumbList\",\"@id\":\"https:\/\/rotary.fi\/aulangonrotaryklubi\/aulangon-rotaryklubin-saannot\/#breadcrumb\",\"itemListElement\":[{\"@type\":\"ListItem\",\"position\":1,\"name\":\"Home\",\"item\":\"https:\/\/rotary.fi\/aulangonrotaryklubi\/\"},{\"@type\":\"ListItem\",\"position\":2,\"name\":\"Aulangon Rotaryklubin s\u00e4\u00e4nn\u00f6t\"}]},{\"@type\":\"WebSite\",\"@id\":\"https:\/\/rotary.fi\/aulangonrotaryklubi\/#website\",\"url\":\"https:\/\/rotary.fi\/aulangonrotaryklubi\/\",\"name\":\"Aulangon Rotaryklubi\",\"description\":\"Uusi Rotary klubisivusto\",\"potentialAction\":[{\"@type\":\"SearchAction\",\"target\":{\"@type\":\"EntryPoint\",\"urlTemplate\":\"https:\/\/rotary.fi\/aulangonrotaryklubi\/?s={search_term_string}\"},\"query-input\":{\"@type\":\"PropertyValueSpecification\",\"valueRequired\":true,\"valueName\":\"search_term_string\"}}],\"inLanguage\":\"fi\"}]}<\/script>\n<!-- \/ Yoast SEO plugin. -->","yoast_head_json":{"title":"Aulangon Rotaryklubin s\u00e4\u00e4nn\u00f6t - Aulangon Rotaryklubi","robots":{"index":"index","follow":"follow","max-snippet":"max-snippet:-1","max-image-preview":"max-image-preview:large","max-video-preview":"max-video-preview:-1"},"canonical":"https:\/\/rotary.fi\/aulangonrotaryklubi\/aulangon-rotaryklubin-saannot\/","og_locale":"fi_FI","og_type":"article","og_title":"Aulangon Rotaryklubin s\u00e4\u00e4nn\u00f6t - Aulangon Rotaryklubi","og_description":"Lataa t\u00e4st\u00e4: Aulangon Rotaryklubi s\u00e4\u00e4nn\u00f6t &nbsp;","og_url":"https:\/\/rotary.fi\/aulangonrotaryklubi\/aulangon-rotaryklubin-saannot\/","og_site_name":"Aulangon Rotaryklubi","article_modified_time":"2020-09-06T13:20:10+00:00","twitter_card":"summary_large_image","schema":{"@context":"https:\/\/schema.org","@graph":[{"@type":"WebPage","@id":"https:\/\/rotary.fi\/aulangonrotaryklubi\/aulangon-rotaryklubin-saannot\/","url":"https:\/\/rotary.fi\/aulangonrotaryklubi\/aulangon-rotaryklubin-saannot\/","name":"Aulangon Rotaryklubin s\u00e4\u00e4nn\u00f6t - Aulangon Rotaryklubi","isPartOf":{"@id":"https:\/\/rotary.fi\/aulangonrotaryklubi\/#website"},"datePublished":"2020-09-06T13:06:40+00:00","dateModified":"2020-09-06T13:20:10+00:00","breadcrumb":{"@id":"https:\/\/rotary.fi\/aulangonrotaryklubi\/aulangon-rotaryklubin-saannot\/#breadcrumb"},"inLanguage":"fi","potentialAction":[{"@type":"ReadAction","target":["https:\/\/rotary.fi\/aulangonrotaryklubi\/aulangon-rotaryklubin-saannot\/"]}]},{"@type":"BreadcrumbList","@id":"https:\/\/rotary.fi\/aulangonrotaryklubi\/aulangon-rotaryklubin-saannot\/#breadcrumb","itemListElement":[{"@type":"ListItem","position":1,"name":"Home","item":"https:\/\/rotary.fi\/aulangonrotaryklubi\/"},{"@type":"ListItem","position":2,"name":"Aulangon Rotaryklubin s\u00e4\u00e4nn\u00f6t"}]},{"@type":"WebSite","@id":"https:\/\/rotary.fi\/aulangonrotaryklubi\/#website","url":"https:\/\/rotary.fi\/aulangonrotaryklubi\/","name":"Aulangon Rotaryklubi","description":"Uusi Rotary klubisivusto","potentialAction":[{"@type":"SearchAction","target":{"@type":"EntryPoint","urlTemplate":"https:\/\/rotary.fi\/aulangonrotaryklubi\/?s={search_term_string}"},"query-input":{"@type":"PropertyValueSpecification","valueRequired":true,"valueName":"search_term_string"}}],"inLanguage":"fi"}]}},"lang":"fi","translations":{"fi":1617},"pll_sync_post":[],"_links":{"self":[{"href":"https:\/\/rotary.fi\/aulangonrotaryklubi\/wp-json\/wp\/v2\/pages\/1617","targetHints":{"allow":["GET"]}}],"collection":[{"href":"https:\/\/rotary.fi\/aulangonrotaryklubi\/wp-json\/wp\/v2\/pages"}],"about":[{"href":"https:\/\/rotary.fi\/aulangonrotaryklubi\/wp-json\/wp\/v2\/types\/page"}],"author":[{"embeddable":true,"href":"https:\/\/rotary.fi\/aulangonrotaryklubi\/wp-json\/wp\/v2\/users\/403"}],"replies":[{"embeddable":true,"href":"https:\/\/rotary.fi\/aulangonrotaryklubi\/wp-json\/wp\/v2\/comments?post=1617"}],"version-history":[{"count":3,"href":"https:\/\/rotary.fi\/aulangonrotaryklubi\/wp-json\/wp\/v2\/pages\/1617\/revisions"}],"predecessor-version":[{"id":1624,"href":"https:\/\/rotary.fi\/aulangonrotaryklubi\/wp-json\/wp\/v2\/pages\/1617\/revisions\/1624"}],"wp:attachment":[{"href":"https:\/\/rotary.fi\/aulangonrotaryklubi\/wp-json\/wp\/v2\/media?parent=1617"}],"curies":[{"name":"wp","href":"https:\/\/api.w.org\/{rel}","templated":true}]}}