{"id":156,"date":"2018-08-13T09:46:59","date_gmt":"2018-08-13T06:46:59","guid":{"rendered":"https:\/\/rotary.fi\/asikkala\/?page_id=156"},"modified":"2021-10-19T20:10:26","modified_gmt":"2021-10-19T17:10:26","slug":"projektit","status":"publish","type":"page","link":"https:\/\/rotary.fi\/asikkala\/mita-teemme\/projektit\/","title":{"rendered":"Projektit"},"content":{"rendered":"<p>[et_pb_section fb_built=&#8221;1&#8243; module_class=&#8221;jumbotron-page&#8221; _builder_version=&#8221;3.22&#8243; background_image=&#8221;https:\/\/rotary.fi\/asikkala\/wp-content\/uploads\/sites\/200\/2018\/08\/rotary_klubit_alasivu_paakuva_5.jpg&#8221;][et_pb_row _builder_version=&#8221;3.25&#8243; background_size=&#8221;initial&#8221; background_position=&#8221;top_left&#8221; background_repeat=&#8221;repeat&#8221;][et_pb_column type=&#8221;4_4&#8243; _builder_version=&#8221;3.25&#8243; custom_padding=&#8221;|||&#8221; custom_padding__hover=&#8221;|||&#8221;][et_pb_text admin_label=&#8221;P\u00e4\u00e4otsikko&#8221; _builder_version=&#8221;3.27.4&#8243; text_orientation=&#8221;center&#8221; background_layout=&#8221;dark&#8221;]<\/p>\n<h1>Projektit<\/h1>\n<p>[\/et_pb_text][\/et_pb_column][\/et_pb_row][\/et_pb_section][et_pb_section fb_built=&#8221;1&#8243; specialty=&#8221;on&#8221; module_class_2=&#8221;sivupalkki&#8221; _builder_version=&#8221;3.22&#8243;][et_pb_column type=&#8221;2_3&#8243; specialty_columns=&#8221;2&#8243; _builder_version=&#8221;3.25&#8243; custom_padding=&#8221;|||&#8221; parallax__hover=&#8221;off&#8221; parallax_method__hover=&#8221;on&#8221; custom_padding__hover=&#8221;|||&#8221;][et_pb_row_inner admin_label=&#8221;Rivi&#8221; _builder_version=&#8221;3.25&#8243;][et_pb_column_inner saved_specialty_column_type=&#8221;2_3&#8243; _builder_version=&#8221;3.25&#8243; custom_padding=&#8221;|||&#8221; parallax__hover=&#8221;off&#8221; parallax_method__hover=&#8221;on&#8221; custom_padding__hover=&#8221;|||&#8221;][et_pb_text admin_label=&#8221;Projektit &#8211; Otsikko&#8221; _builder_version=&#8221;3.27.4&#8243; text_orientation=&#8221;center&#8221;]<\/p>\n<h1>Projektit<\/h1>\n<p>[\/et_pb_text][et_pb_text _builder_version=&#8221;3.27.4&#8243;]<\/p>\n<p>\u00a0\u00a0\u00a0 Rotary on palveluj\u00e4rjest\u00f6. Toimimme tunnuslauseemme Palvelu itsekkyyden edelle (Service above self) mukaisesti paikallisesti ja maailmanlaajuisesti. Kansainv\u00e4linen humanit\u00e4\u00e4rinen palvelumme toteutuu Rotarys\u00e4\u00e4ti\u00f6mme koordinoimana ja hyv\u00e4ksyttyjen kumppaneiden kanssa.<\/p>\n<p><strong>Nuotanveto ja rantakala<\/strong><\/p>\n<p><strong><\/strong><\/p>\n<p>Asikkalan Rotaryklubin erikoisin ja samalla mielenkiintoisin vuotuinen tapahtuma on kes\u00e4inen nuotanveto. T\u00e4llaista toimintamuotoa ei l\u00f6ydy yhdelt\u00e4k\u00e4\u00e4n muulta klubilta Suomesta, tuskinpa yhdelt\u00e4k\u00e4\u00e4n muulta maailman 17 000 klubilta.<\/p>\n<p>Nuotanveto sai alkunsa heti klubin syntymisen j\u00e4lkeen, kun rotari Emil Ala-Pietil\u00e4 kutsui j\u00e4senet P\u00e4ij\u00e4nteen Vohlastensaareen vet\u00e4m\u00e4\u00e4n nuottaa ja sy\u00f6m\u00e4\u00e4n rantakalaa. Tapahtumasta syntyi perinne, joka on jatkunut katkeamatta kes\u00e4st\u00e4 kes\u00e4\u00e4n. Hein\u00e4kuussa 2021 vedettiin Vohlastensaaren l\u00e4hiapajilla 65. rotarynuotta. P\u00e4iv\u00e4 alkaa aina varhain kaluston kuljetuksella saareen. P\u00e4iv\u00e4n mittaan vedet\u00e4\u00e4n kaksi apajaa ja saalis p\u00e4\u00e4tyy kalakeittoon, jota tarjoillaan illalla rantakalatapahtumassa talaalla.<\/p>\n<p>Mukavan yhdess\u00e4olon lis\u00e4ksi perinteell\u00e4 on vakavampikin tavoite. Nuottaaminen on hoitokalastusta, joka on yksi tavoista, jonka kautta klubi on mukana kuntamme l\u00e4hivesien kunnossapidossa. Nykyisin k\u00e4yt\u00f6ss\u00e4 oleva nuotta on klubilaisten itse punoma. Klubissa on my\u00f6s erikseen nimetty nuottamestari, joka huolehtii tapahtuman k\u00e4yt\u00e4nn\u00f6n kulusta. Nykyinen nuottamestari on Reijo J\u00e4ntti.<\/p>\n<p><strong><\/strong><\/p>\n<p>[\/et_pb_text][et_pb_image src=&#8221;https:\/\/rotary.fi\/asikkala\/wp-content\/uploads\/sites\/200\/2021\/10\/matala-mw-0173-07292021.jpg&#8221; _builder_version=&#8221;4.9.10&#8243; _module_preset=&#8221;default&#8221; title_text=&#8221;Matala_mw-0173_07292021&#8243; hover_enabled=&#8221;0&#8243; sticky_enabled=&#8221;0&#8243;][\/et_pb_image][et_pb_text _builder_version=&#8221;4.9.10&#8243; _module_preset=&#8221;default&#8221; hover_enabled=&#8221;0&#8243; sticky_enabled=&#8221;0&#8243; custom_padding=&#8221;||0px|||&#8221;]<\/p>\n<p><strong><\/strong><\/p>\n<p><strong>Mets\u00e4nistutus<\/strong><strong><\/strong><\/p>\n<p>Klubin toinen ymp\u00e4rist\u00f6teemainen projekti on ollut jo pitk\u00e4\u00e4n mets\u00e4nistutus. Liki vuosittain olemme kokoontuneet uudistamaan mets\u00e4alaa jossain p\u00e4in Asikkalaa. Uusien puiden istuttaminen on keinomme pienent\u00e4\u00e4 klubin hiilijalanj\u00e4lke\u00e4 ja samalla viett\u00e4\u00e4 mukavaa yhteist\u00e4 rotariaikaa luonnon parissa tarjoilujen kera. Lis\u00e4etuna istutustalkoissa on ollut viel\u00e4 pieni rahallinen hy\u00f6ty klubin kassaan. Jos jonakin vuonna ei ole istutuksia ollut tarjolla olemme tehneet muita mets\u00e4aiheisia retki\u00e4 pit\u00e4m\u00e4\u00e4n luontosuhdetta yll\u00e4.<\/p>\n<p>[\/et_pb_text][et_pb_image src=&#8221;https:\/\/rotary.fi\/asikkala\/wp-content\/uploads\/sites\/200\/2021\/10\/191443686-1486934931637879-7800767763174753149-n.jpg&#8221; _builder_version=&#8221;4.9.10&#8243; _module_preset=&#8221;default&#8221; title_text=&#8221;191443686_1486934931637879_7800767763174753149_n&#8221; hover_enabled=&#8221;0&#8243; sticky_enabled=&#8221;0&#8243;][\/et_pb_image][\/et_pb_column_inner][\/et_pb_row_inner][\/et_pb_column][et_pb_column type=&#8221;1_3&#8243; module_class=&#8221;sivupalkki&#8221; _builder_version=&#8221;3.25&#8243; custom_padding=&#8221;|||&#8221; parallax__hover=&#8221;off&#8221; parallax_method__hover=&#8221;on&#8221; module_class__hover=&#8221;sivupalkki&#8221; custom_padding__hover=&#8221;|||&#8221;][et_pb_sidebar area=&#8221;sidebar-1&#8243; module_class=&#8221;sivupalkki_sisalto&#8221; _builder_version=&#8221;3.4.1&#8243; locked=&#8221;on&#8221;][\/et_pb_sidebar][\/et_pb_column][\/et_pb_section]<\/p>\n","protected":false},"excerpt":{"rendered":"<p>Projektit Projektit \u00a0\u00a0\u00a0 Rotary on palveluj\u00e4rjest\u00f6. Toimimme tunnuslauseemme Palvelu itsekkyyden edelle (Service above self) mukaisesti paikallisesti ja maailmanlaajuisesti. Kansainv\u00e4linen humanit\u00e4\u00e4rinen palvelumme toteutuu Rotarys\u00e4\u00e4ti\u00f6mme koordinoimana ja hyv\u00e4ksyttyjen kumppaneiden kanssa. Nuotanveto ja rantakala Asikkalan Rotaryklubin erikoisin ja samalla mielenkiintoisin vuotuinen tapahtuma on kes\u00e4inen nuotanveto. T\u00e4llaista toimintamuotoa ei l\u00f6ydy yhdelt\u00e4k\u00e4\u00e4n muulta klubilta Suomesta, tuskinpa yhdelt\u00e4k\u00e4\u00e4n muulta maailman 17 [&hellip;]<\/p>\n","protected":false},"author":1,"featured_media":0,"parent":77,"menu_order":0,"comment_status":"closed","ping_status":"closed","template":"","meta":{"_acf_changed":false,"_et_pb_use_builder":"on","_et_pb_old_content":"","_et_gb_content_width":"","footnotes":""},"class_list":["post-156","page","type-page","status-publish","hentry"],"acf":[],"yoast_head":"<!-- This site is optimized with the Yoast SEO plugin v27.4 - https:\/\/yoast.com\/product\/yoast-seo-wordpress\/ -->\n<title>Projektit - Asikkalan rotaryklubi<\/title>\n<meta name=\"robots\" content=\"index, follow, max-snippet:-1, max-image-preview:large, max-video-preview:-1\" \/>\n<link rel=\"canonical\" href=\"https:\/\/rotary.fi\/asikkala\/mita-teemme\/projektit\/\" \/>\n<meta property=\"og:locale\" content=\"fi_FI\" \/>\n<meta property=\"og:type\" content=\"article\" \/>\n<meta property=\"og:title\" content=\"Projektit - Asikkalan rotaryklubi\" \/>\n<meta property=\"og:description\" content=\"Projektit Projektit \u00a0\u00a0\u00a0 Rotary on palveluj\u00e4rjest\u00f6. Toimimme tunnuslauseemme Palvelu itsekkyyden edelle (Service above self) mukaisesti paikallisesti ja maailmanlaajuisesti. Kansainv\u00e4linen humanit\u00e4\u00e4rinen palvelumme toteutuu Rotarys\u00e4\u00e4ti\u00f6mme koordinoimana ja hyv\u00e4ksyttyjen kumppaneiden kanssa. Nuotanveto ja rantakala Asikkalan Rotaryklubin erikoisin ja samalla mielenkiintoisin vuotuinen tapahtuma on kes\u00e4inen nuotanveto. T\u00e4llaista toimintamuotoa ei l\u00f6ydy yhdelt\u00e4k\u00e4\u00e4n muulta klubilta Suomesta, tuskinpa yhdelt\u00e4k\u00e4\u00e4n muulta maailman 17 [&hellip;]\" \/>\n<meta property=\"og:url\" content=\"https:\/\/rotary.fi\/asikkala\/mita-teemme\/projektit\/\" \/>\n<meta property=\"og:site_name\" content=\"Asikkalan rotaryklubi\" \/>\n<meta property=\"article:modified_time\" content=\"2021-10-19T17:10:26+00:00\" \/>\n<meta name=\"twitter:card\" content=\"summary_large_image\" \/>\n<meta name=\"twitter:label1\" content=\"Arvioitu lukuaika\" \/>\n\t<meta name=\"twitter:data1\" content=\"3 minuuttia\" \/>\n<script type=\"application\/ld+json\" class=\"yoast-schema-graph\">{\"@context\":\"https:\\\/\\\/schema.org\",\"@graph\":[{\"@type\":\"WebPage\",\"@id\":\"https:\\\/\\\/rotary.fi\\\/asikkala\\\/mita-teemme\\\/projektit\\\/\",\"url\":\"https:\\\/\\\/rotary.fi\\\/asikkala\\\/mita-teemme\\\/projektit\\\/\",\"name\":\"Projektit - Asikkalan rotaryklubi\",\"isPartOf\":{\"@id\":\"https:\\\/\\\/rotary.fi\\\/asikkala\\\/#website\"},\"datePublished\":\"2018-08-13T06:46:59+00:00\",\"dateModified\":\"2021-10-19T17:10:26+00:00\",\"breadcrumb\":{\"@id\":\"https:\\\/\\\/rotary.fi\\\/asikkala\\\/mita-teemme\\\/projektit\\\/#breadcrumb\"},\"inLanguage\":\"fi\",\"potentialAction\":[{\"@type\":\"ReadAction\",\"target\":[\"https:\\\/\\\/rotary.fi\\\/asikkala\\\/mita-teemme\\\/projektit\\\/\"]}]},{\"@type\":\"BreadcrumbList\",\"@id\":\"https:\\\/\\\/rotary.fi\\\/asikkala\\\/mita-teemme\\\/projektit\\\/#breadcrumb\",\"itemListElement\":[{\"@type\":\"ListItem\",\"position\":1,\"name\":\"Home\",\"item\":\"https:\\\/\\\/rotary.fi\\\/asikkala\\\/\"},{\"@type\":\"ListItem\",\"position\":2,\"name\":\"Mit\u00e4 teemme\",\"item\":\"https:\\\/\\\/rotary.fi\\\/asikkala\\\/mita-teemme\\\/\"},{\"@type\":\"ListItem\",\"position\":3,\"name\":\"Projektit\"}]},{\"@type\":\"WebSite\",\"@id\":\"https:\\\/\\\/rotary.fi\\\/asikkala\\\/#website\",\"url\":\"https:\\\/\\\/rotary.fi\\\/asikkala\\\/\",\"name\":\"Asikkalan rotaryklubi\",\"description\":\"Uusi Rotary klubisivusto\",\"potentialAction\":[{\"@type\":\"SearchAction\",\"target\":{\"@type\":\"EntryPoint\",\"urlTemplate\":\"https:\\\/\\\/rotary.fi\\\/asikkala\\\/?s={search_term_string}\"},\"query-input\":{\"@type\":\"PropertyValueSpecification\",\"valueRequired\":true,\"valueName\":\"search_term_string\"}}],\"inLanguage\":\"fi\"}]}<\/script>\n<!-- \/ Yoast SEO plugin. -->","yoast_head_json":{"title":"Projektit - Asikkalan rotaryklubi","robots":{"index":"index","follow":"follow","max-snippet":"max-snippet:-1","max-image-preview":"max-image-preview:large","max-video-preview":"max-video-preview:-1"},"canonical":"https:\/\/rotary.fi\/asikkala\/mita-teemme\/projektit\/","og_locale":"fi_FI","og_type":"article","og_title":"Projektit - Asikkalan rotaryklubi","og_description":"Projektit Projektit \u00a0\u00a0\u00a0 Rotary on palveluj\u00e4rjest\u00f6. Toimimme tunnuslauseemme Palvelu itsekkyyden edelle (Service above self) mukaisesti paikallisesti ja maailmanlaajuisesti. Kansainv\u00e4linen humanit\u00e4\u00e4rinen palvelumme toteutuu Rotarys\u00e4\u00e4ti\u00f6mme koordinoimana ja hyv\u00e4ksyttyjen kumppaneiden kanssa. Nuotanveto ja rantakala Asikkalan Rotaryklubin erikoisin ja samalla mielenkiintoisin vuotuinen tapahtuma on kes\u00e4inen nuotanveto. T\u00e4llaista toimintamuotoa ei l\u00f6ydy yhdelt\u00e4k\u00e4\u00e4n muulta klubilta Suomesta, tuskinpa yhdelt\u00e4k\u00e4\u00e4n muulta maailman 17 [&hellip;]","og_url":"https:\/\/rotary.fi\/asikkala\/mita-teemme\/projektit\/","og_site_name":"Asikkalan rotaryklubi","article_modified_time":"2021-10-19T17:10:26+00:00","twitter_card":"summary_large_image","twitter_misc":{"Arvioitu lukuaika":"3 minuuttia"},"schema":{"@context":"https:\/\/schema.org","@graph":[{"@type":"WebPage","@id":"https:\/\/rotary.fi\/asikkala\/mita-teemme\/projektit\/","url":"https:\/\/rotary.fi\/asikkala\/mita-teemme\/projektit\/","name":"Projektit - Asikkalan rotaryklubi","isPartOf":{"@id":"https:\/\/rotary.fi\/asikkala\/#website"},"datePublished":"2018-08-13T06:46:59+00:00","dateModified":"2021-10-19T17:10:26+00:00","breadcrumb":{"@id":"https:\/\/rotary.fi\/asikkala\/mita-teemme\/projektit\/#breadcrumb"},"inLanguage":"fi","potentialAction":[{"@type":"ReadAction","target":["https:\/\/rotary.fi\/asikkala\/mita-teemme\/projektit\/"]}]},{"@type":"BreadcrumbList","@id":"https:\/\/rotary.fi\/asikkala\/mita-teemme\/projektit\/#breadcrumb","itemListElement":[{"@type":"ListItem","position":1,"name":"Home","item":"https:\/\/rotary.fi\/asikkala\/"},{"@type":"ListItem","position":2,"name":"Mit\u00e4 teemme","item":"https:\/\/rotary.fi\/asikkala\/mita-teemme\/"},{"@type":"ListItem","position":3,"name":"Projektit"}]},{"@type":"WebSite","@id":"https:\/\/rotary.fi\/asikkala\/#website","url":"https:\/\/rotary.fi\/asikkala\/","name":"Asikkalan rotaryklubi","description":"Uusi Rotary klubisivusto","potentialAction":[{"@type":"SearchAction","target":{"@type":"EntryPoint","urlTemplate":"https:\/\/rotary.fi\/asikkala\/?s={search_term_string}"},"query-input":{"@type":"PropertyValueSpecification","valueRequired":true,"valueName":"search_term_string"}}],"inLanguage":"fi"}]}},"lang":"fi","translations":{"fi":156,"en":1451},"pll_sync_post":[],"_links":{"self":[{"href":"https:\/\/rotary.fi\/asikkala\/wp-json\/wp\/v2\/pages\/156","targetHints":{"allow":["GET"]}}],"collection":[{"href":"https:\/\/rotary.fi\/asikkala\/wp-json\/wp\/v2\/pages"}],"about":[{"href":"https:\/\/rotary.fi\/asikkala\/wp-json\/wp\/v2\/types\/page"}],"author":[{"embeddable":true,"href":"https:\/\/rotary.fi\/asikkala\/wp-json\/wp\/v2\/users\/1"}],"replies":[{"embeddable":true,"href":"https:\/\/rotary.fi\/asikkala\/wp-json\/wp\/v2\/comments?post=156"}],"version-history":[{"count":6,"href":"https:\/\/rotary.fi\/asikkala\/wp-json\/wp\/v2\/pages\/156\/revisions"}],"predecessor-version":[{"id":1909,"href":"https:\/\/rotary.fi\/asikkala\/wp-json\/wp\/v2\/pages\/156\/revisions\/1909"}],"up":[{"embeddable":true,"href":"https:\/\/rotary.fi\/asikkala\/wp-json\/wp\/v2\/pages\/77"}],"wp:attachment":[{"href":"https:\/\/rotary.fi\/asikkala\/wp-json\/wp\/v2\/media?parent=156"}],"curies":[{"name":"wp","href":"https:\/\/api.w.org\/{rel}","templated":true}]}}