{"id":1481,"date":"2019-02-20T15:26:25","date_gmt":"2019-02-20T13:26:25","guid":{"rendered":"https:\/\/rotary.fi\/asikkala\/?page_id=1481"},"modified":"2025-06-29T17:44:45","modified_gmt":"2025-06-29T14:44:45","slug":"contact-information","status":"publish","type":"page","link":"https:\/\/rotary.fi\/asikkala\/en\/contact-information\/","title":{"rendered":"Contact Information"},"content":{"rendered":"<p>[et_pb_section fb_built=&#8221;1&#8243; module_class=&#8221;jumbotron-page&#8221; _builder_version=&#8221;4.16&#8243; background_image=&#8221;https:\/\/rotary.fi\/asikkala\/wp-content\/uploads\/sites\/200\/2018\/10\/rotary_klubit_alasivu_paakuva_15.jpg&#8221; global_colors_info=&#8221;{}&#8221;][et_pb_row _builder_version=&#8221;4.16&#8243; background_size=&#8221;initial&#8221; background_position=&#8221;top_left&#8221; background_repeat=&#8221;repeat&#8221; global_colors_info=&#8221;{}&#8221;][et_pb_column type=&#8221;4_4&#8243; _builder_version=&#8221;4.16&#8243; custom_padding=&#8221;|||&#8221; global_colors_info=&#8221;{}&#8221; custom_padding__hover=&#8221;|||&#8221;][et_pb_text admin_label=&#8221;P\u00e4\u00e4otsikko: Contact Information&#8221; _builder_version=&#8221;4.16&#8243; text_orientation=&#8221;center&#8221; background_layout=&#8221;dark&#8221; global_colors_info=&#8221;{}&#8221;]<\/p>\n<h1>Contact Information<\/h1>\n<p>[\/et_pb_text][\/et_pb_column][\/et_pb_row][\/et_pb_section][et_pb_section fb_built=&#8221;1&#8243; specialty=&#8221;on&#8221; module_class_2=&#8221;sivupalkki&#8221; _builder_version=&#8221;4.16&#8243; global_colors_info=&#8221;{}&#8221;][et_pb_column type=&#8221;2_3&#8243; specialty_columns=&#8221;2&#8243; _builder_version=&#8221;4.16&#8243; custom_padding=&#8221;|||&#8221; global_colors_info=&#8221;{}&#8221; custom_padding__hover=&#8221;|||&#8221;][et_pb_row_inner admin_label=&#8221;Rivi&#8221; _builder_version=&#8221;4.16&#8243; global_colors_info=&#8221;{}&#8221;][et_pb_column_inner saved_specialty_column_type=&#8221;2_3&#8243; _builder_version=&#8221;4.16&#8243; custom_padding=&#8221;|||&#8221; global_colors_info=&#8221;{}&#8221; custom_padding__hover=&#8221;|||&#8221;][et_pb_text admin_label=&#8221;Otsikko: Contact Information&#8221; _builder_version=&#8221;4.16&#8243; text_orientation=&#8221;center&#8221; global_colors_info=&#8221;{}&#8221;]<\/p>\n<h1>Contact Information<\/h1>\n<p>[\/et_pb_text][et_pb_text _builder_version=&#8221;4.16&#8243; global_colors_info=&#8221;{}&#8221;][\/et_pb_text][\/et_pb_column_inner][\/et_pb_row_inner][et_pb_row_inner column_structure=&#8221;1_2,1_2&#8243; admin_label=&#8221;Rivi&#8221; _builder_version=&#8221;4.16&#8243; custom_margin=&#8221;||20px|&#8221; custom_padding=&#8221;||20px|&#8221; border_width_bottom=&#8221;1px&#8221; border_color_bottom=&#8221;#d8d8d8&#8243; global_colors_info=&#8221;{}&#8221;][et_pb_column_inner type=&#8221;1_2&#8243; saved_specialty_column_type=&#8221;2_3&#8243; _builder_version=&#8221;4.16&#8243; custom_padding=&#8221;||20px|&#8221; global_colors_info=&#8221;{}&#8221; custom_padding__hover=&#8221;|||&#8221;][et_pb_text admin_label=&#8221;Meeting place&#8221; _builder_version=&#8221;4.16&#8243; global_colors_info=&#8221;{}&#8221;]<\/p>\n<p><strong>Meeting place:<\/strong><br \/>Restaurant Majakkapaviljonki<br \/>\u00c4mm\u00e4l\u00e4ntie 20<br \/>FI-17200 V\u00e4\u00e4ksy<\/p>\n<p><strong>Meeting time:<\/strong><br \/>Thursdays 6.00 pm thru 7.00 pm<\/p>\n<p>[\/et_pb_text][\/et_pb_column_inner][et_pb_column_inner type=&#8221;1_2&#8243; saved_specialty_column_type=&#8221;2_3&#8243; _builder_version=&#8221;4.16&#8243; custom_padding=&#8221;||20px|&#8221; global_colors_info=&#8221;{}&#8221; custom_padding__hover=&#8221;|||&#8221;][et_pb_map address=&#8221;\u00c4mm\u00e4l\u00e4ntie 20, 17200 Asikkala, Suomi&#8221; zoom_level=&#8221;16&#8243; address_lat=&#8221;61.1797425&#8243; address_lng=&#8221;25.5450031&#8243; admin_label=&#8221;Kokoontumispaikka &#8211; Kartta&#8221; _builder_version=&#8221;4.16&#8243; global_colors_info=&#8221;{}&#8221;][et_pb_map_pin title=&#8221;Majakkapaviljonki&#8221; pin_address=&#8221;\u00c4mm\u00e4l\u00e4ntie 20, 17200 Asikkala, Suomi&#8221; zoom_level=&#8221;16&#8243; pin_address_lat=&#8221;61.1797425&#8243; pin_address_lng=&#8221;25.5450031&#8243; _builder_version=&#8221;4.9.10&#8243; global_colors_info=&#8221;{}&#8221;][\/et_pb_map_pin][\/et_pb_map][\/et_pb_column_inner][\/et_pb_row_inner][et_pb_row_inner column_structure=&#8221;1_2,1_2&#8243; admin_label=&#8221;Rivi&#8221; _builder_version=&#8221;4.16&#8243; custom_margin=&#8221;20px||20px|&#8221; custom_padding=&#8221;20px||20px|&#8221; global_colors_info=&#8221;{}&#8221;][et_pb_column_inner type=&#8221;1_2&#8243; saved_specialty_column_type=&#8221;2_3&#8243; _builder_version=&#8221;4.16&#8243; custom_padding=&#8221;||20px|&#8221; global_colors_info=&#8221;{}&#8221; custom_padding__hover=&#8221;|||&#8221;][et_pb_text admin_label=&#8221;Presidentti&#8221; _builder_version=&#8221;4.27.4&#8243; hover_enabled=&#8221;0&#8243; global_colors_info=&#8221;{}&#8221; sticky_enabled=&#8221;0&#8243;]<\/p>\n<h3>President<\/h3>\n<p>Tiina Wangel<br \/>tel. +358 400 487 992<br \/><span class=\"D_F rtlI_dz_sSg\" data-test-id=\"email-pill\"><span class=\"C4_Z29WjXl c1McDRG_eo6\" title=\"reijo-jantti@hotmail.com\" data-test-id=\"message-to\">tiina.wangel(at)tiimikke.fi<\/span><\/span><\/p>\n<p>[\/et_pb_text][\/et_pb_column_inner][et_pb_column_inner type=&#8221;1_2&#8243; saved_specialty_column_type=&#8221;2_3&#8243; _builder_version=&#8221;4.16&#8243; custom_padding=&#8221;||20px|&#8221; global_colors_info=&#8221;{}&#8221; custom_padding__hover=&#8221;|||&#8221;][et_pb_text admin_label=&#8221;Secretary&#8221; _builder_version=&#8221;4.25.2&#8243; global_colors_info=&#8221;{}&#8221;]<\/p>\n<h3>Secretary<\/h3>\n<p>Heikki Wilen<br \/>tel. +358 40 5016759<br \/>wilenheikki<span><span data-test-id=\"email-pill\" class=\"D_F rtlI_dz_sSg\"><span class=\"C4_Z29WjXl c1McDRG_eo6\" title=\"reijo-jantti@hotmail.com\" data-test-id=\"message-to\">(at)<\/span><\/span><\/span>yahoo.com<\/p>\n<p>[\/et_pb_text][\/et_pb_column_inner][\/et_pb_row_inner][et_pb_row_inner admin_label=&#8221;Rivi&#8221; _builder_version=&#8221;4.16&#8243; global_colors_info=&#8221;{}&#8221;][et_pb_column_inner saved_specialty_column_type=&#8221;2_3&#8243; _builder_version=&#8221;4.16&#8243; custom_padding=&#8221;|||&#8221; global_colors_info=&#8221;{}&#8221; custom_padding__hover=&#8221;|||&#8221;][et_pb_text admin_label=&#8221;Other important contact persons&#8221; _builder_version=&#8221;4.16&#8243; custom_margin=&#8221;20px|||&#8221; global_colors_info=&#8221;{}&#8221;]<\/p>\n<h3>Other important contact persons<\/h3>\n<p>RC Asikkala<br \/>rc.asikkala@gmail.com<\/p>\n<p>[\/et_pb_text][\/et_pb_column_inner][\/et_pb_row_inner][\/et_pb_column][et_pb_column type=&#8221;1_3&#8243; _builder_version=&#8221;4.16&#8243; custom_padding=&#8221;|||&#8221; global_colors_info=&#8221;{}&#8221; custom_padding__hover=&#8221;|||&#8221;][et_pb_sidebar area=&#8221;sidebar-1&#8243; module_class=&#8221;sivupalkki_sisalto&#8221; _builder_version=&#8221;4.16&#8243; global_colors_info=&#8221;{}&#8221;]<\/p>\n<p>&nbsp;<\/p>\n<p>[\/et_pb_sidebar][\/et_pb_column][\/et_pb_section]<\/p>\n","protected":false},"excerpt":{"rendered":"<p>Contact Information Contact Information Meeting place:Restaurant Majakkapaviljonki\u00c4mm\u00e4l\u00e4ntie 20FI-17200 V\u00e4\u00e4ksy Meeting time:Thursdays 6.00 pm thru 7.00 pmPresident Tiina Wangeltel. +358 400 487 992tiina.wangel(at)tiimikke.fiSecretary Heikki Wilentel. +358 40 5016759wilenheikki(at)yahoo.comOther important contact persons RC Asikkalarc.asikkala@gmail.com&nbsp;<\/p>\n","protected":false},"author":1,"featured_media":0,"parent":0,"menu_order":0,"comment_status":"closed","ping_status":"closed","template":"","meta":{"_acf_changed":false,"_et_pb_use_builder":"on","_et_pb_old_content":"","_et_gb_content_width":"","footnotes":""},"class_list":["post-1481","page","type-page","status-publish","hentry"],"acf":[],"yoast_head":"<!-- This site is optimized with the Yoast SEO plugin v27.4 - https:\/\/yoast.com\/product\/yoast-seo-wordpress\/ -->\n<title>Contact Information - Asikkalan rotaryklubi<\/title>\n<meta name=\"robots\" content=\"index, follow, max-snippet:-1, max-image-preview:large, max-video-preview:-1\" \/>\n<link rel=\"canonical\" href=\"https:\/\/rotary.fi\/asikkala\/en\/contact-information\/\" \/>\n<meta property=\"og:locale\" content=\"fi_FI\" \/>\n<meta property=\"og:type\" content=\"article\" \/>\n<meta property=\"og:title\" content=\"Contact Information - Asikkalan rotaryklubi\" \/>\n<meta property=\"og:description\" content=\"Contact Information Contact Information Meeting place:Restaurant Majakkapaviljonki\u00c4mm\u00e4l\u00e4ntie 20FI-17200 V\u00e4\u00e4ksy Meeting time:Thursdays 6.00 pm thru 7.00 pmPresident Tiina Wangeltel. +358 400 487 992tiina.wangel(at)tiimikke.fiSecretary Heikki Wilentel. +358 40 5016759wilenheikki(at)yahoo.comOther important contact persons RC Asikkalarc.asikkala@gmail.com&nbsp;\" \/>\n<meta property=\"og:url\" content=\"https:\/\/rotary.fi\/asikkala\/en\/contact-information\/\" \/>\n<meta property=\"og:site_name\" content=\"Asikkalan rotaryklubi\" \/>\n<meta property=\"article:modified_time\" content=\"2025-06-29T14:44:45+00:00\" \/>\n<meta name=\"twitter:card\" content=\"summary_large_image\" \/>\n<meta name=\"twitter:label1\" content=\"Arvioitu lukuaika\" \/>\n\t<meta name=\"twitter:data1\" content=\"1 minuutti\" \/>\n<script type=\"application\/ld+json\" class=\"yoast-schema-graph\">{\"@context\":\"https:\\\/\\\/schema.org\",\"@graph\":[{\"@type\":\"WebPage\",\"@id\":\"https:\\\/\\\/rotary.fi\\\/asikkala\\\/en\\\/contact-information\\\/\",\"url\":\"https:\\\/\\\/rotary.fi\\\/asikkala\\\/en\\\/contact-information\\\/\",\"name\":\"Contact Information - Asikkalan rotaryklubi\",\"isPartOf\":{\"@id\":\"https:\\\/\\\/rotary.fi\\\/asikkala\\\/#website\"},\"datePublished\":\"2019-02-20T13:26:25+00:00\",\"dateModified\":\"2025-06-29T14:44:45+00:00\",\"breadcrumb\":{\"@id\":\"https:\\\/\\\/rotary.fi\\\/asikkala\\\/en\\\/contact-information\\\/#breadcrumb\"},\"inLanguage\":\"fi\",\"potentialAction\":[{\"@type\":\"ReadAction\",\"target\":[\"https:\\\/\\\/rotary.fi\\\/asikkala\\\/en\\\/contact-information\\\/\"]}]},{\"@type\":\"BreadcrumbList\",\"@id\":\"https:\\\/\\\/rotary.fi\\\/asikkala\\\/en\\\/contact-information\\\/#breadcrumb\",\"itemListElement\":[{\"@type\":\"ListItem\",\"position\":1,\"name\":\"Home\",\"item\":\"https:\\\/\\\/rotary.fi\\\/asikkala\\\/\"},{\"@type\":\"ListItem\",\"position\":2,\"name\":\"Contact Information\"}]},{\"@type\":\"WebSite\",\"@id\":\"https:\\\/\\\/rotary.fi\\\/asikkala\\\/#website\",\"url\":\"https:\\\/\\\/rotary.fi\\\/asikkala\\\/\",\"name\":\"Asikkalan rotaryklubi\",\"description\":\"Uusi Rotary klubisivusto\",\"potentialAction\":[{\"@type\":\"SearchAction\",\"target\":{\"@type\":\"EntryPoint\",\"urlTemplate\":\"https:\\\/\\\/rotary.fi\\\/asikkala\\\/?s={search_term_string}\"},\"query-input\":{\"@type\":\"PropertyValueSpecification\",\"valueRequired\":true,\"valueName\":\"search_term_string\"}}],\"inLanguage\":\"fi\"}]}<\/script>\n<!-- \/ Yoast SEO plugin. -->","yoast_head_json":{"title":"Contact Information - Asikkalan rotaryklubi","robots":{"index":"index","follow":"follow","max-snippet":"max-snippet:-1","max-image-preview":"max-image-preview:large","max-video-preview":"max-video-preview:-1"},"canonical":"https:\/\/rotary.fi\/asikkala\/en\/contact-information\/","og_locale":"fi_FI","og_type":"article","og_title":"Contact Information - Asikkalan rotaryklubi","og_description":"Contact Information Contact Information Meeting place:Restaurant Majakkapaviljonki\u00c4mm\u00e4l\u00e4ntie 20FI-17200 V\u00e4\u00e4ksy Meeting time:Thursdays 6.00 pm thru 7.00 pmPresident Tiina Wangeltel. +358 400 487 992tiina.wangel(at)tiimikke.fiSecretary Heikki Wilentel. +358 40 5016759wilenheikki(at)yahoo.comOther important contact persons RC Asikkalarc.asikkala@gmail.com&nbsp;","og_url":"https:\/\/rotary.fi\/asikkala\/en\/contact-information\/","og_site_name":"Asikkalan rotaryklubi","article_modified_time":"2025-06-29T14:44:45+00:00","twitter_card":"summary_large_image","twitter_misc":{"Arvioitu lukuaika":"1 minuutti"},"schema":{"@context":"https:\/\/schema.org","@graph":[{"@type":"WebPage","@id":"https:\/\/rotary.fi\/asikkala\/en\/contact-information\/","url":"https:\/\/rotary.fi\/asikkala\/en\/contact-information\/","name":"Contact Information - Asikkalan rotaryklubi","isPartOf":{"@id":"https:\/\/rotary.fi\/asikkala\/#website"},"datePublished":"2019-02-20T13:26:25+00:00","dateModified":"2025-06-29T14:44:45+00:00","breadcrumb":{"@id":"https:\/\/rotary.fi\/asikkala\/en\/contact-information\/#breadcrumb"},"inLanguage":"fi","potentialAction":[{"@type":"ReadAction","target":["https:\/\/rotary.fi\/asikkala\/en\/contact-information\/"]}]},{"@type":"BreadcrumbList","@id":"https:\/\/rotary.fi\/asikkala\/en\/contact-information\/#breadcrumb","itemListElement":[{"@type":"ListItem","position":1,"name":"Home","item":"https:\/\/rotary.fi\/asikkala\/"},{"@type":"ListItem","position":2,"name":"Contact Information"}]},{"@type":"WebSite","@id":"https:\/\/rotary.fi\/asikkala\/#website","url":"https:\/\/rotary.fi\/asikkala\/","name":"Asikkalan rotaryklubi","description":"Uusi Rotary klubisivusto","potentialAction":[{"@type":"SearchAction","target":{"@type":"EntryPoint","urlTemplate":"https:\/\/rotary.fi\/asikkala\/?s={search_term_string}"},"query-input":{"@type":"PropertyValueSpecification","valueRequired":true,"valueName":"search_term_string"}}],"inLanguage":"fi"}]}},"lang":"en","translations":{"en":1481,"fi":98},"pll_sync_post":[],"_links":{"self":[{"href":"https:\/\/rotary.fi\/asikkala\/wp-json\/wp\/v2\/pages\/1481","targetHints":{"allow":["GET"]}}],"collection":[{"href":"https:\/\/rotary.fi\/asikkala\/wp-json\/wp\/v2\/pages"}],"about":[{"href":"https:\/\/rotary.fi\/asikkala\/wp-json\/wp\/v2\/types\/page"}],"author":[{"embeddable":true,"href":"https:\/\/rotary.fi\/asikkala\/wp-json\/wp\/v2\/users\/1"}],"replies":[{"embeddable":true,"href":"https:\/\/rotary.fi\/asikkala\/wp-json\/wp\/v2\/comments?post=1481"}],"version-history":[{"count":6,"href":"https:\/\/rotary.fi\/asikkala\/wp-json\/wp\/v2\/pages\/1481\/revisions"}],"predecessor-version":[{"id":2351,"href":"https:\/\/rotary.fi\/asikkala\/wp-json\/wp\/v2\/pages\/1481\/revisions\/2351"}],"wp:attachment":[{"href":"https:\/\/rotary.fi\/asikkala\/wp-json\/wp\/v2\/media?parent=1481"}],"curies":[{"name":"wp","href":"https:\/\/api.w.org\/{rel}","templated":true}]}}