{"id":1451,"date":"2019-02-20T13:37:40","date_gmt":"2019-02-20T11:37:40","guid":{"rendered":"https:\/\/rotary.fi\/asikkala\/?page_id=1451"},"modified":"2021-11-18T20:50:57","modified_gmt":"2021-11-18T18:50:57","slug":"projects","status":"publish","type":"page","link":"https:\/\/rotary.fi\/asikkala\/en\/what-we-do\/projects\/","title":{"rendered":"Projects"},"content":{"rendered":"<p>[et_pb_section fb_built=&#8221;1&#8243; module_class=&#8221;jumbotron-page&#8221; _builder_version=&#8221;3.22&#8243; background_image=&#8221;https:\/\/rotary.fi\/asikkala\/wp-content\/uploads\/sites\/200\/2018\/08\/rotary_klubit_alasivu_paakuva_5.jpg&#8221;][et_pb_row _builder_version=&#8221;3.25&#8243; background_size=&#8221;initial&#8221; background_position=&#8221;top_left&#8221; background_repeat=&#8221;repeat&#8221;][et_pb_column type=&#8221;4_4&#8243; _builder_version=&#8221;3.25&#8243; custom_padding=&#8221;|||&#8221; custom_padding__hover=&#8221;|||&#8221;][et_pb_text admin_label=&#8221;P\u00e4\u00e4otsikko: Projects&#8221; _builder_version=&#8221;3.27.4&#8243; text_orientation=&#8221;center&#8221; background_layout=&#8221;dark&#8221;]<\/p>\n<h1>Projects<\/h1>\n<p>[\/et_pb_text][\/et_pb_column][\/et_pb_row][\/et_pb_section][et_pb_section fb_built=&#8221;1&#8243; specialty=&#8221;on&#8221; module_class_2=&#8221;sivupalkki&#8221; _builder_version=&#8221;3.22&#8243;][et_pb_column type=&#8221;2_3&#8243; specialty_columns=&#8221;2&#8243; _builder_version=&#8221;3.25&#8243; custom_padding=&#8221;|||&#8221; custom_padding__hover=&#8221;|||&#8221;][et_pb_row_inner admin_label=&#8221;Rivi&#8221; _builder_version=&#8221;3.25&#8243;][et_pb_column_inner saved_specialty_column_type=&#8221;2_3&#8243; _builder_version=&#8221;3.25&#8243; custom_padding=&#8221;|||&#8221; custom_padding__hover=&#8221;|||&#8221;][et_pb_text admin_label=&#8221;Otsikko: Projects&#8221; _builder_version=&#8221;3.27.4&#8243; text_orientation=&#8221;center&#8221;]<\/p>\n<h1>Projects<\/h1>\n<p>[\/et_pb_text][et_pb_text _builder_version=&#8221;3.27.4&#8243;]<\/p>\n<p>Rotary is a service organization. We act locally and globally according to our motto Service above Self. Our international humanitarian service is carried out and coordinated by our Rotary Foundation and in cooperation with authorized partners.<\/p>\n<p><strong>Annual dragnet fishing event<br \/><\/strong><\/p>\n<p><span style=\"font-weight: 400\">Perhaps the most unique and interesting annual happening in the Rotaryclub of Asikkala is the dragnet fishing. Similar tradition isn\u2019t in use at any other club in Finland and hardly in the other world either.<\/span><\/p>\n<p><span style=\"font-weight: 400\">Dragnet fishing was started right after the club was founded, as rotarian Emil Ala-Pietil\u00e4 invited the club members to the Island of Vohlanen at Lake P\u00e4ij\u00e4nne to fish with the dragnet and enjoy the fish soup made at site. This happening was instantly turned to a tradition that has continued without a break to this day. July 2021 marked the 65<\/span><span style=\"font-weight: 400\">th<\/span><span style=\"font-weight: 400\"> annual dragnet fishing event at the shores of the Island of Vohlanen. The event always starts early in the morning transferring all the equipment to the Vohlanen. At daytime usually two different fishing grounds are probed and some of the catch is used in the fish soup that is served on the evening festivities at the boat shed.<\/span><\/p>\n<p><span style=\"font-weight: 400\">The event offers club members nice time working together, but it has also more serious goal to achieve. One line of service for our club is to take part to actions to preserve the surrounding waters in our municipality of Asikkala. Selective fishing with the dragnet is one way to adjust the fish population to the right direction. The dragnet that club has today is also twined by members to transfer those skills forward. Club also has a dedicated Master of Dragnet, who is responsible for all the issues regarding this tradition. Currently serving is rotarian Reijo J\u00e4ntti.<\/span><\/p>\n<p><span style=\"font-weight: 400\"><\/span><\/p>\n<p>[\/et_pb_text][et_pb_image src=&#8221;https:\/\/rotary.fi\/asikkala\/wp-content\/uploads\/sites\/200\/2021\/10\/matala-mw-0173-07292021.jpg&#8221; title_text=&#8221;Matala_mw-0173_07292021&#8243; _builder_version=&#8221;4.9.10&#8243; _module_preset=&#8221;default&#8221;][\/et_pb_image][et_pb_text _builder_version=&#8221;4.9.10&#8243; _module_preset=&#8221;default&#8221; custom_padding=&#8221;23px||0px|||&#8221;]<\/p>\n<p><strong>Reforestation<\/strong><\/p>\n<p>Another long-time environmental project in our club has been tree planting. Almost every year club has gathered somewhere in the forests of Asikkala municipality to renew the forest. Planting new trees is one of our ways to shrink our carbon footprint while also having a brotherly come together in the woods with tasty serving included. Added bonus being a small financial support gained to swell our coffers. Some years as there hasn\u2019t been a suitable reforestation target available for our use, we have organized other types of forest trips to keep in touch with the surrounding nature.<\/p>\n<p>[\/et_pb_text][et_pb_image src=&#8221;https:\/\/rotary.fi\/asikkala\/wp-content\/uploads\/sites\/200\/2021\/10\/191443686-1486934931637879-7800767763174753149-n.jpg&#8221; title_text=&#8221;191443686_1486934931637879_7800767763174753149_n&#8221; _builder_version=&#8221;4.9.10&#8243; _module_preset=&#8221;default&#8221;][\/et_pb_image][\/et_pb_column_inner][\/et_pb_row_inner][\/et_pb_column][et_pb_column type=&#8221;1_3&#8243; _builder_version=&#8221;3.25&#8243; custom_padding=&#8221;|||&#8221; custom_padding__hover=&#8221;|||&#8221;][et_pb_sidebar area=&#8221;sidebar-1&#8243; module_class=&#8221;sivupalkki_sisalto&#8221; _builder_version=&#8221;3.4.1&#8243; locked=&#8221;on&#8221;]<br \/>\n[\/et_pb_sidebar][\/et_pb_column][\/et_pb_section]<\/p>\n","protected":false},"excerpt":{"rendered":"<p>Projects Projects Rotary is a service organization. We act locally and globally according to our motto Service above Self. Our international humanitarian service is carried out and coordinated by our Rotary Foundation and in cooperation with authorized partners. Annual dragnet fishing event Perhaps the most unique and interesting annual happening in the Rotaryclub of Asikkala [&hellip;]<\/p>\n","protected":false},"author":1,"featured_media":0,"parent":1447,"menu_order":0,"comment_status":"closed","ping_status":"closed","template":"","meta":{"_acf_changed":false,"_et_pb_use_builder":"on","_et_pb_old_content":"","_et_gb_content_width":"","footnotes":""},"class_list":["post-1451","page","type-page","status-publish","hentry"],"acf":[],"yoast_head":"<!-- This site is optimized with the Yoast SEO plugin v27.4 - https:\/\/yoast.com\/product\/yoast-seo-wordpress\/ -->\n<title>Projects - Asikkalan rotaryklubi<\/title>\n<meta name=\"robots\" content=\"index, follow, max-snippet:-1, max-image-preview:large, max-video-preview:-1\" \/>\n<link rel=\"canonical\" href=\"https:\/\/rotary.fi\/asikkala\/en\/what-we-do\/projects\/\" \/>\n<meta property=\"og:locale\" content=\"fi_FI\" \/>\n<meta property=\"og:type\" content=\"article\" \/>\n<meta property=\"og:title\" content=\"Projects - Asikkalan rotaryklubi\" \/>\n<meta property=\"og:description\" content=\"Projects Projects Rotary is a service organization. We act locally and globally according to our motto Service above Self. Our international humanitarian service is carried out and coordinated by our Rotary Foundation and in cooperation with authorized partners. Annual dragnet fishing event Perhaps the most unique and interesting annual happening in the Rotaryclub of Asikkala [&hellip;]\" \/>\n<meta property=\"og:url\" content=\"https:\/\/rotary.fi\/asikkala\/en\/what-we-do\/projects\/\" \/>\n<meta property=\"og:site_name\" content=\"Asikkalan rotaryklubi\" \/>\n<meta property=\"article:modified_time\" content=\"2021-11-18T18:50:57+00:00\" \/>\n<meta name=\"twitter:card\" content=\"summary_large_image\" \/>\n<meta name=\"twitter:label1\" content=\"Arvioitu lukuaika\" \/>\n\t<meta name=\"twitter:data1\" content=\"3 minuuttia\" \/>\n<script type=\"application\/ld+json\" class=\"yoast-schema-graph\">{\"@context\":\"https:\\\/\\\/schema.org\",\"@graph\":[{\"@type\":\"WebPage\",\"@id\":\"https:\\\/\\\/rotary.fi\\\/asikkala\\\/en\\\/what-we-do\\\/projects\\\/\",\"url\":\"https:\\\/\\\/rotary.fi\\\/asikkala\\\/en\\\/what-we-do\\\/projects\\\/\",\"name\":\"Projects - Asikkalan rotaryklubi\",\"isPartOf\":{\"@id\":\"https:\\\/\\\/rotary.fi\\\/asikkala\\\/#website\"},\"datePublished\":\"2019-02-20T11:37:40+00:00\",\"dateModified\":\"2021-11-18T18:50:57+00:00\",\"breadcrumb\":{\"@id\":\"https:\\\/\\\/rotary.fi\\\/asikkala\\\/en\\\/what-we-do\\\/projects\\\/#breadcrumb\"},\"inLanguage\":\"fi\",\"potentialAction\":[{\"@type\":\"ReadAction\",\"target\":[\"https:\\\/\\\/rotary.fi\\\/asikkala\\\/en\\\/what-we-do\\\/projects\\\/\"]}]},{\"@type\":\"BreadcrumbList\",\"@id\":\"https:\\\/\\\/rotary.fi\\\/asikkala\\\/en\\\/what-we-do\\\/projects\\\/#breadcrumb\",\"itemListElement\":[{\"@type\":\"ListItem\",\"position\":1,\"name\":\"Home\",\"item\":\"https:\\\/\\\/rotary.fi\\\/asikkala\\\/\"},{\"@type\":\"ListItem\",\"position\":2,\"name\":\"What We Do\",\"item\":\"https:\\\/\\\/rotary.fi\\\/asikkala\\\/en\\\/what-we-do\\\/\"},{\"@type\":\"ListItem\",\"position\":3,\"name\":\"Projects\"}]},{\"@type\":\"WebSite\",\"@id\":\"https:\\\/\\\/rotary.fi\\\/asikkala\\\/#website\",\"url\":\"https:\\\/\\\/rotary.fi\\\/asikkala\\\/\",\"name\":\"Asikkalan rotaryklubi\",\"description\":\"Uusi Rotary klubisivusto\",\"potentialAction\":[{\"@type\":\"SearchAction\",\"target\":{\"@type\":\"EntryPoint\",\"urlTemplate\":\"https:\\\/\\\/rotary.fi\\\/asikkala\\\/?s={search_term_string}\"},\"query-input\":{\"@type\":\"PropertyValueSpecification\",\"valueRequired\":true,\"valueName\":\"search_term_string\"}}],\"inLanguage\":\"fi\"}]}<\/script>\n<!-- \/ Yoast SEO plugin. -->","yoast_head_json":{"title":"Projects - Asikkalan rotaryklubi","robots":{"index":"index","follow":"follow","max-snippet":"max-snippet:-1","max-image-preview":"max-image-preview:large","max-video-preview":"max-video-preview:-1"},"canonical":"https:\/\/rotary.fi\/asikkala\/en\/what-we-do\/projects\/","og_locale":"fi_FI","og_type":"article","og_title":"Projects - Asikkalan rotaryklubi","og_description":"Projects Projects Rotary is a service organization. We act locally and globally according to our motto Service above Self. Our international humanitarian service is carried out and coordinated by our Rotary Foundation and in cooperation with authorized partners. Annual dragnet fishing event Perhaps the most unique and interesting annual happening in the Rotaryclub of Asikkala [&hellip;]","og_url":"https:\/\/rotary.fi\/asikkala\/en\/what-we-do\/projects\/","og_site_name":"Asikkalan rotaryklubi","article_modified_time":"2021-11-18T18:50:57+00:00","twitter_card":"summary_large_image","twitter_misc":{"Arvioitu lukuaika":"3 minuuttia"},"schema":{"@context":"https:\/\/schema.org","@graph":[{"@type":"WebPage","@id":"https:\/\/rotary.fi\/asikkala\/en\/what-we-do\/projects\/","url":"https:\/\/rotary.fi\/asikkala\/en\/what-we-do\/projects\/","name":"Projects - Asikkalan rotaryklubi","isPartOf":{"@id":"https:\/\/rotary.fi\/asikkala\/#website"},"datePublished":"2019-02-20T11:37:40+00:00","dateModified":"2021-11-18T18:50:57+00:00","breadcrumb":{"@id":"https:\/\/rotary.fi\/asikkala\/en\/what-we-do\/projects\/#breadcrumb"},"inLanguage":"fi","potentialAction":[{"@type":"ReadAction","target":["https:\/\/rotary.fi\/asikkala\/en\/what-we-do\/projects\/"]}]},{"@type":"BreadcrumbList","@id":"https:\/\/rotary.fi\/asikkala\/en\/what-we-do\/projects\/#breadcrumb","itemListElement":[{"@type":"ListItem","position":1,"name":"Home","item":"https:\/\/rotary.fi\/asikkala\/"},{"@type":"ListItem","position":2,"name":"What We Do","item":"https:\/\/rotary.fi\/asikkala\/en\/what-we-do\/"},{"@type":"ListItem","position":3,"name":"Projects"}]},{"@type":"WebSite","@id":"https:\/\/rotary.fi\/asikkala\/#website","url":"https:\/\/rotary.fi\/asikkala\/","name":"Asikkalan rotaryklubi","description":"Uusi Rotary klubisivusto","potentialAction":[{"@type":"SearchAction","target":{"@type":"EntryPoint","urlTemplate":"https:\/\/rotary.fi\/asikkala\/?s={search_term_string}"},"query-input":{"@type":"PropertyValueSpecification","valueRequired":true,"valueName":"search_term_string"}}],"inLanguage":"fi"}]}},"lang":"en","translations":{"en":1451,"fi":156},"pll_sync_post":[],"_links":{"self":[{"href":"https:\/\/rotary.fi\/asikkala\/wp-json\/wp\/v2\/pages\/1451","targetHints":{"allow":["GET"]}}],"collection":[{"href":"https:\/\/rotary.fi\/asikkala\/wp-json\/wp\/v2\/pages"}],"about":[{"href":"https:\/\/rotary.fi\/asikkala\/wp-json\/wp\/v2\/types\/page"}],"author":[{"embeddable":true,"href":"https:\/\/rotary.fi\/asikkala\/wp-json\/wp\/v2\/users\/1"}],"replies":[{"embeddable":true,"href":"https:\/\/rotary.fi\/asikkala\/wp-json\/wp\/v2\/comments?post=1451"}],"version-history":[{"count":5,"href":"https:\/\/rotary.fi\/asikkala\/wp-json\/wp\/v2\/pages\/1451\/revisions"}],"predecessor-version":[{"id":2070,"href":"https:\/\/rotary.fi\/asikkala\/wp-json\/wp\/v2\/pages\/1451\/revisions\/2070"}],"up":[{"embeddable":true,"href":"https:\/\/rotary.fi\/asikkala\/wp-json\/wp\/v2\/pages\/1447"}],"wp:attachment":[{"href":"https:\/\/rotary.fi\/asikkala\/wp-json\/wp\/v2\/media?parent=1451"}],"curies":[{"name":"wp","href":"https:\/\/api.w.org\/{rel}","templated":true}]}}