{"id":1428,"date":"2019-02-20T12:51:31","date_gmt":"2019-02-20T10:51:31","guid":{"rendered":"https:\/\/rotary.fi\/asikkala\/?page_id=1428"},"modified":"2025-06-29T17:04:26","modified_gmt":"2025-06-29T14:04:26","slug":"club-board-of-directors-and-officers","status":"publish","type":"page","link":"https:\/\/rotary.fi\/asikkala\/en\/who-we-are\/club-board-of-directors-and-officers\/","title":{"rendered":"Club Board of Directors and Officers"},"content":{"rendered":"<p>[et_pb_section fb_built=&#8221;1&#8243; module_class=&#8221;jumbotron-page&#8221; _builder_version=&#8221;4.16&#8243; background_image=&#8221;https:\/\/rotary.fi\/asikkala\/wp-content\/uploads\/sites\/200\/2021\/10\/matala-mw-0212-07292021.jpg&#8221; global_colors_info=&#8221;{}&#8221;][et_pb_row _builder_version=&#8221;4.16&#8243; background_size=&#8221;initial&#8221; background_position=&#8221;top_left&#8221; background_repeat=&#8221;repeat&#8221; global_colors_info=&#8221;{}&#8221;][et_pb_column type=&#8221;4_4&#8243; _builder_version=&#8221;4.16&#8243; custom_padding=&#8221;|||&#8221; global_colors_info=&#8221;{}&#8221; custom_padding__hover=&#8221;|||&#8221;][et_pb_text admin_label=&#8221;P\u00e4\u00e4otsikko: Club Board of Directors and Officers&#8221; _builder_version=&#8221;4.16&#8243; text_orientation=&#8221;center&#8221; background_layout=&#8221;dark&#8221; global_colors_info=&#8221;{}&#8221;]<\/p>\n<h1>Club Board of Directors and Officers<\/h1>\n<p>[\/et_pb_text][\/et_pb_column][\/et_pb_row][\/et_pb_section][et_pb_section fb_built=&#8221;1&#8243; specialty=&#8221;on&#8221; module_class_2=&#8221;sivupalkki&#8221; _builder_version=&#8221;4.16&#8243; global_colors_info=&#8221;{}&#8221;][et_pb_column type=&#8221;2_3&#8243; specialty_columns=&#8221;2&#8243; _builder_version=&#8221;4.16&#8243; custom_padding=&#8221;|||&#8221; global_colors_info=&#8221;{}&#8221; custom_padding__hover=&#8221;|||&#8221;][et_pb_row_inner admin_label=&#8221;Rivi&#8221; _builder_version=&#8221;4.16&#8243; global_colors_info=&#8221;{}&#8221;][et_pb_column_inner saved_specialty_column_type=&#8221;2_3&#8243; _builder_version=&#8221;4.16&#8243; custom_padding=&#8221;|||&#8221; global_colors_info=&#8221;{}&#8221; custom_padding__hover=&#8221;|||&#8221;][et_pb_text admin_label=&#8221;Otsikko: Club Board of Directors and Officers&#8221; _builder_version=&#8221;4.16&#8243; text_orientation=&#8221;center&#8221; global_colors_info=&#8221;{}&#8221;]<\/p>\n<h1>Club Board of Directors and Officers<\/h1>\n<p>[\/et_pb_text][\/et_pb_column_inner][\/et_pb_row_inner][et_pb_row_inner column_structure=&#8221;1_2,1_2&#8243; admin_label=&#8221;Rivi&#8221; _builder_version=&#8221;4.16&#8243; global_colors_info=&#8221;{}&#8221;][et_pb_column_inner type=&#8221;1_2&#8243; saved_specialty_column_type=&#8221;2_3&#8243; _builder_version=&#8221;4.16&#8243; custom_padding=&#8221;|||&#8221; global_colors_info=&#8221;{}&#8221; custom_padding__hover=&#8221;|||&#8221;][et_pb_team_member name=&#8221;Tiina Wangel&#8221; position=&#8221;President&#8221; image_url=&#8221;https:\/\/rotary.fi\/asikkala\/wp-content\/uploads\/sites\/200\/2025\/06\/tiina2025-1.jpg&#8221; admin_label=&#8221;President&#8221; _builder_version=&#8221;4.27.4&#8243; global_colors_info=&#8221;{}&#8221;]<\/p>\n<p>Club 9851 president<br \/>tel. +358 400 487 992<br \/>Email: <span class=\"D_F rtlI_dz_sSg\" data-test-id=\"email-pill\"><span class=\"C4_Z29WjXl c1McDRG_eo6\" title=\"reijo-jantti@hotmail.com\" data-test-id=\"message-to\">tiina.wangel(at)tiimikke.fi<\/span><\/span><\/p>\n<p>[\/et_pb_team_member][et_pb_accordion _builder_version=&#8221;4.27.4&#8243; _module_preset=&#8221;default&#8221; hover_enabled=&#8221;0&#8243; global_colors_info=&#8221;{}&#8221; admin_label=&#8221;Past presidents&#8221; sticky_enabled=&#8221;0&#8243;][et_pb_accordion_item title=&#8221;PAST PRESIDENTS:&#8221; open=&#8221;on&#8221; _builder_version=&#8221;4.27.4&#8243; _module_preset=&#8221;default&#8221; hover_enabled=&#8221;0&#8243; global_colors_info=&#8221;{}&#8221; sticky_enabled=&#8221;0&#8243;]<\/p>\n<p>1955\u20131955 Veijo Taivainen<\/p>\n<p>1955\u20131956 Eino Heikkil\u00e4<\/p>\n<p>1956\u20131957 Emil Ala-Pietil\u00e4<\/p>\n<p>1957\u20131958 Toivo Martikainen<\/p>\n<p>1958\u20131959 Mauno Keto<\/p>\n<p>1959\u20131960 Erkki Purma<\/p>\n<p>1960\u20131961 Erkki Rautava<\/p>\n<p>1961\u20131962 Taisto H\u00e4rm\u00e4<\/p>\n<p>1962\u20131963 Osmo Sipil\u00e4<\/p>\n<p>1963\u20131964 Ky\u00f6sti Kurimo<\/p>\n<p>1964\u20131965 Arvi Heinonen<\/p>\n<p>1965\u20131966 Ilpo Maukola<\/p>\n<p>1966\u20131967 Osmo Puranen<\/p>\n<p>1967\u20131968 Jaakko Pirttil\u00e4<\/p>\n<p>1968\u20131969 Olavi Etel\u00e4<\/p>\n<p>1969\u20131970 Mikko Tuokko<\/p>\n<p>1970\u20131971 Olavi Sinerv\u00e4<\/p>\n<p>1971\u20131972 Eero Ala-Pietil\u00e4<\/p>\n<p>1972\u20131973 Kalevi Soikkeli<\/p>\n<p>1973\u20131974 Paavo Aura<\/p>\n<p>1974\u20131975 Ensio Rapala<\/p>\n<p>1975\u20131976 Mauno Arvela<\/p>\n<p>1976\u20131977 Aimo Niemel\u00e4<\/p>\n<p>1977\u20131978 Ilmari Lappalainen<\/p>\n<p>1978\u20131979 Martti Hietanen<\/p>\n<p>1979\u20131980 Risto Rapala<\/p>\n<p>1980\u20131981 Arto Juva<\/p>\n<p>1981\u20131982 Matti M\u00e4yr\u00e4np\u00e4\u00e4<\/p>\n<p>1982\u20131983 Juhani Ruutu<\/p>\n<p>1983\u20131984 Jyrki Tuovinen<\/p>\n<p>1984\u20131985 Seppo Sissala<\/p>\n<p>1985\u20131986 Juha Pehkonen<\/p>\n<p>1986\u20131987 Sakari M\u00e4kinen<\/p>\n<p>1987\u20131988 Juhani Lusila<\/p>\n<p>1988\u20131989 Jorma Liikola<\/p>\n<p>1989\u20131990 Rauno Sippel<\/p>\n<p>1990\u20131991 Antti Sipil\u00e4<\/p>\n<p>1991\u20131992 Yrj\u00f6 Kalliokoski<\/p>\n<p>1992\u20131993 Martti Rahikka<\/p>\n<p>1993\u20131994 Timo Pirttil\u00e4<\/p>\n<p>1994\u20131995 Heikki Koivula<\/p>\n<p>1995\u20131996 Pekka Toivanen<\/p>\n<p>1996\u20131997 Yrj\u00f6 Tirronen<\/p>\n<p>1997\u20131998 Esa Koenkyt\u00f6<\/p>\n<p>1998\u20131999 Ilkka Helminen<\/p>\n<p>1999\u20132000 Juhani Sundman<\/p>\n<p>2000\u20132001 Pentti Sainio<\/p>\n<p>2001\u20132002 Lauri Muranen<\/p>\n<p>2002\u20132003 Juhani Jansson<\/p>\n<p>2003\u20132004 Sten-Ch. Schauman<\/p>\n<p>2004\u20132005 Reijo J\u00e4ntti<\/p>\n<p>2005\u20132006 Pekka Pasanen<\/p>\n<p>2006\u20132007 Kari Kaaronen<\/p>\n<p>2007\u20132008 Kalervo Kyllinen<\/p>\n<p>2008-2009 Heikki Wilen<\/p>\n<p>2009-2010 Olli V\u00e4\u00e4t\u00e4inen<\/p>\n<p>2010-2011 Juha Keto<\/p>\n<p>2011-2012 Mikko Sipil\u00e4inen<\/p>\n<p>2012-2013 Ilmari P\u00f6yh\u00f6nen<\/p>\n<p>2013-2014 Timo Riukka<\/p>\n<p>2014-2015 Tapio Modenius<\/p>\n<p>2015-2016 Michael Wangel<\/p>\n<p>2016-2017 Olli Suntiola<\/p>\n<p>2017-2018 Jukka Mustonen<\/p>\n<p>2018-2019 Timo H\u00e4nninen<\/p>\n<p>2019-2020 Heikki Wilen<\/p>\n<p>2020-2022 Michael Wangel<\/p>\n<p>2022-2023 Timo H\u00e4nninen<\/p>\n<p>2023-2024 Raija H\u00e4nninen<\/p>\n<p>2024-2025 Reijo J\u00e4ntti<\/p>\n<p>[\/et_pb_accordion_item][\/et_pb_accordion][\/et_pb_column_inner][et_pb_column_inner type=&#8221;1_2&#8243; saved_specialty_column_type=&#8221;2_3&#8243; _builder_version=&#8221;4.16&#8243; custom_padding=&#8221;|||&#8221; global_colors_info=&#8221;{}&#8221; custom_padding__hover=&#8221;|||&#8221;][et_pb_text admin_label=&#8221;Club Board&#8221; _builder_version=&#8221;4.27.4&#8243; global_colors_info=&#8221;{}&#8221;]<\/p>\n<h2>Club Board of Directors<\/h2>\n<p><strong>President 2025-2026<\/strong> Tiina Wangel<br \/><strong>President Elect<\/strong>\u00a0<br \/><strong>Past President<\/strong> Reijo J\u00e4ntti<br \/><strong>First Secretary<\/strong> Heikki Wilen<br \/><strong>2nd Secretary<\/strong> N\/A<br \/><strong>Club Sergeant-At-Arms<\/strong> Pauli Kuokkanen<br \/><strong>2nd Club Sergeant-At-Arms <\/strong>Meri Sippel<br \/><strong>Treasurer<\/strong> Petri Mustonen<br \/><strong>IT Officer<\/strong> Heikki Wilen<br \/><strong>Rotary Foundation Chair<\/strong> Reijo J\u00e4ntti<br \/><strong>Youth Exchange Officer<\/strong> Julia Wilson-Hangasmaa<br \/><strong>Youth Exchange Team<\/strong>\u00a0<\/p>\n<p>&nbsp;<\/p>\n<p>[\/et_pb_text][et_pb_accordion _builder_version=&#8221;4.27.4&#8243; _module_preset=&#8221;default&#8221; hover_enabled=&#8221;0&#8243; global_colors_info=&#8221;{}&#8221; admin_label=&#8221;Rotarian of the Year&#8221; sticky_enabled=&#8221;0&#8243;][et_pb_accordion_item title=&#8221;ROTARIAN OF THE YEAR:&#8221; open=&#8221;on&#8221; _builder_version=&#8221;4.27.4&#8243; _module_preset=&#8221;default&#8221; hover_enabled=&#8221;0&#8243; global_colors_info=&#8221;{}&#8221; sticky_enabled=&#8221;0&#8243;]<\/p>\n<p>Since 50th anniversary of our club, the Rotary of the year has been selected. This is a person, who has promoted our club successfully. The selected one will name next one to be nominated.<\/p>\n<p>2005\u00a0\u00a0 Kari Kaaronen<\/p>\n<p>2006\u00a0\u00a0 Reijo Pulkki<\/p>\n<p>2007\u00a0\u00a0 Reijo J\u00e4ntti<\/p>\n<p>2008\u00a0\u00a0 Juha Keto<\/p>\n<p>2009\u00a0\u00a0 Juhani Lusila<\/p>\n<p>2010\u00a0\u00a0 Matti M\u00e4yr\u00e4np\u00e4\u00e4<\/p>\n<p>2011\u00a0\u00a0 Mika Cederqvist<\/p>\n<p>2012\u00a0\u00a0 Mika Juvakka<\/p>\n<p>2013\u00a0\u00a0 Olli V\u00e4\u00e4t\u00e4inen<\/p>\n<p>2014\u00a0\u00a0 Sten-Christian Schauman<\/p>\n<p>2015\u00a0\u00a0 Timo Riukka<\/p>\n<p>2016 \u00a0 Juhani Putkisto (RC Hesperia-Helsinki)<\/p>\n<p>2017 \u00a0 Reijo J\u00e4ntti<\/p>\n<p>2018 \u00a0 Jukka Mustonen<\/p>\n<p>2019\u00a0\u00a0 Michael Wangel<\/p>\n<p>2020\u00a0\u00a0 Martti Lehto<\/p>\n<p>2021\u00a0\u00a0 Michael Wangel<\/p>\n<p>2022\u00a0\u00a0 Heikki Wilen<\/p>\n<p>2023\u00a0\u00a0 Tiina Wangel<\/p>\n<p>2024\u00a0 \u00a0Julia Wilson-Hangasmaa<\/p>\n<p>2025\u00a0 \u00a0Pauli Kuokkanen<\/p>\n<p>[\/et_pb_accordion_item][\/et_pb_accordion][\/et_pb_column_inner][\/et_pb_row_inner][\/et_pb_column][et_pb_column type=&#8221;1_3&#8243; _builder_version=&#8221;4.16&#8243; custom_padding=&#8221;|||&#8221; global_colors_info=&#8221;{}&#8221; custom_padding__hover=&#8221;|||&#8221;][et_pb_sidebar area=&#8221;sidebar-1&#8243; module_class=&#8221;sivupalkki_sisalto&#8221; _builder_version=&#8221;4.16&#8243; locked=&#8221;on&#8221; global_colors_info=&#8221;{}&#8221;]<br \/>\n[\/et_pb_sidebar][\/et_pb_column][\/et_pb_section]<\/p>\n","protected":false},"excerpt":{"rendered":"<p>Club Board of Directors and Officers Club Board of Directors and Officers Club 9851 presidenttel. +358 400 487 992Email: tiina.wangel(at)tiimikke.fi1955\u20131955 Veijo Taivainen 1955\u20131956 Eino Heikkil\u00e4 1956\u20131957 Emil Ala-Pietil\u00e4 1957\u20131958 Toivo Martikainen 1958\u20131959 Mauno Keto 1959\u20131960 Erkki Purma 1960\u20131961 Erkki Rautava 1961\u20131962 Taisto H\u00e4rm\u00e4 1962\u20131963 Osmo Sipil\u00e4 1963\u20131964 Ky\u00f6sti Kurimo 1964\u20131965 Arvi Heinonen 1965\u20131966 Ilpo Maukola [&hellip;]<\/p>\n","protected":false},"author":1,"featured_media":0,"parent":1424,"menu_order":0,"comment_status":"closed","ping_status":"closed","template":"","meta":{"_acf_changed":false,"_et_pb_use_builder":"on","_et_pb_old_content":"","_et_gb_content_width":"","footnotes":""},"class_list":["post-1428","page","type-page","status-publish","hentry"],"acf":[],"yoast_head":"<!-- This site is optimized with the Yoast SEO plugin v27.0 - https:\/\/yoast.com\/product\/yoast-seo-wordpress\/ -->\n<title>Club Board of Directors and Officers - Asikkalan rotaryklubi<\/title>\n<meta name=\"robots\" content=\"index, follow, max-snippet:-1, max-image-preview:large, max-video-preview:-1\" \/>\n<link rel=\"canonical\" href=\"https:\/\/rotary.fi\/asikkala\/en\/who-we-are\/club-board-of-directors-and-officers\/\" \/>\n<meta property=\"og:locale\" content=\"fi_FI\" \/>\n<meta property=\"og:type\" content=\"article\" \/>\n<meta property=\"og:title\" content=\"Club Board of Directors and Officers - Asikkalan rotaryklubi\" \/>\n<meta property=\"og:description\" content=\"Club Board of Directors and Officers Club Board of Directors and Officers Club 9851 presidenttel. +358 400 487 992Email: tiina.wangel(at)tiimikke.fi1955\u20131955 Veijo Taivainen 1955\u20131956 Eino Heikkil\u00e4 1956\u20131957 Emil Ala-Pietil\u00e4 1957\u20131958 Toivo Martikainen 1958\u20131959 Mauno Keto 1959\u20131960 Erkki Purma 1960\u20131961 Erkki Rautava 1961\u20131962 Taisto H\u00e4rm\u00e4 1962\u20131963 Osmo Sipil\u00e4 1963\u20131964 Ky\u00f6sti Kurimo 1964\u20131965 Arvi Heinonen 1965\u20131966 Ilpo Maukola [&hellip;]\" \/>\n<meta property=\"og:url\" content=\"https:\/\/rotary.fi\/asikkala\/en\/who-we-are\/club-board-of-directors-and-officers\/\" \/>\n<meta property=\"og:site_name\" content=\"Asikkalan rotaryklubi\" \/>\n<meta property=\"article:modified_time\" content=\"2025-06-29T14:04:26+00:00\" \/>\n<meta name=\"twitter:card\" content=\"summary_large_image\" \/>\n<meta name=\"twitter:label1\" content=\"Arvioitu lukuaika\" \/>\n\t<meta name=\"twitter:data1\" content=\"4 minuuttia\" \/>\n<script type=\"application\/ld+json\" class=\"yoast-schema-graph\">{\"@context\":\"https:\/\/schema.org\",\"@graph\":[{\"@type\":\"WebPage\",\"@id\":\"https:\/\/rotary.fi\/asikkala\/en\/who-we-are\/club-board-of-directors-and-officers\/\",\"url\":\"https:\/\/rotary.fi\/asikkala\/en\/who-we-are\/club-board-of-directors-and-officers\/\",\"name\":\"Club Board of Directors and Officers - Asikkalan rotaryklubi\",\"isPartOf\":{\"@id\":\"https:\/\/rotary.fi\/asikkala\/#website\"},\"datePublished\":\"2019-02-20T10:51:31+00:00\",\"dateModified\":\"2025-06-29T14:04:26+00:00\",\"breadcrumb\":{\"@id\":\"https:\/\/rotary.fi\/asikkala\/en\/who-we-are\/club-board-of-directors-and-officers\/#breadcrumb\"},\"inLanguage\":\"fi\",\"potentialAction\":[{\"@type\":\"ReadAction\",\"target\":[\"https:\/\/rotary.fi\/asikkala\/en\/who-we-are\/club-board-of-directors-and-officers\/\"]}]},{\"@type\":\"BreadcrumbList\",\"@id\":\"https:\/\/rotary.fi\/asikkala\/en\/who-we-are\/club-board-of-directors-and-officers\/#breadcrumb\",\"itemListElement\":[{\"@type\":\"ListItem\",\"position\":1,\"name\":\"Home\",\"item\":\"https:\/\/rotary.fi\/asikkala\/\"},{\"@type\":\"ListItem\",\"position\":2,\"name\":\"Who We Are\",\"item\":\"https:\/\/rotary.fi\/asikkala\/en\/who-we-are\/\"},{\"@type\":\"ListItem\",\"position\":3,\"name\":\"Club Board of Directors and Officers\"}]},{\"@type\":\"WebSite\",\"@id\":\"https:\/\/rotary.fi\/asikkala\/#website\",\"url\":\"https:\/\/rotary.fi\/asikkala\/\",\"name\":\"Asikkalan rotaryklubi\",\"description\":\"Uusi Rotary klubisivusto\",\"potentialAction\":[{\"@type\":\"SearchAction\",\"target\":{\"@type\":\"EntryPoint\",\"urlTemplate\":\"https:\/\/rotary.fi\/asikkala\/?s={search_term_string}\"},\"query-input\":{\"@type\":\"PropertyValueSpecification\",\"valueRequired\":true,\"valueName\":\"search_term_string\"}}],\"inLanguage\":\"fi\"}]}<\/script>\n<!-- \/ Yoast SEO plugin. -->","yoast_head_json":{"title":"Club Board of Directors and Officers - Asikkalan rotaryklubi","robots":{"index":"index","follow":"follow","max-snippet":"max-snippet:-1","max-image-preview":"max-image-preview:large","max-video-preview":"max-video-preview:-1"},"canonical":"https:\/\/rotary.fi\/asikkala\/en\/who-we-are\/club-board-of-directors-and-officers\/","og_locale":"fi_FI","og_type":"article","og_title":"Club Board of Directors and Officers - Asikkalan rotaryklubi","og_description":"Club Board of Directors and Officers Club Board of Directors and Officers Club 9851 presidenttel. +358 400 487 992Email: tiina.wangel(at)tiimikke.fi1955\u20131955 Veijo Taivainen 1955\u20131956 Eino Heikkil\u00e4 1956\u20131957 Emil Ala-Pietil\u00e4 1957\u20131958 Toivo Martikainen 1958\u20131959 Mauno Keto 1959\u20131960 Erkki Purma 1960\u20131961 Erkki Rautava 1961\u20131962 Taisto H\u00e4rm\u00e4 1962\u20131963 Osmo Sipil\u00e4 1963\u20131964 Ky\u00f6sti Kurimo 1964\u20131965 Arvi Heinonen 1965\u20131966 Ilpo Maukola [&hellip;]","og_url":"https:\/\/rotary.fi\/asikkala\/en\/who-we-are\/club-board-of-directors-and-officers\/","og_site_name":"Asikkalan rotaryklubi","article_modified_time":"2025-06-29T14:04:26+00:00","twitter_card":"summary_large_image","twitter_misc":{"Arvioitu lukuaika":"4 minuuttia"},"schema":{"@context":"https:\/\/schema.org","@graph":[{"@type":"WebPage","@id":"https:\/\/rotary.fi\/asikkala\/en\/who-we-are\/club-board-of-directors-and-officers\/","url":"https:\/\/rotary.fi\/asikkala\/en\/who-we-are\/club-board-of-directors-and-officers\/","name":"Club Board of Directors and Officers - Asikkalan rotaryklubi","isPartOf":{"@id":"https:\/\/rotary.fi\/asikkala\/#website"},"datePublished":"2019-02-20T10:51:31+00:00","dateModified":"2025-06-29T14:04:26+00:00","breadcrumb":{"@id":"https:\/\/rotary.fi\/asikkala\/en\/who-we-are\/club-board-of-directors-and-officers\/#breadcrumb"},"inLanguage":"fi","potentialAction":[{"@type":"ReadAction","target":["https:\/\/rotary.fi\/asikkala\/en\/who-we-are\/club-board-of-directors-and-officers\/"]}]},{"@type":"BreadcrumbList","@id":"https:\/\/rotary.fi\/asikkala\/en\/who-we-are\/club-board-of-directors-and-officers\/#breadcrumb","itemListElement":[{"@type":"ListItem","position":1,"name":"Home","item":"https:\/\/rotary.fi\/asikkala\/"},{"@type":"ListItem","position":2,"name":"Who We Are","item":"https:\/\/rotary.fi\/asikkala\/en\/who-we-are\/"},{"@type":"ListItem","position":3,"name":"Club Board of Directors and Officers"}]},{"@type":"WebSite","@id":"https:\/\/rotary.fi\/asikkala\/#website","url":"https:\/\/rotary.fi\/asikkala\/","name":"Asikkalan rotaryklubi","description":"Uusi Rotary klubisivusto","potentialAction":[{"@type":"SearchAction","target":{"@type":"EntryPoint","urlTemplate":"https:\/\/rotary.fi\/asikkala\/?s={search_term_string}"},"query-input":{"@type":"PropertyValueSpecification","valueRequired":true,"valueName":"search_term_string"}}],"inLanguage":"fi"}]}},"lang":"en","translations":{"en":1428,"fi":132},"pll_sync_post":[],"_links":{"self":[{"href":"https:\/\/rotary.fi\/asikkala\/wp-json\/wp\/v2\/pages\/1428","targetHints":{"allow":["GET"]}}],"collection":[{"href":"https:\/\/rotary.fi\/asikkala\/wp-json\/wp\/v2\/pages"}],"about":[{"href":"https:\/\/rotary.fi\/asikkala\/wp-json\/wp\/v2\/types\/page"}],"author":[{"embeddable":true,"href":"https:\/\/rotary.fi\/asikkala\/wp-json\/wp\/v2\/users\/1"}],"replies":[{"embeddable":true,"href":"https:\/\/rotary.fi\/asikkala\/wp-json\/wp\/v2\/comments?post=1428"}],"version-history":[{"count":9,"href":"https:\/\/rotary.fi\/asikkala\/wp-json\/wp\/v2\/pages\/1428\/revisions"}],"predecessor-version":[{"id":2346,"href":"https:\/\/rotary.fi\/asikkala\/wp-json\/wp\/v2\/pages\/1428\/revisions\/2346"}],"up":[{"embeddable":true,"href":"https:\/\/rotary.fi\/asikkala\/wp-json\/wp\/v2\/pages\/1424"}],"wp:attachment":[{"href":"https:\/\/rotary.fi\/asikkala\/wp-json\/wp\/v2\/media?parent=1428"}],"curies":[{"name":"wp","href":"https:\/\/api.w.org\/{rel}","templated":true}]}}