{"id":138,"date":"2018-08-10T14:01:44","date_gmt":"2018-08-10T11:01:44","guid":{"rendered":"https:\/\/rotary.fi\/klubi2\/?page_id=138"},"modified":"2025-08-27T14:54:48","modified_gmt":"2025-08-27T11:54:48","slug":"vuositeema","status":"publish","type":"page","link":"https:\/\/rotary.fi\/asikkala\/keita-olemme\/vuositeema\/","title":{"rendered":"Vuositeema"},"content":{"rendered":"<p>[et_pb_section fb_built=&#8221;1&#8243; module_class=&#8221;jumbotron-page&#8221; _builder_version=&#8221;4.27.4&#8243; background_image=&#8221;https:\/\/rotary.fi\/asikkala\/wp-content\/uploads\/sites\/200\/2025\/08\/pm2526-bc-webbanner-azure-1600&#215;400-en-us.png&#8221; background_size=&#8221;contain&#8221; custom_margin=&#8221;||48px|||&#8221; global_colors_info=&#8221;{}&#8221;][\/et_pb_section][et_pb_section fb_built=&#8221;1&#8243; specialty=&#8221;on&#8221; module_class_2=&#8221;sivupalkki&#8221; _builder_version=&#8221;4.16&#8243; global_colors_info=&#8221;{}&#8221;][et_pb_column type=&#8221;2_3&#8243; specialty_columns=&#8221;2&#8243; _builder_version=&#8221;4.16&#8243; custom_padding=&#8221;|||&#8221; global_colors_info=&#8221;{}&#8221; custom_padding__hover=&#8221;|||&#8221;][et_pb_row_inner admin_label=&#8221;Rivi&#8221; _builder_version=&#8221;4.27.4&#8243; custom_margin=&#8221;|||9px||&#8221; global_colors_info=&#8221;{}&#8221;][et_pb_column_inner saved_specialty_column_type=&#8221;2_3&#8243; _builder_version=&#8221;4.16&#8243; custom_padding=&#8221;|||&#8221; global_colors_info=&#8221;{}&#8221; custom_padding__hover=&#8221;|||&#8221;][et_pb_text admin_label=&#8221;Rotary Internationalin vuositeema &#8211; Otsikko&#8221; _builder_version=&#8221;4.16&#8243; text_orientation=&#8221;center&#8221; global_colors_info=&#8221;{}&#8221;]<\/p>\n<h1>Rotary Internationalin vuosiviesti<\/h1>\n<p>[\/et_pb_text][et_pb_text _builder_version=&#8221;4.21.0&#8243; global_colors_info=&#8221;{}&#8221;]<\/p>\n<p>Rotaryvuodelle 2025-2026 ei en\u00e4\u00e4 julkaistu varsinaista vuositeemaa. Sen sijaan Rotary Internationalin presidentti 2025\u20132026 Francesco Arezzo l\u00e4hetti j\u00e4senist\u00f6lle viestin:<\/p>\n<p style=\"text-align: center\"><strong><span style=\"font-size: xx-large\">&#8221;Unite for Good&#8221;<\/span><br \/><\/strong><\/p>\n<p><strong>\u00a0<\/strong><\/p>\n<blockquote>\n<p>Se on voimakas kehotus Rotarylle edist\u00e4\u00e4 tietoisesti syvempi\u00e4 inhimillisi\u00e4 yhteyksi\u00e4 ja pyrki\u00e4 aktiivisesti strategisiin yhteisty\u00f6hankkeisiin. N\u00e4m\u00e4 ovat liikkeellepanevia voimia j\u00e4senkasvun, tehokkaan palvelun ja Rotaryn yhdist\u00e4v\u00e4n voiman takana. N\u00e4ill\u00e4 pyrimme positiiviseen globaaliin muutokseen jakautuneessa maailmassa. Viesti on kutsu rotareille toimimaan yhdist\u00e4v\u00e4n\u00e4 voimana ideologoiden, maantieteen ja poliittisten n\u00e4kemysten jakamassa maailmassa.<span style=\"font-weight: 400\"><\/span><span style=\"font-weight: 400\"><\/span><span style=\"color: #000000\"><\/span><span style=\"color: #000000\"><\/span><span style=\"color: #000000\"><\/span><span style=\"color: #000000\"><\/span><\/p>\n<\/blockquote>\n<p>[\/et_pb_text][\/et_pb_column_inner][\/et_pb_row_inner][et_pb_row_inner _builder_version=&#8221;4.21.0&#8243; _module_preset=&#8221;default&#8221; custom_padding=&#8221;0px|||||&#8221; global_colors_info=&#8221;{}&#8221;][et_pb_column_inner saved_specialty_column_type=&#8221;2_3&#8243; _builder_version=&#8221;4.21.0&#8243; _module_preset=&#8221;default&#8221; global_colors_info=&#8221;{}&#8221;][et_pb_text _builder_version=&#8221;4.21.0&#8243; _module_preset=&#8221;default&#8221; custom_padding=&#8221;||2px|||&#8221; global_colors_info=&#8221;{}&#8221;]<\/p>\n<p>\u00a0Oheisessa linkiss\u00e4 Francesco kertoilee ajatuksiaan kuluvasta<span style=\"font-weight: 400\"> <a href=\"https:\/\/www.rotary.org\/en\/a-chat-with-2025-26-rotary-international-president-francesco-arezzo\">rotaryvuodesta.<\/a><\/span><\/p>\n<p>[\/et_pb_text][\/et_pb_column_inner][\/et_pb_row_inner][et_pb_row_inner admin_label=&#8221;Rivi&#8221; _builder_version=&#8221;4.16&#8243; global_colors_info=&#8221;{}&#8221;][et_pb_column_inner saved_specialty_column_type=&#8221;2_3&#8243; _builder_version=&#8221;4.16&#8243; custom_padding=&#8221;|||&#8221; global_colors_info=&#8221;{}&#8221; custom_padding__hover=&#8221;|||&#8221;][et_pb_text admin_label=&#8221;Klubin vuositeema &#8211; Otsikko&#8221; _builder_version=&#8221;4.16&#8243; text_orientation=&#8221;center&#8221; custom_padding=&#8221;7px|||||&#8221; global_colors_info=&#8221;{}&#8221;]<\/p>\n<h4>Asikkalan Rotaryklubin vuositeema<\/h4>\n<p>[\/et_pb_text][et_pb_text _builder_version=&#8221;4.16&#8243; global_colors_info=&#8221;{}&#8221;]<\/p>\n<p class=\"p1\"><span class=\"s1\">Oma klubimme keskittyy j\u00e4senten aktivoimiseen ja klubin julkisuuskuvan kehitt\u00e4miseen. Tahdomme tehd\u00e4 Rotaryn saavutukset n\u00e4kyv\u00e4mm\u00e4ksi. Aktivoidumme yh\u00e4 voimakkaammin nuorten ja heid\u00e4n perheidens\u00e4 suuntaan tukeaksemme heid\u00e4n kasvuaan kohti toimintakykyist\u00e4, hyvinvoivaa aikuisuutta.<\/span><\/p>\n<p>[\/et_pb_text][\/et_pb_column_inner][\/et_pb_row_inner][\/et_pb_column][et_pb_column type=&#8221;1_3&#8243; _builder_version=&#8221;4.16&#8243; custom_padding=&#8221;|||&#8221; global_colors_info=&#8221;{}&#8221; custom_padding__hover=&#8221;|||&#8221;][et_pb_sidebar area=&#8221;sidebar-1&#8243; module_class=&#8221;sivupalkki_sisalto&#8221; _builder_version=&#8221;4.16&#8243; locked=&#8221;on&#8221; global_colors_info=&#8221;{}&#8221;][\/et_pb_sidebar][\/et_pb_column][\/et_pb_section]<\/p>\n","protected":false},"excerpt":{"rendered":"<p>Rotary Internationalin vuosiviestiRotaryvuodelle 2025-2026 ei en\u00e4\u00e4 julkaistu varsinaista vuositeemaa. Sen sijaan Rotary Internationalin presidentti 2025\u20132026 Francesco Arezzo l\u00e4hetti j\u00e4senist\u00f6lle viestin: &#8221;Unite for Good&#8221; \u00a0 Se on voimakas kehotus Rotarylle edist\u00e4\u00e4 tietoisesti syvempi\u00e4 inhimillisi\u00e4 yhteyksi\u00e4 ja pyrki\u00e4 aktiivisesti strategisiin yhteisty\u00f6hankkeisiin. N\u00e4m\u00e4 ovat liikkeellepanevia voimia j\u00e4senkasvun, tehokkaan palvelun ja Rotaryn yhdist\u00e4v\u00e4n voiman takana. N\u00e4ill\u00e4 pyrimme positiiviseen globaaliin [&hellip;]<\/p>\n","protected":false},"author":1,"featured_media":0,"parent":129,"menu_order":0,"comment_status":"closed","ping_status":"closed","template":"","meta":{"_acf_changed":false,"_et_pb_use_builder":"on","_et_pb_old_content":"","_et_gb_content_width":"","footnotes":""},"class_list":["post-138","page","type-page","status-publish","hentry"],"acf":[],"yoast_head":"<!-- This site is optimized with the Yoast SEO plugin v27.4 - https:\/\/yoast.com\/product\/yoast-seo-wordpress\/ -->\n<title>Vuositeema - Asikkalan rotaryklubi<\/title>\n<meta name=\"robots\" content=\"index, follow, max-snippet:-1, max-image-preview:large, max-video-preview:-1\" \/>\n<link rel=\"canonical\" href=\"https:\/\/rotary.fi\/asikkala\/keita-olemme\/vuositeema\/\" \/>\n<meta property=\"og:locale\" content=\"fi_FI\" \/>\n<meta property=\"og:type\" content=\"article\" \/>\n<meta property=\"og:title\" content=\"Vuositeema - Asikkalan rotaryklubi\" \/>\n<meta property=\"og:description\" content=\"Rotary Internationalin vuosiviestiRotaryvuodelle 2025-2026 ei en\u00e4\u00e4 julkaistu varsinaista vuositeemaa. Sen sijaan Rotary Internationalin presidentti 2025\u20132026 Francesco Arezzo l\u00e4hetti j\u00e4senist\u00f6lle viestin: &quot;Unite for Good&quot; \u00a0 Se on voimakas kehotus Rotarylle edist\u00e4\u00e4 tietoisesti syvempi\u00e4 inhimillisi\u00e4 yhteyksi\u00e4 ja pyrki\u00e4 aktiivisesti strategisiin yhteisty\u00f6hankkeisiin. N\u00e4m\u00e4 ovat liikkeellepanevia voimia j\u00e4senkasvun, tehokkaan palvelun ja Rotaryn yhdist\u00e4v\u00e4n voiman takana. N\u00e4ill\u00e4 pyrimme positiiviseen globaaliin [&hellip;]\" \/>\n<meta property=\"og:url\" content=\"https:\/\/rotary.fi\/asikkala\/keita-olemme\/vuositeema\/\" \/>\n<meta property=\"og:site_name\" content=\"Asikkalan rotaryklubi\" \/>\n<meta property=\"article:modified_time\" content=\"2025-08-27T11:54:48+00:00\" \/>\n<meta name=\"twitter:card\" content=\"summary_large_image\" \/>\n<meta name=\"twitter:label1\" content=\"Arvioitu lukuaika\" \/>\n\t<meta name=\"twitter:data1\" content=\"3 minuuttia\" \/>\n<script type=\"application\/ld+json\" class=\"yoast-schema-graph\">{\"@context\":\"https:\\\/\\\/schema.org\",\"@graph\":[{\"@type\":\"WebPage\",\"@id\":\"https:\\\/\\\/rotary.fi\\\/asikkala\\\/keita-olemme\\\/vuositeema\\\/\",\"url\":\"https:\\\/\\\/rotary.fi\\\/asikkala\\\/keita-olemme\\\/vuositeema\\\/\",\"name\":\"Vuositeema - Asikkalan rotaryklubi\",\"isPartOf\":{\"@id\":\"https:\\\/\\\/rotary.fi\\\/asikkala\\\/#website\"},\"datePublished\":\"2018-08-10T11:01:44+00:00\",\"dateModified\":\"2025-08-27T11:54:48+00:00\",\"breadcrumb\":{\"@id\":\"https:\\\/\\\/rotary.fi\\\/asikkala\\\/keita-olemme\\\/vuositeema\\\/#breadcrumb\"},\"inLanguage\":\"fi\",\"potentialAction\":[{\"@type\":\"ReadAction\",\"target\":[\"https:\\\/\\\/rotary.fi\\\/asikkala\\\/keita-olemme\\\/vuositeema\\\/\"]}]},{\"@type\":\"BreadcrumbList\",\"@id\":\"https:\\\/\\\/rotary.fi\\\/asikkala\\\/keita-olemme\\\/vuositeema\\\/#breadcrumb\",\"itemListElement\":[{\"@type\":\"ListItem\",\"position\":1,\"name\":\"Home\",\"item\":\"https:\\\/\\\/rotary.fi\\\/asikkala\\\/\"},{\"@type\":\"ListItem\",\"position\":2,\"name\":\"Keit\u00e4 olemme\",\"item\":\"https:\\\/\\\/rotary.fi\\\/asikkala\\\/keita-olemme\\\/\"},{\"@type\":\"ListItem\",\"position\":3,\"name\":\"Vuositeema\"}]},{\"@type\":\"WebSite\",\"@id\":\"https:\\\/\\\/rotary.fi\\\/asikkala\\\/#website\",\"url\":\"https:\\\/\\\/rotary.fi\\\/asikkala\\\/\",\"name\":\"Asikkalan rotaryklubi\",\"description\":\"Uusi Rotary klubisivusto\",\"potentialAction\":[{\"@type\":\"SearchAction\",\"target\":{\"@type\":\"EntryPoint\",\"urlTemplate\":\"https:\\\/\\\/rotary.fi\\\/asikkala\\\/?s={search_term_string}\"},\"query-input\":{\"@type\":\"PropertyValueSpecification\",\"valueRequired\":true,\"valueName\":\"search_term_string\"}}],\"inLanguage\":\"fi\"}]}<\/script>\n<!-- \/ Yoast SEO plugin. -->","yoast_head_json":{"title":"Vuositeema - Asikkalan rotaryklubi","robots":{"index":"index","follow":"follow","max-snippet":"max-snippet:-1","max-image-preview":"max-image-preview:large","max-video-preview":"max-video-preview:-1"},"canonical":"https:\/\/rotary.fi\/asikkala\/keita-olemme\/vuositeema\/","og_locale":"fi_FI","og_type":"article","og_title":"Vuositeema - Asikkalan rotaryklubi","og_description":"Rotary Internationalin vuosiviestiRotaryvuodelle 2025-2026 ei en\u00e4\u00e4 julkaistu varsinaista vuositeemaa. Sen sijaan Rotary Internationalin presidentti 2025\u20132026 Francesco Arezzo l\u00e4hetti j\u00e4senist\u00f6lle viestin: \"Unite for Good\" \u00a0 Se on voimakas kehotus Rotarylle edist\u00e4\u00e4 tietoisesti syvempi\u00e4 inhimillisi\u00e4 yhteyksi\u00e4 ja pyrki\u00e4 aktiivisesti strategisiin yhteisty\u00f6hankkeisiin. N\u00e4m\u00e4 ovat liikkeellepanevia voimia j\u00e4senkasvun, tehokkaan palvelun ja Rotaryn yhdist\u00e4v\u00e4n voiman takana. N\u00e4ill\u00e4 pyrimme positiiviseen globaaliin [&hellip;]","og_url":"https:\/\/rotary.fi\/asikkala\/keita-olemme\/vuositeema\/","og_site_name":"Asikkalan rotaryklubi","article_modified_time":"2025-08-27T11:54:48+00:00","twitter_card":"summary_large_image","twitter_misc":{"Arvioitu lukuaika":"3 minuuttia"},"schema":{"@context":"https:\/\/schema.org","@graph":[{"@type":"WebPage","@id":"https:\/\/rotary.fi\/asikkala\/keita-olemme\/vuositeema\/","url":"https:\/\/rotary.fi\/asikkala\/keita-olemme\/vuositeema\/","name":"Vuositeema - Asikkalan rotaryklubi","isPartOf":{"@id":"https:\/\/rotary.fi\/asikkala\/#website"},"datePublished":"2018-08-10T11:01:44+00:00","dateModified":"2025-08-27T11:54:48+00:00","breadcrumb":{"@id":"https:\/\/rotary.fi\/asikkala\/keita-olemme\/vuositeema\/#breadcrumb"},"inLanguage":"fi","potentialAction":[{"@type":"ReadAction","target":["https:\/\/rotary.fi\/asikkala\/keita-olemme\/vuositeema\/"]}]},{"@type":"BreadcrumbList","@id":"https:\/\/rotary.fi\/asikkala\/keita-olemme\/vuositeema\/#breadcrumb","itemListElement":[{"@type":"ListItem","position":1,"name":"Home","item":"https:\/\/rotary.fi\/asikkala\/"},{"@type":"ListItem","position":2,"name":"Keit\u00e4 olemme","item":"https:\/\/rotary.fi\/asikkala\/keita-olemme\/"},{"@type":"ListItem","position":3,"name":"Vuositeema"}]},{"@type":"WebSite","@id":"https:\/\/rotary.fi\/asikkala\/#website","url":"https:\/\/rotary.fi\/asikkala\/","name":"Asikkalan rotaryklubi","description":"Uusi Rotary klubisivusto","potentialAction":[{"@type":"SearchAction","target":{"@type":"EntryPoint","urlTemplate":"https:\/\/rotary.fi\/asikkala\/?s={search_term_string}"},"query-input":{"@type":"PropertyValueSpecification","valueRequired":true,"valueName":"search_term_string"}}],"inLanguage":"fi"}]}},"lang":"fi","translations":{"fi":138,"en":1430},"pll_sync_post":[],"_links":{"self":[{"href":"https:\/\/rotary.fi\/asikkala\/wp-json\/wp\/v2\/pages\/138","targetHints":{"allow":["GET"]}}],"collection":[{"href":"https:\/\/rotary.fi\/asikkala\/wp-json\/wp\/v2\/pages"}],"about":[{"href":"https:\/\/rotary.fi\/asikkala\/wp-json\/wp\/v2\/types\/page"}],"author":[{"embeddable":true,"href":"https:\/\/rotary.fi\/asikkala\/wp-json\/wp\/v2\/users\/1"}],"replies":[{"embeddable":true,"href":"https:\/\/rotary.fi\/asikkala\/wp-json\/wp\/v2\/comments?post=138"}],"version-history":[{"count":11,"href":"https:\/\/rotary.fi\/asikkala\/wp-json\/wp\/v2\/pages\/138\/revisions"}],"predecessor-version":[{"id":2396,"href":"https:\/\/rotary.fi\/asikkala\/wp-json\/wp\/v2\/pages\/138\/revisions\/2396"}],"up":[{"embeddable":true,"href":"https:\/\/rotary.fi\/asikkala\/wp-json\/wp\/v2\/pages\/129"}],"wp:attachment":[{"href":"https:\/\/rotary.fi\/asikkala\/wp-json\/wp\/v2\/media?parent=138"}],"curies":[{"name":"wp","href":"https:\/\/api.w.org\/{rel}","templated":true}]}}