{"id":132,"date":"2018-08-10T13:59:56","date_gmt":"2018-08-10T10:59:56","guid":{"rendered":"https:\/\/rotary.fi\/klubi2\/?page_id=132"},"modified":"2025-08-25T13:06:09","modified_gmt":"2025-08-25T10:06:09","slug":"hallitus-ja-toimihenkilot","status":"publish","type":"page","link":"https:\/\/rotary.fi\/alavus\/keita-olemme\/hallitus-ja-toimihenkilot\/","title":{"rendered":"Hallitus ja toimihenkil\u00f6t"},"content":{"rendered":"<p>[et_pb_section fb_built=&#8221;1&#8243; module_class=&#8221;jumbotron-page&#8221; _builder_version=&#8221;4.16&#8243; background_image=&#8221;https:\/\/rotary.fi\/alavus\/wp-content\/uploads\/sites\/107\/2018\/10\/rotary_klubit_alasivu_paakuva_12.jpg&#8221; global_colors_info=&#8221;{}&#8221;][et_pb_row _builder_version=&#8221;4.16&#8243; background_size=&#8221;initial&#8221; background_position=&#8221;top_left&#8221; background_repeat=&#8221;repeat&#8221; global_colors_info=&#8221;{}&#8221;][et_pb_column type=&#8221;4_4&#8243; _builder_version=&#8221;4.16&#8243; custom_padding=&#8221;|||&#8221; global_colors_info=&#8221;{}&#8221; custom_padding__hover=&#8221;|||&#8221;][et_pb_text admin_label=&#8221;P\u00e4\u00e4otsikko&#8221; _builder_version=&#8221;4.16&#8243; text_orientation=&#8221;center&#8221; background_layout=&#8221;dark&#8221; global_colors_info=&#8221;{}&#8221;]<\/p>\n<h1>Hallitus ja toimihenkil\u00f6t<\/h1>\n<p>[\/et_pb_text][\/et_pb_column][\/et_pb_row][\/et_pb_section][et_pb_section fb_built=&#8221;1&#8243; specialty=&#8221;on&#8221; module_class_2=&#8221;sivupalkki&#8221; _builder_version=&#8221;4.16&#8243; global_colors_info=&#8221;{}&#8221;][et_pb_column type=&#8221;2_3&#8243; specialty_columns=&#8221;2&#8243; _builder_version=&#8221;4.16&#8243; custom_padding=&#8221;|||&#8221; global_colors_info=&#8221;{}&#8221; parallax__hover=&#8221;off&#8221; parallax_method__hover=&#8221;on&#8221; custom_padding__hover=&#8221;|||&#8221;][et_pb_row_inner admin_label=&#8221;Rivi&#8221; _builder_version=&#8221;4.16&#8243; global_colors_info=&#8221;{}&#8221;][et_pb_column_inner saved_specialty_column_type=&#8221;2_3&#8243; _builder_version=&#8221;4.16&#8243; custom_padding=&#8221;|||&#8221; global_colors_info=&#8221;{}&#8221; parallax__hover=&#8221;off&#8221; parallax_method__hover=&#8221;on&#8221; custom_padding__hover=&#8221;|||&#8221;][et_pb_text admin_label=&#8221;Otsikko&#8221; _builder_version=&#8221;4.16&#8243; text_orientation=&#8221;center&#8221; global_colors_info=&#8221;{}&#8221;]<\/p>\n<h1>Klubin hallitus<\/h1>\n<p>[\/et_pb_text][\/et_pb_column_inner][\/et_pb_row_inner][et_pb_row_inner column_structure=&#8221;1_2,1_2&#8243; admin_label=&#8221;Rivi&#8221; _builder_version=&#8221;4.16&#8243; global_colors_info=&#8221;{}&#8221;][et_pb_column_inner type=&#8221;1_2&#8243; saved_specialty_column_type=&#8221;2_3&#8243; _builder_version=&#8221;4.16&#8243; custom_padding=&#8221;|||&#8221; global_colors_info=&#8221;{}&#8221; parallax__hover=&#8221;off&#8221; parallax_method__hover=&#8221;on&#8221; custom_padding__hover=&#8221;|||&#8221;][et_pb_text _builder_version=&#8221;4.27.4&#8243; hover_enabled=&#8221;0&#8243; global_colors_info=&#8221;{}&#8221; sticky_enabled=&#8221;0&#8243;]<\/p>\n<h3>Presidentti<\/h3>\n<p>Eero Klemola<\/p>\n<h3>Varapresidentti<\/h3>\n<p>Pekka Kaihoniemi<\/p>\n<h3>Sihteeri<\/h3>\n<p>Vesa Aho<\/p>\n<h3>Klubimestari<\/h3>\n<p>Marja Matara-aho<\/p>\n<h3>Rahastonhoitaja<\/h3>\n<p>Vesa Pyylampi<\/p>\n<h3>Rotarys\u00e4\u00e4ti\u00f6vastaava<\/h3>\n<p>Jorma Sepponen<\/p>\n<h3>It-vastaava<\/h3>\n<p>Tuomas Rouhunkoski<\/p>\n<h3>Nuorisovaihtovastaava<\/h3>\n<p>Ingrid Geeraerts<\/p>\n<p>[\/et_pb_text][\/et_pb_column_inner][et_pb_column_inner type=&#8221;1_2&#8243; saved_specialty_column_type=&#8221;2_3&#8243; _builder_version=&#8221;4.16&#8243; custom_padding=&#8221;|||&#8221; global_colors_info=&#8221;{}&#8221; parallax__hover=&#8221;off&#8221; parallax_method__hover=&#8221;on&#8221; custom_padding__hover=&#8221;|||&#8221;][\/et_pb_column_inner][\/et_pb_row_inner][\/et_pb_column][et_pb_column type=&#8221;1_3&#8243; module_class=&#8221;sivupalkki&#8221; _builder_version=&#8221;4.16&#8243; custom_padding=&#8221;|||&#8221; global_colors_info=&#8221;{}&#8221; parallax__hover=&#8221;off&#8221; parallax_method__hover=&#8221;on&#8221; module_class__hover=&#8221;sivupalkki&#8221; custom_padding__hover=&#8221;|||&#8221;][et_pb_sidebar area=&#8221;sidebar-1&#8243; module_class=&#8221;sivupalkki_sisalto&#8221; _builder_version=&#8221;4.16&#8243; locked=&#8221;on&#8221; global_colors_info=&#8221;{}&#8221;]&nbsp;<br \/>\n[\/et_pb_sidebar][\/et_pb_column][\/et_pb_section]<\/p>\n","protected":false},"excerpt":{"rendered":"<p>Hallitus ja toimihenkil\u00f6t Klubin hallitus Presidentti Eero Klemola Varapresidentti Pekka Kaihoniemi Sihteeri Vesa Aho Klubimestari Marja Matara-aho Rahastonhoitaja Vesa Pyylampi Rotarys\u00e4\u00e4ti\u00f6vastaava Jorma Sepponen It-vastaava Tuomas Rouhunkoski Nuorisovaihtovastaava Ingrid Geeraerts&nbsp;<\/p>\n","protected":false},"author":1,"featured_media":0,"parent":129,"menu_order":0,"comment_status":"closed","ping_status":"closed","template":"","meta":{"_acf_changed":false,"_et_pb_use_builder":"on","_et_pb_old_content":"<p>[et_pb_section fb_built=\"1\" module_class=\"jumbotron-page\" _builder_version=\"4.16\" background_image=\"https:\/\/rotary.fi\/alavus\/wp-content\/uploads\/sites\/107\/2018\/10\/rotary_klubit_alasivu_paakuva_12.jpg\" global_colors_info=\"{}\"][et_pb_row _builder_version=\"4.16\" background_size=\"initial\" background_position=\"top_left\" background_repeat=\"repeat\" global_colors_info=\"{}\"][et_pb_column type=\"4_4\" _builder_version=\"4.16\" custom_padding=\"|||\" global_colors_info=\"{}\" custom_padding__hover=\"|||\"][et_pb_text admin_label=\"P\u00e4\u00e4otsikko\" _builder_version=\"4.16\" text_orientation=\"center\" background_layout=\"dark\" global_colors_info=\"{}\"]<\/p><h1>Hallitus ja toimihenkil\u00f6t<\/h1><p>[\/et_pb_text][\/et_pb_column][\/et_pb_row][\/et_pb_section][et_pb_section fb_built=\"1\" specialty=\"on\" module_class_2=\"sivupalkki\" _builder_version=\"4.16\" global_colors_info=\"{}\"][et_pb_column type=\"2_3\" specialty_columns=\"2\" _builder_version=\"4.16\" custom_padding=\"|||\" global_colors_info=\"{}\" parallax__hover=\"off\" parallax_method__hover=\"on\" custom_padding__hover=\"|||\"][et_pb_row_inner admin_label=\"Rivi\" _builder_version=\"4.16\" global_colors_info=\"{}\"][et_pb_column_inner saved_specialty_column_type=\"2_3\" _builder_version=\"4.16\" custom_padding=\"|||\" global_colors_info=\"{}\" parallax__hover=\"off\" parallax_method__hover=\"on\" custom_padding__hover=\"|||\"][et_pb_text admin_label=\"Otsikko\" _builder_version=\"4.16\" text_orientation=\"center\" global_colors_info=\"{}\"]<\/p><h1>Klubin hallitus<\/h1><p>[\/et_pb_text][\/et_pb_column_inner][\/et_pb_row_inner][et_pb_row_inner column_structure=\"1_2,1_2\" admin_label=\"Rivi\" _builder_version=\"4.16\" global_colors_info=\"{}\"][et_pb_column_inner type=\"1_2\" saved_specialty_column_type=\"2_3\" _builder_version=\"4.16\" custom_padding=\"|||\" global_colors_info=\"{}\" parallax__hover=\"off\" parallax_method__hover=\"on\" custom_padding__hover=\"|||\"][et_pb_team_member name=\"Jorma Saariaho\" position=\"Presidentti\" image_url=\"https:\/\/rotary.fi\/alavus\/wp-content\/uploads\/sites\/107\/2022\/09\/valokuva-jorma-392022.jpg\" admin_label=\"Presidentti\" _builder_version=\"4.18.0\" custom_padding=\"||3px|||\" global_colors_info=\"{}\"]<\/p><p>p. 0505564045<br \/>jorma.j.saariaho@outlook.com<\/p><p>[\/et_pb_team_member][\/et_pb_column_inner][et_pb_column_inner type=\"1_2\" saved_specialty_column_type=\"2_3\" _builder_version=\"4.16\" custom_padding=\"|||\" global_colors_info=\"{}\" parallax__hover=\"off\" parallax_method__hover=\"on\" custom_padding__hover=\"|||\"][et_pb_text _builder_version=\"4.16\" global_colors_info=\"{}\"]<\/p><h2>Hallitus<\/h2><p><strong>Presidentti 2022-2023 <\/strong>Jorma Saariaho<br \/><strong>Varapresidentti<\/strong> Pekka Kaihoniemi<br \/><strong>Edellinen presidentti<\/strong> Markku Onnela<br \/><strong>1.sihteeri<\/strong> Eero Klemola<br \/><strong>Klubimestari <\/strong>Vesa Aho<br \/><strong>Rahastonhoitaja <\/strong>Vesa Pyylampi<br \/><strong>IT-vastaava<\/strong>\u00a0Tuomas Rouhunkoski<br \/><strong>S\u00e4\u00e4ti\u00f6asiamies<\/strong> Markku Onnela<br \/><strong>Nuorisovaihtoasiamies<\/strong> Ingrid Geeraerts<\/p><h2>J\u00e4senyystoimikunta<\/h2><p><strong>Puheenjohtaja<\/strong> Pekka Kaihoniemi<\/p><h2>Palvelutoimikunta<\/h2><p><strong>Puheenjohtaja<\/strong> Esa Saari<\/p><h2>Julkisuuskuvatoimikunta<\/h2><p><strong>Puheenjohtaja<\/strong> Seppo E J\u00e4rvinen<\/p><h2>Rotarys\u00e4\u00e4ti\u00f6toimikunta<\/h2><p><strong>Puheenjohtaja<\/strong> Markku Onnela<\/p><p>[\/et_pb_text][\/et_pb_column_inner][\/et_pb_row_inner][\/et_pb_column][et_pb_column type=\"1_3\" module_class=\"sivupalkki\" _builder_version=\"4.16\" custom_padding=\"|||\" global_colors_info=\"{}\" parallax__hover=\"off\" parallax_method__hover=\"on\" module_class__hover=\"sivupalkki\" custom_padding__hover=\"|||\"][et_pb_sidebar area=\"sidebar-1\" module_class=\"sivupalkki_sisalto\" _builder_version=\"4.16\" locked=\"on\" global_colors_info=\"{}\"]<\/p><p>\u00a0<\/p><p>[\/et_pb_sidebar][\/et_pb_column][\/et_pb_section]<\/p>","_et_gb_content_width":"","footnotes":""},"class_list":["post-132","page","type-page","status-publish","hentry"],"acf":[],"yoast_head":"<!-- This site is optimized with the Yoast SEO plugin v27.4 - https:\/\/yoast.com\/product\/yoast-seo-wordpress\/ -->\n<title>Hallitus ja toimihenkil\u00f6t - Alavus<\/title>\n<meta name=\"robots\" content=\"index, follow, max-snippet:-1, max-image-preview:large, max-video-preview:-1\" \/>\n<link rel=\"canonical\" href=\"https:\/\/rotary.fi\/alavus\/keita-olemme\/hallitus-ja-toimihenkilot\/\" \/>\n<meta property=\"og:locale\" content=\"fi_FI\" \/>\n<meta property=\"og:type\" content=\"article\" \/>\n<meta property=\"og:title\" content=\"Hallitus ja toimihenkil\u00f6t - Alavus\" \/>\n<meta property=\"og:description\" content=\"Hallitus ja toimihenkil\u00f6t Klubin hallitus Presidentti Eero Klemola Varapresidentti Pekka Kaihoniemi Sihteeri Vesa Aho Klubimestari Marja Matara-aho Rahastonhoitaja Vesa Pyylampi Rotarys\u00e4\u00e4ti\u00f6vastaava Jorma Sepponen It-vastaava Tuomas Rouhunkoski Nuorisovaihtovastaava Ingrid Geeraerts&nbsp;\" \/>\n<meta property=\"og:url\" content=\"https:\/\/rotary.fi\/alavus\/keita-olemme\/hallitus-ja-toimihenkilot\/\" \/>\n<meta property=\"og:site_name\" content=\"Alavus\" \/>\n<meta property=\"article:modified_time\" content=\"2025-08-25T10:06:09+00:00\" \/>\n<meta name=\"twitter:card\" content=\"summary_large_image\" \/>\n<meta name=\"twitter:label1\" content=\"Arvioitu lukuaika\" \/>\n\t<meta name=\"twitter:data1\" content=\"1 minuutti\" \/>\n<script type=\"application\/ld+json\" class=\"yoast-schema-graph\">{\"@context\":\"https:\\\/\\\/schema.org\",\"@graph\":[{\"@type\":\"WebPage\",\"@id\":\"https:\\\/\\\/rotary.fi\\\/alavus\\\/keita-olemme\\\/hallitus-ja-toimihenkilot\\\/\",\"url\":\"https:\\\/\\\/rotary.fi\\\/alavus\\\/keita-olemme\\\/hallitus-ja-toimihenkilot\\\/\",\"name\":\"Hallitus ja toimihenkil\u00f6t - Alavus\",\"isPartOf\":{\"@id\":\"https:\\\/\\\/rotary.fi\\\/alavus\\\/#website\"},\"datePublished\":\"2018-08-10T10:59:56+00:00\",\"dateModified\":\"2025-08-25T10:06:09+00:00\",\"breadcrumb\":{\"@id\":\"https:\\\/\\\/rotary.fi\\\/alavus\\\/keita-olemme\\\/hallitus-ja-toimihenkilot\\\/#breadcrumb\"},\"inLanguage\":\"fi\",\"potentialAction\":[{\"@type\":\"ReadAction\",\"target\":[\"https:\\\/\\\/rotary.fi\\\/alavus\\\/keita-olemme\\\/hallitus-ja-toimihenkilot\\\/\"]}]},{\"@type\":\"BreadcrumbList\",\"@id\":\"https:\\\/\\\/rotary.fi\\\/alavus\\\/keita-olemme\\\/hallitus-ja-toimihenkilot\\\/#breadcrumb\",\"itemListElement\":[{\"@type\":\"ListItem\",\"position\":1,\"name\":\"Home\",\"item\":\"https:\\\/\\\/rotary.fi\\\/alavus\\\/\"},{\"@type\":\"ListItem\",\"position\":2,\"name\":\"Keit\u00e4 olemme\",\"item\":\"https:\\\/\\\/rotary.fi\\\/alavus\\\/keita-olemme\\\/\"},{\"@type\":\"ListItem\",\"position\":3,\"name\":\"Hallitus ja toimihenkil\u00f6t\"}]},{\"@type\":\"WebSite\",\"@id\":\"https:\\\/\\\/rotary.fi\\\/alavus\\\/#website\",\"url\":\"https:\\\/\\\/rotary.fi\\\/alavus\\\/\",\"name\":\"Alavus\",\"description\":\"Uusi Rotary klubisivusto\",\"potentialAction\":[{\"@type\":\"SearchAction\",\"target\":{\"@type\":\"EntryPoint\",\"urlTemplate\":\"https:\\\/\\\/rotary.fi\\\/alavus\\\/?s={search_term_string}\"},\"query-input\":{\"@type\":\"PropertyValueSpecification\",\"valueRequired\":true,\"valueName\":\"search_term_string\"}}],\"inLanguage\":\"fi\"}]}<\/script>\n<!-- \/ Yoast SEO plugin. -->","yoast_head_json":{"title":"Hallitus ja toimihenkil\u00f6t - Alavus","robots":{"index":"index","follow":"follow","max-snippet":"max-snippet:-1","max-image-preview":"max-image-preview:large","max-video-preview":"max-video-preview:-1"},"canonical":"https:\/\/rotary.fi\/alavus\/keita-olemme\/hallitus-ja-toimihenkilot\/","og_locale":"fi_FI","og_type":"article","og_title":"Hallitus ja toimihenkil\u00f6t - Alavus","og_description":"Hallitus ja toimihenkil\u00f6t Klubin hallitus Presidentti Eero Klemola Varapresidentti Pekka Kaihoniemi Sihteeri Vesa Aho Klubimestari Marja Matara-aho Rahastonhoitaja Vesa Pyylampi Rotarys\u00e4\u00e4ti\u00f6vastaava Jorma Sepponen It-vastaava Tuomas Rouhunkoski Nuorisovaihtovastaava Ingrid Geeraerts&nbsp;","og_url":"https:\/\/rotary.fi\/alavus\/keita-olemme\/hallitus-ja-toimihenkilot\/","og_site_name":"Alavus","article_modified_time":"2025-08-25T10:06:09+00:00","twitter_card":"summary_large_image","twitter_misc":{"Arvioitu lukuaika":"1 minuutti"},"schema":{"@context":"https:\/\/schema.org","@graph":[{"@type":"WebPage","@id":"https:\/\/rotary.fi\/alavus\/keita-olemme\/hallitus-ja-toimihenkilot\/","url":"https:\/\/rotary.fi\/alavus\/keita-olemme\/hallitus-ja-toimihenkilot\/","name":"Hallitus ja toimihenkil\u00f6t - Alavus","isPartOf":{"@id":"https:\/\/rotary.fi\/alavus\/#website"},"datePublished":"2018-08-10T10:59:56+00:00","dateModified":"2025-08-25T10:06:09+00:00","breadcrumb":{"@id":"https:\/\/rotary.fi\/alavus\/keita-olemme\/hallitus-ja-toimihenkilot\/#breadcrumb"},"inLanguage":"fi","potentialAction":[{"@type":"ReadAction","target":["https:\/\/rotary.fi\/alavus\/keita-olemme\/hallitus-ja-toimihenkilot\/"]}]},{"@type":"BreadcrumbList","@id":"https:\/\/rotary.fi\/alavus\/keita-olemme\/hallitus-ja-toimihenkilot\/#breadcrumb","itemListElement":[{"@type":"ListItem","position":1,"name":"Home","item":"https:\/\/rotary.fi\/alavus\/"},{"@type":"ListItem","position":2,"name":"Keit\u00e4 olemme","item":"https:\/\/rotary.fi\/alavus\/keita-olemme\/"},{"@type":"ListItem","position":3,"name":"Hallitus ja toimihenkil\u00f6t"}]},{"@type":"WebSite","@id":"https:\/\/rotary.fi\/alavus\/#website","url":"https:\/\/rotary.fi\/alavus\/","name":"Alavus","description":"Uusi Rotary klubisivusto","potentialAction":[{"@type":"SearchAction","target":{"@type":"EntryPoint","urlTemplate":"https:\/\/rotary.fi\/alavus\/?s={search_term_string}"},"query-input":{"@type":"PropertyValueSpecification","valueRequired":true,"valueName":"search_term_string"}}],"inLanguage":"fi"}]}},"lang":"fi","translations":{"fi":132},"pll_sync_post":[],"_links":{"self":[{"href":"https:\/\/rotary.fi\/alavus\/wp-json\/wp\/v2\/pages\/132","targetHints":{"allow":["GET"]}}],"collection":[{"href":"https:\/\/rotary.fi\/alavus\/wp-json\/wp\/v2\/pages"}],"about":[{"href":"https:\/\/rotary.fi\/alavus\/wp-json\/wp\/v2\/types\/page"}],"author":[{"embeddable":true,"href":"https:\/\/rotary.fi\/alavus\/wp-json\/wp\/v2\/users\/1"}],"replies":[{"embeddable":true,"href":"https:\/\/rotary.fi\/alavus\/wp-json\/wp\/v2\/comments?post=132"}],"version-history":[{"count":11,"href":"https:\/\/rotary.fi\/alavus\/wp-json\/wp\/v2\/pages\/132\/revisions"}],"predecessor-version":[{"id":2099,"href":"https:\/\/rotary.fi\/alavus\/wp-json\/wp\/v2\/pages\/132\/revisions\/2099"}],"up":[{"embeddable":true,"href":"https:\/\/rotary.fi\/alavus\/wp-json\/wp\/v2\/pages\/129"}],"wp:attachment":[{"href":"https:\/\/rotary.fi\/alavus\/wp-json\/wp\/v2\/media?parent=132"}],"curies":[{"name":"wp","href":"https:\/\/api.w.org\/{rel}","templated":true}]}}