{"id":156,"date":"2018-08-13T09:46:59","date_gmt":"2018-08-13T06:46:59","guid":{"rendered":"https:\/\/rotary.fi\/alastaronrotaryklubi\/?page_id=156"},"modified":"2025-06-30T18:14:11","modified_gmt":"2025-06-30T15:14:11","slug":"projektit","status":"publish","type":"page","link":"https:\/\/rotary.fi\/alastaronrotaryklubi\/mita-teemme\/projektit\/","title":{"rendered":"Projektit"},"content":{"rendered":"<p>[et_pb_section fb_built=&#8221;1&#8243; module_class=&#8221;jumbotron-page&#8221; _builder_version=&#8221;4.16&#8243; background_image=&#8221;https:\/\/rotary.fi\/alastaronrotaryklubi\/wp-content\/uploads\/sites\/91\/2021\/12\/rakentamista-5.jpg&#8221; width=&#8221;80%&#8221; max_width=&#8221;80%&#8221; module_alignment=&#8221;center&#8221; height=&#8221;421px&#8221; max_height=&#8221;419px&#8221; global_colors_info=&#8221;{}&#8221;][et_pb_row _builder_version=&#8221;4.16&#8243; background_size=&#8221;initial&#8221; background_position=&#8221;top_left&#8221; background_repeat=&#8221;repeat&#8221; module_alignment=&#8221;center&#8221; min_height=&#8221;311.6px&#8221; height=&#8221;361px&#8221; max_height=&#8221;352px&#8221; custom_padding=&#8221;||61px|||&#8221; global_colors_info=&#8221;{}&#8221;][et_pb_column type=&#8221;4_4&#8243; _builder_version=&#8221;4.16&#8243; custom_padding=&#8221;|||&#8221; global_colors_info=&#8221;{}&#8221; custom_padding__hover=&#8221;|||&#8221;][et_pb_text admin_label=&#8221;P\u00e4\u00e4otsikko&#8221; _builder_version=&#8221;4.16&#8243; text_orientation=&#8221;center&#8221; background_layout=&#8221;dark&#8221; min_height=&#8221;207px&#8221; custom_margin=&#8221;-105px|||||&#8221; custom_padding=&#8221;0px|||||&#8221; global_colors_info=&#8221;{}&#8221;]<\/p>\n<h1>Projektit<\/h1>\n<p>[\/et_pb_text][\/et_pb_column][\/et_pb_row][\/et_pb_section][et_pb_section fb_built=&#8221;1&#8243; specialty=&#8221;on&#8221; module_class_2=&#8221;sivupalkki&#8221; _builder_version=&#8221;4.16&#8243; global_colors_info=&#8221;{}&#8221;][et_pb_column type=&#8221;2_3&#8243; specialty_columns=&#8221;2&#8243; _builder_version=&#8221;4.16&#8243; custom_padding=&#8221;|||&#8221; global_colors_info=&#8221;{}&#8221; parallax__hover=&#8221;off&#8221; parallax_method__hover=&#8221;on&#8221; custom_padding__hover=&#8221;|||&#8221;][et_pb_row_inner admin_label=&#8221;Rivi&#8221; _builder_version=&#8221;4.16&#8243; global_colors_info=&#8221;{}&#8221;][et_pb_column_inner saved_specialty_column_type=&#8221;2_3&#8243; _builder_version=&#8221;4.16&#8243; custom_padding=&#8221;|||&#8221; global_colors_info=&#8221;{}&#8221; parallax__hover=&#8221;off&#8221; parallax_method__hover=&#8221;on&#8221; custom_padding__hover=&#8221;|||&#8221;][et_pb_text admin_label=&#8221;Projektit &#8211; Otsikko&#8221; _builder_version=&#8221;4.16&#8243; text_orientation=&#8221;center&#8221; global_colors_info=&#8221;{}&#8221;]<\/p>\n<h1>Projektit<\/h1>\n<p>[\/et_pb_text][et_pb_text _builder_version=&#8221;4.27.4&#8243; hover_enabled=&#8221;0&#8243; global_colors_info=&#8221;{}&#8221; sticky_enabled=&#8221;0&#8243;]<\/p>\n<p>&nbsp;<\/p>\n<p>&nbsp;<\/p>\n<p>&nbsp;<\/p>\n<p>Rotary on palveluj\u00e4rjest\u00f6. Toimimme tunnuslauseemme Palvelu itsekkyyden edelle (Service above self) mukaisesti paikallisesti ja maailmanlaajuisesti. Kansainv\u00e4linen humanit\u00e4\u00e4rinen palvelumme toteutuu Rotarys\u00e4\u00e4ti\u00f6mme koordinoimana ja hyv\u00e4ksyttyjen kumppaneiden kanssa.<\/p>\n<p><strong>Klubin 1.Projekti. Hunnaan kotiseutumuseon k\u00e4ytett\u00e4vyyden p\u00e4ivitt\u00e4minen.<\/strong><\/p>\n<p>Kes\u00e4n ja syksyn 2025 aikana Alastaron Rotaryklubi uudistaa savusaunan lauteet. T\u00e4m\u00e4n my\u00f6t\u00e4 saunan esteett\u00f6myys paranee. Alueelle rakennetaan my\u00f6s bio-k\u00e4ym\u00e4l\u00e4 ja vanhat k\u00e4ym\u00e4l\u00e4t puretaan.Rakennusprojektit mahdollistaa paikalliset yhteisty\u00f6 kumppanit sek\u00e4 Rotarypiirilt\u00e4 1410 saatu avustus.<strong><\/strong><\/p>\n<p><strong>Klubin 2. Projekti. Futsalh\u00f6lkk\u00e4 j\u00e4rjestet\u00e4\u00e4n Alastaron Urheilijoiden Futsal- joukkueen tukemisteksi. 9.8.2025.<\/strong><\/p>\n<p>Tapahtuma j\u00e4rjestet\u00e4\u00e4n h\u00f6lkk\u00e4- ja py\u00f6r\u00e4ily tapahtumana yhteisty\u00f6ss\u00e4 Alastaron Kyl\u00e4yhdistyksen kanssa. Paikka Alastaron liikuntahalli ja Saapaanm\u00e4en liikuntapuisto.<strong><\/strong><\/p>\n<p><strong>Klubin 3.Projekti. Laajennetun Ratas-radan vuosihuolto ja esittelytapahtumat<\/strong><\/p>\n<p>Alastaron keskustaajaman l\u00e4heisyyteen urheilukent\u00e4n ja Saappaanm\u00e4en v\u00e4liin\u00a0 on rakennettu 12-v\u00e4yl\u00e4inen frisbeegolfrata. Alastaron rotaryklubi rakensi radan yhteisty\u00f6kumppaneiden kanssa talkooty\u00f6n\u00e4 vuosina 2019 &#8211; 2020 (laajennus syksy 2024).<\/p>\n<p>Frisbeegolfrata vaatii kehitt\u00e4mist\u00e4 ja hoitoa\u00a0 jatkuvana projektina. Radan ulkoasu ja siisteys sek\u00e4 puuston kunto on klubillemme t\u00e4rke\u00e4 asia.<\/p>\n<p>Syksll\u00e4 2025 tullaan j\u00e4rjest\u00e4m\u00e4\u00e4n Ratas-radalla Alastaron kirkonkyl\u00e4n koulun oppilaille ja heid\u00e4n huoltajilleen radan esittely.<\/p>\n<p>[\/et_pb_text][\/et_pb_column_inner][\/et_pb_row_inner][\/et_pb_column][et_pb_column type=&#8221;1_3&#8243; module_class=&#8221;sivupalkki&#8221; _builder_version=&#8221;4.16&#8243; custom_padding=&#8221;|||&#8221; global_colors_info=&#8221;{}&#8221; parallax__hover=&#8221;off&#8221; parallax_method__hover=&#8221;on&#8221; module_class__hover=&#8221;sivupalkki&#8221; custom_padding__hover=&#8221;|||&#8221;][et_pb_sidebar area=&#8221;sidebar-1&#8243; module_class=&#8221;sivupalkki_sisalto&#8221; _builder_version=&#8221;4.16&#8243; locked=&#8221;on&#8221; global_colors_info=&#8221;{}&#8221;][\/et_pb_sidebar][\/et_pb_column][\/et_pb_section]<\/p>\n","protected":false},"excerpt":{"rendered":"<p>ProjektitProjektit &nbsp; &nbsp; &nbsp; Rotary on palveluj\u00e4rjest\u00f6. Toimimme tunnuslauseemme Palvelu itsekkyyden edelle (Service above self) mukaisesti paikallisesti ja maailmanlaajuisesti. Kansainv\u00e4linen humanit\u00e4\u00e4rinen palvelumme toteutuu Rotarys\u00e4\u00e4ti\u00f6mme koordinoimana ja hyv\u00e4ksyttyjen kumppaneiden kanssa. Klubin 1.Projekti. Hunnaan kotiseutumuseon k\u00e4ytett\u00e4vyyden p\u00e4ivitt\u00e4minen. Kes\u00e4n ja syksyn 2025 aikana Alastaron Rotaryklubi uudistaa savusaunan lauteet. T\u00e4m\u00e4n my\u00f6t\u00e4 saunan esteett\u00f6myys paranee. Alueelle rakennetaan my\u00f6s bio-k\u00e4ym\u00e4l\u00e4 ja [&hellip;]<\/p>\n","protected":false},"author":1,"featured_media":0,"parent":77,"menu_order":0,"comment_status":"closed","ping_status":"closed","template":"","meta":{"_acf_changed":false,"_et_pb_use_builder":"on","_et_pb_old_content":"","_et_gb_content_width":"","footnotes":""},"class_list":["post-156","page","type-page","status-publish","hentry"],"acf":[],"yoast_head":"<!-- This site is optimized with the Yoast SEO plugin v27.0 - https:\/\/yoast.com\/product\/yoast-seo-wordpress\/ -->\n<title>Projektit - Alastaron Rotaryklubi<\/title>\n<meta name=\"robots\" content=\"index, follow, max-snippet:-1, max-image-preview:large, max-video-preview:-1\" \/>\n<link rel=\"canonical\" href=\"https:\/\/rotary.fi\/alastaronrotaryklubi\/mita-teemme\/projektit\/\" \/>\n<meta property=\"og:locale\" content=\"fi_FI\" \/>\n<meta property=\"og:type\" content=\"article\" \/>\n<meta property=\"og:title\" content=\"Projektit - Alastaron Rotaryklubi\" \/>\n<meta property=\"og:description\" content=\"ProjektitProjektit &nbsp; &nbsp; &nbsp; Rotary on palveluj\u00e4rjest\u00f6. Toimimme tunnuslauseemme Palvelu itsekkyyden edelle (Service above self) mukaisesti paikallisesti ja maailmanlaajuisesti. Kansainv\u00e4linen humanit\u00e4\u00e4rinen palvelumme toteutuu Rotarys\u00e4\u00e4ti\u00f6mme koordinoimana ja hyv\u00e4ksyttyjen kumppaneiden kanssa. Klubin 1.Projekti. Hunnaan kotiseutumuseon k\u00e4ytett\u00e4vyyden p\u00e4ivitt\u00e4minen. Kes\u00e4n ja syksyn 2025 aikana Alastaron Rotaryklubi uudistaa savusaunan lauteet. T\u00e4m\u00e4n my\u00f6t\u00e4 saunan esteett\u00f6myys paranee. Alueelle rakennetaan my\u00f6s bio-k\u00e4ym\u00e4l\u00e4 ja [&hellip;]\" \/>\n<meta property=\"og:url\" content=\"https:\/\/rotary.fi\/alastaronrotaryklubi\/mita-teemme\/projektit\/\" \/>\n<meta property=\"og:site_name\" content=\"Alastaron Rotaryklubi\" \/>\n<meta property=\"article:modified_time\" content=\"2025-06-30T15:14:11+00:00\" \/>\n<meta name=\"twitter:card\" content=\"summary_large_image\" \/>\n<meta name=\"twitter:label1\" content=\"Arvioitu lukuaika\" \/>\n\t<meta name=\"twitter:data1\" content=\"2 minuuttia\" \/>\n<script type=\"application\/ld+json\" class=\"yoast-schema-graph\">{\"@context\":\"https:\/\/schema.org\",\"@graph\":[{\"@type\":\"WebPage\",\"@id\":\"https:\/\/rotary.fi\/alastaronrotaryklubi\/mita-teemme\/projektit\/\",\"url\":\"https:\/\/rotary.fi\/alastaronrotaryklubi\/mita-teemme\/projektit\/\",\"name\":\"Projektit - Alastaron Rotaryklubi\",\"isPartOf\":{\"@id\":\"https:\/\/rotary.fi\/alastaronrotaryklubi\/#website\"},\"datePublished\":\"2018-08-13T06:46:59+00:00\",\"dateModified\":\"2025-06-30T15:14:11+00:00\",\"breadcrumb\":{\"@id\":\"https:\/\/rotary.fi\/alastaronrotaryklubi\/mita-teemme\/projektit\/#breadcrumb\"},\"inLanguage\":\"fi\",\"potentialAction\":[{\"@type\":\"ReadAction\",\"target\":[\"https:\/\/rotary.fi\/alastaronrotaryklubi\/mita-teemme\/projektit\/\"]}]},{\"@type\":\"BreadcrumbList\",\"@id\":\"https:\/\/rotary.fi\/alastaronrotaryklubi\/mita-teemme\/projektit\/#breadcrumb\",\"itemListElement\":[{\"@type\":\"ListItem\",\"position\":1,\"name\":\"Home\",\"item\":\"https:\/\/rotary.fi\/alastaronrotaryklubi\/\"},{\"@type\":\"ListItem\",\"position\":2,\"name\":\"Mit\u00e4 teemme\",\"item\":\"https:\/\/rotary.fi\/alastaronrotaryklubi\/mita-teemme\/\"},{\"@type\":\"ListItem\",\"position\":3,\"name\":\"Projektit\"}]},{\"@type\":\"WebSite\",\"@id\":\"https:\/\/rotary.fi\/alastaronrotaryklubi\/#website\",\"url\":\"https:\/\/rotary.fi\/alastaronrotaryklubi\/\",\"name\":\"Alastaron Rotaryklubi\",\"description\":\"Uusi Rotary klubisivusto\",\"potentialAction\":[{\"@type\":\"SearchAction\",\"target\":{\"@type\":\"EntryPoint\",\"urlTemplate\":\"https:\/\/rotary.fi\/alastaronrotaryklubi\/?s={search_term_string}\"},\"query-input\":{\"@type\":\"PropertyValueSpecification\",\"valueRequired\":true,\"valueName\":\"search_term_string\"}}],\"inLanguage\":\"fi\"}]}<\/script>\n<!-- \/ Yoast SEO plugin. -->","yoast_head_json":{"title":"Projektit - Alastaron Rotaryklubi","robots":{"index":"index","follow":"follow","max-snippet":"max-snippet:-1","max-image-preview":"max-image-preview:large","max-video-preview":"max-video-preview:-1"},"canonical":"https:\/\/rotary.fi\/alastaronrotaryklubi\/mita-teemme\/projektit\/","og_locale":"fi_FI","og_type":"article","og_title":"Projektit - Alastaron Rotaryklubi","og_description":"ProjektitProjektit &nbsp; &nbsp; &nbsp; Rotary on palveluj\u00e4rjest\u00f6. Toimimme tunnuslauseemme Palvelu itsekkyyden edelle (Service above self) mukaisesti paikallisesti ja maailmanlaajuisesti. Kansainv\u00e4linen humanit\u00e4\u00e4rinen palvelumme toteutuu Rotarys\u00e4\u00e4ti\u00f6mme koordinoimana ja hyv\u00e4ksyttyjen kumppaneiden kanssa. Klubin 1.Projekti. Hunnaan kotiseutumuseon k\u00e4ytett\u00e4vyyden p\u00e4ivitt\u00e4minen. Kes\u00e4n ja syksyn 2025 aikana Alastaron Rotaryklubi uudistaa savusaunan lauteet. T\u00e4m\u00e4n my\u00f6t\u00e4 saunan esteett\u00f6myys paranee. Alueelle rakennetaan my\u00f6s bio-k\u00e4ym\u00e4l\u00e4 ja [&hellip;]","og_url":"https:\/\/rotary.fi\/alastaronrotaryklubi\/mita-teemme\/projektit\/","og_site_name":"Alastaron Rotaryklubi","article_modified_time":"2025-06-30T15:14:11+00:00","twitter_card":"summary_large_image","twitter_misc":{"Arvioitu lukuaika":"2 minuuttia"},"schema":{"@context":"https:\/\/schema.org","@graph":[{"@type":"WebPage","@id":"https:\/\/rotary.fi\/alastaronrotaryklubi\/mita-teemme\/projektit\/","url":"https:\/\/rotary.fi\/alastaronrotaryklubi\/mita-teemme\/projektit\/","name":"Projektit - Alastaron Rotaryklubi","isPartOf":{"@id":"https:\/\/rotary.fi\/alastaronrotaryklubi\/#website"},"datePublished":"2018-08-13T06:46:59+00:00","dateModified":"2025-06-30T15:14:11+00:00","breadcrumb":{"@id":"https:\/\/rotary.fi\/alastaronrotaryklubi\/mita-teemme\/projektit\/#breadcrumb"},"inLanguage":"fi","potentialAction":[{"@type":"ReadAction","target":["https:\/\/rotary.fi\/alastaronrotaryklubi\/mita-teemme\/projektit\/"]}]},{"@type":"BreadcrumbList","@id":"https:\/\/rotary.fi\/alastaronrotaryklubi\/mita-teemme\/projektit\/#breadcrumb","itemListElement":[{"@type":"ListItem","position":1,"name":"Home","item":"https:\/\/rotary.fi\/alastaronrotaryklubi\/"},{"@type":"ListItem","position":2,"name":"Mit\u00e4 teemme","item":"https:\/\/rotary.fi\/alastaronrotaryklubi\/mita-teemme\/"},{"@type":"ListItem","position":3,"name":"Projektit"}]},{"@type":"WebSite","@id":"https:\/\/rotary.fi\/alastaronrotaryklubi\/#website","url":"https:\/\/rotary.fi\/alastaronrotaryklubi\/","name":"Alastaron Rotaryklubi","description":"Uusi Rotary klubisivusto","potentialAction":[{"@type":"SearchAction","target":{"@type":"EntryPoint","urlTemplate":"https:\/\/rotary.fi\/alastaronrotaryklubi\/?s={search_term_string}"},"query-input":{"@type":"PropertyValueSpecification","valueRequired":true,"valueName":"search_term_string"}}],"inLanguage":"fi"}]}},"lang":"fi","translations":{"fi":156},"pll_sync_post":[],"_links":{"self":[{"href":"https:\/\/rotary.fi\/alastaronrotaryklubi\/wp-json\/wp\/v2\/pages\/156","targetHints":{"allow":["GET"]}}],"collection":[{"href":"https:\/\/rotary.fi\/alastaronrotaryklubi\/wp-json\/wp\/v2\/pages"}],"about":[{"href":"https:\/\/rotary.fi\/alastaronrotaryklubi\/wp-json\/wp\/v2\/types\/page"}],"author":[{"embeddable":true,"href":"https:\/\/rotary.fi\/alastaronrotaryklubi\/wp-json\/wp\/v2\/users\/1"}],"replies":[{"embeddable":true,"href":"https:\/\/rotary.fi\/alastaronrotaryklubi\/wp-json\/wp\/v2\/comments?post=156"}],"version-history":[{"count":9,"href":"https:\/\/rotary.fi\/alastaronrotaryklubi\/wp-json\/wp\/v2\/pages\/156\/revisions"}],"predecessor-version":[{"id":3655,"href":"https:\/\/rotary.fi\/alastaronrotaryklubi\/wp-json\/wp\/v2\/pages\/156\/revisions\/3655"}],"up":[{"embeddable":true,"href":"https:\/\/rotary.fi\/alastaronrotaryklubi\/wp-json\/wp\/v2\/pages\/77"}],"wp:attachment":[{"href":"https:\/\/rotary.fi\/alastaronrotaryklubi\/wp-json\/wp\/v2\/media?parent=156"}],"curies":[{"name":"wp","href":"https:\/\/api.w.org\/{rel}","templated":true}]}}