{"id":138,"date":"2018-08-10T14:01:44","date_gmt":"2018-08-10T11:01:44","guid":{"rendered":"https:\/\/rotary.fi\/klubi2\/?page_id=138"},"modified":"2025-06-30T17:15:23","modified_gmt":"2025-06-30T14:15:23","slug":"vuositeema","status":"publish","type":"page","link":"https:\/\/rotary.fi\/alastaronrotaryklubi\/keita-olemme\/vuositeema\/","title":{"rendered":"Vuositeema"},"content":{"rendered":"<p>[et_pb_section fb_built=&#8221;1&#8243; module_class=&#8221;jumbotron-page&#8221; _builder_version=&#8221;4.16&#8243; background_image=&#8221;https:\/\/rotary.fi\/alastaronrotaryklubi\/wp-content\/uploads\/sites\/91\/2018\/08\/rotary_klubit_alasivu_paakuva_7.jpg&#8221; global_colors_info=&#8221;{}&#8221;][et_pb_row _builder_version=&#8221;4.16&#8243; background_size=&#8221;initial&#8221; background_position=&#8221;top_left&#8221; background_repeat=&#8221;repeat&#8221; global_colors_info=&#8221;{}&#8221;][et_pb_column type=&#8221;4_4&#8243; _builder_version=&#8221;4.16&#8243; custom_padding=&#8221;|||&#8221; global_colors_info=&#8221;{}&#8221; custom_padding__hover=&#8221;|||&#8221;][et_pb_text admin_label=&#8221;P\u00e4\u00e4otsikko&#8221; _builder_version=&#8221;4.16&#8243; text_orientation=&#8221;center&#8221; background_layout=&#8221;dark&#8221; global_colors_info=&#8221;{}&#8221;]<\/p>\n<h1>Vuositeema<\/h1>\n<p>&nbsp;<\/p>\n<p>[\/et_pb_text][\/et_pb_column][\/et_pb_row][\/et_pb_section][et_pb_section fb_built=&#8221;1&#8243; specialty=&#8221;on&#8221; module_class_2=&#8221;sivupalkki&#8221; _builder_version=&#8221;4.16&#8243; global_colors_info=&#8221;{}&#8221;][et_pb_column type=&#8221;2_3&#8243; specialty_columns=&#8221;2&#8243; _builder_version=&#8221;4.16&#8243; custom_padding=&#8221;|||&#8221; global_colors_info=&#8221;{}&#8221; custom_padding__hover=&#8221;|||&#8221;][et_pb_row_inner admin_label=&#8221;Rivi&#8221; _builder_version=&#8221;4.16&#8243; global_colors_info=&#8221;{}&#8221;][et_pb_column_inner saved_specialty_column_type=&#8221;2_3&#8243; _builder_version=&#8221;4.16&#8243; custom_padding=&#8221;|||&#8221; global_colors_info=&#8221;{}&#8221; custom_padding__hover=&#8221;|||&#8221;][et_pb_text _builder_version=&#8221;4.27.4&#8243; _module_preset=&#8221;default&#8221; hover_enabled=&#8221;0&#8243; global_colors_info=&#8221;{}&#8221; sticky_enabled=&#8221;0&#8243;]<\/p>\n<div class=\"et_pb_row_inner et_pb_row_inner_0\">\n<div class=\"et_pb_column_inner et_pb_column_4_4 et_pb_column_inner et_pb_column_inner_0 et-last-child\">\n<div class=\"et_pb_row_inner et_pb_row_inner_0\">\n<div class=\"et_pb_column_inner et_pb_column_4_4 et_pb_column_inner et_pb_column_inner_0 et-last-child\">\n<div class=\"et_pb_module et_pb_text et_pb_text_1  et_pb_text_align_center et_pb_bg_layout_light\">\n<div class=\"et_pb_text_inner\">\n<h1>Rotary-j\u00e4rjest\u00f6n vuositeema<\/h1>\n<\/div>\n<\/div>\n<div class=\"et_pb_module et_pb_text et_pb_text_2  et_pb_text_align_left et_pb_bg_layout_light\">\n<div class=\"et_pb_text_inner\">\n<p><strong>Italialainen Francesco Arezzo valittiin Rotary Internationalin presidentiksi kaudelle 2025\u20132026.<\/strong><\/p>\n<p>Francesco Arezzo, Ragusan Rotaryklubin j\u00e4sen Italiassa, on valittu Rotary Internationalin presidentiksi kaudelle 2025\u20132026. H\u00e4n astuu virkaansa 1. hein\u00e4kuuta 2025.<\/p>\n<p>Vuoden 2025\u20132026 presidentin viesti, joka julkistettiin Rotary Internationalin vuoden 2025 yleiskokouksessa helmikuussa, pysyy\u00a0<a href=\"https:\/\/brandcenter.rotary.org\/en-us\/our-brand\/brand-elements\/voice-and-messaging\/annual-ri-presidential-message\"><strong><em>yhten\u00e4isen\u00e4 hyv\u00e4n puolesta -viestin\u00e4<\/em><\/strong><\/a>\u00a0, joka kehottaa Rotaryn j\u00e4seni\u00e4 olemaan yhten\u00e4isyyden voima maailmassa, joka on yh\u00e4 jakautuneempi politiikan, maantieteen ja ideologian mukaan. Palveluprojektien kautta Rotary tuo yhteen ihmisi\u00e4 kaikista taustoista \u2013 roduista, uskonnoista ja ammateista \u2013 yhteisess\u00e4 teht\u00e4v\u00e4ss\u00e4 tehd\u00e4 hyv\u00e4\u00e4 yhteis\u00f6iss\u00e4\u00e4n.<\/p>\n<p>Arezzo on ollut Rotaryn j\u00e4sen yli 30 vuotta. H\u00e4n on toiminut Rotaryn yhteisen strategisen suunnittelukomitean varapuheenjohtajana sek\u00e4 RI:n johtajana, oppimisen ohjaajana ja piirikonferenssin puheenjohtajan edustajana. Ammatiltaan Arezzo on oikomishoidon erikoisl\u00e4\u00e4k\u00e4ri Ragusassa, Sisiliassa, ja toiminut aktiivisesti johtoteht\u00e4viss\u00e4 useissa eri organisaatioissa.<\/p>\n<p>Francesco Arezzosta tulee kolmas italialainen ja ensimm\u00e4inen etel\u00e4italialainen, joka johtaa maailmanlaajuista j\u00e4senpalveluj\u00e4rjest\u00f6\u00e4. H\u00e4n seuraa Gian Paolo Langia Livornon Rotary-klubista Toscanasta (1956\u201357) ja Carlo Ravizzaa Milanon Sud Ovestin Rotary-klubista Lombardiasta (1999\u20132000).<\/p>\n<\/div>\n<\/div>\n<\/div>\n<\/div>\n<\/div>\n<\/div>\n<p>[\/et_pb_text][\/et_pb_column_inner][\/et_pb_row_inner][et_pb_row_inner admin_label=&#8221;Rivi&#8221; _builder_version=&#8221;4.16&#8243; global_colors_info=&#8221;{}&#8221;][et_pb_column_inner saved_specialty_column_type=&#8221;2_3&#8243; _builder_version=&#8221;4.16&#8243; custom_padding=&#8221;|||&#8221; global_colors_info=&#8221;{}&#8221; custom_padding__hover=&#8221;|||&#8221;][et_pb_text admin_label=&#8221;Klubin vuositeema &#8211; Otsikko&#8221; _builder_version=&#8221;4.16&#8243; text_orientation=&#8221;center&#8221; global_colors_info=&#8221;{}&#8221;]<\/p>\n<h4>Alastaron Rotaryklubin vuositeema<\/h4>\n<p>[\/et_pb_text][et_pb_text _builder_version=&#8221;4.16&#8243; global_colors_info=&#8221;{}&#8221;]<\/p>\n<p class=\"p1\"><span class=\"s1\">Oma klubimme keskittyy j\u00e4senten aktivoimiseen ja klubin julkisuuskuvan kehitt\u00e4miseen. Tahdomme tehd\u00e4 Rotaryn saavutukset n\u00e4kyv\u00e4mm\u00e4ksi. Aktivoidumme yh\u00e4 voimakkaammin nuorten ja heid\u00e4n perheidens\u00e4 suuntaan tukeaksemme heid\u00e4n kasvuaan kohti toimintakykyist\u00e4, hyvinvoivaa aikuisuutta.<\/span><\/p>\n<p>[\/et_pb_text][\/et_pb_column_inner][\/et_pb_row_inner][\/et_pb_column][et_pb_column type=&#8221;1_3&#8243; _builder_version=&#8221;4.16&#8243; custom_padding=&#8221;|||&#8221; global_colors_info=&#8221;{}&#8221; custom_padding__hover=&#8221;|||&#8221;][et_pb_sidebar area=&#8221;sidebar-1&#8243; module_class=&#8221;sivupalkki_sisalto&#8221; _builder_version=&#8221;4.16&#8243; locked=&#8221;on&#8221; global_colors_info=&#8221;{}&#8221;][\/et_pb_sidebar][\/et_pb_column][\/et_pb_section]<\/p>\n","protected":false},"excerpt":{"rendered":"<p>Vuositeema &nbsp; Rotary-j\u00e4rjest\u00f6n vuositeema Italialainen Francesco Arezzo valittiin Rotary Internationalin presidentiksi kaudelle 2025\u20132026. Francesco Arezzo, Ragusan Rotaryklubin j\u00e4sen Italiassa, on valittu Rotary Internationalin presidentiksi kaudelle 2025\u20132026. H\u00e4n astuu virkaansa 1. hein\u00e4kuuta 2025. Vuoden 2025\u20132026 presidentin viesti, joka julkistettiin Rotary Internationalin vuoden 2025 yleiskokouksessa helmikuussa, pysyy\u00a0yhten\u00e4isen\u00e4 hyv\u00e4n puolesta -viestin\u00e4\u00a0, joka kehottaa Rotaryn j\u00e4seni\u00e4 olemaan yhten\u00e4isyyden voima [&hellip;]<\/p>\n","protected":false},"author":1,"featured_media":0,"parent":129,"menu_order":0,"comment_status":"closed","ping_status":"closed","template":"","meta":{"_acf_changed":false,"_et_pb_use_builder":"on","_et_pb_old_content":"","_et_gb_content_width":"","footnotes":""},"class_list":["post-138","page","type-page","status-publish","hentry"],"acf":[],"yoast_head":"<!-- This site is optimized with the Yoast SEO plugin v27.4 - https:\/\/yoast.com\/product\/yoast-seo-wordpress\/ -->\n<title>Vuositeema - Alastaron Rotaryklubi<\/title>\n<meta name=\"robots\" content=\"index, follow, max-snippet:-1, max-image-preview:large, max-video-preview:-1\" \/>\n<link rel=\"canonical\" href=\"https:\/\/rotary.fi\/alastaronrotaryklubi\/keita-olemme\/vuositeema\/\" \/>\n<meta property=\"og:locale\" content=\"fi_FI\" \/>\n<meta property=\"og:type\" content=\"article\" \/>\n<meta property=\"og:title\" content=\"Vuositeema - Alastaron Rotaryklubi\" \/>\n<meta property=\"og:description\" content=\"Vuositeema &nbsp; Rotary-j\u00e4rjest\u00f6n vuositeema Italialainen Francesco Arezzo valittiin Rotary Internationalin presidentiksi kaudelle 2025\u20132026. Francesco Arezzo, Ragusan Rotaryklubin j\u00e4sen Italiassa, on valittu Rotary Internationalin presidentiksi kaudelle 2025\u20132026. H\u00e4n astuu virkaansa 1. hein\u00e4kuuta 2025. Vuoden 2025\u20132026 presidentin viesti, joka julkistettiin Rotary Internationalin vuoden 2025 yleiskokouksessa helmikuussa, pysyy\u00a0yhten\u00e4isen\u00e4 hyv\u00e4n puolesta -viestin\u00e4\u00a0, joka kehottaa Rotaryn j\u00e4seni\u00e4 olemaan yhten\u00e4isyyden voima [&hellip;]\" \/>\n<meta property=\"og:url\" content=\"https:\/\/rotary.fi\/alastaronrotaryklubi\/keita-olemme\/vuositeema\/\" \/>\n<meta property=\"og:site_name\" content=\"Alastaron Rotaryklubi\" \/>\n<meta property=\"article:modified_time\" content=\"2025-06-30T14:15:23+00:00\" \/>\n<meta name=\"twitter:card\" content=\"summary_large_image\" \/>\n<meta name=\"twitter:label1\" content=\"Arvioitu lukuaika\" \/>\n\t<meta name=\"twitter:data1\" content=\"2 minuuttia\" \/>\n<script type=\"application\/ld+json\" class=\"yoast-schema-graph\">{\"@context\":\"https:\\\/\\\/schema.org\",\"@graph\":[{\"@type\":\"WebPage\",\"@id\":\"https:\\\/\\\/rotary.fi\\\/alastaronrotaryklubi\\\/keita-olemme\\\/vuositeema\\\/\",\"url\":\"https:\\\/\\\/rotary.fi\\\/alastaronrotaryklubi\\\/keita-olemme\\\/vuositeema\\\/\",\"name\":\"Vuositeema - Alastaron Rotaryklubi\",\"isPartOf\":{\"@id\":\"https:\\\/\\\/rotary.fi\\\/alastaronrotaryklubi\\\/#website\"},\"datePublished\":\"2018-08-10T11:01:44+00:00\",\"dateModified\":\"2025-06-30T14:15:23+00:00\",\"breadcrumb\":{\"@id\":\"https:\\\/\\\/rotary.fi\\\/alastaronrotaryklubi\\\/keita-olemme\\\/vuositeema\\\/#breadcrumb\"},\"inLanguage\":\"fi\",\"potentialAction\":[{\"@type\":\"ReadAction\",\"target\":[\"https:\\\/\\\/rotary.fi\\\/alastaronrotaryklubi\\\/keita-olemme\\\/vuositeema\\\/\"]}]},{\"@type\":\"BreadcrumbList\",\"@id\":\"https:\\\/\\\/rotary.fi\\\/alastaronrotaryklubi\\\/keita-olemme\\\/vuositeema\\\/#breadcrumb\",\"itemListElement\":[{\"@type\":\"ListItem\",\"position\":1,\"name\":\"Home\",\"item\":\"https:\\\/\\\/rotary.fi\\\/alastaronrotaryklubi\\\/\"},{\"@type\":\"ListItem\",\"position\":2,\"name\":\"Keit\u00e4 olemme\",\"item\":\"https:\\\/\\\/rotary.fi\\\/alastaronrotaryklubi\\\/keita-olemme\\\/\"},{\"@type\":\"ListItem\",\"position\":3,\"name\":\"Vuositeema\"}]},{\"@type\":\"WebSite\",\"@id\":\"https:\\\/\\\/rotary.fi\\\/alastaronrotaryklubi\\\/#website\",\"url\":\"https:\\\/\\\/rotary.fi\\\/alastaronrotaryklubi\\\/\",\"name\":\"Alastaron Rotaryklubi\",\"description\":\"Uusi Rotary klubisivusto\",\"potentialAction\":[{\"@type\":\"SearchAction\",\"target\":{\"@type\":\"EntryPoint\",\"urlTemplate\":\"https:\\\/\\\/rotary.fi\\\/alastaronrotaryklubi\\\/?s={search_term_string}\"},\"query-input\":{\"@type\":\"PropertyValueSpecification\",\"valueRequired\":true,\"valueName\":\"search_term_string\"}}],\"inLanguage\":\"fi\"}]}<\/script>\n<!-- \/ Yoast SEO plugin. -->","yoast_head_json":{"title":"Vuositeema - Alastaron Rotaryklubi","robots":{"index":"index","follow":"follow","max-snippet":"max-snippet:-1","max-image-preview":"max-image-preview:large","max-video-preview":"max-video-preview:-1"},"canonical":"https:\/\/rotary.fi\/alastaronrotaryklubi\/keita-olemme\/vuositeema\/","og_locale":"fi_FI","og_type":"article","og_title":"Vuositeema - Alastaron Rotaryklubi","og_description":"Vuositeema &nbsp; Rotary-j\u00e4rjest\u00f6n vuositeema Italialainen Francesco Arezzo valittiin Rotary Internationalin presidentiksi kaudelle 2025\u20132026. Francesco Arezzo, Ragusan Rotaryklubin j\u00e4sen Italiassa, on valittu Rotary Internationalin presidentiksi kaudelle 2025\u20132026. H\u00e4n astuu virkaansa 1. hein\u00e4kuuta 2025. Vuoden 2025\u20132026 presidentin viesti, joka julkistettiin Rotary Internationalin vuoden 2025 yleiskokouksessa helmikuussa, pysyy\u00a0yhten\u00e4isen\u00e4 hyv\u00e4n puolesta -viestin\u00e4\u00a0, joka kehottaa Rotaryn j\u00e4seni\u00e4 olemaan yhten\u00e4isyyden voima [&hellip;]","og_url":"https:\/\/rotary.fi\/alastaronrotaryklubi\/keita-olemme\/vuositeema\/","og_site_name":"Alastaron Rotaryklubi","article_modified_time":"2025-06-30T14:15:23+00:00","twitter_card":"summary_large_image","twitter_misc":{"Arvioitu lukuaika":"2 minuuttia"},"schema":{"@context":"https:\/\/schema.org","@graph":[{"@type":"WebPage","@id":"https:\/\/rotary.fi\/alastaronrotaryklubi\/keita-olemme\/vuositeema\/","url":"https:\/\/rotary.fi\/alastaronrotaryklubi\/keita-olemme\/vuositeema\/","name":"Vuositeema - Alastaron Rotaryklubi","isPartOf":{"@id":"https:\/\/rotary.fi\/alastaronrotaryklubi\/#website"},"datePublished":"2018-08-10T11:01:44+00:00","dateModified":"2025-06-30T14:15:23+00:00","breadcrumb":{"@id":"https:\/\/rotary.fi\/alastaronrotaryklubi\/keita-olemme\/vuositeema\/#breadcrumb"},"inLanguage":"fi","potentialAction":[{"@type":"ReadAction","target":["https:\/\/rotary.fi\/alastaronrotaryklubi\/keita-olemme\/vuositeema\/"]}]},{"@type":"BreadcrumbList","@id":"https:\/\/rotary.fi\/alastaronrotaryklubi\/keita-olemme\/vuositeema\/#breadcrumb","itemListElement":[{"@type":"ListItem","position":1,"name":"Home","item":"https:\/\/rotary.fi\/alastaronrotaryklubi\/"},{"@type":"ListItem","position":2,"name":"Keit\u00e4 olemme","item":"https:\/\/rotary.fi\/alastaronrotaryklubi\/keita-olemme\/"},{"@type":"ListItem","position":3,"name":"Vuositeema"}]},{"@type":"WebSite","@id":"https:\/\/rotary.fi\/alastaronrotaryklubi\/#website","url":"https:\/\/rotary.fi\/alastaronrotaryklubi\/","name":"Alastaron Rotaryklubi","description":"Uusi Rotary klubisivusto","potentialAction":[{"@type":"SearchAction","target":{"@type":"EntryPoint","urlTemplate":"https:\/\/rotary.fi\/alastaronrotaryklubi\/?s={search_term_string}"},"query-input":{"@type":"PropertyValueSpecification","valueRequired":true,"valueName":"search_term_string"}}],"inLanguage":"fi"}]}},"lang":"fi","translations":{"fi":138},"pll_sync_post":[],"_links":{"self":[{"href":"https:\/\/rotary.fi\/alastaronrotaryklubi\/wp-json\/wp\/v2\/pages\/138","targetHints":{"allow":["GET"]}}],"collection":[{"href":"https:\/\/rotary.fi\/alastaronrotaryklubi\/wp-json\/wp\/v2\/pages"}],"about":[{"href":"https:\/\/rotary.fi\/alastaronrotaryklubi\/wp-json\/wp\/v2\/types\/page"}],"author":[{"embeddable":true,"href":"https:\/\/rotary.fi\/alastaronrotaryklubi\/wp-json\/wp\/v2\/users\/1"}],"replies":[{"embeddable":true,"href":"https:\/\/rotary.fi\/alastaronrotaryklubi\/wp-json\/wp\/v2\/comments?post=138"}],"version-history":[{"count":10,"href":"https:\/\/rotary.fi\/alastaronrotaryklubi\/wp-json\/wp\/v2\/pages\/138\/revisions"}],"predecessor-version":[{"id":3649,"href":"https:\/\/rotary.fi\/alastaronrotaryklubi\/wp-json\/wp\/v2\/pages\/138\/revisions\/3649"}],"up":[{"embeddable":true,"href":"https:\/\/rotary.fi\/alastaronrotaryklubi\/wp-json\/wp\/v2\/pages\/129"}],"wp:attachment":[{"href":"https:\/\/rotary.fi\/alastaronrotaryklubi\/wp-json\/wp\/v2\/media?parent=138"}],"curies":[{"name":"wp","href":"https:\/\/api.w.org\/{rel}","templated":true}]}}