{"id":132,"date":"2018-08-10T13:59:56","date_gmt":"2018-08-10T10:59:56","guid":{"rendered":"https:\/\/rotary.fi\/klubi2\/?page_id=132"},"modified":"2025-06-30T15:22:43","modified_gmt":"2025-06-30T12:22:43","slug":"hallitus-ja-toimihenkilot","status":"publish","type":"page","link":"https:\/\/rotary.fi\/alastaronrotaryklubi\/keita-olemme\/hallitus-ja-toimihenkilot\/","title":{"rendered":"Hallitus ja toimihenkil\u00f6t"},"content":{"rendered":"<p>[et_pb_section fb_built=&#8221;1&#8243; module_class=&#8221;jumbotron-page&#8221; _builder_version=&#8221;4.16&#8243; background_image=&#8221;https:\/\/rotary.fi\/alastaronrotaryklubi\/wp-content\/uploads\/sites\/91\/2021\/12\/vaihto.jpg&#8221; width=&#8221;80%&#8221; module_alignment=&#8221;center&#8221; min_height=&#8221;480px&#8221; height=&#8221;480px&#8221; global_colors_info=&#8221;{}&#8221;][et_pb_row _builder_version=&#8221;4.16&#8243; background_size=&#8221;initial&#8221; background_position=&#8221;top_left&#8221; background_repeat=&#8221;repeat&#8221; global_colors_info=&#8221;{}&#8221;][et_pb_column type=&#8221;4_4&#8243; _builder_version=&#8221;4.16&#8243; custom_padding=&#8221;|||&#8221; global_colors_info=&#8221;{}&#8221; custom_padding__hover=&#8221;|||&#8221;][et_pb_text admin_label=&#8221;P\u00e4\u00e4otsikko&#8221; _builder_version=&#8221;4.16&#8243; text_orientation=&#8221;center&#8221; background_layout=&#8221;dark&#8221; global_colors_info=&#8221;{}&#8221;]<\/p>\n<h1><\/h1>\n<h1><\/h1>\n<h1>Hallitus ja toimihenkil\u00f6t<\/h1>\n<p>[\/et_pb_text][\/et_pb_column][\/et_pb_row][\/et_pb_section][et_pb_section fb_built=&#8221;1&#8243; specialty=&#8221;on&#8221; module_class_2=&#8221;sivupalkki&#8221; _builder_version=&#8221;4.16&#8243; global_colors_info=&#8221;{}&#8221;][et_pb_column type=&#8221;2_3&#8243; specialty_columns=&#8221;2&#8243; _builder_version=&#8221;4.16&#8243; custom_padding=&#8221;|||&#8221; global_colors_info=&#8221;{}&#8221; custom_padding__hover=&#8221;|||&#8221;][et_pb_row_inner admin_label=&#8221;Rivi&#8221; _builder_version=&#8221;4.16&#8243; global_colors_info=&#8221;{}&#8221;][et_pb_column_inner saved_specialty_column_type=&#8221;2_3&#8243; _builder_version=&#8221;4.16&#8243; custom_padding=&#8221;|||&#8221; global_colors_info=&#8221;{}&#8221; custom_padding__hover=&#8221;|||&#8221;][et_pb_text admin_label=&#8221;Otsikko&#8221; _builder_version=&#8221;4.16&#8243; text_orientation=&#8221;center&#8221; global_colors_info=&#8221;{}&#8221;]<\/p>\n<h1>Hallitus ja toimihenkil\u00f6t<\/h1>\n<p>[\/et_pb_text][\/et_pb_column_inner][\/et_pb_row_inner][et_pb_row_inner column_structure=&#8221;1_2,1_2&#8243; admin_label=&#8221;Rivi&#8221; _builder_version=&#8221;4.16&#8243; global_colors_info=&#8221;{}&#8221; min_height=&#8221;450px&#8221;][et_pb_column_inner type=&#8221;1_2&#8243; saved_specialty_column_type=&#8221;2_3&#8243; _builder_version=&#8221;4.16&#8243; custom_padding=&#8221;|||&#8221; global_colors_info=&#8221;{}&#8221; custom_padding__hover=&#8221;|||&#8221;][et_pb_image src=&#8221;https:\/\/rotary.fi\/alastaronrotaryklubi\/wp-content\/uploads\/sites\/91\/2025\/06\/img-20250617-wa0002-v2.jpg&#8221; _builder_version=&#8221;4.27.4&#8243; _module_preset=&#8221;default&#8221; title_text=&#8221;IMG-20250617-WA0002-v2&#8243; hover_enabled=&#8221;0&#8243; sticky_enabled=&#8221;0&#8243;][\/et_pb_image][et_pb_text _builder_version=&#8221;4.27.4&#8243; _module_preset=&#8221;default&#8221; hover_enabled=&#8221;0&#8243; sticky_enabled=&#8221;0&#8243;]<\/p>\n<p>Presidentti Markku Laitila<\/p>\n<p>+358 50 5967564<\/p>\n<p>markku.laitilaoy@netti.fi<\/p>\n<p>[\/et_pb_text][\/et_pb_column_inner][et_pb_column_inner type=&#8221;1_2&#8243; saved_specialty_column_type=&#8221;2_3&#8243; _builder_version=&#8221;4.16&#8243; custom_padding=&#8221;|||&#8221; global_colors_info=&#8221;{}&#8221; custom_padding__hover=&#8221;|||&#8221;][et_pb_text _builder_version=&#8221;4.27.4&#8243; global_colors_info=&#8221;{}&#8221;]<\/p>\n<h2>\u00a0Hallitus<\/h2>\n<p><strong>Presidentti 2025 &#8211; 2026 <\/strong>Markku Laitila<br \/><strong>Varapresidentti<\/strong> Marja-Liisa Laitila<br \/><strong>Past presidentti<\/strong> Kalevi Suvila<br \/><strong>1. sihteeri<\/strong> Miika Mattila<br \/><strong>Klubimestari<\/strong> Tarja Heinonen<br \/><strong>Rahastonhoitaja<\/strong> Pekka Levonen<br \/><strong>Nuorisovaihtoasiamies<\/strong> Hannele L\u00e4tti<br \/><strong>IT-vastaava<\/strong> Juha Anttila<\/p>\n<p><strong>Rotarys\u00e4\u00e4ti\u00f6komitean pj.<\/strong> Marja-Liisa Laitila<br \/><strong>Frisbeeratakomitean pj.<\/strong> Pekka Koivisto<br \/><strong>J\u00e4senyyskomitean pj. <\/strong>Kalevi Suvila +358 40 5055930 kalevi.suvila(at)gmail.com<\/p>\n<p>&nbsp;<\/p>\n<p>&nbsp;<\/p>\n<p>[\/et_pb_text][\/et_pb_column_inner][\/et_pb_row_inner][\/et_pb_column][et_pb_column type=&#8221;1_3&#8243; _builder_version=&#8221;4.16&#8243; custom_padding=&#8221;|||&#8221; global_colors_info=&#8221;{}&#8221; custom_padding__hover=&#8221;|||&#8221;][et_pb_sidebar area=&#8221;sidebar-1&#8243; module_class=&#8221;sivupalkki_sisalto&#8221; _builder_version=&#8221;4.16&#8243; locked=&#8221;on&#8221; global_colors_info=&#8221;{}&#8221;]<br \/>\n[\/et_pb_sidebar][\/et_pb_column][\/et_pb_section]<\/p>\n","protected":false},"excerpt":{"rendered":"<p>Hallitus ja toimihenkil\u00f6tHallitus ja toimihenkil\u00f6t Presidentti Markku Laitila +358 50 5967564 markku.laitilaoy@netti.fi\u00a0Hallitus Presidentti 2025 &#8211; 2026 Markku LaitilaVarapresidentti Marja-Liisa LaitilaPast presidentti Kalevi Suvila1. sihteeri Miika MattilaKlubimestari Tarja HeinonenRahastonhoitaja Pekka LevonenNuorisovaihtoasiamies Hannele L\u00e4ttiIT-vastaava Juha Anttila Rotarys\u00e4\u00e4ti\u00f6komitean pj. Marja-Liisa LaitilaFrisbeeratakomitean pj. Pekka KoivistoJ\u00e4senyyskomitean pj. Kalevi Suvila +358 40 5055930 kalevi.suvila(at)gmail.com &nbsp; &nbsp;<\/p>\n","protected":false},"author":1,"featured_media":0,"parent":129,"menu_order":0,"comment_status":"closed","ping_status":"closed","template":"","meta":{"_acf_changed":false,"_et_pb_use_builder":"on","_et_pb_old_content":"","_et_gb_content_width":"","footnotes":""},"class_list":["post-132","page","type-page","status-publish","hentry"],"acf":[],"yoast_head":"<!-- This site is optimized with the Yoast SEO plugin v27.0 - https:\/\/yoast.com\/product\/yoast-seo-wordpress\/ -->\n<title>Hallitus ja toimihenkil\u00f6t - Alastaron Rotaryklubi<\/title>\n<meta name=\"robots\" content=\"index, follow, max-snippet:-1, max-image-preview:large, max-video-preview:-1\" \/>\n<link rel=\"canonical\" href=\"https:\/\/rotary.fi\/alastaronrotaryklubi\/keita-olemme\/hallitus-ja-toimihenkilot\/\" \/>\n<meta property=\"og:locale\" content=\"fi_FI\" \/>\n<meta property=\"og:type\" content=\"article\" \/>\n<meta property=\"og:title\" content=\"Hallitus ja toimihenkil\u00f6t - Alastaron Rotaryklubi\" \/>\n<meta property=\"og:description\" content=\"Hallitus ja toimihenkil\u00f6tHallitus ja toimihenkil\u00f6t Presidentti Markku Laitila +358 50 5967564 markku.laitilaoy@netti.fi\u00a0Hallitus Presidentti 2025 - 2026 Markku LaitilaVarapresidentti Marja-Liisa LaitilaPast presidentti Kalevi Suvila1. sihteeri Miika MattilaKlubimestari Tarja HeinonenRahastonhoitaja Pekka LevonenNuorisovaihtoasiamies Hannele L\u00e4ttiIT-vastaava Juha Anttila Rotarys\u00e4\u00e4ti\u00f6komitean pj. Marja-Liisa LaitilaFrisbeeratakomitean pj. Pekka KoivistoJ\u00e4senyyskomitean pj. Kalevi Suvila +358 40 5055930 kalevi.suvila(at)gmail.com &nbsp; &nbsp;\" \/>\n<meta property=\"og:url\" content=\"https:\/\/rotary.fi\/alastaronrotaryklubi\/keita-olemme\/hallitus-ja-toimihenkilot\/\" \/>\n<meta property=\"og:site_name\" content=\"Alastaron Rotaryklubi\" \/>\n<meta property=\"article:modified_time\" content=\"2025-06-30T12:22:43+00:00\" \/>\n<meta name=\"twitter:card\" content=\"summary_large_image\" \/>\n<meta name=\"twitter:label1\" content=\"Arvioitu lukuaika\" \/>\n\t<meta name=\"twitter:data1\" content=\"2 minuuttia\" \/>\n<script type=\"application\/ld+json\" class=\"yoast-schema-graph\">{\"@context\":\"https:\/\/schema.org\",\"@graph\":[{\"@type\":\"WebPage\",\"@id\":\"https:\/\/rotary.fi\/alastaronrotaryklubi\/keita-olemme\/hallitus-ja-toimihenkilot\/\",\"url\":\"https:\/\/rotary.fi\/alastaronrotaryklubi\/keita-olemme\/hallitus-ja-toimihenkilot\/\",\"name\":\"Hallitus ja toimihenkil\u00f6t - Alastaron Rotaryklubi\",\"isPartOf\":{\"@id\":\"https:\/\/rotary.fi\/alastaronrotaryklubi\/#website\"},\"datePublished\":\"2018-08-10T10:59:56+00:00\",\"dateModified\":\"2025-06-30T12:22:43+00:00\",\"breadcrumb\":{\"@id\":\"https:\/\/rotary.fi\/alastaronrotaryklubi\/keita-olemme\/hallitus-ja-toimihenkilot\/#breadcrumb\"},\"inLanguage\":\"fi\",\"potentialAction\":[{\"@type\":\"ReadAction\",\"target\":[\"https:\/\/rotary.fi\/alastaronrotaryklubi\/keita-olemme\/hallitus-ja-toimihenkilot\/\"]}]},{\"@type\":\"BreadcrumbList\",\"@id\":\"https:\/\/rotary.fi\/alastaronrotaryklubi\/keita-olemme\/hallitus-ja-toimihenkilot\/#breadcrumb\",\"itemListElement\":[{\"@type\":\"ListItem\",\"position\":1,\"name\":\"Home\",\"item\":\"https:\/\/rotary.fi\/alastaronrotaryklubi\/\"},{\"@type\":\"ListItem\",\"position\":2,\"name\":\"Keit\u00e4 olemme\",\"item\":\"https:\/\/rotary.fi\/alastaronrotaryklubi\/keita-olemme\/\"},{\"@type\":\"ListItem\",\"position\":3,\"name\":\"Hallitus ja toimihenkil\u00f6t\"}]},{\"@type\":\"WebSite\",\"@id\":\"https:\/\/rotary.fi\/alastaronrotaryklubi\/#website\",\"url\":\"https:\/\/rotary.fi\/alastaronrotaryklubi\/\",\"name\":\"Alastaron Rotaryklubi\",\"description\":\"Uusi Rotary klubisivusto\",\"potentialAction\":[{\"@type\":\"SearchAction\",\"target\":{\"@type\":\"EntryPoint\",\"urlTemplate\":\"https:\/\/rotary.fi\/alastaronrotaryklubi\/?s={search_term_string}\"},\"query-input\":{\"@type\":\"PropertyValueSpecification\",\"valueRequired\":true,\"valueName\":\"search_term_string\"}}],\"inLanguage\":\"fi\"}]}<\/script>\n<!-- \/ Yoast SEO plugin. -->","yoast_head_json":{"title":"Hallitus ja toimihenkil\u00f6t - Alastaron Rotaryklubi","robots":{"index":"index","follow":"follow","max-snippet":"max-snippet:-1","max-image-preview":"max-image-preview:large","max-video-preview":"max-video-preview:-1"},"canonical":"https:\/\/rotary.fi\/alastaronrotaryklubi\/keita-olemme\/hallitus-ja-toimihenkilot\/","og_locale":"fi_FI","og_type":"article","og_title":"Hallitus ja toimihenkil\u00f6t - Alastaron Rotaryklubi","og_description":"Hallitus ja toimihenkil\u00f6tHallitus ja toimihenkil\u00f6t Presidentti Markku Laitila +358 50 5967564 markku.laitilaoy@netti.fi\u00a0Hallitus Presidentti 2025 - 2026 Markku LaitilaVarapresidentti Marja-Liisa LaitilaPast presidentti Kalevi Suvila1. sihteeri Miika MattilaKlubimestari Tarja HeinonenRahastonhoitaja Pekka LevonenNuorisovaihtoasiamies Hannele L\u00e4ttiIT-vastaava Juha Anttila Rotarys\u00e4\u00e4ti\u00f6komitean pj. Marja-Liisa LaitilaFrisbeeratakomitean pj. Pekka KoivistoJ\u00e4senyyskomitean pj. Kalevi Suvila +358 40 5055930 kalevi.suvila(at)gmail.com &nbsp; &nbsp;","og_url":"https:\/\/rotary.fi\/alastaronrotaryklubi\/keita-olemme\/hallitus-ja-toimihenkilot\/","og_site_name":"Alastaron Rotaryklubi","article_modified_time":"2025-06-30T12:22:43+00:00","twitter_card":"summary_large_image","twitter_misc":{"Arvioitu lukuaika":"2 minuuttia"},"schema":{"@context":"https:\/\/schema.org","@graph":[{"@type":"WebPage","@id":"https:\/\/rotary.fi\/alastaronrotaryklubi\/keita-olemme\/hallitus-ja-toimihenkilot\/","url":"https:\/\/rotary.fi\/alastaronrotaryklubi\/keita-olemme\/hallitus-ja-toimihenkilot\/","name":"Hallitus ja toimihenkil\u00f6t - Alastaron Rotaryklubi","isPartOf":{"@id":"https:\/\/rotary.fi\/alastaronrotaryklubi\/#website"},"datePublished":"2018-08-10T10:59:56+00:00","dateModified":"2025-06-30T12:22:43+00:00","breadcrumb":{"@id":"https:\/\/rotary.fi\/alastaronrotaryklubi\/keita-olemme\/hallitus-ja-toimihenkilot\/#breadcrumb"},"inLanguage":"fi","potentialAction":[{"@type":"ReadAction","target":["https:\/\/rotary.fi\/alastaronrotaryklubi\/keita-olemme\/hallitus-ja-toimihenkilot\/"]}]},{"@type":"BreadcrumbList","@id":"https:\/\/rotary.fi\/alastaronrotaryklubi\/keita-olemme\/hallitus-ja-toimihenkilot\/#breadcrumb","itemListElement":[{"@type":"ListItem","position":1,"name":"Home","item":"https:\/\/rotary.fi\/alastaronrotaryklubi\/"},{"@type":"ListItem","position":2,"name":"Keit\u00e4 olemme","item":"https:\/\/rotary.fi\/alastaronrotaryklubi\/keita-olemme\/"},{"@type":"ListItem","position":3,"name":"Hallitus ja toimihenkil\u00f6t"}]},{"@type":"WebSite","@id":"https:\/\/rotary.fi\/alastaronrotaryklubi\/#website","url":"https:\/\/rotary.fi\/alastaronrotaryklubi\/","name":"Alastaron Rotaryklubi","description":"Uusi Rotary klubisivusto","potentialAction":[{"@type":"SearchAction","target":{"@type":"EntryPoint","urlTemplate":"https:\/\/rotary.fi\/alastaronrotaryklubi\/?s={search_term_string}"},"query-input":{"@type":"PropertyValueSpecification","valueRequired":true,"valueName":"search_term_string"}}],"inLanguage":"fi"}]}},"lang":"fi","translations":{"fi":132},"pll_sync_post":[],"_links":{"self":[{"href":"https:\/\/rotary.fi\/alastaronrotaryklubi\/wp-json\/wp\/v2\/pages\/132","targetHints":{"allow":["GET"]}}],"collection":[{"href":"https:\/\/rotary.fi\/alastaronrotaryklubi\/wp-json\/wp\/v2\/pages"}],"about":[{"href":"https:\/\/rotary.fi\/alastaronrotaryklubi\/wp-json\/wp\/v2\/types\/page"}],"author":[{"embeddable":true,"href":"https:\/\/rotary.fi\/alastaronrotaryklubi\/wp-json\/wp\/v2\/users\/1"}],"replies":[{"embeddable":true,"href":"https:\/\/rotary.fi\/alastaronrotaryklubi\/wp-json\/wp\/v2\/comments?post=132"}],"version-history":[{"count":9,"href":"https:\/\/rotary.fi\/alastaronrotaryklubi\/wp-json\/wp\/v2\/pages\/132\/revisions"}],"predecessor-version":[{"id":3647,"href":"https:\/\/rotary.fi\/alastaronrotaryklubi\/wp-json\/wp\/v2\/pages\/132\/revisions\/3647"}],"up":[{"embeddable":true,"href":"https:\/\/rotary.fi\/alastaronrotaryklubi\/wp-json\/wp\/v2\/pages\/129"}],"wp:attachment":[{"href":"https:\/\/rotary.fi\/alastaronrotaryklubi\/wp-json\/wp\/v2\/media?parent=132"}],"curies":[{"name":"wp","href":"https:\/\/api.w.org\/{rel}","templated":true}]}}