{"id":129,"date":"2018-08-10T13:41:39","date_gmt":"2018-08-10T10:41:39","guid":{"rendered":"https:\/\/rotary.fi\/klubi2\/?page_id=129"},"modified":"2025-01-14T18:37:13","modified_gmt":"2025-01-14T16:37:13","slug":"keita-olemme","status":"publish","type":"page","link":"https:\/\/rotary.fi\/alastaronrotaryklubi\/keita-olemme\/","title":{"rendered":"Keit\u00e4 olemme"},"content":{"rendered":"<p>[et_pb_section fb_built=&#8221;1&#8243; module_class=&#8221;jumbotron-page&#8221; _builder_version=&#8221;4.16&#8243; background_image=&#8221;https:\/\/rotary.fi\/alastaronrotaryklubi\/wp-content\/uploads\/sites\/91\/2022\/03\/ilmakuvaimg-20220227-wa0001.jpg&#8221; background_position=&#8221;center_right&#8221; width=&#8221;66%&#8221; max_width=&#8221;66%&#8221; module_alignment=&#8221;center&#8221; min_height=&#8221;444.1px&#8221; height=&#8221;444px&#8221; custom_margin=&#8221;||6px|||&#8221; custom_padding=&#8221;||36px|||&#8221; global_colors_info=&#8221;{}&#8221;][et_pb_row _builder_version=&#8221;4.16&#8243; background_size=&#8221;initial&#8221; background_position=&#8221;top_left&#8221; background_repeat=&#8221;repeat&#8221; custom_padding=&#8221;||3px|||&#8221; global_colors_info=&#8221;{}&#8221;][et_pb_column type=&#8221;4_4&#8243; _builder_version=&#8221;4.16&#8243; custom_padding=&#8221;|||&#8221; global_colors_info=&#8221;{}&#8221; custom_padding__hover=&#8221;|||&#8221;][et_pb_text admin_label=&#8221;P\u00e4\u00e4otsikko&#8221; _builder_version=&#8221;4.16&#8243; text_orientation=&#8221;center&#8221; background_layout=&#8221;dark&#8221; min_height=&#8221;175px&#8221; custom_margin=&#8221;112px|||||&#8221; custom_padding=&#8221;32px|||||&#8221; global_colors_info=&#8221;{}&#8221;]<\/p>\n<h1>Keit\u00e4 olemme<\/h1>\n<p>[\/et_pb_text][\/et_pb_column][\/et_pb_row][\/et_pb_section][et_pb_section fb_built=&#8221;1&#8243; specialty=&#8221;on&#8221; module_class_2=&#8221;sivupalkki&#8221; _builder_version=&#8221;4.16&#8243; custom_padding=&#8221;||70px|||&#8221; global_colors_info=&#8221;{}&#8221;][et_pb_column type=&#8221;2_3&#8243; specialty_columns=&#8221;2&#8243; _builder_version=&#8221;4.16&#8243; custom_padding=&#8221;|||&#8221; global_colors_info=&#8221;{}&#8221; parallax__hover=&#8221;off&#8221; parallax_method__hover=&#8221;on&#8221; custom_padding__hover=&#8221;|||&#8221;][et_pb_row_inner admin_label=&#8221;Rivi&#8221; _builder_version=&#8221;4.16&#8243; min_height=&#8221;567px&#8221; global_colors_info=&#8221;{}&#8221;][et_pb_column_inner saved_specialty_column_type=&#8221;2_3&#8243; _builder_version=&#8221;4.16&#8243; custom_padding=&#8221;|||&#8221; global_colors_info=&#8221;{}&#8221; parallax__hover=&#8221;off&#8221; parallax_method__hover=&#8221;on&#8221; custom_padding__hover=&#8221;|||&#8221;][et_pb_text _builder_version=&#8221;4.27.0&#8243; custom_padding=&#8221;3px|||||&#8221; global_colors_info=&#8221;{}&#8221;]<\/p>\n<h3><span style=\"color: #3366ff\"><strong>Alastaron Rotaryklubi<\/strong><\/span><\/h3>\n<div class=\"et-module-a7c643d6-88ee-423f-bcce-16d974cba58f et_pb_column_inner ui-sortable et-animated--vb et_pb_column_4_4 et_pb_column_1 et-first-child et-last-child et_pb_with_border et_pb_hovered_child\" data-address=\"1.0.0\">\n<div class=\"et_pb_hovered et_fb_editing_enabled et_fb_element_controls_visible et-module-fcdb6841-3db7-44de-9be5-45be7122b0e4 et_pb_text et_pb_module ui-sortable et_pb_text_1 et-animated--vb et_pb_text_align_left et_pb_bg_layout_light et-first-child et-last-child\" data-address=\"1.0.0.0\">\n<div class=\"et_pb_text_inner\">\n<div class=\"et-fb-popover-tinymce\" data-shortcode-id=\"1.0.0.0-1638171113742\" data-quickaccess-editable=\"yes\">\n<div class=\"mce-content-body\">\n<p>Tule mukaan tekem\u00e4\u00e4n hyv\u00e4\u00e4!<\/p>\n<p>Alastaron Rotaryklubi ponnistaa ilolla paikalliselta pohjalta erilaisiin teht\u00e4viin, jopa kansainv\u00e4lisiin ja maailmanlaajuisiin haasteisiin.<br \/>Aktiiviset saavat aikaan.<br \/>Rotaryverkosto avaa ovet mahdollisuuksiin.<br \/>J\u00e4senyys Alastaron Rotaryklubissa on toveruutta, joka tekee toiminnastamme iloisen asian.<br \/>Tulevilla j\u00e4senill\u00e4 on mahdollisuus tulla tutustumaan rotaryklubin toimintaan ennen varsinaista j\u00e4senyytt\u00e4.<br \/>Tutustu my\u00f6s nuorille suunnattuun toimintaan,\u00a0Interactiiviin\u00a0ja\u00a0Rotaractiin.<\/p>\n<p>Kokoonnumme joka tiistai klubikokoukseen klo 18 palvelutalo Loimikotiin.<br \/>Kokouksessa tapaamaan toisiamme tai kuulemme mielenkiintoisia esitelmi\u00e4 ja\u00a0 edist\u00e4m\u00e4mme hyv\u00e4\u00e4 omalla paikkakunnallamme.<br \/>K\u00e4ymme my\u00f6s yritysvierailuilla ja ulkoilemme\u00a0 mm. frisbeegolf -nimikkoradallamme. Radan kunnossapito ja kehitt\u00e4minen\u00a0 jatkuu edelleen.<br \/>Toteutamme klubin omia projekteja varojen hankkimiseksi hyv\u00e4n tekemiseen. T\u00e4rke\u00e4 osa toiminnassamme on osallistuminen paikallisen nuorison tukemiseen. Tuemme my\u00f6s kansainv\u00e4lisen Rotaryn humanitaarisia projekteja. Globaali rotaryverkosto avaa ovet mahdollisuuksiin.<br \/>Klubimme on perustettu 1970. Klubissamme on 27 j\u00e4sent\u00e4. Olemme osa piiri\u00e4 1410.<br \/>Oletko sin\u00e4 se j\u00e4sen, jota klubissamme ei viel\u00e4 ole?<\/p>\n<h3><span style=\"color: #3366ff\">Harrastus, jolla on tarkoitus:<\/span><\/h3>\n<p>Olemme keskittyneet paikallisen hyv\u00e4n tekemiseen, j\u00e4rjest\u00e4mme alastarolaisia nuoria tukevaa toimintaa.<br \/>Meid\u00e4n mielest\u00e4mme nuorten toiminta ja nuorisovaihto on kehitt\u00e4v\u00e4\u00e4. Mielest\u00e4mme nuorisovaihto on mit\u00e4 parhainta ruohonjuuritason kansainv\u00e4listymis- ja rauhankasvatusta. Aina, kun halukkaita l\u00e4htij\u00f6it\u00e4 ja vastavuoroisesti vaihto-oppilaan vastaanottavia ilmaantuu, toimimme.<\/p>\n<\/div>\n<\/div>\n<\/div>\n<\/div>\n<\/div>\n<p><strong>Alastaron rotaryklubissa on toveruutta, joka tekee toiminnastamme iloisen asian.<\/strong><\/p>\n<p>Alastaron Rotaryklubin j\u00e4senist\u00f6 koostuu eri ammattiryhmi\u00e4 edustavista ja eri-ik\u00e4isist\u00e4 henkil\u00f6ist\u00e4. J\u00e4senet edustavat klubissa omaa ammattikuntaansa luokitteensa mukaisesti ja tuovat ammattitaitoaan, omaa n\u00e4kemyst\u00e4\u00e4n ja el\u00e4m\u00e4nkokemustaan klubitoimintamme kehitt\u00e4miseksi. J\u00e4senilt\u00e4mme edellytet\u00e4\u00e4n mm. hyv\u00e4\u00e4 mainetta ja palveluhenkisyytt\u00e4. J\u00e4senhankintamme tapahtuu kutsumismenettelyll\u00e4. Rotary toteuttaa toimissaan humanit\u00e4\u00e4rist\u00e4 palvelua sek\u00e4 kotimaassa ett\u00e4 maailmanlaajuisesti monin eri tavoin.<\/p>\n<p>[\/et_pb_text][et_pb_text _builder_version=&#8221;4.16&#8243; _module_preset=&#8221;default&#8221; global_colors_info=&#8221;{}&#8221;]<\/p>\n<div class=\"et_pb_module et_pb_text et_pb_text_1 et_pb_bg_layout_light et_pb_text_align_center\">\n<div class=\"et_pb_text_inner\">\n<h3><span style=\"color: #3366ff\">Mik\u00e4 on Rotary<\/span><\/h3>\n<\/div>\n<\/div>\n<div class=\"et_pb_module et_pb_text et_pb_text_2 et_pb_bg_layout_light et_pb_text_align_left\">\n<div class=\"et_pb_text_inner\">\n<p>Rotary on eettisell\u00e4 pohjalla toimiva kansainv\u00e4linen palveluj\u00e4rjest\u00f6, joka toimii yli 200 maassa \u2013 j\u00e4seni\u00e4 sill\u00e4 on yli 1,2 miljoonaa. Suomessa ja Virossa on noin 280 rotaryklubia ja rotareita niiss\u00e4 on yhteens\u00e4 noin 9 500.<\/p>\n<p>Rotarytoiminnan perustana ovat paikalliset rotaryklubit, jotka kokoavat yhteen samanmielisi\u00e4 vaikuttajia tekem\u00e4\u00e4n hyv\u00e4\u00e4 omalla paikkakunnallaan. Klubit kutsuvat j\u00e4senikseen paikkakuntiensa hyv\u00e4maineisia ammattimiehi\u00e4 ja -naisia. Klubeilla on s\u00e4\u00e4nn\u00f6lliset kokoontumisajat, joissa eri ammattiryhmist\u00e4 koostuvat j\u00e4senet pit\u00e4v\u00e4t esitelmi\u00e4 ajankohtaisista aiheista tai kutsuvat ulkopuolisia puhujavieraita.<\/p>\n<p>Rotary tunnetaan hyvin maailmanlaajuisesta nuorisovaihdosta ja nuorten johtajien koulutuksesta. L\u00e4hes jokaisella suurehkolla paikkakunnalla Rotary j\u00e4rjest\u00e4\u00e4 vuosittain paikallisen nuoren vaihto-oppilasvuoden ja ottaa vastaan nuoren jostain p\u00e4in maailmaa.<\/p>\n<p>Rotaryn n\u00e4kyvin projekti on polion poistaminen maapallolta. Rotary on ker\u00e4nnyt rahaa ja tehnyt ty\u00f6t\u00e4 vuodesta 1985 PolioPlus-hankkeessa. Tavoitteena on rokottaa kaikki maailman lapset poliota vastaan. Yhteisty\u00f6kumppaneina t\u00e4ss\u00e4 ty\u00f6ss\u00e4 ovat mm. Maailman terveysj\u00e4rjest\u00f6 WHO, Rotary International, USA:n terveysviraston osa ja YK:n lastenrahasto sek\u00e4 monet valtiot. My\u00f6hemmin t\u00e4rke\u00e4ksi yhteisty\u00f6kumppaniksi on tullut my\u00f6s Bill ja Melinda Gatesin s\u00e4\u00e4ti\u00f6.<\/p>\n<p>Mittavan kampanjan ansiosta poliotapaukset ovat v\u00e4hentyneet maailmassa yli 350 000 tapauksesta vuodessa l\u00e4hes nollaan.<\/p>\n<\/div>\n<\/div>\n<p>[\/et_pb_text][\/et_pb_column_inner][\/et_pb_row_inner][\/et_pb_column][et_pb_column type=&#8221;1_3&#8243; module_class=&#8221;sivupalkki&#8221; _builder_version=&#8221;4.16&#8243; custom_padding=&#8221;|||&#8221; global_colors_info=&#8221;{}&#8221; parallax__hover=&#8221;off&#8221; parallax_method__hover=&#8221;on&#8221; module_class__hover=&#8221;sivupalkki&#8221; custom_padding__hover=&#8221;|||&#8221;][et_pb_sidebar area=&#8221;sidebar-1&#8243; module_class=&#8221;sivupalkki_sisalto&#8221; _builder_version=&#8221;4.16&#8243; locked=&#8221;on&#8221; global_colors_info=&#8221;{}&#8221;][\/et_pb_sidebar][\/et_pb_column][\/et_pb_section]<\/p>\n","protected":false},"excerpt":{"rendered":"<p>Keit\u00e4 olemmeAlastaron Rotaryklubi Tule mukaan tekem\u00e4\u00e4n hyv\u00e4\u00e4!Alastaron Rotaryklubi ponnistaa ilolla paikalliselta pohjalta erilaisiin teht\u00e4viin, jopa kansainv\u00e4lisiin ja maailmanlaajuisiin haasteisiin.Aktiiviset saavat aikaan.Rotaryverkosto avaa ovet mahdollisuuksiin.J\u00e4senyys Alastaron Rotaryklubissa on toveruutta, joka tekee toiminnastamme iloisen asian.Tulevilla j\u00e4senill\u00e4 on mahdollisuus tulla tutustumaan rotaryklubin toimintaan ennen varsinaista j\u00e4senyytt\u00e4.Tutustu my\u00f6s nuorille suunnattuun toimintaan,\u00a0Interactiiviin\u00a0ja\u00a0Rotaractiin. Kokoonnumme joka tiistai klubikokoukseen klo 18 palvelutalo Loimikotiin.Kokouksessa [&hellip;]<\/p>\n","protected":false},"author":1,"featured_media":0,"parent":0,"menu_order":0,"comment_status":"closed","ping_status":"closed","template":"","meta":{"_acf_changed":false,"_et_pb_use_builder":"on","_et_pb_old_content":"","_et_gb_content_width":"","footnotes":""},"class_list":["post-129","page","type-page","status-publish","hentry"],"acf":[],"yoast_head":"<!-- This site is optimized with the Yoast SEO plugin v27.4 - https:\/\/yoast.com\/product\/yoast-seo-wordpress\/ -->\n<title>Keit\u00e4 olemme - Alastaron Rotaryklubi<\/title>\n<meta name=\"robots\" content=\"index, follow, max-snippet:-1, max-image-preview:large, max-video-preview:-1\" \/>\n<link rel=\"canonical\" href=\"https:\/\/rotary.fi\/alastaronrotaryklubi\/keita-olemme\/\" \/>\n<meta property=\"og:locale\" content=\"fi_FI\" \/>\n<meta property=\"og:type\" content=\"article\" \/>\n<meta property=\"og:title\" content=\"Keit\u00e4 olemme - Alastaron Rotaryklubi\" \/>\n<meta property=\"og:description\" content=\"Keit\u00e4 olemmeAlastaron Rotaryklubi Tule mukaan tekem\u00e4\u00e4n hyv\u00e4\u00e4!Alastaron Rotaryklubi ponnistaa ilolla paikalliselta pohjalta erilaisiin teht\u00e4viin, jopa kansainv\u00e4lisiin ja maailmanlaajuisiin haasteisiin.Aktiiviset saavat aikaan.Rotaryverkosto avaa ovet mahdollisuuksiin.J\u00e4senyys Alastaron Rotaryklubissa on toveruutta, joka tekee toiminnastamme iloisen asian.Tulevilla j\u00e4senill\u00e4 on mahdollisuus tulla tutustumaan rotaryklubin toimintaan ennen varsinaista j\u00e4senyytt\u00e4.Tutustu my\u00f6s nuorille suunnattuun toimintaan,\u00a0Interactiiviin\u00a0ja\u00a0Rotaractiin. Kokoonnumme joka tiistai klubikokoukseen klo 18 palvelutalo Loimikotiin.Kokouksessa [&hellip;]\" \/>\n<meta property=\"og:url\" content=\"https:\/\/rotary.fi\/alastaronrotaryklubi\/keita-olemme\/\" \/>\n<meta property=\"og:site_name\" content=\"Alastaron Rotaryklubi\" \/>\n<meta property=\"article:modified_time\" content=\"2025-01-14T16:37:13+00:00\" \/>\n<meta name=\"twitter:card\" content=\"summary_large_image\" \/>\n<meta name=\"twitter:label1\" content=\"Arvioitu lukuaika\" \/>\n\t<meta name=\"twitter:data1\" content=\"3 minuuttia\" \/>\n<script type=\"application\/ld+json\" class=\"yoast-schema-graph\">{\"@context\":\"https:\\\/\\\/schema.org\",\"@graph\":[{\"@type\":\"WebPage\",\"@id\":\"https:\\\/\\\/rotary.fi\\\/alastaronrotaryklubi\\\/keita-olemme\\\/\",\"url\":\"https:\\\/\\\/rotary.fi\\\/alastaronrotaryklubi\\\/keita-olemme\\\/\",\"name\":\"Keit\u00e4 olemme - Alastaron Rotaryklubi\",\"isPartOf\":{\"@id\":\"https:\\\/\\\/rotary.fi\\\/alastaronrotaryklubi\\\/#website\"},\"datePublished\":\"2018-08-10T10:41:39+00:00\",\"dateModified\":\"2025-01-14T16:37:13+00:00\",\"breadcrumb\":{\"@id\":\"https:\\\/\\\/rotary.fi\\\/alastaronrotaryklubi\\\/keita-olemme\\\/#breadcrumb\"},\"inLanguage\":\"fi\",\"potentialAction\":[{\"@type\":\"ReadAction\",\"target\":[\"https:\\\/\\\/rotary.fi\\\/alastaronrotaryklubi\\\/keita-olemme\\\/\"]}]},{\"@type\":\"BreadcrumbList\",\"@id\":\"https:\\\/\\\/rotary.fi\\\/alastaronrotaryklubi\\\/keita-olemme\\\/#breadcrumb\",\"itemListElement\":[{\"@type\":\"ListItem\",\"position\":1,\"name\":\"Home\",\"item\":\"https:\\\/\\\/rotary.fi\\\/alastaronrotaryklubi\\\/\"},{\"@type\":\"ListItem\",\"position\":2,\"name\":\"Keit\u00e4 olemme\"}]},{\"@type\":\"WebSite\",\"@id\":\"https:\\\/\\\/rotary.fi\\\/alastaronrotaryklubi\\\/#website\",\"url\":\"https:\\\/\\\/rotary.fi\\\/alastaronrotaryklubi\\\/\",\"name\":\"Alastaron Rotaryklubi\",\"description\":\"Uusi Rotary klubisivusto\",\"potentialAction\":[{\"@type\":\"SearchAction\",\"target\":{\"@type\":\"EntryPoint\",\"urlTemplate\":\"https:\\\/\\\/rotary.fi\\\/alastaronrotaryklubi\\\/?s={search_term_string}\"},\"query-input\":{\"@type\":\"PropertyValueSpecification\",\"valueRequired\":true,\"valueName\":\"search_term_string\"}}],\"inLanguage\":\"fi\"}]}<\/script>\n<!-- \/ Yoast SEO plugin. -->","yoast_head_json":{"title":"Keit\u00e4 olemme - Alastaron Rotaryklubi","robots":{"index":"index","follow":"follow","max-snippet":"max-snippet:-1","max-image-preview":"max-image-preview:large","max-video-preview":"max-video-preview:-1"},"canonical":"https:\/\/rotary.fi\/alastaronrotaryklubi\/keita-olemme\/","og_locale":"fi_FI","og_type":"article","og_title":"Keit\u00e4 olemme - Alastaron Rotaryklubi","og_description":"Keit\u00e4 olemmeAlastaron Rotaryklubi Tule mukaan tekem\u00e4\u00e4n hyv\u00e4\u00e4!Alastaron Rotaryklubi ponnistaa ilolla paikalliselta pohjalta erilaisiin teht\u00e4viin, jopa kansainv\u00e4lisiin ja maailmanlaajuisiin haasteisiin.Aktiiviset saavat aikaan.Rotaryverkosto avaa ovet mahdollisuuksiin.J\u00e4senyys Alastaron Rotaryklubissa on toveruutta, joka tekee toiminnastamme iloisen asian.Tulevilla j\u00e4senill\u00e4 on mahdollisuus tulla tutustumaan rotaryklubin toimintaan ennen varsinaista j\u00e4senyytt\u00e4.Tutustu my\u00f6s nuorille suunnattuun toimintaan,\u00a0Interactiiviin\u00a0ja\u00a0Rotaractiin. Kokoonnumme joka tiistai klubikokoukseen klo 18 palvelutalo Loimikotiin.Kokouksessa [&hellip;]","og_url":"https:\/\/rotary.fi\/alastaronrotaryklubi\/keita-olemme\/","og_site_name":"Alastaron Rotaryklubi","article_modified_time":"2025-01-14T16:37:13+00:00","twitter_card":"summary_large_image","twitter_misc":{"Arvioitu lukuaika":"3 minuuttia"},"schema":{"@context":"https:\/\/schema.org","@graph":[{"@type":"WebPage","@id":"https:\/\/rotary.fi\/alastaronrotaryklubi\/keita-olemme\/","url":"https:\/\/rotary.fi\/alastaronrotaryklubi\/keita-olemme\/","name":"Keit\u00e4 olemme - Alastaron Rotaryklubi","isPartOf":{"@id":"https:\/\/rotary.fi\/alastaronrotaryklubi\/#website"},"datePublished":"2018-08-10T10:41:39+00:00","dateModified":"2025-01-14T16:37:13+00:00","breadcrumb":{"@id":"https:\/\/rotary.fi\/alastaronrotaryklubi\/keita-olemme\/#breadcrumb"},"inLanguage":"fi","potentialAction":[{"@type":"ReadAction","target":["https:\/\/rotary.fi\/alastaronrotaryklubi\/keita-olemme\/"]}]},{"@type":"BreadcrumbList","@id":"https:\/\/rotary.fi\/alastaronrotaryklubi\/keita-olemme\/#breadcrumb","itemListElement":[{"@type":"ListItem","position":1,"name":"Home","item":"https:\/\/rotary.fi\/alastaronrotaryklubi\/"},{"@type":"ListItem","position":2,"name":"Keit\u00e4 olemme"}]},{"@type":"WebSite","@id":"https:\/\/rotary.fi\/alastaronrotaryklubi\/#website","url":"https:\/\/rotary.fi\/alastaronrotaryklubi\/","name":"Alastaron Rotaryklubi","description":"Uusi Rotary klubisivusto","potentialAction":[{"@type":"SearchAction","target":{"@type":"EntryPoint","urlTemplate":"https:\/\/rotary.fi\/alastaronrotaryklubi\/?s={search_term_string}"},"query-input":{"@type":"PropertyValueSpecification","valueRequired":true,"valueName":"search_term_string"}}],"inLanguage":"fi"}]}},"lang":"fi","translations":{"fi":129},"pll_sync_post":[],"_links":{"self":[{"href":"https:\/\/rotary.fi\/alastaronrotaryklubi\/wp-json\/wp\/v2\/pages\/129","targetHints":{"allow":["GET"]}}],"collection":[{"href":"https:\/\/rotary.fi\/alastaronrotaryklubi\/wp-json\/wp\/v2\/pages"}],"about":[{"href":"https:\/\/rotary.fi\/alastaronrotaryklubi\/wp-json\/wp\/v2\/types\/page"}],"author":[{"embeddable":true,"href":"https:\/\/rotary.fi\/alastaronrotaryklubi\/wp-json\/wp\/v2\/users\/1"}],"replies":[{"embeddable":true,"href":"https:\/\/rotary.fi\/alastaronrotaryklubi\/wp-json\/wp\/v2\/comments?post=129"}],"version-history":[{"count":10,"href":"https:\/\/rotary.fi\/alastaronrotaryklubi\/wp-json\/wp\/v2\/pages\/129\/revisions"}],"predecessor-version":[{"id":3453,"href":"https:\/\/rotary.fi\/alastaronrotaryklubi\/wp-json\/wp\/v2\/pages\/129\/revisions\/3453"}],"wp:attachment":[{"href":"https:\/\/rotary.fi\/alastaronrotaryklubi\/wp-json\/wp\/v2\/media?parent=129"}],"curies":[{"name":"wp","href":"https:\/\/api.w.org\/{rel}","templated":true}]}}