{"id":258,"date":"2018-10-23T10:46:39","date_gmt":"2018-10-23T07:46:39","guid":{"rendered":"https:\/\/rotary.fi\/alajarvi\/?page_id=258"},"modified":"2018-11-29T10:10:34","modified_gmt":"2018-11-29T08:10:34","slug":"klubin-omat-ohjeet","status":"publish","type":"page","link":"https:\/\/rotary.fi\/alajarvi\/klubin-omat-ohjeet\/","title":{"rendered":"Klubin omat ohjeet"},"content":{"rendered":"","protected":true},"excerpt":{"rendered":"","protected":true},"author":1,"featured_media":0,"parent":0,"menu_order":0,"comment_status":"closed","ping_status":"closed","template":"","meta":{"_acf_changed":false,"_et_pb_use_builder":"on","_et_pb_old_content":"","_et_gb_content_width":"","footnotes":""},"class_list":["post-258","page","type-page","status-publish","post-password-required","hentry"],"acf":[],"yoast_head":"<!-- This site is optimized with the Yoast SEO plugin v27.0 - https:\/\/yoast.com\/product\/yoast-seo-wordpress\/ -->\n<title>Klubin omat ohjeet - Alaj\u00e4rven Rotaryklubi<\/title>\n<meta name=\"robots\" content=\"index, follow, max-snippet:-1, max-image-preview:large, max-video-preview:-1\" \/>\n<link rel=\"canonical\" href=\"https:\/\/rotary.fi\/alajarvi\/klubin-omat-ohjeet\/\" \/>\n<meta property=\"og:locale\" content=\"fi_FI\" \/>\n<meta property=\"og:type\" content=\"article\" \/>\n<meta property=\"og:title\" content=\"Klubin omat ohjeet - Alaj\u00e4rven Rotaryklubi\" \/>\n<meta property=\"og:description\" content=\"Otetta ei n\u00e4ytet\u00e4, koska artikkeli on suojattu.\" \/>\n<meta property=\"og:url\" content=\"https:\/\/rotary.fi\/alajarvi\/klubin-omat-ohjeet\/\" \/>\n<meta property=\"og:site_name\" content=\"Alaj\u00e4rven Rotaryklubi\" \/>\n<meta property=\"article:modified_time\" content=\"2018-11-29T08:10:34+00:00\" \/>\n<meta name=\"twitter:card\" content=\"summary_large_image\" \/>\n<meta name=\"twitter:label1\" content=\"Arvioitu lukuaika\" \/>\n\t<meta name=\"twitter:data1\" content=\"1 minuutti\" \/>\n<script type=\"application\/ld+json\" class=\"yoast-schema-graph\">{\"@context\":\"https:\/\/schema.org\",\"@graph\":[{\"@type\":\"WebPage\",\"@id\":\"https:\/\/rotary.fi\/alajarvi\/klubin-omat-ohjeet\/\",\"url\":\"https:\/\/rotary.fi\/alajarvi\/klubin-omat-ohjeet\/\",\"name\":\"Klubin omat ohjeet - Alaj\u00e4rven Rotaryklubi\",\"isPartOf\":{\"@id\":\"https:\/\/rotary.fi\/alajarvi\/#website\"},\"datePublished\":\"2018-10-23T07:46:39+00:00\",\"dateModified\":\"2018-11-29T08:10:34+00:00\",\"breadcrumb\":{\"@id\":\"https:\/\/rotary.fi\/alajarvi\/klubin-omat-ohjeet\/#breadcrumb\"},\"inLanguage\":\"fi\"},{\"@type\":\"WebSite\",\"@id\":\"https:\/\/rotary.fi\/alajarvi\/#website\",\"url\":\"https:\/\/rotary.fi\/alajarvi\/\",\"name\":\"Alaj\u00e4rven Rotaryklubi\",\"description\":\"Uusi Rotary klubisivusto\",\"potentialAction\":[{\"@type\":\"SearchAction\",\"target\":{\"@type\":\"EntryPoint\",\"urlTemplate\":\"https:\/\/rotary.fi\/alajarvi\/?s={search_term_string}\"},\"query-input\":{\"@type\":\"PropertyValueSpecification\",\"valueRequired\":true,\"valueName\":\"search_term_string\"}}],\"inLanguage\":\"fi\"}]}<\/script>\n<!-- \/ Yoast SEO plugin. -->","yoast_head_json":{"title":"Klubin omat ohjeet - Alaj\u00e4rven Rotaryklubi","robots":{"index":"index","follow":"follow","max-snippet":"max-snippet:-1","max-image-preview":"max-image-preview:large","max-video-preview":"max-video-preview:-1"},"canonical":"https:\/\/rotary.fi\/alajarvi\/klubin-omat-ohjeet\/","og_locale":"fi_FI","og_type":"article","og_title":"Klubin omat ohjeet - Alaj\u00e4rven Rotaryklubi","og_description":"Otetta ei n\u00e4ytet\u00e4, koska artikkeli on suojattu.","og_url":"https:\/\/rotary.fi\/alajarvi\/klubin-omat-ohjeet\/","og_site_name":"Alaj\u00e4rven Rotaryklubi","article_modified_time":"2018-11-29T08:10:34+00:00","twitter_card":"summary_large_image","twitter_misc":{"Arvioitu lukuaika":"1 minuutti"},"schema":{"@context":"https:\/\/schema.org","@graph":[{"@type":"WebPage","@id":"https:\/\/rotary.fi\/alajarvi\/klubin-omat-ohjeet\/","url":"https:\/\/rotary.fi\/alajarvi\/klubin-omat-ohjeet\/","name":"Klubin omat ohjeet - Alaj\u00e4rven Rotaryklubi","isPartOf":{"@id":"https:\/\/rotary.fi\/alajarvi\/#website"},"datePublished":"2018-10-23T07:46:39+00:00","dateModified":"2018-11-29T08:10:34+00:00","breadcrumb":{"@id":"https:\/\/rotary.fi\/alajarvi\/klubin-omat-ohjeet\/#breadcrumb"},"inLanguage":"fi"},{"@type":"WebSite","@id":"https:\/\/rotary.fi\/alajarvi\/#website","url":"https:\/\/rotary.fi\/alajarvi\/","name":"Alaj\u00e4rven Rotaryklubi","description":"Uusi Rotary klubisivusto","potentialAction":[{"@type":"SearchAction","target":{"@type":"EntryPoint","urlTemplate":"https:\/\/rotary.fi\/alajarvi\/?s={search_term_string}"},"query-input":{"@type":"PropertyValueSpecification","valueRequired":true,"valueName":"search_term_string"}}],"inLanguage":"fi"}]}},"lang":"fi","translations":{"fi":258},"pll_sync_post":[],"_links":{"self":[{"href":"https:\/\/rotary.fi\/alajarvi\/wp-json\/wp\/v2\/pages\/258","targetHints":{"allow":["GET"]}}],"collection":[{"href":"https:\/\/rotary.fi\/alajarvi\/wp-json\/wp\/v2\/pages"}],"about":[{"href":"https:\/\/rotary.fi\/alajarvi\/wp-json\/wp\/v2\/types\/page"}],"author":[{"embeddable":true,"href":"https:\/\/rotary.fi\/alajarvi\/wp-json\/wp\/v2\/users\/1"}],"replies":[{"embeddable":true,"href":"https:\/\/rotary.fi\/alajarvi\/wp-json\/wp\/v2\/comments?post=258"}],"version-history":[{"count":4,"href":"https:\/\/rotary.fi\/alajarvi\/wp-json\/wp\/v2\/pages\/258\/revisions"}],"predecessor-version":[{"id":1345,"href":"https:\/\/rotary.fi\/alajarvi\/wp-json\/wp\/v2\/pages\/258\/revisions\/1345"}],"wp:attachment":[{"href":"https:\/\/rotary.fi\/alajarvi\/wp-json\/wp\/v2\/media?parent=258"}],"curies":[{"name":"wp","href":"https:\/\/api.w.org\/{rel}","templated":true}]}}