{"id":186,"date":"2018-08-13T11:06:59","date_gmt":"2018-08-13T08:06:59","guid":{"rendered":"https:\/\/rotary.fi\/alajarvi\/?page_id=186"},"modified":"2025-02-20T12:58:11","modified_gmt":"2025-02-20T10:58:11","slug":"tapahtumakalenteri","status":"publish","type":"page","link":"https:\/\/rotary.fi\/alajarvi\/ajankohtaista\/tapahtumakalenteri\/","title":{"rendered":"Tapahtumakalenteri"},"content":{"rendered":"<p>[et_pb_section fb_built=&#8221;1&#8243; module_class=&#8221;jumbotron-page&#8221; _builder_version=&#8221;4.16&#8243; background_image=&#8221;https:\/\/rotary.fi\/alajarvi\/wp-content\/uploads\/sites\/50\/2018\/10\/rotary_klubit_alasivu_paakuva_12.jpg&#8221; global_colors_info=&#8221;{}&#8221;][et_pb_row _builder_version=&#8221;4.16&#8243; global_colors_info=&#8221;{}&#8221;][et_pb_column type=&#8221;4_4&#8243; _builder_version=&#8221;4.16&#8243; custom_padding=&#8221;|||&#8221; global_colors_info=&#8221;{}&#8221; custom_padding__hover=&#8221;|||&#8221;][et_pb_text admin_label=&#8221;P\u00e4\u00e4otsikko&#8221; _builder_version=&#8221;4.16&#8243; text_text_color=&#8221;#000000&#8243; text_font_size=&#8221;21px&#8221; text_orientation=&#8221;center&#8221; background_layout=&#8221;dark&#8221; z_index_tablet=&#8221;500&#8243; box_shadow_horizontal_tablet=&#8221;0px&#8221; box_shadow_vertical_tablet=&#8221;0px&#8221; box_shadow_blur_tablet=&#8221;40px&#8221; box_shadow_spread_tablet=&#8221;0px&#8221; global_colors_info=&#8221;{}&#8221;]<\/p>\n<h1><strong><\/strong><\/h1>\n<p><strong><\/strong><\/p>\n<p><strong><\/strong><\/p>\n<p><strong><\/strong><\/p>\n<h1><strong>Tapahtumakalenteri<\/strong><\/h1>\n<p>&nbsp;<\/p>\n<p>25.2.-25 Klubineuvottelu<\/p>\n<p>11.2.-25 Klubineuvottelu\u00a0<\/p>\n<p>28.1.-25 Klubineuvottelu\u00a0<\/p>\n<p>14.1.-25 Klubineuvottelu<\/p>\n<p>\u00a03.12.-24 Joulun sana. Avec<\/p>\n<p>19.11.-24 Vuosikokous<\/p>\n<p>5.11.-24 DG- ja AG-vierailu<\/p>\n<p>22.10.-24 Alustus s\u00e4hk\u00f6autoilusta<\/p>\n<p>8.10.-24 Klubineuvottelu<\/p>\n<p>24.9.-24 Klubineuvottelu\u00a0<\/p>\n<p>10.9.-24 Klubineuvottelu\u00a0<\/p>\n<p>Toimintavuosi 2024-25\u00a0<\/p>\n<p>&nbsp;<\/p>\n<p>18.6.-24 Kalailta. Toimintavuoden p\u00e4\u00e4t\u00f6s<\/p>\n<p>4.6.-24 Vieraileva alustaja Matti M\u00e4kinen. Tj, OP Alaj\u00e4rvi<\/p>\n<p>21.5.-24 Vieraileva alustaja Vesa Koivunen, kaupunginjohtaja<\/p>\n<p>7.5.-24 Alaj\u00e4rven L\u00e4mp\u00f6 Oy. Tj. Matti Etula<\/p>\n<p>30.4.-24. Vappuaatto, ei kokouata<\/p>\n<p>16.4.-24 Yritysvierailu, Saltex Oy\u00a0<\/p>\n<p>2.4.-24 Yritysvierailu. Alaj\u00e4rven S\u00e4hk\u00f6<\/p>\n<p>19.3.-24 AG Jarmo Vainionp\u00e4\u00e4\u00a0<\/p>\n<p>5.3.-24 Klubineuvottelu\u00a0<\/p>\n<p>20.2.-24 Ulkoilutapahtuma (avec) Koekenvarren kota<\/p>\n<p>6.2.-24 Klubin keilamestaruuskisa<\/p>\n<p>23.1.-24 Kirkkoherraehdokkaat esitt\u00e4ytyv\u00e4t.\u00a0 Srk-talo (klo 18.00)<\/p>\n<p>9.1.-24 Klubineuvottelu\u00a0<\/p>\n<p>11.12.-23 Viikkokokous. Joulun sana<\/p>\n<p>32.11.-23 Viikkokokous, klubineuvottelu<\/p>\n<p>7.11.-23 Vuosikokous<\/p>\n<p>24.10.-23 Viikkokokous, klubineuvottelu<\/p>\n<p>10.10.-23 Viikkokokous, klubineuvottelu<\/p>\n<p>26.9.-23 Viikkokokous, klubineuvottelu<\/p>\n<p>12.9.-23 Viikkokokous, klubineuvottelu<\/p>\n<p>29.8.-23 Viikkokokous, klubineuvottelu<\/p>\n<p>20.8.-23 Kuvern\u00f6\u00f6rivierailu Lapualla<\/p>\n<p>13.6.-23 Kalailta<\/p>\n<p>30.5.-23 Klubineuvottelu. Hallitustilanne<\/p>\n<p>16.5.-23 Matkakertomus, Eino Heinola\u00a0<\/p>\n<p>2.5.-23 Rotarykeilailu<\/p>\n<p>18.4.-23 Matkakertomus osa 1.\u00a0 Reijo Ojanen<\/p>\n<p>4.4.-23 Eduskuntavaalispekulaatiot<\/p>\n<p>21.3.-23 Klubineuvottelu\u00a0<\/p>\n<p>7.3.-23 AG Jarmo Vainionp\u00e4\u00e4<\/p>\n<p>16.2.-23 PETS-verkkokoulutus<\/p>\n<p>31.1.-23 Klubineuvottelu<\/p>\n<p>17.1.-23 Klubineuvottelu<\/p>\n<p>13.12.-22 Joulun sana<\/p>\n<p>22.11.-22 Keilailu\u00a0\u00a0<\/p>\n<p>8.11.-22 Vuosikokous<\/p>\n<p>25.10.-22 Koskenvarren grillikota klo 17.30. avec\u00a0<\/p>\n<p>\u00a04.10.-22 Padel-p\u00e4iv\u00e4<\/p>\n<p>&#8211; avoimet ovet 12-14<\/p>\n<p>padel-esittely 17.00<\/p>\n<p>&#8211; klubineuvottelu 17.30\u00a0<\/p>\n<p>20.9.-22 Klubikokous klo 17.30<\/p>\n<p>6.9.-22 Klubikokous klo 17.30<\/p>\n<p>16.8. Kuvern\u00f6\u00f6rin vierailu Lapualla klo 17.00<\/p>\n<p>\u00a016.8.-22 Toimintavuoden avaus klo 15.30<\/p>\n<p>Toimintavuosi 2022-23<\/p>\n<p>Kokoustauko pandemian takia\u00a0<\/p>\n<p>21.12.-21 Joulun sanoma, pastori Ann-Mari H\u00e4ggman\u00a0<\/p>\n<p>Ke 1.12.-21 Vuosikokous (Huom. p\u00e4iv\u00e4!)<\/p>\n<p>23.11.-21 PHF-mitalit. DG Kari Nirha<\/p>\n<p>2.11.-21 Klubineuvottelu<\/p>\n<p>19.10-21 Vuosivaihtoon hakeva vaihto-oppilas<\/p>\n<p>\u00a05.10.-21 Kuvern\u00f6\u00f6rivierailu. DG Kari Nirha, AG Jarmo Vainionp\u00e4\u00e4. PHF-mitalit<\/p>\n<p>\u00a07.9.-21 AG Jarmo Vainionp\u00e4\u00e4<\/p>\n<p>13.8.-19\u00a0 Toimintavuoden 1919-1920 avaus<\/p>\n<p>20.8.-19\u00a0 Klubineuvottelu<\/p>\n<p>27.8.-19\u00a0 Klubivierailu, Ateljee Autio Lappaj\u00e4rvi<\/p>\n<p>3.9.-19\u00a0 Klubineuvottelu<\/p>\n<p>10.9.-19\u00a0 Klubineuvottelu<\/p>\n<p>17.9.-19\u00a0 Alustus Raimo Lepp\u00e4aho<\/p>\n<p>24.9.-19\u00a0 Saunailta<\/p>\n<p>1.10.-19\u00a0 Alustus Reijo Ojanen<\/p>\n<p>8.10.-19\u00a0 Ulkoilutapahtuma, Koskenvarren &#8221;bulevardi&#8221;<\/p>\n<p>15.10.-19\u00a0 Alustus Juhani H\u00e4meenniemi<\/p>\n<p>22.10.-19\u00a0 Klubineuvottelu<\/p>\n<p>29.10.-19\u00a0 Kuvern\u00f6\u00f6rin vierailu. Arja Rantanen<\/p>\n<p>Ma 4.11.-19\u00a0 Keilakilpailu<\/p>\n<p>12.11.-19\u00a0 Vuosikokous<\/p>\n<p>19.11.-19\u00a0 Alustus Erkki Heinola<\/p>\n<p>26.11.-19\u00a0 Klubineuvottelu<\/p>\n<p>3.12.-19 Yritysvierailu Kultahehku Oy, ruokailu<\/p>\n<p>10.12.-19\u00a0 Klubineuvottelu<\/p>\n<p>17.12.-19\u00a0 Joulun sana, jouluruokailu<\/p>\n<p>24.12.-19 Jouluaatto, ei kokousta<\/p>\n<p>31.12.-19 Uuden vuoden aatto, ei kokousta<\/p>\n<p>14.1.-20 Klubineuvottelu<\/p>\n<p>21.1.-20 Alustus Reijo Ojanen<\/p>\n<p>28.1.-20 Klubineuvottelu<\/p>\n<p>4.2.-20 Tutustuminen uuteen monitoimihalliin<\/p>\n<p>11-2.-20 Alustus Raimo Kaltiala<\/p>\n<p>18.2.-20 Klubineuvottelu<\/p>\n<p>25.2.-20 Hiihtolomaviikko, ei kokousta<\/p>\n<p>3.3.-20 Alustus Jari Kyr\u00f6nlahti<\/p>\n<p>10.3.-20 Klubineuvottelu<\/p>\n<p>17.3.-20 Klubineuvottelu<\/p>\n<p>24.3.-20 Alustus Miko M\u00e4kel\u00e4<\/p>\n<p>31.3.-20 Keilailu<\/p>\n<p>KORONATAUKO<\/p>\n<p>18.8.-20 Vierailu veli Jarin m\u00f6kille<\/p>\n<p>&nbsp;<\/p>\n<p>[\/et_pb_text][et_pb_text admin_label=&#8221;P\u00e4\u00e4otsikko&#8221; _builder_version=&#8221;4.16&#8243; text_text_color=&#8221;#000000&#8243; text_font_size=&#8221;21px&#8221; text_orientation=&#8221;center&#8221; background_layout=&#8221;dark&#8221; global_colors_info=&#8221;{}&#8221;]<\/p>\n<p>&nbsp;<\/p>\n<p>&nbsp;<\/p>\n<p>[\/et_pb_text][\/et_pb_column][\/et_pb_row][\/et_pb_section][et_pb_section fb_built=&#8221;1&#8243; specialty=&#8221;on&#8221; module_class_2=&#8221;sivupalkki&#8221; _builder_version=&#8221;4.16&#8243; inner_max_width=&#8221;none&#8221; locked=&#8221;on&#8221; global_colors_info=&#8221;{}&#8221;][et_pb_column type=&#8221;2_3&#8243; specialty_columns=&#8221;2&#8243; _builder_version=&#8221;4.16&#8243; custom_padding=&#8221;|||&#8221; global_colors_info=&#8221;{}&#8221; custom_padding__hover=&#8221;|||&#8221;][et_pb_row_inner admin_label=&#8221;Rivi&#8221; _builder_version=&#8221;4.16&#8243; locked=&#8221;off&#8221; global_colors_info=&#8221;{}&#8221;][et_pb_column_inner saved_specialty_column_type=&#8221;2_3&#8243; _builder_version=&#8221;4.16&#8243; custom_padding=&#8221;|||&#8221; global_colors_info=&#8221;{}&#8221; custom_padding__hover=&#8221;|||&#8221;][et_pb_text admin_label=&#8221;Otsikko&#8221; _builder_version=&#8221;4.16&#8243; text_orientation=&#8221;center&#8221; global_colors_info=&#8221;{}&#8221;]<\/p>\n<h1>Tulevia tapahtumia<\/h1>\n<p>[\/et_pb_text][et_pb_code admin_label=&#8221;Tulevien tapahtumien listaus&#8221; module_class=&#8221;kaikki_ajankohtaiset&#8221; _builder_version=&#8221;4.16&#8243; locked=&#8221;off&#8221; global_colors_info=&#8221;{}&#8221;]<div class=\"em em-view-container\" id=\"em-view-1221284209\" data-view=\"list\">\r\n\t<div class=\"em pixelbones em-list em-events-list\" id=\"em-events-list-1221284209\" data-view-id=\"1221284209\">\r\n\tEi tapahtumia\t<\/div>\r\n<\/div>[\/et_pb_code][\/et_pb_column_inner][\/et_pb_row_inner][et_pb_row_inner admin_label=&#8221;Rivi&#8221; _builder_version=&#8221;4.16&#8243; global_colors_info=&#8221;{}&#8221;][et_pb_column_inner saved_specialty_column_type=&#8221;2_3&#8243; _builder_version=&#8221;4.16&#8243; custom_padding=&#8221;|||&#8221; global_colors_info=&#8221;{}&#8221; custom_padding__hover=&#8221;|||&#8221;][et_pb_text admin_label=&#8221;Otsikko&#8221; _builder_version=&#8221;4.16&#8243; text_orientation=&#8221;center&#8221; global_colors_info=&#8221;{}&#8221;]<\/p>\n<h1>Menneit\u00e4 tapahtumia<\/h1>\n<p>[\/et_pb_text][et_pb_code admin_label=&#8221;Menneiden tapahtumien listaus&#8221; module_class=&#8221;kaikki_ajankohtaiset&#8221; _builder_version=&#8221;4.16&#8243; locked=&#8221;off&#8221; global_colors_info=&#8221;{}&#8221;]<div class=\"em em-view-container\" id=\"em-view-1612957989\" data-view=\"list\">\r\n\t<div class=\"em pixelbones em-list em-events-list\" id=\"em-events-list-1612957989\" data-view-id=\"1612957989\">\r\n\tEi tapahtumia\t<\/div>\r\n<\/div>[\/et_pb_code][\/et_pb_column_inner][\/et_pb_row_inner][\/et_pb_column][et_pb_column type=&#8221;1_3&#8243; _builder_version=&#8221;4.16&#8243; custom_padding=&#8221;|||&#8221; global_colors_info=&#8221;{}&#8221; custom_padding__hover=&#8221;|||&#8221;][et_pb_sidebar area=&#8221;sidebar-1&#8243; module_class=&#8221;sivupalkki_sisalto&#8221; _builder_version=&#8221;4.16&#8243; locked=&#8221;on&#8221; global_colors_info=&#8221;{}&#8221;][\/et_pb_sidebar][\/et_pb_column][\/et_pb_section]<\/p>\n","protected":false},"excerpt":{"rendered":"<p>Tapahtumakalenteri &nbsp; 25.2.-25 Klubineuvottelu 11.2.-25 Klubineuvottelu\u00a0 28.1.-25 Klubineuvottelu\u00a0 14.1.-25 Klubineuvottelu \u00a03.12.-24 Joulun sana. Avec 19.11.-24 Vuosikokous 5.11.-24 DG- ja AG-vierailu 22.10.-24 Alustus s\u00e4hk\u00f6autoilusta 8.10.-24 Klubineuvottelu 24.9.-24 Klubineuvottelu\u00a0 10.9.-24 Klubineuvottelu\u00a0 Toimintavuosi 2024-25\u00a0 &nbsp; 18.6.-24 Kalailta. Toimintavuoden p\u00e4\u00e4t\u00f6s 4.6.-24 Vieraileva alustaja Matti M\u00e4kinen. Tj, OP Alaj\u00e4rvi 21.5.-24 Vieraileva alustaja Vesa Koivunen, kaupunginjohtaja 7.5.-24 Alaj\u00e4rven L\u00e4mp\u00f6 Oy. Tj. [&hellip;]<\/p>\n","protected":false},"author":1,"featured_media":0,"parent":94,"menu_order":0,"comment_status":"closed","ping_status":"closed","template":"","meta":{"_acf_changed":false,"_et_pb_use_builder":"on","_et_pb_old_content":"","_et_gb_content_width":"","footnotes":""},"class_list":["post-186","page","type-page","status-publish","hentry"],"acf":[],"yoast_head":"<!-- This site is optimized with the Yoast SEO plugin v27.0 - https:\/\/yoast.com\/product\/yoast-seo-wordpress\/ -->\n<title>Tapahtumakalenteri - Alaj\u00e4rven Rotaryklubi<\/title>\n<meta name=\"robots\" content=\"index, follow, max-snippet:-1, max-image-preview:large, max-video-preview:-1\" \/>\n<link rel=\"canonical\" href=\"https:\/\/rotary.fi\/alajarvi\/ajankohtaista\/tapahtumakalenteri\/\" \/>\n<meta property=\"og:locale\" content=\"fi_FI\" \/>\n<meta property=\"og:type\" content=\"article\" \/>\n<meta property=\"og:title\" content=\"Tapahtumakalenteri - Alaj\u00e4rven Rotaryklubi\" \/>\n<meta property=\"og:description\" content=\"Tapahtumakalenteri &nbsp; 25.2.-25 Klubineuvottelu 11.2.-25 Klubineuvottelu\u00a0 28.1.-25 Klubineuvottelu\u00a0 14.1.-25 Klubineuvottelu \u00a03.12.-24 Joulun sana. Avec 19.11.-24 Vuosikokous 5.11.-24 DG- ja AG-vierailu 22.10.-24 Alustus s\u00e4hk\u00f6autoilusta 8.10.-24 Klubineuvottelu 24.9.-24 Klubineuvottelu\u00a0 10.9.-24 Klubineuvottelu\u00a0 Toimintavuosi 2024-25\u00a0 &nbsp; 18.6.-24 Kalailta. Toimintavuoden p\u00e4\u00e4t\u00f6s 4.6.-24 Vieraileva alustaja Matti M\u00e4kinen. Tj, OP Alaj\u00e4rvi 21.5.-24 Vieraileva alustaja Vesa Koivunen, kaupunginjohtaja 7.5.-24 Alaj\u00e4rven L\u00e4mp\u00f6 Oy. Tj. [&hellip;]\" \/>\n<meta property=\"og:url\" content=\"https:\/\/rotary.fi\/alajarvi\/ajankohtaista\/tapahtumakalenteri\/\" \/>\n<meta property=\"og:site_name\" content=\"Alaj\u00e4rven Rotaryklubi\" \/>\n<meta property=\"article:modified_time\" content=\"2025-02-20T10:58:11+00:00\" \/>\n<meta name=\"twitter:card\" content=\"summary_large_image\" \/>\n<meta name=\"twitter:label1\" content=\"Arvioitu lukuaika\" \/>\n\t<meta name=\"twitter:data1\" content=\"4 minuuttia\" \/>\n<script type=\"application\/ld+json\" class=\"yoast-schema-graph\">{\"@context\":\"https:\/\/schema.org\",\"@graph\":[{\"@type\":\"WebPage\",\"@id\":\"https:\/\/rotary.fi\/alajarvi\/ajankohtaista\/tapahtumakalenteri\/\",\"url\":\"https:\/\/rotary.fi\/alajarvi\/ajankohtaista\/tapahtumakalenteri\/\",\"name\":\"Tapahtumakalenteri - Alaj\u00e4rven Rotaryklubi\",\"isPartOf\":{\"@id\":\"https:\/\/rotary.fi\/alajarvi\/#website\"},\"datePublished\":\"2018-08-13T08:06:59+00:00\",\"dateModified\":\"2025-02-20T10:58:11+00:00\",\"breadcrumb\":{\"@id\":\"https:\/\/rotary.fi\/alajarvi\/ajankohtaista\/tapahtumakalenteri\/#breadcrumb\"},\"inLanguage\":\"fi\",\"potentialAction\":[{\"@type\":\"ReadAction\",\"target\":[\"https:\/\/rotary.fi\/alajarvi\/ajankohtaista\/tapahtumakalenteri\/\"]}]},{\"@type\":\"BreadcrumbList\",\"@id\":\"https:\/\/rotary.fi\/alajarvi\/ajankohtaista\/tapahtumakalenteri\/#breadcrumb\",\"itemListElement\":[{\"@type\":\"ListItem\",\"position\":1,\"name\":\"Home\",\"item\":\"https:\/\/rotary.fi\/alajarvi\/\"},{\"@type\":\"ListItem\",\"position\":2,\"name\":\"Ajankohtaista\",\"item\":\"https:\/\/rotary.fi\/alajarvi\/ajankohtaista\/\"},{\"@type\":\"ListItem\",\"position\":3,\"name\":\"Tapahtumakalenteri\"}]},{\"@type\":\"WebSite\",\"@id\":\"https:\/\/rotary.fi\/alajarvi\/#website\",\"url\":\"https:\/\/rotary.fi\/alajarvi\/\",\"name\":\"Alaj\u00e4rven Rotaryklubi\",\"description\":\"Uusi Rotary klubisivusto\",\"potentialAction\":[{\"@type\":\"SearchAction\",\"target\":{\"@type\":\"EntryPoint\",\"urlTemplate\":\"https:\/\/rotary.fi\/alajarvi\/?s={search_term_string}\"},\"query-input\":{\"@type\":\"PropertyValueSpecification\",\"valueRequired\":true,\"valueName\":\"search_term_string\"}}],\"inLanguage\":\"fi\"}]}<\/script>\n<!-- \/ Yoast SEO plugin. -->","yoast_head_json":{"title":"Tapahtumakalenteri - Alaj\u00e4rven Rotaryklubi","robots":{"index":"index","follow":"follow","max-snippet":"max-snippet:-1","max-image-preview":"max-image-preview:large","max-video-preview":"max-video-preview:-1"},"canonical":"https:\/\/rotary.fi\/alajarvi\/ajankohtaista\/tapahtumakalenteri\/","og_locale":"fi_FI","og_type":"article","og_title":"Tapahtumakalenteri - Alaj\u00e4rven Rotaryklubi","og_description":"Tapahtumakalenteri &nbsp; 25.2.-25 Klubineuvottelu 11.2.-25 Klubineuvottelu\u00a0 28.1.-25 Klubineuvottelu\u00a0 14.1.-25 Klubineuvottelu \u00a03.12.-24 Joulun sana. Avec 19.11.-24 Vuosikokous 5.11.-24 DG- ja AG-vierailu 22.10.-24 Alustus s\u00e4hk\u00f6autoilusta 8.10.-24 Klubineuvottelu 24.9.-24 Klubineuvottelu\u00a0 10.9.-24 Klubineuvottelu\u00a0 Toimintavuosi 2024-25\u00a0 &nbsp; 18.6.-24 Kalailta. Toimintavuoden p\u00e4\u00e4t\u00f6s 4.6.-24 Vieraileva alustaja Matti M\u00e4kinen. Tj, OP Alaj\u00e4rvi 21.5.-24 Vieraileva alustaja Vesa Koivunen, kaupunginjohtaja 7.5.-24 Alaj\u00e4rven L\u00e4mp\u00f6 Oy. Tj. [&hellip;]","og_url":"https:\/\/rotary.fi\/alajarvi\/ajankohtaista\/tapahtumakalenteri\/","og_site_name":"Alaj\u00e4rven Rotaryklubi","article_modified_time":"2025-02-20T10:58:11+00:00","twitter_card":"summary_large_image","twitter_misc":{"Arvioitu lukuaika":"4 minuuttia"},"schema":{"@context":"https:\/\/schema.org","@graph":[{"@type":"WebPage","@id":"https:\/\/rotary.fi\/alajarvi\/ajankohtaista\/tapahtumakalenteri\/","url":"https:\/\/rotary.fi\/alajarvi\/ajankohtaista\/tapahtumakalenteri\/","name":"Tapahtumakalenteri - Alaj\u00e4rven Rotaryklubi","isPartOf":{"@id":"https:\/\/rotary.fi\/alajarvi\/#website"},"datePublished":"2018-08-13T08:06:59+00:00","dateModified":"2025-02-20T10:58:11+00:00","breadcrumb":{"@id":"https:\/\/rotary.fi\/alajarvi\/ajankohtaista\/tapahtumakalenteri\/#breadcrumb"},"inLanguage":"fi","potentialAction":[{"@type":"ReadAction","target":["https:\/\/rotary.fi\/alajarvi\/ajankohtaista\/tapahtumakalenteri\/"]}]},{"@type":"BreadcrumbList","@id":"https:\/\/rotary.fi\/alajarvi\/ajankohtaista\/tapahtumakalenteri\/#breadcrumb","itemListElement":[{"@type":"ListItem","position":1,"name":"Home","item":"https:\/\/rotary.fi\/alajarvi\/"},{"@type":"ListItem","position":2,"name":"Ajankohtaista","item":"https:\/\/rotary.fi\/alajarvi\/ajankohtaista\/"},{"@type":"ListItem","position":3,"name":"Tapahtumakalenteri"}]},{"@type":"WebSite","@id":"https:\/\/rotary.fi\/alajarvi\/#website","url":"https:\/\/rotary.fi\/alajarvi\/","name":"Alaj\u00e4rven Rotaryklubi","description":"Uusi Rotary klubisivusto","potentialAction":[{"@type":"SearchAction","target":{"@type":"EntryPoint","urlTemplate":"https:\/\/rotary.fi\/alajarvi\/?s={search_term_string}"},"query-input":{"@type":"PropertyValueSpecification","valueRequired":true,"valueName":"search_term_string"}}],"inLanguage":"fi"}]}},"lang":"fi","translations":{"fi":186},"pll_sync_post":[],"_links":{"self":[{"href":"https:\/\/rotary.fi\/alajarvi\/wp-json\/wp\/v2\/pages\/186","targetHints":{"allow":["GET"]}}],"collection":[{"href":"https:\/\/rotary.fi\/alajarvi\/wp-json\/wp\/v2\/pages"}],"about":[{"href":"https:\/\/rotary.fi\/alajarvi\/wp-json\/wp\/v2\/types\/page"}],"author":[{"embeddable":true,"href":"https:\/\/rotary.fi\/alajarvi\/wp-json\/wp\/v2\/users\/1"}],"replies":[{"embeddable":true,"href":"https:\/\/rotary.fi\/alajarvi\/wp-json\/wp\/v2\/comments?post=186"}],"version-history":[{"count":11,"href":"https:\/\/rotary.fi\/alajarvi\/wp-json\/wp\/v2\/pages\/186\/revisions"}],"predecessor-version":[{"id":2003,"href":"https:\/\/rotary.fi\/alajarvi\/wp-json\/wp\/v2\/pages\/186\/revisions\/2003"}],"up":[{"embeddable":true,"href":"https:\/\/rotary.fi\/alajarvi\/wp-json\/wp\/v2\/pages\/94"}],"wp:attachment":[{"href":"https:\/\/rotary.fi\/alajarvi\/wp-json\/wp\/v2\/media?parent=186"}],"curies":[{"name":"wp","href":"https:\/\/api.w.org\/{rel}","templated":true}]}}