{"id":156,"date":"2018-08-13T09:46:59","date_gmt":"2018-08-13T06:46:59","guid":{"rendered":"https:\/\/rotary.fi\/akaa\/?page_id=156"},"modified":"2025-03-07T08:42:16","modified_gmt":"2025-03-07T06:42:16","slug":"projektit","status":"publish","type":"page","link":"https:\/\/rotary.fi\/akaa\/mita-teemme\/projektit\/","title":{"rendered":"Projektit"},"content":{"rendered":"<p>[et_pb_section fb_built=&#8221;1&#8243; module_class=&#8221;jumbotron-page&#8221; _builder_version=&#8221;4.27.4&#8243; background_image=&#8221;https:\/\/rotary.fi\/akaa\/wp-content\/uploads\/sites\/192\/2025\/03\/haihunkoski4.jpeg&#8221; global_colors_info=&#8221;{}&#8221;][et_pb_row _builder_version=&#8221;4.16&#8243; background_size=&#8221;initial&#8221; background_position=&#8221;top_left&#8221; background_repeat=&#8221;repeat&#8221; global_colors_info=&#8221;{}&#8221;][et_pb_column type=&#8221;4_4&#8243; _builder_version=&#8221;4.16&#8243; custom_padding=&#8221;|||&#8221; global_colors_info=&#8221;{}&#8221; custom_padding__hover=&#8221;|||&#8221;][et_pb_text admin_label=&#8221;P\u00e4\u00e4otsikko&#8221; _builder_version=&#8221;4.27.4&#8243; text_orientation=&#8221;center&#8221; background_layout=&#8221;dark&#8221; hover_enabled=&#8221;0&#8243; global_colors_info=&#8221;{}&#8221; sticky_enabled=&#8221;0&#8243;][\/et_pb_text][\/et_pb_column][\/et_pb_row][\/et_pb_section][et_pb_section fb_built=&#8221;1&#8243; specialty=&#8221;on&#8221; module_class_2=&#8221;sivupalkki&#8221; _builder_version=&#8221;4.16&#8243; global_colors_info=&#8221;{}&#8221;][et_pb_column type=&#8221;2_3&#8243; specialty_columns=&#8221;2&#8243; _builder_version=&#8221;4.16&#8243; custom_padding=&#8221;|||&#8221; global_colors_info=&#8221;{}&#8221; parallax__hover=&#8221;off&#8221; parallax_method__hover=&#8221;on&#8221; custom_padding__hover=&#8221;|||&#8221;][et_pb_row_inner admin_label=&#8221;Rivi&#8221; _builder_version=&#8221;4.16&#8243; global_colors_info=&#8221;{}&#8221;][et_pb_column_inner saved_specialty_column_type=&#8221;2_3&#8243; _builder_version=&#8221;4.16&#8243; custom_padding=&#8221;|||&#8221; global_colors_info=&#8221;{}&#8221; parallax__hover=&#8221;off&#8221; parallax_method__hover=&#8221;on&#8221; custom_padding__hover=&#8221;|||&#8221;][et_pb_text admin_label=&#8221;Projektit &#8211; Otsikko&#8221; _builder_version=&#8221;4.16&#8243; text_orientation=&#8221;center&#8221; global_colors_info=&#8221;{}&#8221;]<\/p>\n<h1>Projektit<\/h1>\n<p>[\/et_pb_text][et_pb_text _builder_version=&#8221;4.16&#8243; global_colors_info=&#8221;{}&#8221;]<\/p>\n<p>&nbsp;<\/p>\n<p>Rotary on palveluj\u00e4rjest\u00f6. Toimimme tunnuslauseemme Palvelu itsekkyyden edelle (Service above self) mukaisesti paikallisesti ja maailmanlaajuisesti. Kansainv\u00e4linen humanit\u00e4\u00e4rinen palvelumme toteutuu Rotarys\u00e4\u00e4ti\u00f6mme koordinoimana ja hyv\u00e4ksyttyjen kumppaneiden kanssa.\u00a0 <\/p>\n<p><strong>Klubin projekti nyt<\/strong><br \/> <strong><\/strong><\/p>\n<div style=\"color: #222222;font-family: Arial, Helvetica, sans-serif;font-size: small;font-style: normal;font-weight: 400;letter-spacing: normal;text-align: start;text-indent: 0px;text-transform: none;background-color: #ffffff\">Akaan Rotaryklubi j\u00e4rjest\u00e4\u00e4 yhteisty\u00f6ss\u00e4 Akaan yl\u00e4koulujen opinto-ohjaajien kanssa syksyisin kaupungin kaikille peruskoulun 9.-luokkalaisille tutustumisp\u00e4iv\u00e4n ty\u00f6el\u00e4m\u00e4\u00e4n.\u00a0Tutustumisp\u00e4iv\u00e4n tarkoituksena on esitell\u00e4 Akaan nuorille paikkakunnan eritt\u00e4in vilkasta yritysel\u00e4m\u00e4\u00e4.<\/div>\n<div style=\"color: #222222;font-family: Arial, Helvetica, sans-serif;font-size: small;font-style: normal;font-weight: 400;letter-spacing: normal;text-align: start;text-indent: 0px;text-transform: none;background-color: #ffffff\"><\/div>\n<div style=\"color: #222222;font-family: Arial, Helvetica, sans-serif;font-size: small;font-style: normal;font-weight: 400;letter-spacing: normal;text-align: start;text-indent: 0px;text-transform: none;background-color: #ffffff\">Peruskoulun viimeinen lukuvuosi on nuorilla valintojen aikaa. Osa suuntaa lukioon, osa ammatillisiin opintoihin. Monelle valinta on my\u00f6s vaikeaa, oma kiinnostuskin saattaa viel\u00e4 olla kadoksissa. Siksi t\u00e4llainen tutustumisp\u00e4iv\u00e4 on akaalaisille nuorille tavattoman t\u00e4rke\u00e4.<\/div>\n<div style=\"color: #222222;font-family: Arial, Helvetica, sans-serif;font-size: small;font-style: normal;font-weight: 400;letter-spacing: normal;text-align: start;text-indent: 0px;text-transform: none;background-color: #ffffff\"><\/div>\n<p><strong><\/strong><\/p>\n<p><strong><\/strong><\/p>\n<p><strong><\/strong><\/p>\n<p><strong>Osallistumme my\u00f6s l\u00e4hiklubien kanssa yhteisiin projekteihin.\u00a0<\/strong><\/p>\n<p><strong>\u00a0\u00a0\u00a0\u00a0\u00a0\u00a0\u00a0\u00a0\u00a0\u00a0\u00a0\u00a0\u00a0\u00a0\u00a0\u00a0\u00a0\u00a0\u00a0\u00a0\u00a0\u00a0\u00a0\u00a0\u00a0\u00a0\u00a0\u00a0\u00a0\u00a0\u00a0\u00a0\u00a0\u00a0\u00a0\u00a0\u00a0\u00a0\u00a0\u00a0\u00a0\u00a0\u00a0\u00a0\u00a0\u00a0\u00a0\u00a0\u00a0 <\/strong><br \/><strong><br \/><\/strong><\/p>\n<p><strong><\/strong><\/p>\n<p>[\/et_pb_text][\/et_pb_column_inner][\/et_pb_row_inner][\/et_pb_column][et_pb_column type=&#8221;1_3&#8243; module_class=&#8221;sivupalkki&#8221; _builder_version=&#8221;4.16&#8243; custom_padding=&#8221;|||&#8221; global_colors_info=&#8221;{}&#8221; parallax__hover=&#8221;off&#8221; parallax_method__hover=&#8221;on&#8221; module_class__hover=&#8221;sivupalkki&#8221; custom_padding__hover=&#8221;|||&#8221;][et_pb_sidebar area=&#8221;sidebar-1&#8243; module_class=&#8221;sivupalkki_sisalto&#8221; _builder_version=&#8221;4.16&#8243; locked=&#8221;on&#8221; global_colors_info=&#8221;{}&#8221;][\/et_pb_sidebar][\/et_pb_column][\/et_pb_section]<\/p>\n","protected":false},"excerpt":{"rendered":"<p>Projektit &nbsp; Rotary on palveluj\u00e4rjest\u00f6. Toimimme tunnuslauseemme Palvelu itsekkyyden edelle (Service above self) mukaisesti paikallisesti ja maailmanlaajuisesti. Kansainv\u00e4linen humanit\u00e4\u00e4rinen palvelumme toteutuu Rotarys\u00e4\u00e4ti\u00f6mme koordinoimana ja hyv\u00e4ksyttyjen kumppaneiden kanssa.\u00a0 Klubin projekti nyt Akaan Rotaryklubi j\u00e4rjest\u00e4\u00e4 yhteisty\u00f6ss\u00e4 Akaan yl\u00e4koulujen opinto-ohjaajien kanssa syksyisin kaupungin kaikille peruskoulun 9.-luokkalaisille tutustumisp\u00e4iv\u00e4n ty\u00f6el\u00e4m\u00e4\u00e4n.\u00a0Tutustumisp\u00e4iv\u00e4n tarkoituksena on esitell\u00e4 Akaan nuorille paikkakunnan eritt\u00e4in vilkasta yritysel\u00e4m\u00e4\u00e4. Peruskoulun [&hellip;]<\/p>\n","protected":false},"author":1,"featured_media":2786,"parent":77,"menu_order":0,"comment_status":"closed","ping_status":"closed","template":"","meta":{"_acf_changed":false,"_et_pb_use_builder":"on","_et_pb_old_content":"","_et_gb_content_width":"","footnotes":""},"class_list":["post-156","page","type-page","status-publish","has-post-thumbnail","hentry"],"acf":[],"yoast_head":"<!-- This site is optimized with the Yoast SEO plugin v27.4 - https:\/\/yoast.com\/product\/yoast-seo-wordpress\/ -->\n<title>Projektit - Akaan Rotaryklubi ry<\/title>\n<meta name=\"robots\" content=\"index, follow, max-snippet:-1, max-image-preview:large, max-video-preview:-1\" \/>\n<link rel=\"canonical\" href=\"https:\/\/rotary.fi\/akaa\/mita-teemme\/projektit\/\" \/>\n<meta property=\"og:locale\" content=\"fi_FI\" \/>\n<meta property=\"og:type\" content=\"article\" \/>\n<meta property=\"og:title\" content=\"Projektit - Akaan Rotaryklubi ry\" \/>\n<meta property=\"og:description\" content=\"Projektit &nbsp; Rotary on palveluj\u00e4rjest\u00f6. Toimimme tunnuslauseemme Palvelu itsekkyyden edelle (Service above self) mukaisesti paikallisesti ja maailmanlaajuisesti. Kansainv\u00e4linen humanit\u00e4\u00e4rinen palvelumme toteutuu Rotarys\u00e4\u00e4ti\u00f6mme koordinoimana ja hyv\u00e4ksyttyjen kumppaneiden kanssa.\u00a0 Klubin projekti nyt Akaan Rotaryklubi j\u00e4rjest\u00e4\u00e4 yhteisty\u00f6ss\u00e4 Akaan yl\u00e4koulujen opinto-ohjaajien kanssa syksyisin kaupungin kaikille peruskoulun 9.-luokkalaisille tutustumisp\u00e4iv\u00e4n ty\u00f6el\u00e4m\u00e4\u00e4n.\u00a0Tutustumisp\u00e4iv\u00e4n tarkoituksena on esitell\u00e4 Akaan nuorille paikkakunnan eritt\u00e4in vilkasta yritysel\u00e4m\u00e4\u00e4. Peruskoulun [&hellip;]\" \/>\n<meta property=\"og:url\" content=\"https:\/\/rotary.fi\/akaa\/mita-teemme\/projektit\/\" \/>\n<meta property=\"og:site_name\" content=\"Akaan Rotaryklubi ry\" \/>\n<meta property=\"article:modified_time\" content=\"2025-03-07T06:42:16+00:00\" \/>\n<meta property=\"og:image\" content=\"https:\/\/rotary.fi\/akaa\/wp-content\/uploads\/sites\/192\/2025\/03\/haihunkoski4.jpeg\" \/>\n\t<meta property=\"og:image:width\" content=\"2016\" \/>\n\t<meta property=\"og:image:height\" content=\"1512\" \/>\n\t<meta property=\"og:image:type\" content=\"image\/jpeg\" \/>\n<meta name=\"twitter:card\" content=\"summary_large_image\" \/>\n<meta name=\"twitter:label1\" content=\"Arvioitu lukuaika\" \/>\n\t<meta name=\"twitter:data1\" content=\"2 minuuttia\" \/>\n<script type=\"application\/ld+json\" class=\"yoast-schema-graph\">{\"@context\":\"https:\\\/\\\/schema.org\",\"@graph\":[{\"@type\":\"WebPage\",\"@id\":\"https:\\\/\\\/rotary.fi\\\/akaa\\\/mita-teemme\\\/projektit\\\/\",\"url\":\"https:\\\/\\\/rotary.fi\\\/akaa\\\/mita-teemme\\\/projektit\\\/\",\"name\":\"Projektit - Akaan Rotaryklubi ry\",\"isPartOf\":{\"@id\":\"https:\\\/\\\/rotary.fi\\\/akaa\\\/#website\"},\"primaryImageOfPage\":{\"@id\":\"https:\\\/\\\/rotary.fi\\\/akaa\\\/mita-teemme\\\/projektit\\\/#primaryimage\"},\"image\":{\"@id\":\"https:\\\/\\\/rotary.fi\\\/akaa\\\/mita-teemme\\\/projektit\\\/#primaryimage\"},\"thumbnailUrl\":\"https:\\\/\\\/rotary.fi\\\/akaa\\\/wp-content\\\/uploads\\\/sites\\\/192\\\/2025\\\/03\\\/haihunkoski4.jpeg\",\"datePublished\":\"2018-08-13T06:46:59+00:00\",\"dateModified\":\"2025-03-07T06:42:16+00:00\",\"breadcrumb\":{\"@id\":\"https:\\\/\\\/rotary.fi\\\/akaa\\\/mita-teemme\\\/projektit\\\/#breadcrumb\"},\"inLanguage\":\"fi\",\"potentialAction\":[{\"@type\":\"ReadAction\",\"target\":[\"https:\\\/\\\/rotary.fi\\\/akaa\\\/mita-teemme\\\/projektit\\\/\"]}]},{\"@type\":\"ImageObject\",\"inLanguage\":\"fi\",\"@id\":\"https:\\\/\\\/rotary.fi\\\/akaa\\\/mita-teemme\\\/projektit\\\/#primaryimage\",\"url\":\"https:\\\/\\\/rotary.fi\\\/akaa\\\/wp-content\\\/uploads\\\/sites\\\/192\\\/2025\\\/03\\\/haihunkoski4.jpeg\",\"contentUrl\":\"https:\\\/\\\/rotary.fi\\\/akaa\\\/wp-content\\\/uploads\\\/sites\\\/192\\\/2025\\\/03\\\/haihunkoski4.jpeg\",\"width\":2016,\"height\":1512},{\"@type\":\"BreadcrumbList\",\"@id\":\"https:\\\/\\\/rotary.fi\\\/akaa\\\/mita-teemme\\\/projektit\\\/#breadcrumb\",\"itemListElement\":[{\"@type\":\"ListItem\",\"position\":1,\"name\":\"Home\",\"item\":\"https:\\\/\\\/rotary.fi\\\/akaa\\\/\"},{\"@type\":\"ListItem\",\"position\":2,\"name\":\"Mit\u00e4 teemme\",\"item\":\"https:\\\/\\\/rotary.fi\\\/akaa\\\/mita-teemme\\\/\"},{\"@type\":\"ListItem\",\"position\":3,\"name\":\"Projektit\"}]},{\"@type\":\"WebSite\",\"@id\":\"https:\\\/\\\/rotary.fi\\\/akaa\\\/#website\",\"url\":\"https:\\\/\\\/rotary.fi\\\/akaa\\\/\",\"name\":\"Akaan Rotaryklubi ry\",\"description\":\"Uusi Rotary klubisivusto\",\"potentialAction\":[{\"@type\":\"SearchAction\",\"target\":{\"@type\":\"EntryPoint\",\"urlTemplate\":\"https:\\\/\\\/rotary.fi\\\/akaa\\\/?s={search_term_string}\"},\"query-input\":{\"@type\":\"PropertyValueSpecification\",\"valueRequired\":true,\"valueName\":\"search_term_string\"}}],\"inLanguage\":\"fi\"}]}<\/script>\n<!-- \/ Yoast SEO plugin. -->","yoast_head_json":{"title":"Projektit - Akaan Rotaryklubi ry","robots":{"index":"index","follow":"follow","max-snippet":"max-snippet:-1","max-image-preview":"max-image-preview:large","max-video-preview":"max-video-preview:-1"},"canonical":"https:\/\/rotary.fi\/akaa\/mita-teemme\/projektit\/","og_locale":"fi_FI","og_type":"article","og_title":"Projektit - Akaan Rotaryklubi ry","og_description":"Projektit &nbsp; Rotary on palveluj\u00e4rjest\u00f6. Toimimme tunnuslauseemme Palvelu itsekkyyden edelle (Service above self) mukaisesti paikallisesti ja maailmanlaajuisesti. Kansainv\u00e4linen humanit\u00e4\u00e4rinen palvelumme toteutuu Rotarys\u00e4\u00e4ti\u00f6mme koordinoimana ja hyv\u00e4ksyttyjen kumppaneiden kanssa.\u00a0 Klubin projekti nyt Akaan Rotaryklubi j\u00e4rjest\u00e4\u00e4 yhteisty\u00f6ss\u00e4 Akaan yl\u00e4koulujen opinto-ohjaajien kanssa syksyisin kaupungin kaikille peruskoulun 9.-luokkalaisille tutustumisp\u00e4iv\u00e4n ty\u00f6el\u00e4m\u00e4\u00e4n.\u00a0Tutustumisp\u00e4iv\u00e4n tarkoituksena on esitell\u00e4 Akaan nuorille paikkakunnan eritt\u00e4in vilkasta yritysel\u00e4m\u00e4\u00e4. Peruskoulun [&hellip;]","og_url":"https:\/\/rotary.fi\/akaa\/mita-teemme\/projektit\/","og_site_name":"Akaan Rotaryklubi ry","article_modified_time":"2025-03-07T06:42:16+00:00","og_image":[{"width":2016,"height":1512,"url":"https:\/\/rotary.fi\/akaa\/wp-content\/uploads\/sites\/192\/2025\/03\/haihunkoski4.jpeg","type":"image\/jpeg"}],"twitter_card":"summary_large_image","twitter_misc":{"Arvioitu lukuaika":"2 minuuttia"},"schema":{"@context":"https:\/\/schema.org","@graph":[{"@type":"WebPage","@id":"https:\/\/rotary.fi\/akaa\/mita-teemme\/projektit\/","url":"https:\/\/rotary.fi\/akaa\/mita-teemme\/projektit\/","name":"Projektit - Akaan Rotaryklubi ry","isPartOf":{"@id":"https:\/\/rotary.fi\/akaa\/#website"},"primaryImageOfPage":{"@id":"https:\/\/rotary.fi\/akaa\/mita-teemme\/projektit\/#primaryimage"},"image":{"@id":"https:\/\/rotary.fi\/akaa\/mita-teemme\/projektit\/#primaryimage"},"thumbnailUrl":"https:\/\/rotary.fi\/akaa\/wp-content\/uploads\/sites\/192\/2025\/03\/haihunkoski4.jpeg","datePublished":"2018-08-13T06:46:59+00:00","dateModified":"2025-03-07T06:42:16+00:00","breadcrumb":{"@id":"https:\/\/rotary.fi\/akaa\/mita-teemme\/projektit\/#breadcrumb"},"inLanguage":"fi","potentialAction":[{"@type":"ReadAction","target":["https:\/\/rotary.fi\/akaa\/mita-teemme\/projektit\/"]}]},{"@type":"ImageObject","inLanguage":"fi","@id":"https:\/\/rotary.fi\/akaa\/mita-teemme\/projektit\/#primaryimage","url":"https:\/\/rotary.fi\/akaa\/wp-content\/uploads\/sites\/192\/2025\/03\/haihunkoski4.jpeg","contentUrl":"https:\/\/rotary.fi\/akaa\/wp-content\/uploads\/sites\/192\/2025\/03\/haihunkoski4.jpeg","width":2016,"height":1512},{"@type":"BreadcrumbList","@id":"https:\/\/rotary.fi\/akaa\/mita-teemme\/projektit\/#breadcrumb","itemListElement":[{"@type":"ListItem","position":1,"name":"Home","item":"https:\/\/rotary.fi\/akaa\/"},{"@type":"ListItem","position":2,"name":"Mit\u00e4 teemme","item":"https:\/\/rotary.fi\/akaa\/mita-teemme\/"},{"@type":"ListItem","position":3,"name":"Projektit"}]},{"@type":"WebSite","@id":"https:\/\/rotary.fi\/akaa\/#website","url":"https:\/\/rotary.fi\/akaa\/","name":"Akaan Rotaryklubi ry","description":"Uusi Rotary klubisivusto","potentialAction":[{"@type":"SearchAction","target":{"@type":"EntryPoint","urlTemplate":"https:\/\/rotary.fi\/akaa\/?s={search_term_string}"},"query-input":{"@type":"PropertyValueSpecification","valueRequired":true,"valueName":"search_term_string"}}],"inLanguage":"fi"}]}},"lang":"fi","translations":{"fi":156,"en":1451},"pll_sync_post":[],"_links":{"self":[{"href":"https:\/\/rotary.fi\/akaa\/wp-json\/wp\/v2\/pages\/156","targetHints":{"allow":["GET"]}}],"collection":[{"href":"https:\/\/rotary.fi\/akaa\/wp-json\/wp\/v2\/pages"}],"about":[{"href":"https:\/\/rotary.fi\/akaa\/wp-json\/wp\/v2\/types\/page"}],"author":[{"embeddable":true,"href":"https:\/\/rotary.fi\/akaa\/wp-json\/wp\/v2\/users\/1"}],"replies":[{"embeddable":true,"href":"https:\/\/rotary.fi\/akaa\/wp-json\/wp\/v2\/comments?post=156"}],"version-history":[{"count":10,"href":"https:\/\/rotary.fi\/akaa\/wp-json\/wp\/v2\/pages\/156\/revisions"}],"predecessor-version":[{"id":2865,"href":"https:\/\/rotary.fi\/akaa\/wp-json\/wp\/v2\/pages\/156\/revisions\/2865"}],"up":[{"embeddable":true,"href":"https:\/\/rotary.fi\/akaa\/wp-json\/wp\/v2\/pages\/77"}],"wp:featuredmedia":[{"embeddable":true,"href":"https:\/\/rotary.fi\/akaa\/wp-json\/wp\/v2\/media\/2786"}],"wp:attachment":[{"href":"https:\/\/rotary.fi\/akaa\/wp-json\/wp\/v2\/media?parent=156"}],"curies":[{"name":"wp","href":"https:\/\/api.w.org\/{rel}","templated":true}]}}