{"id":138,"date":"2018-08-10T14:01:44","date_gmt":"2018-08-10T11:01:44","guid":{"rendered":"https:\/\/rotary.fi\/klubi2\/?page_id=138"},"modified":"2025-08-21T15:35:40","modified_gmt":"2025-08-21T12:35:40","slug":"vuositeema","status":"publish","type":"page","link":"https:\/\/rotary.fi\/akaa\/keita-olemme\/vuositeema\/","title":{"rendered":"Vuositeema"},"content":{"rendered":"<p>[et_pb_section fb_built=&#8221;1&#8243; module_class=&#8221;jumbotron-page&#8221; _builder_version=&#8221;4.27.4&#8243; background_image=&#8221;https:\/\/rotary.fi\/akaa\/wp-content\/uploads\/sites\/192\/2025\/08\/maailman-presidentti.jpg&#8221; background_size=&#8221;contain&#8221; background_position=&#8221;center_left&#8221; global_colors_info=&#8221;{}&#8221;][et_pb_row _builder_version=&#8221;4.16&#8243; background_size=&#8221;initial&#8221; background_position=&#8221;top_left&#8221; background_repeat=&#8221;repeat&#8221; global_colors_info=&#8221;{}&#8221;][et_pb_column type=&#8221;4_4&#8243; _builder_version=&#8221;4.16&#8243; custom_padding=&#8221;|||&#8221; global_colors_info=&#8221;{}&#8221; custom_padding__hover=&#8221;|||&#8221;][et_pb_text admin_label=&#8221;P\u00e4\u00e4otsikko&#8221; _builder_version=&#8221;4.16&#8243; text_orientation=&#8221;center&#8221; background_layout=&#8221;dark&#8221; hover_enabled=&#8221;0&#8243; global_colors_info=&#8221;{}&#8221; sticky_enabled=&#8221;0&#8243;]<\/p>\n<h1>Vuositeema<\/h1>\n<p>&nbsp;<\/p>\n<p>[\/et_pb_text][\/et_pb_column][\/et_pb_row][\/et_pb_section][et_pb_section fb_built=&#8221;1&#8243; specialty=&#8221;on&#8221; module_class_2=&#8221;sivupalkki&#8221; _builder_version=&#8221;4.16&#8243; global_colors_info=&#8221;{}&#8221;][et_pb_column type=&#8221;2_3&#8243; specialty_columns=&#8221;2&#8243; _builder_version=&#8221;4.16&#8243; custom_padding=&#8221;|||&#8221; global_colors_info=&#8221;{}&#8221; custom_padding__hover=&#8221;|||&#8221;][et_pb_row_inner admin_label=&#8221;Rivi&#8221; _builder_version=&#8221;4.16&#8243; min_height=&#8221;972px&#8221; global_colors_info=&#8221;{}&#8221;][et_pb_column_inner saved_specialty_column_type=&#8221;2_3&#8243; _builder_version=&#8221;4.16&#8243; custom_padding=&#8221;|||&#8221; global_colors_info=&#8221;{}&#8221; custom_padding__hover=&#8221;|||&#8221;][et_pb_text _builder_version=&#8221;4.27.4&#8243; custom_padding=&#8221;6px|||||&#8221; global_colors_info=&#8221;{}&#8221;]<\/p>\n<h1 style=\"text-align: center\">Rotary Internationalin<br \/>vuositeema<\/h1>\n<h4 style=\"text-align: center\">\u00a0<\/h4>\n<h4 style=\"text-align: center\">\u00a0<\/h4>\n<h4 style=\"text-align: center\">\u00a0<\/h4>\n<h4 style=\"text-align: center\"><strong><b>\u00a0&#8211; UNITE FOR GOOD &#8211;<br \/><\/b><\/strong><\/h4>\n<div class=\"page\" title=\"Page 1\">\n<div class=\"layoutArea\">\n<div class=\"column\">\n<p style=\"text-align: center\">TEHD\u00c4\u00c4N HYV\u00c4\u00c4 YHDESS\u00c4<\/p>\n<p style=\"text-align: center\">Yh\u00e4 jakautuneemmaksi muuttuvassa maailmassa Rotary haluaa edustaa yhten\u00e4isyytt\u00e4. Vaikka viemme Rotarya eteenp\u00e4in, t\u00e4rkeimm\u00e4t arvomme ja teht\u00e4v\u00e4mme pysyv\u00e4t muuttumattomina ja auttavat meit\u00e4 keskittym\u00e4\u00e4n j\u00e4senyyksiin, rauhaan ja polioon. Aloitamme t\u00e4m\u00e4n vuoden selke\u00e4ll\u00e4 viestill\u00e4: tehd\u00e4\u00e4n hyv\u00e4\u00e4 yhdess\u00e4. Vaikka viesti on lyhyt, se on yksinkertaisuudessaan merkitt\u00e4v\u00e4. Viesti muistuttaa, ett\u00e4 kaikkien tekojen, uusien j\u00e4senten ja kansainv\u00e4listen haasteiden taustalla on kaksi meille t\u00e4rkeint\u00e4 asiaa: yst\u00e4vyys ja luottamus.<\/p>\n<p style=\"text-align: center\">Rotary International President<\/p>\n<p style=\"text-align: center\">Francesco Arezzo<\/p>\n<\/div>\n<\/div>\n<\/div>\n<p>[\/et_pb_text][\/et_pb_column_inner][\/et_pb_row_inner][et_pb_row_inner admin_label=&#8221;Rivi&#8221; _builder_version=&#8221;4.27.4&#8243; global_colors_info=&#8221;{}&#8221;][et_pb_column_inner saved_specialty_column_type=&#8221;2_3&#8243; _builder_version=&#8221;4.16&#8243; custom_padding=&#8221;|||&#8221; global_colors_info=&#8221;{}&#8221; custom_padding__hover=&#8221;|||&#8221;][et_pb_text admin_label=&#8221;Klubin vuositeema &#8211; Otsikko&#8221; _builder_version=&#8221;4.27.4&#8243; text_orientation=&#8221;center&#8221; global_colors_info=&#8221;{}&#8221;]<\/p>\n<h4>Akaan Rotaryklubin vuositeema<\/h4>\n<p>[\/et_pb_text][et_pb_text _builder_version=&#8221;4.16&#8243; global_colors_info=&#8221;{}&#8221;]<\/p>\n<p class=\"p1\"><span class=\"s1\">Oma klubimme keskittyy j\u00e4senten aktivoimiseen ja klubin julkisuuskuvan kehitt\u00e4miseen. Tahdomme tehd\u00e4 Rotaryn saavutukset n\u00e4kyv\u00e4mm\u00e4ksi. Aktivoidumme yh\u00e4 voimakkaammin nuorten ja heid\u00e4n perheidens\u00e4 suuntaan tukeaksemme heid\u00e4n kasvuaan kohti toimintakykyist\u00e4, hyvinvoivaa aikuisuutta.<\/span><\/p>\n<p>[\/et_pb_text][\/et_pb_column_inner][\/et_pb_row_inner][\/et_pb_column][et_pb_column type=&#8221;1_3&#8243; _builder_version=&#8221;4.16&#8243; custom_padding=&#8221;|||&#8221; global_colors_info=&#8221;{}&#8221; custom_padding__hover=&#8221;|||&#8221;][et_pb_sidebar area=&#8221;sidebar-1&#8243; module_class=&#8221;sivupalkki_sisalto&#8221; _builder_version=&#8221;4.16&#8243; locked=&#8221;on&#8221; global_colors_info=&#8221;{}&#8221;][\/et_pb_sidebar][\/et_pb_column][\/et_pb_section]<\/p>\n","protected":false},"excerpt":{"rendered":"<p>Vuositeema &nbsp; Rotary Internationalinvuositeema \u00a0 \u00a0 \u00a0 \u00a0&#8211; UNITE FOR GOOD &#8211; TEHD\u00c4\u00c4N HYV\u00c4\u00c4 YHDESS\u00c4 Yh\u00e4 jakautuneemmaksi muuttuvassa maailmassa Rotary haluaa edustaa yhten\u00e4isyytt\u00e4. Vaikka viemme Rotarya eteenp\u00e4in, t\u00e4rkeimm\u00e4t arvomme ja teht\u00e4v\u00e4mme pysyv\u00e4t muuttumattomina ja auttavat meit\u00e4 keskittym\u00e4\u00e4n j\u00e4senyyksiin, rauhaan ja polioon. Aloitamme t\u00e4m\u00e4n vuoden selke\u00e4ll\u00e4 viestill\u00e4: tehd\u00e4\u00e4n hyv\u00e4\u00e4 yhdess\u00e4. Vaikka viesti on lyhyt, se on [&hellip;]<\/p>\n","protected":false},"author":1,"featured_media":0,"parent":129,"menu_order":0,"comment_status":"closed","ping_status":"closed","template":"","meta":{"_acf_changed":false,"_et_pb_use_builder":"on","_et_pb_old_content":"","_et_gb_content_width":"","footnotes":""},"class_list":["post-138","page","type-page","status-publish","hentry"],"acf":[],"yoast_head":"<!-- This site is optimized with the Yoast SEO plugin v27.4 - https:\/\/yoast.com\/product\/yoast-seo-wordpress\/ -->\n<title>Vuositeema - Akaan Rotaryklubi ry<\/title>\n<meta name=\"robots\" content=\"index, follow, max-snippet:-1, max-image-preview:large, max-video-preview:-1\" \/>\n<link rel=\"canonical\" href=\"https:\/\/rotary.fi\/akaa\/keita-olemme\/vuositeema\/\" \/>\n<meta property=\"og:locale\" content=\"fi_FI\" \/>\n<meta property=\"og:type\" content=\"article\" \/>\n<meta property=\"og:title\" content=\"Vuositeema - Akaan Rotaryklubi ry\" \/>\n<meta property=\"og:description\" content=\"Vuositeema &nbsp; Rotary Internationalinvuositeema \u00a0 \u00a0 \u00a0 \u00a0- UNITE FOR GOOD - TEHD\u00c4\u00c4N HYV\u00c4\u00c4 YHDESS\u00c4 Yh\u00e4 jakautuneemmaksi muuttuvassa maailmassa Rotary haluaa edustaa yhten\u00e4isyytt\u00e4. Vaikka viemme Rotarya eteenp\u00e4in, t\u00e4rkeimm\u00e4t arvomme ja teht\u00e4v\u00e4mme pysyv\u00e4t muuttumattomina ja auttavat meit\u00e4 keskittym\u00e4\u00e4n j\u00e4senyyksiin, rauhaan ja polioon. Aloitamme t\u00e4m\u00e4n vuoden selke\u00e4ll\u00e4 viestill\u00e4: tehd\u00e4\u00e4n hyv\u00e4\u00e4 yhdess\u00e4. Vaikka viesti on lyhyt, se on [&hellip;]\" \/>\n<meta property=\"og:url\" content=\"https:\/\/rotary.fi\/akaa\/keita-olemme\/vuositeema\/\" \/>\n<meta property=\"og:site_name\" content=\"Akaan Rotaryklubi ry\" \/>\n<meta property=\"article:modified_time\" content=\"2025-08-21T12:35:40+00:00\" \/>\n<meta name=\"twitter:card\" content=\"summary_large_image\" \/>\n<meta name=\"twitter:label1\" content=\"Arvioitu lukuaika\" \/>\n\t<meta name=\"twitter:data1\" content=\"2 minuuttia\" \/>\n<script type=\"application\/ld+json\" class=\"yoast-schema-graph\">{\"@context\":\"https:\\\/\\\/schema.org\",\"@graph\":[{\"@type\":\"WebPage\",\"@id\":\"https:\\\/\\\/rotary.fi\\\/akaa\\\/keita-olemme\\\/vuositeema\\\/\",\"url\":\"https:\\\/\\\/rotary.fi\\\/akaa\\\/keita-olemme\\\/vuositeema\\\/\",\"name\":\"Vuositeema - Akaan Rotaryklubi ry\",\"isPartOf\":{\"@id\":\"https:\\\/\\\/rotary.fi\\\/akaa\\\/#website\"},\"datePublished\":\"2018-08-10T11:01:44+00:00\",\"dateModified\":\"2025-08-21T12:35:40+00:00\",\"breadcrumb\":{\"@id\":\"https:\\\/\\\/rotary.fi\\\/akaa\\\/keita-olemme\\\/vuositeema\\\/#breadcrumb\"},\"inLanguage\":\"fi\",\"potentialAction\":[{\"@type\":\"ReadAction\",\"target\":[\"https:\\\/\\\/rotary.fi\\\/akaa\\\/keita-olemme\\\/vuositeema\\\/\"]}]},{\"@type\":\"BreadcrumbList\",\"@id\":\"https:\\\/\\\/rotary.fi\\\/akaa\\\/keita-olemme\\\/vuositeema\\\/#breadcrumb\",\"itemListElement\":[{\"@type\":\"ListItem\",\"position\":1,\"name\":\"Home\",\"item\":\"https:\\\/\\\/rotary.fi\\\/akaa\\\/\"},{\"@type\":\"ListItem\",\"position\":2,\"name\":\"Keit\u00e4 olemme\",\"item\":\"https:\\\/\\\/rotary.fi\\\/akaa\\\/keita-olemme\\\/\"},{\"@type\":\"ListItem\",\"position\":3,\"name\":\"Vuositeema\"}]},{\"@type\":\"WebSite\",\"@id\":\"https:\\\/\\\/rotary.fi\\\/akaa\\\/#website\",\"url\":\"https:\\\/\\\/rotary.fi\\\/akaa\\\/\",\"name\":\"Akaan Rotaryklubi ry\",\"description\":\"Uusi Rotary klubisivusto\",\"potentialAction\":[{\"@type\":\"SearchAction\",\"target\":{\"@type\":\"EntryPoint\",\"urlTemplate\":\"https:\\\/\\\/rotary.fi\\\/akaa\\\/?s={search_term_string}\"},\"query-input\":{\"@type\":\"PropertyValueSpecification\",\"valueRequired\":true,\"valueName\":\"search_term_string\"}}],\"inLanguage\":\"fi\"}]}<\/script>\n<!-- \/ Yoast SEO plugin. -->","yoast_head_json":{"title":"Vuositeema - Akaan Rotaryklubi ry","robots":{"index":"index","follow":"follow","max-snippet":"max-snippet:-1","max-image-preview":"max-image-preview:large","max-video-preview":"max-video-preview:-1"},"canonical":"https:\/\/rotary.fi\/akaa\/keita-olemme\/vuositeema\/","og_locale":"fi_FI","og_type":"article","og_title":"Vuositeema - Akaan Rotaryklubi ry","og_description":"Vuositeema &nbsp; Rotary Internationalinvuositeema \u00a0 \u00a0 \u00a0 \u00a0- UNITE FOR GOOD - TEHD\u00c4\u00c4N HYV\u00c4\u00c4 YHDESS\u00c4 Yh\u00e4 jakautuneemmaksi muuttuvassa maailmassa Rotary haluaa edustaa yhten\u00e4isyytt\u00e4. Vaikka viemme Rotarya eteenp\u00e4in, t\u00e4rkeimm\u00e4t arvomme ja teht\u00e4v\u00e4mme pysyv\u00e4t muuttumattomina ja auttavat meit\u00e4 keskittym\u00e4\u00e4n j\u00e4senyyksiin, rauhaan ja polioon. Aloitamme t\u00e4m\u00e4n vuoden selke\u00e4ll\u00e4 viestill\u00e4: tehd\u00e4\u00e4n hyv\u00e4\u00e4 yhdess\u00e4. Vaikka viesti on lyhyt, se on [&hellip;]","og_url":"https:\/\/rotary.fi\/akaa\/keita-olemme\/vuositeema\/","og_site_name":"Akaan Rotaryklubi ry","article_modified_time":"2025-08-21T12:35:40+00:00","twitter_card":"summary_large_image","twitter_misc":{"Arvioitu lukuaika":"2 minuuttia"},"schema":{"@context":"https:\/\/schema.org","@graph":[{"@type":"WebPage","@id":"https:\/\/rotary.fi\/akaa\/keita-olemme\/vuositeema\/","url":"https:\/\/rotary.fi\/akaa\/keita-olemme\/vuositeema\/","name":"Vuositeema - Akaan Rotaryklubi ry","isPartOf":{"@id":"https:\/\/rotary.fi\/akaa\/#website"},"datePublished":"2018-08-10T11:01:44+00:00","dateModified":"2025-08-21T12:35:40+00:00","breadcrumb":{"@id":"https:\/\/rotary.fi\/akaa\/keita-olemme\/vuositeema\/#breadcrumb"},"inLanguage":"fi","potentialAction":[{"@type":"ReadAction","target":["https:\/\/rotary.fi\/akaa\/keita-olemme\/vuositeema\/"]}]},{"@type":"BreadcrumbList","@id":"https:\/\/rotary.fi\/akaa\/keita-olemme\/vuositeema\/#breadcrumb","itemListElement":[{"@type":"ListItem","position":1,"name":"Home","item":"https:\/\/rotary.fi\/akaa\/"},{"@type":"ListItem","position":2,"name":"Keit\u00e4 olemme","item":"https:\/\/rotary.fi\/akaa\/keita-olemme\/"},{"@type":"ListItem","position":3,"name":"Vuositeema"}]},{"@type":"WebSite","@id":"https:\/\/rotary.fi\/akaa\/#website","url":"https:\/\/rotary.fi\/akaa\/","name":"Akaan Rotaryklubi ry","description":"Uusi Rotary klubisivusto","potentialAction":[{"@type":"SearchAction","target":{"@type":"EntryPoint","urlTemplate":"https:\/\/rotary.fi\/akaa\/?s={search_term_string}"},"query-input":{"@type":"PropertyValueSpecification","valueRequired":true,"valueName":"search_term_string"}}],"inLanguage":"fi"}]}},"lang":"fi","translations":{"fi":138,"en":1430},"pll_sync_post":[],"_links":{"self":[{"href":"https:\/\/rotary.fi\/akaa\/wp-json\/wp\/v2\/pages\/138","targetHints":{"allow":["GET"]}}],"collection":[{"href":"https:\/\/rotary.fi\/akaa\/wp-json\/wp\/v2\/pages"}],"about":[{"href":"https:\/\/rotary.fi\/akaa\/wp-json\/wp\/v2\/types\/page"}],"author":[{"embeddable":true,"href":"https:\/\/rotary.fi\/akaa\/wp-json\/wp\/v2\/users\/1"}],"replies":[{"embeddable":true,"href":"https:\/\/rotary.fi\/akaa\/wp-json\/wp\/v2\/comments?post=138"}],"version-history":[{"count":10,"href":"https:\/\/rotary.fi\/akaa\/wp-json\/wp\/v2\/pages\/138\/revisions"}],"predecessor-version":[{"id":3068,"href":"https:\/\/rotary.fi\/akaa\/wp-json\/wp\/v2\/pages\/138\/revisions\/3068"}],"up":[{"embeddable":true,"href":"https:\/\/rotary.fi\/akaa\/wp-json\/wp\/v2\/pages\/129"}],"wp:attachment":[{"href":"https:\/\/rotary.fi\/akaa\/wp-json\/wp\/v2\/media?parent=138"}],"curies":[{"name":"wp","href":"https:\/\/api.w.org\/{rel}","templated":true}]}}