{"id":138,"date":"2018-08-10T14:01:44","date_gmt":"2018-08-10T11:01:44","guid":{"rendered":"https:\/\/rotary.fi\/klubi2\/?page_id=138"},"modified":"2025-06-29T22:07:20","modified_gmt":"2025-06-29T19:07:20","slug":"vuositeema","status":"publish","type":"page","link":"https:\/\/rotary.fi\/aetsa\/vuositeema\/","title":{"rendered":"Vuositeema"},"content":{"rendered":"<p>[et_pb_section fb_built=&#8221;1&#8243; module_class=&#8221;jumbotron-page&#8221; _builder_version=&#8221;4.16&#8243; background_image=&#8221;https:\/\/rotary.fi\/aetsa\/wp-content\/uploads\/sites\/71\/2018\/08\/rotary_klubit_alasivu_paakuva_7.jpg&#8221; global_colors_info=&#8221;{}&#8221;][et_pb_row _builder_version=&#8221;4.16&#8243; background_size=&#8221;initial&#8221; background_position=&#8221;top_left&#8221; background_repeat=&#8221;repeat&#8221; global_colors_info=&#8221;{}&#8221;][et_pb_column type=&#8221;4_4&#8243; _builder_version=&#8221;4.16&#8243; custom_padding=&#8221;|||&#8221; global_colors_info=&#8221;{}&#8221; custom_padding__hover=&#8221;|||&#8221;][et_pb_text admin_label=&#8221;P\u00e4\u00e4otsikko&#8221; _builder_version=&#8221;4.16&#8243; text_orientation=&#8221;center&#8221; background_layout=&#8221;dark&#8221; global_colors_info=&#8221;{}&#8221;]<\/p>\n<h1>Vuositeema<\/h1>\n<p>&nbsp;<\/p>\n<p>[\/et_pb_text][\/et_pb_column][\/et_pb_row][\/et_pb_section][et_pb_section fb_built=&#8221;1&#8243; specialty=&#8221;on&#8221; module_class_2=&#8221;sivupalkki&#8221; _builder_version=&#8221;4.16&#8243; global_colors_info=&#8221;{}&#8221;][et_pb_column type=&#8221;2_3&#8243; specialty_columns=&#8221;2&#8243; _builder_version=&#8221;4.16&#8243; custom_padding=&#8221;|||&#8221; global_colors_info=&#8221;{}&#8221; custom_padding__hover=&#8221;|||&#8221;][et_pb_row_inner admin_label=&#8221;Rivi&#8221; _builder_version=&#8221;4.16&#8243; custom_margin=&#8221;|||6px||&#8221; global_colors_info=&#8221;{}&#8221;][et_pb_column_inner saved_specialty_column_type=&#8221;2_3&#8243; _builder_version=&#8221;4.16&#8243; custom_padding=&#8221;|||&#8221; global_colors_info=&#8221;{}&#8221; custom_padding__hover=&#8221;|||&#8221;][et_pb_text admin_label=&#8221;Rotary Internationalin vuositeema &#8211; Otsikko&#8221; _builder_version=&#8221;4.16&#8243; text_orientation=&#8221;center&#8221; global_colors_info=&#8221;{}&#8221;]<\/p>\n<h1><\/h1>\n<p>[\/et_pb_text][et_pb_gallery gallery_ids=&#8221;2258&#8243; _builder_version=&#8221;4.27.4&#8243; _module_preset=&#8221;default&#8221; custom_margin=&#8221;|||217px||&#8221; global_colors_info=&#8221;{}&#8221;][\/et_pb_gallery][et_pb_text admin_label=&#8221;Rotary Internationalin vuositeema &#8211; Otsikko&#8221; _builder_version=&#8221;4.16&#8243; text_orientation=&#8221;center&#8221; global_colors_info=&#8221;{}&#8221;]<\/p>\n<h1><span style=\"font-size: x-large\">Rotary Internationalin vuositeema 2025-2026<\/span><\/h1>\n<p>[\/et_pb_text][et_pb_text _builder_version=&#8221;4.16&#8243; custom_padding=&#8221;2px|||||&#8221; global_colors_info=&#8221;{}&#8221;]<\/p>\n<p>Rotary Internationalin toimintavuoden 2025-2026 presidentti, italialainen<strong> Francesco Arezzo <\/strong>on nimennyt vuositeemakseen &#8221;Unite for Good&#8221; eli &#8221;Yhdess\u00e4 toimien hyv\u00e4n puolesta&#8221;.<\/p>\n<p>&nbsp;<\/p>\n<p>&nbsp;<\/p>\n<p>[\/et_pb_text][\/et_pb_column_inner][\/et_pb_row_inner][et_pb_row_inner admin_label=&#8221;Rivi&#8221; _builder_version=&#8221;4.16&#8243; global_colors_info=&#8221;{}&#8221;][et_pb_column_inner saved_specialty_column_type=&#8221;2_3&#8243; _builder_version=&#8221;4.16&#8243; custom_padding=&#8221;|||&#8221; global_colors_info=&#8221;{}&#8221; custom_padding__hover=&#8221;|||&#8221;][et_pb_text admin_label=&#8221;Klubin vuositeema &#8211; Otsikko&#8221; _builder_version=&#8221;4.16&#8243; text_orientation=&#8221;center&#8221; global_colors_info=&#8221;{}&#8221;]<\/p>\n<h4>\u00c4ets\u00e4n\u00a0 Rotaryklubin vuositeema\u00a0<\/h4>\n<p>[\/et_pb_text][et_pb_text _builder_version=&#8221;4.16&#8243; global_colors_info=&#8221;{}&#8221;]<\/p>\n<p class=\"p1\"><span class=\"s1\">Oma klubimme keskittyy j\u00e4senten aktivoimiseen ja klubin julkisuuskuvan kehitt\u00e4miseen. Tahdomme tehd\u00e4 Rotaryn saavutukset n\u00e4kyv\u00e4mm\u00e4ksi. Aktivoidumme yh\u00e4 voimakkaammin nuorten ja heid\u00e4n perheidens\u00e4 suuntaan tukeaksemme heid\u00e4n kasvuaan kohti toimintakykyist\u00e4, hyvinvoivaa aikuisuutta.<\/span><\/p>\n<p>[\/et_pb_text][\/et_pb_column_inner][\/et_pb_row_inner][\/et_pb_column][et_pb_column type=&#8221;1_3&#8243; _builder_version=&#8221;4.16&#8243; custom_padding=&#8221;|||&#8221; global_colors_info=&#8221;{}&#8221; custom_padding__hover=&#8221;|||&#8221;][et_pb_sidebar area=&#8221;sidebar-1&#8243; module_class=&#8221;sivupalkki_sisalto&#8221; _builder_version=&#8221;4.16&#8243; locked=&#8221;on&#8221; global_colors_info=&#8221;{}&#8221;][\/et_pb_sidebar][\/et_pb_column][\/et_pb_section][et_pb_section fb_built=&#8221;1&#8243; _builder_version=&#8221;4.16&#8243; _module_preset=&#8221;default&#8221; custom_padding=&#8221;|389px||||&#8221; global_colors_info=&#8221;{}&#8221;][\/et_pb_section][et_pb_section fb_built=&#8221;1&#8243; _builder_version=&#8221;4.16&#8243; _module_preset=&#8221;default&#8221; global_colors_info=&#8221;{}&#8221;][\/et_pb_section]<\/p>\n","protected":false},"excerpt":{"rendered":"<p>Vuositeema &nbsp; Rotary Internationalin vuositeema 2025-2026Rotary Internationalin toimintavuoden 2025-2026 presidentti, italialainen Francesco Arezzo on nimennyt vuositeemakseen &#8221;Unite for Good&#8221; eli &#8221;Yhdess\u00e4 toimien hyv\u00e4n puolesta&#8221;. &nbsp; &nbsp;\u00c4ets\u00e4n\u00a0 Rotaryklubin vuositeema\u00a0 Oma klubimme keskittyy j\u00e4senten aktivoimiseen ja klubin julkisuuskuvan kehitt\u00e4miseen. Tahdomme tehd\u00e4 Rotaryn saavutukset n\u00e4kyv\u00e4mm\u00e4ksi. Aktivoidumme yh\u00e4 voimakkaammin nuorten ja heid\u00e4n perheidens\u00e4 suuntaan tukeaksemme heid\u00e4n kasvuaan kohti toimintakykyist\u00e4, [&hellip;]<\/p>\n","protected":false},"author":1,"featured_media":0,"parent":0,"menu_order":0,"comment_status":"closed","ping_status":"closed","template":"","meta":{"_acf_changed":false,"_et_pb_use_builder":"on","_et_pb_old_content":"","_et_gb_content_width":"","footnotes":""},"class_list":["post-138","page","type-page","status-publish","hentry"],"acf":[],"yoast_head":"<!-- This site is optimized with the Yoast SEO plugin v27.0 - https:\/\/yoast.com\/product\/yoast-seo-wordpress\/ -->\n<title>Vuositeema - \u00c4ets\u00e4n Rotaryklubi<\/title>\n<meta name=\"robots\" content=\"index, follow, max-snippet:-1, max-image-preview:large, max-video-preview:-1\" \/>\n<link rel=\"canonical\" href=\"https:\/\/rotary.fi\/aetsa\/vuositeema\/\" \/>\n<meta property=\"og:locale\" content=\"fi_FI\" \/>\n<meta property=\"og:type\" content=\"article\" \/>\n<meta property=\"og:title\" content=\"Vuositeema - \u00c4ets\u00e4n Rotaryklubi\" \/>\n<meta property=\"og:description\" content=\"Vuositeema &nbsp; Rotary Internationalin vuositeema 2025-2026Rotary Internationalin toimintavuoden 2025-2026 presidentti, italialainen Francesco Arezzo on nimennyt vuositeemakseen &quot;Unite for Good&quot; eli &quot;Yhdess\u00e4 toimien hyv\u00e4n puolesta&quot;. &nbsp; &nbsp;\u00c4ets\u00e4n\u00a0 Rotaryklubin vuositeema\u00a0 Oma klubimme keskittyy j\u00e4senten aktivoimiseen ja klubin julkisuuskuvan kehitt\u00e4miseen. Tahdomme tehd\u00e4 Rotaryn saavutukset n\u00e4kyv\u00e4mm\u00e4ksi. Aktivoidumme yh\u00e4 voimakkaammin nuorten ja heid\u00e4n perheidens\u00e4 suuntaan tukeaksemme heid\u00e4n kasvuaan kohti toimintakykyist\u00e4, [&hellip;]\" \/>\n<meta property=\"og:url\" content=\"https:\/\/rotary.fi\/aetsa\/vuositeema\/\" \/>\n<meta property=\"og:site_name\" content=\"\u00c4ets\u00e4n Rotaryklubi\" \/>\n<meta property=\"article:modified_time\" content=\"2025-06-29T19:07:20+00:00\" \/>\n<meta name=\"twitter:card\" content=\"summary_large_image\" \/>\n<meta name=\"twitter:label1\" content=\"Arvioitu lukuaika\" \/>\n\t<meta name=\"twitter:data1\" content=\"2 minuuttia\" \/>\n<script type=\"application\/ld+json\" class=\"yoast-schema-graph\">{\"@context\":\"https:\/\/schema.org\",\"@graph\":[{\"@type\":\"WebPage\",\"@id\":\"https:\/\/rotary.fi\/aetsa\/vuositeema\/\",\"url\":\"https:\/\/rotary.fi\/aetsa\/vuositeema\/\",\"name\":\"Vuositeema - \u00c4ets\u00e4n Rotaryklubi\",\"isPartOf\":{\"@id\":\"https:\/\/rotary.fi\/aetsa\/#website\"},\"datePublished\":\"2018-08-10T11:01:44+00:00\",\"dateModified\":\"2025-06-29T19:07:20+00:00\",\"breadcrumb\":{\"@id\":\"https:\/\/rotary.fi\/aetsa\/vuositeema\/#breadcrumb\"},\"inLanguage\":\"fi\",\"potentialAction\":[{\"@type\":\"ReadAction\",\"target\":[\"https:\/\/rotary.fi\/aetsa\/vuositeema\/\"]}]},{\"@type\":\"BreadcrumbList\",\"@id\":\"https:\/\/rotary.fi\/aetsa\/vuositeema\/#breadcrumb\",\"itemListElement\":[{\"@type\":\"ListItem\",\"position\":1,\"name\":\"Home\",\"item\":\"https:\/\/rotary.fi\/aetsa\/\"},{\"@type\":\"ListItem\",\"position\":2,\"name\":\"Vuositeema\"}]},{\"@type\":\"WebSite\",\"@id\":\"https:\/\/rotary.fi\/aetsa\/#website\",\"url\":\"https:\/\/rotary.fi\/aetsa\/\",\"name\":\"\u00c4ets\u00e4n Rotaryklubi\",\"description\":\"Uusi Rotary klubisivusto\",\"potentialAction\":[{\"@type\":\"SearchAction\",\"target\":{\"@type\":\"EntryPoint\",\"urlTemplate\":\"https:\/\/rotary.fi\/aetsa\/?s={search_term_string}\"},\"query-input\":{\"@type\":\"PropertyValueSpecification\",\"valueRequired\":true,\"valueName\":\"search_term_string\"}}],\"inLanguage\":\"fi\"}]}<\/script>\n<!-- \/ Yoast SEO plugin. -->","yoast_head_json":{"title":"Vuositeema - \u00c4ets\u00e4n Rotaryklubi","robots":{"index":"index","follow":"follow","max-snippet":"max-snippet:-1","max-image-preview":"max-image-preview:large","max-video-preview":"max-video-preview:-1"},"canonical":"https:\/\/rotary.fi\/aetsa\/vuositeema\/","og_locale":"fi_FI","og_type":"article","og_title":"Vuositeema - \u00c4ets\u00e4n Rotaryklubi","og_description":"Vuositeema &nbsp; Rotary Internationalin vuositeema 2025-2026Rotary Internationalin toimintavuoden 2025-2026 presidentti, italialainen Francesco Arezzo on nimennyt vuositeemakseen \"Unite for Good\" eli \"Yhdess\u00e4 toimien hyv\u00e4n puolesta\". &nbsp; &nbsp;\u00c4ets\u00e4n\u00a0 Rotaryklubin vuositeema\u00a0 Oma klubimme keskittyy j\u00e4senten aktivoimiseen ja klubin julkisuuskuvan kehitt\u00e4miseen. Tahdomme tehd\u00e4 Rotaryn saavutukset n\u00e4kyv\u00e4mm\u00e4ksi. Aktivoidumme yh\u00e4 voimakkaammin nuorten ja heid\u00e4n perheidens\u00e4 suuntaan tukeaksemme heid\u00e4n kasvuaan kohti toimintakykyist\u00e4, [&hellip;]","og_url":"https:\/\/rotary.fi\/aetsa\/vuositeema\/","og_site_name":"\u00c4ets\u00e4n Rotaryklubi","article_modified_time":"2025-06-29T19:07:20+00:00","twitter_card":"summary_large_image","twitter_misc":{"Arvioitu lukuaika":"2 minuuttia"},"schema":{"@context":"https:\/\/schema.org","@graph":[{"@type":"WebPage","@id":"https:\/\/rotary.fi\/aetsa\/vuositeema\/","url":"https:\/\/rotary.fi\/aetsa\/vuositeema\/","name":"Vuositeema - \u00c4ets\u00e4n Rotaryklubi","isPartOf":{"@id":"https:\/\/rotary.fi\/aetsa\/#website"},"datePublished":"2018-08-10T11:01:44+00:00","dateModified":"2025-06-29T19:07:20+00:00","breadcrumb":{"@id":"https:\/\/rotary.fi\/aetsa\/vuositeema\/#breadcrumb"},"inLanguage":"fi","potentialAction":[{"@type":"ReadAction","target":["https:\/\/rotary.fi\/aetsa\/vuositeema\/"]}]},{"@type":"BreadcrumbList","@id":"https:\/\/rotary.fi\/aetsa\/vuositeema\/#breadcrumb","itemListElement":[{"@type":"ListItem","position":1,"name":"Home","item":"https:\/\/rotary.fi\/aetsa\/"},{"@type":"ListItem","position":2,"name":"Vuositeema"}]},{"@type":"WebSite","@id":"https:\/\/rotary.fi\/aetsa\/#website","url":"https:\/\/rotary.fi\/aetsa\/","name":"\u00c4ets\u00e4n Rotaryklubi","description":"Uusi Rotary klubisivusto","potentialAction":[{"@type":"SearchAction","target":{"@type":"EntryPoint","urlTemplate":"https:\/\/rotary.fi\/aetsa\/?s={search_term_string}"},"query-input":{"@type":"PropertyValueSpecification","valueRequired":true,"valueName":"search_term_string"}}],"inLanguage":"fi"}]}},"lang":"fi","translations":{"fi":138},"pll_sync_post":[],"_links":{"self":[{"href":"https:\/\/rotary.fi\/aetsa\/wp-json\/wp\/v2\/pages\/138","targetHints":{"allow":["GET"]}}],"collection":[{"href":"https:\/\/rotary.fi\/aetsa\/wp-json\/wp\/v2\/pages"}],"about":[{"href":"https:\/\/rotary.fi\/aetsa\/wp-json\/wp\/v2\/types\/page"}],"author":[{"embeddable":true,"href":"https:\/\/rotary.fi\/aetsa\/wp-json\/wp\/v2\/users\/1"}],"replies":[{"embeddable":true,"href":"https:\/\/rotary.fi\/aetsa\/wp-json\/wp\/v2\/comments?post=138"}],"version-history":[{"count":11,"href":"https:\/\/rotary.fi\/aetsa\/wp-json\/wp\/v2\/pages\/138\/revisions"}],"predecessor-version":[{"id":2270,"href":"https:\/\/rotary.fi\/aetsa\/wp-json\/wp\/v2\/pages\/138\/revisions\/2270"}],"wp:attachment":[{"href":"https:\/\/rotary.fi\/aetsa\/wp-json\/wp\/v2\/media?parent=138"}],"curies":[{"name":"wp","href":"https:\/\/api.w.org\/{rel}","templated":true}]}}